{"id":1503,"date":"2020-12-04T12:45:40","date_gmt":"2020-12-04T12:45:40","guid":{"rendered":"https:\/\/alimak.wpengine.com\/?page_id=1503"},"modified":"2021-12-24T03:46:56","modified_gmt":"2021-12-24T03:46:56","slug":"products-overview","status":"publish","type":"page","link":"https:\/\/alimak.com\/be\/products-overview\/","title":{"rendered":"Aper\u00e7u des Produits"},"content":{"rendered":"\n<article class=\"m11 break-out\" id=\"block_5fca2c74fbbae\" data-animate-container>\n\n  <nav id=\"breadcrumbs\"><div class=\"container\" data-animate><span><span><a href=\"https:\/\/alimak.com\/be\/\">Page d&rsquo;accueil<\/a><\/span><\/span><\/div><\/nav>\n  <div class=\"m11__wrapper\">\n    <div class=\"container m11__container\">\n\n      <div class=\"m11__content\">\n\n                  <h1 class=\"m11__heading uppercase\" data-animate>Produits<\/h1>\n        \n                  <div class=\"m11__text\" data-animate>\n            <p>La gamme de solutions innovantes d&rsquo;acc\u00e8s vertical Alimak est con\u00e7ue pour am\u00e9liorer l&rsquo;efficacit\u00e9 sur les chantiers de construction et les sites industriels. Bas\u00e9e sur les technologies pionni\u00e8res d&rsquo;Alimak en mati\u00e8re de cr\u00e9maill\u00e8re et de traction, la gamme de produits d&rsquo;acc\u00e8s vertical offre un acc\u00e8s pratique et fiable \u00e0 grand nombre d&rsquo;industries afin de garantir un flux continu d&rsquo;op\u00e9rations pour une productivit\u00e9 accrue.<\/p>\n<p>La gamme de produits de construction et de produits industriels d&rsquo;Alimak comprend les ascenseurs de chantier, les ascenseurs industriels, les plates-formes de transport, les monte-mat\u00e9riaux et les plates-formes de travail se d\u00e9pla\u00e7ant le long de m\u00e2t(s), qui peuvent \u00eatre achet\u00e9s neufs ou d&rsquo;occasion. Des options de location et un certain nombre de services associ\u00e9s sont \u00e9galement disponibles dans certaines r\u00e9gions.<\/p>\n          <\/div>\n        \n                  <a\n          href=\"https:\/\/alimak.com\/be\/contact-us\/\"\n          class=\"m11__button button\"\n          data-animate\n          target=\"_self\">\n            Demander un devis          <\/a>\n        \n      <\/div>\n\n              <div class=\"m11__media\">\n          <img src=https:\/\/alimak.com\/be\/wp-content\/uploads\/sites\/18\/2020\/11\/Homepage_1@1x.svg srcset=\"https:\/\/alimak.com\/be\/wp-content\/uploads\/sites\/18\/2020\/11\/Homepage_1@1x.svg 1x, https:\/\/alimak.com\/be\/wp-content\/uploads\/sites\/18\/2020\/11\/Homepage_1@1x.svg 2x\" class=\"m11__image initial\" alt=\"\" width=\"1440\" height=\"640\">        <\/div>\n      \n    <\/div>\n  <\/div>\n<\/article>\n\n\n\n\n<article class=\"m19 break-out\" id=\"block_5fca2cd6fbbaf\" data-animate-container>\n  <div class=\"container m19__container\">\n\n          <div class=\"m19__items\">\n        \n            <article class=\"m19__item\" data-animate data-delay=\"0\">\n              <a href=\"https:\/\/alimak.com\/be\/new-equipment\/\" class=\"m19__link\">\n\n                                  <div class=\"m19__media\">\n                    <img src=https:\/\/alimak.com\/be\/wp-content\/uploads\/sites\/18\/2020\/11\/New-equipment-hero-image-408x228.jpg srcset=\"https:\/\/alimak.com\/be\/wp-content\/uploads\/sites\/18\/2020\/11\/New-equipment-hero-image-408x228.jpg 1x, https:\/\/alimak.com\/be\/wp-content\/uploads\/sites\/18\/2020\/11\/New-equipment-hero-image-666x456.jpg 2x\" class=\"m19__image\" alt=\"\" width=\"408\" height=\"228\">                  <\/div>\n                \n                <div class=\"m19__content\">\n                                      <h3 class=\"m19__title uppercase h4\">\u00c9quipement neuf<\/h3>\n                                                        <p>Alimak dispose d&#039;une gamme compl\u00e8te d&#039;\u00e9quipements neufs destin\u00e9s \u00e0 la construction et aux applications industrielles telles que les projets de constructions neuves, la d\u00e9molition, les inspections, la maintenance et les travaux de fa\u00e7ade. La gamme de nouveaux produits est propos\u00e9e avec une garantie de 12 mois et une garantie prolong\u00e9e \u00e0 un prix attractif. Alimak propose \u00e9galement des solutions de financement.<\/p>\n                  \n                  <span class=\"read-more\" aria-hidden=\"true\">\n                    <span>En savoir plus<\/span>\n                    <svg class=\"svg-icon svg-icon--icon-arrow-right\" aria-hidden=\"true\" role=\"img\"> <use href=\"#icon-arrow-right\" xlink:href=\"#icon-arrow-right\"><\/use> <\/svg>                  <\/span>\n                <\/div>\n\n              <\/a>\n            <\/article>\n\n          \n        \n            <article class=\"m19__item\" data-animate data-delay=\"150\">\n              <a href=\"https:\/\/alimak.com\/be\/used-equipment\/\" class=\"m19__link\">\n\n                                  <div class=\"m19__media\">\n                    <img src=https:\/\/alimak.com\/be\/wp-content\/uploads\/sites\/18\/2020\/11\/Used-Equipment-Hero-image-408x228.jpg srcset=\"https:\/\/alimak.com\/be\/wp-content\/uploads\/sites\/18\/2020\/11\/Used-Equipment-Hero-image-408x228.jpg 1x, https:\/\/alimak.com\/be\/wp-content\/uploads\/sites\/18\/2020\/11\/Used-Equipment-Hero-image-666x456.jpg 2x\" class=\"m19__image\" alt=\"\" width=\"408\" height=\"228\">                  <\/div>\n                \n                <div class=\"m19__content\">\n                                      <h3 class=\"m19__title uppercase h4\">\u00c9quipement d&#039;occasion<\/h3>\n                                                        <p>Le mat\u00e9riel d&#039;occasion d&#039;Alimak comprennent des mod\u00e8les de produits de tous \u00e2ges, capacit\u00e9s et sp\u00e9cifications. Tout le mat\u00e9riel est r\u00e9guli\u00e8rement entretenu et maintenu pour une performance optimale et une plus grande long\u00e9vit\u00e9.<\/p>\n                  \n                  <span class=\"read-more\" aria-hidden=\"true\">\n                    <span>En savoir plus<\/span>\n                    <svg class=\"svg-icon svg-icon--icon-arrow-right\" aria-hidden=\"true\" role=\"img\"> <use href=\"#icon-arrow-right\" xlink:href=\"#icon-arrow-right\"><\/use> <\/svg>                  <\/span>\n                <\/div>\n\n              <\/a>\n            <\/article>\n\n          \n        \n            <article class=\"m19__item\" data-animate data-delay=\"300\">\n              <a href=\"https:\/\/alimak.com\/be\/alimak-rental-benelux\/\" class=\"m19__link\">\n\n                                  <div class=\"m19__media\">\n                    <img src=https:\/\/alimak.com\/be\/wp-content\/uploads\/sites\/18\/2020\/11\/Rental-Overview-Hero-image-408x228.jpg srcset=\"https:\/\/alimak.com\/be\/wp-content\/uploads\/sites\/18\/2020\/11\/Rental-Overview-Hero-image-408x228.jpg 1x, https:\/\/alimak.com\/be\/wp-content\/uploads\/sites\/18\/2020\/11\/Rental-Overview-Hero-image-666x456.jpg 2x\" class=\"m19__image\" alt=\"\" width=\"408\" height=\"228\">                  <\/div>\n                \n                <div class=\"m19__content\">\n                                      <h3 class=\"m19__title uppercase h4\">\u00c9quipement de location<\/h3>\n                                                        <p>Des options de location sont disponibles pour les produits Alimak en France, en Allemagne, en Suisse, au Benelux et en Australie. L&#039;offre de location comprend une gamme compl\u00e8te de services de gestion de projet, de formation et de supervision.<\/p>\n                  \n                  <span class=\"read-more\" aria-hidden=\"true\">\n                    <span>En savoir plus<\/span>\n                    <svg class=\"svg-icon svg-icon--icon-arrow-right\" aria-hidden=\"true\" role=\"img\"> <use href=\"#icon-arrow-right\" xlink:href=\"#icon-arrow-right\"><\/use> <\/svg>                  <\/span>\n                <\/div>\n\n              <\/a>\n            <\/article>\n\n          \n        \n            <article class=\"m19__item\" data-animate data-delay=\"450\">\n              <a href=\"https:\/\/alimak.com\/be\/accessories-overview\/\" class=\"m19__link\">\n\n                                  <div class=\"m19__media\">\n                    <img src=https:\/\/alimak.com\/be\/wp-content\/uploads\/sites\/18\/2020\/11\/Accessories-overview-hero-image-408x228.jpg srcset=\"https:\/\/alimak.com\/be\/wp-content\/uploads\/sites\/18\/2020\/11\/Accessories-overview-hero-image-408x228.jpg 1x, https:\/\/alimak.com\/be\/wp-content\/uploads\/sites\/18\/2020\/11\/Accessories-overview-hero-image-666x456.jpg 2x\" class=\"m19__image\" alt=\"\" width=\"408\" height=\"228\">                  <\/div>\n                \n                <div class=\"m19__content\">\n                                      <h3 class=\"m19__title uppercase h4\">Accessoires<\/h3>\n                                                        <p>Les accessoires compatibles comprennent une gamme de m\u00e2ts, de traverses et de portes pali\u00e8res qui peuvent \u00eatre configur\u00e9s pour r\u00e9pondre aux exigences d&#039;acc\u00e8s vertical d&#039;un projet.<\/p>\n                  \n                  <span class=\"read-more\" aria-hidden=\"true\">\n                    <span>En savoir plus<\/span>\n                    <svg class=\"svg-icon svg-icon--icon-arrow-right\" aria-hidden=\"true\" role=\"img\"> <use href=\"#icon-arrow-right\" xlink:href=\"#icon-arrow-right\"><\/use> <\/svg>                  <\/span>\n                <\/div>\n\n              <\/a>\n            <\/article>\n\n          \n              <\/div>\n    \n  <\/div>\n<\/article>\n\n\n<div class=\"wp-block-group has-white-color has-dark-grey-background-color has-text-color has-background\"><div class=\"wp-block-group__inner-container is-layout-flow wp-block-group-is-layout-flow\">\n<article class=\"m05 break-out desktop-only\" id=\"block_5fa1681588c8f\" data-animate-container>\n  <div class=\"container m05__container\">\n          <h2 class=\"m05__heading h3 uppercase\" data-animate>Pourquoi opter pour une solution d&#039;acc\u00e8s vertical Alimak<\/h2>\n    \n          <div class=\"m05__benefits\">\n                  <article class=\"m05__benefit\" data-animate data-delay=\"0\">\n\n                          <p class=\"m05__text h4 uppercase\">PIONNIER DANS LA TECHNOLOGIE DE CR\u00c9MAILL\u00c8RE<\/p>\n            \n                          <div class=\"m05__icon\" aria-hidden=\"true\">\n                <img src=https:\/\/alimak.com\/be\/wp-content\/uploads\/sites\/18\/2020\/11\/icon_Benefits-1.png  class=\"\" alt=\"\" width=\"51\" height=\"61\">              <\/div>\n            \n          <\/article>\n                  <article class=\"m05__benefit\" data-animate data-delay=\"150\">\n\n                          <p class=\"m05__text h4 uppercase\">UNE CONCEPTION ET UNE ING\u00c9NIERIE ROBUSTES<\/p>\n            \n                          <div class=\"m05__icon\" aria-hidden=\"true\">\n                <img src=https:\/\/alimak.com\/be\/wp-content\/uploads\/sites\/18\/2020\/11\/icon_Benefits-1.png  class=\"\" alt=\"\" width=\"51\" height=\"61\">              <\/div>\n            \n          <\/article>\n                  <article class=\"m05__benefit\" data-animate data-delay=\"300\">\n\n                          <p class=\"m05__text h4 uppercase\">STIMULE L&#039;EFFICACIT\u00c9 ET LA PRODUCTIVIT\u00c9<\/p>\n            \n                          <div class=\"m05__icon\" aria-hidden=\"true\">\n                <img src=https:\/\/alimak.com\/be\/wp-content\/uploads\/sites\/18\/2020\/11\/icon_Benefits-1.png  class=\"\" alt=\"\" width=\"51\" height=\"61\">              <\/div>\n            \n          <\/article>\n                  <article class=\"m05__benefit\" data-animate data-delay=\"450\">\n\n                          <p class=\"m05__text h4 uppercase\">DES DISPOSITIFS DE S\u00c9CURIT\u00c9 RENFORC\u00c9S<\/p>\n            \n                          <div class=\"m05__icon\" aria-hidden=\"true\">\n                <img src=https:\/\/alimak.com\/be\/wp-content\/uploads\/sites\/18\/2020\/11\/icon_Benefits-1.png  class=\"\" alt=\"\" width=\"51\" height=\"61\">              <\/div>\n            \n          <\/article>\n              <\/div>\n      <\/div>\n<\/article>\n<\/div><\/div>\n\n\n\n<article class=\"m13 break-out\" id=\"block_5fb7d7354bc8b\" data-animate-container>\n  <div class=\"container m13__container\">\n\n          <h2 class=\"m13__heading uppercase h3\" data-animate>Assistance et entretien<\/h2>\n        \n          <div class=\"m13__services\">\n                  <article class=\"m13__service\" data-animate data-delay=\"0\">\n\n                          <h3 class=\"m13__title uppercase h4\">MAINTENANCE<\/h3>\n            \n            <p>Une gamme compl\u00e8te de services de maintenance est disponible. Ces services sont effectu\u00e9s par des techniciens Alimak Service form\u00e9s pour assurer la performance optimale continue des \u00e9quipements.<\/p>\n\n                          <a\n              href=\"https:\/\/alimak.com\/be\/service-support-overview\/maintenance\/\"\n              class=\"m13__button read-more\"\n              target=\"_self\">\n                <span>En savoir plus<\/span>\n                <svg class=\"svg-icon svg-icon--icon-arrow-right\" aria-hidden=\"true\" role=\"img\"> <use href=\"#icon-arrow-right\" xlink:href=\"#icon-arrow-right\"><\/use> <\/svg>              <\/a>\n            \n                          <div class=\"m13__icon\" aria-hidden=\"true\">\n                <img src=https:\/\/alimak.com\/be\/wp-content\/uploads\/sites\/18\/2020\/11\/icons_Service-Support-1.png  class=\"\" alt=\"\" width=\"61\" height=\"60\">              <\/div>\n            \n          <\/article>\n                  <article class=\"m13__service\" data-animate data-delay=\"150\">\n\n                          <h3 class=\"m13__title uppercase h4\">CONNECTIVIT\u00c9 ET GESTION D&#039;ACTIFS<\/h3>\n            \n            <p>Les solutions de connectivit\u00e9 et de gestion des actifs rendent compte de l&rsquo;efficacit\u00e9 des ascenseurs industriels et apportent un soutien n\u00e9cessaire pour prolonger le cycle de vie des produits.<\/p>\n\n                          <a\n              href=\"https:\/\/alimak.com\/be\/service-support-overview\/connectivity-and-asset-management\/\"\n              class=\"m13__button read-more\"\n              target=\"_self\">\n                <span>En savoir plus<\/span>\n                <svg class=\"svg-icon svg-icon--icon-arrow-right\" aria-hidden=\"true\" role=\"img\"> <use href=\"#icon-arrow-right\" xlink:href=\"#icon-arrow-right\"><\/use> <\/svg>              <\/a>\n            \n                          <div class=\"m13__icon\" aria-hidden=\"true\">\n                <img src=https:\/\/alimak.com\/be\/wp-content\/uploads\/sites\/18\/2020\/11\/icons_Service-Support-2.png  class=\"\" alt=\"\" width=\"37\" height=\"60\">              <\/div>\n            \n          <\/article>\n                  <article class=\"m13__service\" data-animate data-delay=\"300\">\n\n                          <h3 class=\"m13__title uppercase h4\">ING\u00c9NIERIE D&#039;APPLICATION<\/h3>\n            \n            <p><span class=\"TextRun Highlight SCXW22701161 BCX0\" lang=\"EN-AU\" xml:lang=\"EN-AU\" data-contrast=\"none\"><span class=\"NormalTextRun SCXW22701161 BCX0\">Les ing\u00e9nieurs d&rsquo;Alimak d\u00e9veloppent des solutions ax\u00e9es sur les besoins des clients pour r\u00e9aliser des installations exigeantes. Ces solutions sur mesure comprennent les plans de configuration ainsi que les calculs de r\u00e9sistance, de charge au sol et de force aux ancrages.<\/span><\/span><\/p>\n\n                          <a\n              href=\"https:\/\/alimak.com\/be\/service-support-overview\/application-engineering\/\"\n              class=\"m13__button read-more\"\n              target=\"_self\">\n                <span>En savoir plus<\/span>\n                <svg class=\"svg-icon svg-icon--icon-arrow-right\" aria-hidden=\"true\" role=\"img\"> <use href=\"#icon-arrow-right\" xlink:href=\"#icon-arrow-right\"><\/use> <\/svg>              <\/a>\n            \n                          <div class=\"m13__icon\" aria-hidden=\"true\">\n                <img src=https:\/\/alimak.com\/be\/wp-content\/uploads\/sites\/18\/2020\/11\/icons_Service-Support-3.png  class=\"\" alt=\"\" width=\"60\" height=\"60\">              <\/div>\n            \n          <\/article>\n                  <article class=\"m13__service\" data-animate data-delay=\"450\">\n\n                          <h3 class=\"m13__title uppercase h4\">FORMATION<\/h3>\n            \n            <p>De nombreux cours de formation \u00e0 la s\u00e9curit\u00e9, \u00e0 l&rsquo;installation et \u00e0 l&rsquo;utilisation des machines sont disponibles pour la gamme de produits Alimak.<\/p>\n\n                          <a\n              href=\"https:\/\/learningstore.alimakgroup.com\/\"\n              class=\"m13__button read-more\"\n              target=\"_blank\">\n                <span>En savoir plus<\/span>\n                <svg class=\"svg-icon svg-icon--icon-arrow-right\" aria-hidden=\"true\" role=\"img\"> <use href=\"#icon-arrow-right\" xlink:href=\"#icon-arrow-right\"><\/use> <\/svg>              <\/a>\n            \n                          <div class=\"m13__icon\" aria-hidden=\"true\">\n                <img src=https:\/\/alimak.com\/be\/wp-content\/uploads\/sites\/18\/2020\/11\/icons_Service-Support-4.png  class=\"\" alt=\"\" width=\"56\" height=\"60\">              <\/div>\n            \n          <\/article>\n                  <article class=\"m13__service\" data-animate data-delay=\"600\">\n\n                          <h3 class=\"m13__title uppercase h4\">SOLUTIONS DE FINANCEMENT<\/h3>\n            \n            <p>Alimak propose des solutions de financement flexibles comprenant le paiement diff\u00e9r\u00e9, le cr\u00e9dit-export et le cr\u00e9dit-bail.<\/p>\n\n                          <a\n              href=\"https:\/\/alimak.com\/be\/service-support-overview\/financing-solutions\/\"\n              class=\"m13__button read-more\"\n              target=\"_self\">\n                <span>En savoir plus<\/span>\n                <svg class=\"svg-icon svg-icon--icon-arrow-right\" aria-hidden=\"true\" role=\"img\"> <use href=\"#icon-arrow-right\" xlink:href=\"#icon-arrow-right\"><\/use> <\/svg>              <\/a>\n            \n                          <div class=\"m13__icon\" aria-hidden=\"true\">\n                <img src=https:\/\/alimak.com\/be\/wp-content\/uploads\/sites\/18\/2020\/11\/icons_Service-Support-5.png  class=\"\" alt=\"\" width=\"67\" height=\"60\">              <\/div>\n            \n          <\/article>\n                  <article class=\"m13__service\" data-animate data-delay=\"750\">\n\n                          <h3 class=\"m13__title uppercase h4\">MOD\u00c9LISATION BIM<\/h3>\n            \n            <p>La mod\u00e9lisation BIM (Building Information Modeling ou b\u00e2ti immobilier mod\u00e9lis\u00e9) est disponible pour la simulations, l&rsquo;installation et l&rsquo;int\u00e9gration d&rsquo;ascenseurs industriels en tout point du projet.<\/p>\n\n                          <a\n              href=\"https:\/\/bimgallery.alimak.com\/bim\/\"\n              class=\"m13__button read-more\"\n              target=\"_blank\">\n                <span>En savoir plus<\/span>\n                <svg class=\"svg-icon svg-icon--icon-arrow-right\" aria-hidden=\"true\" role=\"img\"> <use href=\"#icon-arrow-right\" xlink:href=\"#icon-arrow-right\"><\/use> <\/svg>              <\/a>\n            \n                          <div class=\"m13__icon\" aria-hidden=\"true\">\n                <img src=https:\/\/alimak.com\/be\/wp-content\/uploads\/sites\/18\/2020\/11\/icons_Service-Support-6.png  class=\"\" alt=\"\" width=\"66\" height=\"60\">              <\/div>\n            \n          <\/article>\n              <\/div>\n    \n  <\/div>\n<\/article>\n\n\n\n<article class=\"m08 break-out\" id=\"block_5fa55a42195a8\" data-animate-container>\n  <div class=\"container m08__container\">\n\n          <div class=\"m08__block m08__block--one\">\n        <div class=\"m08__content\">\n\n                      <h2 class=\"m08__heading uppercase h3\" data-animate>Contactez-nous pour recevoir plus d&#039;informations ou un devis<\/h2>\n          \n                      <div class=\"m08__text\" data-animate>\n              <p>Besoin d&rsquo;aide pour la s\u00e9lection de produits pour un projet \u00e0 venir ? Contactez nos experts pour obtenir des informations sur la gamme de solutions d&rsquo;acc\u00e8s vertical disponibles et un devis pour r\u00e9pondre aux besoins de votre projet.<\/p>\n            <\/div>\n          \n                      <a\n            data-animate\n            href=\"https:\/\/alimak.com\/be\/request-a-quote\/\"\n            class=\"m08__button button button--outline button--white\"\n            target=\"_self\">\n              Demander un devis            <\/a>\n          \n        <\/div>\n      <\/div>\n    \n          <div class=\"m08__block m08__block--two\">\n        <div class=\"m08__content\">\n\n                      <h2 class=\"m08__heading uppercase h3\" data-animate>Trouver un repr\u00e9sentant local<\/h2>\n          \n                      <div class=\"m08__text\" data-animate>\n              <p>Pr\u00e9sent sur les six continents, Alimak utilise son r\u00e9seau mondial pour fournir des solutions d&rsquo;acc\u00e8s vertical pour un large \u00e9ventail d&rsquo;applications sur les chantiers de construction et les sites industriels dans le monde entier. Contactez-nous pour trouver un repr\u00e9sentant local du r\u00e9seau mondial d&rsquo;Alimak.<\/p>\n            <\/div>\n          \n                      <a\n            data-animate\n            href=\"\/be\/locations\"\n            class=\"m08__button button\"\n            target=\"_self\">\n              Rechercher sur le site            <\/a>\n          \n        <\/div>\n      <\/div>\n        \n  <\/div>\n<\/article>\n\n\n\n<div style=\"height:100px\" aria-hidden=\"true\" class=\"wp-block-spacer\"><\/div>\n","protected":false},"excerpt":{"rendered":"","protected":false},"author":1,"featured_media":0,"parent":0,"menu_order":0,"comment_status":"closed","ping_status":"closed","template":"","meta":{"_trash_the_other_posts":false,"editor_notices":[],"footnotes":""},"class_list":["post-1503","page","type-page","status-publish","hentry"],"yoast_head":"<!-- This site is optimized with the Yoast SEO plugin v27.3 - https:\/\/yoast.com\/product\/yoast-seo-wordpress\/ -->\n<title>Aper\u00e7u des Produits - Alimak Belgium<\/title>\n<meta name=\"robots\" content=\"index, follow, max-snippet:-1, max-image-preview:large, max-video-preview:-1\" \/>\n<link rel=\"canonical\" href=\"https:\/\/alimak.com\/be\/products-overview\/\" \/>\n<meta property=\"og:locale\" content=\"fr_FR\" \/>\n<meta property=\"og:type\" content=\"article\" \/>\n<meta property=\"og:title\" content=\"Aper\u00e7u des Produits - Alimak Belgium\" \/>\n<meta property=\"og:url\" content=\"https:\/\/alimak.com\/be\/products-overview\/\" \/>\n<meta property=\"og:site_name\" content=\"Alimak Belgium\" \/>\n<meta property=\"article:modified_time\" content=\"2021-12-24T03:46:56+00:00\" \/>\n<meta name=\"twitter:card\" content=\"summary_large_image\" \/>\n<script type=\"application\/ld+json\" class=\"yoast-schema-graph\">{\"@context\":\"https:\\\/\\\/schema.org\",\"@graph\":[{\"@type\":\"WebPage\",\"@id\":\"https:\\\/\\\/alimak.com\\\/be\\\/products-overview\\\/\",\"url\":\"https:\\\/\\\/alimak.com\\\/be\\\/products-overview\\\/\",\"name\":\"Aper\u00e7u des Produits - Alimak Belgium\",\"isPartOf\":{\"@id\":\"https:\\\/\\\/alimak.com\\\/be\\\/#website\"},\"datePublished\":\"2020-12-04T12:45:40+00:00\",\"dateModified\":\"2021-12-24T03:46:56+00:00\",\"breadcrumb\":{\"@id\":\"https:\\\/\\\/alimak.com\\\/be\\\/products-overview\\\/#breadcrumb\"},\"inLanguage\":\"fr-BE\",\"potentialAction\":[{\"@type\":\"ReadAction\",\"target\":[\"https:\\\/\\\/alimak.com\\\/be\\\/products-overview\\\/\"]}]},{\"@type\":\"BreadcrumbList\",\"@id\":\"https:\\\/\\\/alimak.com\\\/be\\\/products-overview\\\/#breadcrumb\",\"itemListElement\":[{\"@type\":\"ListItem\",\"position\":1,\"name\":\"Page d'accueil\",\"item\":\"https:\\\/\\\/alimak.com\\\/be\\\/\"},{\"@type\":\"ListItem\",\"position\":2,\"name\":\"Aper\u00e7u des Produits\"}]},{\"@type\":\"WebSite\",\"@id\":\"https:\\\/\\\/alimak.com\\\/be\\\/#website\",\"url\":\"https:\\\/\\\/alimak.com\\\/be\\\/\",\"name\":\"Alimak Belgium\",\"description\":\"Les leaders mondiaux en mati\u00e8re de solutions d&#039;acc\u00e8s vertical\",\"potentialAction\":[{\"@type\":\"SearchAction\",\"target\":{\"@type\":\"EntryPoint\",\"urlTemplate\":\"https:\\\/\\\/alimak.com\\\/be\\\/?s={search_term_string}\"},\"query-input\":{\"@type\":\"PropertyValueSpecification\",\"valueRequired\":true,\"valueName\":\"search_term_string\"}}],\"inLanguage\":\"fr-BE\"}]}<\/script>\n<!-- \/ Yoast SEO plugin. -->","yoast_head_json":{"title":"Aper\u00e7u des Produits - Alimak Belgium","robots":{"index":"index","follow":"follow","max-snippet":"max-snippet:-1","max-image-preview":"max-image-preview:large","max-video-preview":"max-video-preview:-1"},"canonical":"https:\/\/alimak.com\/be\/products-overview\/","og_locale":"fr_FR","og_type":"article","og_title":"Aper\u00e7u des Produits - Alimak Belgium","og_url":"https:\/\/alimak.com\/be\/products-overview\/","og_site_name":"Alimak Belgium","article_modified_time":"2021-12-24T03:46:56+00:00","twitter_card":"summary_large_image","schema":{"@context":"https:\/\/schema.org","@graph":[{"@type":"WebPage","@id":"https:\/\/alimak.com\/be\/products-overview\/","url":"https:\/\/alimak.com\/be\/products-overview\/","name":"Aper\u00e7u des Produits - Alimak Belgium","isPartOf":{"@id":"https:\/\/alimak.com\/be\/#website"},"datePublished":"2020-12-04T12:45:40+00:00","dateModified":"2021-12-24T03:46:56+00:00","breadcrumb":{"@id":"https:\/\/alimak.com\/be\/products-overview\/#breadcrumb"},"inLanguage":"fr-BE","potentialAction":[{"@type":"ReadAction","target":["https:\/\/alimak.com\/be\/products-overview\/"]}]},{"@type":"BreadcrumbList","@id":"https:\/\/alimak.com\/be\/products-overview\/#breadcrumb","itemListElement":[{"@type":"ListItem","position":1,"name":"Page d'accueil","item":"https:\/\/alimak.com\/be\/"},{"@type":"ListItem","position":2,"name":"Aper\u00e7u des Produits"}]},{"@type":"WebSite","@id":"https:\/\/alimak.com\/be\/#website","url":"https:\/\/alimak.com\/be\/","name":"Alimak Belgium","description":"Les leaders mondiaux en mati\u00e8re de solutions d&#039;acc\u00e8s vertical","potentialAction":[{"@type":"SearchAction","target":{"@type":"EntryPoint","urlTemplate":"https:\/\/alimak.com\/be\/?s={search_term_string}"},"query-input":{"@type":"PropertyValueSpecification","valueRequired":true,"valueName":"search_term_string"}}],"inLanguage":"fr-BE"}]}},"_links":{"self":[{"href":"https:\/\/alimak.com\/be\/wp-json\/wp\/v2\/pages\/1503","targetHints":{"allow":["GET"]}}],"collection":[{"href":"https:\/\/alimak.com\/be\/wp-json\/wp\/v2\/pages"}],"about":[{"href":"https:\/\/alimak.com\/be\/wp-json\/wp\/v2\/types\/page"}],"author":[{"embeddable":true,"href":"https:\/\/alimak.com\/be\/wp-json\/wp\/v2\/users\/1"}],"replies":[{"embeddable":true,"href":"https:\/\/alimak.com\/be\/wp-json\/wp\/v2\/comments?post=1503"}],"version-history":[{"count":7,"href":"https:\/\/alimak.com\/be\/wp-json\/wp\/v2\/pages\/1503\/revisions"}],"predecessor-version":[{"id":3580,"href":"https:\/\/alimak.com\/be\/wp-json\/wp\/v2\/pages\/1503\/revisions\/3580"}],"wp:attachment":[{"href":"https:\/\/alimak.com\/be\/wp-json\/wp\/v2\/media?parent=1503"}],"curies":[{"name":"wp","href":"https:\/\/api.w.org\/{rel}","templated":true}]}}