{"id":203,"date":"2020-11-12T12:57:06","date_gmt":"2020-11-12T12:57:06","guid":{"rendered":"https:\/\/alimak.wpengine.com\/?page_id=203"},"modified":"2022-10-27T12:50:09","modified_gmt":"2022-10-27T12:50:09","slug":"service-solutions","status":"publish","type":"page","link":"https:\/\/alimak.com\/be\/service-solutions\/","title":{"rendered":"Aper\u00e7u des services d&rsquo;entretien et d&rsquo;assistance"},"content":{"rendered":"\n<article class=\"m33 break-out\" id=\"block_5fad47da958a3\" data-animate-container>\n\n  <nav id=\"breadcrumbs\"><div class=\"container\"><span><span><a href=\"https:\/\/alimak.com\/be\/\">Page d&rsquo;accueil<\/a><\/span><\/span><\/div><\/nav>\n  <div class=\"container m33__container\">\n\t\t\n\t\t\t\t\t<h1 class=\"m33__heading uppercase  \" data-animate>Assistance et entretien<\/h1>\n\t\t\t\t\n\t\t  <\/div>\n\n<\/article>\n\n\n\n\n<div style=\"height:100px\" aria-hidden=\"true\" class=\"wp-block-spacer\"><\/div>\n\n\n\n<div class=\"wp-block-group has-light-grey-background-color has-background\"><div class=\"wp-block-group__inner-container is-layout-flow wp-block-group-is-layout-flow\">\n<article class=\"m28 break-out\" id=\"block_5fb3fad5412b2\" data-animate-container>\n  <div class=\"container\">\n\n          <div class=\"m28__content\" data-animate><h3><span lang=\"fr\">Pour le service d&rsquo;assistance, appelez<\/span>\u00a0+31 (0)135 148 619<\/h3>\n<p>Alimak con\u00e7oit et fabrique des solutions d&rsquo;acc\u00e8s vertical de pointe pour des op\u00e9rations dans un large \u00e9ventail d&rsquo;industries. Robustes et fiables, les solutions d&rsquo;acc\u00e8s vertical Alimak am\u00e9liorent l&rsquo;efficacit\u00e9 et la productivit\u00e9 des op\u00e9rations dans le monde entier. Gr\u00e2ce \u00e0 des solutions d&rsquo;assistance et d&rsquo;entretien proactives, les propri\u00e9taires et op\u00e9rateurs de solutions d&rsquo;acc\u00e8s vertical Alimak peuvent maximiser le temps de bon fonctionnement et la s\u00e9curit\u00e9 sur les chantiers tout en maintenant un flux d&rsquo;op\u00e9rations efficace dans le but d&rsquo;am\u00e9liorer la productivit\u00e9 globale, m\u00eame dans les applications les plus exigeantes.<\/p>\n<p>Alimak offre une assistance et un entretien de haute qualit\u00e9 aux propri\u00e9taires et aux op\u00e9rateurs d&rsquo;ascenseurs de chantier et d&rsquo;ascenseurs industriels Alimak. Avec un r\u00e9seau de services d&rsquo;entretien mondial qui s&rsquo;\u00e9tend sur plus de 100 pays, Alimak offre une gamme compl\u00e8te de solutions d&rsquo;assistance et d&rsquo;entretien comprenant : forfaits d&rsquo;entretien, maintenance pr\u00e9ventive et r\u00e9parations, inspections, remises \u00e0 neuf, pi\u00e8ces de rechange d&rsquo;origine ainsi que la formation du personnel et une gestion des actifs personnalis\u00e9es en vue de g\u00e9rer le cycle de vie total des \u00e9quipements Alimak.<\/p>\n<\/div>\n    \n          <div class=\"m28__media\">\n        <img src=https:\/\/alimak.com\/be\/wp-content\/uploads\/sites\/18\/2020\/11\/thumbnail.jpeg  class=\"m28__image\" alt=\"\" width=\"666\" height=\"592\">      <\/div>\n    \n  <\/div>\n<\/article>\n<\/div><\/div>\n\n\n\n<article class=\"m13 break-out\" id=\"block_5fb3fb35412b3\" data-animate-container>\n  <div class=\"container m13__container\">\n\n          <h2 class=\"m13__heading uppercase h3\" data-animate>Solutions compl\u00e8tes d&#039;entretien et d&#039;assistance<\/h2>\n              <div class=\"m13__introduction large\" data-animate><p>Alimak utilise son r\u00e9seau mondial pour fournir des solutions compl\u00e8tes d&rsquo;assistance et d&rsquo;entretien pour r\u00e9pondre aux besoins des propri\u00e9taires et des op\u00e9rateurs de produits d&rsquo;Alimak.<\/p>\n<\/div>\n    \n          <div class=\"m13__services\">\n                  <article class=\"m13__service\" data-animate data-delay=\"0\">\n\n                          <h3 class=\"m13__title uppercase h4\">Solutions d&#039;entretien <\/h3>\n            \n            <p>Une s\u00e9rie compl\u00e8te de contrats d&rsquo;entretien et de programmes de maintenance<\/p>\n\n            \n                          <div class=\"m13__icon\" aria-hidden=\"true\">\n                <img src=https:\/\/alimak.com\/be\/wp-content\/uploads\/sites\/18\/2020\/11\/icon_Service-Solutions.png  class=\"\" alt=\"\" width=\"59\" height=\"59\">              <\/div>\n            \n          <\/article>\n                  <article class=\"m13__service\" data-animate data-delay=\"150\">\n\n                          <h3 class=\"m13__title uppercase h4\">Inspections, s\u00e9curit\u00e9 et conformit\u00e9 <\/h3>\n            \n            <p class=\"p1\">Programmes d&rsquo;inspection de routine pour garantir la s\u00fbret\u00e9 et la conformit\u00e9 des \u00e9quipements Alimak<\/p>\n\n            \n                          <div class=\"m13__icon\" aria-hidden=\"true\">\n                <img src=https:\/\/alimak.com\/be\/wp-content\/uploads\/sites\/18\/2020\/11\/icon_Inspections.png  class=\"\" alt=\"\" width=\"66\" height=\"71\">              <\/div>\n            \n          <\/article>\n                  <article class=\"m13__service\" data-animate data-delay=\"300\">\n\n                          <h3 class=\"m13__title uppercase h4\">Solutions de r\u00e9novation <\/h3>\n            \n            <p class=\"p1\">R\u00e9tablir la performance gr\u00e2ce \u00e0 une r\u00e9novation ou une mise \u00e0 niveau rentable<\/p>\n\n            \n                          <div class=\"m13__icon\" aria-hidden=\"true\">\n                <img src=https:\/\/alimak.com\/be\/wp-content\/uploads\/sites\/18\/2020\/11\/icon_Refurbishment-solutions.png  class=\"\" alt=\"\" width=\"59\" height=\"59\">              <\/div>\n            \n          <\/article>\n                  <article class=\"m13__service\" data-animate data-delay=\"450\">\n\n                          <h3 class=\"m13__title uppercase h4\">Pi\u00e8ces de rechange d&#039;origine<\/h3>\n            \n            <p class=\"p1\">Les pi\u00e8ces d&rsquo;origine Alimak sont destin\u00e9es \u00e0 remplacer toute pi\u00e8ce d\u00e9fectueuse ou d\u00e9grad\u00e9e dans le but d&rsquo;am\u00e9liorer la performance et de prolonger la dur\u00e9e de vie op\u00e9rationnelle des produits<\/p>\n\n                          <a\n              href=\"https:\/\/alimak.com\/be\/parts\/\"\n              class=\"m13__button read-more\"\n              target=\"_self\">\n                <span>En savoir plus<\/span>\n                <svg class=\"svg-icon svg-icon--icon-arrow-right\" aria-hidden=\"true\" role=\"img\"> <use href=\"#icon-arrow-right\" xlink:href=\"#icon-arrow-right\"><\/use> <\/svg>              <\/a>\n            \n                          <div class=\"m13__icon\" aria-hidden=\"true\">\n                <img src=https:\/\/alimak.com\/be\/wp-content\/uploads\/sites\/18\/2020\/11\/icon_Genuine-Spare-Parts.png  class=\"\" alt=\"\" width=\"64\" height=\"60\">              <\/div>\n            \n          <\/article>\n                  <article class=\"m13__service\" data-animate data-delay=\"600\">\n\n                          <h3 class=\"m13__title uppercase h4\">Gestion des actifs <\/h3>\n            \n            <p class=\"p1\">Une gamme de solutions d&rsquo;assistance pour g\u00e9rer le cycle de vie total des \u00e9quipements<\/p>\n<p>&nbsp;<\/p>\n\n                          <a\n              href=\"https:\/\/alimak.com\/be\/service-support-overview\/connectivity-and-asset-management\/%20\"\n              class=\"m13__button read-more\"\n              target=\"_self\">\n                <span>En savoir plus<\/span>\n                <svg class=\"svg-icon svg-icon--icon-arrow-right\" aria-hidden=\"true\" role=\"img\"> <use href=\"#icon-arrow-right\" xlink:href=\"#icon-arrow-right\"><\/use> <\/svg>              <\/a>\n            \n                          <div class=\"m13__icon\" aria-hidden=\"true\">\n                <img src=https:\/\/alimak.com\/be\/wp-content\/uploads\/sites\/18\/2020\/11\/icon_Asset-management.png  class=\"\" alt=\"\" width=\"35\" height=\"56\">              <\/div>\n            \n          <\/article>\n                  <article class=\"m13__service\" data-animate data-delay=\"750\">\n\n                          <h3 class=\"m13__title uppercase h4\">Formation<\/h3>\n            \n            <p class=\"p1\">Alimak offre une formation sp\u00e9cialis\u00e9e pour soutenir le fonctionnement, la maintenance et l&rsquo;installation de ses \u00e9quipements en toute s\u00e9curit\u00e9<\/p>\n\n                          <a\n              href=\"http:\/\/training.alimakservice.com\/?reset-filter-FilterAccreditation=&#038;FilterBrand=Alimak&#038;reset-filter-FilterDelivery=&#038;reset-filter-FilterCountry=&#038;reset-filter-FilterCalendar=%20\"\n              class=\"m13__button read-more\"\n              target=\"_self\">\n                <span>En savoir plus<\/span>\n                <svg class=\"svg-icon svg-icon--icon-arrow-right\" aria-hidden=\"true\" role=\"img\"> <use href=\"#icon-arrow-right\" xlink:href=\"#icon-arrow-right\"><\/use> <\/svg>              <\/a>\n            \n                          <div class=\"m13__icon\" aria-hidden=\"true\">\n                <img src=https:\/\/alimak.com\/be\/wp-content\/uploads\/sites\/18\/2020\/11\/icon_Training.png  class=\"\" alt=\"\" width=\"59\" height=\"56\">              <\/div>\n            \n          <\/article>\n              <\/div>\n    \n  <\/div>\n<\/article>\n\n\n\n<div class=\"wp-block-group has-light-grey-background-color has-background\"><div class=\"wp-block-group__inner-container is-layout-flow wp-block-group-is-layout-flow\">\n<article class=\"m30 break-out m30__image--top\" id=\"block_5fb5533a06c6b\" data-animate-container>\n  <div class=\"container m30__container\">\n\n    <div class=\"m30__content\">\n\n              <h2 class=\"m30__heading uppercase h3\" data-animate>T\u00e9l\u00e9charger la brochure Alimak \u00e0 propos des services d&#039;assistance et d&#039;entretien<\/h2>\n      \n              <div class=\"m30__introduction\" data-animate>\n          <p>En savoir plus sur la gamme compl\u00e8te de solutions d&rsquo;assistance et d&rsquo;entretien disponibles pour les ascenseurs de chantier, les ascenseurs industriels et les plates-formes se d\u00e9pla\u00e7ant le long de m\u00e2t(s) Alimak.<\/p>\n        <\/div>\n      \n              <a\n        data-animate\n        href=\"https:\/\/alimak.com\/wp-content\/uploads\/2022\/08\/Alimak-After-Sales-Brochure-1718-EN-June-2022.pdf\"\n        class=\"m30__button button button--outline button--white\"\n        target=\"_blank\">\n          T\u00e9l\u00e9charger        <\/a>\n      \n    <\/div>\n\n  <\/div>\n\n  <img src=https:\/\/alimak.com\/be\/wp-content\/uploads\/sites\/18\/2020\/12\/service-support-brochure-banner.jpg  class=\"m30__image\" alt=\"\" width=\"1440\" height=\"476\">\n<\/article>\n\n\n\n<div style=\"height:100px\" aria-hidden=\"true\" class=\"wp-block-spacer\"><\/div>\n\n\n\n<article class=\"m08 break-out\" id=\"block_5fb3cb70ddff0\" data-animate-container>\n  <div class=\"container m08__container\">\n\n          <div class=\"m08__block m08__block--one\">\n        <div class=\"m08__content\">\n\n                      <h2 class=\"m08__heading uppercase h3\" data-animate>Contactez-nous pour obtenir plus d&#039;informations ou un devis<\/h2>\n          \n                      <div class=\"m08__text\" data-animate>\n              <p>Vous avez besoin d&rsquo;aide pour s\u00e9lectionner le bon produit pour un projet \u00e0 venir ? Contactez nos experts pour obtenir des informations sur la gamme de solutions d&rsquo;acc\u00e8s vertical disponibles et un devis pour r\u00e9pondre aux besoins de votre projet.<\/p>\n            <\/div>\n          \n                      <a\n            data-animate\n            href=\"https:\/\/alimak.com\/be\/request-a-quote\"\n            class=\"m08__button button button--outline button--white\"\n            target=\"_self\">\n              Demander un devis            <\/a>\n          \n        <\/div>\n      <\/div>\n    \n          <div class=\"m08__block m08__block--two\">\n        <div class=\"m08__content\">\n\n                      <h2 class=\"m08__heading uppercase h3\" data-animate>Trouver un repr\u00e9sentant local<\/h2>\n          \n                      <div class=\"m08__text\" data-animate>\n              <p>Pr\u00e9sent sur les six continents, Alimak utilise son r\u00e9seau mondial pour fournir des solutions d&rsquo;acc\u00e8s vertical pour un large \u00e9ventail d&rsquo;applications sur les chantiers de construction et les sites industriels dans le monde entier. Contactez-nous pour trouver un repr\u00e9sentant local du r\u00e9seau mondial d&rsquo;Alimak.<\/p>\n            <\/div>\n          \n                      <a\n            data-animate\n            href=\"\/be\/locations\"\n            class=\"m08__button button\"\n            target=\"_self\">\n              Rechercher sur le site            <\/a>\n          \n        <\/div>\n      <\/div>\n        \n  <\/div>\n<\/article>\n<\/div><\/div>\n\n\n\n<div style=\"height:100px\" aria-hidden=\"true\" class=\"wp-block-spacer\"><\/div>\n","protected":false},"excerpt":{"rendered":"","protected":false},"author":1,"featured_media":0,"parent":0,"menu_order":0,"comment_status":"closed","ping_status":"closed","template":"","meta":{"_trash_the_other_posts":false,"editor_notices":[],"footnotes":""},"class_list":["post-203","page","type-page","status-publish","hentry"],"yoast_head":"<!-- This site is optimized with the Yoast SEO plugin v27.3 - https:\/\/yoast.com\/product\/yoast-seo-wordpress\/ -->\n<title>Aper\u00e7u des services d&#039;entretien et d&#039;assistance - Alimak Belgium<\/title>\n<meta name=\"robots\" content=\"index, follow, max-snippet:-1, max-image-preview:large, max-video-preview:-1\" \/>\n<link rel=\"canonical\" href=\"https:\/\/alimak.com\/be\/service-solutions\/\" \/>\n<meta property=\"og:locale\" content=\"fr_FR\" \/>\n<meta property=\"og:type\" content=\"article\" \/>\n<meta property=\"og:title\" content=\"Aper\u00e7u des services d&#039;entretien et d&#039;assistance - Alimak Belgium\" \/>\n<meta property=\"og:url\" content=\"https:\/\/alimak.com\/be\/service-solutions\/\" \/>\n<meta property=\"og:site_name\" content=\"Alimak Belgium\" \/>\n<meta property=\"article:modified_time\" content=\"2022-10-27T12:50:09+00:00\" \/>\n<meta name=\"twitter:card\" content=\"summary_large_image\" \/>\n<script type=\"application\/ld+json\" class=\"yoast-schema-graph\">{\"@context\":\"https:\\\/\\\/schema.org\",\"@graph\":[{\"@type\":\"WebPage\",\"@id\":\"https:\\\/\\\/alimak.com\\\/be\\\/service-solutions\\\/\",\"url\":\"https:\\\/\\\/alimak.com\\\/be\\\/service-solutions\\\/\",\"name\":\"Aper\u00e7u des services d'entretien et d'assistance - Alimak Belgium\",\"isPartOf\":{\"@id\":\"https:\\\/\\\/alimak.com\\\/be\\\/#website\"},\"datePublished\":\"2020-11-12T12:57:06+00:00\",\"dateModified\":\"2022-10-27T12:50:09+00:00\",\"breadcrumb\":{\"@id\":\"https:\\\/\\\/alimak.com\\\/be\\\/service-solutions\\\/#breadcrumb\"},\"inLanguage\":\"fr-BE\",\"potentialAction\":[{\"@type\":\"ReadAction\",\"target\":[\"https:\\\/\\\/alimak.com\\\/be\\\/service-solutions\\\/\"]}]},{\"@type\":\"BreadcrumbList\",\"@id\":\"https:\\\/\\\/alimak.com\\\/be\\\/service-solutions\\\/#breadcrumb\",\"itemListElement\":[{\"@type\":\"ListItem\",\"position\":1,\"name\":\"Page d'accueil\",\"item\":\"https:\\\/\\\/alimak.com\\\/be\\\/\"},{\"@type\":\"ListItem\",\"position\":2,\"name\":\"Aper\u00e7u des services d&#8217;entretien et d&#8217;assistance\"}]},{\"@type\":\"WebSite\",\"@id\":\"https:\\\/\\\/alimak.com\\\/be\\\/#website\",\"url\":\"https:\\\/\\\/alimak.com\\\/be\\\/\",\"name\":\"Alimak Belgium\",\"description\":\"Les leaders mondiaux en mati\u00e8re de solutions d&#039;acc\u00e8s vertical\",\"potentialAction\":[{\"@type\":\"SearchAction\",\"target\":{\"@type\":\"EntryPoint\",\"urlTemplate\":\"https:\\\/\\\/alimak.com\\\/be\\\/?s={search_term_string}\"},\"query-input\":{\"@type\":\"PropertyValueSpecification\",\"valueRequired\":true,\"valueName\":\"search_term_string\"}}],\"inLanguage\":\"fr-BE\"}]}<\/script>\n<!-- \/ Yoast SEO plugin. -->","yoast_head_json":{"title":"Aper\u00e7u des services d'entretien et d'assistance - Alimak Belgium","robots":{"index":"index","follow":"follow","max-snippet":"max-snippet:-1","max-image-preview":"max-image-preview:large","max-video-preview":"max-video-preview:-1"},"canonical":"https:\/\/alimak.com\/be\/service-solutions\/","og_locale":"fr_FR","og_type":"article","og_title":"Aper\u00e7u des services d'entretien et d'assistance - Alimak Belgium","og_url":"https:\/\/alimak.com\/be\/service-solutions\/","og_site_name":"Alimak Belgium","article_modified_time":"2022-10-27T12:50:09+00:00","twitter_card":"summary_large_image","schema":{"@context":"https:\/\/schema.org","@graph":[{"@type":"WebPage","@id":"https:\/\/alimak.com\/be\/service-solutions\/","url":"https:\/\/alimak.com\/be\/service-solutions\/","name":"Aper\u00e7u des services d'entretien et d'assistance - Alimak Belgium","isPartOf":{"@id":"https:\/\/alimak.com\/be\/#website"},"datePublished":"2020-11-12T12:57:06+00:00","dateModified":"2022-10-27T12:50:09+00:00","breadcrumb":{"@id":"https:\/\/alimak.com\/be\/service-solutions\/#breadcrumb"},"inLanguage":"fr-BE","potentialAction":[{"@type":"ReadAction","target":["https:\/\/alimak.com\/be\/service-solutions\/"]}]},{"@type":"BreadcrumbList","@id":"https:\/\/alimak.com\/be\/service-solutions\/#breadcrumb","itemListElement":[{"@type":"ListItem","position":1,"name":"Page d'accueil","item":"https:\/\/alimak.com\/be\/"},{"@type":"ListItem","position":2,"name":"Aper\u00e7u des services d&#8217;entretien et d&#8217;assistance"}]},{"@type":"WebSite","@id":"https:\/\/alimak.com\/be\/#website","url":"https:\/\/alimak.com\/be\/","name":"Alimak Belgium","description":"Les leaders mondiaux en mati\u00e8re de solutions d&#039;acc\u00e8s vertical","potentialAction":[{"@type":"SearchAction","target":{"@type":"EntryPoint","urlTemplate":"https:\/\/alimak.com\/be\/?s={search_term_string}"},"query-input":{"@type":"PropertyValueSpecification","valueRequired":true,"valueName":"search_term_string"}}],"inLanguage":"fr-BE"}]}},"_links":{"self":[{"href":"https:\/\/alimak.com\/be\/wp-json\/wp\/v2\/pages\/203","targetHints":{"allow":["GET"]}}],"collection":[{"href":"https:\/\/alimak.com\/be\/wp-json\/wp\/v2\/pages"}],"about":[{"href":"https:\/\/alimak.com\/be\/wp-json\/wp\/v2\/types\/page"}],"author":[{"embeddable":true,"href":"https:\/\/alimak.com\/be\/wp-json\/wp\/v2\/users\/1"}],"replies":[{"embeddable":true,"href":"https:\/\/alimak.com\/be\/wp-json\/wp\/v2\/comments?post=203"}],"version-history":[{"count":13,"href":"https:\/\/alimak.com\/be\/wp-json\/wp\/v2\/pages\/203\/revisions"}],"predecessor-version":[{"id":4014,"href":"https:\/\/alimak.com\/be\/wp-json\/wp\/v2\/pages\/203\/revisions\/4014"}],"wp:attachment":[{"href":"https:\/\/alimak.com\/be\/wp-json\/wp\/v2\/media?parent=203"}],"curies":[{"name":"wp","href":"https:\/\/api.w.org\/{rel}","templated":true}]}}