{"id":207,"date":"2020-11-12T12:59:20","date_gmt":"2020-11-12T12:59:20","guid":{"rendered":"https:\/\/alimak.wpengine.com\/?page_id=207"},"modified":"2021-01-31T23:16:46","modified_gmt":"2021-01-31T23:16:46","slug":"financing-solutions","status":"publish","type":"page","link":"https:\/\/alimak.com\/be\/service-solutions\/financing-solutions\/","title":{"rendered":"Solutions de financement"},"content":{"rendered":"\n<article class=\"m33 break-out\" id=\"block_5fad4e4e13f69\" data-animate-container>\n\n  <nav id=\"breadcrumbs\"><div class=\"container\"><span><span><a href=\"https:\/\/alimak.com\/be\/\">Page d&rsquo;accueil<\/a><\/span><\/span><\/div><\/nav>\n  <div class=\"container m33__container\">\n\t\t\n\t\t\t\t\t<h1 class=\"m33__heading uppercase  \" data-animate>SOLUTIONS DE FINANCEMENT<\/h1>\n\t\t\t\t\n\t\t  <\/div>\n\n<\/article>\n\n\n\n\n<div style=\"height:100px\" aria-hidden=\"true\" class=\"wp-block-spacer\"><\/div>\n\n\n\n<div class=\"wp-block-group has-light-grey-background-color has-background\"><div class=\"wp-block-group__inner-container is-layout-flow wp-block-group-is-layout-flow\">\n<article class=\"m17 break-out\" id=\"block_5fbd069b45f12\" data-animate-container>\n  <div class=\"container m17__container\">\n\n    <div class=\"m17__introduction large\">\n                    <div class=\"m17__text\" data-animate>\n          <p style=\"text-align: center\">Alimak propose une gamme de solutions de financement sur mesure, comprenant le paiement diff\u00e9r\u00e9, le cr\u00e9dit-export et le cr\u00e9dit-bail.<\/p>\n        <\/div>\n          <\/div>\n\n    \n      <article class=\"m17__block\" data-animate data-delay=\"0\">\n\n                  <div class=\"m17__content\">\n\n                          <h3 class=\"m17__title uppercase h4\">LE CR\u00c9DIT-BAIL<\/h3>\n              <p>Alimak fournit des solutions de cr\u00e9dit-bail par l&rsquo;interm\u00e9diaire de ses partenaires en leasing qui couvrent une grande partie de sa pr\u00e9sence mondiale. En fonction du pays et des \u00e9quipements, Alimak peut r\u00e9pondre aux besoins sp\u00e9cifiques de votre entreprise et vous proposer une solution compl\u00e8te qui englobe l&rsquo;\u00e9quipement, le financement et la maintenance.<\/p>\n\n          <\/div>\n                \n                  <div class=\"m17__media\">\n            <img src=https:\/\/alimak.com\/be\/wp-content\/uploads\/sites\/18\/2020\/11\/Financing-solutions-Hero-image.jpg  class=\"m17__image\" alt=\"\" width=\"666\" height=\"592\">          <\/div>\n        \n      <\/article>\n\n      \n      <article class=\"m17__block\" data-animate data-delay=\"150\">\n\n                  <div class=\"m17__content\">\n\n                          <h3 class=\"m17__title uppercase h4\">FINANCEMENT DU COMMERCE ET DES EXPORTATIONS<\/h3>\n              <p>Notre \u00e9quipe d&rsquo;experts en financement du commerce et des exportations, associ\u00e9e \u00e0 l&rsquo;acc\u00e8s \u00e0 un vaste r\u00e9seau bancaire, vous offre la tranquillit\u00e9 d&rsquo;esprit de pouvoir g\u00e9rer un grand nombre de transactions.<\/p>\n<p>N&rsquo;h\u00e9sitez pas \u00e0 nous contacter si vous souhaitez en savoir plus ou si vous avez des questions concernant le financement.<\/p>\n\n          <\/div>\n                \n                  <div class=\"m17__media\">\n            <img src=https:\/\/alimak.com\/be\/wp-content\/uploads\/sites\/18\/2020\/11\/Cement-Hero.jpg  class=\"m17__image\" alt=\"\" width=\"666\" height=\"592\">          <\/div>\n        \n      <\/article>\n\n      \n  <\/div>\n<\/article><\/div><\/div>\n\n\n\n<article class=\"m08 break-out\" id=\"block_5fd931ae16a23\" data-animate-container>\n  <div class=\"container m08__container\">\n\n          <div class=\"m08__block m08__block--one\">\n        <div class=\"m08__content\">\n\n                      <h2 class=\"m08__heading uppercase h3\" data-animate>Contactez-nous pour recevoir plus d&#039;informations ou un devis<\/h2>\n          \n                      <div class=\"m08__text\" data-animate>\n              <p>Besoin d&rsquo;aide pour la s\u00e9lection de produits pour un projet \u00e0 venir ? Contactez nos experts pour obtenir des informations sur la gamme de solutions d&rsquo;acc\u00e8s vertical disponibles et un devis pour r\u00e9pondre aux besoins de votre projet.<\/p>\n            <\/div>\n          \n                      <a\n            data-animate\n            href=\"https:\/\/alimak.com\/be\/request-a-quote\"\n            class=\"m08__button button button--outline button--white\"\n            target=\"_self\">\n              Demander un devis            <\/a>\n          \n        <\/div>\n      <\/div>\n    \n          <div class=\"m08__block m08__block--two\">\n        <div class=\"m08__content\">\n\n                      <h2 class=\"m08__heading uppercase h3\" data-animate>Trouver un repr\u00e9sentant local<\/h2>\n          \n                      <div class=\"m08__text\" data-animate>\n              <p>Pr\u00e9sent sur les six continents, Alimak utilise son r\u00e9seau mondial pour fournir des solutions d&rsquo;acc\u00e8s vertical pour un large \u00e9ventail d&rsquo;applications sur les chantiers de construction et les sites industriels dans le monde entier. Contactez-nous pour trouver un repr\u00e9sentant local du r\u00e9seau mondial d&rsquo;Alimak.<\/p>\n            <\/div>\n          \n                      <a\n            data-animate\n            href=\"\/be\/locations\"\n            class=\"m08__button button\"\n            target=\"_self\">\n              Rechercher sur le site            <\/a>\n          \n        <\/div>\n      <\/div>\n        \n  <\/div>\n<\/article>\n\n\n\n<div style=\"height:100px\" aria-hidden=\"true\" class=\"wp-block-spacer\"><\/div>\n","protected":false},"excerpt":{"rendered":"","protected":false},"author":1,"featured_media":0,"parent":203,"menu_order":0,"comment_status":"closed","ping_status":"closed","template":"","meta":{"_trash_the_other_posts":false,"editor_notices":[],"footnotes":""},"class_list":["post-207","page","type-page","status-publish","hentry"],"yoast_head":"<!-- This site is optimized with the Yoast SEO plugin v27.3 - https:\/\/yoast.com\/product\/yoast-seo-wordpress\/ -->\n<title>Solutions de financement - Alimak Belgium<\/title>\n<meta name=\"robots\" content=\"index, follow, max-snippet:-1, max-image-preview:large, max-video-preview:-1\" \/>\n<link rel=\"canonical\" href=\"https:\/\/alimak.com\/be\/service-solutions\/financing-solutions\/\" \/>\n<meta property=\"og:locale\" content=\"fr_FR\" \/>\n<meta property=\"og:type\" content=\"article\" \/>\n<meta property=\"og:title\" content=\"Solutions de financement - Alimak Belgium\" \/>\n<meta property=\"og:url\" content=\"https:\/\/alimak.com\/be\/service-solutions\/financing-solutions\/\" \/>\n<meta property=\"og:site_name\" content=\"Alimak Belgium\" \/>\n<meta property=\"article:modified_time\" content=\"2021-01-31T23:16:46+00:00\" \/>\n<meta name=\"twitter:card\" content=\"summary_large_image\" \/>\n<script type=\"application\/ld+json\" class=\"yoast-schema-graph\">{\"@context\":\"https:\\\/\\\/schema.org\",\"@graph\":[{\"@type\":\"WebPage\",\"@id\":\"https:\\\/\\\/alimak.com\\\/be\\\/service-solutions\\\/financing-solutions\\\/\",\"url\":\"https:\\\/\\\/alimak.com\\\/be\\\/service-solutions\\\/financing-solutions\\\/\",\"name\":\"Solutions de financement - Alimak Belgium\",\"isPartOf\":{\"@id\":\"https:\\\/\\\/alimak.com\\\/be\\\/#website\"},\"datePublished\":\"2020-11-12T12:59:20+00:00\",\"dateModified\":\"2021-01-31T23:16:46+00:00\",\"breadcrumb\":{\"@id\":\"https:\\\/\\\/alimak.com\\\/be\\\/service-solutions\\\/financing-solutions\\\/#breadcrumb\"},\"inLanguage\":\"fr-BE\",\"potentialAction\":[{\"@type\":\"ReadAction\",\"target\":[\"https:\\\/\\\/alimak.com\\\/be\\\/service-solutions\\\/financing-solutions\\\/\"]}]},{\"@type\":\"BreadcrumbList\",\"@id\":\"https:\\\/\\\/alimak.com\\\/be\\\/service-solutions\\\/financing-solutions\\\/#breadcrumb\",\"itemListElement\":[{\"@type\":\"ListItem\",\"position\":1,\"name\":\"Page d'accueil\",\"item\":\"https:\\\/\\\/alimak.com\\\/be\\\/\"},{\"@type\":\"ListItem\",\"position\":2,\"name\":\"Aper\u00e7u des services d&#8217;entretien et d&#8217;assistance\",\"item\":\"https:\\\/\\\/alimak.com\\\/be\\\/service-solutions\\\/\"},{\"@type\":\"ListItem\",\"position\":3,\"name\":\"Solutions de financement\"}]},{\"@type\":\"WebSite\",\"@id\":\"https:\\\/\\\/alimak.com\\\/be\\\/#website\",\"url\":\"https:\\\/\\\/alimak.com\\\/be\\\/\",\"name\":\"Alimak Belgium\",\"description\":\"Les leaders mondiaux en mati\u00e8re de solutions d&#039;acc\u00e8s vertical\",\"potentialAction\":[{\"@type\":\"SearchAction\",\"target\":{\"@type\":\"EntryPoint\",\"urlTemplate\":\"https:\\\/\\\/alimak.com\\\/be\\\/?s={search_term_string}\"},\"query-input\":{\"@type\":\"PropertyValueSpecification\",\"valueRequired\":true,\"valueName\":\"search_term_string\"}}],\"inLanguage\":\"fr-BE\"}]}<\/script>\n<!-- \/ Yoast SEO plugin. -->","yoast_head_json":{"title":"Solutions de financement - Alimak Belgium","robots":{"index":"index","follow":"follow","max-snippet":"max-snippet:-1","max-image-preview":"max-image-preview:large","max-video-preview":"max-video-preview:-1"},"canonical":"https:\/\/alimak.com\/be\/service-solutions\/financing-solutions\/","og_locale":"fr_FR","og_type":"article","og_title":"Solutions de financement - Alimak Belgium","og_url":"https:\/\/alimak.com\/be\/service-solutions\/financing-solutions\/","og_site_name":"Alimak Belgium","article_modified_time":"2021-01-31T23:16:46+00:00","twitter_card":"summary_large_image","schema":{"@context":"https:\/\/schema.org","@graph":[{"@type":"WebPage","@id":"https:\/\/alimak.com\/be\/service-solutions\/financing-solutions\/","url":"https:\/\/alimak.com\/be\/service-solutions\/financing-solutions\/","name":"Solutions de financement - Alimak Belgium","isPartOf":{"@id":"https:\/\/alimak.com\/be\/#website"},"datePublished":"2020-11-12T12:59:20+00:00","dateModified":"2021-01-31T23:16:46+00:00","breadcrumb":{"@id":"https:\/\/alimak.com\/be\/service-solutions\/financing-solutions\/#breadcrumb"},"inLanguage":"fr-BE","potentialAction":[{"@type":"ReadAction","target":["https:\/\/alimak.com\/be\/service-solutions\/financing-solutions\/"]}]},{"@type":"BreadcrumbList","@id":"https:\/\/alimak.com\/be\/service-solutions\/financing-solutions\/#breadcrumb","itemListElement":[{"@type":"ListItem","position":1,"name":"Page d'accueil","item":"https:\/\/alimak.com\/be\/"},{"@type":"ListItem","position":2,"name":"Aper\u00e7u des services d&#8217;entretien et d&#8217;assistance","item":"https:\/\/alimak.com\/be\/service-solutions\/"},{"@type":"ListItem","position":3,"name":"Solutions de financement"}]},{"@type":"WebSite","@id":"https:\/\/alimak.com\/be\/#website","url":"https:\/\/alimak.com\/be\/","name":"Alimak Belgium","description":"Les leaders mondiaux en mati\u00e8re de solutions d&#039;acc\u00e8s vertical","potentialAction":[{"@type":"SearchAction","target":{"@type":"EntryPoint","urlTemplate":"https:\/\/alimak.com\/be\/?s={search_term_string}"},"query-input":{"@type":"PropertyValueSpecification","valueRequired":true,"valueName":"search_term_string"}}],"inLanguage":"fr-BE"}]}},"_links":{"self":[{"href":"https:\/\/alimak.com\/be\/wp-json\/wp\/v2\/pages\/207","targetHints":{"allow":["GET"]}}],"collection":[{"href":"https:\/\/alimak.com\/be\/wp-json\/wp\/v2\/pages"}],"about":[{"href":"https:\/\/alimak.com\/be\/wp-json\/wp\/v2\/types\/page"}],"author":[{"embeddable":true,"href":"https:\/\/alimak.com\/be\/wp-json\/wp\/v2\/users\/1"}],"replies":[{"embeddable":true,"href":"https:\/\/alimak.com\/be\/wp-json\/wp\/v2\/comments?post=207"}],"version-history":[{"count":3,"href":"https:\/\/alimak.com\/be\/wp-json\/wp\/v2\/pages\/207\/revisions"}],"predecessor-version":[{"id":2570,"href":"https:\/\/alimak.com\/be\/wp-json\/wp\/v2\/pages\/207\/revisions\/2570"}],"up":[{"embeddable":true,"href":"https:\/\/alimak.com\/be\/wp-json\/wp\/v2\/pages\/203"}],"wp:attachment":[{"href":"https:\/\/alimak.com\/be\/wp-json\/wp\/v2\/media?parent=207"}],"curies":[{"name":"wp","href":"https:\/\/api.w.org\/{rel}","templated":true}]}}