{"id":208,"date":"2020-11-12T13:02:38","date_gmt":"2020-11-12T13:02:38","guid":{"rendered":"https:\/\/alimak.wpengine.com\/?page_id=208"},"modified":"2023-08-23T13:07:41","modified_gmt":"2023-08-23T13:07:41","slug":"about-us","status":"publish","type":"page","link":"https:\/\/alimak.com\/be\/about-us\/","title":{"rendered":"\u00c0 propos"},"content":{"rendered":"\n<article class=\"m33 break-out\" id=\"block_5fad342359fb2\" data-animate-container>\n\n  <nav id=\"breadcrumbs\"><div class=\"container\"><span><span><a href=\"https:\/\/alimak.com\/be\/\">Page d&rsquo;accueil<\/a><\/span><\/span><\/div><\/nav>\n  <div class=\"container m33__container\">\n\t\t\n\t\t\t\t\t<h1 class=\"m33__heading uppercase  \" data-animate>\u00c0 propos<\/h1>\n\t\t\t\t\n\t\t  <\/div>\n\n<\/article>\n\n\n\n\n<div style=\"height:100px\" aria-hidden=\"true\" class=\"wp-block-spacer\"><\/div>\n\n\n\n<div class=\"wp-block-group has-light-grey-background-color has-background\"><div class=\"wp-block-group__inner-container is-layout-flow wp-block-group-is-layout-flow\">\n<article class=\"m28 break-out\" id=\"block_5fad343659fb3\" data-animate-container>\n  <div class=\"container\">\n\n          <div class=\"m28__content\" data-animate><p>Alimak est un leader mondial dans la conception et la fabrication de solutions d&rsquo;acc\u00e8s vertical pour les secteurs de l&rsquo;industrie et de la construction. Nous fournissons des ascenseurs, monte-mat\u00e9riaux et plates-formes de travail permanents et temporaires de haute qualit\u00e9, con\u00e7us \u00e0 partir des technologies de cr\u00e9maill\u00e8re et de traction.<\/p>\n<p>Depuis plus de 70 ans, Alimak fait figure de pionnier dans le secteur de l&rsquo;acc\u00e8s vertical en proposant des solutions d&rsquo;acc\u00e8s vertical de grande envergure con\u00e7ues pour r\u00e9pondre aux besoins sp\u00e9cifiques de nombreuses industries.<\/p>\n<p>Plus de 23 000 solutions d&rsquo;acc\u00e8s vertical Alimak, con\u00e7ues pour une meilleure efficacit\u00e9, sont install\u00e9es pour une vari\u00e9t\u00e9 d&rsquo;industries dans le monde entier.<\/p>\n<p>Ce n&rsquo;est pas par hasard qu&rsquo;Alimak est devenu le leader mondial des ascenseurs de chantier, des ascenseurs industriels, des plates-formes de travail se d\u00e9pla\u00e7ant le long de m\u00e2t, des plates-formes de transport et des monte-mat\u00e9riaux pour les installations temporaires et permanentes. Cela r\u00e9sulte de son engagement sans failles \u00e0 satisfaire et \u00e0 d\u00e9passer les attentes de chacun de ses clients.<\/p>\n<\/div>\n    \n          <div class=\"m28__media\">\n        <img src=https:\/\/alimak.com\/be\/wp-content\/uploads\/sites\/18\/2020\/11\/About-us-hero.jpg  class=\"m28__image\" alt=\"\" width=\"666\" height=\"592\">      <\/div>\n    \n  <\/div>\n<\/article>\n<\/div><\/div>\n\n\n\n<article class=\"m17 break-out\" id=\"block_5fad34a259fb5\" data-animate-container>\n  <div class=\"container m17__container\">\n\n    <div class=\"m17__introduction large\">\n                <\/div>\n\n    \n      <article class=\"m17__block\" data-animate data-delay=\"0\">\n\n                  <div class=\"m17__content\">\n\n                          <h3 class=\"m17__title uppercase h4\">Un choix durable<\/h3>\n              <p>Les solutions d&rsquo;acc\u00e8s vertical d&rsquo;Alimak sont souvent utilis\u00e9es dans des environnements difficiles soumis \u00e0 des conditions intenses caus\u00e9es par la chaleur, le froid, les vibrations et les particules de sable, de poussi\u00e8re ou de sel. Malgr\u00e9 cela, les \u00e9quipement doivent fonctionner en toute s\u00e9curit\u00e9, jour apr\u00e8s jour, ann\u00e9e apr\u00e8s ann\u00e9e. Les produits de haute qualit\u00e9 d&rsquo;Alimak sont con\u00e7us pour une dur\u00e9e de vie prolong\u00e9e, ce qui r\u00e9duit leur impact sur l&rsquo;environnement, favorise l&rsquo;efficacit\u00e9 et am\u00e9liore la productivit\u00e9, ce qui se traduit \u00e9galement par une r\u00e9duction des ressources au fil du temps.<\/p>\n<p>Garantir des op\u00e9rations durables est un \u00e9l\u00e9ment essentiel de la prestation de solutions d&rsquo;acc\u00e8s vertical de pointe, d&rsquo;un point de vue environnemental, social et \u00e9conomique mis en avant tout au long de la cha\u00eene de valeur. La soci\u00e9t\u00e9 Alimak s&rsquo;engage \u00e0 respecter l&rsquo;environnement dans lequel elle exerce ses activit\u00e9s et vise \u00e0 minimiser tout impact n\u00e9gatif.<\/p>\n\n          <\/div>\n                \n                  <div class=\"m17__media\">\n            <img src=https:\/\/alimak.com\/be\/wp-content\/uploads\/sites\/18\/2020\/11\/Homepage_6.jpg  class=\"m17__image\" alt=\"\" width=\"240\" height=\"240\">          <\/div>\n        \n      <\/article>\n\n      \n      <article class=\"m17__block\" data-animate data-delay=\"150\">\n\n                  <div class=\"m17__content\">\n\n                          <h3 class=\"m17__title uppercase h4\">La s\u00e9curit\u00e9 avant tout<\/h3>\n              <p>Alimak s&rsquo;engage \u00e0 garantir un niveau maximal de s\u00e9curit\u00e9 \u00e0 chaque \u00e9tape du processus de conception, de fabrication et d&rsquo;utilisation des produits. Les ascenseurs Alimak sont dot\u00e9s de multiples dispositifs de s\u00e9curit\u00e9 qui sont au c\u0153ur de la mani\u00e8re dont cet engagement se traduit dans des applications concr\u00e8tes. Les solutions Alimak comprennent les caract\u00e9ristiques de s\u00e9curit\u00e9 suivantes : dispositif de s\u00e9curit\u00e9 con\u00e7u pour d\u00e9tecter les surcharges, relais de contr\u00f4le pour d\u00e9fauts de phase, ch\u00e2ssis de cabine et plaques de machinerie avec crochets de s\u00e9curit\u00e9, syst\u00e8mes \u00e9lectriques et m\u00e9caniques de verrouillage des portes, arr\u00eats automatiques des paliers sup\u00e9rieur et inf\u00e9rieur, ainsi que des amortisseurs situ\u00e9s sous le palier inf\u00e9rieur.<\/p>\n<p>Votre partenaire de confiance Alimak s&rsquo;engage \u00e0 vous fournir les produits et services les plus s\u00fbrs et les plus fiables, assur\u00e9s par des sp\u00e9cialistes proches de votre entreprise, capables de comprendre vos besoins et de toujours vous livrer de mani\u00e8re constante et professionnelle.<\/p>\n\n          <\/div>\n                \n                  <div class=\"m17__media\">\n            <img src=https:\/\/alimak.com\/be\/wp-content\/uploads\/sites\/18\/2020\/11\/Homepage_1-1024x455.jpg  class=\"m17__image\" alt=\"\" width=\"1024\" height=\"455\">          <\/div>\n        \n      <\/article>\n\n      \n  <\/div>\n<\/article>\n\n\n<div class=\"wp-block-group has-light-grey-background-color has-background\"><div class=\"wp-block-group__inner-container is-layout-flow wp-block-group-is-layout-flow\">\n<article class=\"m02 break-out\" id=\"block_5fad34f559fb8\" data-animate-container>\n  <div class=\"container\" data-animate>\n    <p style=\"text-align: center\"><strong>Une marque du groupe Alimak<\/strong><\/p>\n<p style=\"text-align: center\">Alimak fait partie du groupe Alimak. Outre Alimak, les produits et services du groupe Alimak sont vendus sous les marques Scanclimber, Tractel, CoxGomyl, Manntech et Avanti.<\/p>\n<p style=\"text-align: center\">Pour en savoir plus, visitez <a href=\"https:\/\/alimakgroup.com\" target=\"_blank\" rel=\"noopener\">alimakgroup.com<\/a><\/p>\n  <\/div>\n<\/article><\/div><\/div>\n\n\n\n<div style=\"height:100px\" aria-hidden=\"true\" class=\"wp-block-spacer\"><\/div>\n\n\n\n<article class=\"m08 break-out\" id=\"block_5fb3cb70ddff0\" data-animate-container>\n  <div class=\"container m08__container\">\n\n          <div class=\"m08__block m08__block--one\">\n        <div class=\"m08__content\">\n\n                      <h2 class=\"m08__heading uppercase h3\" data-animate>CONTACTEZ-NOUS POUR RECEVOIR PLUS D&#039;INFORMATIONS OU UN DEVIS<\/h2>\n          \n                      <div class=\"m08__text\" data-animate>\n              <p>Besoin d&rsquo;aide pour la s\u00e9lection de produits pour un projet \u00e0 venir\u00a0? Contactez nos experts pour obtenir des informations sur la gamme de solutions d&rsquo;acc\u00e8s vertical disponibles et un devis pour r\u00e9pondre aux besoins de votre projet.<\/p>\n            <\/div>\n          \n                      <a\n            data-animate\n            href=\"https:\/\/alimak.com\/be\/contact-us\/\"\n            class=\"m08__button button button--outline button--white\"\n            target=\"_self\">\n              Demander un devis            <\/a>\n          \n        <\/div>\n      <\/div>\n    \n          <div class=\"m08__block m08__block--two\">\n        <div class=\"m08__content\">\n\n                      <h2 class=\"m08__heading uppercase h3\" data-animate>TROUVER UN REPR\u00c9SENTANT LOCAL<\/h2>\n          \n                      <div class=\"m08__text\" data-animate>\n              <p>Pr\u00e9sent sur les six continents, Alimak utilise son r\u00e9seau mondial pour fournir des solutions d&rsquo;acc\u00e8s vertical pour un large \u00e9ventail d&rsquo;applications sur les chantiers de construction et les sites industriels dans le monde entier. Contactez-nous pour trouver un repr\u00e9sentant local du r\u00e9seau mondial d&rsquo;Alimak.<\/p>\n            <\/div>\n          \n                      <a\n            data-animate\n            href=\"\/be\/locations\"\n            class=\"m08__button button\"\n            target=\"_self\">\n              RECHERCHER SUR LE SITE            <\/a>\n          \n        <\/div>\n      <\/div>\n        \n  <\/div>\n<\/article>\n\n\n\n<div style=\"height:100px\" aria-hidden=\"true\" class=\"wp-block-spacer\"><\/div>\n","protected":false},"excerpt":{"rendered":"","protected":false},"author":1,"featured_media":0,"parent":0,"menu_order":0,"comment_status":"closed","ping_status":"closed","template":"","meta":{"_trash_the_other_posts":false,"editor_notices":[],"footnotes":""},"class_list":["post-208","page","type-page","status-publish","hentry"],"yoast_head":"<!-- This site is optimized with the Yoast SEO plugin v27.3 - https:\/\/yoast.com\/product\/yoast-seo-wordpress\/ -->\n<title>\u00c0 propos - Alimak Belgium<\/title>\n<meta name=\"robots\" content=\"index, follow, max-snippet:-1, max-image-preview:large, max-video-preview:-1\" \/>\n<link rel=\"canonical\" href=\"https:\/\/alimak.com\/be\/about-us\/\" \/>\n<meta property=\"og:locale\" content=\"fr_FR\" \/>\n<meta property=\"og:type\" content=\"article\" \/>\n<meta property=\"og:title\" content=\"\u00c0 propos - Alimak Belgium\" \/>\n<meta property=\"og:url\" content=\"https:\/\/alimak.com\/be\/about-us\/\" \/>\n<meta property=\"og:site_name\" content=\"Alimak Belgium\" \/>\n<meta property=\"article:modified_time\" content=\"2023-08-23T13:07:41+00:00\" \/>\n<meta name=\"twitter:card\" content=\"summary_large_image\" \/>\n<script type=\"application\/ld+json\" class=\"yoast-schema-graph\">{\"@context\":\"https:\\\/\\\/schema.org\",\"@graph\":[{\"@type\":\"WebPage\",\"@id\":\"https:\\\/\\\/alimak.com\\\/be\\\/about-us\\\/\",\"url\":\"https:\\\/\\\/alimak.com\\\/be\\\/about-us\\\/\",\"name\":\"\u00c0 propos - Alimak Belgium\",\"isPartOf\":{\"@id\":\"https:\\\/\\\/alimak.com\\\/be\\\/#website\"},\"datePublished\":\"2020-11-12T13:02:38+00:00\",\"dateModified\":\"2023-08-23T13:07:41+00:00\",\"breadcrumb\":{\"@id\":\"https:\\\/\\\/alimak.com\\\/be\\\/about-us\\\/#breadcrumb\"},\"inLanguage\":\"fr-BE\",\"potentialAction\":[{\"@type\":\"ReadAction\",\"target\":[\"https:\\\/\\\/alimak.com\\\/be\\\/about-us\\\/\"]}]},{\"@type\":\"BreadcrumbList\",\"@id\":\"https:\\\/\\\/alimak.com\\\/be\\\/about-us\\\/#breadcrumb\",\"itemListElement\":[{\"@type\":\"ListItem\",\"position\":1,\"name\":\"Page d'accueil\",\"item\":\"https:\\\/\\\/alimak.com\\\/be\\\/\"},{\"@type\":\"ListItem\",\"position\":2,\"name\":\"\u00c0 propos\"}]},{\"@type\":\"WebSite\",\"@id\":\"https:\\\/\\\/alimak.com\\\/be\\\/#website\",\"url\":\"https:\\\/\\\/alimak.com\\\/be\\\/\",\"name\":\"Alimak Belgium\",\"description\":\"Les leaders mondiaux en mati\u00e8re de solutions d&#039;acc\u00e8s vertical\",\"potentialAction\":[{\"@type\":\"SearchAction\",\"target\":{\"@type\":\"EntryPoint\",\"urlTemplate\":\"https:\\\/\\\/alimak.com\\\/be\\\/?s={search_term_string}\"},\"query-input\":{\"@type\":\"PropertyValueSpecification\",\"valueRequired\":true,\"valueName\":\"search_term_string\"}}],\"inLanguage\":\"fr-BE\"}]}<\/script>\n<!-- \/ Yoast SEO plugin. -->","yoast_head_json":{"title":"\u00c0 propos - Alimak Belgium","robots":{"index":"index","follow":"follow","max-snippet":"max-snippet:-1","max-image-preview":"max-image-preview:large","max-video-preview":"max-video-preview:-1"},"canonical":"https:\/\/alimak.com\/be\/about-us\/","og_locale":"fr_FR","og_type":"article","og_title":"\u00c0 propos - Alimak Belgium","og_url":"https:\/\/alimak.com\/be\/about-us\/","og_site_name":"Alimak Belgium","article_modified_time":"2023-08-23T13:07:41+00:00","twitter_card":"summary_large_image","schema":{"@context":"https:\/\/schema.org","@graph":[{"@type":"WebPage","@id":"https:\/\/alimak.com\/be\/about-us\/","url":"https:\/\/alimak.com\/be\/about-us\/","name":"\u00c0 propos - Alimak Belgium","isPartOf":{"@id":"https:\/\/alimak.com\/be\/#website"},"datePublished":"2020-11-12T13:02:38+00:00","dateModified":"2023-08-23T13:07:41+00:00","breadcrumb":{"@id":"https:\/\/alimak.com\/be\/about-us\/#breadcrumb"},"inLanguage":"fr-BE","potentialAction":[{"@type":"ReadAction","target":["https:\/\/alimak.com\/be\/about-us\/"]}]},{"@type":"BreadcrumbList","@id":"https:\/\/alimak.com\/be\/about-us\/#breadcrumb","itemListElement":[{"@type":"ListItem","position":1,"name":"Page d'accueil","item":"https:\/\/alimak.com\/be\/"},{"@type":"ListItem","position":2,"name":"\u00c0 propos"}]},{"@type":"WebSite","@id":"https:\/\/alimak.com\/be\/#website","url":"https:\/\/alimak.com\/be\/","name":"Alimak Belgium","description":"Les leaders mondiaux en mati\u00e8re de solutions d&#039;acc\u00e8s vertical","potentialAction":[{"@type":"SearchAction","target":{"@type":"EntryPoint","urlTemplate":"https:\/\/alimak.com\/be\/?s={search_term_string}"},"query-input":{"@type":"PropertyValueSpecification","valueRequired":true,"valueName":"search_term_string"}}],"inLanguage":"fr-BE"}]}},"_links":{"self":[{"href":"https:\/\/alimak.com\/be\/wp-json\/wp\/v2\/pages\/208","targetHints":{"allow":["GET"]}}],"collection":[{"href":"https:\/\/alimak.com\/be\/wp-json\/wp\/v2\/pages"}],"about":[{"href":"https:\/\/alimak.com\/be\/wp-json\/wp\/v2\/types\/page"}],"author":[{"embeddable":true,"href":"https:\/\/alimak.com\/be\/wp-json\/wp\/v2\/users\/1"}],"replies":[{"embeddable":true,"href":"https:\/\/alimak.com\/be\/wp-json\/wp\/v2\/comments?post=208"}],"version-history":[{"count":3,"href":"https:\/\/alimak.com\/be\/wp-json\/wp\/v2\/pages\/208\/revisions"}],"predecessor-version":[{"id":4331,"href":"https:\/\/alimak.com\/be\/wp-json\/wp\/v2\/pages\/208\/revisions\/4331"}],"wp:attachment":[{"href":"https:\/\/alimak.com\/be\/wp-json\/wp\/v2\/media?parent=208"}],"curies":[{"name":"wp","href":"https:\/\/api.w.org\/{rel}","templated":true}]}}