{"id":209,"date":"2020-11-12T13:03:06","date_gmt":"2020-11-12T13:03:06","guid":{"rendered":"https:\/\/alimak.wpengine.com\/?page_id=209"},"modified":"2023-12-14T13:49:38","modified_gmt":"2023-12-14T13:49:38","slug":"quality-certifications","status":"publish","type":"page","link":"https:\/\/alimak.com\/be\/about-us\/quality-certifications\/","title":{"rendered":"Certifications qualit\u00e9"},"content":{"rendered":"\n<article class=\"m11 break-out\" id=\"block_5fbd040c34e31\" data-animate-container>\n\n  <nav id=\"breadcrumbs\"><div class=\"container\" data-animate><span><span><a href=\"https:\/\/alimak.com\/be\/\">Page d&rsquo;accueil<\/a><\/span><\/span><\/div><\/nav>\n  <div class=\"m11__wrapper\">\n    <div class=\"container m11__container\">\n\n      <div class=\"m11__content\">\n\n                  <h1 class=\"m11__heading uppercase\" data-animate>Certifications qualit\u00e9<\/h1>\n        \n                  <div class=\"m11__text\" data-animate>\n            <p>Alimak est certifi\u00e9 selon la Norme internationale de qualit\u00e9 ISO depuis 1993. Alimak s&rsquo;assure de maintenir ses certifications \u00e0 l&rsquo;\u00e9chelle mondiale et s&rsquo;efforce de d\u00e9passer les exigences requises par ces normes dans la prestation de ses biens et services, ce qui s&rsquo;\u00e9tend \u00e9galement aux fournisseurs avec lesquels nous travaillons. En d&rsquo;autres termes, nous respectons voire d\u00e9passons les exigences dans le cadre de projets particuliers v\u00e9rifi\u00e9s par des organismes ind\u00e9pendants tels que Lloyds, DNV et ABS.<\/p>\n          <\/div>\n        \n        \n      <\/div>\n\n              <div class=\"m11__media\">\n          <img src=https:\/\/alimak.com\/be\/wp-content\/uploads\/sites\/18\/2020\/11\/Quality-Certifications-Hero-image-1.jpg srcset=\"https:\/\/alimak.com\/be\/wp-content\/uploads\/sites\/18\/2020\/11\/Quality-Certifications-Hero-image-1.jpg 1x, https:\/\/alimak.com\/be\/wp-content\/uploads\/sites\/18\/2020\/11\/Quality-Certifications-Hero-image-1.jpg 2x\" class=\"m11__image initial\" alt=\"\" width=\"666\" height=\"592\">        <\/div>\n      \n    <\/div>\n  <\/div>\n<\/article>\n\n\n\n\n<div style=\"height:100px\" aria-hidden=\"true\" class=\"wp-block-spacer\"><\/div>\n\n\n\n<article class=\"m31 break-out\" id=\"block_5fad3c4546455\" data-animate-container>\n  <div class=\"container\">\n\n    \n          <button type=\"button\" class=\"m31__accordion-button\" data-animate>\n        <i class=\"m31__accordion-icon\" aria-hidden=\"true\"><\/i>\n        <h3 class=\"m31__accordion-title uppercase h4\">Certification ISO 45001 &#8211; Sant\u00e9 et s\u00e9curit\u00e9 au travail <\/h3>\n      <\/button>\n    \n    <div class=\"m31__accordion-wrapper\">\n      <div class=\"m31__accordion-content\">\n\n        \n                  <ul class=\"m31__accordion-downloads no-list\">\n\n            \n\t\t\t\t\t\t\t<li class=\"m31__accordion-download-item\">\n\n\t\t\t\t\t\t\t\t\n\t\t\t\t\t\t\t\t<span class=\"m31__file-heading\">ISO 45001 &#8211; Alimak Group Sweden AB (anglais)<\/span>\n\n\t\t\t\t\t\t\t\t\n\t\t\t\t\t\t\t\t\t\t\t\t\t\t\t\t\t<a\n\t\t\t\t\t\t\t\t\ttarget=\"_blank\"\n\t\t\t\t\t\t\t\t\trel=\"noopener noreferrer\"\n\t\t\t\t\t\t\t\t\tclass=\"m31__button button button--download\"\n\t\t\t\t\t\t\t\t\thref=\"https:\/\/alimak.com\/wp-content\/uploads\/2024\/09\/ISO-45001%E2%80%AF-Alimak%E2%80%AFGroup-Sweden%E2%80%AFAB-English.pdf\">\n\t\t\t\t\t\t\t\t\t\t<span>T\u00e9l\u00e9charger<\/span>\n\t\t\t\t\t\t\t\t\t\t<svg class=\"svg-icon svg-icon--icon-download\" aria-hidden=\"true\" role=\"img\"> <use href=\"#icon-download\" xlink:href=\"#icon-download\"><\/use> <\/svg>\t\t\t\t\t\t\t\t\t<\/a>\n\t\t\t\t\t\t\t\t\n\t\t\t\t\t\t\t\t\n\t\t\t\t\t\t\t<\/li>\n\n\t\t\t\t\t\t\t\n\t\t\t\t\t\t\t<li class=\"m31__accordion-download-item\">\n\n\t\t\t\t\t\t\t\t\n\t\t\t\t\t\t\t\t<span class=\"m31__file-heading\">ISO 45001 &#8211; Alimak Group Norway AS (anglais)<\/span>\n\n\t\t\t\t\t\t\t\t\n\t\t\t\t\t\t\t\t\t\t\t\t\t\t\t\t\t<a\n\t\t\t\t\t\t\t\t\ttarget=\"_blank\"\n\t\t\t\t\t\t\t\t\trel=\"noopener noreferrer\"\n\t\t\t\t\t\t\t\t\tclass=\"m31__button button button--download\"\n\t\t\t\t\t\t\t\t\thref=\"https:\/\/alimak.com\/wp-content\/uploads\/2022\/02\/ISO-45001-10000328753-MSC-NA-NOR-1-eng.pdf\">\n\t\t\t\t\t\t\t\t\t\t<span>T\u00e9l\u00e9charger<\/span>\n\t\t\t\t\t\t\t\t\t\t<svg class=\"svg-icon svg-icon--icon-download\" aria-hidden=\"true\" role=\"img\"> <use href=\"#icon-download\" xlink:href=\"#icon-download\"><\/use> <\/svg>\t\t\t\t\t\t\t\t\t<\/a>\n\t\t\t\t\t\t\t\t\n\t\t\t\t\t\t\t\t\n\t\t\t\t\t\t\t<\/li>\n\n\t\t\t\t\t\t\t\n\t\t\t\t\t\t\t<li class=\"m31__accordion-download-item\">\n\n\t\t\t\t\t\t\t\t\n\t\t\t\t\t\t\t\t<span class=\"m31__file-heading\">OHSAS 18001 &#8211; Alimak Group VAE, China (anglais)<\/span>\n\n\t\t\t\t\t\t\t\t\t\t\t\t\t\t\t\t\t<a\n\t\t\t\t\t\t\t\t\ttarget=\"_blank\"\n\t\t\t\t\t\t\t\t\trel=\"noopener noreferrer\"\n\t\t\t\t\t\t\t\t\tclass=\"m31__button button button--download\"\n\t\t\t\t\t\t\t\t\thref=\"https:\/\/alimak.com\/be\/wp-content\/uploads\/sites\/18\/2020\/11\/OHSAS-18001-Alimak-Group-VAE-China-English.pdf\"\n\t\t\t\t\t\t\t\t\tdownload=\"OHSAS-18001-Alimak-Group-VAE-China-English.pdf\">\n\t\t\t\t\t\t\t\t\t\t<span>T\u00e9l\u00e9charger<\/span>\n\t\t\t\t\t\t\t\t\t\t<svg class=\"svg-icon svg-icon--icon-download\" aria-hidden=\"true\" role=\"img\"> <use href=\"#icon-download\" xlink:href=\"#icon-download\"><\/use> <\/svg>\t\t\t\t\t\t\t\t\t<\/a>\n\t\t\t\t\t\t\t\t\n\t\t\t\t\t\t\t\t\n\t\t\t\t\t\t\t\t\n\t\t\t\t\t\t\t<\/li>\n\n\t\t\t\t\t\t\t\n          <\/ul>\n        \n      <\/div>\n    <\/div>\n\n\t<\/div>\n\t\n\t<\/article>\n\n\n\n<article class=\"m31 break-out\" id=\"block_5fad41d8fae45\" data-animate-container>\n  <div class=\"container\">\n\n    \n          <button type=\"button\" class=\"m31__accordion-button\" data-animate>\n        <i class=\"m31__accordion-icon\" aria-hidden=\"true\"><\/i>\n        <h3 class=\"m31__accordion-title uppercase h4\">Certification ISO 9001 &#8211; Management de la qualit\u00e9<\/h3>\n      <\/button>\n    \n    <div class=\"m31__accordion-wrapper\">\n      <div class=\"m31__accordion-content\">\n\n        \n                  <ul class=\"m31__accordion-downloads no-list\">\n\n            \n\t\t\t\t\t\t\t<li class=\"m31__accordion-download-item\">\n\n\t\t\t\t\t\t\t\t\n\t\t\t\t\t\t\t\t<span class=\"m31__file-heading\">ISO 9001 &#8211; Alimak Group Sweden AB (anglais)<\/span>\n\n\t\t\t\t\t\t\t\t\n\t\t\t\t\t\t\t\t\t\t\t\t\t\t\t\t\t<a\n\t\t\t\t\t\t\t\t\ttarget=\"_blank\"\n\t\t\t\t\t\t\t\t\trel=\"noopener noreferrer\"\n\t\t\t\t\t\t\t\t\tclass=\"m31__button button button--download\"\n\t\t\t\t\t\t\t\t\thref=\"https:\/\/alimak.com\/wp-content\/uploads\/2024\/09\/ISO-9001-Alimak%E2%80%AFGroup-Sweden%E2%80%AFAB-English.pdf\">\n\t\t\t\t\t\t\t\t\t\t<span>T\u00e9l\u00e9charger<\/span>\n\t\t\t\t\t\t\t\t\t\t<svg class=\"svg-icon svg-icon--icon-download\" aria-hidden=\"true\" role=\"img\"> <use href=\"#icon-download\" xlink:href=\"#icon-download\"><\/use> <\/svg>\t\t\t\t\t\t\t\t\t<\/a>\n\t\t\t\t\t\t\t\t\n\t\t\t\t\t\t\t\t\n\t\t\t\t\t\t\t<\/li>\n\n\t\t\t\t\t\t\t\n\t\t\t\t\t\t\t<li class=\"m31__accordion-download-item\">\n\n\t\t\t\t\t\t\t\t\n\t\t\t\t\t\t\t\t<span class=\"m31__file-heading\">ISO 9001 &#8211; Alimak Group VAE, China (anglais)<\/span>\n\n\t\t\t\t\t\t\t\t\t\t\t\t\t\t\t\t\t<a\n\t\t\t\t\t\t\t\t\ttarget=\"_blank\"\n\t\t\t\t\t\t\t\t\trel=\"noopener noreferrer\"\n\t\t\t\t\t\t\t\t\tclass=\"m31__button button button--download\"\n\t\t\t\t\t\t\t\t\thref=\"https:\/\/alimak.com\/be\/wp-content\/uploads\/sites\/18\/2020\/11\/ISO-9001-Alimak-Group-VAE-China-English.pdf\"\n\t\t\t\t\t\t\t\t\tdownload=\"ISO-9001-Alimak-Group-VAE-China-English.pdf\">\n\t\t\t\t\t\t\t\t\t\t<span>T\u00e9l\u00e9charger<\/span>\n\t\t\t\t\t\t\t\t\t\t<svg class=\"svg-icon svg-icon--icon-download\" aria-hidden=\"true\" role=\"img\"> <use href=\"#icon-download\" xlink:href=\"#icon-download\"><\/use> <\/svg>\t\t\t\t\t\t\t\t\t<\/a>\n\t\t\t\t\t\t\t\t\n\t\t\t\t\t\t\t\t\n\t\t\t\t\t\t\t\t\n\t\t\t\t\t\t\t<\/li>\n\n\t\t\t\t\t\t\t\n\t\t\t\t\t\t\t<li class=\"m31__accordion-download-item\">\n\n\t\t\t\t\t\t\t\t\n\t\t\t\t\t\t\t\t<span class=\"m31__file-heading\">ISO 9001 &#8211; Alimak Group Norway A\/S (anglais)<\/span>\n\n\t\t\t\t\t\t\t\t\n\t\t\t\t\t\t\t\t\t\t\t\t\t\t\t\t\t<a\n\t\t\t\t\t\t\t\t\ttarget=\"_blank\"\n\t\t\t\t\t\t\t\t\trel=\"noopener noreferrer\"\n\t\t\t\t\t\t\t\t\tclass=\"m31__button button button--download\"\n\t\t\t\t\t\t\t\t\thref=\"https:\/\/alimak.com\/wp-content\/uploads\/2022\/02\/ISO-9001-10000328752-MSC-NA-NOR-1-eng.pdf\">\n\t\t\t\t\t\t\t\t\t\t<span>T\u00e9l\u00e9charger<\/span>\n\t\t\t\t\t\t\t\t\t\t<svg class=\"svg-icon svg-icon--icon-download\" aria-hidden=\"true\" role=\"img\"> <use href=\"#icon-download\" xlink:href=\"#icon-download\"><\/use> <\/svg>\t\t\t\t\t\t\t\t\t<\/a>\n\t\t\t\t\t\t\t\t\n\t\t\t\t\t\t\t\t\n\t\t\t\t\t\t\t<\/li>\n\n\t\t\t\t\t\t\t\n          <\/ul>\n        \n      <\/div>\n    <\/div>\n\n\t<\/div>\n\t\n\t<\/article>\n\n\n\n<article class=\"m31 break-out\" id=\"block_5fad42dafae4a\" data-animate-container>\n  <div class=\"container\">\n\n    \n          <button type=\"button\" class=\"m31__accordion-button\" data-animate>\n        <i class=\"m31__accordion-icon\" aria-hidden=\"true\"><\/i>\n        <h3 class=\"m31__accordion-title uppercase h4\">Certification ISO 14001 &#8211; Management environnemental<\/h3>\n      <\/button>\n    \n    <div class=\"m31__accordion-wrapper\">\n      <div class=\"m31__accordion-content\">\n\n        \n                  <ul class=\"m31__accordion-downloads no-list\">\n\n            \n\t\t\t\t\t\t\t<li class=\"m31__accordion-download-item\">\n\n\t\t\t\t\t\t\t\t\n\t\t\t\t\t\t\t\t<span class=\"m31__file-heading\">Ecovadis Sustainability Performance &#8211; Gold Rating<\/span>\n\n\t\t\t\t\t\t\t\t\n\t\t\t\t\t\t\t\t\t\t\t\t\t\t\t\t\t<a\n\t\t\t\t\t\t\t\t\ttarget=\"_blank\"\n\t\t\t\t\t\t\t\t\trel=\"noopener noreferrer\"\n\t\t\t\t\t\t\t\t\tclass=\"m31__button button button--download\"\n\t\t\t\t\t\t\t\t\thref=\"https:\/\/alimak.com\/wp-content\/uploads\/2021\/12\/ALIMAK_GROUP_SWEDEN_AB_EcoVadis_Rating_Certificate_2021_11_25.pdf\">\n\t\t\t\t\t\t\t\t\t\t<span>T\u00e9l\u00e9charger<\/span>\n\t\t\t\t\t\t\t\t\t\t<svg class=\"svg-icon svg-icon--icon-download\" aria-hidden=\"true\" role=\"img\"> <use href=\"#icon-download\" xlink:href=\"#icon-download\"><\/use> <\/svg>\t\t\t\t\t\t\t\t\t<\/a>\n\t\t\t\t\t\t\t\t\n\t\t\t\t\t\t\t\t\n\t\t\t\t\t\t\t<\/li>\n\n\t\t\t\t\t\t\t\n\t\t\t\t\t\t\t<li class=\"m31__accordion-download-item\">\n\n\t\t\t\t\t\t\t\t\n\t\t\t\t\t\t\t\t<span class=\"m31__file-heading\">ISO 14001 &#8211; Alimak Group Sweden AB (anglais)<\/span>\n\n\t\t\t\t\t\t\t\t\n\t\t\t\t\t\t\t\t\t\t\t\t\t\t\t\t\t<a\n\t\t\t\t\t\t\t\t\ttarget=\"_blank\"\n\t\t\t\t\t\t\t\t\trel=\"noopener noreferrer\"\n\t\t\t\t\t\t\t\t\tclass=\"m31__button button button--download\"\n\t\t\t\t\t\t\t\t\thref=\"https:\/\/alimak.com\/wp-content\/uploads\/2021\/09\/ISO-9001-Alimak%E2%80%AFGroup-Sweden%E2%80%AFAB-English.pdf\">\n\t\t\t\t\t\t\t\t\t\t<span>T\u00e9l\u00e9charger<\/span>\n\t\t\t\t\t\t\t\t\t\t<svg class=\"svg-icon svg-icon--icon-download\" aria-hidden=\"true\" role=\"img\"> <use href=\"#icon-download\" xlink:href=\"#icon-download\"><\/use> <\/svg>\t\t\t\t\t\t\t\t\t<\/a>\n\t\t\t\t\t\t\t\t\n\t\t\t\t\t\t\t\t\n\t\t\t\t\t\t\t<\/li>\n\n\t\t\t\t\t\t\t\n\t\t\t\t\t\t\t<li class=\"m31__accordion-download-item\">\n\n\t\t\t\t\t\t\t\t\n\t\t\t\t\t\t\t\t<span class=\"m31__file-heading\">ISO 14001 &#8211; Alimak Group VAE, China (anglais)<\/span>\n\n\t\t\t\t\t\t\t\t\t\t\t\t\t\t\t\t\t<a\n\t\t\t\t\t\t\t\t\ttarget=\"_blank\"\n\t\t\t\t\t\t\t\t\trel=\"noopener noreferrer\"\n\t\t\t\t\t\t\t\t\tclass=\"m31__button button button--download\"\n\t\t\t\t\t\t\t\t\thref=\"https:\/\/alimak.com\/be\/wp-content\/uploads\/sites\/18\/2020\/11\/ISO-14001-Alimak-Group-VAE-China-English.pdf\"\n\t\t\t\t\t\t\t\t\tdownload=\"ISO-14001-Alimak-Group-VAE-China-English.pdf\">\n\t\t\t\t\t\t\t\t\t\t<span>T\u00e9l\u00e9charger<\/span>\n\t\t\t\t\t\t\t\t\t\t<svg class=\"svg-icon svg-icon--icon-download\" aria-hidden=\"true\" role=\"img\"> <use href=\"#icon-download\" xlink:href=\"#icon-download\"><\/use> <\/svg>\t\t\t\t\t\t\t\t\t<\/a>\n\t\t\t\t\t\t\t\t\n\t\t\t\t\t\t\t\t\n\t\t\t\t\t\t\t\t\n\t\t\t\t\t\t\t<\/li>\n\n\t\t\t\t\t\t\t\n\t\t\t\t\t\t\t<li class=\"m31__accordion-download-item\">\n\n\t\t\t\t\t\t\t\t\n\t\t\t\t\t\t\t\t<span class=\"m31__file-heading\">ISO 14001 &#8211; Alimak Group Norway A\/S (anglais)<\/span>\n\n\t\t\t\t\t\t\t\t\n\t\t\t\t\t\t\t\t\t\t\t\t\t\t\t\t\t<a\n\t\t\t\t\t\t\t\t\ttarget=\"_blank\"\n\t\t\t\t\t\t\t\t\trel=\"noopener noreferrer\"\n\t\t\t\t\t\t\t\t\tclass=\"m31__button button button--download\"\n\t\t\t\t\t\t\t\t\thref=\"https:\/\/alimak.com\/wp-content\/uploads\/2022\/02\/ISO-14001-10000328754-MSC-NA-NOR-1-eng.pdf\">\n\t\t\t\t\t\t\t\t\t\t<span>T\u00e9l\u00e9charger<\/span>\n\t\t\t\t\t\t\t\t\t\t<svg class=\"svg-icon svg-icon--icon-download\" aria-hidden=\"true\" role=\"img\"> <use href=\"#icon-download\" xlink:href=\"#icon-download\"><\/use> <\/svg>\t\t\t\t\t\t\t\t\t<\/a>\n\t\t\t\t\t\t\t\t\n\t\t\t\t\t\t\t\t\n\t\t\t\t\t\t\t<\/li>\n\n\t\t\t\t\t\t\t\n          <\/ul>\n        \n      <\/div>\n    <\/div>\n\n\t<\/div>\n\t\n\t<\/article>\n\n\n\n<article class=\"m31 break-out\" id=\"block_5fad4377fae4f\" data-animate-container>\n  <div class=\"container\">\n\n    \n          <button type=\"button\" class=\"m31__accordion-button\" data-animate>\n        <i class=\"m31__accordion-icon\" aria-hidden=\"true\"><\/i>\n        <h3 class=\"m31__accordion-title uppercase h4\">Certification JQS<\/h3>\n      <\/button>\n    \n    <div class=\"m31__accordion-wrapper\">\n      <div class=\"m31__accordion-content\">\n\n        \n                  <ul class=\"m31__accordion-downloads no-list\">\n\n            \n\t\t\t\t\t\t\t<li class=\"m31__accordion-download-item\">\n\n\t\t\t\t\t\t\t\t\n\t\t\t\t\t\t\t\t<span class=\"m31__file-heading\">Magnet JQS &#8211; Alimak Group Norway AS (anglais)<\/span>\n\n\t\t\t\t\t\t\t\t\t\t\t\t\t\t\t\t\t<a\n\t\t\t\t\t\t\t\t\ttarget=\"_blank\"\n\t\t\t\t\t\t\t\t\trel=\"noopener noreferrer\"\n\t\t\t\t\t\t\t\t\tclass=\"m31__button button button--download\"\n\t\t\t\t\t\t\t\t\thref=\"https:\/\/alimak.com\/be\/wp-content\/uploads\/sites\/18\/2024\/06\/7-June-Original-1-copy.jpeg\"\n\t\t\t\t\t\t\t\t\tdownload=\"7-June-Original-1-copy.jpeg\">\n\t\t\t\t\t\t\t\t\t\t<span>T\u00e9l\u00e9charger<\/span>\n\t\t\t\t\t\t\t\t\t\t<svg class=\"svg-icon svg-icon--icon-download\" aria-hidden=\"true\" role=\"img\"> <use href=\"#icon-download\" xlink:href=\"#icon-download\"><\/use> <\/svg>\t\t\t\t\t\t\t\t\t<\/a>\n\t\t\t\t\t\t\t\t\n\t\t\t\t\t\t\t\t\n\t\t\t\t\t\t\t\t\n\t\t\t\t\t\t\t<\/li>\n\n\t\t\t\t\t\t\t\n          <\/ul>\n        \n      <\/div>\n    <\/div>\n\n\t<\/div>\n\t\n\t<\/article>\n\n\n\n<article class=\"m31 break-out\" id=\"block_5fad43aefae52\" data-animate-container>\n  <div class=\"container\">\n\n    \n          <button type=\"button\" class=\"m31__accordion-button\" data-animate>\n        <i class=\"m31__accordion-icon\" aria-hidden=\"true\"><\/i>\n        <h3 class=\"m31__accordion-title uppercase h4\">Certification de soudage<\/h3>\n      <\/button>\n    \n    <div class=\"m31__accordion-wrapper\">\n      <div class=\"m31__accordion-content\">\n\n        \n                  <ul class=\"m31__accordion-downloads no-list\">\n\n            \n\t\t\t\t\t\t\t<li class=\"m31__accordion-download-item\">\n\n\t\t\t\t\t\t\t\t\n\t\t\t\t\t\t\t\t<span class=\"m31__file-heading\">ISO 3834-2 &#8211; Alimak Group Sweden AB (anglais)<\/span>\n\n\t\t\t\t\t\t\t\t\n\t\t\t\t\t\t\t\t\t\t\t\t\t\t\t\t\t<a\n\t\t\t\t\t\t\t\t\ttarget=\"_blank\"\n\t\t\t\t\t\t\t\t\trel=\"noopener noreferrer\"\n\t\t\t\t\t\t\t\t\tclass=\"m31__button button button--download\"\n\t\t\t\t\t\t\t\t\thref=\"https:\/\/alimak.com\/wp-content\/uploads\/2022\/08\/12407-02en.pdf\">\n\t\t\t\t\t\t\t\t\t\t<span>T\u00e9l\u00e9charger<\/span>\n\t\t\t\t\t\t\t\t\t\t<svg class=\"svg-icon svg-icon--icon-download\" aria-hidden=\"true\" role=\"img\"> <use href=\"#icon-download\" xlink:href=\"#icon-download\"><\/use> <\/svg>\t\t\t\t\t\t\t\t\t<\/a>\n\t\t\t\t\t\t\t\t\n\t\t\t\t\t\t\t\t\n\t\t\t\t\t\t\t<\/li>\n\n\t\t\t\t\t\t\t\n          <\/ul>\n        \n      <\/div>\n    <\/div>\n\n\t<\/div>\n\t\n\t<\/article>\n\n\n\n<div style=\"height:100px\" aria-hidden=\"true\" class=\"wp-block-spacer\"><\/div>\n","protected":false},"excerpt":{"rendered":"","protected":false},"author":1,"featured_media":0,"parent":208,"menu_order":0,"comment_status":"closed","ping_status":"closed","template":"","meta":{"_trash_the_other_posts":false,"editor_notices":[],"footnotes":""},"class_list":["post-209","page","type-page","status-publish","hentry"],"yoast_head":"<!-- This site is optimized with the Yoast SEO plugin v27.3 - https:\/\/yoast.com\/product\/yoast-seo-wordpress\/ -->\n<title>Certifications qualit\u00e9 - Alimak Belgium<\/title>\n<meta name=\"robots\" content=\"index, follow, max-snippet:-1, max-image-preview:large, max-video-preview:-1\" \/>\n<link rel=\"canonical\" href=\"https:\/\/alimak.com\/be\/about-us\/quality-certifications\/\" \/>\n<meta property=\"og:locale\" content=\"fr_FR\" \/>\n<meta property=\"og:type\" content=\"article\" \/>\n<meta property=\"og:title\" content=\"Certifications qualit\u00e9 - Alimak Belgium\" \/>\n<meta property=\"og:url\" content=\"https:\/\/alimak.com\/be\/about-us\/quality-certifications\/\" \/>\n<meta property=\"og:site_name\" content=\"Alimak Belgium\" \/>\n<meta property=\"article:modified_time\" content=\"2023-12-14T13:49:38+00:00\" \/>\n<meta name=\"twitter:card\" content=\"summary_large_image\" \/>\n<script type=\"application\/ld+json\" class=\"yoast-schema-graph\">{\"@context\":\"https:\\\/\\\/schema.org\",\"@graph\":[{\"@type\":\"WebPage\",\"@id\":\"https:\\\/\\\/alimak.com\\\/be\\\/about-us\\\/quality-certifications\\\/\",\"url\":\"https:\\\/\\\/alimak.com\\\/be\\\/about-us\\\/quality-certifications\\\/\",\"name\":\"Certifications qualit\u00e9 - Alimak Belgium\",\"isPartOf\":{\"@id\":\"https:\\\/\\\/alimak.com\\\/be\\\/#website\"},\"datePublished\":\"2020-11-12T13:03:06+00:00\",\"dateModified\":\"2023-12-14T13:49:38+00:00\",\"breadcrumb\":{\"@id\":\"https:\\\/\\\/alimak.com\\\/be\\\/about-us\\\/quality-certifications\\\/#breadcrumb\"},\"inLanguage\":\"fr-BE\",\"potentialAction\":[{\"@type\":\"ReadAction\",\"target\":[\"https:\\\/\\\/alimak.com\\\/be\\\/about-us\\\/quality-certifications\\\/\"]}]},{\"@type\":\"BreadcrumbList\",\"@id\":\"https:\\\/\\\/alimak.com\\\/be\\\/about-us\\\/quality-certifications\\\/#breadcrumb\",\"itemListElement\":[{\"@type\":\"ListItem\",\"position\":1,\"name\":\"Page d'accueil\",\"item\":\"https:\\\/\\\/alimak.com\\\/be\\\/\"},{\"@type\":\"ListItem\",\"position\":2,\"name\":\"\u00c0 propos\",\"item\":\"https:\\\/\\\/alimak.com\\\/be\\\/about-us\\\/\"},{\"@type\":\"ListItem\",\"position\":3,\"name\":\"Certifications qualit\u00e9\"}]},{\"@type\":\"WebSite\",\"@id\":\"https:\\\/\\\/alimak.com\\\/be\\\/#website\",\"url\":\"https:\\\/\\\/alimak.com\\\/be\\\/\",\"name\":\"Alimak Belgium\",\"description\":\"Les leaders mondiaux en mati\u00e8re de solutions d&#039;acc\u00e8s vertical\",\"potentialAction\":[{\"@type\":\"SearchAction\",\"target\":{\"@type\":\"EntryPoint\",\"urlTemplate\":\"https:\\\/\\\/alimak.com\\\/be\\\/?s={search_term_string}\"},\"query-input\":{\"@type\":\"PropertyValueSpecification\",\"valueRequired\":true,\"valueName\":\"search_term_string\"}}],\"inLanguage\":\"fr-BE\"}]}<\/script>\n<!-- \/ Yoast SEO plugin. -->","yoast_head_json":{"title":"Certifications qualit\u00e9 - Alimak Belgium","robots":{"index":"index","follow":"follow","max-snippet":"max-snippet:-1","max-image-preview":"max-image-preview:large","max-video-preview":"max-video-preview:-1"},"canonical":"https:\/\/alimak.com\/be\/about-us\/quality-certifications\/","og_locale":"fr_FR","og_type":"article","og_title":"Certifications qualit\u00e9 - Alimak Belgium","og_url":"https:\/\/alimak.com\/be\/about-us\/quality-certifications\/","og_site_name":"Alimak Belgium","article_modified_time":"2023-12-14T13:49:38+00:00","twitter_card":"summary_large_image","schema":{"@context":"https:\/\/schema.org","@graph":[{"@type":"WebPage","@id":"https:\/\/alimak.com\/be\/about-us\/quality-certifications\/","url":"https:\/\/alimak.com\/be\/about-us\/quality-certifications\/","name":"Certifications qualit\u00e9 - Alimak Belgium","isPartOf":{"@id":"https:\/\/alimak.com\/be\/#website"},"datePublished":"2020-11-12T13:03:06+00:00","dateModified":"2023-12-14T13:49:38+00:00","breadcrumb":{"@id":"https:\/\/alimak.com\/be\/about-us\/quality-certifications\/#breadcrumb"},"inLanguage":"fr-BE","potentialAction":[{"@type":"ReadAction","target":["https:\/\/alimak.com\/be\/about-us\/quality-certifications\/"]}]},{"@type":"BreadcrumbList","@id":"https:\/\/alimak.com\/be\/about-us\/quality-certifications\/#breadcrumb","itemListElement":[{"@type":"ListItem","position":1,"name":"Page d'accueil","item":"https:\/\/alimak.com\/be\/"},{"@type":"ListItem","position":2,"name":"\u00c0 propos","item":"https:\/\/alimak.com\/be\/about-us\/"},{"@type":"ListItem","position":3,"name":"Certifications qualit\u00e9"}]},{"@type":"WebSite","@id":"https:\/\/alimak.com\/be\/#website","url":"https:\/\/alimak.com\/be\/","name":"Alimak Belgium","description":"Les leaders mondiaux en mati\u00e8re de solutions d&#039;acc\u00e8s vertical","potentialAction":[{"@type":"SearchAction","target":{"@type":"EntryPoint","urlTemplate":"https:\/\/alimak.com\/be\/?s={search_term_string}"},"query-input":{"@type":"PropertyValueSpecification","valueRequired":true,"valueName":"search_term_string"}}],"inLanguage":"fr-BE"}]}},"_links":{"self":[{"href":"https:\/\/alimak.com\/be\/wp-json\/wp\/v2\/pages\/209","targetHints":{"allow":["GET"]}}],"collection":[{"href":"https:\/\/alimak.com\/be\/wp-json\/wp\/v2\/pages"}],"about":[{"href":"https:\/\/alimak.com\/be\/wp-json\/wp\/v2\/types\/page"}],"author":[{"embeddable":true,"href":"https:\/\/alimak.com\/be\/wp-json\/wp\/v2\/users\/1"}],"replies":[{"embeddable":true,"href":"https:\/\/alimak.com\/be\/wp-json\/wp\/v2\/comments?post=209"}],"version-history":[{"count":14,"href":"https:\/\/alimak.com\/be\/wp-json\/wp\/v2\/pages\/209\/revisions"}],"predecessor-version":[{"id":4867,"href":"https:\/\/alimak.com\/be\/wp-json\/wp\/v2\/pages\/209\/revisions\/4867"}],"up":[{"embeddable":true,"href":"https:\/\/alimak.com\/be\/wp-json\/wp\/v2\/pages\/208"}],"wp:attachment":[{"href":"https:\/\/alimak.com\/be\/wp-json\/wp\/v2\/media?parent=209"}],"curies":[{"name":"wp","href":"https:\/\/api.w.org\/{rel}","templated":true}]}}