{"id":214,"date":"2020-11-12T13:20:41","date_gmt":"2020-11-12T13:20:41","guid":{"rendered":"https:\/\/alimak.wpengine.com\/?page_id=214"},"modified":"2021-11-09T11:47:48","modified_gmt":"2021-11-09T11:47:48","slug":"contact-us","status":"publish","type":"page","link":"https:\/\/alimak.com\/be\/contact-us\/","title":{"rendered":"Nous contacter"},"content":{"rendered":"\n<article class=\"m08 break-out\" id=\"block_5fd9ce3952a8d\" data-animate-container>\n  <div class=\"container m08__container\">\n\n          <div class=\"m08__block m08__block--one\">\n        <div class=\"m08__content\">\n\n                      <h2 class=\"m08__heading uppercase h3\" data-animate>Nous contacter<\/h2>\n          \n                      <div class=\"m08__text\" data-animate>\n              <p class=\"m26__location__address\">Alimak Group Benelux NV<br \/>\nHerentalsebaan 645<br \/>\nB-2160 Wommelgem<br \/>\nBelgium<\/p>\n<p class=\"m26__location__phone\">Phone:\u00a0<a class=\"m26__location__phone__link\" href=\"tel:+3232441600\">+32 32 44 16 00<\/a><\/p>\n            <\/div>\n          \n          \n        <\/div>\n      <\/div>\n    \n          <div class=\"m08__block m08__block--two\">\n        <div class=\"m08__content\">\n\n                      <h2 class=\"m08__heading uppercase h3\" data-animate>Trouver un repr\u00e9sentant<\/h2>\n          \n                      <div class=\"m08__text\" data-animate>\n              <p>Pr\u00e9sent sur les six continents, Alimak utilise son r\u00e9seau mondial pour fournir des solutions d&rsquo;acc\u00e8s vertical pour un large \u00e9ventail d&rsquo;applications sur les chantiers de construction et les sites industriels dans le monde entier. Contactez-nous pour trouver un repr\u00e9sentant local du r\u00e9seau mondial d&rsquo;Alimak.<\/p>\n            <\/div>\n          \n                      <a\n            data-animate\n            href=\"\/be\/locations\"\n            class=\"m08__button button\"\n            target=\"_self\">\n              Annuaire mondial            <\/a>\n          \n        <\/div>\n      <\/div>\n        \n  <\/div>\n<\/article>\n\n\n\n<article class=\"m26 break-out\" id=\"block_6033d383e4cc9\" data-animate-container>\n\t<div class=\"container m26__container\">\n\n\t\t\t\t\t<h3 class=\"m26__title\" data-animate>autres lieux<\/h3>\n\t\t\n\t\t\t\t<div class=\"m26__grid\">\n\t\t\t\t\t\t\t\t<div class=\"m26__grid__item m26__location\" data-animate data-delay=\"0\">\n\t\t\t\t\t\t\t\t\t\t\t\t<h5 class=\"m26__location__title\">Belgique<\/h5>\n\t\t\t\t\t\t\n\t\t\t\t\t\t\t\t\t\t\t\t<p class=\"m26__location__address\">\n\t\t\t\t\t\t\tAlimak\u00a0Service Center &#8211; Benelux<br \/>\r\nP.O. Box 2040<br \/>\r\n5001 CA\u00a0Tilburg<br \/>\r\nThe Netherlands<br \/>\r\n<br \/>\r\nAdresse :<br \/>\r\nSwaardvenstraat 10,\u00a05048 AV Tilburg, The Netherlands\t\t\t\t\t\t<\/p>\n\t\t\t\t\t\t\n\t\t\t\t\t\t\t\t\t\t\t\t\t<p class=\"m26__location__phone\"><b>T\u00e9l\u00e9phone :<\/b> <a href=\"tel:+31(0)135148600\" class=\"m26__location__phone__link\">+31 (0)13 514 86 00<\/a><\/p>\n\t\t\t\t\t\t\n\t\t\t\t\t\t<p class=\"m26__location__email\"><a href=\"https:\/\/alimak.com\/be\/request-a-quote\">Renseignements<\/a><\/p>\n\n\t\t\t\t\t<\/div>\n\t\t\t\t\t\t\t<\/div>\n\t\t\t<\/div>\n<\/article>\n\n\n\n<article class=\"m14 break-out\" id=\"block_5fae492d86bad\" data-animate-container>\n\t<div class=\"container\">\n\n\t<div class=\"m14__introduction large\">  \n\t\t\t\t<h2 class=\"m14__heading uppercase h3\" data-animate>OBTENIR PLUS D&#039;INFORMATIONS OU UN DEVIS<\/h2>\n\t  \t  \t\t<div class=\"m14__content\" data-animate>\n\t\t\t<p>Besoin d&rsquo;aide pour la s\u00e9lection de produits pour un projet \u00e0 venir\u00a0? Contactez nos experts pour obtenir des informations sur la gamme de solutions d&rsquo;acc\u00e8s vertical disponibles et un devis pour r\u00e9pondre aux besoins de votre projet.<\/p>\n\t\t<\/div>\n\t  \t<\/div>\n\n\t\t\t<div class=\"m14__form\" data-animate>\n\t\t\t<div class=\"gform_wrapper\">\n\t\t\t\t<div\n\t\t\t\tclass=\"m14__hubspot\"\n\t\t\t\tdata-form-id=\"632ad0c0-bce0-4771-bd17-ec4816b76d10\"\n\t\t\t\tdata-portal-id=\"8464480\"><\/div>\n\t\t\t<\/div>\n\t\t<\/div>\n\t\n  <\/div>\n<\/article>\n\n\n\n<div style=\"height:100px\" aria-hidden=\"true\" class=\"wp-block-spacer\"><\/div>\n","protected":false},"excerpt":{"rendered":"","protected":false},"author":1,"featured_media":0,"parent":0,"menu_order":0,"comment_status":"closed","ping_status":"closed","template":"","meta":{"_trash_the_other_posts":false,"editor_notices":[],"footnotes":""},"class_list":["post-214","page","type-page","status-publish","hentry"],"yoast_head":"<!-- This site is optimized with the Yoast SEO plugin v27.3 - https:\/\/yoast.com\/product\/yoast-seo-wordpress\/ -->\n<title>Nous contacter - Alimak Belgium<\/title>\n<meta name=\"robots\" content=\"index, follow, max-snippet:-1, max-image-preview:large, max-video-preview:-1\" \/>\n<link rel=\"canonical\" href=\"https:\/\/alimak.com\/be\/contact-us\/\" \/>\n<meta property=\"og:locale\" content=\"fr_FR\" \/>\n<meta property=\"og:type\" content=\"article\" \/>\n<meta property=\"og:title\" content=\"Nous contacter - Alimak Belgium\" \/>\n<meta property=\"og:url\" content=\"https:\/\/alimak.com\/be\/contact-us\/\" \/>\n<meta property=\"og:site_name\" content=\"Alimak Belgium\" \/>\n<meta property=\"article:modified_time\" content=\"2021-11-09T11:47:48+00:00\" \/>\n<meta name=\"twitter:card\" content=\"summary_large_image\" \/>\n<script type=\"application\/ld+json\" class=\"yoast-schema-graph\">{\"@context\":\"https:\\\/\\\/schema.org\",\"@graph\":[{\"@type\":\"WebPage\",\"@id\":\"https:\\\/\\\/alimak.com\\\/be\\\/contact-us\\\/\",\"url\":\"https:\\\/\\\/alimak.com\\\/be\\\/contact-us\\\/\",\"name\":\"Nous contacter - Alimak Belgium\",\"isPartOf\":{\"@id\":\"https:\\\/\\\/alimak.com\\\/be\\\/#website\"},\"datePublished\":\"2020-11-12T13:20:41+00:00\",\"dateModified\":\"2021-11-09T11:47:48+00:00\",\"breadcrumb\":{\"@id\":\"https:\\\/\\\/alimak.com\\\/be\\\/contact-us\\\/#breadcrumb\"},\"inLanguage\":\"fr-BE\",\"potentialAction\":[{\"@type\":\"ReadAction\",\"target\":[\"https:\\\/\\\/alimak.com\\\/be\\\/contact-us\\\/\"]}]},{\"@type\":\"BreadcrumbList\",\"@id\":\"https:\\\/\\\/alimak.com\\\/be\\\/contact-us\\\/#breadcrumb\",\"itemListElement\":[{\"@type\":\"ListItem\",\"position\":1,\"name\":\"Page d'accueil\",\"item\":\"https:\\\/\\\/alimak.com\\\/be\\\/\"},{\"@type\":\"ListItem\",\"position\":2,\"name\":\"Nous contacter\"}]},{\"@type\":\"WebSite\",\"@id\":\"https:\\\/\\\/alimak.com\\\/be\\\/#website\",\"url\":\"https:\\\/\\\/alimak.com\\\/be\\\/\",\"name\":\"Alimak Belgium\",\"description\":\"Les leaders mondiaux en mati\u00e8re de solutions d&#039;acc\u00e8s vertical\",\"potentialAction\":[{\"@type\":\"SearchAction\",\"target\":{\"@type\":\"EntryPoint\",\"urlTemplate\":\"https:\\\/\\\/alimak.com\\\/be\\\/?s={search_term_string}\"},\"query-input\":{\"@type\":\"PropertyValueSpecification\",\"valueRequired\":true,\"valueName\":\"search_term_string\"}}],\"inLanguage\":\"fr-BE\"}]}<\/script>\n<!-- \/ Yoast SEO plugin. -->","yoast_head_json":{"title":"Nous contacter - Alimak Belgium","robots":{"index":"index","follow":"follow","max-snippet":"max-snippet:-1","max-image-preview":"max-image-preview:large","max-video-preview":"max-video-preview:-1"},"canonical":"https:\/\/alimak.com\/be\/contact-us\/","og_locale":"fr_FR","og_type":"article","og_title":"Nous contacter - Alimak Belgium","og_url":"https:\/\/alimak.com\/be\/contact-us\/","og_site_name":"Alimak Belgium","article_modified_time":"2021-11-09T11:47:48+00:00","twitter_card":"summary_large_image","schema":{"@context":"https:\/\/schema.org","@graph":[{"@type":"WebPage","@id":"https:\/\/alimak.com\/be\/contact-us\/","url":"https:\/\/alimak.com\/be\/contact-us\/","name":"Nous contacter - Alimak Belgium","isPartOf":{"@id":"https:\/\/alimak.com\/be\/#website"},"datePublished":"2020-11-12T13:20:41+00:00","dateModified":"2021-11-09T11:47:48+00:00","breadcrumb":{"@id":"https:\/\/alimak.com\/be\/contact-us\/#breadcrumb"},"inLanguage":"fr-BE","potentialAction":[{"@type":"ReadAction","target":["https:\/\/alimak.com\/be\/contact-us\/"]}]},{"@type":"BreadcrumbList","@id":"https:\/\/alimak.com\/be\/contact-us\/#breadcrumb","itemListElement":[{"@type":"ListItem","position":1,"name":"Page d'accueil","item":"https:\/\/alimak.com\/be\/"},{"@type":"ListItem","position":2,"name":"Nous contacter"}]},{"@type":"WebSite","@id":"https:\/\/alimak.com\/be\/#website","url":"https:\/\/alimak.com\/be\/","name":"Alimak Belgium","description":"Les leaders mondiaux en mati\u00e8re de solutions d&#039;acc\u00e8s vertical","potentialAction":[{"@type":"SearchAction","target":{"@type":"EntryPoint","urlTemplate":"https:\/\/alimak.com\/be\/?s={search_term_string}"},"query-input":{"@type":"PropertyValueSpecification","valueRequired":true,"valueName":"search_term_string"}}],"inLanguage":"fr-BE"}]}},"_links":{"self":[{"href":"https:\/\/alimak.com\/be\/wp-json\/wp\/v2\/pages\/214","targetHints":{"allow":["GET"]}}],"collection":[{"href":"https:\/\/alimak.com\/be\/wp-json\/wp\/v2\/pages"}],"about":[{"href":"https:\/\/alimak.com\/be\/wp-json\/wp\/v2\/types\/page"}],"author":[{"embeddable":true,"href":"https:\/\/alimak.com\/be\/wp-json\/wp\/v2\/users\/1"}],"replies":[{"embeddable":true,"href":"https:\/\/alimak.com\/be\/wp-json\/wp\/v2\/comments?post=214"}],"version-history":[{"count":15,"href":"https:\/\/alimak.com\/be\/wp-json\/wp\/v2\/pages\/214\/revisions"}],"predecessor-version":[{"id":3450,"href":"https:\/\/alimak.com\/be\/wp-json\/wp\/v2\/pages\/214\/revisions\/3450"}],"wp:attachment":[{"href":"https:\/\/alimak.com\/be\/wp-json\/wp\/v2\/media?parent=214"}],"curies":[{"name":"wp","href":"https:\/\/api.w.org\/{rel}","templated":true}]}}