{"id":377,"date":"2020-11-17T12:25:31","date_gmt":"2020-11-17T12:25:31","guid":{"rendered":"https:\/\/alimak.wpengine.com\/?page_id=377"},"modified":"2021-02-01T00:17:23","modified_gmt":"2021-02-01T00:17:23","slug":"parts","status":"publish","type":"page","link":"https:\/\/alimak.com\/be\/parts\/","title":{"rendered":"Pi\u00e8ces"},"content":{"rendered":"\n<article class=\"m33 break-out\" id=\"block_5fb3c0dcdc0bb\" data-animate-container>\n\n  <nav id=\"breadcrumbs\"><div class=\"container\"><span><span><a href=\"https:\/\/alimak.com\/be\/\">Page d&rsquo;accueil<\/a><\/span><\/span><\/div><\/nav>\n  <div class=\"container m33__container\">\n\t\t\n\t\t\t\t\t<h1 class=\"m33__heading uppercase  \" data-animate>Pi\u00e8ces<\/h1>\n\t\t\t\t\n\t\t  <\/div>\n\n<\/article>\n\n\n\n\n<div style=\"height:100px\" aria-hidden=\"true\" class=\"wp-block-spacer\"><\/div>\n\n\n\n<div class=\"wp-block-group has-light-grey-background-color has-background\"><div class=\"wp-block-group__inner-container is-layout-flow wp-block-group-is-layout-flow\">\n<article class=\"m28 break-out\" id=\"block_5fb3c108dc0bd\" data-animate-container>\n  <div class=\"container\">\n\n          <div class=\"m28__content\" data-animate><p>Les pi\u00e8ces de rechange d&rsquo;origine d&rsquo;Alimak Service pour les \u00e9quipements Alimak garantissent le fonctionnement optimal des syst\u00e8mes et leur efficacit\u00e9.<\/p>\n<p>L&rsquo;utilisation de pi\u00e8ces d&rsquo;origine\u00a0 Alimak, con\u00e7ues pour maintenir les \u00e9quipements en fonctionnement au maximum de leurs performances tout en diminuant les temps d&rsquo;arr\u00eat et les co\u00fbts de d\u00e9tention, offre des avantages tangibles : des ann\u00e9es de service ininterrompu, un minimum de pannes et un fonctionnement s\u00fbr.<\/p>\n<p>Il est essentiel de comprendre le cycle de vie des pi\u00e8ces fabriqu\u00e9es pour les \u00e9quipements Alimak et de respecter les calendriers de maintenance pr\u00e9ventive de routine afin de r\u00e9duire les pannes et de minimiser les d\u00e9penses unitaires.<\/p>\n<p>C&rsquo;est pourquoi Alimak Service suit les directives et les recommandations du fabricant pour l&rsquo;entretien des \u00e9quipements et n&rsquo;utilise que des pi\u00e8ces d&rsquo;origine Alimak dans le cadre des programmes de maintenance pr\u00e9ventive et de r\u00e9paration.<\/p>\n<p>Des r\u00e9ducteurs jusqu&rsquo;aux moteurs, en passant par les patins de frein et les dispositifs de s\u00e9curit\u00e9, tous les centres r\u00e9gionaux Alimak Service ont des pi\u00e8ces en stock pour la plupart des produits Alimak, Champion, Hek et Heistek actuellement en exploitation. Alimak a investi dans la cr\u00e9ation d&rsquo;un r\u00e9seau global de distribution de pi\u00e8ces de rechange garantissant la livraison des pi\u00e8ces et des composants au moment voulu.<\/p>\n<p>Alimak Service dispose de pi\u00e8ces d\u00e9tach\u00e9es en stock disponibles localement par l&rsquo;interm\u00e9diaire des soci\u00e9t\u00e9s de vente Alimak et d&rsquo;un stock complet de pi\u00e8ces d\u00e9tach\u00e9es dans les entrep\u00f4ts Alimak du monde entier.<\/p>\n<\/div>\n    \n          <div class=\"m28__media\">\n        <img src=https:\/\/alimak.com\/be\/wp-content\/uploads\/sites\/18\/2020\/11\/Parts-hero-image.jpg  class=\"m28__image\" alt=\"\" width=\"666\" height=\"592\">      <\/div>\n    \n  <\/div>\n<\/article>\n<\/div><\/div>\n\n\n\n<div style=\"height:100px\" aria-hidden=\"true\" class=\"wp-block-spacer\"><\/div>\n\n\n\n<article class=\"m08 break-out\" id=\"block_5fd8434d6c12a\" data-animate-container>\n  <div class=\"container m08__container\">\n\n          <div class=\"m08__block m08__block--one\">\n        <div class=\"m08__content\">\n\n                      <h2 class=\"m08__heading uppercase h3\" data-animate>Contactez-nous pour obtenir plus d&#039;informations ou un devis<\/h2>\n          \n                      <div class=\"m08__text\" data-animate>\n              <p>Vous avez besoin d&rsquo;aide pour s\u00e9lectionner le bon produit pour un projet \u00e0 venir ? Contactez nos experts pour obtenir des informations sur la gamme de solutions d&rsquo;acc\u00e8s vertical disponibles et un devis pour r\u00e9pondre aux besoins de votre projet.<\/p>\n            <\/div>\n          \n                      <a\n            data-animate\n            href=\"https:\/\/alimak.com\/be\/request-a-quote\/\"\n            class=\"m08__button button button--outline button--white\"\n            target=\"_self\">\n              Demander un devis            <\/a>\n          \n        <\/div>\n      <\/div>\n    \n          <div class=\"m08__block m08__block--two\">\n        <div class=\"m08__content\">\n\n                      <h2 class=\"m08__heading uppercase h3\" data-animate>Trouver un repr\u00e9sentant local<\/h2>\n          \n                      <div class=\"m08__text\" data-animate>\n              <p>Pr\u00e9sent sur les six continents, Alimak utilise son r\u00e9seau mondial pour fournir des solutions d&rsquo;acc\u00e8s vertical pour un large \u00e9ventail d&rsquo;applications sur les chantiers de construction et les sites industriels dans le monde entier. Contactez-nous pour trouver un repr\u00e9sentant local du r\u00e9seau mondial d&rsquo;Alimak.<\/p>\n            <\/div>\n          \n                      <a\n            data-animate\n            href=\"\/be\/locations\"\n            class=\"m08__button button\"\n            target=\"_self\">\n              Rechercher sur le site            <\/a>\n          \n        <\/div>\n      <\/div>\n        \n  <\/div>\n<\/article>\n\n\n\n<article class=\"m04 break-out large\" id=\"block_5fd843216c129\" data-animate-container>\n  <div class=\"container m04__container\">\n              <\/div>\n<\/article>","protected":false},"excerpt":{"rendered":"","protected":false},"author":1,"featured_media":0,"parent":0,"menu_order":0,"comment_status":"closed","ping_status":"closed","template":"","meta":{"_trash_the_other_posts":false,"editor_notices":[],"footnotes":""},"class_list":["post-377","page","type-page","status-publish","hentry"],"yoast_head":"<!-- This site is optimized with the Yoast SEO plugin v27.3 - https:\/\/yoast.com\/product\/yoast-seo-wordpress\/ -->\n<title>Pi\u00e8ces - Alimak Belgium<\/title>\n<meta name=\"robots\" content=\"index, follow, max-snippet:-1, max-image-preview:large, max-video-preview:-1\" \/>\n<link rel=\"canonical\" href=\"https:\/\/alimak.com\/be\/parts\/\" \/>\n<meta property=\"og:locale\" content=\"fr_FR\" \/>\n<meta property=\"og:type\" content=\"article\" \/>\n<meta property=\"og:title\" content=\"Pi\u00e8ces - Alimak Belgium\" \/>\n<meta property=\"og:url\" content=\"https:\/\/alimak.com\/be\/parts\/\" \/>\n<meta property=\"og:site_name\" content=\"Alimak Belgium\" \/>\n<meta property=\"article:modified_time\" content=\"2021-02-01T00:17:23+00:00\" \/>\n<meta name=\"twitter:card\" content=\"summary_large_image\" \/>\n<script type=\"application\/ld+json\" class=\"yoast-schema-graph\">{\"@context\":\"https:\\\/\\\/schema.org\",\"@graph\":[{\"@type\":\"WebPage\",\"@id\":\"https:\\\/\\\/alimak.com\\\/be\\\/parts\\\/\",\"url\":\"https:\\\/\\\/alimak.com\\\/be\\\/parts\\\/\",\"name\":\"Pi\u00e8ces - Alimak Belgium\",\"isPartOf\":{\"@id\":\"https:\\\/\\\/alimak.com\\\/be\\\/#website\"},\"datePublished\":\"2020-11-17T12:25:31+00:00\",\"dateModified\":\"2021-02-01T00:17:23+00:00\",\"breadcrumb\":{\"@id\":\"https:\\\/\\\/alimak.com\\\/be\\\/parts\\\/#breadcrumb\"},\"inLanguage\":\"fr-BE\",\"potentialAction\":[{\"@type\":\"ReadAction\",\"target\":[\"https:\\\/\\\/alimak.com\\\/be\\\/parts\\\/\"]}]},{\"@type\":\"BreadcrumbList\",\"@id\":\"https:\\\/\\\/alimak.com\\\/be\\\/parts\\\/#breadcrumb\",\"itemListElement\":[{\"@type\":\"ListItem\",\"position\":1,\"name\":\"Page d'accueil\",\"item\":\"https:\\\/\\\/alimak.com\\\/be\\\/\"},{\"@type\":\"ListItem\",\"position\":2,\"name\":\"Pi\u00e8ces\"}]},{\"@type\":\"WebSite\",\"@id\":\"https:\\\/\\\/alimak.com\\\/be\\\/#website\",\"url\":\"https:\\\/\\\/alimak.com\\\/be\\\/\",\"name\":\"Alimak Belgium\",\"description\":\"Les leaders mondiaux en mati\u00e8re de solutions d&#039;acc\u00e8s vertical\",\"potentialAction\":[{\"@type\":\"SearchAction\",\"target\":{\"@type\":\"EntryPoint\",\"urlTemplate\":\"https:\\\/\\\/alimak.com\\\/be\\\/?s={search_term_string}\"},\"query-input\":{\"@type\":\"PropertyValueSpecification\",\"valueRequired\":true,\"valueName\":\"search_term_string\"}}],\"inLanguage\":\"fr-BE\"}]}<\/script>\n<!-- \/ Yoast SEO plugin. -->","yoast_head_json":{"title":"Pi\u00e8ces - Alimak Belgium","robots":{"index":"index","follow":"follow","max-snippet":"max-snippet:-1","max-image-preview":"max-image-preview:large","max-video-preview":"max-video-preview:-1"},"canonical":"https:\/\/alimak.com\/be\/parts\/","og_locale":"fr_FR","og_type":"article","og_title":"Pi\u00e8ces - Alimak Belgium","og_url":"https:\/\/alimak.com\/be\/parts\/","og_site_name":"Alimak Belgium","article_modified_time":"2021-02-01T00:17:23+00:00","twitter_card":"summary_large_image","schema":{"@context":"https:\/\/schema.org","@graph":[{"@type":"WebPage","@id":"https:\/\/alimak.com\/be\/parts\/","url":"https:\/\/alimak.com\/be\/parts\/","name":"Pi\u00e8ces - Alimak Belgium","isPartOf":{"@id":"https:\/\/alimak.com\/be\/#website"},"datePublished":"2020-11-17T12:25:31+00:00","dateModified":"2021-02-01T00:17:23+00:00","breadcrumb":{"@id":"https:\/\/alimak.com\/be\/parts\/#breadcrumb"},"inLanguage":"fr-BE","potentialAction":[{"@type":"ReadAction","target":["https:\/\/alimak.com\/be\/parts\/"]}]},{"@type":"BreadcrumbList","@id":"https:\/\/alimak.com\/be\/parts\/#breadcrumb","itemListElement":[{"@type":"ListItem","position":1,"name":"Page d'accueil","item":"https:\/\/alimak.com\/be\/"},{"@type":"ListItem","position":2,"name":"Pi\u00e8ces"}]},{"@type":"WebSite","@id":"https:\/\/alimak.com\/be\/#website","url":"https:\/\/alimak.com\/be\/","name":"Alimak Belgium","description":"Les leaders mondiaux en mati\u00e8re de solutions d&#039;acc\u00e8s vertical","potentialAction":[{"@type":"SearchAction","target":{"@type":"EntryPoint","urlTemplate":"https:\/\/alimak.com\/be\/?s={search_term_string}"},"query-input":{"@type":"PropertyValueSpecification","valueRequired":true,"valueName":"search_term_string"}}],"inLanguage":"fr-BE"}]}},"_links":{"self":[{"href":"https:\/\/alimak.com\/be\/wp-json\/wp\/v2\/pages\/377","targetHints":{"allow":["GET"]}}],"collection":[{"href":"https:\/\/alimak.com\/be\/wp-json\/wp\/v2\/pages"}],"about":[{"href":"https:\/\/alimak.com\/be\/wp-json\/wp\/v2\/types\/page"}],"author":[{"embeddable":true,"href":"https:\/\/alimak.com\/be\/wp-json\/wp\/v2\/users\/1"}],"replies":[{"embeddable":true,"href":"https:\/\/alimak.com\/be\/wp-json\/wp\/v2\/comments?post=377"}],"version-history":[{"count":3,"href":"https:\/\/alimak.com\/be\/wp-json\/wp\/v2\/pages\/377\/revisions"}],"predecessor-version":[{"id":2617,"href":"https:\/\/alimak.com\/be\/wp-json\/wp\/v2\/pages\/377\/revisions\/2617"}],"wp:attachment":[{"href":"https:\/\/alimak.com\/be\/wp-json\/wp\/v2\/media?parent=377"}],"curies":[{"name":"wp","href":"https:\/\/api.w.org\/{rel}","templated":true}]}}