{"id":382,"date":"2020-11-17T12:31:40","date_gmt":"2020-11-17T12:31:40","guid":{"rendered":"https:\/\/alimak.wpengine.com\/?page_id=382"},"modified":"2021-02-01T00:07:36","modified_gmt":"2021-02-01T00:07:36","slug":"accessories-overview","status":"publish","type":"page","link":"https:\/\/alimak.com\/be\/accessories-overview\/","title":{"rendered":"Aper\u00e7u des accessoires"},"content":{"rendered":"\n<article class=\"m11 break-out\" id=\"block_5fb3c29d0679a\" data-animate-container>\n\n  <nav id=\"breadcrumbs\"><div class=\"container\" data-animate><span><span><a href=\"https:\/\/alimak.com\/be\/\">Page d&rsquo;accueil<\/a><\/span><\/span><\/div><\/nav>\n  <div class=\"m11__wrapper\">\n    <div class=\"container m11__container\">\n\n      <div class=\"m11__content\">\n\n                  <h1 class=\"m11__heading uppercase\" data-animate>Accessoires<\/h1>\n        \n                  <div class=\"m11__text\" data-animate>\n            <p>Une large gamme d&rsquo;accessoires tels que les m\u00e2ts, les fixations, les \u00e9quipements de guidage de c\u00e2bles et les portes pali\u00e8res sont disponibles pour les ascenseurs de chantier Alimak, les plates-formes de transport, les monte-mat\u00e9riaux et les plates-formes de travail se d\u00e9pla\u00e7ant le long de m\u00e2t(s).<\/p>\n<p>Alimak propose trois types de m\u00e2ts de haute qualit\u00e9, chacun pour supporter la gamme de produits de construction l\u00e9gers, moyens et lourds. La majorit\u00e9 des accessoires peuvent \u00eatre utilis\u00e9s collectivement sur les ascenseurs et les plates-formes appartenant \u00e0 la m\u00eame cat\u00e9gorie de produits, ce qui repr\u00e9sente un avantage en termes de co\u00fbts pour les propri\u00e9taires de flottes.<\/p>\n<p>Le syst\u00e8me flexible de portes pali\u00e8res modulaires d&rsquo;Alimak convient \u00e0 toutes les marques connues d&rsquo;ascenseurs de chantier, de monte-mat\u00e9riaux et de plates-formes de transport pr\u00e9sentes sur le march\u00e9.<\/p>\n          <\/div>\n        \n                  <a\n          href=\"https:\/\/alimak.com\/be\/contact-us\/\"\n          class=\"m11__button button\"\n          data-animate\n          target=\"_self\">\n            Demander un devis          <\/a>\n        \n      <\/div>\n\n              <div class=\"m11__media\">\n          <img src=https:\/\/alimak.com\/be\/wp-content\/uploads\/sites\/18\/2020\/11\/Accessories-overview-hero-image.jpg srcset=\"https:\/\/alimak.com\/be\/wp-content\/uploads\/sites\/18\/2020\/11\/Accessories-overview-hero-image.jpg 1x, https:\/\/alimak.com\/be\/wp-content\/uploads\/sites\/18\/2020\/11\/Accessories-overview-hero-image.jpg 2x\" class=\"m11__image initial\" alt=\"\" width=\"666\" height=\"592\">        <\/div>\n      \n    <\/div>\n  <\/div>\n<\/article>\n\n\n\n\n<article class=\"m19 break-out\" id=\"block_5fb3cbeabc37b\" data-animate-container>\n  <div class=\"container m19__container\">\n\n          <div class=\"m19__items\">\n        \n            <article class=\"m19__item\" data-animate data-delay=\"0\">\n              <a href=\"https:\/\/alimak.com\/be\/accessories-overview\/cable-guiding-equipment\/\" class=\"m19__link\">\n\n                                  <div class=\"m19__media\">\n                    <img src=https:\/\/alimak.com\/be\/wp-content\/uploads\/sites\/18\/2020\/12\/Cable-Guiding-System-408x228.png srcset=\"https:\/\/alimak.com\/be\/wp-content\/uploads\/sites\/18\/2020\/12\/Cable-Guiding-System-408x228.png 1x, https:\/\/alimak.com\/be\/wp-content\/uploads\/sites\/18\/2020\/12\/Cable-Guiding-System-816x456.png 2x\" class=\"m19__image\" alt=\"\" width=\"408\" height=\"228\">                  <\/div>\n                \n                <div class=\"m19__content\">\n                                      <h3 class=\"m19__title uppercase h4\">\u00c9quipement de guidage des c\u00e2bles<\/h3>\n                                    \n                  <span class=\"read-more\" aria-hidden=\"true\">\n                    <span>En savoir plus<\/span>\n                    <svg class=\"svg-icon svg-icon--icon-arrow-right\" aria-hidden=\"true\" role=\"img\"> <use href=\"#icon-arrow-right\" xlink:href=\"#icon-arrow-right\"><\/use> <\/svg>                  <\/span>\n                <\/div>\n\n              <\/a>\n            <\/article>\n\n          \n        \n            <article class=\"m19__item\" data-animate data-delay=\"150\">\n              <a href=\"https:\/\/alimak.com\/be\/accessories-overview\/mast-ties\/\" class=\"m19__link\">\n\n                                  <div class=\"m19__media\">\n                    <img src=https:\/\/alimak.com\/be\/wp-content\/uploads\/sites\/18\/2020\/12\/Mast-and-ties-Hero-408x228.png srcset=\"https:\/\/alimak.com\/be\/wp-content\/uploads\/sites\/18\/2020\/12\/Mast-and-ties-Hero-408x228.png 1x, https:\/\/alimak.com\/be\/wp-content\/uploads\/sites\/18\/2020\/12\/Mast-and-ties-Hero-666x456.png 2x\" class=\"m19__image\" alt=\"\" width=\"408\" height=\"228\">                  <\/div>\n                \n                <div class=\"m19__content\">\n                                      <h3 class=\"m19__title uppercase h4\">M\u00e2ts et fixations<\/h3>\n                                    \n                  <span class=\"read-more\" aria-hidden=\"true\">\n                    <span>En savoir plus<\/span>\n                    <svg class=\"svg-icon svg-icon--icon-arrow-right\" aria-hidden=\"true\" role=\"img\"> <use href=\"#icon-arrow-right\" xlink:href=\"#icon-arrow-right\"><\/use> <\/svg>                  <\/span>\n                <\/div>\n\n              <\/a>\n            <\/article>\n\n          \n        \n            <article class=\"m19__item\" data-animate data-delay=\"300\">\n              <a href=\"https:\/\/alimak.com\/be\/accessories-overview\/landing-equipment\/\" class=\"m19__link\">\n\n                                  <div class=\"m19__media\">\n                    <img src=https:\/\/alimak.com\/be\/wp-content\/uploads\/sites\/18\/2020\/11\/Landing-Equipment-hero-408x228.jpg srcset=\"https:\/\/alimak.com\/be\/wp-content\/uploads\/sites\/18\/2020\/11\/Landing-Equipment-hero-408x228.jpg 1x, https:\/\/alimak.com\/be\/wp-content\/uploads\/sites\/18\/2020\/11\/Landing-Equipment-hero-666x456.jpg 2x\" class=\"m19__image\" alt=\"\" width=\"408\" height=\"228\">                  <\/div>\n                \n                <div class=\"m19__content\">\n                                      <h3 class=\"m19__title uppercase h4\">Portes pali\u00e8res<\/h3>\n                                    \n                  <span class=\"read-more\" aria-hidden=\"true\">\n                    <span>En savoir plus<\/span>\n                    <svg class=\"svg-icon svg-icon--icon-arrow-right\" aria-hidden=\"true\" role=\"img\"> <use href=\"#icon-arrow-right\" xlink:href=\"#icon-arrow-right\"><\/use> <\/svg>                  <\/span>\n                <\/div>\n\n              <\/a>\n            <\/article>\n\n          \n              <\/div>\n    \n  <\/div>\n<\/article>\n\n\n<article class=\"m13 break-out\" id=\"block_5fb3c2e6644e4\" data-animate-container>\n  <div class=\"container m13__container\">\n\n          <h2 class=\"m13__heading uppercase h3\" data-animate>Assistance et entretien<\/h2>\n        \n          <div class=\"m13__services\">\n                  <article class=\"m13__service\" data-animate data-delay=\"0\">\n\n                          <h3 class=\"m13__title uppercase h4\">MAINTENANCE<\/h3>\n            \n            <p>Une gamme compl\u00e8te de services de maintenance est disponible. Ces services sont effectu\u00e9s par des techniciens Alimak Service form\u00e9s pour assurer la performance optimale continue des \u00e9quipements.<\/p>\n\n                          <a\n              href=\"https:\/\/alimak.com\/be\/service-support-overview\/maintenance\/\"\n              class=\"m13__button read-more\"\n              target=\"_self\">\n                <span>En savoir plus<\/span>\n                <svg class=\"svg-icon svg-icon--icon-arrow-right\" aria-hidden=\"true\" role=\"img\"> <use href=\"#icon-arrow-right\" xlink:href=\"#icon-arrow-right\"><\/use> <\/svg>              <\/a>\n            \n                          <div class=\"m13__icon\" aria-hidden=\"true\">\n                <img src=https:\/\/alimak.com\/be\/wp-content\/uploads\/sites\/18\/2020\/11\/icons_Service-Support-1.png  class=\"\" alt=\"\" width=\"61\" height=\"60\">              <\/div>\n            \n          <\/article>\n                  <article class=\"m13__service\" data-animate data-delay=\"150\">\n\n                          <h3 class=\"m13__title uppercase h4\">CONNECTIVIT\u00c9 ET GESTION D&#039;ACTIFS<\/h3>\n            \n            <p>Les solutions de connectivit\u00e9 et de gestion des actifs rendent compte de l&rsquo;efficacit\u00e9 des ascenseurs industriels et apportent un soutien n\u00e9cessaire pour prolonger le cycle de vie des produits.<\/p>\n\n                          <a\n              href=\"https:\/\/alimak.com\/be\/service-support-overview\/connectivity-and-asset-management\/\"\n              class=\"m13__button read-more\"\n              target=\"_self\">\n                <span>En savoir plus<\/span>\n                <svg class=\"svg-icon svg-icon--icon-arrow-right\" aria-hidden=\"true\" role=\"img\"> <use href=\"#icon-arrow-right\" xlink:href=\"#icon-arrow-right\"><\/use> <\/svg>              <\/a>\n            \n                          <div class=\"m13__icon\" aria-hidden=\"true\">\n                <img src=https:\/\/alimak.com\/be\/wp-content\/uploads\/sites\/18\/2020\/11\/icons_Service-Support-2.png  class=\"\" alt=\"\" width=\"37\" height=\"60\">              <\/div>\n            \n          <\/article>\n                  <article class=\"m13__service\" data-animate data-delay=\"300\">\n\n                          <h3 class=\"m13__title uppercase h4\">ING\u00c9NIERIE D&#039;APPLICATION<\/h3>\n            \n            <p><span class=\"TextRun Highlight SCXW22701161 BCX0\" lang=\"EN-AU\" xml:lang=\"EN-AU\" data-contrast=\"none\"><span class=\"NormalTextRun SCXW22701161 BCX0\">Les ing\u00e9nieurs d&rsquo;Alimak d\u00e9veloppent des solutions ax\u00e9es sur les besoins des clients pour r\u00e9aliser des installations exigeantes. Ces solutions sur mesure comprennent les plans de configuration ainsi que les calculs de r\u00e9sistance, de charge au sol et de force aux ancrages.<\/span><\/span><\/p>\n\n                          <a\n              href=\"https:\/\/alimak.com\/be\/service-support-overview\/application-engineering\/\"\n              class=\"m13__button read-more\"\n              target=\"_self\">\n                <span>En savoir plus<\/span>\n                <svg class=\"svg-icon svg-icon--icon-arrow-right\" aria-hidden=\"true\" role=\"img\"> <use href=\"#icon-arrow-right\" xlink:href=\"#icon-arrow-right\"><\/use> <\/svg>              <\/a>\n            \n                          <div class=\"m13__icon\" aria-hidden=\"true\">\n                <img src=https:\/\/alimak.com\/be\/wp-content\/uploads\/sites\/18\/2020\/11\/icons_Service-Support-3.png  class=\"\" alt=\"\" width=\"60\" height=\"60\">              <\/div>\n            \n          <\/article>\n                  <article class=\"m13__service\" data-animate data-delay=\"450\">\n\n                          <h3 class=\"m13__title uppercase h4\">FORMATION<\/h3>\n            \n            <p>De nombreux cours de formation \u00e0 la s\u00e9curit\u00e9, \u00e0 l&rsquo;installation et \u00e0 l&rsquo;utilisation des machines sont disponibles pour la gamme de produits Alimak.<\/p>\n\n                          <a\n              href=\"https:\/\/learningstore.alimakgroup.com\/\"\n              class=\"m13__button read-more\"\n              target=\"_blank\">\n                <span>En savoir plus<\/span>\n                <svg class=\"svg-icon svg-icon--icon-arrow-right\" aria-hidden=\"true\" role=\"img\"> <use href=\"#icon-arrow-right\" xlink:href=\"#icon-arrow-right\"><\/use> <\/svg>              <\/a>\n            \n                          <div class=\"m13__icon\" aria-hidden=\"true\">\n                <img src=https:\/\/alimak.com\/be\/wp-content\/uploads\/sites\/18\/2020\/11\/icons_Service-Support-4.png  class=\"\" alt=\"\" width=\"56\" height=\"60\">              <\/div>\n            \n          <\/article>\n                  <article class=\"m13__service\" data-animate data-delay=\"600\">\n\n                          <h3 class=\"m13__title uppercase h4\">SOLUTIONS DE FINANCEMENT<\/h3>\n            \n            <p>Alimak propose des solutions de financement flexibles comprenant le paiement diff\u00e9r\u00e9, le cr\u00e9dit-export et le cr\u00e9dit-bail.<\/p>\n\n                          <a\n              href=\"https:\/\/alimak.com\/be\/service-support-overview\/financing-solutions\/\"\n              class=\"m13__button read-more\"\n              target=\"_self\">\n                <span>En savoir plus<\/span>\n                <svg class=\"svg-icon svg-icon--icon-arrow-right\" aria-hidden=\"true\" role=\"img\"> <use href=\"#icon-arrow-right\" xlink:href=\"#icon-arrow-right\"><\/use> <\/svg>              <\/a>\n            \n                          <div class=\"m13__icon\" aria-hidden=\"true\">\n                <img src=https:\/\/alimak.com\/be\/wp-content\/uploads\/sites\/18\/2020\/11\/icons_Service-Support-5.png  class=\"\" alt=\"\" width=\"67\" height=\"60\">              <\/div>\n            \n          <\/article>\n                  <article class=\"m13__service\" data-animate data-delay=\"750\">\n\n                          <h3 class=\"m13__title uppercase h4\">MOD\u00c9LISATION BIM<\/h3>\n            \n            <p>La mod\u00e9lisation BIM (Building Information Modeling ou b\u00e2ti immobilier mod\u00e9lis\u00e9) est disponible pour la simulations, l&rsquo;installation et l&rsquo;int\u00e9gration d&rsquo;ascenseurs industriels en tout point du projet.<\/p>\n\n                          <a\n              href=\"https:\/\/bimgallery.alimak.com\/bim\/\"\n              class=\"m13__button read-more\"\n              target=\"_blank\">\n                <span>En savoir plus<\/span>\n                <svg class=\"svg-icon svg-icon--icon-arrow-right\" aria-hidden=\"true\" role=\"img\"> <use href=\"#icon-arrow-right\" xlink:href=\"#icon-arrow-right\"><\/use> <\/svg>              <\/a>\n            \n                          <div class=\"m13__icon\" aria-hidden=\"true\">\n                <img src=https:\/\/alimak.com\/be\/wp-content\/uploads\/sites\/18\/2020\/11\/icons_Service-Support-6.png  class=\"\" alt=\"\" width=\"66\" height=\"60\">              <\/div>\n            \n          <\/article>\n              <\/div>\n    \n  <\/div>\n<\/article>\n\n\n\n<article class=\"m08 break-out\" id=\"block_5fb3cb70ddff0\" data-animate-container>\n  <div class=\"container m08__container\">\n\n          <div class=\"m08__block m08__block--one\">\n        <div class=\"m08__content\">\n\n                      <h2 class=\"m08__heading uppercase h3\" data-animate>CONTACTEZ-NOUS POUR RECEVOIR PLUS D&#039;INFORMATIONS OU UN DEVIS<\/h2>\n          \n                      <div class=\"m08__text\" data-animate>\n              <p>Vous avez besoin d&rsquo;aide pour choisir le bon produit pour un projet \u00e0 venir ? Contactez nos experts pour obtenir des informations sur la gamme de solutions d&rsquo;acc\u00e8s vertical disponible et un devis pour r\u00e9pondre aux besoins de votre projet.<\/p>\n            <\/div>\n          \n                      <a\n            data-animate\n            href=\"https:\/\/alimak.com\/be\/contact-us\/\"\n            class=\"m08__button button button--outline button--white\"\n            target=\"_self\">\n              Demander un devis            <\/a>\n          \n        <\/div>\n      <\/div>\n    \n          <div class=\"m08__block m08__block--two\">\n        <div class=\"m08__content\">\n\n                      <h2 class=\"m08__heading uppercase h3\" data-animate>TROUVER UN REPR\u00c9SENTANT LOCAL<\/h2>\n          \n                      <div class=\"m08__text\" data-animate>\n              <p>Pr\u00e9sent sur les six continents, Alimak utilise son r\u00e9seau mondial pour fournir des solutions d&rsquo;acc\u00e8s vertical pour un large \u00e9ventail d&rsquo;applications sur les chantiers de construction et les sites industriels dans le monde entier. Contactez-nous pour trouver un repr\u00e9sentant local du r\u00e9seau mondial d&rsquo;Alimak.<\/p>\n            <\/div>\n          \n                      <a\n            data-animate\n            href=\"\/be\/locations\"\n            class=\"m08__button button\"\n            target=\"_self\">\n              Rechercher sur le site            <\/a>\n          \n        <\/div>\n      <\/div>\n        \n  <\/div>\n<\/article>\n\n\n\n<div style=\"height:100px\" aria-hidden=\"true\" class=\"wp-block-spacer\"><\/div>\n","protected":false},"excerpt":{"rendered":"","protected":false},"author":1,"featured_media":0,"parent":0,"menu_order":0,"comment_status":"closed","ping_status":"closed","template":"","meta":{"_trash_the_other_posts":false,"editor_notices":[],"footnotes":""},"class_list":["post-382","page","type-page","status-publish","hentry"],"yoast_head":"<!-- This site is optimized with the Yoast SEO plugin v27.3 - https:\/\/yoast.com\/product\/yoast-seo-wordpress\/ -->\n<title>Aper\u00e7u des accessoires - Alimak Belgium<\/title>\n<meta name=\"robots\" content=\"index, follow, max-snippet:-1, max-image-preview:large, max-video-preview:-1\" \/>\n<link rel=\"canonical\" href=\"https:\/\/alimak.com\/be\/accessories-overview\/\" \/>\n<meta property=\"og:locale\" content=\"fr_FR\" \/>\n<meta property=\"og:type\" content=\"article\" \/>\n<meta property=\"og:title\" content=\"Aper\u00e7u des accessoires - Alimak Belgium\" \/>\n<meta property=\"og:url\" content=\"https:\/\/alimak.com\/be\/accessories-overview\/\" \/>\n<meta property=\"og:site_name\" content=\"Alimak Belgium\" \/>\n<meta property=\"article:modified_time\" content=\"2021-02-01T00:07:36+00:00\" \/>\n<meta name=\"twitter:card\" content=\"summary_large_image\" \/>\n<script type=\"application\/ld+json\" class=\"yoast-schema-graph\">{\"@context\":\"https:\\\/\\\/schema.org\",\"@graph\":[{\"@type\":\"WebPage\",\"@id\":\"https:\\\/\\\/alimak.com\\\/be\\\/accessories-overview\\\/\",\"url\":\"https:\\\/\\\/alimak.com\\\/be\\\/accessories-overview\\\/\",\"name\":\"Aper\u00e7u des accessoires - Alimak Belgium\",\"isPartOf\":{\"@id\":\"https:\\\/\\\/alimak.com\\\/be\\\/#website\"},\"datePublished\":\"2020-11-17T12:31:40+00:00\",\"dateModified\":\"2021-02-01T00:07:36+00:00\",\"breadcrumb\":{\"@id\":\"https:\\\/\\\/alimak.com\\\/be\\\/accessories-overview\\\/#breadcrumb\"},\"inLanguage\":\"fr-BE\",\"potentialAction\":[{\"@type\":\"ReadAction\",\"target\":[\"https:\\\/\\\/alimak.com\\\/be\\\/accessories-overview\\\/\"]}]},{\"@type\":\"BreadcrumbList\",\"@id\":\"https:\\\/\\\/alimak.com\\\/be\\\/accessories-overview\\\/#breadcrumb\",\"itemListElement\":[{\"@type\":\"ListItem\",\"position\":1,\"name\":\"Page d'accueil\",\"item\":\"https:\\\/\\\/alimak.com\\\/be\\\/\"},{\"@type\":\"ListItem\",\"position\":2,\"name\":\"Aper\u00e7u des accessoires\"}]},{\"@type\":\"WebSite\",\"@id\":\"https:\\\/\\\/alimak.com\\\/be\\\/#website\",\"url\":\"https:\\\/\\\/alimak.com\\\/be\\\/\",\"name\":\"Alimak Belgium\",\"description\":\"Les leaders mondiaux en mati\u00e8re de solutions d&#039;acc\u00e8s vertical\",\"potentialAction\":[{\"@type\":\"SearchAction\",\"target\":{\"@type\":\"EntryPoint\",\"urlTemplate\":\"https:\\\/\\\/alimak.com\\\/be\\\/?s={search_term_string}\"},\"query-input\":{\"@type\":\"PropertyValueSpecification\",\"valueRequired\":true,\"valueName\":\"search_term_string\"}}],\"inLanguage\":\"fr-BE\"}]}<\/script>\n<!-- \/ Yoast SEO plugin. -->","yoast_head_json":{"title":"Aper\u00e7u des accessoires - Alimak Belgium","robots":{"index":"index","follow":"follow","max-snippet":"max-snippet:-1","max-image-preview":"max-image-preview:large","max-video-preview":"max-video-preview:-1"},"canonical":"https:\/\/alimak.com\/be\/accessories-overview\/","og_locale":"fr_FR","og_type":"article","og_title":"Aper\u00e7u des accessoires - Alimak Belgium","og_url":"https:\/\/alimak.com\/be\/accessories-overview\/","og_site_name":"Alimak Belgium","article_modified_time":"2021-02-01T00:07:36+00:00","twitter_card":"summary_large_image","schema":{"@context":"https:\/\/schema.org","@graph":[{"@type":"WebPage","@id":"https:\/\/alimak.com\/be\/accessories-overview\/","url":"https:\/\/alimak.com\/be\/accessories-overview\/","name":"Aper\u00e7u des accessoires - Alimak Belgium","isPartOf":{"@id":"https:\/\/alimak.com\/be\/#website"},"datePublished":"2020-11-17T12:31:40+00:00","dateModified":"2021-02-01T00:07:36+00:00","breadcrumb":{"@id":"https:\/\/alimak.com\/be\/accessories-overview\/#breadcrumb"},"inLanguage":"fr-BE","potentialAction":[{"@type":"ReadAction","target":["https:\/\/alimak.com\/be\/accessories-overview\/"]}]},{"@type":"BreadcrumbList","@id":"https:\/\/alimak.com\/be\/accessories-overview\/#breadcrumb","itemListElement":[{"@type":"ListItem","position":1,"name":"Page d'accueil","item":"https:\/\/alimak.com\/be\/"},{"@type":"ListItem","position":2,"name":"Aper\u00e7u des accessoires"}]},{"@type":"WebSite","@id":"https:\/\/alimak.com\/be\/#website","url":"https:\/\/alimak.com\/be\/","name":"Alimak Belgium","description":"Les leaders mondiaux en mati\u00e8re de solutions d&#039;acc\u00e8s vertical","potentialAction":[{"@type":"SearchAction","target":{"@type":"EntryPoint","urlTemplate":"https:\/\/alimak.com\/be\/?s={search_term_string}"},"query-input":{"@type":"PropertyValueSpecification","valueRequired":true,"valueName":"search_term_string"}}],"inLanguage":"fr-BE"}]}},"_links":{"self":[{"href":"https:\/\/alimak.com\/be\/wp-json\/wp\/v2\/pages\/382","targetHints":{"allow":["GET"]}}],"collection":[{"href":"https:\/\/alimak.com\/be\/wp-json\/wp\/v2\/pages"}],"about":[{"href":"https:\/\/alimak.com\/be\/wp-json\/wp\/v2\/types\/page"}],"author":[{"embeddable":true,"href":"https:\/\/alimak.com\/be\/wp-json\/wp\/v2\/users\/1"}],"replies":[{"embeddable":true,"href":"https:\/\/alimak.com\/be\/wp-json\/wp\/v2\/comments?post=382"}],"version-history":[{"count":3,"href":"https:\/\/alimak.com\/be\/wp-json\/wp\/v2\/pages\/382\/revisions"}],"predecessor-version":[{"id":2603,"href":"https:\/\/alimak.com\/be\/wp-json\/wp\/v2\/pages\/382\/revisions\/2603"}],"wp:attachment":[{"href":"https:\/\/alimak.com\/be\/wp-json\/wp\/v2\/media?parent=382"}],"curies":[{"name":"wp","href":"https:\/\/api.w.org\/{rel}","templated":true}]}}