{"id":403,"date":"2020-11-17T13:12:20","date_gmt":"2020-11-17T13:12:20","guid":{"rendered":"https:\/\/alimak.wpengine.com\/?page_id=403"},"modified":"2021-01-28T06:13:21","modified_gmt":"2021-01-28T06:13:21","slug":"cable-guiding-equipment","status":"publish","type":"page","link":"https:\/\/alimak.com\/be\/accessories-overview\/cable-guiding-equipment\/","title":{"rendered":"\u00c9quipement de guidage des c\u00e2bles"},"content":{"rendered":"\n<article class=\"m11 break-out\" id=\"block_5fb3ccf9f629c\" data-animate-container>\n\n  <nav id=\"breadcrumbs\"><div class=\"container\" data-animate><span><span><a href=\"https:\/\/alimak.com\/be\/\">Page d&rsquo;accueil<\/a><\/span><\/span><\/div><\/nav>\n  <div class=\"m11__wrapper\">\n    <div class=\"container m11__container\">\n\n      <div class=\"m11__content\">\n\n                  <h1 class=\"m11__heading uppercase\" data-animate>\u00c9quipement de guidage des c\u00e2bles<\/h1>\n        \n                  <div class=\"m11__text\" data-animate>\n            <p>Le syst\u00e8me de guidage de c\u00e2bles Alimak maintient le c\u00e2ble sous tension en permanence. La plupart des mod\u00e8les de produits Alimak ont des fils d&rsquo;alimentation et de commande reli\u00e9s \u00e0 la cabine, ce qui signifie qu&rsquo;ils ont des circuits de s\u00e9curit\u00e9 et de portes s\u00e9par\u00e9s. Les guidages de c\u00e2bles sont utilis\u00e9s pour contenir le c\u00e2ble dans des conditions normales d&rsquo;utilisation et en cas de vent afin d&rsquo;\u00e9viter les dommages caus\u00e9s en cas de coincement avec des machines en mouvement. Dans les zones de vent fort, il peut \u00eatre n\u00e9cessaire d&rsquo;augmenter le nombre de guidages de c\u00e2bles et de r\u00e9duire l&rsquo;intervalle auquel ils sont install\u00e9s. L&rsquo;ascenseur Alimak aura toujours du courant m\u00eame si le palier inf\u00e9rieur et les paliers sup\u00e9rieurs sont \u00e9lectriquement verrouill\u00e9s. Le limiteur de vitesse sera toujours sous tension et la machine aura un \u00e9clairage permanent et d\u00e9marrera directement.<\/p>\n          <\/div>\n        \n                  <a\n          href=\"https:\/\/alimak.com\/be\/contact-us\/\"\n          class=\"m11__button button\"\n          data-animate\n          target=\"_self\">\n            Parlez \u00e0 un sp\u00e9cialiste          <\/a>\n        \n      <\/div>\n\n              <div class=\"m11__media\">\n          <img src=https:\/\/alimak.com\/be\/wp-content\/uploads\/sites\/18\/2020\/12\/Cable-Guiding-System-800x800.png srcset=\"https:\/\/alimak.com\/be\/wp-content\/uploads\/sites\/18\/2020\/12\/Cable-Guiding-System-800x800.png 1x, https:\/\/alimak.com\/be\/wp-content\/uploads\/sites\/18\/2020\/12\/Cable-Guiding-System-1600x1600.png 2x\" class=\"m11__image initial\" alt=\"\" width=\"800\" height=\"800\">        <\/div>\n      \n    <\/div>\n  <\/div>\n<\/article>\n\n\n\n\n<div class=\"archive terra-feed \">\n\n\t<form id=\"filters\" name=\"accessory-feed\" action=\"\" method=\"get\" class=\"terra terra-more--none archive-container__wrapper\" data-uid=\"00000000000013800000000000000000\">\n\t\t\t\t\t<header class=\"archive-container__filters\">\n\t\t\t\t<h4 class=\"archive-container__filters--heading\">Filtrer par<\/h4>\n\t\t\t\t\t\t\t\t\t\t<div class=\"archive-container__filter-wrap\">\n\t\t\t\t\t\t\t<label class=\"archive-container__filter-label\" for=\"filter-mast-type\">Type de m\u00e2t<\/label>\n\t\t\t\t\t\t\t<select name=\"filter-mast-type\" data-filter=\"filter-mast-type\" class=\"filter-select archive-container__filter terra__select terra-filter  default-style\" ><option  selected='selected' disabled=\"disabled\" style=\"display: none;\">Veuillez s\u00e9lectionner<\/option><option value=\"\" >Afficher tout<\/option><option value=\"350-triangular\" >350 triangulaire<\/option><option value=\"450-squared\" >450 carr\u00e9<\/option><option value=\"650-squared\" >650 carr\u00e9<\/option><\/select>\t\t\t\t\t\t<\/div>\n\t\t\t\t\t\t\n\t\t\t\t<button type=\"reset\" value=\"\" class=\"archive-container__reset\">\n\t\t\t\t\tReset\t\t\t\t<\/button>\n\t\t\t<\/header>\n\t\t\n\t\t<div class=\"container\">\n\t\t\t\t\t\t\t<div class=\"archive-sorting\">\n\t\t\t\t\t\t\t\t\t\t\t<div class=\"archive-sorting__count\">\n\t\t\t\t\t\t\t<input type=\"hidden\" name=\"posts-found\" value=\"1\" \/><span class=\"terra-posts-found__label\">Affichage de 1-3 sur <strong>3<\/strong> <\/span>\t\t\t\t\t\t<\/div>\n\t\t\t\t\t\t\n\t\t\t\t\t<div class=\"archive-sorting__input\">\n\t\t\t\t\t\t<label for=\"filter-sort\">Trier par :<\/label>\n\t\t\t\t\t\t<select name=\"filter-sort\" data-filter=\"filter-sort\" class=\"archive-sorting__sort terra__select terra-filter  default-style\" ><option value=\"ASC\" >A &#8211; Z<\/option><option value=\"DESC\" >Z &#8211; A<\/option><\/select>\t\t\t\t\t<\/div>\n\t\t\t\t\t\t\t<\/div>\n\n\t\t\t<div id=\"accessory-feed\" class=\"terra-container archive-container__items archive-container__items--accessory\">\n<article class=\"single-accessory-item\">\n\t<a class=\"single-accessory-item__link\">\n\n\t\t\t\t\t<div class=\"single-accessory-item__media\">\n\t\t\t\t<img src=https:\/\/alimak.com\/be\/wp-content\/uploads\/sites\/18\/2020\/11\/1.7.2.png srcset=\"https:\/\/alimak.com\/be\/wp-content\/uploads\/sites\/18\/2020\/11\/1.7.2.png 1x, https:\/\/alimak.com\/be\/wp-content\/uploads\/sites\/18\/2020\/11\/1.7.2.png 2x\" class=\"single-accessory-item__image\" alt=\"\" width=\"192\" height=\"232\">\t\t\t<\/div>\n\t\t\n\t\t<div class=\"single-accessory-item__content\">\n\t\t\t<h3 class=\"single-accessory-item__heading uppercase\">Chariot \u00e0 c\u00e2ble<\/h3>\n\t\t<\/div>\n\n\t<\/a>\n<\/article>\n\n<article class=\"single-accessory-item\">\n\t<a class=\"single-accessory-item__link\">\n\n\t\t\t\t\t<div class=\"single-accessory-item__media\">\n\t\t\t\t<img src=https:\/\/alimak.com\/be\/wp-content\/uploads\/sites\/18\/2020\/11\/1.7.3.png srcset=\"https:\/\/alimak.com\/be\/wp-content\/uploads\/sites\/18\/2020\/11\/1.7.3.png 1x, https:\/\/alimak.com\/be\/wp-content\/uploads\/sites\/18\/2020\/11\/1.7.3.png 2x\" class=\"single-accessory-item__image\" alt=\"\" width=\"192\" height=\"232\">\t\t\t<\/div>\n\t\t\n\t\t<div class=\"single-accessory-item__content\">\n\t\t\t<h3 class=\"single-accessory-item__heading uppercase\">Chariot \u00e0 c\u00e2ble sur m\u00e2t<\/h3>\n\t\t<\/div>\n\n\t<\/a>\n<\/article>\n\n<article class=\"single-accessory-item\">\n\t<a class=\"single-accessory-item__link\">\n\n\t\t\t\t\t<div class=\"single-accessory-item__media\">\n\t\t\t\t<img src=https:\/\/alimak.com\/be\/wp-content\/uploads\/sites\/18\/2020\/11\/1.7.1.png srcset=\"https:\/\/alimak.com\/be\/wp-content\/uploads\/sites\/18\/2020\/11\/1.7.1.png 1x, https:\/\/alimak.com\/be\/wp-content\/uploads\/sites\/18\/2020\/11\/1.7.1.png 2x\" class=\"single-accessory-item__image\" alt=\"\" width=\"192\" height=\"232\">\t\t\t<\/div>\n\t\t\n\t\t<div class=\"single-accessory-item__content\">\n\t\t\t<h3 class=\"single-accessory-item__heading uppercase\">Panier \u00e0 c\u00e2ble<\/h3>\n\t\t<\/div>\n\n\t<\/a>\n<\/article>\n<\/div>\t\t<\/div>\n\n\t\t<input type=\"hidden\" name=\"posts_per_page\" value=\"15\" \/><input type=\"hidden\" name=\"posts-offset\" value=\"3\" \/><\/form>\n<\/div>\n\n\n\n<div style=\"height:100px\" aria-hidden=\"true\" class=\"wp-block-spacer\"><\/div>\n\n\n\n<article class=\"m08 break-out\" id=\"block_5fb3cdb7f629f\" data-animate-container>\n  <div class=\"container m08__container\">\n\n          <div class=\"m08__block m08__block--one\">\n        <div class=\"m08__content\">\n\n                      <h2 class=\"m08__heading uppercase h3\" data-animate>Contactez-nous pour recevoir plus d&#039;informations ou un devis<\/h2>\n          \n                      <div class=\"m08__text\" data-animate>\n              <p>Besoin d&rsquo;aide pour la s\u00e9lection de produits pour un projet \u00e0 venir ? Contactez nos experts pour obtenir des informations sur la gamme de solutions d&rsquo;acc\u00e8s vertical disponibles et un devis pour r\u00e9pondre aux besoins de votre projet.<\/p>\n            <\/div>\n          \n                      <a\n            data-animate\n            href=\"https:\/\/alimak.com\/be\/request-a-quote\"\n            class=\"m08__button button button--outline button--white\"\n            target=\"_self\">\n              Demander un devis            <\/a>\n          \n        <\/div>\n      <\/div>\n    \n          <div class=\"m08__block m08__block--two\">\n        <div class=\"m08__content\">\n\n                      <h2 class=\"m08__heading uppercase h3\" data-animate>Trouver un repr\u00e9sentant local<\/h2>\n          \n                      <div class=\"m08__text\" data-animate>\n              <p>Pr\u00e9sent sur les six continents, Alimak utilise son r\u00e9seau mondial pour fournir des solutions d&rsquo;acc\u00e8s vertical pour un large \u00e9ventail d&rsquo;applications sur les chantiers de construction et les sites industriels dans le monde entier. Contactez-nous pour trouver un repr\u00e9sentant local du r\u00e9seau mondial d&rsquo;Alimak.<\/p>\n            <\/div>\n          \n                      <a\n            data-animate\n            href=\"\/be\/locations\"\n            class=\"m08__button button\"\n            target=\"_self\">\n              Rechercher sur le site            <\/a>\n          \n        <\/div>\n      <\/div>\n        \n  <\/div>\n<\/article>\n\n\n\n<div style=\"height:100px\" aria-hidden=\"true\" class=\"wp-block-spacer\"><\/div>\n","protected":false},"excerpt":{"rendered":"","protected":false},"author":1,"featured_media":0,"parent":382,"menu_order":0,"comment_status":"closed","ping_status":"closed","template":"","meta":{"_trash_the_other_posts":false,"editor_notices":[],"footnotes":""},"class_list":["post-403","page","type-page","status-publish","hentry"],"yoast_head":"<!-- This site is optimized with the Yoast SEO plugin v27.3 - https:\/\/yoast.com\/product\/yoast-seo-wordpress\/ -->\n<title>\u00c9quipement de guidage des c\u00e2bles - Alimak Belgium<\/title>\n<meta name=\"robots\" content=\"index, follow, max-snippet:-1, max-image-preview:large, max-video-preview:-1\" \/>\n<link rel=\"canonical\" href=\"https:\/\/alimak.com\/be\/accessories-overview\/cable-guiding-equipment\/\" \/>\n<meta property=\"og:locale\" content=\"fr_FR\" \/>\n<meta property=\"og:type\" content=\"article\" \/>\n<meta property=\"og:title\" content=\"\u00c9quipement de guidage des c\u00e2bles - Alimak Belgium\" \/>\n<meta property=\"og:url\" content=\"https:\/\/alimak.com\/be\/accessories-overview\/cable-guiding-equipment\/\" \/>\n<meta property=\"og:site_name\" content=\"Alimak Belgium\" \/>\n<meta property=\"article:modified_time\" content=\"2021-01-28T06:13:21+00:00\" \/>\n<meta name=\"twitter:card\" content=\"summary_large_image\" \/>\n<script type=\"application\/ld+json\" class=\"yoast-schema-graph\">{\"@context\":\"https:\\\/\\\/schema.org\",\"@graph\":[{\"@type\":\"WebPage\",\"@id\":\"https:\\\/\\\/alimak.com\\\/be\\\/accessories-overview\\\/cable-guiding-equipment\\\/\",\"url\":\"https:\\\/\\\/alimak.com\\\/be\\\/accessories-overview\\\/cable-guiding-equipment\\\/\",\"name\":\"\u00c9quipement de guidage des c\u00e2bles - Alimak Belgium\",\"isPartOf\":{\"@id\":\"https:\\\/\\\/alimak.com\\\/be\\\/#website\"},\"datePublished\":\"2020-11-17T13:12:20+00:00\",\"dateModified\":\"2021-01-28T06:13:21+00:00\",\"breadcrumb\":{\"@id\":\"https:\\\/\\\/alimak.com\\\/be\\\/accessories-overview\\\/cable-guiding-equipment\\\/#breadcrumb\"},\"inLanguage\":\"fr-BE\",\"potentialAction\":[{\"@type\":\"ReadAction\",\"target\":[\"https:\\\/\\\/alimak.com\\\/be\\\/accessories-overview\\\/cable-guiding-equipment\\\/\"]}]},{\"@type\":\"BreadcrumbList\",\"@id\":\"https:\\\/\\\/alimak.com\\\/be\\\/accessories-overview\\\/cable-guiding-equipment\\\/#breadcrumb\",\"itemListElement\":[{\"@type\":\"ListItem\",\"position\":1,\"name\":\"Page d'accueil\",\"item\":\"https:\\\/\\\/alimak.com\\\/be\\\/\"},{\"@type\":\"ListItem\",\"position\":2,\"name\":\"Aper\u00e7u des accessoires\",\"item\":\"https:\\\/\\\/alimak.com\\\/be\\\/accessories-overview\\\/\"},{\"@type\":\"ListItem\",\"position\":3,\"name\":\"\u00c9quipement de guidage des c\u00e2bles\"}]},{\"@type\":\"WebSite\",\"@id\":\"https:\\\/\\\/alimak.com\\\/be\\\/#website\",\"url\":\"https:\\\/\\\/alimak.com\\\/be\\\/\",\"name\":\"Alimak Belgium\",\"description\":\"Les leaders mondiaux en mati\u00e8re de solutions d&#039;acc\u00e8s vertical\",\"potentialAction\":[{\"@type\":\"SearchAction\",\"target\":{\"@type\":\"EntryPoint\",\"urlTemplate\":\"https:\\\/\\\/alimak.com\\\/be\\\/?s={search_term_string}\"},\"query-input\":{\"@type\":\"PropertyValueSpecification\",\"valueRequired\":true,\"valueName\":\"search_term_string\"}}],\"inLanguage\":\"fr-BE\"}]}<\/script>\n<!-- \/ Yoast SEO plugin. -->","yoast_head_json":{"title":"\u00c9quipement de guidage des c\u00e2bles - Alimak Belgium","robots":{"index":"index","follow":"follow","max-snippet":"max-snippet:-1","max-image-preview":"max-image-preview:large","max-video-preview":"max-video-preview:-1"},"canonical":"https:\/\/alimak.com\/be\/accessories-overview\/cable-guiding-equipment\/","og_locale":"fr_FR","og_type":"article","og_title":"\u00c9quipement de guidage des c\u00e2bles - Alimak Belgium","og_url":"https:\/\/alimak.com\/be\/accessories-overview\/cable-guiding-equipment\/","og_site_name":"Alimak Belgium","article_modified_time":"2021-01-28T06:13:21+00:00","twitter_card":"summary_large_image","schema":{"@context":"https:\/\/schema.org","@graph":[{"@type":"WebPage","@id":"https:\/\/alimak.com\/be\/accessories-overview\/cable-guiding-equipment\/","url":"https:\/\/alimak.com\/be\/accessories-overview\/cable-guiding-equipment\/","name":"\u00c9quipement de guidage des c\u00e2bles - Alimak Belgium","isPartOf":{"@id":"https:\/\/alimak.com\/be\/#website"},"datePublished":"2020-11-17T13:12:20+00:00","dateModified":"2021-01-28T06:13:21+00:00","breadcrumb":{"@id":"https:\/\/alimak.com\/be\/accessories-overview\/cable-guiding-equipment\/#breadcrumb"},"inLanguage":"fr-BE","potentialAction":[{"@type":"ReadAction","target":["https:\/\/alimak.com\/be\/accessories-overview\/cable-guiding-equipment\/"]}]},{"@type":"BreadcrumbList","@id":"https:\/\/alimak.com\/be\/accessories-overview\/cable-guiding-equipment\/#breadcrumb","itemListElement":[{"@type":"ListItem","position":1,"name":"Page d'accueil","item":"https:\/\/alimak.com\/be\/"},{"@type":"ListItem","position":2,"name":"Aper\u00e7u des accessoires","item":"https:\/\/alimak.com\/be\/accessories-overview\/"},{"@type":"ListItem","position":3,"name":"\u00c9quipement de guidage des c\u00e2bles"}]},{"@type":"WebSite","@id":"https:\/\/alimak.com\/be\/#website","url":"https:\/\/alimak.com\/be\/","name":"Alimak Belgium","description":"Les leaders mondiaux en mati\u00e8re de solutions d&#039;acc\u00e8s vertical","potentialAction":[{"@type":"SearchAction","target":{"@type":"EntryPoint","urlTemplate":"https:\/\/alimak.com\/be\/?s={search_term_string}"},"query-input":{"@type":"PropertyValueSpecification","valueRequired":true,"valueName":"search_term_string"}}],"inLanguage":"fr-BE"}]}},"_links":{"self":[{"href":"https:\/\/alimak.com\/be\/wp-json\/wp\/v2\/pages\/403","targetHints":{"allow":["GET"]}}],"collection":[{"href":"https:\/\/alimak.com\/be\/wp-json\/wp\/v2\/pages"}],"about":[{"href":"https:\/\/alimak.com\/be\/wp-json\/wp\/v2\/types\/page"}],"author":[{"embeddable":true,"href":"https:\/\/alimak.com\/be\/wp-json\/wp\/v2\/users\/1"}],"replies":[{"embeddable":true,"href":"https:\/\/alimak.com\/be\/wp-json\/wp\/v2\/comments?post=403"}],"version-history":[{"count":2,"href":"https:\/\/alimak.com\/be\/wp-json\/wp\/v2\/pages\/403\/revisions"}],"predecessor-version":[{"id":2409,"href":"https:\/\/alimak.com\/be\/wp-json\/wp\/v2\/pages\/403\/revisions\/2409"}],"up":[{"embeddable":true,"href":"https:\/\/alimak.com\/be\/wp-json\/wp\/v2\/pages\/382"}],"wp:attachment":[{"href":"https:\/\/alimak.com\/be\/wp-json\/wp\/v2\/media?parent=403"}],"curies":[{"name":"wp","href":"https:\/\/api.w.org\/{rel}","templated":true}]}}