{"id":4139,"date":"2023-02-16T04:11:29","date_gmt":"2023-02-16T04:11:29","guid":{"rendered":"https:\/\/alimak.com\/be\/registration-francais\/"},"modified":"2023-02-17T06:17:02","modified_gmt":"2023-02-17T06:17:02","slug":"onlinelaunchregistration","status":"publish","type":"page","link":"https:\/\/alimak.com\/be\/onlinelaunchregistration\/","title":{"rendered":"Registration"},"content":{"rendered":"\n<div class=\"registration_banner flex break-out\">\n    <div class=\"reg_img\" style=\"background:url(https:\/\/alimak.com\/be\/wp-content\/uploads\/sites\/18\/2023\/02\/banner_registration.jpg) center no-repeat; background-size:cover;\">\n    \t<img decoding=\"async\" src=\"https:\/\/alimak.com\/be\/wp-content\/uploads\/sites\/18\/2023\/02\/banner_registration.jpg\" alt=\"TOUT NOUVEL ASCENSEUR DE CHANTIER BIENT\u00d4T R\u00c9V\u00c9L\u00c9\" title=\"TOUT NOUVEL ASCENSEUR DE CHANTIER BIENT\u00d4T R\u00c9V\u00c9L\u00c9\">\n    <\/div>\n    <div class=\"reg_right\" style=\"background:url(https:\/\/alimak.com\/be\/wp-content\/themes\/alimak\/images\/banner_registration_bg.jpg) center no-repeat; background-size:cover;\">\n    \t<div class=\"rtb\"><div class=\"rtd\">\n        \t<div class=\"reg_padding\">\n            \t<h1>TOUT NOUVEL ASCENSEUR DE CHANTIER BIENT\u00d4T R\u00c9V\u00c9L\u00c9<\/h1>                <h2>Restez inform\u00e9 pour d\u00e9couvrir cette nouvelle g\u00e9n\u00e9ration d\u2019ascenseur!<\/h2>            <\/div>\n        <\/div><\/div>\n    <\/div>\n<\/div>        \n\n\n\n\n\n<div class=\"reg_contents break-out\">\n\t<div class=\"container\">\n    \t<div class=\"flex\">\n        \n            <div class=\"reg_left\">\n                <h2>NOUVEAU LANCEMENT<br \/>\r\nDE PRODUIT ALIMAK<\/h2>                <h3 >Inscrivez-vous afin d\u2019assister au lancement en ligne du nouvel ascenseur de chantier Alimak.<\/h3>                \n                                <div class=\"launching_dt\">\n                    <h4>LANCEMENT<\/h4>                    <div class=\"dt_row flex\">\n                                                <div class=\"dt_box\">\n                            <div class=\"dtb\">04<\/div>\n                            <p>JOUR<\/p>\n                        <\/div>\n                                                                        <div class=\"dt_box\">\n                            <div class=\"dtb\">04<\/div>\n                            <p>MOIS<\/p>\n                        <\/div>\n                                                                        <div class=\"dt_box dt_box_last\">\n                            <div class=\"dtb\">2023<\/div>\n                            <p>ANN\u00c9E<\/p>\n                        <\/div>\n                                            <\/div>\n                <\/div>\n                                \n                                <div class=\"reg_form\" data-hubid=\"8d198b7a-a1d9-417e-ae06-ff47f3821b8a\"><\/div>\n                                \n            <\/div>\n                    \n                                \n            <div class=\"reg_right\">\n                <div class=\"reg_img\" style=\"background:url(https:\/\/alimak.com\/be\/wp-content\/uploads\/sites\/18\/2023\/02\/registration_img.jpg) center no-repeat; background-size:cover;\">\n                    <img decoding=\"async\" src=\"https:\/\/alimak.com\/be\/wp-content\/uploads\/sites\/18\/2023\/02\/registration_img.jpg\" alt=\"NOUVEAU LANCEMENT\r\nDE PRODUIT ALIMAK\" title=\"NOUVEAU LANCEMENT\r\nDE PRODUIT ALIMAK\">\n                <\/div>\n            <\/div>\n                    \n        <\/div>\n    <\/div>\n<\/div>\n\n<script>\n(function($){  \n$().ready(function() {\n\t\n\tif ($('.reg_form').length !== 0) {\n\t\tvar frm_id = $('.reg_form').data('hubid');\n\t\thbspt.forms.create({\n\t\t\ttarget:'.reg_form',\n\t\t\tportalId:'8464480',\n\t\t\tformId:frm_id,\n\t\t\tonFormReady: function($form, ctx){\n\t\t\t\t\n\t\t\t\t$('label', '.hs-form-checkbox').append('<span class=\"checkmark\"><\/span>');\n\t\t\t\t$('label', '.hs-form-checkbox').addClass('c_chk');\t\t\t\t\n\t\t\t\t\/\/$('.hs-form-booleancheckbox-display').append('<span class=\"checkmark\"><\/span>');\n\t\t\t\t\/\/$('.hs-form-booleancheckbox-display').addClass('hub_chk');\n\t\t\t\t\n\t\t\t\t\/\/$('label', '.hs-form-booleancheckbox').addClass('c_chk');\t\t\t\t\n\t\t\t\t\n\t\t\t\t\n\t\t\t\t$('select', '.reg_form').SumoSelect();\n\t\t\t\t\n\t\t\t},\n\t\t\tcss: '',\n\t\t\t  cssClass: '',\n\t\t\t  cssRequired: '',\t\n\t\t  });\n\t\t\n\t}\n\n\n});\n})(jQuery);\n<\/script>\n\n        \n\n","protected":false},"excerpt":{"rendered":"","protected":false},"author":14,"featured_media":0,"parent":0,"menu_order":0,"comment_status":"closed","ping_status":"closed","template":"","meta":{"_trash_the_other_posts":false,"editor_notices":[],"footnotes":""},"class_list":["post-4139","page","type-page","status-publish","hentry"],"yoast_head":"<!-- This site is optimized with the Yoast SEO plugin v27.3 - https:\/\/yoast.com\/product\/yoast-seo-wordpress\/ -->\n<title>Registration - Alimak Belgium<\/title>\n<meta name=\"robots\" content=\"index, follow, max-snippet:-1, max-image-preview:large, max-video-preview:-1\" \/>\n<link rel=\"canonical\" href=\"https:\/\/alimak.com\/be\/onlinelaunchregistration\/\" \/>\n<meta property=\"og:locale\" content=\"fr_FR\" \/>\n<meta property=\"og:type\" content=\"article\" \/>\n<meta property=\"og:title\" content=\"Registration - Alimak Belgium\" \/>\n<meta property=\"og:url\" content=\"https:\/\/alimak.com\/be\/onlinelaunchregistration\/\" \/>\n<meta property=\"og:site_name\" content=\"Alimak Belgium\" \/>\n<meta property=\"article:modified_time\" content=\"2023-02-17T06:17:02+00:00\" \/>\n<meta name=\"twitter:card\" content=\"summary_large_image\" \/>\n<script type=\"application\/ld+json\" class=\"yoast-schema-graph\">{\"@context\":\"https:\\\/\\\/schema.org\",\"@graph\":[{\"@type\":\"WebPage\",\"@id\":\"https:\\\/\\\/alimak.com\\\/be\\\/onlinelaunchregistration\\\/\",\"url\":\"https:\\\/\\\/alimak.com\\\/be\\\/onlinelaunchregistration\\\/\",\"name\":\"Registration - Alimak Belgium\",\"isPartOf\":{\"@id\":\"https:\\\/\\\/alimak.com\\\/be\\\/#website\"},\"datePublished\":\"2023-02-16T04:11:29+00:00\",\"dateModified\":\"2023-02-17T06:17:02+00:00\",\"breadcrumb\":{\"@id\":\"https:\\\/\\\/alimak.com\\\/be\\\/onlinelaunchregistration\\\/#breadcrumb\"},\"inLanguage\":\"fr-BE\",\"potentialAction\":[{\"@type\":\"ReadAction\",\"target\":[\"https:\\\/\\\/alimak.com\\\/be\\\/onlinelaunchregistration\\\/\"]}]},{\"@type\":\"BreadcrumbList\",\"@id\":\"https:\\\/\\\/alimak.com\\\/be\\\/onlinelaunchregistration\\\/#breadcrumb\",\"itemListElement\":[{\"@type\":\"ListItem\",\"position\":1,\"name\":\"Page d'accueil\",\"item\":\"https:\\\/\\\/alimak.com\\\/be\\\/\"},{\"@type\":\"ListItem\",\"position\":2,\"name\":\"Registration\"}]},{\"@type\":\"WebSite\",\"@id\":\"https:\\\/\\\/alimak.com\\\/be\\\/#website\",\"url\":\"https:\\\/\\\/alimak.com\\\/be\\\/\",\"name\":\"Alimak Belgium\",\"description\":\"Les leaders mondiaux en mati\u00e8re de solutions d&#039;acc\u00e8s vertical\",\"potentialAction\":[{\"@type\":\"SearchAction\",\"target\":{\"@type\":\"EntryPoint\",\"urlTemplate\":\"https:\\\/\\\/alimak.com\\\/be\\\/?s={search_term_string}\"},\"query-input\":{\"@type\":\"PropertyValueSpecification\",\"valueRequired\":true,\"valueName\":\"search_term_string\"}}],\"inLanguage\":\"fr-BE\"}]}<\/script>\n<!-- \/ Yoast SEO plugin. -->","yoast_head_json":{"title":"Registration - Alimak Belgium","robots":{"index":"index","follow":"follow","max-snippet":"max-snippet:-1","max-image-preview":"max-image-preview:large","max-video-preview":"max-video-preview:-1"},"canonical":"https:\/\/alimak.com\/be\/onlinelaunchregistration\/","og_locale":"fr_FR","og_type":"article","og_title":"Registration - Alimak Belgium","og_url":"https:\/\/alimak.com\/be\/onlinelaunchregistration\/","og_site_name":"Alimak Belgium","article_modified_time":"2023-02-17T06:17:02+00:00","twitter_card":"summary_large_image","schema":{"@context":"https:\/\/schema.org","@graph":[{"@type":"WebPage","@id":"https:\/\/alimak.com\/be\/onlinelaunchregistration\/","url":"https:\/\/alimak.com\/be\/onlinelaunchregistration\/","name":"Registration - Alimak Belgium","isPartOf":{"@id":"https:\/\/alimak.com\/be\/#website"},"datePublished":"2023-02-16T04:11:29+00:00","dateModified":"2023-02-17T06:17:02+00:00","breadcrumb":{"@id":"https:\/\/alimak.com\/be\/onlinelaunchregistration\/#breadcrumb"},"inLanguage":"fr-BE","potentialAction":[{"@type":"ReadAction","target":["https:\/\/alimak.com\/be\/onlinelaunchregistration\/"]}]},{"@type":"BreadcrumbList","@id":"https:\/\/alimak.com\/be\/onlinelaunchregistration\/#breadcrumb","itemListElement":[{"@type":"ListItem","position":1,"name":"Page d'accueil","item":"https:\/\/alimak.com\/be\/"},{"@type":"ListItem","position":2,"name":"Registration"}]},{"@type":"WebSite","@id":"https:\/\/alimak.com\/be\/#website","url":"https:\/\/alimak.com\/be\/","name":"Alimak Belgium","description":"Les leaders mondiaux en mati\u00e8re de solutions d&#039;acc\u00e8s vertical","potentialAction":[{"@type":"SearchAction","target":{"@type":"EntryPoint","urlTemplate":"https:\/\/alimak.com\/be\/?s={search_term_string}"},"query-input":{"@type":"PropertyValueSpecification","valueRequired":true,"valueName":"search_term_string"}}],"inLanguage":"fr-BE"}]}},"_links":{"self":[{"href":"https:\/\/alimak.com\/be\/wp-json\/wp\/v2\/pages\/4139","targetHints":{"allow":["GET"]}}],"collection":[{"href":"https:\/\/alimak.com\/be\/wp-json\/wp\/v2\/pages"}],"about":[{"href":"https:\/\/alimak.com\/be\/wp-json\/wp\/v2\/types\/page"}],"author":[{"embeddable":true,"href":"https:\/\/alimak.com\/be\/wp-json\/wp\/v2\/users\/14"}],"replies":[{"embeddable":true,"href":"https:\/\/alimak.com\/be\/wp-json\/wp\/v2\/comments?post=4139"}],"version-history":[{"count":8,"href":"https:\/\/alimak.com\/be\/wp-json\/wp\/v2\/pages\/4139\/revisions"}],"predecessor-version":[{"id":4153,"href":"https:\/\/alimak.com\/be\/wp-json\/wp\/v2\/pages\/4139\/revisions\/4153"}],"wp:attachment":[{"href":"https:\/\/alimak.com\/be\/wp-json\/wp\/v2\/media?parent=4139"}],"curies":[{"name":"wp","href":"https:\/\/api.w.org\/{rel}","templated":true}]}}