{"id":4234,"date":"2023-03-13T12:47:48","date_gmt":"2023-03-13T12:47:48","guid":{"rendered":"https:\/\/alimak.com\/be\/service-solutions\/my-alimak-francais\/"},"modified":"2024-12-11T14:48:07","modified_gmt":"2024-12-11T14:48:07","slug":"my-alimak","status":"publish","type":"page","link":"https:\/\/alimak.com\/be\/service-solutions\/my-alimak\/","title":{"rendered":"My Alimak"},"content":{"rendered":"\n<article class=\"m33 break-out\" id=\"block_5fad47da958a3\" data-animate-container>\n\n  <nav id=\"breadcrumbs\"><div class=\"container\"><span><span><a href=\"https:\/\/alimak.com\/be\/\">Page d&rsquo;accueil<\/a><\/span><\/span><\/div><\/nav>\n  <div class=\"container m33__container\">\n\t\t\n\t\t\t\t\t<h1 class=\"m33__heading uppercase  \" data-animate>My Alimak<\/h1>\n\t\t\t\t\n\t\t  <\/div>\n\n<\/article>\n\n\n\n\n<div style=\"height:100px\" aria-hidden=\"true\" class=\"wp-block-spacer\"><\/div>\n\n\n\n<div class=\"wp-block-group has-light-grey-background-color has-background\"><div class=\"wp-block-group__inner-container is-layout-flow wp-block-group-is-layout-flow\">\n<article class=\"m28 break-out\" id=\"block_5fb3fad5412b2\" data-animate-container>\n  <div class=\"container\">\n\n          <div class=\"m28__content\" data-animate><h3>Dites bonjour \u00e0 l&rsquo;avenir de la num\u00e9risation dans l&rsquo;industrie de l&rsquo;acc\u00e8s vertical<\/h3>\n<p>My Alimak est un portail Web personnalis\u00e9 d\u00e9velopp\u00e9 par le Groupe Alimak pour am\u00e9liorer l&rsquo;utilisation s\u00e9curitaire et efficace des produits de construction Alimak. Le portail de t\u00e9l\u00e9surveillance fournit aux utilisateurs des informations actualis\u00e9es sur leurs engins de chantier Alimak. Le portail My Alimak affiche une grande vari\u00e9t\u00e9 d&rsquo;informations op\u00e9rationnelles &#8211; avec des donn\u00e9es collect\u00e9es et affich\u00e9es dans un format facile \u00e0 lire &#8211; ainsi que de nombreuses fonctionnalit\u00e9s suppl\u00e9mentaires telles qu&rsquo;un outil de calcul de force avanc\u00e9, Bim et des biblioth\u00e8ques de documents. L&rsquo;acc\u00e8s \u00e0 ces donn\u00e9es offre aux propri\u00e9taires une meilleure prise en charge de la gestion globale des actifs, en anticipant la maintenance et les r\u00e9parations n\u00e9cessaires, en am\u00e9liorant la s\u00e9curit\u00e9, en garantissant une disponibilit\u00e9 maximale du produit et en minimisant les temps d&rsquo;arr\u00eat dus aux r\u00e9parations.<\/p>\n<p><a href=\"https:\/\/my.alimak.com\" target=\"_blank\" rel=\"noopener\"><strong>CONNECTEZ-VOUS \u00c0 MY ALIMAK<\/strong><\/a><\/p>\n<\/div>\n    \n          <div class=\"m28__media\">\n        <img src=https:\/\/alimak.com\/be\/wp-content\/uploads\/sites\/18\/2023\/04\/My-Alimak-Image-2-1024x712.png  class=\"m28__image\" alt=\"\" width=\"1024\" height=\"712\">      <\/div>\n    \n  <\/div>\n<\/article>\n<\/div><\/div>\n\n\n\n<article class=\"m29 large break-out\" id=\"block_655476b4101e8\" data-animate-container>\n  <div class=\"container\">\n\n          <h2 class=\"m29__heading h3 uppercase\" data-animate>\u00ab MY ALIMAK \u00bb INDUSTRIELS<\/h2>\n    \n    \n          <div class=\"m29__media\" data-animate>\n\n        <div\n        class=\"m29__player\"\n        data-plyr-provider=\"youtube\"\n        data-plyr-embed-id=\"gXoDP7fZNwc\"><\/div>\n\n        <button type=\"button\" class=\"m29__poster\">\n                    <span class=\"m29__play-wrap\" aria-hidden=\"true\"><svg class=\"svg-icon svg-icon--icon-play\" aria-hidden=\"true\" role=\"img\"> <use href=\"#icon-play\" xlink:href=\"#icon-play\"><\/use> <\/svg><\/span> \n          <span class=\"screen-reader-text\">Click to play<\/span>\n        <\/button>\n        \n      <\/div>\n    \n  <\/div>\n<\/article>\n\n\n\n<article class=\"m29 large break-out\" id=\"block_655476c4101e9\" data-animate-container>\n  <div class=\"container\">\n\n          <h2 class=\"m29__heading h3 uppercase\" data-animate>\u00ab MY ALIMAK \u00bb CONSTRUCTION<\/h2>\n    \n    \n          <div class=\"m29__media\" data-animate>\n\n        <div\n        class=\"m29__player\"\n        data-plyr-provider=\"youtube\"\n        data-plyr-embed-id=\"TCFYVpXN__w\"><\/div>\n\n        <button type=\"button\" class=\"m29__poster\">\n                    <span class=\"m29__play-wrap\" aria-hidden=\"true\"><svg class=\"svg-icon svg-icon--icon-play\" aria-hidden=\"true\" role=\"img\"> <use href=\"#icon-play\" xlink:href=\"#icon-play\"><\/use> <\/svg><\/span> \n          <span class=\"screen-reader-text\">Click to play<\/span>\n        <\/button>\n        \n      <\/div>\n    \n  <\/div>\n<\/article>\n\n\n\n<article class=\"m13 break-out\" id=\"block_5fb3fb35412b3\" data-animate-container>\n  <div class=\"container m13__container\">\n\n          <h2 class=\"m13__heading uppercase h3\" data-animate>Caract\u00e9ristiques en un coup d&#039;\u0153il<\/h2>\n              <div class=\"m13__introduction large\" data-animate><p>Le portail My Alimak permet \u00e0 l&#039;\u00e9quipe de maintenance, aux op\u00e9rateurs et aux propri\u00e9taires de produits d&#039;acc\u00e9der \u00e0\u00a0:<\/p>\n<\/div>\n    \n          <div class=\"m13__services\">\n                  <article class=\"m13__service\" data-animate data-delay=\"0\">\n\n                          <h3 class=\"m13__title uppercase h4\">Information<\/h3>\n            \n            <p class=\"p1\">Sp\u00e9cifications g\u00e9n\u00e9rales, telles que le num\u00e9ro de s\u00e9rie, le type de produit, les donn\u00e9es de performance et la temp\u00e9rature.<\/p>\n\n            \n                          <div class=\"m13__icon\" aria-hidden=\"true\">\n                <img src=https:\/\/alimak.com\/be\/wp-content\/uploads\/sites\/18\/2023\/04\/1.-Information-Orange-300x300.png  class=\"\" alt=\"\" width=\"300\" height=\"300\">              <\/div>\n            \n          <\/article>\n                  <article class=\"m13__service\" data-animate data-delay=\"150\">\n\n                          <h3 class=\"m13__title uppercase h4\">Statut<\/h3>\n            \n            <p class=\"p1\">Affichez une grande vari\u00e9t\u00e9 d&#039;informations et de donn\u00e9es op\u00e9rationnelles sur votre produit Alimak en temps r\u00e9el.<\/p>\n\n            \n                          <div class=\"m13__icon\" aria-hidden=\"true\">\n                <img src=https:\/\/alimak.com\/be\/wp-content\/uploads\/sites\/18\/2023\/04\/2.-Status-Orange-300x300.png  class=\"\" alt=\"\" width=\"300\" height=\"300\">              <\/div>\n            \n          <\/article>\n                  <article class=\"m13__service\" data-animate data-delay=\"300\">\n\n                          <h3 class=\"m13__title uppercase h4\">Alertes<\/h3>\n            \n            <p class=\"p1\">D\u00e9tectez les messages d&#039;alerte \u00e0 jour pour faciliter les diagnostics \u00e0 distance, en minimisant les temps d&#039;arr\u00eat.<\/p>\n\n            \n                          <div class=\"m13__icon\" aria-hidden=\"true\">\n                <img src=https:\/\/alimak.com\/be\/wp-content\/uploads\/sites\/18\/2023\/04\/3.-Alarms-Orange-297x300.png  class=\"\" alt=\"\" width=\"297\" height=\"300\">              <\/div>\n            \n          <\/article>\n                  <article class=\"m13__service\" data-animate data-delay=\"450\">\n\n                          <h3 class=\"m13__title uppercase h4\">Emplacement<\/h3>\n            \n            <p class=\"p1\">Carte avec positionnement actuel de tous vos produits Alimak connect\u00e9s.<\/p>\n\n            \n                          <div class=\"m13__icon\" aria-hidden=\"true\">\n                <img src=https:\/\/alimak.com\/be\/wp-content\/uploads\/sites\/18\/2023\/04\/4.-Location-orange-293x300.png  class=\"\" alt=\"\" width=\"293\" height=\"300\">              <\/div>\n            \n          <\/article>\n                  <article class=\"m13__service\" data-animate data-delay=\"600\">\n\n                          <h3 class=\"m13__title uppercase h4\">Documents<\/h3>\n            \n            <p class=\"p1\">Acc\u00e8s \u00e0 toute la documentation technique, manuels et certificats de vos produits Alimak.<\/p>\n\n            \n                          <div class=\"m13__icon\" aria-hidden=\"true\">\n                <img src=https:\/\/alimak.com\/be\/wp-content\/uploads\/sites\/18\/2023\/04\/5.-Documents-Orange-215x300.png  class=\"\" alt=\"\" width=\"215\" height=\"300\">              <\/div>\n            \n          <\/article>\n                  <article class=\"m13__service\" data-animate data-delay=\"750\">\n\n                          <h3 class=\"m13__title uppercase h4\">AliCalc<\/h3>\n            \n            <p class=\"p1\">Outil en ligne avanc\u00e9 pour calculer les forces de r\u00e9action, gagner du temps et am\u00e9liorer la s\u00e9curit\u00e9.<\/p>\n\n                          <a\n              href=\"https:\/\/youtu.be\/k_qNHzShqmw?feature=shared\"\n              class=\"m13__button read-more\"\n              target=\"_blank\">\n                <span>Voir la vid\u00e9o<\/span>\n                <svg class=\"svg-icon svg-icon--icon-arrow-right\" aria-hidden=\"true\" role=\"img\"> <use href=\"#icon-arrow-right\" xlink:href=\"#icon-arrow-right\"><\/use> <\/svg>              <\/a>\n            \n                          <div class=\"m13__icon\" aria-hidden=\"true\">\n                <img src=https:\/\/alimak.com\/be\/wp-content\/uploads\/sites\/18\/2023\/04\/7.-AliCalc-Orange-242x300.png  class=\"\" alt=\"\" width=\"242\" height=\"300\">              <\/div>\n            \n          <\/article>\n                  <article class=\"m13__service\" data-animate data-delay=\"900\">\n\n                          <h3 class=\"m13__title uppercase h4\">Galerie BIM<\/h3>\n            \n            <p>Int\u00e9grez des mod\u00e8les BIM \u00e0 la phase de planification de votre projet pour visualiser et optimiser vos besoins en transport vertical.<\/p>\n\n                          <a\n              href=\"https:\/\/youtu.be\/Uf3dy3igtuM?feature=shared\"\n              class=\"m13__button read-more\"\n              target=\"_blank\">\n                <span>Voir la vid\u00e9o<\/span>\n                <svg class=\"svg-icon svg-icon--icon-arrow-right\" aria-hidden=\"true\" role=\"img\"> <use href=\"#icon-arrow-right\" xlink:href=\"#icon-arrow-right\"><\/use> <\/svg>              <\/a>\n            \n                          <div class=\"m13__icon\" aria-hidden=\"true\">\n                <img src=https:\/\/alimak.com\/be\/wp-content\/uploads\/sites\/18\/2023\/04\/8.-BIM-Library-Orange-300x297.png  class=\"\" alt=\"\" width=\"300\" height=\"297\">              <\/div>\n            \n          <\/article>\n                  <article class=\"m13__service\" data-animate data-delay=\"1050\">\n\n                          <h3 class=\"m13__title uppercase h4\">Statistiques<\/h3>\n            \n            <p>Analysez l&#039;utilisation de votre palan dans un format facile \u00e0 lire et am\u00e9liorez la logistique et la durabilit\u00e9 de la construction avec des donn\u00e9es op\u00e9rationnelles \u00e9tendues.<\/p>\n\n            \n                          <div class=\"m13__icon\" aria-hidden=\"true\">\n                <img src=https:\/\/alimak.com\/be\/wp-content\/uploads\/sites\/18\/2023\/04\/6.-Statistics-Orange-300x286.png  class=\"\" alt=\"\" width=\"300\" height=\"286\">              <\/div>\n            \n          <\/article>\n                  <article class=\"m13__service\" data-animate data-delay=\"1200\">\n\n                          <h3 class=\"m13__title uppercase h4\">Pi\u00e8ces en ligne<\/h3>\n            \n            <p>Trouvez et identifiez facilement les pi\u00e8ces de rechange Alimak en ligne.<\/p>\n\n                          <a\n              href=\"https:\/\/youtu.be\/r_DmpEuJN2Q?feature=shared\"\n              class=\"m13__button read-more\"\n              target=\"_blank\">\n                <span>Voir la vid\u00e9o<\/span>\n                <svg class=\"svg-icon svg-icon--icon-arrow-right\" aria-hidden=\"true\" role=\"img\"> <use href=\"#icon-arrow-right\" xlink:href=\"#icon-arrow-right\"><\/use> <\/svg>              <\/a>\n            \n                          <div class=\"m13__icon\" aria-hidden=\"true\">\n                <img src=https:\/\/alimak.com\/be\/wp-content\/uploads\/sites\/18\/2023\/04\/11.-Parts-online-Orange-2-300x267.png  class=\"\" alt=\"\" width=\"300\" height=\"267\">              <\/div>\n            \n          <\/article>\n                  <article class=\"m13__service\" data-animate data-delay=\"1350\">\n\n                          <h3 class=\"m13__title uppercase h4\">Entra\u00eenement<\/h3>\n            \n            <p>Acc\u00e8s facile aux cours de formation disponibles en ligne pour votre produit Alimak.<\/p>\n\n            \n                          <div class=\"m13__icon\" aria-hidden=\"true\">\n                <img src=https:\/\/alimak.com\/be\/wp-content\/uploads\/sites\/18\/2023\/04\/10.-Training-Orange-266x300.png  class=\"\" alt=\"\" width=\"266\" height=\"300\">              <\/div>\n            \n          <\/article>\n                  <article class=\"m13__service\" data-animate data-delay=\"1500\">\n\n                          <h3 class=\"m13__title uppercase h4\">Soutien<\/h3>\n            \n            <p>Acc\u00e8s facile au support technique local en cas de besoin.<\/p>\n\n            \n                          <div class=\"m13__icon\" aria-hidden=\"true\">\n                <img src=https:\/\/alimak.com\/be\/wp-content\/uploads\/sites\/18\/2023\/04\/9.-Support-Orange-300x284.png  class=\"\" alt=\"\" width=\"300\" height=\"284\">              <\/div>\n            \n          <\/article>\n              <\/div>\n    \n  <\/div>\n<\/article>\n\n\n\r\n<article class=\"m38 break-out\" id=\"block_6759a5b0a4809\" data-animate-container>\r\n  <div class=\"container\">\r\n\r\n          <div class=\"m38__introduction large\" data-animate>\r\n        <h2 class=\"m38__heading uppercase h3\">BROCHURES<\/h2>\r\n      <\/div>\r\n    \r\n          <button type=\"button\" class=\"m38__accordion-button\" data-animate>\r\n        <i class=\"m38__accordion-icon\" aria-hidden=\"true\"><\/i>\r\n        <h3 class=\"m38__accordion-title uppercase h4\">My Alimak &#8211; Industriels<\/h3>\r\n      <\/button>\r\n    \r\n    <div class=\"m38__accordion-wrapper\">\r\n      <div class=\"m38__accordion-content\">\r\n\r\n                  <ul class=\"m38__accordion-downloads no-list\">\r\n\r\n            \r\n\t\t\t\t\t\t\t<li class=\"m38__accordion-download-item\">\r\n\r\n\t\t\t\t\t\t\t\t<span class=\"m38__file-heading\">\r\n\t\t\t\t\t\t\t\t\t<strong class=\"uppercase\"><\/strong>\r\n\t\t\t\t\t\t\t\t\tEn savoir plus sur My Alimak pour les ascenseurs industriels.\t\t\t\t\t\t\t\t<\/span>\r\n\r\n\t\t\t\t\t\t\t\t<div class=\"m38__columns\">\r\n\t\t\t\t\t\t\t\t\t\t\t\t\t\t\t\t\t\t\t\t\t\t\t\t\t\t\t\t\t\t\t\t\t\t\t<\/div>\r\n\r\n\t\t\t\t\t\t\t\t\r\n\t\t\t\t\t\t\t\t\t\t\t\t\t\t\t\t\t<a\r\n\t\t\t\t\t\t\t\t\ttarget=\"_self\"\r\n\t\t\t\t\t\t\t\t\trel=\"noopener noreferrer\"\r\n\t\t\t\t\t\t\t\t\tclass=\"m38__button button button--download\"\r\n\t\t\t\t\t\t\t\t\thref=\"https:\/\/alimak.com\/wp-content\/uploads\/2024\/12\/My-Alimak-Industrial-1809-EN-Aug-2024.pdf\">\r\n\t\t\t\t\t\t\t\t\t\t<span>T\u00e9l\u00e9charger<\/span>\r\n\t\t\t\t\t\t\t\t\t\t<svg class=\"svg-icon svg-icon--icon-download\" aria-hidden=\"true\" role=\"img\"> <use href=\"#icon-download\" xlink:href=\"#icon-download\"><\/use> <\/svg>\t\t\t\t\t\t\t\t\t<\/a>\r\n\t\t\t\t\t\t\t\t\r\n\t\t\t\t\t\t\t\t\r\n\t\t\t\t\t\t\t<\/li>\r\n\r\n\t\t\t\t\t\t\t\r\n          <\/ul>\r\n        \r\n      <\/div>\r\n    <\/div>\r\n\r\n  <\/div>\r\n\r\n\t\t\r\n<\/article>\r\n\n\n\r\n<article class=\"m38 break-out\" id=\"block_6759a5e8a480b\" data-animate-container>\r\n  <div class=\"container\">\r\n\r\n    \r\n          <button type=\"button\" class=\"m38__accordion-button\" data-animate>\r\n        <i class=\"m38__accordion-icon\" aria-hidden=\"true\"><\/i>\r\n        <h3 class=\"m38__accordion-title uppercase h4\">My Alimak &#8211; Construction<\/h3>\r\n      <\/button>\r\n    \r\n    <div class=\"m38__accordion-wrapper\">\r\n      <div class=\"m38__accordion-content\">\r\n\r\n                  <ul class=\"m38__accordion-downloads no-list\">\r\n\r\n            \r\n\t\t\t\t\t\t\t<li class=\"m38__accordion-download-item\">\r\n\r\n\t\t\t\t\t\t\t\t<span class=\"m38__file-heading\">\r\n\t\t\t\t\t\t\t\t\t<strong class=\"uppercase\"><\/strong>\r\n\t\t\t\t\t\t\t\t\tEn savoir plus sur My Alimak pour les \u00e9quipements de construction.\t\t\t\t\t\t\t\t<\/span>\r\n\r\n\t\t\t\t\t\t\t\t<div class=\"m38__columns\">\r\n\t\t\t\t\t\t\t\t\t\t\t\t\t\t\t\t\t\t\t\t\t\t\t\t\t\t\t\t\t\t\t\t\t\t\t<\/div>\r\n\r\n\t\t\t\t\t\t\t\t\r\n\t\t\t\t\t\t\t\t\t\t\t\t\t\t\t\t\t<a\r\n\t\t\t\t\t\t\t\t\ttarget=\"_self\"\r\n\t\t\t\t\t\t\t\t\trel=\"noopener noreferrer\"\r\n\t\t\t\t\t\t\t\t\tclass=\"m38__button button button--download\"\r\n\t\t\t\t\t\t\t\t\thref=\"https:\/\/alimak.com\/my-alimak-1794-en-nov-2023\/\">\r\n\t\t\t\t\t\t\t\t\t\t<span>T\u00e9l\u00e9charger<\/span>\r\n\t\t\t\t\t\t\t\t\t\t<svg class=\"svg-icon svg-icon--icon-download\" aria-hidden=\"true\" role=\"img\"> <use href=\"#icon-download\" xlink:href=\"#icon-download\"><\/use> <\/svg>\t\t\t\t\t\t\t\t\t<\/a>\r\n\t\t\t\t\t\t\t\t\r\n\t\t\t\t\t\t\t\t\r\n\t\t\t\t\t\t\t<\/li>\r\n\r\n\t\t\t\t\t\t\t\r\n          <\/ul>\r\n        \r\n      <\/div>\r\n    <\/div>\r\n\r\n  <\/div>\r\n\r\n\t\t\r\n<\/article>\r\n\n\n\n<div class=\"wp-block-group has-light-grey-background-color has-background\"><div class=\"wp-block-group__inner-container is-layout-flow wp-block-group-is-layout-flow\">\n<div style=\"height:100px\" aria-hidden=\"true\" class=\"wp-block-spacer\"><\/div>\n\n\n\n<article class=\"m08 break-out\" id=\"block_5fb3cb70ddff0\" data-animate-container>\n  <div class=\"container m08__container\">\n\n          <div class=\"m08__block m08__block--one\">\n        <div class=\"m08__content\">\n\n                      <h2 class=\"m08__heading uppercase h3\" data-animate>CONTACTEZ-NOUS POUR OBTENIR PLUS D&#039;INFORMATIONS OU UN DEVIS<\/h2>\n          \n                      <div class=\"m08__text\" data-animate>\n              <p>Vous avez besoin d\u2019aide pour s\u00e9lectionner le bon produit pour un projet \u00e0 venir ? Contactez nos experts pour obtenir des informations sur la gamme de solutions d\u2019acc\u00e8s vertical disponibles et un devis pour r\u00e9pondre aux besoins de votre projet.<\/p>\n            <\/div>\n          \n                      <a\n            data-animate\n            href=\"https:\/\/alimak.com\/be\/request-a-quote\/\"\n            class=\"m08__button button button--outline button--white\"\n            target=\"_self\">\n              Demander un devis            <\/a>\n          \n        <\/div>\n      <\/div>\n    \n          <div class=\"m08__block m08__block--two\">\n        <div class=\"m08__content\">\n\n                      <h2 class=\"m08__heading uppercase h3\" data-animate>Trouver un repr\u00e9sentant local<\/h2>\n          \n                      <div class=\"m08__text\" data-animate>\n              <p>Pr\u00e9sent sur les six continents, Alimak utilise son r\u00e9seau mondial pour fournir des solutions d\u2019acc\u00e8s vertical pour un large \u00e9ventail d\u2019applications sur les chantiers de construction et les sites industriels dans le monde entier. Contactez-nous pour trouver un repr\u00e9sentant local du r\u00e9seau mondial d\u2019Alimak.<\/p>\n            <\/div>\n          \n                      <a\n            data-animate\n            href=\"https:\/\/alimak.com\/be\/locations\"\n            class=\"m08__button button\"\n            target=\"_self\">\n              RECHERCHER SUR LE SITE            <\/a>\n          \n        <\/div>\n      <\/div>\n        \n  <\/div>\n<\/article>\n<\/div><\/div>\n\n\n\n<div style=\"height:100px\" aria-hidden=\"true\" class=\"wp-block-spacer\"><\/div>\n","protected":false},"excerpt":{"rendered":"","protected":false},"author":12,"featured_media":0,"parent":203,"menu_order":0,"comment_status":"closed","ping_status":"closed","template":"","meta":{"_trash_the_other_posts":false,"editor_notices":[],"footnotes":""},"class_list":["post-4234","page","type-page","status-publish","hentry"],"yoast_head":"<!-- This site is optimized with the Yoast SEO plugin v27.3 - https:\/\/yoast.com\/product\/yoast-seo-wordpress\/ -->\n<title>My Alimak - Alimak Belgium<\/title>\n<meta name=\"robots\" content=\"index, follow, max-snippet:-1, max-image-preview:large, max-video-preview:-1\" \/>\n<link rel=\"canonical\" href=\"https:\/\/alimak.com\/be\/service-solutions\/my-alimak\/\" \/>\n<meta property=\"og:locale\" content=\"fr_FR\" \/>\n<meta property=\"og:type\" content=\"article\" \/>\n<meta property=\"og:title\" content=\"My Alimak - Alimak Belgium\" \/>\n<meta property=\"og:url\" content=\"https:\/\/alimak.com\/be\/service-solutions\/my-alimak\/\" \/>\n<meta property=\"og:site_name\" content=\"Alimak Belgium\" \/>\n<meta property=\"article:modified_time\" content=\"2024-12-11T14:48:07+00:00\" \/>\n<meta name=\"twitter:card\" content=\"summary_large_image\" \/>\n<script type=\"application\/ld+json\" class=\"yoast-schema-graph\">{\"@context\":\"https:\\\/\\\/schema.org\",\"@graph\":[{\"@type\":\"WebPage\",\"@id\":\"https:\\\/\\\/alimak.com\\\/be\\\/service-solutions\\\/my-alimak\\\/\",\"url\":\"https:\\\/\\\/alimak.com\\\/be\\\/service-solutions\\\/my-alimak\\\/\",\"name\":\"My Alimak - Alimak Belgium\",\"isPartOf\":{\"@id\":\"https:\\\/\\\/alimak.com\\\/be\\\/#website\"},\"datePublished\":\"2023-03-13T12:47:48+00:00\",\"dateModified\":\"2024-12-11T14:48:07+00:00\",\"breadcrumb\":{\"@id\":\"https:\\\/\\\/alimak.com\\\/be\\\/service-solutions\\\/my-alimak\\\/#breadcrumb\"},\"inLanguage\":\"fr-BE\",\"potentialAction\":[{\"@type\":\"ReadAction\",\"target\":[\"https:\\\/\\\/alimak.com\\\/be\\\/service-solutions\\\/my-alimak\\\/\"]}]},{\"@type\":\"BreadcrumbList\",\"@id\":\"https:\\\/\\\/alimak.com\\\/be\\\/service-solutions\\\/my-alimak\\\/#breadcrumb\",\"itemListElement\":[{\"@type\":\"ListItem\",\"position\":1,\"name\":\"Page d'accueil\",\"item\":\"https:\\\/\\\/alimak.com\\\/be\\\/\"},{\"@type\":\"ListItem\",\"position\":2,\"name\":\"Aper\u00e7u des services d&#8217;entretien et d&#8217;assistance\",\"item\":\"https:\\\/\\\/alimak.com\\\/be\\\/service-solutions\\\/\"},{\"@type\":\"ListItem\",\"position\":3,\"name\":\"My Alimak\"}]},{\"@type\":\"WebSite\",\"@id\":\"https:\\\/\\\/alimak.com\\\/be\\\/#website\",\"url\":\"https:\\\/\\\/alimak.com\\\/be\\\/\",\"name\":\"Alimak Belgium\",\"description\":\"Les leaders mondiaux en mati\u00e8re de solutions d&#039;acc\u00e8s vertical\",\"potentialAction\":[{\"@type\":\"SearchAction\",\"target\":{\"@type\":\"EntryPoint\",\"urlTemplate\":\"https:\\\/\\\/alimak.com\\\/be\\\/?s={search_term_string}\"},\"query-input\":{\"@type\":\"PropertyValueSpecification\",\"valueRequired\":true,\"valueName\":\"search_term_string\"}}],\"inLanguage\":\"fr-BE\"}]}<\/script>\n<!-- \/ Yoast SEO plugin. -->","yoast_head_json":{"title":"My Alimak - Alimak Belgium","robots":{"index":"index","follow":"follow","max-snippet":"max-snippet:-1","max-image-preview":"max-image-preview:large","max-video-preview":"max-video-preview:-1"},"canonical":"https:\/\/alimak.com\/be\/service-solutions\/my-alimak\/","og_locale":"fr_FR","og_type":"article","og_title":"My Alimak - Alimak Belgium","og_url":"https:\/\/alimak.com\/be\/service-solutions\/my-alimak\/","og_site_name":"Alimak Belgium","article_modified_time":"2024-12-11T14:48:07+00:00","twitter_card":"summary_large_image","schema":{"@context":"https:\/\/schema.org","@graph":[{"@type":"WebPage","@id":"https:\/\/alimak.com\/be\/service-solutions\/my-alimak\/","url":"https:\/\/alimak.com\/be\/service-solutions\/my-alimak\/","name":"My Alimak - Alimak Belgium","isPartOf":{"@id":"https:\/\/alimak.com\/be\/#website"},"datePublished":"2023-03-13T12:47:48+00:00","dateModified":"2024-12-11T14:48:07+00:00","breadcrumb":{"@id":"https:\/\/alimak.com\/be\/service-solutions\/my-alimak\/#breadcrumb"},"inLanguage":"fr-BE","potentialAction":[{"@type":"ReadAction","target":["https:\/\/alimak.com\/be\/service-solutions\/my-alimak\/"]}]},{"@type":"BreadcrumbList","@id":"https:\/\/alimak.com\/be\/service-solutions\/my-alimak\/#breadcrumb","itemListElement":[{"@type":"ListItem","position":1,"name":"Page d'accueil","item":"https:\/\/alimak.com\/be\/"},{"@type":"ListItem","position":2,"name":"Aper\u00e7u des services d&#8217;entretien et d&#8217;assistance","item":"https:\/\/alimak.com\/be\/service-solutions\/"},{"@type":"ListItem","position":3,"name":"My Alimak"}]},{"@type":"WebSite","@id":"https:\/\/alimak.com\/be\/#website","url":"https:\/\/alimak.com\/be\/","name":"Alimak Belgium","description":"Les leaders mondiaux en mati\u00e8re de solutions d&#039;acc\u00e8s vertical","potentialAction":[{"@type":"SearchAction","target":{"@type":"EntryPoint","urlTemplate":"https:\/\/alimak.com\/be\/?s={search_term_string}"},"query-input":{"@type":"PropertyValueSpecification","valueRequired":true,"valueName":"search_term_string"}}],"inLanguage":"fr-BE"}]}},"_links":{"self":[{"href":"https:\/\/alimak.com\/be\/wp-json\/wp\/v2\/pages\/4234","targetHints":{"allow":["GET"]}}],"collection":[{"href":"https:\/\/alimak.com\/be\/wp-json\/wp\/v2\/pages"}],"about":[{"href":"https:\/\/alimak.com\/be\/wp-json\/wp\/v2\/types\/page"}],"author":[{"embeddable":true,"href":"https:\/\/alimak.com\/be\/wp-json\/wp\/v2\/users\/12"}],"replies":[{"embeddable":true,"href":"https:\/\/alimak.com\/be\/wp-json\/wp\/v2\/comments?post=4234"}],"version-history":[{"count":14,"href":"https:\/\/alimak.com\/be\/wp-json\/wp\/v2\/pages\/4234\/revisions"}],"predecessor-version":[{"id":4927,"href":"https:\/\/alimak.com\/be\/wp-json\/wp\/v2\/pages\/4234\/revisions\/4927"}],"up":[{"embeddable":true,"href":"https:\/\/alimak.com\/be\/wp-json\/wp\/v2\/pages\/203"}],"wp:attachment":[{"href":"https:\/\/alimak.com\/be\/wp-json\/wp\/v2\/media?parent=4234"}],"curies":[{"name":"wp","href":"https:\/\/api.w.org\/{rel}","templated":true}]}}