{"id":4272,"date":"2023-02-15T10:00:06","date_gmt":"2023-02-15T10:00:06","guid":{"rendered":"https:\/\/alimak.com\/be\/service-solutions\/training-francais\/"},"modified":"2023-05-23T09:28:50","modified_gmt":"2023-05-23T09:28:50","slug":"training","status":"publish","type":"page","link":"https:\/\/alimak.com\/be\/service-solutions\/training\/","title":{"rendered":"Formation"},"content":{"rendered":"\n<article class=\"m33 break-out\" id=\"block_5fad49deeace4\" data-animate-container>\n\n  <nav id=\"breadcrumbs\"><div class=\"container\"><span><span><a href=\"https:\/\/alimak.com\/be\/\">Page d&rsquo;accueil<\/a><\/span><\/span><\/div><\/nav>\n  <div class=\"container m33__container\">\n\t\t\n\t\t\t\t\t<h1 class=\"m33__heading uppercase  \" data-animate>Formation<\/h1>\n\t\t\t\t\n\t\t  <\/div>\n\n<\/article>\n\n\n\n\n<div style=\"height:100px\" aria-hidden=\"true\" class=\"wp-block-spacer\"><\/div>\n\n\n\n<div class=\"wp-block-group has-light-grey-background-color has-background\"><div class=\"wp-block-group__inner-container is-layout-flow wp-block-group-is-layout-flow\">\n<article class=\"m28 break-out\" id=\"block_5fad49e9eace5\" data-animate-container>\n  <div class=\"container\">\n\n          <div class=\"m28__content\" data-animate><p><strong>Alimak propose une formation compl\u00e8te pour soutenir l&rsquo;utilisation, la maintenance et l&rsquo;installation en toute s\u00e9curit\u00e9 de l&rsquo;\u00e9quipement Alimak ainsi que des pratiques de travail s\u00fbres.<\/strong><\/p>\n<p>Alimak propose une large gamme de cours de formation dispens\u00e9s par le biais d&rsquo;un m\u00e9lange de ressources d&rsquo;apprentissage en classe et en ligne. En tant que leader de l&rsquo;industrie de l&rsquo;acc\u00e8s vertical, nous nous engageons \u00e0 promouvoir les normes de formation les plus \u00e9lev\u00e9es et \u00e0 travailler en \u00e9troite collaboration avec plusieurs organisations de s\u00e9curit\u00e9 et de l&rsquo;industrie de premier plan pour garantir que le contenu fourni respecte ou d\u00e9passe le cadre r\u00e9glementaire et l\u00e9gislatif. \u00c0 la fin de chaque cours du parcours de formation Alimak, les participants seront \u00e9valu\u00e9s sur leurs comp\u00e9tences th\u00e9oriques et pratiques et recevront une certification pour chaque niveau compl\u00e9t\u00e9 dans le programme. Visitez le site Web de formation de groupe Alimak pour voir les cours disponibles pour votre produit Alimak.<\/p>\n<p><a href=\"https:\/\/learningstore.alimakgroup.com\/\" target=\"_blank\" rel=\"noopener\">learningstore.alimakgroup.com<\/a><\/p>\n<\/div>\n    \n          <div class=\"m28__media\">\n        <img src=https:\/\/alimak.com\/be\/wp-content\/uploads\/sites\/18\/2023\/05\/Alimak-training.jpg  class=\"m28__image\" alt=\"\" width=\"768\" height=\"592\">      <\/div>\n    \n  <\/div>\n<\/article>\n<\/div><\/div>\n\n\n\n<div style=\"height:100px\" aria-hidden=\"true\" class=\"wp-block-spacer\"><\/div>\n\n\n\n<article class=\"m08 break-out\" id=\"block_5fd931999e919\" data-animate-container>\n  <div class=\"container m08__container\">\n\n          <div class=\"m08__block m08__block--one\">\n        <div class=\"m08__content\">\n\n                      <h2 class=\"m08__heading uppercase h3\" data-animate>CONTACTEZ-NOUS POUR OBTENIR PLUS D&#039;INFORMATIONS OU UN DEVIS<\/h2>\n          \n                      <div class=\"m08__text\" data-animate>\n              <p>Vous avez besoin d\u2019aide pour s\u00e9lectionner le bon produit pour un projet \u00e0 venir ? Contactez nos experts pour obtenir des informations sur la gamme de solutions d\u2019acc\u00e8s vertical disponibles et un devis pour r\u00e9pondre aux besoins de votre projet.<\/p>\n            <\/div>\n          \n                      <a\n            data-animate\n            href=\"https:\/\/alimak.com\/be\/request-a-quote\"\n            class=\"m08__button button button--outline button--white\"\n            target=\"_self\">\n              DEMANDER UN DEVIS            <\/a>\n          \n        <\/div>\n      <\/div>\n    \n          <div class=\"m08__block m08__block--two\">\n        <div class=\"m08__content\">\n\n                      <h2 class=\"m08__heading uppercase h3\" data-animate>Trouver un repr\u00e9sentant local<\/h2>\n          \n                      <div class=\"m08__text\" data-animate>\n              <p>Pr\u00e9sent sur les six continents, Alimak utilise son r\u00e9seau mondial pour fournir des solutions d\u2019acc\u00e8s vertical pour un large \u00e9ventail d\u2019applications sur les chantiers de construction et les sites industriels dans le monde entier. Contactez-nous pour trouver un repr\u00e9sentant local du r\u00e9seau mondial d\u2019Alimak.<\/p>\n            <\/div>\n          \n                      <a\n            data-animate\n            href=\"https:\/\/alimak.com\/be\/locations\"\n            class=\"m08__button button\"\n            target=\"_self\">\n              RECHERCHER SUR LE SITE            <\/a>\n          \n        <\/div>\n      <\/div>\n        \n  <\/div>\n<\/article>\n\n\n\n<div style=\"height:100px\" aria-hidden=\"true\" class=\"wp-block-spacer\"><\/div>\n","protected":false},"excerpt":{"rendered":"","protected":false},"author":12,"featured_media":0,"parent":203,"menu_order":0,"comment_status":"closed","ping_status":"closed","template":"","meta":{"_trash_the_other_posts":false,"editor_notices":[],"footnotes":""},"class_list":["post-4272","page","type-page","status-publish","hentry"],"yoast_head":"<!-- This site is optimized with the Yoast SEO plugin v27.3 - https:\/\/yoast.com\/product\/yoast-seo-wordpress\/ -->\n<title>Formation - Alimak Belgium<\/title>\n<meta name=\"robots\" content=\"index, follow, max-snippet:-1, max-image-preview:large, max-video-preview:-1\" \/>\n<link rel=\"canonical\" href=\"https:\/\/alimak.com\/be\/service-solutions\/training\/\" \/>\n<meta property=\"og:locale\" content=\"fr_FR\" \/>\n<meta property=\"og:type\" content=\"article\" \/>\n<meta property=\"og:title\" content=\"Formation - Alimak Belgium\" \/>\n<meta property=\"og:url\" content=\"https:\/\/alimak.com\/be\/service-solutions\/training\/\" \/>\n<meta property=\"og:site_name\" content=\"Alimak Belgium\" \/>\n<meta property=\"article:modified_time\" content=\"2023-05-23T09:28:50+00:00\" \/>\n<meta name=\"twitter:card\" content=\"summary_large_image\" \/>\n<script type=\"application\/ld+json\" class=\"yoast-schema-graph\">{\"@context\":\"https:\\\/\\\/schema.org\",\"@graph\":[{\"@type\":\"WebPage\",\"@id\":\"https:\\\/\\\/alimak.com\\\/be\\\/service-solutions\\\/training\\\/\",\"url\":\"https:\\\/\\\/alimak.com\\\/be\\\/service-solutions\\\/training\\\/\",\"name\":\"Formation - Alimak Belgium\",\"isPartOf\":{\"@id\":\"https:\\\/\\\/alimak.com\\\/be\\\/#website\"},\"datePublished\":\"2023-02-15T10:00:06+00:00\",\"dateModified\":\"2023-05-23T09:28:50+00:00\",\"breadcrumb\":{\"@id\":\"https:\\\/\\\/alimak.com\\\/be\\\/service-solutions\\\/training\\\/#breadcrumb\"},\"inLanguage\":\"fr-BE\",\"potentialAction\":[{\"@type\":\"ReadAction\",\"target\":[\"https:\\\/\\\/alimak.com\\\/be\\\/service-solutions\\\/training\\\/\"]}]},{\"@type\":\"BreadcrumbList\",\"@id\":\"https:\\\/\\\/alimak.com\\\/be\\\/service-solutions\\\/training\\\/#breadcrumb\",\"itemListElement\":[{\"@type\":\"ListItem\",\"position\":1,\"name\":\"Page d'accueil\",\"item\":\"https:\\\/\\\/alimak.com\\\/be\\\/\"},{\"@type\":\"ListItem\",\"position\":2,\"name\":\"Aper\u00e7u des services d&#8217;entretien et d&#8217;assistance\",\"item\":\"https:\\\/\\\/alimak.com\\\/be\\\/service-solutions\\\/\"},{\"@type\":\"ListItem\",\"position\":3,\"name\":\"Formation\"}]},{\"@type\":\"WebSite\",\"@id\":\"https:\\\/\\\/alimak.com\\\/be\\\/#website\",\"url\":\"https:\\\/\\\/alimak.com\\\/be\\\/\",\"name\":\"Alimak Belgium\",\"description\":\"Les leaders mondiaux en mati\u00e8re de solutions d&#039;acc\u00e8s vertical\",\"potentialAction\":[{\"@type\":\"SearchAction\",\"target\":{\"@type\":\"EntryPoint\",\"urlTemplate\":\"https:\\\/\\\/alimak.com\\\/be\\\/?s={search_term_string}\"},\"query-input\":{\"@type\":\"PropertyValueSpecification\",\"valueRequired\":true,\"valueName\":\"search_term_string\"}}],\"inLanguage\":\"fr-BE\"}]}<\/script>\n<!-- \/ Yoast SEO plugin. -->","yoast_head_json":{"title":"Formation - Alimak Belgium","robots":{"index":"index","follow":"follow","max-snippet":"max-snippet:-1","max-image-preview":"max-image-preview:large","max-video-preview":"max-video-preview:-1"},"canonical":"https:\/\/alimak.com\/be\/service-solutions\/training\/","og_locale":"fr_FR","og_type":"article","og_title":"Formation - Alimak Belgium","og_url":"https:\/\/alimak.com\/be\/service-solutions\/training\/","og_site_name":"Alimak Belgium","article_modified_time":"2023-05-23T09:28:50+00:00","twitter_card":"summary_large_image","schema":{"@context":"https:\/\/schema.org","@graph":[{"@type":"WebPage","@id":"https:\/\/alimak.com\/be\/service-solutions\/training\/","url":"https:\/\/alimak.com\/be\/service-solutions\/training\/","name":"Formation - Alimak Belgium","isPartOf":{"@id":"https:\/\/alimak.com\/be\/#website"},"datePublished":"2023-02-15T10:00:06+00:00","dateModified":"2023-05-23T09:28:50+00:00","breadcrumb":{"@id":"https:\/\/alimak.com\/be\/service-solutions\/training\/#breadcrumb"},"inLanguage":"fr-BE","potentialAction":[{"@type":"ReadAction","target":["https:\/\/alimak.com\/be\/service-solutions\/training\/"]}]},{"@type":"BreadcrumbList","@id":"https:\/\/alimak.com\/be\/service-solutions\/training\/#breadcrumb","itemListElement":[{"@type":"ListItem","position":1,"name":"Page d'accueil","item":"https:\/\/alimak.com\/be\/"},{"@type":"ListItem","position":2,"name":"Aper\u00e7u des services d&#8217;entretien et d&#8217;assistance","item":"https:\/\/alimak.com\/be\/service-solutions\/"},{"@type":"ListItem","position":3,"name":"Formation"}]},{"@type":"WebSite","@id":"https:\/\/alimak.com\/be\/#website","url":"https:\/\/alimak.com\/be\/","name":"Alimak Belgium","description":"Les leaders mondiaux en mati\u00e8re de solutions d&#039;acc\u00e8s vertical","potentialAction":[{"@type":"SearchAction","target":{"@type":"EntryPoint","urlTemplate":"https:\/\/alimak.com\/be\/?s={search_term_string}"},"query-input":{"@type":"PropertyValueSpecification","valueRequired":true,"valueName":"search_term_string"}}],"inLanguage":"fr-BE"}]}},"_links":{"self":[{"href":"https:\/\/alimak.com\/be\/wp-json\/wp\/v2\/pages\/4272","targetHints":{"allow":["GET"]}}],"collection":[{"href":"https:\/\/alimak.com\/be\/wp-json\/wp\/v2\/pages"}],"about":[{"href":"https:\/\/alimak.com\/be\/wp-json\/wp\/v2\/types\/page"}],"author":[{"embeddable":true,"href":"https:\/\/alimak.com\/be\/wp-json\/wp\/v2\/users\/12"}],"replies":[{"embeddable":true,"href":"https:\/\/alimak.com\/be\/wp-json\/wp\/v2\/comments?post=4272"}],"version-history":[{"count":7,"href":"https:\/\/alimak.com\/be\/wp-json\/wp\/v2\/pages\/4272\/revisions"}],"predecessor-version":[{"id":4282,"href":"https:\/\/alimak.com\/be\/wp-json\/wp\/v2\/pages\/4272\/revisions\/4282"}],"up":[{"embeddable":true,"href":"https:\/\/alimak.com\/be\/wp-json\/wp\/v2\/pages\/203"}],"wp:attachment":[{"href":"https:\/\/alimak.com\/be\/wp-json\/wp\/v2\/media?parent=4272"}],"curies":[{"name":"wp","href":"https:\/\/api.w.org\/{rel}","templated":true}]}}