{"id":819,"date":"2020-11-19T15:59:43","date_gmt":"2020-11-19T15:59:43","guid":{"rendered":"https:\/\/alimak.wpengine.com\/?page_id=819"},"modified":"2021-02-04T21:55:34","modified_gmt":"2021-02-04T21:55:34","slug":"custom-industrial-solutions","status":"publish","type":"page","link":"https:\/\/alimak.com\/be\/custom-industrial-solutions\/","title":{"rendered":"Solutions industrielles sur mesure"},"content":{"rendered":"\n<article class=\"m11 break-out\" id=\"block_5fb691907b70f\" data-animate-container>\n\n  <nav id=\"breadcrumbs\"><div class=\"container\" data-animate><span><span><a href=\"https:\/\/alimak.com\/be\/\">Page d&rsquo;accueil<\/a><\/span><\/span><\/div><\/nav>\n  <div class=\"m11__wrapper\">\n    <div class=\"container m11__container\">\n\n      <div class=\"m11__content\">\n\n                  <h1 class=\"m11__heading uppercase\" data-animate>Solutions industrielles sur mesure<\/h1>\n        \n                  <div class=\"m11__text\" data-animate>\n            <p>Alimak poss\u00e8de un portfolio complet de solutions d&rsquo;acc\u00e8s vertical sur mesure pour un \u00e9ventail d&rsquo;applications et d&rsquo;industries. La gamme modulaire d&rsquo;ascenseurs industriels d&rsquo;Alimak peut \u00eatre configur\u00e9e pour s&rsquo;adapter \u00e0 un large \u00e9ventail d&rsquo;applications variant en dimensions, en charge utile et en emplacement.<\/p>\n<p>Les ascenseurs industriels Alimak, fabriqu\u00e9s selon la technologie de cr\u00e9maill\u00e8re, peuvent \u00eatre adapt\u00e9s \u00e0 presque toutes les hauteurs ou charges utiles et peuvent \u00e9galement \u00eatre install\u00e9s sur des chantiers pr\u00e9sentant des inclinaisons et des courbes. La plus grande charge utile \u00e0 ce jour est de 24 000 kg et la plus grande hauteur de levage est actuellement de 645 m\u00e8tres, l&rsquo;application souterraine la plus profonde se situant \u00e0 700 m\u00e8tres.<\/p>\n<p>Alimak poss\u00e8de une vaste exp\u00e9rience dans la r\u00e9alisation de projets pour les fournisseurs de services d&rsquo;ing\u00e9nierie, d&rsquo;approvisionnement et de construction (\u00ab EPC \u00bb selon l&rsquo;abr\u00e9viation anglaise) et les utilisateurs finaux ayant souvent des exigences particuli\u00e8res en mati\u00e8re de produits et de production. Une \u00e9quipe exp\u00e9riment\u00e9e d&rsquo;ing\u00e9nieurs de projet Alimak est en mesure d&rsquo;assurer le respect des exigences de vos projets.<\/p>\n<p>&nbsp;<\/p>\n          <\/div>\n        \n                  <a\n          href=\"https:\/\/alimak.com\/be\/contact-us\/\"\n          class=\"m11__button button\"\n          data-animate\n          target=\"_self\">\n            Demander un devis          <\/a>\n        \n      <\/div>\n\n              <div class=\"m11__media\">\n          <img src=https:\/\/alimak.com\/be\/wp-content\/uploads\/sites\/18\/2020\/11\/Custom-Industrial-Solutions-hero-image.jpg srcset=\"https:\/\/alimak.com\/be\/wp-content\/uploads\/sites\/18\/2020\/11\/Custom-Industrial-Solutions-hero-image.jpg 1x, https:\/\/alimak.com\/be\/wp-content\/uploads\/sites\/18\/2020\/11\/Custom-Industrial-Solutions-hero-image.jpg 2x\" class=\"m11__image initial\" alt=\"\" width=\"666\" height=\"592\">        <\/div>\n      \n    <\/div>\n  <\/div>\n<\/article>\n\n\n\n\n<article class=\"m42 break-out\" id=\"block_5fd6a065a8c47\" data-animate-container>\n\t<div class=\"container m42__container\">\n\t\t\n\t\t\t\t\t\n\t\t\t\t\t\t\t\t\t\t\t\t\t\t\t\t\t<div class=\"m42__cta\">\n\t\t\t\t\t\t\t\t\t<div class=\"m42__cta__details\">\n\t\t\t\t\t\t\t\t\t\t<div class=\"m42__img\">\n\t\t\t\t\t\t\t\t\t\t<img src=https:\/\/alimak.com\/be\/wp-content\/uploads\/sites\/18\/2020\/11\/Royal-Opera-House-Project-tiles.jpg  class=\"\" alt=\"\" width=\"408\" height=\"408\">\t\t\t\t\t\t\t\t\t\t<\/div>\n\n\t\t\t\t\t\t\t\t\t\t\t\t\t\t\t\t\t\t\t\t<div class=\"m42__description\">\n\t\t\t\t\t\t\t\t\t\t\t\t\t\t\t\t\t\t\t\t\t\t<h6 class=\"m42__description__title\">Royal Opera House<\/h6>\n\t\t\t\t\t\t\t\t\t\t\t\n\t\t\t\t\t\t\t\t\t\t\t\t\t\t\t\t\t\t\t\t\t\t\t<p class=\"m42__description__location\">Londres, Royaume-Uni<\/p>\n\t\t\t\t\t\t\t\t\t\t\t\t\t\t\t\t\t\t\t\t\t<\/div>\n\t\t\t\t\t\t\t\t\t\t\t\t\t\t\t\t\t\t\t<\/div>\n\n\t\t\t\t\t\t\t\t\t<div class=\"m42__cta__text\">\n\t\t\t\t\t\t\t\t\t\t<h5 class=\"m42__subtitle\">Un \u00ab lifting \u00bb pour l&#039;Op\u00e9ra de Londres<\/h5>\n\t\t\t\t\t\t\t\t\t\t<p class=\"m42__excerpt\">\n\t\t\t\t\t\t\t\t\t\t\t\t\t\t\t\t\t\t\t\t\t\t\tEn 1998, 268 ans apr\u00e8s sa construction, le Royal Opera House du quartier vibrant de Covent Garden \u00e0 Londres a subi un \u00ab lifting \u00bb et Alimak \u00e9tait l\u00e0 pour apporter son aide. L\u2019un des principaux \u00e9l\u00e9ments de ce r\u00e9am\u00e9nagement est l\u2019ascenseur\u00a0 \u00ab Get In \u00bb d\u2019Alimak, qui devient la principale art\u00e8re des travaux de sc\u00e8ne. Le Royal Opera House est un th\u00e9\u00e2tre de r\u00e9pertoire qui exige des changements fr\u00e9quents de d\u00e9cors en fonction du programme qui peut varier chaque soir.\n\t\t\t\t\t\t\t\t\t\t\t\t\t\t\t\t\t\t\t\t\t<\/p>\n\t\t\t\t\t\t\t\t\t\t<a href=\"https:\/\/alimak.com\/be\/project\/royal-opera-house\/\" class=\"button button--orange\">Lire la suite<\/a>\n\t\t\t\t\t\t\t\t\t<\/div>\n\t\t\t\t\t\t\t\t<\/div>\n\t\t\t\t\t\t\t\n\t\t\t\n\t\t\t\t\t\t\t\t\t\t\t\t\t\t\t\t\t<div class=\"m42__cta\">\n\t\t\t\t\t\t\t\t\t<div class=\"m42__cta__details\">\n\t\t\t\t\t\t\t\t\t\t<div class=\"m42__img\">\n\t\t\t\t\t\t\t\t\t\t<img src=https:\/\/alimak.com\/be\/wp-content\/uploads\/sites\/18\/2020\/11\/Halley-Survey-Base-Antarctica-Projects-tiles.jpg  class=\"\" alt=\"\" width=\"408\" height=\"408\">\t\t\t\t\t\t\t\t\t\t<\/div>\n\n\t\t\t\t\t\t\t\t\t\t\t\t\t\t\t\t\t\t\t\t<div class=\"m42__description\">\n\t\t\t\t\t\t\t\t\t\t\t\t\t\t\t\t\t\t\t\t\t\t<h6 class=\"m42__description__title\">Station de recherche Halley<\/h6>\n\t\t\t\t\t\t\t\t\t\t\t\n\t\t\t\t\t\t\t\t\t\t\t\t\t\t\t\t\t\t\t\t\t\t\t<p class=\"m42__description__location\">Barri\u00e8re de Brunt, Antarctique<\/p>\n\t\t\t\t\t\t\t\t\t\t\t\t\t\t\t\t\t\t\t\t\t<\/div>\n\t\t\t\t\t\t\t\t\t\t\t\t\t\t\t\t\t\t\t<\/div>\n\n\t\t\t\t\t\t\t\t\t<div class=\"m42__cta__text\">\n\t\t\t\t\t\t\t\t\t\t<h5 class=\"m42__subtitle\">Un ascenseur Alimak au p\u00f4le Sud<\/h5>\n\t\t\t\t\t\t\t\t\t\t<p class=\"m42__excerpt\">\n\t\t\t\t\t\t\t\t\t\t\t\t\t\t\t\t\t\t\t\t\t\t\tImaginez vivre et travailler dans un environnement o\u00f9 les temp\u00e9ratures peuvent atteindre -50\u00b0C. Un endroit o\u00f9 les chutes de neige sont si intenses qu\u2019elles n\u00e9cessitent une reconstruction p\u00e9riodique des b\u00e2timents \u00e9cras\u00e9s par la neige tous les dix ans environ.\u00a0Bienvenue \u00e0 la Base antarctique Halley, qui accueille un tr\u00e8s grand nombre de chercheurs et de scientifiques tout au long de l\u2019ann\u00e9e.\n\t\t\t\t\t\t\t\t\t\t\t\t\t\t\t\t\t\t\t\t\t<\/p>\n\t\t\t\t\t\t\t\t\t\t<a href=\"https:\/\/alimak.com\/be\/project\/halley-survey-base-antarctica\/\" class=\"button button--orange\">Lire la suite<\/a>\n\t\t\t\t\t\t\t\t\t<\/div>\n\t\t\t\t\t\t\t\t<\/div>\n\t\t\t\t\t\t\t\n\t\t\t\n\t\t\t\t\t\t\t\t\t\t\t\t\t\t\t\t\t<div class=\"m42__cta\">\n\t\t\t\t\t\t\t\t\t<div class=\"m42__cta__details\">\n\t\t\t\t\t\t\t\t\t\t<div class=\"m42__img\">\n\t\t\t\t\t\t\t\t\t\t<img src=https:\/\/alimak.com\/be\/wp-content\/uploads\/sites\/18\/2020\/11\/Parliament-House-Projects-tiles.jpg  class=\"\" alt=\"\" width=\"408\" height=\"408\">\t\t\t\t\t\t\t\t\t\t<\/div>\n\n\t\t\t\t\t\t\t\t\t\t\t\t\t\t\t\t\t\t\t\t<div class=\"m42__description\">\n\t\t\t\t\t\t\t\t\t\t\t\t\t\t\t\t\t\t\t\t\t\t<h6 class=\"m42__description__title\">Parlement<\/h6>\n\t\t\t\t\t\t\t\t\t\t\t\n\t\t\t\t\t\t\t\t\t\t\t\t\t\t\t\t\t\t\t\t\t\t\t<p class=\"m42__description__location\">Canberra, Australie<\/p>\n\t\t\t\t\t\t\t\t\t\t\t\t\t\t\t\t\t\t\t\t\t<\/div>\n\t\t\t\t\t\t\t\t\t\t\t\t\t\t\t\t\t\t\t<\/div>\n\n\t\t\t\t\t\t\t\t\t<div class=\"m42__cta__text\">\n\t\t\t\t\t\t\t\t\t\t<h5 class=\"m42__subtitle\">25 ans plus tard : Alimak entre dans l&#039;histoire au Parlement australien<\/h5>\n\t\t\t\t\t\t\t\t\t\t<p class=\"m42__excerpt\">\n\t\t\t\t\t\t\t\t\t\t\t\t\t\t\t\t\t\t\t\t\t\t\tPour c\u00e9l\u00e9brer ses 25 ans de service, Alimak revient sur l\u2019un des projets les plus importants et les plus uniques que la soci\u00e9t\u00e9 ait entrepris dans le monde entier, et sur la contribution qu\u2019elle a apport\u00e9e \u00e0 l\u2019une des structures les plus reconnaissables d\u2019Australie. En 1986, Alimak a con\u00e7u, fabriqu\u00e9 et install\u00e9 deux ascenseurs industriels sur l\u2019un des b\u00e2timents les plus embl\u00e9matiques et historiques d\u2019Australie.\n\t\t\t\t\t\t\t\t\t\t\t\t\t\t\t\t\t\t\t\t\t<\/p>\n\t\t\t\t\t\t\t\t\t\t<a href=\"https:\/\/alimak.com\/be\/project\/parliament-house-australia\/\" class=\"button button--orange\">Lire la suite<\/a>\n\t\t\t\t\t\t\t\t\t<\/div>\n\t\t\t\t\t\t\t\t<\/div>\n\t\t\t\t\t\t\t\n\t\t\t\t\t\t<\/div>\n<\/article>\n\n\n\n<div class=\"wp-block-group has-white-color has-dark-grey-background-color has-text-color has-background is-layout-flow wp-block-group-is-layout-flow\"><div class=\"wp-block-group__inner-container\"><\/div><\/div>\n\n\n\n<article class=\"m13 break-out\" id=\"block_5fb3c2e6644e4\" data-animate-container>\n  <div class=\"container m13__container\">\n\n          <h2 class=\"m13__heading uppercase h3\" data-animate>Assistance et entretien<\/h2>\n        \n          <div class=\"m13__services\">\n                  <article class=\"m13__service\" data-animate data-delay=\"0\">\n\n                          <h3 class=\"m13__title uppercase h4\">MAINTENANCE<\/h3>\n            \n            <p>Une gamme compl\u00e8te de services de maintenance est disponible. Ces services sont effectu\u00e9s par des techniciens Alimak Service form\u00e9s pour assurer la performance optimale continue des \u00e9quipements.<\/p>\n\n                          <a\n              href=\"https:\/\/alimak.com\/be\/service-support-overview\/maintenance\/\"\n              class=\"m13__button read-more\"\n              target=\"_self\">\n                <span>En savoir plus<\/span>\n                <svg class=\"svg-icon svg-icon--icon-arrow-right\" aria-hidden=\"true\" role=\"img\"> <use href=\"#icon-arrow-right\" xlink:href=\"#icon-arrow-right\"><\/use> <\/svg>              <\/a>\n            \n                          <div class=\"m13__icon\" aria-hidden=\"true\">\n                <img src=https:\/\/alimak.com\/be\/wp-content\/uploads\/sites\/18\/2020\/11\/icons_Service-Support-1.png  class=\"\" alt=\"\" width=\"61\" height=\"60\">              <\/div>\n            \n          <\/article>\n                  <article class=\"m13__service\" data-animate data-delay=\"150\">\n\n                          <h3 class=\"m13__title uppercase h4\">CONNECTIVIT\u00c9 ET GESTION D&#039;ACTIFS<\/h3>\n            \n            <p>Les solutions de connectivit\u00e9 et de gestion des actifs rendent compte de l&rsquo;efficacit\u00e9 des ascenseurs industriels et apportent un soutien n\u00e9cessaire pour prolonger le cycle de vie des produits.<\/p>\n\n                          <a\n              href=\"https:\/\/alimak.com\/be\/service-support-overview\/connectivity-and-asset-management\/\"\n              class=\"m13__button read-more\"\n              target=\"_self\">\n                <span>En savoir plus<\/span>\n                <svg class=\"svg-icon svg-icon--icon-arrow-right\" aria-hidden=\"true\" role=\"img\"> <use href=\"#icon-arrow-right\" xlink:href=\"#icon-arrow-right\"><\/use> <\/svg>              <\/a>\n            \n                          <div class=\"m13__icon\" aria-hidden=\"true\">\n                <img src=https:\/\/alimak.com\/be\/wp-content\/uploads\/sites\/18\/2020\/11\/icons_Service-Support-2.png  class=\"\" alt=\"\" width=\"37\" height=\"60\">              <\/div>\n            \n          <\/article>\n                  <article class=\"m13__service\" data-animate data-delay=\"300\">\n\n                          <h3 class=\"m13__title uppercase h4\">ING\u00c9NIERIE D&#039;APPLICATION<\/h3>\n            \n            <p><span class=\"TextRun Highlight SCXW22701161 BCX0\" lang=\"EN-AU\" xml:lang=\"EN-AU\" data-contrast=\"none\"><span class=\"NormalTextRun SCXW22701161 BCX0\">Les ing\u00e9nieurs d&rsquo;Alimak d\u00e9veloppent des solutions ax\u00e9es sur les besoins des clients pour r\u00e9aliser des installations exigeantes. Ces solutions sur mesure comprennent les plans de configuration ainsi que les calculs de r\u00e9sistance, de charge au sol et de force aux ancrages.<\/span><\/span><\/p>\n\n                          <a\n              href=\"https:\/\/alimak.com\/be\/service-support-overview\/application-engineering\/\"\n              class=\"m13__button read-more\"\n              target=\"_self\">\n                <span>En savoir plus<\/span>\n                <svg class=\"svg-icon svg-icon--icon-arrow-right\" aria-hidden=\"true\" role=\"img\"> <use href=\"#icon-arrow-right\" xlink:href=\"#icon-arrow-right\"><\/use> <\/svg>              <\/a>\n            \n                          <div class=\"m13__icon\" aria-hidden=\"true\">\n                <img src=https:\/\/alimak.com\/be\/wp-content\/uploads\/sites\/18\/2020\/11\/icons_Service-Support-3.png  class=\"\" alt=\"\" width=\"60\" height=\"60\">              <\/div>\n            \n          <\/article>\n                  <article class=\"m13__service\" data-animate data-delay=\"450\">\n\n                          <h3 class=\"m13__title uppercase h4\">FORMATION<\/h3>\n            \n            <p>De nombreux cours de formation \u00e0 la s\u00e9curit\u00e9, \u00e0 l&rsquo;installation et \u00e0 l&rsquo;utilisation des machines sont disponibles pour la gamme de produits Alimak.<\/p>\n\n                          <a\n              href=\"https:\/\/learningstore.alimakgroup.com\/\"\n              class=\"m13__button read-more\"\n              target=\"_blank\">\n                <span>En savoir plus<\/span>\n                <svg class=\"svg-icon svg-icon--icon-arrow-right\" aria-hidden=\"true\" role=\"img\"> <use href=\"#icon-arrow-right\" xlink:href=\"#icon-arrow-right\"><\/use> <\/svg>              <\/a>\n            \n                          <div class=\"m13__icon\" aria-hidden=\"true\">\n                <img src=https:\/\/alimak.com\/be\/wp-content\/uploads\/sites\/18\/2020\/11\/icons_Service-Support-4.png  class=\"\" alt=\"\" width=\"56\" height=\"60\">              <\/div>\n            \n          <\/article>\n                  <article class=\"m13__service\" data-animate data-delay=\"600\">\n\n                          <h3 class=\"m13__title uppercase h4\">SOLUTIONS DE FINANCEMENT<\/h3>\n            \n            <p>Alimak propose des solutions de financement flexibles comprenant le paiement diff\u00e9r\u00e9, le cr\u00e9dit-export et le cr\u00e9dit-bail.<\/p>\n\n                          <a\n              href=\"https:\/\/alimak.com\/be\/service-support-overview\/financing-solutions\/\"\n              class=\"m13__button read-more\"\n              target=\"_self\">\n                <span>En savoir plus<\/span>\n                <svg class=\"svg-icon svg-icon--icon-arrow-right\" aria-hidden=\"true\" role=\"img\"> <use href=\"#icon-arrow-right\" xlink:href=\"#icon-arrow-right\"><\/use> <\/svg>              <\/a>\n            \n                          <div class=\"m13__icon\" aria-hidden=\"true\">\n                <img src=https:\/\/alimak.com\/be\/wp-content\/uploads\/sites\/18\/2020\/11\/icons_Service-Support-5.png  class=\"\" alt=\"\" width=\"67\" height=\"60\">              <\/div>\n            \n          <\/article>\n                  <article class=\"m13__service\" data-animate data-delay=\"750\">\n\n                          <h3 class=\"m13__title uppercase h4\">MOD\u00c9LISATION BIM<\/h3>\n            \n            <p>La mod\u00e9lisation BIM (Building Information Modeling ou b\u00e2ti immobilier mod\u00e9lis\u00e9) est disponible pour la simulations, l&rsquo;installation et l&rsquo;int\u00e9gration d&rsquo;ascenseurs industriels en tout point du projet.<\/p>\n\n                          <a\n              href=\"https:\/\/bimgallery.alimak.com\/bim\/\"\n              class=\"m13__button read-more\"\n              target=\"_blank\">\n                <span>En savoir plus<\/span>\n                <svg class=\"svg-icon svg-icon--icon-arrow-right\" aria-hidden=\"true\" role=\"img\"> <use href=\"#icon-arrow-right\" xlink:href=\"#icon-arrow-right\"><\/use> <\/svg>              <\/a>\n            \n                          <div class=\"m13__icon\" aria-hidden=\"true\">\n                <img src=https:\/\/alimak.com\/be\/wp-content\/uploads\/sites\/18\/2020\/11\/icons_Service-Support-6.png  class=\"\" alt=\"\" width=\"66\" height=\"60\">              <\/div>\n            \n          <\/article>\n              <\/div>\n    \n  <\/div>\n<\/article>\n\n\n\n<article class=\"m08 break-out\" id=\"block_5fb693667b717\" data-animate-container>\n  <div class=\"container m08__container\">\n\n          <div class=\"m08__block m08__block--one\">\n        <div class=\"m08__content\">\n\n                      <h2 class=\"m08__heading uppercase h3\" data-animate>Contactez-nous pour obtenir plus d&#039;informations ou un devis<\/h2>\n          \n                      <div class=\"m08__text\" data-animate>\n              <p>Vous avez besoin d&rsquo;aide pour s\u00e9lectionner le bon produit pour un projet \u00e0 venir ? Contactez nos experts pour obtenir des informations sur la gamme de solutions d&rsquo;acc\u00e8s vertical disponibles et un devis pour r\u00e9pondre aux besoins de votre projet.<\/p>\n            <\/div>\n          \n                      <a\n            data-animate\n            href=\"https:\/\/alimak.com\/be\/request-a-quote\"\n            class=\"m08__button button button--outline button--white\"\n            target=\"_self\">\n              Demander un devis            <\/a>\n          \n        <\/div>\n      <\/div>\n    \n          <div class=\"m08__block m08__block--two\">\n        <div class=\"m08__content\">\n\n                      <h2 class=\"m08__heading uppercase h3\" data-animate>Trouver un repr\u00e9sentant local<\/h2>\n          \n                      <div class=\"m08__text\" data-animate>\n              <p>Pr\u00e9sent sur les six continents, Alimak utilise son r\u00e9seau mondial pour fournir des solutions d&rsquo;acc\u00e8s vertical pour un large \u00e9ventail d&rsquo;applications sur les chantiers de construction et les sites industriels dans le monde entier. Contactez-nous pour trouver un repr\u00e9sentant local du r\u00e9seau mondial d&rsquo;Alimak.<\/p>\n            <\/div>\n          \n                      <a\n            data-animate\n            href=\"\/be\/locations\"\n            class=\"m08__button button\"\n            target=\"_self\">\n              Rechercher sur le site            <\/a>\n          \n        <\/div>\n      <\/div>\n        \n  <\/div>\n<\/article>\n\n\n\n<div style=\"height:100px\" aria-hidden=\"true\" class=\"wp-block-spacer\"><\/div>\n","protected":false},"excerpt":{"rendered":"","protected":false},"author":1,"featured_media":0,"parent":0,"menu_order":0,"comment_status":"closed","ping_status":"closed","template":"","meta":{"_trash_the_other_posts":false,"editor_notices":[],"footnotes":""},"class_list":["post-819","page","type-page","status-publish","hentry"],"yoast_head":"<!-- This site is optimized with the Yoast SEO plugin v27.3 - https:\/\/yoast.com\/product\/yoast-seo-wordpress\/ -->\n<title>Solutions industrielles sur mesure - Alimak Belgium<\/title>\n<meta name=\"robots\" content=\"index, follow, max-snippet:-1, max-image-preview:large, max-video-preview:-1\" \/>\n<link rel=\"canonical\" href=\"https:\/\/alimak.com\/be\/industry\/industriel-sur-mesure\/\" \/>\n<meta property=\"og:locale\" content=\"fr_FR\" \/>\n<meta property=\"og:type\" content=\"article\" \/>\n<meta property=\"og:title\" content=\"Solutions industrielles sur mesure - Alimak Belgium\" \/>\n<meta property=\"og:url\" content=\"https:\/\/alimak.com\/be\/industry\/industriel-sur-mesure\/\" \/>\n<meta property=\"og:site_name\" content=\"Alimak Belgium\" \/>\n<meta property=\"article:modified_time\" content=\"2021-02-04T21:55:34+00:00\" \/>\n<meta name=\"twitter:card\" content=\"summary_large_image\" \/>\n<script type=\"application\/ld+json\" class=\"yoast-schema-graph\">{\"@context\":\"https:\\\/\\\/schema.org\",\"@graph\":[{\"@type\":\"WebPage\",\"@id\":\"https:\\\/\\\/alimak.com\\\/be\\\/custom-industrial-solutions\\\/\",\"url\":\"https:\\\/\\\/alimak.com\\\/be\\\/industry\\\/industriel-sur-mesure\\\/\",\"name\":\"Solutions industrielles sur mesure - Alimak Belgium\",\"isPartOf\":{\"@id\":\"https:\\\/\\\/alimak.com\\\/be\\\/#website\"},\"datePublished\":\"2020-11-19T15:59:43+00:00\",\"dateModified\":\"2021-02-04T21:55:34+00:00\",\"breadcrumb\":{\"@id\":\"https:\\\/\\\/alimak.com\\\/be\\\/industry\\\/industriel-sur-mesure\\\/#breadcrumb\"},\"inLanguage\":\"fr-BE\",\"potentialAction\":[{\"@type\":\"ReadAction\",\"target\":[\"https:\\\/\\\/alimak.com\\\/be\\\/industry\\\/industriel-sur-mesure\\\/\"]}]},{\"@type\":\"BreadcrumbList\",\"@id\":\"https:\\\/\\\/alimak.com\\\/be\\\/industry\\\/industriel-sur-mesure\\\/#breadcrumb\",\"itemListElement\":[{\"@type\":\"ListItem\",\"position\":1,\"name\":\"Page d'accueil\",\"item\":\"https:\\\/\\\/alimak.com\\\/be\\\/\"},{\"@type\":\"ListItem\",\"position\":2,\"name\":\"Solutions industrielles sur mesure\"}]},{\"@type\":\"WebSite\",\"@id\":\"https:\\\/\\\/alimak.com\\\/be\\\/#website\",\"url\":\"https:\\\/\\\/alimak.com\\\/be\\\/\",\"name\":\"Alimak Belgium\",\"description\":\"Les leaders mondiaux en mati\u00e8re de solutions d&#039;acc\u00e8s vertical\",\"potentialAction\":[{\"@type\":\"SearchAction\",\"target\":{\"@type\":\"EntryPoint\",\"urlTemplate\":\"https:\\\/\\\/alimak.com\\\/be\\\/?s={search_term_string}\"},\"query-input\":{\"@type\":\"PropertyValueSpecification\",\"valueRequired\":true,\"valueName\":\"search_term_string\"}}],\"inLanguage\":\"fr-BE\"}]}<\/script>\n<!-- \/ Yoast SEO plugin. -->","yoast_head_json":{"title":"Solutions industrielles sur mesure - Alimak Belgium","robots":{"index":"index","follow":"follow","max-snippet":"max-snippet:-1","max-image-preview":"max-image-preview:large","max-video-preview":"max-video-preview:-1"},"canonical":"https:\/\/alimak.com\/be\/industry\/industriel-sur-mesure\/","og_locale":"fr_FR","og_type":"article","og_title":"Solutions industrielles sur mesure - Alimak Belgium","og_url":"https:\/\/alimak.com\/be\/industry\/industriel-sur-mesure\/","og_site_name":"Alimak Belgium","article_modified_time":"2021-02-04T21:55:34+00:00","twitter_card":"summary_large_image","schema":{"@context":"https:\/\/schema.org","@graph":[{"@type":"WebPage","@id":"https:\/\/alimak.com\/be\/custom-industrial-solutions\/","url":"https:\/\/alimak.com\/be\/industry\/industriel-sur-mesure\/","name":"Solutions industrielles sur mesure - Alimak Belgium","isPartOf":{"@id":"https:\/\/alimak.com\/be\/#website"},"datePublished":"2020-11-19T15:59:43+00:00","dateModified":"2021-02-04T21:55:34+00:00","breadcrumb":{"@id":"https:\/\/alimak.com\/be\/industry\/industriel-sur-mesure\/#breadcrumb"},"inLanguage":"fr-BE","potentialAction":[{"@type":"ReadAction","target":["https:\/\/alimak.com\/be\/industry\/industriel-sur-mesure\/"]}]},{"@type":"BreadcrumbList","@id":"https:\/\/alimak.com\/be\/industry\/industriel-sur-mesure\/#breadcrumb","itemListElement":[{"@type":"ListItem","position":1,"name":"Page d'accueil","item":"https:\/\/alimak.com\/be\/"},{"@type":"ListItem","position":2,"name":"Solutions industrielles sur mesure"}]},{"@type":"WebSite","@id":"https:\/\/alimak.com\/be\/#website","url":"https:\/\/alimak.com\/be\/","name":"Alimak Belgium","description":"Les leaders mondiaux en mati\u00e8re de solutions d&#039;acc\u00e8s vertical","potentialAction":[{"@type":"SearchAction","target":{"@type":"EntryPoint","urlTemplate":"https:\/\/alimak.com\/be\/?s={search_term_string}"},"query-input":{"@type":"PropertyValueSpecification","valueRequired":true,"valueName":"search_term_string"}}],"inLanguage":"fr-BE"}]}},"_links":{"self":[{"href":"https:\/\/alimak.com\/be\/wp-json\/wp\/v2\/pages\/819","targetHints":{"allow":["GET"]}}],"collection":[{"href":"https:\/\/alimak.com\/be\/wp-json\/wp\/v2\/pages"}],"about":[{"href":"https:\/\/alimak.com\/be\/wp-json\/wp\/v2\/types\/page"}],"author":[{"embeddable":true,"href":"https:\/\/alimak.com\/be\/wp-json\/wp\/v2\/users\/1"}],"replies":[{"embeddable":true,"href":"https:\/\/alimak.com\/be\/wp-json\/wp\/v2\/comments?post=819"}],"version-history":[{"count":3,"href":"https:\/\/alimak.com\/be\/wp-json\/wp\/v2\/pages\/819\/revisions"}],"predecessor-version":[{"id":2800,"href":"https:\/\/alimak.com\/be\/wp-json\/wp\/v2\/pages\/819\/revisions\/2800"}],"wp:attachment":[{"href":"https:\/\/alimak.com\/be\/wp-json\/wp\/v2\/media?parent=819"}],"curies":[{"name":"wp","href":"https:\/\/api.w.org\/{rel}","templated":true}]}}