{"id":4196,"date":"2023-03-21T08:44:04","date_gmt":"2023-03-21T08:44:04","guid":{"rendered":"https:\/\/alimak.com\/be\/product\/alimak-scando-650a-francais\/"},"modified":"2023-04-11T14:15:49","modified_gmt":"2023-04-11T14:15:49","slug":"alimak-scando-650a","status":"publish","type":"product","link":"https:\/\/alimak.com\/be\/product\/alimak-scando-650a\/","title":{"rendered":"Alimak Scando 650a"},"content":{"rendered":"\n<article class=\"m11 break-out\" id=\"block_64195ce59724c\" data-animate-container>\n\n  <nav id=\"breadcrumbs\"><div class=\"container\" data-animate><span><span><a href=\"https:\/\/alimak.com\/be\/\">Page d&rsquo;accueil<\/a><\/span><\/span><\/div><\/nav>\n  <div class=\"m11__wrapper\">\n    <div class=\"container m11__container\">\n\n      <div class=\"m11__content\">\n\n                  <h1 class=\"m11__heading uppercase\" data-animate>Alimak Scando 650a<\/h1>\n        \n                  <div class=\"m11__text\" data-animate>\n            <p>Alimak est fier de pr\u00e9senter un nouvel ascenseur de chantier qui d\u00e9finit un nouveau standard dans l\u2019industrie de la construction. Le tout nouveau Scando 650a stimulera la productivit\u00e9 et am\u00e9liorera la s\u00e9curit\u00e9 sur les chantiers. C&rsquo;est aussi l\u2019un des ascenseurs le plus durable disponible sur le march\u00e9.<\/p>\n<p>Nous avons pris en compte et am\u00e9lior\u00e9 le d\u00e9veloppement de l\u2019ascenseur de chantier d\u2019aujourd\u2019hui. Gr\u00e2ce \u00e0 son design innovant, le nouveau Scando 650a est plus l\u00e9ger, a un impact environnemental r\u00e9duit et consomme moins d\u2019\u00e9lectricit\u00e9 que son pr\u00e9d\u00e9cesseur.<\/p>\n          <\/div>\n        \n                  <a\n          href=\"https:\/\/alimak.com\/be\/contact-us\/\"\n          class=\"m11__button button\"\n          data-animate\n          target=\"_self\">\n            DEMANDER UN DEVIS          <\/a>\n        \n      <\/div>\n\n              <div class=\"m11__media\">\n          <img src=https:\/\/alimak.com\/be\/wp-content\/uploads\/sites\/18\/2023\/03\/Scando-650a-hero-image-b-1.jpg srcset=\"https:\/\/alimak.com\/be\/wp-content\/uploads\/sites\/18\/2023\/03\/Scando-650a-hero-image-b-1.jpg 1x, https:\/\/alimak.com\/be\/wp-content\/uploads\/sites\/18\/2023\/03\/Scando-650a-hero-image-b-1.jpg 2x\" class=\"m11__image initial\" alt=\"\" width=\"666\" height=\"494\">        <\/div>\n      \n    <\/div>\n  <\/div>\n<\/article>\n\n\n\n\n<article class=\"m12 desktop-only\" id=\"block_64195dd89724d\" data-animate-container>\n  <div class=\"m12__wrapper break-out\">\n    <div class=\"container m12__container\">\n\n      <h2 class=\"m12__heading h4 uppercase\" data-animate>Sur cette page<\/h2>\n\n              <nav class=\"m12__links\">\n          <ul class=\"m12__list\">\n            \n                <li class=\"m12__item\" data-animate data-delay=\"0\">\n                  <a href=\"#block_642acfb81f2e2\" class=\"m12__link uppercase\">\n                    EXPLORER EN REALITE VIRTUELLE                    <svg class=\"svg-icon svg-icon--icon-arrow-down\" aria-hidden=\"true\" role=\"img\"> <use href=\"#icon-arrow-down\" xlink:href=\"#icon-arrow-down\"><\/use> <\/svg>                  <\/a>\n                <\/li>\n\n                \n                <li class=\"m12__item\" data-animate data-delay=\"150\">\n                  <a href=\"#block_641963bf97263\" class=\"m12__link uppercase\">\n                    SERVICE ET ASSISTANCE                    <svg class=\"svg-icon svg-icon--icon-arrow-down\" aria-hidden=\"true\" role=\"img\"> <use href=\"#icon-arrow-down\" xlink:href=\"#icon-arrow-down\"><\/use> <\/svg>                  <\/a>\n                <\/li>\n\n                          <\/ul>\n        <\/nav>\n      \n    <\/div>\n  <\/div>\n<\/article>\n\n\n<article class=\"m41 break-out\" id=\"block_64195e4097250\" data-animate-container>\n\t<div class=\"container m41__container\">\n\n\t\t<h2 class=\"m41__heading uppercase\">APER\u00c7U DES PRODUITS<\/h2>\n\n\t\t<div class=\"m41__content\">\n\t\t\t<div class=\"m41__intro\">\n\t\t\t\t<h3 class=\"m41__title uppercase\" data-animate>Alimak Scando 650a<\/h3>\n\t\t\t\t\t\t\t\t\t<p class=\"m41__excerpt\" data-animate>Le tout nouveau Scando 650a am\u00e9liorera la productivit\u00e9 et la s\u00e9curit\u00e9, et est \u00e9galement l\u2019un des ascenseurs de chantier les plus durables sur le march\u00e9 aujourd\u2019hui, avec une faible consommation d\u2019\u00e9nergie.<\/p>\n\t\t\t\t\t\t\t<\/div>\n\n\t\t\t<ul class=\"m41__meta\" data-animate>\n\t\t\t\t\t\t\t\t\t<li class=\"m41__meta-item\">\n\t\t\t\t\t\t<strong>Cat\u00e9gorie de produit : <\/strong>\n\t\t\t\t\t\tAscenseurs de chantier\t\t\t\t\t<\/li>\n\t\t\t\t\n\t\t\t\t\n\t\t\t\t\t\t\t\t\t<li class=\"m41__meta-item\">\n\t\t\t\t\t\t<strong>Applications : <\/strong>\n\t\t\t\t\t\tAm\u00e9liorer l&#039;efficacit\u00e9 sur les chantiers de construction.\t\t\t\t\t<\/li>\n\t\t\t\t\n\t\t\t\t\t\t\t\t\t<li class=\"m41__meta-item\">\n\t\t\t\t\t\t<strong>Certifications : <\/strong>\n\t\t\t\t\t\tNF EN 12159, ANSI 10.4, AS 1418.7 ainsi que la majorit\u00e9 des codes nationaux\t\t\t\t\t<\/li>\n\t\t\t\t\n\t\t\t\t\t\t\t\t\t<li class=\"m41__meta-item\">\n\t\t\t\t\t\t<strong>Dimension : <\/strong>\n\t\t\t\t\t\t1.5 m (W) x 3.9 m (L)\t\t\t\t\t<\/li>\n\t\t\t\t\n\t\t\t\t\t\t\t\t\t<li class=\"m41__meta-item\">\n\t\t\t\t\t\t<strong>Capacit\u00e9 : <\/strong>\n\t\t\t\t\t\t3,000 kg\t\t\t\t\t<\/li>\n\t\t\t\t\n\t\t\t\t\t\t\t\t\t<li class=\"m41__meta-item\">\n\t\t\t\t\t\t<strong>Vitesse : <\/strong>\n\t\t\t\t\t\t76\u2013100 m\/min\t\t\t\t\t<\/li>\n\t\t\t\t\n\t\t\t\t\t\t\t\t\t<li class=\"m41__meta-item\">\n\t\t\t\t\t\t<strong>Tension : <\/strong>\n\t\t\t\t\t\t380\u2013500 V \/ 50-60 Hz\t\t\t\t\t<\/li>\n\t\t\t\t\n\t\t\t\t\t\t\t<\/ul>\n\n\t\t<\/div>\n\t<\/div>\n<\/article>\n\n\n\n<article class=\"m05 break-out desktop-only\" id=\"block_64195f6397251\" data-animate-container>\n  <div class=\"container m05__container\">\n          <h2 class=\"m05__heading h3 uppercase\" data-animate>AVANTAGES DE L&#039;ASCENSEUR DE CHANTIER ALIMAK SCANDO 650a<\/h2>\n    \n          <div class=\"m05__benefits\">\n                  <article class=\"m05__benefit\" data-animate data-delay=\"0\">\n\n                          <p class=\"m05__text h4 uppercase\">AMELIORE LA PRODUCTIVITE<\/p>\n            \n                          <div class=\"m05__icon\" aria-hidden=\"true\">\n                <img src=https:\/\/alimak.com\/be\/wp-content\/uploads\/sites\/18\/2023\/03\/Drive-Productivity-Orange-e1679384706964-300x298-1.png  class=\"\" alt=\"\" width=\"300\" height=\"298\">              <\/div>\n            \n          <\/article>\n                  <article class=\"m05__benefit\" data-animate data-delay=\"150\">\n\n                          <p class=\"m05__text h4 uppercase\">SECURITE RENFORCEE<\/p>\n            \n                          <div class=\"m05__icon\" aria-hidden=\"true\">\n                <img src=https:\/\/alimak.com\/be\/wp-content\/uploads\/sites\/18\/2023\/03\/Enhance-Safety-Orange-e1679384747773-259x300-1.png  class=\"\" alt=\"\" width=\"259\" height=\"300\">              <\/div>\n            \n          <\/article>\n                  <article class=\"m05__benefit\" data-animate data-delay=\"300\">\n\n                          <p class=\"m05__text h4 uppercase\">FAVORISE LA DURABILITE<\/p>\n            \n                          <div class=\"m05__icon\" aria-hidden=\"true\">\n                <img src=https:\/\/alimak.com\/be\/wp-content\/uploads\/sites\/18\/2023\/03\/Promote-Sustainability-Orange-e1679384802870-300x285-1.png  class=\"\" alt=\"\" width=\"300\" height=\"285\">              <\/div>\n            \n          <\/article>\n                  <article class=\"m05__benefit\" data-animate data-delay=\"450\">\n\n                          <p class=\"m05__text h4 uppercase\">ASCENSEUR CONNECTE<\/p>\n            \n                          <div class=\"m05__icon\" aria-hidden=\"true\">\n                <img src=https:\/\/alimak.com\/be\/wp-content\/uploads\/sites\/18\/2023\/03\/Maximise-Connectivity-Orange-e1679384834473-300x240-1.png  class=\"\" alt=\"\" width=\"300\" height=\"240\">              <\/div>\n            \n          <\/article>\n              <\/div>\n      <\/div>\n<\/article>\n\n\n\n<article class=\"m04 break-out large\" id=\"block_642acfb81f2e2\" data-animate-container>\n  <div class=\"container m04__container\">\n          <h2 class=\"m04__heading h3 uppercase\" data-animate>EXPLORER LE SCANDO 650a EN REALITE VIRTUELLE<\/h2>\n              <\/div>\n<\/article>\n\n<div class=\"wp-block-image\">\n<figure class=\"aligncenter size-large is-resized\"><a href=\"https:\/\/alimak.com\/product\/vr\/alimak-scando-650a\/\" target=\"_blank\" rel=\" noreferrer noopener\"><img loading=\"lazy\" decoding=\"async\" src=\"https:\/\/alimak.com\/wp-content\/uploads\/2023\/04\/650a-vr-1024x646.jpg\" alt=\"\" class=\"wp-image-4794\" width=\"768\" height=\"485\"\/><\/a><figcaption class=\"wp-element-caption\">EXPLORER LE SCANDO 650a EN REALITE VIRTUELLE.<\/figcaption><\/figure>\n<\/div>\n\n\n<article class=\"m37 break-out\" id=\"block_6419612797256\" data-animate-container>\n  <div class=\"container\">\n\n          <h2 class=\"m37__heading h3 uppercase\" data-animate>CARACT\u00c9RISTIQUES DU PRODUIT<\/h2>\n    \n    \n      <div class=\"m37__information\">\n                  <ol class=\"m37__numbers uppercase large\">\n                            <li class=\"m37__number\" data-animate data-delay=\"0\">Cabine d\u2019ascenseur 33% plus leg\u00e8re<\/li>\n                                <li class=\"m37__number\" data-animate data-delay=\"150\">Porte lat\u00e9rale am\u00e9liorant la productivit\u00e9<\/li>\n                                <li class=\"m37__number\" data-animate data-delay=\"300\">Porte renforc\u00e9e et robuste<\/li>\n                                <li class=\"m37__number\" data-animate data-delay=\"450\">Garde-corps am\u00e9lior\u00e9s<\/li>\n                                <li class=\"m37__number\" data-animate data-delay=\"600\">Variateurs de Vitesse intelligent<\/li>\n                                <li class=\"m37__number\" data-animate data-delay=\"750\">Moteurs plus l\u00e9gers et plus durables<\/li>\n                                <li class=\"m37__number\" data-animate data-delay=\"900\">Meilleure protection de l\u2019encodeur<\/li>\n                                <li class=\"m37__number\" data-animate data-delay=\"1050\">Potence de montage<\/li>\n                                <li class=\"m37__number\" data-animate data-delay=\"1200\">R\u00e9sistance amovible<\/li>\n                                <li class=\"m37__number\" data-animate data-delay=\"1350\">Rampe de montage amovible<\/li>\n                                <li class=\"m37__number\" data-animate data-delay=\"1500\">Entourage de base renforc\u00e9<\/li>\n                                <li class=\"m37__number\" data-animate data-delay=\"1650\">Pieds r\u00e9glables du ch\u00e2ssis <\/li>\n                          <\/ol>\n        \n                    <img src=https:\/\/alimak.com\/be\/wp-content\/uploads\/sites\/18\/2023\/03\/Scando-650a-product-feature.jpg  class=\"m37__image\" alt=\"\" width=\"560\" height=\"732\">              <\/div>\n\n    \n  <\/div>\n<\/article>\n\n\n\n<article class=\"m39 break-out\" id=\"block_641962dc97260\" data-animate-container>\n\t<div class=\"container m39__container\">\n\t\t\t\t\t<div class=\"m39__grid\">\n\t\t\t\t\t\t\t\t\t<div class=\"m39__grid__item m39__cta\" data-animate data-delay=\"0\">\n\t\t\t\t\t\t\t\t\t\t\t\t\t<div class=\"m39__cta__img\">\n\t\t\t\t\t\t\t\t<img src=https:\/\/alimak.com\/be\/wp-content\/uploads\/sites\/18\/2020\/11\/Product-Range_3.jpg  class=\"\" alt=\"\" width=\"192\" height=\"288\">\t\t\t\t\t\t\t<\/div>\n\t\t\t\t\t\t\t\t\t\t\t\t<div class=\"m39__cta__text\">\n\t\t\t\t\t\t\t\t\t\t\t\t\t\t\t<h4 class=\"m39__title\">PI\u00c8CES DE RECHANGE<\/h4>\n\t\t\t\t\t\t\t\n\t\t\t\t\t\t\t\t\t\t\t\t\t\t\t<div class=\"m39__subtext\">\n\t\t\t\t\t\t\t\t\t<p>Les pi\u00e8ces de rechange d\u2019origine Alimak proviennent d\u2019un r\u00e9seau mondial d\u2019assistance technique pour des remplacements et des mises \u00e0 niveau de haute qualit\u00e9.<\/p>\n\t\t\t\t\t\t\t\t<\/div>\n\t\t\t\t\t\t\t\n\t\t\t\t\t\t\t\t\t\t\t\t\t\t\t<a class=\"button button--outline button--grey m39__button\" href=\"https:\/\/alimak.com\/be\/parts\/\" target=\"_self\">EN SAVOIR PLUS<\/a>\n\t\t\t\t\t\t\t\n\t\t\t\t\t\t<\/div>\n\t\t\t\t\t<\/div>\n\t\t\t\t\t\t\t\t\t<div class=\"m39__grid__item m39__cta\" data-animate data-delay=\"150\">\n\t\t\t\t\t\t\t\t\t\t\t\t\t<div class=\"m39__cta__img\">\n\t\t\t\t\t\t\t\t<img src=https:\/\/alimak.com\/be\/wp-content\/uploads\/sites\/18\/2020\/11\/Product-Range_4.jpg  class=\"\" alt=\"\" width=\"192\" height=\"288\">\t\t\t\t\t\t\t<\/div>\n\t\t\t\t\t\t\t\t\t\t\t\t<div class=\"m39__cta__text\">\n\t\t\t\t\t\t\t\t\t\t\t\t\t\t\t<h4 class=\"m39__title\">ACCESSOIRES<\/h4>\n\t\t\t\t\t\t\t\n\t\t\t\t\t\t\t\t\t\t\t\t\t\t\t<div class=\"m39__subtext\">\n\t\t\t\t\t\t\t\t\t<p>Les accessoires, notamment les m\u00e2ts, les fixations et les portes pali\u00e8res, peuvent \u00eatre configur\u00e9s pour \u00eatre compatibles avec toute la gamme Scando 650.<\/p>\n\t\t\t\t\t\t\t\t<\/div>\n\t\t\t\t\t\t\t\n\t\t\t\t\t\t\t\t\t\t\t\t\t\t\t<a class=\"button button--outline button--grey m39__button\" href=\"https:\/\/alimak.com\/be\/accessories-overview\/\" target=\"_self\">EN SAVOIR PLUS<\/a>\n\t\t\t\t\t\t\t\n\t\t\t\t\t\t<\/div>\n\t\t\t\t\t<\/div>\n\t\t\t\t\t\t\t<\/div>\n\t\t\t<\/div>\n<\/article>\n\n\n\n<article class=\"m13 break-out\" id=\"block_641963bf97263\" data-animate-container>\n  <div class=\"container m13__container\">\n\n          <h2 class=\"m13__heading uppercase h3\" data-animate>Assistance et entretien<\/h2>\n        \n          <div class=\"m13__services\">\n                  <article class=\"m13__service\" data-animate data-delay=\"0\">\n\n                          <h3 class=\"m13__title uppercase h4\">MAINTENANCE<\/h3>\n            \n            <p>Une gamme compl\u00e8te de services de maintenance est disponible. Ces services sont effectu\u00e9s par des techniciens Alimak Service form\u00e9s pour assurer la performance optimale continue des \u00e9quipements.<\/p>\n\n                          <a\n              href=\"https:\/\/alimak.com\/be\/service-support-overview\/maintenance\/\"\n              class=\"m13__button read-more\"\n              target=\"_self\">\n                <span>En savoir plus<\/span>\n                <svg class=\"svg-icon svg-icon--icon-arrow-right\" aria-hidden=\"true\" role=\"img\"> <use href=\"#icon-arrow-right\" xlink:href=\"#icon-arrow-right\"><\/use> <\/svg>              <\/a>\n            \n                          <div class=\"m13__icon\" aria-hidden=\"true\">\n                <img src=https:\/\/alimak.com\/be\/wp-content\/uploads\/sites\/18\/2020\/11\/icons_Service-Support-1.png  class=\"\" alt=\"\" width=\"61\" height=\"60\">              <\/div>\n            \n          <\/article>\n                  <article class=\"m13__service\" data-animate data-delay=\"150\">\n\n                          <h3 class=\"m13__title uppercase h4\">CONNECTIVIT\u00c9 ET GESTION D&#039;ACTIFS<\/h3>\n            \n            <p>Les solutions de connectivit\u00e9 et de gestion des actifs rendent compte de l&rsquo;efficacit\u00e9 des ascenseurs industriels et apportent un soutien n\u00e9cessaire pour prolonger le cycle de vie des produits.<\/p>\n\n                          <a\n              href=\"https:\/\/alimak.com\/be\/service-support-overview\/connectivity-and-asset-management\/\"\n              class=\"m13__button read-more\"\n              target=\"_self\">\n                <span>En savoir plus<\/span>\n                <svg class=\"svg-icon svg-icon--icon-arrow-right\" aria-hidden=\"true\" role=\"img\"> <use href=\"#icon-arrow-right\" xlink:href=\"#icon-arrow-right\"><\/use> <\/svg>              <\/a>\n            \n                          <div class=\"m13__icon\" aria-hidden=\"true\">\n                <img src=https:\/\/alimak.com\/be\/wp-content\/uploads\/sites\/18\/2020\/11\/icons_Service-Support-2.png  class=\"\" alt=\"\" width=\"37\" height=\"60\">              <\/div>\n            \n          <\/article>\n                  <article class=\"m13__service\" data-animate data-delay=\"300\">\n\n                          <h3 class=\"m13__title uppercase h4\">ING\u00c9NIERIE D&#039;APPLICATION<\/h3>\n            \n            <p><span class=\"TextRun Highlight SCXW22701161 BCX0\" lang=\"EN-AU\" xml:lang=\"EN-AU\" data-contrast=\"none\"><span class=\"NormalTextRun SCXW22701161 BCX0\">Les ing\u00e9nieurs d&rsquo;Alimak d\u00e9veloppent des solutions ax\u00e9es sur les besoins des clients pour r\u00e9aliser des installations exigeantes. Ces solutions sur mesure comprennent les plans de configuration ainsi que les calculs de r\u00e9sistance, de charge au sol et de force aux ancrages.<\/span><\/span><\/p>\n\n                          <a\n              href=\"https:\/\/alimak.com\/be\/service-support-overview\/application-engineering\/\"\n              class=\"m13__button read-more\"\n              target=\"_self\">\n                <span>En savoir plus<\/span>\n                <svg class=\"svg-icon svg-icon--icon-arrow-right\" aria-hidden=\"true\" role=\"img\"> <use href=\"#icon-arrow-right\" xlink:href=\"#icon-arrow-right\"><\/use> <\/svg>              <\/a>\n            \n                          <div class=\"m13__icon\" aria-hidden=\"true\">\n                <img src=https:\/\/alimak.com\/be\/wp-content\/uploads\/sites\/18\/2020\/11\/icons_Service-Support-3.png  class=\"\" alt=\"\" width=\"60\" height=\"60\">              <\/div>\n            \n          <\/article>\n                  <article class=\"m13__service\" data-animate data-delay=\"450\">\n\n                          <h3 class=\"m13__title uppercase h4\">FORMATION<\/h3>\n            \n            <p>De nombreux cours de formation \u00e0 la s\u00e9curit\u00e9, \u00e0 l&rsquo;installation et \u00e0 l&rsquo;utilisation des machines sont disponibles pour la gamme de produits Alimak.<\/p>\n\n                          <a\n              href=\"https:\/\/learningstore.alimakgroup.com\/\"\n              class=\"m13__button read-more\"\n              target=\"_blank\">\n                <span>En savoir plus<\/span>\n                <svg class=\"svg-icon svg-icon--icon-arrow-right\" aria-hidden=\"true\" role=\"img\"> <use href=\"#icon-arrow-right\" xlink:href=\"#icon-arrow-right\"><\/use> <\/svg>              <\/a>\n            \n                          <div class=\"m13__icon\" aria-hidden=\"true\">\n                <img src=https:\/\/alimak.com\/be\/wp-content\/uploads\/sites\/18\/2020\/11\/icons_Service-Support-4.png  class=\"\" alt=\"\" width=\"56\" height=\"60\">              <\/div>\n            \n          <\/article>\n                  <article class=\"m13__service\" data-animate data-delay=\"600\">\n\n                          <h3 class=\"m13__title uppercase h4\">SOLUTIONS DE FINANCEMENT<\/h3>\n            \n            <p>Alimak propose des solutions de financement flexibles comprenant le paiement diff\u00e9r\u00e9, le cr\u00e9dit-export et le cr\u00e9dit-bail.<\/p>\n\n                          <a\n              href=\"https:\/\/alimak.com\/be\/service-support-overview\/financing-solutions\/\"\n              class=\"m13__button read-more\"\n              target=\"_self\">\n                <span>En savoir plus<\/span>\n                <svg class=\"svg-icon svg-icon--icon-arrow-right\" aria-hidden=\"true\" role=\"img\"> <use href=\"#icon-arrow-right\" xlink:href=\"#icon-arrow-right\"><\/use> <\/svg>              <\/a>\n            \n                          <div class=\"m13__icon\" aria-hidden=\"true\">\n                <img src=https:\/\/alimak.com\/be\/wp-content\/uploads\/sites\/18\/2020\/11\/icons_Service-Support-5.png  class=\"\" alt=\"\" width=\"67\" height=\"60\">              <\/div>\n            \n          <\/article>\n                  <article class=\"m13__service\" data-animate data-delay=\"750\">\n\n                          <h3 class=\"m13__title uppercase h4\">MOD\u00c9LISATION BIM<\/h3>\n            \n            <p>La mod\u00e9lisation BIM (Building Information Modeling ou b\u00e2ti immobilier mod\u00e9lis\u00e9) est disponible pour la simulations, l&rsquo;installation et l&rsquo;int\u00e9gration d&rsquo;ascenseurs industriels en tout point du projet.<\/p>\n\n                          <a\n              href=\"https:\/\/bimgallery.alimak.com\/bim\/\"\n              class=\"m13__button read-more\"\n              target=\"_blank\">\n                <span>En savoir plus<\/span>\n                <svg class=\"svg-icon svg-icon--icon-arrow-right\" aria-hidden=\"true\" role=\"img\"> <use href=\"#icon-arrow-right\" xlink:href=\"#icon-arrow-right\"><\/use> <\/svg>              <\/a>\n            \n                          <div class=\"m13__icon\" aria-hidden=\"true\">\n                <img src=https:\/\/alimak.com\/be\/wp-content\/uploads\/sites\/18\/2020\/11\/icons_Service-Support-6.png  class=\"\" alt=\"\" width=\"66\" height=\"60\">              <\/div>\n            \n          <\/article>\n              <\/div>\n    \n  <\/div>\n<\/article>\n\n\n\n<div style=\"height:100px\" aria-hidden=\"true\" class=\"wp-block-spacer\"><\/div>\n\n\n\n<article class=\"m08 break-out\" id=\"block_641963e897264\" data-animate-container>\n  <div class=\"container m08__container\">\n\n          <div class=\"m08__block m08__block--one\">\n        <div class=\"m08__content\">\n\n                      <h2 class=\"m08__heading uppercase h3\" data-animate>CONTACTEZ-NOUS POUR RECEVOIR PLUS D&#039;INFORMATIONS OU UN DEVIS<\/h2>\n          \n                      <div class=\"m08__text\" data-animate>\n              <p>Besoin d\u2019aide pour la s\u00e9lection de produits pour un projet \u00e0 venir ? Contactez nos experts pour obtenir des informations sur la gamme de solutions d\u2019acc\u00e8s vertical disponibles et un devis pour r\u00e9pondre aux besoins de votre projet.<\/p>\n            <\/div>\n          \n                      <a\n            data-animate\n            href=\"https:\/\/alimak.com\/be\/request-a-quote\/\"\n            class=\"m08__button button button--outline button--white\"\n            target=\"_self\">\n              DEMANDER UN DEVIS            <\/a>\n          \n        <\/div>\n      <\/div>\n    \n          <div class=\"m08__block m08__block--two\">\n        <div class=\"m08__content\">\n\n                      <h2 class=\"m08__heading uppercase h3\" data-animate>TROUVER UN REPR\u00c9SENTANT LOCAL<\/h2>\n          \n                      <div class=\"m08__text\" data-animate>\n              <p>Pr\u00e9sent sur les six continents, Alimak utilise son r\u00e9seau mondial pour fournir des solutions d\u2019acc\u00e8s vertical pour un large \u00e9ventail d\u2019applications sur les chantiers de construction et les sites industriels dans le monde entier. Contactez-nous pour trouver un repr\u00e9sentant local du r\u00e9seau mondial d\u2019Alimak.<\/p>\n            <\/div>\n          \n                      <a\n            data-animate\n            href=\"https:\/\/alimak.com\/be\/locations\/\"\n            class=\"m08__button button\"\n            target=\"_self\">\n              RECHERCHER SUR LE SITE            <\/a>\n          \n        <\/div>\n      <\/div>\n        \n  <\/div>\n<\/article>\n\n\n\n<div style=\"height:100px\" aria-hidden=\"true\" class=\"wp-block-spacer\"><\/div>\n","protected":false},"excerpt":{"rendered":"<p>Le tout nouveau Scando 650a am\u00e9liorera la productivit\u00e9 et la s\u00e9curit\u00e9, et est \u00e9galement l\u2019un des ascenseurs de chantier les plus durables sur le march\u00e9 aujourd\u2019hui, avec une faible consommation d\u2019\u00e9nergie.<\/p>\n","protected":false},"featured_media":4199,"menu_order":0,"template":"","meta":{"_trash_the_other_posts":false,"editor_notices":[],"footnotes":""},"product-category":[30],"rental":[],"industry":[],"class_list":["post-4196","product","type-product","status-publish","has-post-thumbnail","hentry","product-category-construction-hoists"],"yoast_head":"<!-- This site is optimized with the Yoast SEO plugin v27.3 - https:\/\/yoast.com\/product\/yoast-seo-wordpress\/ -->\n<title>Alimak Belgium<\/title>\n<meta name=\"robots\" content=\"index, follow, max-snippet:-1, max-image-preview:large, max-video-preview:-1\" \/>\n<meta property=\"og:locale\" content=\"fr_FR\" \/>\n<meta property=\"og:type\" content=\"article\" \/>\n<meta property=\"og:site_name\" content=\"Alimak Belgium\" \/>\n<meta name=\"twitter:card\" content=\"summary_large_image\" \/>\n<script type=\"application\/ld+json\" class=\"yoast-schema-graph\">{\"@context\":\"https:\\\/\\\/schema.org\",\"@graph\":[{\"@type\":\"CollectionPage\",\"@id\":null,\"url\":\"\",\"name\":\"\",\"isPartOf\":{\"@id\":\"https:\\\/\\\/alimak.com\\\/be\\\/#website\"},\"inLanguage\":\"fr-BE\"},{\"@type\":\"WebSite\",\"@id\":\"https:\\\/\\\/alimak.com\\\/be\\\/#website\",\"url\":\"https:\\\/\\\/alimak.com\\\/be\\\/\",\"name\":\"Alimak Belgium\",\"description\":\"Les leaders mondiaux en mati\u00e8re de solutions d&#039;acc\u00e8s vertical\",\"potentialAction\":[{\"@type\":\"SearchAction\",\"target\":{\"@type\":\"EntryPoint\",\"urlTemplate\":\"https:\\\/\\\/alimak.com\\\/be\\\/?s={search_term_string}\"},\"query-input\":{\"@type\":\"PropertyValueSpecification\",\"valueRequired\":true,\"valueName\":\"search_term_string\"}}],\"inLanguage\":\"fr-BE\"}]}<\/script>\n<!-- \/ Yoast SEO plugin. -->","yoast_head_json":{"title":"Alimak Belgium","robots":{"index":"index","follow":"follow","max-snippet":"max-snippet:-1","max-image-preview":"max-image-preview:large","max-video-preview":"max-video-preview:-1"},"og_locale":"fr_FR","og_type":"article","og_site_name":"Alimak Belgium","twitter_card":"summary_large_image","schema":{"@context":"https:\/\/schema.org","@graph":[{"@type":"CollectionPage","@id":null,"url":"","name":"","isPartOf":{"@id":"https:\/\/alimak.com\/be\/#website"},"inLanguage":"fr-BE"},{"@type":"WebSite","@id":"https:\/\/alimak.com\/be\/#website","url":"https:\/\/alimak.com\/be\/","name":"Alimak Belgium","description":"Les leaders mondiaux en mati\u00e8re de solutions d&#039;acc\u00e8s vertical","potentialAction":[{"@type":"SearchAction","target":{"@type":"EntryPoint","urlTemplate":"https:\/\/alimak.com\/be\/?s={search_term_string}"},"query-input":{"@type":"PropertyValueSpecification","valueRequired":true,"valueName":"search_term_string"}}],"inLanguage":"fr-BE"}]}},"_links":{"self":[{"href":"https:\/\/alimak.com\/be\/wp-json\/wp\/v2\/product\/4196"}],"collection":[{"href":"https:\/\/alimak.com\/be\/wp-json\/wp\/v2\/product"}],"about":[{"href":"https:\/\/alimak.com\/be\/wp-json\/wp\/v2\/types\/product"}],"version-history":[{"count":12,"href":"https:\/\/alimak.com\/be\/wp-json\/wp\/v2\/product\/4196\/revisions"}],"predecessor-version":[{"id":4223,"href":"https:\/\/alimak.com\/be\/wp-json\/wp\/v2\/product\/4196\/revisions\/4223"}],"wp:featuredmedia":[{"embeddable":true,"href":"https:\/\/alimak.com\/be\/wp-json\/wp\/v2\/media\/4199"}],"wp:attachment":[{"href":"https:\/\/alimak.com\/be\/wp-json\/wp\/v2\/media?parent=4196"}],"wp:term":[{"taxonomy":"product-category","embeddable":true,"href":"https:\/\/alimak.com\/be\/wp-json\/wp\/v2\/product-category?post=4196"},{"taxonomy":"rental","embeddable":true,"href":"https:\/\/alimak.com\/be\/wp-json\/wp\/v2\/rental?post=4196"},{"taxonomy":"industry","embeddable":true,"href":"https:\/\/alimak.com\/be\/wp-json\/wp\/v2\/industry?post=4196"}],"curies":[{"name":"wp","href":"https:\/\/api.w.org\/{rel}","templated":true}]}}