{"id":1022,"date":"2020-11-23T12:55:44","date_gmt":"2020-11-23T12:55:44","guid":{"rendered":"https:\/\/alimak.wpengine.com\/?page_id=1022"},"modified":"2024-11-15T08:30:11","modified_gmt":"2024-11-15T08:30:11","slug":"pulp-paper","status":"publish","type":"page","link":"https:\/\/alimak.com\/ch\/pulp-paper\/","title":{"rendered":"Zellstoff &#038; Papier"},"content":{"rendered":"\n<article class=\"m11 break-out\" id=\"block_5fbbad51a9f3b\" data-animate-container>\n\n  <nav id=\"breadcrumbs\"><div class=\"container\" data-animate><span><span><a href=\"https:\/\/alimak.com\/ch\/\">Startseite<\/a><\/span><\/span><\/div><\/nav>\n  <div class=\"m11__wrapper\">\n    <div class=\"container m11__container\">\n\n      <div class=\"m11__content\">\n\n                  <h1 class=\"m11__heading uppercase\" data-animate>Zellstoff &amp; Papier<\/h1>\n        \n                  <div class=\"m11__text\" data-animate>\n            <p>Als Branchenf\u00fchrer bei H\u00f6henzugangsl\u00f6sungen ist das Angebot an Industrieaufz\u00fcgen von Alimak ideal f\u00fcr Zellstoff- und Papierfabriken. Die Produktivit\u00e4t in Prozessindustrien wie Zellstoff- und Papierfabriken h\u00e4ngt von effizienten Abl\u00e4ufen ab, die durch den praktikablen Zugang zu wichtigen Teilen der Produktlinie erleichtert werden.<\/p>\n<p>Alimak-Industrieaufz\u00fcge bef\u00f6rdern Personen und Materialien effizient vor Ort zur Inspektion, Wartung und Instandhaltung und halten den rauen Bedingungen stand, die bei Anlagen wie z. B. Bleicht\u00fcrmen gegeben sind.<\/p>\n          <\/div>\n        \n                  <a\n          href=\"https:\/\/alimak.com\/de\/contact-us\/\"\n          class=\"m11__button button\"\n          data-animate\n          target=\"_self\">\n            Kontaktieren Sie uns          <\/a>\n        \n      <\/div>\n\n              <div class=\"m11__media\">\n          <img src=https:\/\/alimak.com\/ch\/wp-content\/uploads\/sites\/34\/2020\/11\/Process-industries-Hero.jpg srcset=\"https:\/\/alimak.com\/ch\/wp-content\/uploads\/sites\/34\/2020\/11\/Process-industries-Hero.jpg 1x, https:\/\/alimak.com\/ch\/wp-content\/uploads\/sites\/34\/2020\/11\/Process-industries-Hero.jpg 2x\" class=\"m11__image initial\" alt=\"\" width=\"666\" height=\"592\">        <\/div>\n      \n    <\/div>\n  <\/div>\n<\/article>\n\n\n\n\n<article class=\"m12 desktop-only\" id=\"block_5fb7d4c54bc7c\" data-animate-container>\n  <div class=\"m12__wrapper break-out\">\n    <div class=\"container m12__container\">\n\n      <h2 class=\"m12__heading h4 uppercase\" data-animate>On this page<\/h2>\n\n              <nav class=\"m12__links\">\n          <ul class=\"m12__list\">\n            \n                <li class=\"m12__item\" data-animate data-delay=\"0\">\n                  <a href=\"#block_5fb7d6d44bc85\" class=\"m12__link uppercase\">\n                    Vorteile                    <svg class=\"svg-icon svg-icon--icon-arrow-down\" aria-hidden=\"true\" role=\"img\"> <use href=\"#icon-arrow-down\" xlink:href=\"#icon-arrow-down\"><\/use> <\/svg>                  <\/a>\n                <\/li>\n\n                \n                <li class=\"m12__item\" data-animate data-delay=\"150\">\n                  <a href=\"#block_5fb7d7354bc8b\" class=\"m12__link uppercase\">\n                    SERVICE &amp; SUPPORT                    <svg class=\"svg-icon svg-icon--icon-arrow-down\" aria-hidden=\"true\" role=\"img\"> <use href=\"#icon-arrow-down\" xlink:href=\"#icon-arrow-down\"><\/use> <\/svg>                  <\/a>\n                <\/li>\n\n                          <\/ul>\n        <\/nav>\n      \n    <\/div>\n  <\/div>\n<\/article>\n\n\n<article class=\"m02 break-out\" id=\"block_5fb7d4cd4bc7d\" data-animate-container>\n  <div class=\"container\" data-animate>\n    <p style=\"text-align: center\">Alimak-Industrieaufz\u00fcge werden typischerweise in Zellstoff- und Papierfabriken eingesetzt und erm\u00f6glichen dort einen H\u00f6henzugang zu Fermentern, Kesseln, Verarbeitungst\u00fcrmen und M\u00fchlen.<\/p>\n  <\/div>\n<\/article>\n\n\n<article class=\"m42 break-out\" id=\"block_5fb7d4f74bc7f\" data-animate-container>\n\t<div class=\"container m42__container\">\n\t\t\n\t\t\t\t\t\n\t\t\t\t\t\t\t\t\t\t\t\t\t\t\t\t\t<div class=\"m42__cta\">\n\t\t\t\t\t\t\t\t\t<div class=\"m42__cta__details\">\n\t\t\t\t\t\t\t\t\t\t<div class=\"m42__img\">\n\t\t\t\t\t\t\t\t\t\t<img src=https:\/\/alimak.com\/ch\/wp-content\/uploads\/sites\/34\/2020\/11\/Ostrand-pulp-mill-Projects-tiles.jpg  class=\"\" alt=\"\" width=\"408\" height=\"408\">\t\t\t\t\t\t\t\t\t\t<\/div>\n\n\t\t\t\t\t\t\t\t\t\t\t\t\t\t\t\t\t\t\t\t<div class=\"m42__description\">\n\t\t\t\t\t\t\t\t\t\t\t\t\t\t\t\t\t\t\t\t\t\t<h6 class=\"m42__description__title\">Zellstoffwerk \u00d6strand<\/h6>\n\t\t\t\t\t\t\t\t\t\t\t\n\t\t\t\t\t\t\t\t\t\t\t\t\t\t\t\t\t\t\t\t\t\t\t<p class=\"m42__description__location\">Timr\u00e5, Schweden<\/p>\n\t\t\t\t\t\t\t\t\t\t\t\t\t\t\t\t\t\t\t\t\t<\/div>\n\t\t\t\t\t\t\t\t\t\t\t\t\t\t\t\t\t\t\t<\/div>\n\n\t\t\t\t\t\t\t\t\t<div class=\"m42__cta__text\">\n\t\t\t\t\t\t\t\t\t\t<h5 class=\"m42__subtitle\">Alimak-Aufzug an der weltweit gr\u00f6\u00dften Produktionslinie f\u00fcr gebleichten Weichholz-Kraftzellstoff<\/h5>\n\t\t\t\t\t\t\t\t\t\t<p class=\"m42__excerpt\">\n\t\t\t\t\t\t\t\t\t\t\t\t\t\t\t\t\t\t\t\t\t\t\tAlimak-Aufz\u00fcge sorgen f\u00fcr einen praktikablen und effizienten Zugang f\u00fcr Inspektionen und vorbeugende Wartung und gew\u00e4hrleisten somit eine pr\u00e4zise und reibungslose Funktion der Maschinen und eine Minimierung von Ausfallzeiten. In der Zellstofffabrik \u00d6strand in Timr\u00e5, Schweden, wurden Alimak SE 700 in eine Kesselanwendung f\u00fcr Wartungs- und Inspektionsarbeiten eingebaut.\n\t\t\t\t\t\t\t\t\t\t\t\t\t\t\t\t\t\t\t\t\t<\/p>\n\t\t\t\t\t\t\t\t\t\t<a href=\"https:\/\/alimak.com\/ch\/project\/ostrand-pulp-mill-timra-sweden\/\" class=\"button button--orange\">Read More<\/a>\n\t\t\t\t\t\t\t\t\t<\/div>\n\t\t\t\t\t\t\t\t<\/div>\n\t\t\t\t\t\t\t\n\t\t\t\n\t\t\t\t\t\t\t\t\t\t\t\t\t\t\t\t\t<div class=\"m42__cta\">\n\t\t\t\t\t\t\t\t\t<div class=\"m42__cta__details\">\n\t\t\t\t\t\t\t\t\t\t<div class=\"m42__img\">\n\t\t\t\t\t\t\t\t\t\t<img src=https:\/\/alimak.com\/ch\/wp-content\/uploads\/sites\/34\/2020\/11\/Skoghall-Projects-tiles.jpg  class=\"\" alt=\"\" width=\"408\" height=\"408\">\t\t\t\t\t\t\t\t\t\t<\/div>\n\n\t\t\t\t\t\t\t\t\t\t\t\t\t\t\t\t\t\t\t\t<div class=\"m42__description\">\n\t\t\t\t\t\t\t\t\t\t\t\t\t\t\t\t\t\t\t\t\t\t<h6 class=\"m42__description__title\">Skoghall-Papierfabrik<\/h6>\n\t\t\t\t\t\t\t\t\t\t\t\n\t\t\t\t\t\t\t\t\t\t\t\t\t\t\t\t\t\t\t\t\t\t\t<p class=\"m42__description__location\">Skoghall, Schweden<\/p>\n\t\t\t\t\t\t\t\t\t\t\t\t\t\t\t\t\t\t\t\t\t<\/div>\n\t\t\t\t\t\t\t\t\t\t\t\t\t\t\t\t\t\t\t<\/div>\n\n\t\t\t\t\t\t\t\t\t<div class=\"m42__cta__text\">\n\t\t\t\t\t\t\t\t\t\t<h5 class=\"m42__subtitle\">Vier Alimak-Aufz\u00fcge erm\u00f6glichen den Zugang zu verschiedenen Teilen der Papierfabrik in Skoghall<\/h5>\n\t\t\t\t\t\t\t\t\t\t<p class=\"m42__excerpt\">\n\t\t\t\t\t\t\t\t\t\t\t\t\t\t\t\t\t\t\t\t\t\t\tVier Alimak-Industrieaufz\u00fcge bieten einen effizienten Zugang f\u00fcr Inspektionen und Wartungsarbeiten rund um die Papierfabrik Skoghall. Mit Tragf\u00e4higkeiten von bis zu 2.400 kg werden die Aufz\u00fcge im Laugenfiltergeb\u00e4ude, zwei Bleicht\u00fcrmen und einem Fermenter eingesetzt.\n\t\t\t\t\t\t\t\t\t\t\t\t\t\t\t\t\t\t\t\t\t<\/p>\n\t\t\t\t\t\t\t\t\t\t<a href=\"https:\/\/alimak.com\/ch\/project\/skoghall-paper-mill\/\" class=\"button button--orange\">Read More<\/a>\n\t\t\t\t\t\t\t\t\t<\/div>\n\t\t\t\t\t\t\t\t<\/div>\n\t\t\t\t\t\t\t\n\t\t\t\t\t\t<\/div>\n<\/article>\n\n\n\n<article class=\"m04 break-out large\" id=\"block_5fb7d64c4bc82\" data-animate-container>\n  <div class=\"container m04__container\">\n              <\/div>\n<\/article>\n\n\n<article class=\"m34 break-out\" id=\"block_5fb7d6784bc83\" data-animate-container>\n\t<div class=\"container m34__container\">\n\t\t<div class=\"m34__grid\">\n\t\t\t<div class=\"m34__grid__text\">\n\t\t\t\t\t\t\t\t\t<h3 class=\"m34__title\" data-animate>Alimak-Industrie-Produkthandbuch herunterladen<\/h3>\n\t\t\t\t\n\t\t\t\t\t\t\t\t\t<div class=\"m34__intro\" data-animate><p class=\"p1\">Erfahren Sie mehr \u00fcber die H\u00f6henzugangsl\u00f6sungen von Alimak.<\/p><\/div>\n\t\t\t\t\n\t\t\t\t\n\t\t\t\t\n\t\t\t\t\t\t\t\t\t<button type=\"button\" class=\"button button--download m34__button\" data-animate>\n\t\t\t\t\t\t<span>Download<\/span>\n\t\t\t\t\t\t<svg class=\"svg-icon svg-icon--icon-download\" aria-hidden=\"true\" role=\"img\"> <use href=\"#icon-download\" xlink:href=\"#icon-download\"><\/use> <\/svg>\t\t\t\t\t<\/button>\n\t\t\t\t\t\t\t<\/div>\n\n\t\t\t\t\t\t\t<div class=\"m34__grid__img\">\n\t\t\t\t\t<img src=https:\/\/alimak.com\/ch\/wp-content\/uploads\/sites\/34\/2021\/01\/181128-086-HDR-2-web-2-1024x1024.jpg  class=\"\" alt=\"\" width=\"1024\" height=\"1024\">\t\t\t\t<\/div>\n\t\t\t\n\t\t<\/div>\n\t<\/div>\n\n\t\t\t<section class=\"m34__modal\" aria-hidden=\"true\" data-form-id=\"d313530b-83f1-4c5b-a6bd-296f5fbe5fcc\" data-portal-id=\"8464480\">\n\t\t\t<div class=\"m34__form\">\n\t\t\t\t<div class=\"block_5fb7d6784bc83 m34__modal-container\"><\/div>\n\t\t\t<\/div>\n\t\t\t<button type=\"button\" class=\"m34__overlay\">\n\t\t\t\t<span class=\"screen-reader-text\">Click to close modal<\/span>\n\t\t\t<\/button>\n\t\t<\/section>\n\t\n<\/article>\n\n\n\n\n<article class=\"m04 break-out large\" id=\"block_5fbbaf880d68f\" data-animate-container>\n  <div class=\"container m04__container\">\n          <h2 class=\"m04__heading h3 uppercase\" data-animate>Sehen Sie sich das Angebot an H\u00f6henzugangsprodukten von Alimak an<\/h2>\n              <div class=\"m04__content\" data-animate>\n        <p>Alimak-Industrieaufz\u00fcge bieten effizienten und zuverl\u00e4ssigen H\u00f6henzugang f\u00fcr Zellstoff- und Papierfabriken.<\/p>\n      <\/div>\n              <a\n      data-animate\n      href=\"https:\/\/alimak.com\/ch\/new-equipment\/?filter-product-category=industrial-elevators&#038;filter-sort=ASC\"\n      class=\"m04__button button\"\n      target=\"_self\">\n        Alle ansehen      <\/a>\n      <\/div>\n<\/article>\n\n\n<div class=\"wp-block-group has-white-color has-dark-grey-background-color has-text-color has-background\"><div class=\"wp-block-group__inner-container is-layout-flow wp-block-group-is-layout-flow\">\n<article class=\"m05 break-out desktop-only\" id=\"block_5fb7d6d44bc85\" data-animate-container>\n  <div class=\"container m05__container\">\n          <h2 class=\"m05__heading h3 uppercase\" data-animate>Warum Sie sich f\u00fcr eine H\u00f6henzugangsl\u00f6sung von Alimak entscheiden sollten<\/h2>\n    \n          <div class=\"m05__benefits\">\n                  <article class=\"m05__benefit\" data-animate data-delay=\"0\">\n\n                          <p class=\"m05__text h4 uppercase\">Minimierung von Klettern und manueller Handhabung<\/p>\n            \n                          <div class=\"m05__icon\" aria-hidden=\"true\">\n                <img src=https:\/\/alimak.com\/ch\/wp-content\/uploads\/sites\/34\/2020\/11\/icon_Benefits-1.png  class=\"\" alt=\"\" width=\"51\" height=\"61\">              <\/div>\n            \n          <\/article>\n                  <article class=\"m05__benefit\" data-animate data-delay=\"150\">\n\n                          <p class=\"m05__text h4 uppercase\">Bew\u00e4hrte Technologie<\/p>\n            \n                          <div class=\"m05__icon\" aria-hidden=\"true\">\n                <img src=https:\/\/alimak.com\/ch\/wp-content\/uploads\/sites\/34\/2020\/11\/icon_Benefits-1.png  class=\"\" alt=\"\" width=\"51\" height=\"61\">              <\/div>\n            \n          <\/article>\n                  <article class=\"m05__benefit\" data-animate data-delay=\"300\">\n\n                          <p class=\"m05__text h4 uppercase\">Auswahl an Fahrkorbgr\u00f6\u00dfen und Tragf\u00e4higkeiten<\/p>\n            \n                          <div class=\"m05__icon\" aria-hidden=\"true\">\n                <img src=https:\/\/alimak.com\/ch\/wp-content\/uploads\/sites\/34\/2020\/11\/icon_Benefits-1.png  class=\"\" alt=\"\" width=\"51\" height=\"61\">              <\/div>\n            \n          <\/article>\n                  <article class=\"m05__benefit\" data-animate data-delay=\"450\">\n\n                          <p class=\"m05__text h4 uppercase\">Explosionsgesch\u00fctzt verf\u00fcgbar<\/p>\n            \n                          <div class=\"m05__icon\" aria-hidden=\"true\">\n                <img src=https:\/\/alimak.com\/ch\/wp-content\/uploads\/sites\/34\/2020\/11\/icon_Benefits-1.png  class=\"\" alt=\"\" width=\"51\" height=\"61\">              <\/div>\n            \n          <\/article>\n              <\/div>\n      <\/div>\n<\/article>\n\n\n\n<p><\/p>\n<\/div><\/div>\n\n\n\n<article class=\"m13 break-out\" id=\"block_5fb7d7354bc8b\" data-animate-container>\n  <div class=\"container m13__container\">\n\n          <h2 class=\"m13__heading uppercase h3\" data-animate>Service und Support<\/h2>\n        \n          <div class=\"m13__services\">\n                  <article class=\"m13__service\" data-animate data-delay=\"0\">\n\n                          <h3 class=\"m13__title uppercase h4\">WARTUNG<\/h3>\n            \n            <p>Ein umfassendes Angebot an Wartungsleistungen wird von geschulten Alimak-Servicetechnikern zur Verf\u00fcgung gestellt und durchgef\u00fchrt, um die kontinuierliche optimale Leistung der Anlagen zu gew\u00e4hrleisten.<\/p>\n\n                          <a\n              href=\"https:\/\/alimak.com\/ch\/service-support-overview\/maintenance\/\"\n              class=\"m13__button read-more\"\n              target=\"_self\">\n                <span>Mehr erfahren<\/span>\n                <svg class=\"svg-icon svg-icon--icon-arrow-right\" aria-hidden=\"true\" role=\"img\"> <use href=\"#icon-arrow-right\" xlink:href=\"#icon-arrow-right\"><\/use> <\/svg>              <\/a>\n            \n                          <div class=\"m13__icon\" aria-hidden=\"true\">\n                <img src=https:\/\/alimak.com\/ch\/wp-content\/uploads\/sites\/34\/2020\/11\/icons_Service-Support-1.png  class=\"\" alt=\"\" width=\"61\" height=\"60\">              <\/div>\n            \n          <\/article>\n                  <article class=\"m13__service\" data-animate data-delay=\"150\">\n\n                          <h3 class=\"m13__title uppercase h4\">Konnektivit\u00e4t und Asset-Management<\/h3>\n            \n            <p>L\u00f6sungen f\u00fcr Konnektivit\u00e4t und Asset-Management geben Auskunft \u00fcber die Effizienz von Industrieaufz\u00fcgen und bieten Unterst\u00fctzung, um den Produktlebenszyklus zu verl\u00e4ngern.<\/p>\n\n                          <a\n              href=\"https:\/\/alimak.com\/ch\/service-support-overview\/connectivity-and-asset-management\/\"\n              class=\"m13__button read-more\"\n              target=\"_self\">\n                <span>Mehr erfahren<\/span>\n                <svg class=\"svg-icon svg-icon--icon-arrow-right\" aria-hidden=\"true\" role=\"img\"> <use href=\"#icon-arrow-right\" xlink:href=\"#icon-arrow-right\"><\/use> <\/svg>              <\/a>\n            \n                          <div class=\"m13__icon\" aria-hidden=\"true\">\n                <img src=https:\/\/alimak.com\/ch\/wp-content\/uploads\/sites\/34\/2020\/11\/icons_Service-Support-2.png  class=\"\" alt=\"\" width=\"37\" height=\"60\">              <\/div>\n            \n          <\/article>\n                  <article class=\"m13__service\" data-animate data-delay=\"300\">\n\n                          <h3 class=\"m13__title uppercase h4\">Anwendungstechnik<\/h3>\n            \n            <p><span class=\"TextRun Highlight SCXW22701161 BCX0\" lang=\"EN-AU\" xml:lang=\"EN-AU\" data-contrast=\"none\"><span class=\"NormalTextRun SCXW22701161 BCX0\">Die Ingenieure von Alimak entwickeln kundenorientierte L\u00f6sungen f\u00fcr anspruchsvolle Installationen. Ma\u00dfgeschneiderte L\u00f6sungen umfassen Konfigurationszeichnungen sowie Berechnungen von Festigkeit, Bodenlast und Ankerkraft.<\/span><\/span><\/p>\n\n                          <a\n              href=\"https:\/\/alimak.com\/ch\/service-support-overview\/application-engineering\/\"\n              class=\"m13__button read-more\"\n              target=\"_self\">\n                <span>Mehr erfahren<\/span>\n                <svg class=\"svg-icon svg-icon--icon-arrow-right\" aria-hidden=\"true\" role=\"img\"> <use href=\"#icon-arrow-right\" xlink:href=\"#icon-arrow-right\"><\/use> <\/svg>              <\/a>\n            \n                          <div class=\"m13__icon\" aria-hidden=\"true\">\n                <img src=https:\/\/alimak.com\/ch\/wp-content\/uploads\/sites\/34\/2020\/11\/icons_Service-Support-3.png  class=\"\" alt=\"\" width=\"60\" height=\"60\">              <\/div>\n            \n          <\/article>\n                  <article class=\"m13__service\" data-animate data-delay=\"450\">\n\n                          <h3 class=\"m13__title uppercase h4\">Schulung<\/h3>\n            \n            <p>F\u00fcr die Produktpalette von Alimak stehen eine Reihe von Sicherheits-, Installations- und Bedienerschulungen zur Verf\u00fcgung.<\/p>\n\n                          <a\n              href=\"https:\/\/training.alimakgroup.com\/?reset-filter-FilterAccreditation=&#038;FilterBrand=Alimak&#038;reset-filter-FilterDelivery=&#038;reset-filter-FilterCountry=&#038;reset-filter-FilterCalendar=\"\n              class=\"m13__button read-more\"\n              target=\"_blank\">\n                <span>Mehr erfahren<\/span>\n                <svg class=\"svg-icon svg-icon--icon-arrow-right\" aria-hidden=\"true\" role=\"img\"> <use href=\"#icon-arrow-right\" xlink:href=\"#icon-arrow-right\"><\/use> <\/svg>              <\/a>\n            \n                          <div class=\"m13__icon\" aria-hidden=\"true\">\n                <img src=https:\/\/alimak.com\/ch\/wp-content\/uploads\/sites\/34\/2020\/11\/icons_Service-Support-4.png  class=\"\" alt=\"\" width=\"56\" height=\"60\">              <\/div>\n            \n          <\/article>\n                  <article class=\"m13__service\" data-animate data-delay=\"600\">\n\n                          <h3 class=\"m13__title uppercase h4\">Finanzierungsl\u00f6sungen<\/h3>\n            \n            <p>Alimak bietet flexible Finanzierungsl\u00f6sungen an, die von Zahlungsaufschub, Exportfinanzierung bis hin zum Finanzierungsleasing reichen.<\/p>\n\n                          <a\n              href=\"https:\/\/alimak.com\/ch\/service-support-overview\/financing-solutions\/\"\n              class=\"m13__button read-more\"\n              target=\"_self\">\n                <span>Mehr erfahren<\/span>\n                <svg class=\"svg-icon svg-icon--icon-arrow-right\" aria-hidden=\"true\" role=\"img\"> <use href=\"#icon-arrow-right\" xlink:href=\"#icon-arrow-right\"><\/use> <\/svg>              <\/a>\n            \n                          <div class=\"m13__icon\" aria-hidden=\"true\">\n                <img src=https:\/\/alimak.com\/ch\/wp-content\/uploads\/sites\/34\/2020\/11\/icons_Service-Support-5.png  class=\"\" alt=\"\" width=\"67\" height=\"60\">              <\/div>\n            \n          <\/article>\n                  <article class=\"m13__service\" data-animate data-delay=\"750\">\n\n                          <h3 class=\"m13__title uppercase h4\">Bauwerksdatenmodellierung (BIM)<\/h3>\n            \n            <p>Building Information Modelling steht zu jedem Zeitpunkt in einem Projekt f\u00fcr Simulationen, Installationen und die Integration von Alimak-H\u00f6henzugangsprodukten zur Verf\u00fcgung.<\/p>\n\n                          <a\n              href=\"https:\/\/bimgallery.alimak.com\/bim\/\"\n              class=\"m13__button read-more\"\n              target=\"_blank\">\n                <span>Mehr erfahren<\/span>\n                <svg class=\"svg-icon svg-icon--icon-arrow-right\" aria-hidden=\"true\" role=\"img\"> <use href=\"#icon-arrow-right\" xlink:href=\"#icon-arrow-right\"><\/use> <\/svg>              <\/a>\n            \n                          <div class=\"m13__icon\" aria-hidden=\"true\">\n                <img src=https:\/\/alimak.com\/ch\/wp-content\/uploads\/sites\/34\/2020\/11\/icons_Service-Support-6.png  class=\"\" alt=\"\" width=\"66\" height=\"60\">              <\/div>\n            \n          <\/article>\n              <\/div>\n    \n  <\/div>\n<\/article>\n\n\n\n<article class=\"m14 break-out\" id=\"block_5fbbb27f900ab\" data-animate-container>\n\t<div class=\"container\">\n\n\t<div class=\"m14__introduction large\">  \n\t\t\t\t<h2 class=\"m14__heading uppercase h3\" data-animate>Fordern Sie weitere Informationen oder ein Angebot an<\/h2>\n\t  \t  \t\t<div class=\"m14__content\" data-animate>\n\t\t\t<p>Ben\u00f6tigen Sie Hilfe bei der Produktauswahl f\u00fcr ein bevorstehendes Projekt? Wenden Sie sich an unsere Produktexperten, um Informationen zu den verf\u00fcgbaren H\u00f6henzugangsl\u00f6sungen und ein Angebot zu erhalten, das den Anforderungen Ihres Projekts entspricht.<\/p>\n\t\t<\/div>\n\t  \t<\/div>\n\n\t\t\t<div class=\"m14__form\" data-animate>\n\t\t\t<div class=\"gform_wrapper\">\n\t\t\t\t<div\n\t\t\t\tclass=\"m14__hubspot\"\n\t\t\t\tdata-form-id=\"3c280592-ae94-475a-bbba-d16507c11633\"\n\t\t\t\tdata-portal-id=\"8464480\"><\/div>\n\t\t\t<\/div>\n\t\t<\/div>\n\t\n  <\/div>\n<\/article>\n\n\n\n<div style=\"height:100px\" aria-hidden=\"true\" class=\"wp-block-spacer\"><\/div>\n","protected":false},"excerpt":{"rendered":"","protected":false},"author":1,"featured_media":0,"parent":0,"menu_order":0,"comment_status":"closed","ping_status":"closed","template":"","meta":{"_trash_the_other_posts":false,"editor_notices":[],"footnotes":""},"class_list":["post-1022","page","type-page","status-publish","hentry"],"yoast_head":"<!-- This site is optimized with the Yoast SEO plugin v27.3 - https:\/\/yoast.com\/product\/yoast-seo-wordpress\/ -->\n<title>Zellstoff &amp; Papier - Alimak Switzerland<\/title>\n<meta name=\"robots\" content=\"index, follow, max-snippet:-1, max-image-preview:large, max-video-preview:-1\" \/>\n<link rel=\"canonical\" href=\"https:\/\/alimak.com\/de\/industry\/pulp-paper\/\" \/>\n<meta property=\"og:locale\" content=\"en_US\" \/>\n<meta property=\"og:type\" content=\"article\" \/>\n<meta property=\"og:title\" content=\"Zellstoff &amp; Papier - Alimak Switzerland\" \/>\n<meta property=\"og:url\" content=\"https:\/\/alimak.com\/de\/industry\/pulp-paper\/\" \/>\n<meta property=\"og:site_name\" content=\"Alimak Switzerland\" \/>\n<meta property=\"article:modified_time\" content=\"2024-11-15T08:30:11+00:00\" \/>\n<meta name=\"twitter:card\" content=\"summary_large_image\" \/>\n<script type=\"application\/ld+json\" class=\"yoast-schema-graph\">{\"@context\":\"https:\\\/\\\/schema.org\",\"@graph\":[{\"@type\":\"WebPage\",\"@id\":\"https:\\\/\\\/alimak.com\\\/ch\\\/pulp-paper\\\/\",\"url\":\"https:\\\/\\\/alimak.com\\\/de\\\/industry\\\/pulp-paper\\\/\",\"name\":\"Zellstoff & Papier - Alimak Switzerland\",\"isPartOf\":{\"@id\":\"https:\\\/\\\/alimak.com\\\/ch\\\/#website\"},\"datePublished\":\"2020-11-23T12:55:44+00:00\",\"dateModified\":\"2024-11-15T08:30:11+00:00\",\"breadcrumb\":{\"@id\":\"https:\\\/\\\/alimak.com\\\/de\\\/industry\\\/pulp-paper\\\/#breadcrumb\"},\"inLanguage\":\"en-US\",\"potentialAction\":[{\"@type\":\"ReadAction\",\"target\":[\"https:\\\/\\\/alimak.com\\\/de\\\/industry\\\/pulp-paper\\\/\"]}]},{\"@type\":\"BreadcrumbList\",\"@id\":\"https:\\\/\\\/alimak.com\\\/de\\\/industry\\\/pulp-paper\\\/#breadcrumb\",\"itemListElement\":[{\"@type\":\"ListItem\",\"position\":1,\"name\":\"Startseite\",\"item\":\"https:\\\/\\\/alimak.com\\\/ch\\\/\"},{\"@type\":\"ListItem\",\"position\":2,\"name\":\"Zellstoff &#038; Papier\"}]},{\"@type\":\"WebSite\",\"@id\":\"https:\\\/\\\/alimak.com\\\/ch\\\/#website\",\"url\":\"https:\\\/\\\/alimak.com\\\/ch\\\/\",\"name\":\"Alimak Switzerland\",\"description\":\"Weltweit f\u00fchrend bei H\u00f6henzugangsl\u00f6sungen\",\"potentialAction\":[{\"@type\":\"SearchAction\",\"target\":{\"@type\":\"EntryPoint\",\"urlTemplate\":\"https:\\\/\\\/alimak.com\\\/ch\\\/?s={search_term_string}\"},\"query-input\":{\"@type\":\"PropertyValueSpecification\",\"valueRequired\":true,\"valueName\":\"search_term_string\"}}],\"inLanguage\":\"en-US\"}]}<\/script>\n<!-- \/ Yoast SEO plugin. -->","yoast_head_json":{"title":"Zellstoff & Papier - Alimak Switzerland","robots":{"index":"index","follow":"follow","max-snippet":"max-snippet:-1","max-image-preview":"max-image-preview:large","max-video-preview":"max-video-preview:-1"},"canonical":"https:\/\/alimak.com\/de\/industry\/pulp-paper\/","og_locale":"en_US","og_type":"article","og_title":"Zellstoff & Papier - Alimak Switzerland","og_url":"https:\/\/alimak.com\/de\/industry\/pulp-paper\/","og_site_name":"Alimak Switzerland","article_modified_time":"2024-11-15T08:30:11+00:00","twitter_card":"summary_large_image","schema":{"@context":"https:\/\/schema.org","@graph":[{"@type":"WebPage","@id":"https:\/\/alimak.com\/ch\/pulp-paper\/","url":"https:\/\/alimak.com\/de\/industry\/pulp-paper\/","name":"Zellstoff & Papier - Alimak Switzerland","isPartOf":{"@id":"https:\/\/alimak.com\/ch\/#website"},"datePublished":"2020-11-23T12:55:44+00:00","dateModified":"2024-11-15T08:30:11+00:00","breadcrumb":{"@id":"https:\/\/alimak.com\/de\/industry\/pulp-paper\/#breadcrumb"},"inLanguage":"en-US","potentialAction":[{"@type":"ReadAction","target":["https:\/\/alimak.com\/de\/industry\/pulp-paper\/"]}]},{"@type":"BreadcrumbList","@id":"https:\/\/alimak.com\/de\/industry\/pulp-paper\/#breadcrumb","itemListElement":[{"@type":"ListItem","position":1,"name":"Startseite","item":"https:\/\/alimak.com\/ch\/"},{"@type":"ListItem","position":2,"name":"Zellstoff &#038; Papier"}]},{"@type":"WebSite","@id":"https:\/\/alimak.com\/ch\/#website","url":"https:\/\/alimak.com\/ch\/","name":"Alimak Switzerland","description":"Weltweit f\u00fchrend bei H\u00f6henzugangsl\u00f6sungen","potentialAction":[{"@type":"SearchAction","target":{"@type":"EntryPoint","urlTemplate":"https:\/\/alimak.com\/ch\/?s={search_term_string}"},"query-input":{"@type":"PropertyValueSpecification","valueRequired":true,"valueName":"search_term_string"}}],"inLanguage":"en-US"}]}},"_links":{"self":[{"href":"https:\/\/alimak.com\/ch\/wp-json\/wp\/v2\/pages\/1022","targetHints":{"allow":["GET"]}}],"collection":[{"href":"https:\/\/alimak.com\/ch\/wp-json\/wp\/v2\/pages"}],"about":[{"href":"https:\/\/alimak.com\/ch\/wp-json\/wp\/v2\/types\/page"}],"author":[{"embeddable":true,"href":"https:\/\/alimak.com\/ch\/wp-json\/wp\/v2\/users\/1"}],"replies":[{"embeddable":true,"href":"https:\/\/alimak.com\/ch\/wp-json\/wp\/v2\/comments?post=1022"}],"version-history":[{"count":5,"href":"https:\/\/alimak.com\/ch\/wp-json\/wp\/v2\/pages\/1022\/revisions"}],"predecessor-version":[{"id":5199,"href":"https:\/\/alimak.com\/ch\/wp-json\/wp\/v2\/pages\/1022\/revisions\/5199"}],"wp:attachment":[{"href":"https:\/\/alimak.com\/ch\/wp-json\/wp\/v2\/media?parent=1022"}],"curies":[{"name":"wp","href":"https:\/\/api.w.org\/{rel}","templated":true}]}}