{"id":205,"date":"2020-11-12T12:58:26","date_gmt":"2020-11-12T12:58:26","guid":{"rendered":"https:\/\/alimak.wpengine.com\/?page_id=205"},"modified":"2021-01-21T05:22:18","modified_gmt":"2021-01-21T05:22:18","slug":"connectivity-and-asset-management","status":"publish","type":"page","link":"https:\/\/alimak.com\/ch\/service-solutions\/connectivity-and-asset-management\/","title":{"rendered":"Konnektivit\u00e4t und Asset-Management"},"content":{"rendered":"\n<article class=\"m33 break-out\" id=\"block_5fad4a8bd88d7\" data-animate-container>\n\n  <nav id=\"breadcrumbs\"><div class=\"container\"><span><span><a href=\"https:\/\/alimak.com\/ch\/\">Startseite<\/a><\/span><\/span><\/div><\/nav>\n  <div class=\"container m33__container\">\n\t\t\n\t\t\t\t\t<h1 class=\"m33__heading uppercase  \" data-animate>Konnektivit\u00e4t und Asset-Management<\/h1>\n\t\t\t\t\n\t\t  <\/div>\n\n<\/article>\n\n\n\n\n<article class=\"m02 break-out\" id=\"block_5fad4d2ad88e0\" data-animate-container>\n  <div class=\"container\" data-animate>\n    <p style=\"text-align: center\">Alimak bietet eine Reihe von Service- und Supportl\u00f6sungen, die darauf ausgelegt sind, den gesamten Lebenszyklus Ihrer Alimak-Anlagen zu verwalten.<\/p>\n  <\/div>\n<\/article>\n\n\n<div class=\"wp-block-group has-light-grey-background-color has-background\"><div class=\"wp-block-group__inner-container is-layout-flow wp-block-group-is-layout-flow\">\n<article class=\"m17 break-out\" id=\"block_5fad4cb2d88dd\" data-animate-container>\n  <div class=\"container m17__container\">\n\n    <div class=\"m17__introduction large\">\n                <\/div>\n\n    \n      <article class=\"m17__block\" data-animate data-delay=\"0\">\n\n                  <div class=\"m17__content\">\n\n                          <h3 class=\"m17__title uppercase h4\">KONNEKTIVIT\u00c4T<\/h3>\n              <p>Ein ausgew\u00e4hlter Teil des aktuellen Portfolios von Alimak bietet Konnektivit\u00e4tsl\u00f6sungen. Durch Fern\u00fcberwachung sammelt und zeigt diese L\u00f6sung eine Vielzahl von Betriebsinformationen und -daten an, z. B. die Anzahl der Starts und Stopps, Betriebsstunden und vieles mehr, um den Eigent\u00fcmern eine genaue Analyse der Auslastung ihrer Anlagen zu liefern. Das Konnektivit\u00e4tssystem dient auch als Hilfsmittel zur Fehlersuche und unterst\u00fctzt die Ferndiagnose von Anlagen, um unn\u00f6tige Ortsbegehungen zu vermeiden und Ausfallzeiten auf ein Minimum zu beschr\u00e4nken. Alimak investiert kontinuierlich in die Weiterentwicklung der L\u00f6sung, um neue zus\u00e4tzliche Funktionen zugunsten der Kunden anzubieten.<\/p>\n\n          <\/div>\n                \n                  <div class=\"m17__media\">\n            <img src=https:\/\/alimak.com\/ch\/wp-content\/uploads\/sites\/34\/2020\/11\/Connectivity-and-Asset-Management-Hero-image.jpg  class=\"m17__image\" alt=\"\" width=\"666\" height=\"592\">          <\/div>\n        \n      <\/article>\n\n      \n      <article class=\"m17__block\" data-animate data-delay=\"150\">\n\n                  <div class=\"m17__content\">\n\n                          <h3 class=\"m17__title uppercase h4\">ASSET MANAGEMENT<\/h3>\n              <p>Durch ein globales Netzwerk von Service-Centern verf\u00fcgt Alimak \u00fcber das Know-how und die F\u00e4higkeit, umfassenden Service und Support \u00fcberall auf der Welt zu bieten \u2013 sei es auf dem Land oder auf dem Meer. Unsere Unterst\u00fctzung vor Ort maximiert proaktiv das Potenzial aller Anlageg\u00fcter, um sicherzustellen, dass Betriebszeiten, Sicherheit und Produktivit\u00e4t niemals beeintr\u00e4chtigt werden. Die beste Anlage verdient den besten Service.<\/p>\n<p>Supportl\u00f6sungen sind auch f\u00fcr vorhandene Installationen verf\u00fcgbar, sofern eine Inspektion und Bewertung der Anlage durchgef\u00fchrt und etwaige Abhilfema\u00dfnahmen durchgef\u00fchrt werden. Die Supportl\u00f6sungen von Alimak bieten Kunden einen Festpreis f\u00fcr die gesamte Lebensdauer der Anlagen, ohne versteckte Kosten oder unerwartete \u00dcberraschungen.<\/p>\n<p class=\"p1\">Ein typisches Support-Paket deckt die folgenden Bereiche ab:<\/p>\n<ul class=\"ul1\">\n<li class=\"li1\">Erstberatung und Vorschlag<\/li>\n<li class=\"li1\">Dienstleistungsvertrag<\/li>\n<li class=\"li1\">Service und Vorbeugung<\/li>\n<li class=\"li1\">Wartungsprogramm<\/li>\n<li class=\"li1\">Bedienerschulung<\/li>\n<li class=\"li1\">Ersatzteilpakete (normale Verschlei\u00dfteile werden in regelm\u00e4\u00dfigen Abst\u00e4nden ausgetauscht)<\/li>\n<li class=\"li1\">Notfalleins\u00e4tze<\/li>\n<li class=\"li1\">Technische Betreuung \/ Fehlerbehebung<\/li>\n<li class=\"li1\">Fern\u00fcberwachung (sofern verf\u00fcgbar)<\/li>\n<li class=\"li1\">Laufende Bewertung der Anlageg\u00fcter (Lebenszyklus-Management)<\/li>\n<\/ul>\n\n          <\/div>\n                \n                  <div class=\"m17__media\">\n            <img src=https:\/\/alimak.com\/ch\/wp-content\/uploads\/sites\/34\/2020\/12\/Cement-Hero.jpg  class=\"m17__image\" alt=\"\" width=\"666\" height=\"592\">          <\/div>\n        \n      <\/article>\n\n      \n  <\/div>\n<\/article><\/div><\/div>\n\n\n\n<div style=\"height:100px\" aria-hidden=\"true\" class=\"wp-block-spacer\"><\/div>\n\n\n\n<article class=\"m08 break-out\" id=\"block_5fd93166cfa47\" data-animate-container>\n  <div class=\"container m08__container\">\n\n          <div class=\"m08__block m08__block--one\">\n        <div class=\"m08__content\">\n\n                      <h2 class=\"m08__heading uppercase h3\" data-animate>Kontaktieren Sie uns f\u00fcr weitere Informationen oder ein Angebot<\/h2>\n          \n                      <div class=\"m08__text\" data-animate>\n              <p>Ben\u00f6tigen Sie Hilfe bei der Produktauswahl f\u00fcr ein bevorstehendes Projekt? Wenden Sie sich an unsere Produktexperten, um Informationen zu den verf\u00fcgbaren H\u00f6henzugangsl\u00f6sungen und ein Angebot zu erhalten, das den Anforderungen Ihres Projekts entspricht.<\/p>\n            <\/div>\n          \n                      <a\n            data-animate\n            href=\"https:\/\/alimak.com\/de\/request-a-quote\"\n            class=\"m08__button button button--outline button--white\"\n            target=\"_self\">\n              ANGEBOT ANFORDERN            <\/a>\n          \n        <\/div>\n      <\/div>\n    \n          <div class=\"m08__block m08__block--two\">\n        <div class=\"m08__content\">\n\n                      <h2 class=\"m08__heading uppercase h3\" data-animate>Finden sie einen Handelsvertreter vor Ort<\/h2>\n          \n                      <div class=\"m08__text\" data-animate>\n              <p>Alimak ist auf sechs Kontinenten vertreten und nutzt ein globales Netzwerk, um H\u00f6henzugangsl\u00f6sungen f\u00fcr eine Vielzahl von Anwendungen auf Bau- und Industriestandorten auf der ganzen Welt bereitzustellen. Kontaktieren Sie uns, um einen Vertreter vor Ort aus dem globalen Netzwerk von Alimak zu finden.<\/p>\n            <\/div>\n          \n                      <a\n            data-animate\n            href=\"\/de\/locations\"\n            class=\"m08__button button\"\n            target=\"_self\">\n              VERZEICHNIS DURCHSUCHEN            <\/a>\n          \n        <\/div>\n      <\/div>\n        \n  <\/div>\n<\/article>\n\n\n\n<div style=\"height:100px\" aria-hidden=\"true\" class=\"wp-block-spacer\"><\/div>\n","protected":false},"excerpt":{"rendered":"","protected":false},"author":1,"featured_media":0,"parent":203,"menu_order":0,"comment_status":"closed","ping_status":"closed","template":"","meta":{"_trash_the_other_posts":false,"editor_notices":[],"footnotes":""},"class_list":["post-205","page","type-page","status-publish","hentry"],"yoast_head":"<!-- This site is optimized with the Yoast SEO plugin v27.3 - https:\/\/yoast.com\/product\/yoast-seo-wordpress\/ -->\n<title>Konnektivit\u00e4t und Asset-Management - Alimak Switzerland<\/title>\n<meta name=\"robots\" content=\"index, follow, max-snippet:-1, max-image-preview:large, max-video-preview:-1\" \/>\n<link rel=\"canonical\" href=\"https:\/\/alimak.com\/ch\/service-solutions\/connectivity-and-asset-management\/\" \/>\n<meta property=\"og:locale\" content=\"en_US\" \/>\n<meta property=\"og:type\" content=\"article\" \/>\n<meta property=\"og:title\" content=\"Konnektivit\u00e4t und Asset-Management - Alimak Switzerland\" \/>\n<meta property=\"og:url\" content=\"https:\/\/alimak.com\/ch\/service-solutions\/connectivity-and-asset-management\/\" \/>\n<meta property=\"og:site_name\" content=\"Alimak Switzerland\" \/>\n<meta property=\"article:modified_time\" content=\"2021-01-21T05:22:18+00:00\" \/>\n<meta name=\"twitter:card\" content=\"summary_large_image\" \/>\n<script type=\"application\/ld+json\" class=\"yoast-schema-graph\">{\"@context\":\"https:\\\/\\\/schema.org\",\"@graph\":[{\"@type\":\"WebPage\",\"@id\":\"https:\\\/\\\/alimak.com\\\/ch\\\/service-solutions\\\/connectivity-and-asset-management\\\/\",\"url\":\"https:\\\/\\\/alimak.com\\\/ch\\\/service-solutions\\\/connectivity-and-asset-management\\\/\",\"name\":\"Konnektivit\u00e4t und Asset-Management - Alimak Switzerland\",\"isPartOf\":{\"@id\":\"https:\\\/\\\/alimak.com\\\/ch\\\/#website\"},\"datePublished\":\"2020-11-12T12:58:26+00:00\",\"dateModified\":\"2021-01-21T05:22:18+00:00\",\"breadcrumb\":{\"@id\":\"https:\\\/\\\/alimak.com\\\/ch\\\/service-solutions\\\/connectivity-and-asset-management\\\/#breadcrumb\"},\"inLanguage\":\"en-US\",\"potentialAction\":[{\"@type\":\"ReadAction\",\"target\":[\"https:\\\/\\\/alimak.com\\\/ch\\\/service-solutions\\\/connectivity-and-asset-management\\\/\"]}]},{\"@type\":\"BreadcrumbList\",\"@id\":\"https:\\\/\\\/alimak.com\\\/ch\\\/service-solutions\\\/connectivity-and-asset-management\\\/#breadcrumb\",\"itemListElement\":[{\"@type\":\"ListItem\",\"position\":1,\"name\":\"Startseite\",\"item\":\"https:\\\/\\\/alimak.com\\\/ch\\\/\"},{\"@type\":\"ListItem\",\"position\":2,\"name\":\"Service &#038; Support\",\"item\":\"https:\\\/\\\/alimak.com\\\/ch\\\/service-solutions\\\/\"},{\"@type\":\"ListItem\",\"position\":3,\"name\":\"Konnektivit\u00e4t und Asset-Management\"}]},{\"@type\":\"WebSite\",\"@id\":\"https:\\\/\\\/alimak.com\\\/ch\\\/#website\",\"url\":\"https:\\\/\\\/alimak.com\\\/ch\\\/\",\"name\":\"Alimak Switzerland\",\"description\":\"Weltweit f\u00fchrend bei H\u00f6henzugangsl\u00f6sungen\",\"potentialAction\":[{\"@type\":\"SearchAction\",\"target\":{\"@type\":\"EntryPoint\",\"urlTemplate\":\"https:\\\/\\\/alimak.com\\\/ch\\\/?s={search_term_string}\"},\"query-input\":{\"@type\":\"PropertyValueSpecification\",\"valueRequired\":true,\"valueName\":\"search_term_string\"}}],\"inLanguage\":\"en-US\"}]}<\/script>\n<!-- \/ Yoast SEO plugin. -->","yoast_head_json":{"title":"Konnektivit\u00e4t und Asset-Management - Alimak Switzerland","robots":{"index":"index","follow":"follow","max-snippet":"max-snippet:-1","max-image-preview":"max-image-preview:large","max-video-preview":"max-video-preview:-1"},"canonical":"https:\/\/alimak.com\/ch\/service-solutions\/connectivity-and-asset-management\/","og_locale":"en_US","og_type":"article","og_title":"Konnektivit\u00e4t und Asset-Management - Alimak Switzerland","og_url":"https:\/\/alimak.com\/ch\/service-solutions\/connectivity-and-asset-management\/","og_site_name":"Alimak Switzerland","article_modified_time":"2021-01-21T05:22:18+00:00","twitter_card":"summary_large_image","schema":{"@context":"https:\/\/schema.org","@graph":[{"@type":"WebPage","@id":"https:\/\/alimak.com\/ch\/service-solutions\/connectivity-and-asset-management\/","url":"https:\/\/alimak.com\/ch\/service-solutions\/connectivity-and-asset-management\/","name":"Konnektivit\u00e4t und Asset-Management - Alimak Switzerland","isPartOf":{"@id":"https:\/\/alimak.com\/ch\/#website"},"datePublished":"2020-11-12T12:58:26+00:00","dateModified":"2021-01-21T05:22:18+00:00","breadcrumb":{"@id":"https:\/\/alimak.com\/ch\/service-solutions\/connectivity-and-asset-management\/#breadcrumb"},"inLanguage":"en-US","potentialAction":[{"@type":"ReadAction","target":["https:\/\/alimak.com\/ch\/service-solutions\/connectivity-and-asset-management\/"]}]},{"@type":"BreadcrumbList","@id":"https:\/\/alimak.com\/ch\/service-solutions\/connectivity-and-asset-management\/#breadcrumb","itemListElement":[{"@type":"ListItem","position":1,"name":"Startseite","item":"https:\/\/alimak.com\/ch\/"},{"@type":"ListItem","position":2,"name":"Service &#038; Support","item":"https:\/\/alimak.com\/ch\/service-solutions\/"},{"@type":"ListItem","position":3,"name":"Konnektivit\u00e4t und Asset-Management"}]},{"@type":"WebSite","@id":"https:\/\/alimak.com\/ch\/#website","url":"https:\/\/alimak.com\/ch\/","name":"Alimak Switzerland","description":"Weltweit f\u00fchrend bei H\u00f6henzugangsl\u00f6sungen","potentialAction":[{"@type":"SearchAction","target":{"@type":"EntryPoint","urlTemplate":"https:\/\/alimak.com\/ch\/?s={search_term_string}"},"query-input":{"@type":"PropertyValueSpecification","valueRequired":true,"valueName":"search_term_string"}}],"inLanguage":"en-US"}]}},"_links":{"self":[{"href":"https:\/\/alimak.com\/ch\/wp-json\/wp\/v2\/pages\/205","targetHints":{"allow":["GET"]}}],"collection":[{"href":"https:\/\/alimak.com\/ch\/wp-json\/wp\/v2\/pages"}],"about":[{"href":"https:\/\/alimak.com\/ch\/wp-json\/wp\/v2\/types\/page"}],"author":[{"embeddable":true,"href":"https:\/\/alimak.com\/ch\/wp-json\/wp\/v2\/users\/1"}],"replies":[{"embeddable":true,"href":"https:\/\/alimak.com\/ch\/wp-json\/wp\/v2\/comments?post=205"}],"version-history":[{"count":3,"href":"https:\/\/alimak.com\/ch\/wp-json\/wp\/v2\/pages\/205\/revisions"}],"predecessor-version":[{"id":2495,"href":"https:\/\/alimak.com\/ch\/wp-json\/wp\/v2\/pages\/205\/revisions\/2495"}],"up":[{"embeddable":true,"href":"https:\/\/alimak.com\/ch\/wp-json\/wp\/v2\/pages\/203"}],"wp:attachment":[{"href":"https:\/\/alimak.com\/ch\/wp-json\/wp\/v2\/media?parent=205"}],"curies":[{"name":"wp","href":"https:\/\/api.w.org\/{rel}","templated":true}]}}