{"id":207,"date":"2020-11-12T12:59:20","date_gmt":"2020-11-12T12:59:20","guid":{"rendered":"https:\/\/alimak.wpengine.com\/?page_id=207"},"modified":"2021-01-21T04:57:16","modified_gmt":"2021-01-21T04:57:16","slug":"financing-solutions","status":"publish","type":"page","link":"https:\/\/alimak.com\/ch\/service-solutions\/financing-solutions\/","title":{"rendered":"FINANZIERUNGSL\u00d6SUNGEN"},"content":{"rendered":"\n<article class=\"m33 break-out\" id=\"block_5fad4e4e13f69\" data-animate-container>\n\n  <nav id=\"breadcrumbs\"><div class=\"container\"><span><span><a href=\"https:\/\/alimak.com\/ch\/\">Startseite<\/a><\/span><\/span><\/div><\/nav>\n  <div class=\"container m33__container\">\n\t\t\n\t\t\t\t\t<h1 class=\"m33__heading uppercase  \" data-animate>FINANZIERUNGSL\u00d6SUNGEN<\/h1>\n\t\t\t\t\n\t\t  <\/div>\n\n<\/article>\n\n\n\n\n<div style=\"height:100px\" aria-hidden=\"true\" class=\"wp-block-spacer\"><\/div>\n\n\n\n<div class=\"wp-block-group has-light-grey-background-color has-background\"><div class=\"wp-block-group__inner-container is-layout-flow wp-block-group-is-layout-flow\">\n<article class=\"m17 break-out\" id=\"block_5fbd069b45f12\" data-animate-container>\n  <div class=\"container m17__container\">\n\n    <div class=\"m17__introduction large\">\n                    <div class=\"m17__text\" data-animate>\n          <p style=\"text-align: center\">Alimak bietet eine Reihe ma\u00dfgeschneiderter Finanzierungsl\u00f6sungen an, die von Zahlungsaufschub, Exportfinanzierung bis hin zum Finanzierungsleasing reichen.<\/p>\n        <\/div>\n          <\/div>\n\n    \n      <article class=\"m17__block\" data-animate data-delay=\"0\">\n\n                  <div class=\"m17__content\">\n\n                          <h3 class=\"m17__title uppercase h4\">FINANZIERUNGSLEASING<\/h3>\n              <p>Alimak bietet \u00fcber seine Leasingpartner Leasingl\u00f6sungen an, die einen Gro\u00dfteil unserer globalen Pr\u00e4senz abdecken. Je nach Land und Ausr\u00fcstung kann Alimak die spezifischen Anforderungen Ihres Unternehmens erf\u00fcllen und eine Komplettl\u00f6sung f\u00fcr Ausr\u00fcstung, Finanzierung und Wartung zusammenstellen.<\/p>\n\n          <\/div>\n                \n                  <div class=\"m17__media\">\n            <img src=https:\/\/alimak.com\/ch\/wp-content\/uploads\/sites\/34\/2020\/11\/Financing-solutions-Hero-image.jpg  class=\"m17__image\" alt=\"\" width=\"666\" height=\"592\">          <\/div>\n        \n      <\/article>\n\n      \n      <article class=\"m17__block\" data-animate data-delay=\"150\">\n\n                  <div class=\"m17__content\">\n\n                          <h3 class=\"m17__title uppercase h4\">HANDELS- UND EXPORTFINANZIERUNG<\/h3>\n              <p>Alimaks Expertenteam f\u00fcr Handels- und Exportfinanzierung bietet Ihnen zusammen mit dem Zugriff auf ein gro\u00dfes Bankennetzwerk die Gewissheit, dass die Verwaltung zahlreicher Transaktionen m\u00f6glich ist.<\/p>\n<p>Wenn Sie mehr erfahren m\u00f6chten oder Fragen zur Finanzierung haben, setzen Sie sich bitte mit uns in Verbindung.<\/p>\n\n          <\/div>\n                \n                  <div class=\"m17__media\">\n            <img src=https:\/\/alimak.com\/ch\/wp-content\/uploads\/sites\/34\/2020\/11\/Cement-Hero.jpg  class=\"m17__image\" alt=\"\" width=\"666\" height=\"592\">          <\/div>\n        \n      <\/article>\n\n      \n  <\/div>\n<\/article><\/div><\/div>\n\n\n\n<article class=\"m08 break-out\" id=\"block_5fd931ae16a23\" data-animate-container>\n  <div class=\"container m08__container\">\n\n          <div class=\"m08__block m08__block--one\">\n        <div class=\"m08__content\">\n\n                      <h2 class=\"m08__heading uppercase h3\" data-animate>Kontaktieren Sie uns f\u00fcr weitere Informationen oder ein Angebot<\/h2>\n          \n                      <div class=\"m08__text\" data-animate>\n              <p>Ben\u00f6tigen Sie Hilfe bei der Produktauswahl f\u00fcr ein bevorstehendes Projekt? Wenden Sie sich an unsere Produktexperten, um Informationen zu den verf\u00fcgbaren H\u00f6henzugangsl\u00f6sungen und ein Angebot zu erhalten, das den Anforderungen Ihres Projekts entspricht.<\/p>\n            <\/div>\n          \n                      <a\n            data-animate\n            href=\"https:\/\/alimak.com\/de\/request-a-quote\"\n            class=\"m08__button button button--outline button--white\"\n            target=\"_self\">\n              ANGEBOT ANFORDERN            <\/a>\n          \n        <\/div>\n      <\/div>\n    \n          <div class=\"m08__block m08__block--two\">\n        <div class=\"m08__content\">\n\n                      <h2 class=\"m08__heading uppercase h3\" data-animate>Finden sie einen Handelsvertreter vor Ort<\/h2>\n          \n                      <div class=\"m08__text\" data-animate>\n              <p>Alimak ist auf sechs Kontinenten vertreten und nutzt ein globales Netzwerk, um H\u00f6henzugangsl\u00f6sungen f\u00fcr eine Vielzahl von Anwendungen auf Bau- und Industriestandorten auf der ganzen Welt bereitzustellen. Kontaktieren Sie uns, um einen Vertreter vor Ort aus dem globalen Netzwerk von Alimak zu finden.<\/p>\n            <\/div>\n          \n                      <a\n            data-animate\n            href=\"\/de\/locations\"\n            class=\"m08__button button\"\n            target=\"_self\">\n              VERZEICHNIS DURCHSUCHEN            <\/a>\n          \n        <\/div>\n      <\/div>\n        \n  <\/div>\n<\/article>\n\n\n\n<div style=\"height:100px\" aria-hidden=\"true\" class=\"wp-block-spacer\"><\/div>\n","protected":false},"excerpt":{"rendered":"","protected":false},"author":1,"featured_media":0,"parent":203,"menu_order":0,"comment_status":"closed","ping_status":"closed","template":"","meta":{"_trash_the_other_posts":false,"editor_notices":[],"footnotes":""},"class_list":["post-207","page","type-page","status-publish","hentry"],"yoast_head":"<!-- This site is optimized with the Yoast SEO plugin v27.3 - https:\/\/yoast.com\/product\/yoast-seo-wordpress\/ -->\n<title>FINANZIERUNGSL\u00d6SUNGEN - Alimak Switzerland<\/title>\n<meta name=\"robots\" content=\"index, follow, max-snippet:-1, max-image-preview:large, max-video-preview:-1\" \/>\n<link rel=\"canonical\" href=\"https:\/\/alimak.com\/ch\/service-solutions\/financing-solutions\/\" \/>\n<meta property=\"og:locale\" content=\"en_US\" \/>\n<meta property=\"og:type\" content=\"article\" \/>\n<meta property=\"og:title\" content=\"FINANZIERUNGSL\u00d6SUNGEN - Alimak Switzerland\" \/>\n<meta property=\"og:url\" content=\"https:\/\/alimak.com\/ch\/service-solutions\/financing-solutions\/\" \/>\n<meta property=\"og:site_name\" content=\"Alimak Switzerland\" \/>\n<meta property=\"article:modified_time\" content=\"2021-01-21T04:57:16+00:00\" \/>\n<meta name=\"twitter:card\" content=\"summary_large_image\" \/>\n<script type=\"application\/ld+json\" class=\"yoast-schema-graph\">{\"@context\":\"https:\\\/\\\/schema.org\",\"@graph\":[{\"@type\":\"WebPage\",\"@id\":\"https:\\\/\\\/alimak.com\\\/ch\\\/service-solutions\\\/financing-solutions\\\/\",\"url\":\"https:\\\/\\\/alimak.com\\\/ch\\\/service-solutions\\\/financing-solutions\\\/\",\"name\":\"FINANZIERUNGSL\u00d6SUNGEN - Alimak Switzerland\",\"isPartOf\":{\"@id\":\"https:\\\/\\\/alimak.com\\\/ch\\\/#website\"},\"datePublished\":\"2020-11-12T12:59:20+00:00\",\"dateModified\":\"2021-01-21T04:57:16+00:00\",\"breadcrumb\":{\"@id\":\"https:\\\/\\\/alimak.com\\\/ch\\\/service-solutions\\\/financing-solutions\\\/#breadcrumb\"},\"inLanguage\":\"en-US\",\"potentialAction\":[{\"@type\":\"ReadAction\",\"target\":[\"https:\\\/\\\/alimak.com\\\/ch\\\/service-solutions\\\/financing-solutions\\\/\"]}]},{\"@type\":\"BreadcrumbList\",\"@id\":\"https:\\\/\\\/alimak.com\\\/ch\\\/service-solutions\\\/financing-solutions\\\/#breadcrumb\",\"itemListElement\":[{\"@type\":\"ListItem\",\"position\":1,\"name\":\"Startseite\",\"item\":\"https:\\\/\\\/alimak.com\\\/ch\\\/\"},{\"@type\":\"ListItem\",\"position\":2,\"name\":\"Service &#038; Support\",\"item\":\"https:\\\/\\\/alimak.com\\\/ch\\\/service-solutions\\\/\"},{\"@type\":\"ListItem\",\"position\":3,\"name\":\"FINANZIERUNGSL\u00d6SUNGEN\"}]},{\"@type\":\"WebSite\",\"@id\":\"https:\\\/\\\/alimak.com\\\/ch\\\/#website\",\"url\":\"https:\\\/\\\/alimak.com\\\/ch\\\/\",\"name\":\"Alimak Switzerland\",\"description\":\"Weltweit f\u00fchrend bei H\u00f6henzugangsl\u00f6sungen\",\"potentialAction\":[{\"@type\":\"SearchAction\",\"target\":{\"@type\":\"EntryPoint\",\"urlTemplate\":\"https:\\\/\\\/alimak.com\\\/ch\\\/?s={search_term_string}\"},\"query-input\":{\"@type\":\"PropertyValueSpecification\",\"valueRequired\":true,\"valueName\":\"search_term_string\"}}],\"inLanguage\":\"en-US\"}]}<\/script>\n<!-- \/ Yoast SEO plugin. -->","yoast_head_json":{"title":"FINANZIERUNGSL\u00d6SUNGEN - Alimak Switzerland","robots":{"index":"index","follow":"follow","max-snippet":"max-snippet:-1","max-image-preview":"max-image-preview:large","max-video-preview":"max-video-preview:-1"},"canonical":"https:\/\/alimak.com\/ch\/service-solutions\/financing-solutions\/","og_locale":"en_US","og_type":"article","og_title":"FINANZIERUNGSL\u00d6SUNGEN - Alimak Switzerland","og_url":"https:\/\/alimak.com\/ch\/service-solutions\/financing-solutions\/","og_site_name":"Alimak Switzerland","article_modified_time":"2021-01-21T04:57:16+00:00","twitter_card":"summary_large_image","schema":{"@context":"https:\/\/schema.org","@graph":[{"@type":"WebPage","@id":"https:\/\/alimak.com\/ch\/service-solutions\/financing-solutions\/","url":"https:\/\/alimak.com\/ch\/service-solutions\/financing-solutions\/","name":"FINANZIERUNGSL\u00d6SUNGEN - Alimak Switzerland","isPartOf":{"@id":"https:\/\/alimak.com\/ch\/#website"},"datePublished":"2020-11-12T12:59:20+00:00","dateModified":"2021-01-21T04:57:16+00:00","breadcrumb":{"@id":"https:\/\/alimak.com\/ch\/service-solutions\/financing-solutions\/#breadcrumb"},"inLanguage":"en-US","potentialAction":[{"@type":"ReadAction","target":["https:\/\/alimak.com\/ch\/service-solutions\/financing-solutions\/"]}]},{"@type":"BreadcrumbList","@id":"https:\/\/alimak.com\/ch\/service-solutions\/financing-solutions\/#breadcrumb","itemListElement":[{"@type":"ListItem","position":1,"name":"Startseite","item":"https:\/\/alimak.com\/ch\/"},{"@type":"ListItem","position":2,"name":"Service &#038; Support","item":"https:\/\/alimak.com\/ch\/service-solutions\/"},{"@type":"ListItem","position":3,"name":"FINANZIERUNGSL\u00d6SUNGEN"}]},{"@type":"WebSite","@id":"https:\/\/alimak.com\/ch\/#website","url":"https:\/\/alimak.com\/ch\/","name":"Alimak Switzerland","description":"Weltweit f\u00fchrend bei H\u00f6henzugangsl\u00f6sungen","potentialAction":[{"@type":"SearchAction","target":{"@type":"EntryPoint","urlTemplate":"https:\/\/alimak.com\/ch\/?s={search_term_string}"},"query-input":{"@type":"PropertyValueSpecification","valueRequired":true,"valueName":"search_term_string"}}],"inLanguage":"en-US"}]}},"_links":{"self":[{"href":"https:\/\/alimak.com\/ch\/wp-json\/wp\/v2\/pages\/207","targetHints":{"allow":["GET"]}}],"collection":[{"href":"https:\/\/alimak.com\/ch\/wp-json\/wp\/v2\/pages"}],"about":[{"href":"https:\/\/alimak.com\/ch\/wp-json\/wp\/v2\/types\/page"}],"author":[{"embeddable":true,"href":"https:\/\/alimak.com\/ch\/wp-json\/wp\/v2\/users\/1"}],"replies":[{"embeddable":true,"href":"https:\/\/alimak.com\/ch\/wp-json\/wp\/v2\/comments?post=207"}],"version-history":[{"count":1,"href":"https:\/\/alimak.com\/ch\/wp-json\/wp\/v2\/pages\/207\/revisions"}],"predecessor-version":[{"id":2351,"href":"https:\/\/alimak.com\/ch\/wp-json\/wp\/v2\/pages\/207\/revisions\/2351"}],"up":[{"embeddable":true,"href":"https:\/\/alimak.com\/ch\/wp-json\/wp\/v2\/pages\/203"}],"wp:attachment":[{"href":"https:\/\/alimak.com\/ch\/wp-json\/wp\/v2\/media?parent=207"}],"curies":[{"name":"wp","href":"https:\/\/api.w.org\/{rel}","templated":true}]}}