{"id":208,"date":"2020-11-12T13:02:38","date_gmt":"2020-11-12T13:02:38","guid":{"rendered":"https:\/\/alimak.wpengine.com\/?page_id=208"},"modified":"2023-08-23T13:15:01","modified_gmt":"2023-08-23T13:15:01","slug":"about-us","status":"publish","type":"page","link":"https:\/\/alimak.com\/ch\/about-us\/","title":{"rendered":"\u00dcber uns"},"content":{"rendered":"\n<article class=\"m33 break-out\" id=\"block_5fad342359fb2\" data-animate-container>\n\n  <nav id=\"breadcrumbs\"><div class=\"container\"><span><span><a href=\"https:\/\/alimak.com\/ch\/\">Startseite<\/a><\/span><\/span><\/div><\/nav>\n  <div class=\"container m33__container\">\n\t\t\n\t\t\t\t\t<h1 class=\"m33__heading uppercase  \" data-animate>\u00dcber uns<\/h1>\n\t\t\t\t\n\t\t  <\/div>\n\n<\/article>\n\n\n\n\n<div style=\"height:100px\" aria-hidden=\"true\" class=\"wp-block-spacer\"><\/div>\n\n\n\n<div class=\"wp-block-group has-light-grey-background-color has-background\"><div class=\"wp-block-group__inner-container is-layout-flow wp-block-group-is-layout-flow\">\n<article class=\"m28 break-out\" id=\"block_5fad343659fb3\" data-animate-container>\n  <div class=\"container\">\n\n          <div class=\"m28__content\" data-animate><p>Alimak ist weltweit f\u00fchrend und Vorreiter bei der Entwicklung und Herstellung von H\u00f6henzugangsl\u00f6sungen f\u00fcr die Industrie- und Baubranche. Wir bieten f\u00fcr den permanenten und tempor\u00e4ren Einsatz hochwertige Bauaufz\u00fcge und Transportb\u00fchnen, die auf Zahnstangen-\/Ritzel- und Traktionstechnologien basieren..<\/p>\n<p>Alimak ist seit \u00fcber 70 Jahren Vorreiter in der H\u00f6henzugangsbranche und bietet weitreichende H\u00f6henzugangsl\u00f6sungen, die auf die spezifischen Anforderungen einer Reihe von Branchen zugeschnitten sind.<\/p>\n<p>Alimak steht f\u00fcr Effizienzsteigerung und hat weltweit \u00fcber 23.000 H\u00f6henzugangsl\u00f6sungen f\u00fcr die unterschiedlichsten Branchen installiert.<\/p>\n<p>Es ist kein Zufall, dass Alimak zum weltweit f\u00fchrenden Namen f\u00fcr Bauaufz\u00fcge, Industrieaufz\u00fcge, mastgef\u00fchrten Kletterb\u00fchnen, Transportb\u00fchnen und Materialaufz\u00fcge f\u00fcr tempor\u00e4re und permanente Installationen geworden ist. Es ist vielmehr das Ergebnis eines uneingeschr\u00e4nkten Engagements, die Erwartungen jedes einzelnen Kunden immer wieder zu \u00fcbertreffen.<\/p>\n<\/div>\n    \n          <div class=\"m28__media\">\n        <img src=https:\/\/alimak.com\/ch\/wp-content\/uploads\/sites\/34\/2020\/11\/About-us-hero.jpg  class=\"m28__image\" alt=\"\" width=\"666\" height=\"592\">      <\/div>\n    \n  <\/div>\n<\/article>\n<\/div><\/div>\n\n\n\n<article class=\"m17 break-out\" id=\"block_5fad34a259fb5\" data-animate-container>\n  <div class=\"container m17__container\">\n\n    <div class=\"m17__introduction large\">\n                <\/div>\n\n    \n      <article class=\"m17__block\" data-animate data-delay=\"0\">\n\n                  <div class=\"m17__content\">\n\n                          <h3 class=\"m17__title uppercase h4\">Eine nachhaltige Entscheidung<\/h3>\n              <p>Die H\u00f6henzugangsl\u00f6sungen von Alimak werden h\u00e4ufig in schwierigen Umgebungen eingesetzt, die intensiven Bedingungen, bedingt durch Hitze, K\u00e4lte, Vibrationen und Partikeln wie Sand, Staub oder Salz ausgesetzt sind. Trotz alledem muss die Anlage Tag f\u00fcr Tag und Jahr f\u00fcr Jahr sicher funktionieren. Die hochwertigen Produkte von Alimak sind auf lange Lebensdauer ausgelegt, wodurch die Umweltbelastung verringert, und die Effizienz und Produktivit\u00e4t gesteigert werden, was im Laufe der Zeit zu einer Reduzierung der Rohstoffe f\u00fchrt.<\/p>\n<p>&nbsp;<\/p>\n<p>Die Gew\u00e4hrleistung eines nachhaltigen Betriebs ist ein zentraler Bestandteil der Bereitstellung weltweit f\u00fchrender H\u00f6henzugangsl\u00f6sungen aus \u00f6kologischer, sozialer und wirtschaftlicher Sicht, die in der gesamten Wertsch\u00f6pfungskette im Vordergrund stehen. Mit ihrem Engagement f\u00fcr das T\u00e4tigkeitsumfeld zielt Alimak darauf ab, negative Auswirkungen zu minimieren.<\/p>\n\n          <\/div>\n                \n                  <div class=\"m17__media\">\n            <img src=https:\/\/alimak.com\/ch\/wp-content\/uploads\/sites\/34\/2020\/11\/Homepage_6.jpg  class=\"m17__image\" alt=\"\" width=\"240\" height=\"240\">          <\/div>\n        \n      <\/article>\n\n      \n      <article class=\"m17__block\" data-animate data-delay=\"150\">\n\n                  <div class=\"m17__content\">\n\n                          <h3 class=\"m17__title uppercase h4\">Sicherheit hat Vorrang<\/h3>\n              <p>Alimak gew\u00e4hrleistet ein H\u00f6chstma\u00df an Sicherheit bei den Arbeitsbedingungen in jeder Phase der Entwicklung, der Herstellung und der fortlaufenden Verwendung von Produkten. Alimak-Aufz\u00fcge verf\u00fcgen \u00fcber eine Vielzahl von Sicherheitsmerkmalen, die f\u00fcr die Umsetzung dieses Engagements in reale Anwendungen von zentraler Bedeutung sind. Zu den Sicherheitsmerkmalen der L\u00f6sungen von Alimak geh\u00f6ren Sicherheitsvorrichtungen zur Erfassung von \u00dcberlastungen, Relais f\u00fcr Phasenfehler, Kabinenrahmen und Maschinenplatten mit Sicherheitshaken, elektrische und mechanische Systeme zum Verriegeln von T\u00fcren, automatischer Stopp f\u00fcr obere und untere Haltestelle sowie Pufferfedern, die sich unterhalb der unteren Haltestelle befinden.<\/p>\n<p>Alimak ist Ihr zuverl\u00e4ssiger Partner, der sich f\u00fcr Sie einsetzt und Ihnen die sichersten und zuverl\u00e4ssigsten Produkte bietet. Dazu geh\u00f6rt auch der Service von Fachleuten vor Ort, die Ihre Bed\u00fcrfnisse verstehen und Ihnen konsequent und professionell zur Seite stehen.<\/p>\n\n          <\/div>\n                \n                  <div class=\"m17__media\">\n            <img src=https:\/\/alimak.com\/ch\/wp-content\/uploads\/sites\/34\/2020\/11\/Homepage_1-1024x455.jpg  class=\"m17__image\" alt=\"\" width=\"1024\" height=\"455\">          <\/div>\n        \n      <\/article>\n\n      \n  <\/div>\n<\/article>\n\n\n<div class=\"wp-block-group has-light-grey-background-color has-background\"><div class=\"wp-block-group__inner-container is-layout-flow wp-block-group-is-layout-flow\">\n<article class=\"m02 break-out\" id=\"block_5fad34f559fb8\" data-animate-container>\n  <div class=\"container\" data-animate>\n    <p style=\"text-align: center\"><strong>Ein Teil der Alimak-Gruppe<\/strong><\/p>\n<p style=\"text-align: center\">Alimak geh\u00f6rt zur Alimak-Gruppe. Neben Alimak werden die Produkte und Servicel\u00f6sungen der Alimak-Gruppe unter den Handelsmarken Scanclimber, Tractel, CoxGomyl, Manntech und Avanti.<\/p>\n<p style=\"text-align: center\">Weitere Informationen finden Sie unter <a href=\"https:\/\/alimakgroup.com\" target=\"_blank\" rel=\"noopener\">alimakgroup.com<\/a><\/p>\n  <\/div>\n<\/article><\/div><\/div>\n\n\n\n<div style=\"height:100px\" aria-hidden=\"true\" class=\"wp-block-spacer\"><\/div>\n\n\n\n<article class=\"m08 break-out\" id=\"block_5fad353a59fb9\" data-animate-container>\n  <div class=\"container m08__container\">\n\n          <div class=\"m08__block m08__block--one\">\n        <div class=\"m08__content\">\n\n                      <h2 class=\"m08__heading uppercase h3\" data-animate>Kontaktieren Sie uns f\u00fcr weitere Informationen oder ein Angebot<\/h2>\n          \n                      <div class=\"m08__text\" data-animate>\n              <p>Ben\u00f6tigen Sie Hilfe bei der Produktauswahl f\u00fcr ein bevorstehendes Projekt? Wenden Sie sich an unsere Produktexperten, um Informationen zu den verf\u00fcgbaren H\u00f6henzugangsl\u00f6sungen und ein Angebot zu erhalten, das den Anforderungen Ihres Projekts entspricht.<\/p>\n            <\/div>\n          \n                      <a\n            data-animate\n            href=\"https:\/\/alimak.com\/de\/request-a-quote\"\n            class=\"m08__button button button--outline button--white\"\n            target=\"_self\">\n              ANGEBOT ANFORDERN            <\/a>\n          \n        <\/div>\n      <\/div>\n    \n          <div class=\"m08__block m08__block--two\">\n        <div class=\"m08__content\">\n\n                      <h2 class=\"m08__heading uppercase h3\" data-animate>Finden sie einen Handelsvertreter vor Ort<\/h2>\n          \n                      <div class=\"m08__text\" data-animate>\n              <p>Alimak ist auf sechs Kontinenten vertreten und nutzt ein globales Netzwerk, um H\u00f6henzugangsl\u00f6sungen f\u00fcr eine Vielzahl von Anwendungen auf Bau- und Industriestandorten auf der ganzen Welt bereitzustellen. Kontaktieren Sie uns, um einen Vertreter vor Ort aus dem globalen Netzwerk von Alimak zu finden.<\/p>\n            <\/div>\n          \n                      <a\n            data-animate\n            href=\"\/de\/locations\"\n            class=\"m08__button button\"\n            target=\"_self\">\n              VERZEICHNIS DURCHSUCHEN            <\/a>\n          \n        <\/div>\n      <\/div>\n        \n  <\/div>\n<\/article>\n\n\n\n<div style=\"height:100px\" aria-hidden=\"true\" class=\"wp-block-spacer\"><\/div>\n","protected":false},"excerpt":{"rendered":"","protected":false},"author":1,"featured_media":0,"parent":0,"menu_order":0,"comment_status":"closed","ping_status":"closed","template":"","meta":{"_trash_the_other_posts":false,"editor_notices":[],"footnotes":""},"class_list":["post-208","page","type-page","status-publish","hentry"],"yoast_head":"<!-- This site is optimized with the Yoast SEO plugin v27.3 - https:\/\/yoast.com\/product\/yoast-seo-wordpress\/ -->\n<title>\u00dcber uns - Alimak Switzerland<\/title>\n<meta name=\"robots\" content=\"index, follow, max-snippet:-1, max-image-preview:large, max-video-preview:-1\" \/>\n<link rel=\"canonical\" href=\"https:\/\/alimak.com\/ch\/about-us\/\" \/>\n<meta property=\"og:locale\" content=\"en_US\" \/>\n<meta property=\"og:type\" content=\"article\" \/>\n<meta property=\"og:title\" content=\"\u00dcber uns - Alimak Switzerland\" \/>\n<meta property=\"og:url\" content=\"https:\/\/alimak.com\/ch\/about-us\/\" \/>\n<meta property=\"og:site_name\" content=\"Alimak Switzerland\" \/>\n<meta property=\"article:modified_time\" content=\"2023-08-23T13:15:01+00:00\" \/>\n<meta name=\"twitter:card\" content=\"summary_large_image\" \/>\n<script type=\"application\/ld+json\" class=\"yoast-schema-graph\">{\"@context\":\"https:\\\/\\\/schema.org\",\"@graph\":[{\"@type\":\"WebPage\",\"@id\":\"https:\\\/\\\/alimak.com\\\/ch\\\/about-us\\\/\",\"url\":\"https:\\\/\\\/alimak.com\\\/ch\\\/about-us\\\/\",\"name\":\"\u00dcber uns - Alimak Switzerland\",\"isPartOf\":{\"@id\":\"https:\\\/\\\/alimak.com\\\/ch\\\/#website\"},\"datePublished\":\"2020-11-12T13:02:38+00:00\",\"dateModified\":\"2023-08-23T13:15:01+00:00\",\"breadcrumb\":{\"@id\":\"https:\\\/\\\/alimak.com\\\/ch\\\/about-us\\\/#breadcrumb\"},\"inLanguage\":\"en-US\",\"potentialAction\":[{\"@type\":\"ReadAction\",\"target\":[\"https:\\\/\\\/alimak.com\\\/ch\\\/about-us\\\/\"]}]},{\"@type\":\"BreadcrumbList\",\"@id\":\"https:\\\/\\\/alimak.com\\\/ch\\\/about-us\\\/#breadcrumb\",\"itemListElement\":[{\"@type\":\"ListItem\",\"position\":1,\"name\":\"Startseite\",\"item\":\"https:\\\/\\\/alimak.com\\\/ch\\\/\"},{\"@type\":\"ListItem\",\"position\":2,\"name\":\"\u00dcber uns\"}]},{\"@type\":\"WebSite\",\"@id\":\"https:\\\/\\\/alimak.com\\\/ch\\\/#website\",\"url\":\"https:\\\/\\\/alimak.com\\\/ch\\\/\",\"name\":\"Alimak Switzerland\",\"description\":\"Weltweit f\u00fchrend bei H\u00f6henzugangsl\u00f6sungen\",\"potentialAction\":[{\"@type\":\"SearchAction\",\"target\":{\"@type\":\"EntryPoint\",\"urlTemplate\":\"https:\\\/\\\/alimak.com\\\/ch\\\/?s={search_term_string}\"},\"query-input\":{\"@type\":\"PropertyValueSpecification\",\"valueRequired\":true,\"valueName\":\"search_term_string\"}}],\"inLanguage\":\"en-US\"}]}<\/script>\n<!-- \/ Yoast SEO plugin. -->","yoast_head_json":{"title":"\u00dcber uns - Alimak Switzerland","robots":{"index":"index","follow":"follow","max-snippet":"max-snippet:-1","max-image-preview":"max-image-preview:large","max-video-preview":"max-video-preview:-1"},"canonical":"https:\/\/alimak.com\/ch\/about-us\/","og_locale":"en_US","og_type":"article","og_title":"\u00dcber uns - Alimak Switzerland","og_url":"https:\/\/alimak.com\/ch\/about-us\/","og_site_name":"Alimak Switzerland","article_modified_time":"2023-08-23T13:15:01+00:00","twitter_card":"summary_large_image","schema":{"@context":"https:\/\/schema.org","@graph":[{"@type":"WebPage","@id":"https:\/\/alimak.com\/ch\/about-us\/","url":"https:\/\/alimak.com\/ch\/about-us\/","name":"\u00dcber uns - Alimak Switzerland","isPartOf":{"@id":"https:\/\/alimak.com\/ch\/#website"},"datePublished":"2020-11-12T13:02:38+00:00","dateModified":"2023-08-23T13:15:01+00:00","breadcrumb":{"@id":"https:\/\/alimak.com\/ch\/about-us\/#breadcrumb"},"inLanguage":"en-US","potentialAction":[{"@type":"ReadAction","target":["https:\/\/alimak.com\/ch\/about-us\/"]}]},{"@type":"BreadcrumbList","@id":"https:\/\/alimak.com\/ch\/about-us\/#breadcrumb","itemListElement":[{"@type":"ListItem","position":1,"name":"Startseite","item":"https:\/\/alimak.com\/ch\/"},{"@type":"ListItem","position":2,"name":"\u00dcber uns"}]},{"@type":"WebSite","@id":"https:\/\/alimak.com\/ch\/#website","url":"https:\/\/alimak.com\/ch\/","name":"Alimak Switzerland","description":"Weltweit f\u00fchrend bei H\u00f6henzugangsl\u00f6sungen","potentialAction":[{"@type":"SearchAction","target":{"@type":"EntryPoint","urlTemplate":"https:\/\/alimak.com\/ch\/?s={search_term_string}"},"query-input":{"@type":"PropertyValueSpecification","valueRequired":true,"valueName":"search_term_string"}}],"inLanguage":"en-US"}]}},"_links":{"self":[{"href":"https:\/\/alimak.com\/ch\/wp-json\/wp\/v2\/pages\/208","targetHints":{"allow":["GET"]}}],"collection":[{"href":"https:\/\/alimak.com\/ch\/wp-json\/wp\/v2\/pages"}],"about":[{"href":"https:\/\/alimak.com\/ch\/wp-json\/wp\/v2\/types\/page"}],"author":[{"embeddable":true,"href":"https:\/\/alimak.com\/ch\/wp-json\/wp\/v2\/users\/1"}],"replies":[{"embeddable":true,"href":"https:\/\/alimak.com\/ch\/wp-json\/wp\/v2\/comments?post=208"}],"version-history":[{"count":5,"href":"https:\/\/alimak.com\/ch\/wp-json\/wp\/v2\/pages\/208\/revisions"}],"predecessor-version":[{"id":4702,"href":"https:\/\/alimak.com\/ch\/wp-json\/wp\/v2\/pages\/208\/revisions\/4702"}],"wp:attachment":[{"href":"https:\/\/alimak.com\/ch\/wp-json\/wp\/v2\/media?parent=208"}],"curies":[{"name":"wp","href":"https:\/\/api.w.org\/{rel}","templated":true}]}}