{"id":209,"date":"2020-11-12T13:03:06","date_gmt":"2020-11-12T13:03:06","guid":{"rendered":"https:\/\/alimak.wpengine.com\/?page_id=209"},"modified":"2023-12-14T13:48:15","modified_gmt":"2023-12-14T13:48:15","slug":"quality-certifications","status":"publish","type":"page","link":"https:\/\/alimak.com\/ch\/about-us\/quality-certifications\/","title":{"rendered":"Qualit\u00e4tszertifizierungen"},"content":{"rendered":"\n<article class=\"m11 break-out\" id=\"block_5fbd040c34e31\" data-animate-container>\n\n  <nav id=\"breadcrumbs\"><div class=\"container\" data-animate><span><span><a href=\"https:\/\/alimak.com\/ch\/\">Startseite<\/a><\/span><\/span><\/div><\/nav>\n  <div class=\"m11__wrapper\">\n    <div class=\"container m11__container\">\n\n      <div class=\"m11__content\">\n\n                  <h1 class=\"m11__heading uppercase\" data-animate>Qualit\u00e4ts-zertifizierungen<\/h1>\n        \n                  <div class=\"m11__text\" data-animate>\n            <p>Alimak ist seit 1993 nach der internationalen Qualit\u00e4tsnorm ISO zertifiziert. Alimak sorgt daf\u00fcr, dass ihre Zertifizierungen weltweit beibehalten werden und ist bestrebt, die Anforderungen dieser Normen bei der Lieferung von Waren und Dienstleistungen zu \u00fcbertreffen. Diese Bem\u00fchungen dehnen wir auch auf die Lieferanten aus, mit denen wir zusammenarbeiten. Alimak erf\u00fcllt und \u00fcbertrifft vielfach die extremen Anforderungen, die in speziellen Projekten gestellt werden und von unabh\u00e4ngigen Instanzen wie Lloyds, DNV und ABS verifiziert werden.<\/p>\n          <\/div>\n        \n        \n      <\/div>\n\n              <div class=\"m11__media\">\n          <img src=https:\/\/alimak.com\/ch\/wp-content\/uploads\/sites\/34\/2020\/11\/Quality-Certifications-Hero-image-1.jpg srcset=\"https:\/\/alimak.com\/ch\/wp-content\/uploads\/sites\/34\/2020\/11\/Quality-Certifications-Hero-image-1.jpg 1x, https:\/\/alimak.com\/ch\/wp-content\/uploads\/sites\/34\/2020\/11\/Quality-Certifications-Hero-image-1.jpg 2x\" class=\"m11__image initial\" alt=\"\" width=\"666\" height=\"592\">        <\/div>\n      \n    <\/div>\n  <\/div>\n<\/article>\n\n\n\n\n<div style=\"height:100px\" aria-hidden=\"true\" class=\"wp-block-spacer\"><\/div>\n\n\n\n<article class=\"m31 break-out\" id=\"block_5fad3c4546455\" data-animate-container>\n  <div class=\"container\">\n\n    \n          <button type=\"button\" class=\"m31__accordion-button\" data-animate>\n        <i class=\"m31__accordion-icon\" aria-hidden=\"true\"><\/i>\n        <h3 class=\"m31__accordion-title uppercase h4\">Gesundheit und Sicherheit &#8211; ISO 45001-Zertifikate<\/h3>\n      <\/button>\n    \n    <div class=\"m31__accordion-wrapper\">\n      <div class=\"m31__accordion-content\">\n\n        \n                  <ul class=\"m31__accordion-downloads no-list\">\n\n            \n\t\t\t\t\t\t\t<li class=\"m31__accordion-download-item\">\n\n\t\t\t\t\t\t\t\t\n\t\t\t\t\t\t\t\t<span class=\"m31__file-heading\">ISO 45001 &#8211; Alimak Group Sweden AB (Englisch)<\/span>\n\n\t\t\t\t\t\t\t\t\n\t\t\t\t\t\t\t\t\t\t\t\t\t\t\t\t\t<a\n\t\t\t\t\t\t\t\t\ttarget=\"_blank\"\n\t\t\t\t\t\t\t\t\trel=\"noopener noreferrer\"\n\t\t\t\t\t\t\t\t\tclass=\"m31__button button button--download\"\n\t\t\t\t\t\t\t\t\thref=\"https:\/\/alimak.com\/wp-content\/uploads\/2024\/09\/ISO-45001%E2%80%AF-Alimak%E2%80%AFGroup-Sweden%E2%80%AFAB-English.pdf\">\n\t\t\t\t\t\t\t\t\t\t<span>Download<\/span>\n\t\t\t\t\t\t\t\t\t\t<svg class=\"svg-icon svg-icon--icon-download\" aria-hidden=\"true\" role=\"img\"> <use href=\"#icon-download\" xlink:href=\"#icon-download\"><\/use> <\/svg>\t\t\t\t\t\t\t\t\t<\/a>\n\t\t\t\t\t\t\t\t\n\t\t\t\t\t\t\t\t\n\t\t\t\t\t\t\t<\/li>\n\n\t\t\t\t\t\t\t\n\t\t\t\t\t\t\t<li class=\"m31__accordion-download-item\">\n\n\t\t\t\t\t\t\t\t\n\t\t\t\t\t\t\t\t<span class=\"m31__file-heading\">ISO 45001 &#8211; Alimak Group Norway AS (Englisch)<\/span>\n\n\t\t\t\t\t\t\t\t\n\t\t\t\t\t\t\t\t\t\t\t\t\t\t\t\t\t<a\n\t\t\t\t\t\t\t\t\ttarget=\"_blank\"\n\t\t\t\t\t\t\t\t\trel=\"noopener noreferrer\"\n\t\t\t\t\t\t\t\t\tclass=\"m31__button button button--download\"\n\t\t\t\t\t\t\t\t\thref=\"https:\/\/alimak.com\/wp-content\/uploads\/2022\/02\/ISO-45001-10000328753-MSC-NA-NOR-1-eng.pdf\">\n\t\t\t\t\t\t\t\t\t\t<span>Download<\/span>\n\t\t\t\t\t\t\t\t\t\t<svg class=\"svg-icon svg-icon--icon-download\" aria-hidden=\"true\" role=\"img\"> <use href=\"#icon-download\" xlink:href=\"#icon-download\"><\/use> <\/svg>\t\t\t\t\t\t\t\t\t<\/a>\n\t\t\t\t\t\t\t\t\n\t\t\t\t\t\t\t\t\n\t\t\t\t\t\t\t<\/li>\n\n\t\t\t\t\t\t\t\n\t\t\t\t\t\t\t<li class=\"m31__accordion-download-item\">\n\n\t\t\t\t\t\t\t\t\n\t\t\t\t\t\t\t\t<span class=\"m31__file-heading\">OHSAS 18001 &#8211; Alimak Group VAE, China (Englisch)<\/span>\n\n\t\t\t\t\t\t\t\t\t\t\t\t\t\t\t\t\t<a\n\t\t\t\t\t\t\t\t\ttarget=\"_blank\"\n\t\t\t\t\t\t\t\t\trel=\"noopener noreferrer\"\n\t\t\t\t\t\t\t\t\tclass=\"m31__button button button--download\"\n\t\t\t\t\t\t\t\t\thref=\"https:\/\/alimak.com\/ch\/wp-content\/uploads\/sites\/34\/2020\/11\/OHSAS-18001-Alimak-Group-VAE-China-English.pdf\"\n\t\t\t\t\t\t\t\t\tdownload=\"OHSAS-18001-Alimak-Group-VAE-China-English.pdf\">\n\t\t\t\t\t\t\t\t\t\t<span>Download<\/span>\n\t\t\t\t\t\t\t\t\t\t<svg class=\"svg-icon svg-icon--icon-download\" aria-hidden=\"true\" role=\"img\"> <use href=\"#icon-download\" xlink:href=\"#icon-download\"><\/use> <\/svg>\t\t\t\t\t\t\t\t\t<\/a>\n\t\t\t\t\t\t\t\t\n\t\t\t\t\t\t\t\t\n\t\t\t\t\t\t\t\t\n\t\t\t\t\t\t\t<\/li>\n\n\t\t\t\t\t\t\t\n          <\/ul>\n        \n      <\/div>\n    <\/div>\n\n\t<\/div>\n\t\n\t<\/article>\n\n\n\n<article class=\"m31 break-out\" id=\"block_5fad41d8fae45\" data-animate-container>\n  <div class=\"container\">\n\n    \n          <button type=\"button\" class=\"m31__accordion-button\" data-animate>\n        <i class=\"m31__accordion-icon\" aria-hidden=\"true\"><\/i>\n        <h3 class=\"m31__accordion-title uppercase h4\">Qualit\u00e4t &#8211; ISO 9001-Zertifikate<\/h3>\n      <\/button>\n    \n    <div class=\"m31__accordion-wrapper\">\n      <div class=\"m31__accordion-content\">\n\n        \n                  <ul class=\"m31__accordion-downloads no-list\">\n\n            \n\t\t\t\t\t\t\t<li class=\"m31__accordion-download-item\">\n\n\t\t\t\t\t\t\t\t\n\t\t\t\t\t\t\t\t<span class=\"m31__file-heading\">ISO 9001 &#8211; Alimak Group Sweden AB (Englisch)<\/span>\n\n\t\t\t\t\t\t\t\t\n\t\t\t\t\t\t\t\t\t\t\t\t\t\t\t\t\t<a\n\t\t\t\t\t\t\t\t\ttarget=\"_blank\"\n\t\t\t\t\t\t\t\t\trel=\"noopener noreferrer\"\n\t\t\t\t\t\t\t\t\tclass=\"m31__button button button--download\"\n\t\t\t\t\t\t\t\t\thref=\"https:\/\/alimak.com\/wp-content\/uploads\/2024\/09\/ISO-9001-Alimak%E2%80%AFGroup-Sweden%E2%80%AFAB-English.pdf\">\n\t\t\t\t\t\t\t\t\t\t<span>Download<\/span>\n\t\t\t\t\t\t\t\t\t\t<svg class=\"svg-icon svg-icon--icon-download\" aria-hidden=\"true\" role=\"img\"> <use href=\"#icon-download\" xlink:href=\"#icon-download\"><\/use> <\/svg>\t\t\t\t\t\t\t\t\t<\/a>\n\t\t\t\t\t\t\t\t\n\t\t\t\t\t\t\t\t\n\t\t\t\t\t\t\t<\/li>\n\n\t\t\t\t\t\t\t\n\t\t\t\t\t\t\t<li class=\"m31__accordion-download-item\">\n\n\t\t\t\t\t\t\t\t\n\t\t\t\t\t\t\t\t<span class=\"m31__file-heading\">ISO 9001 &#8211; Alimak Group VAE, China (Englisch)<\/span>\n\n\t\t\t\t\t\t\t\t\t\t\t\t\t\t\t\t\t<a\n\t\t\t\t\t\t\t\t\ttarget=\"_blank\"\n\t\t\t\t\t\t\t\t\trel=\"noopener noreferrer\"\n\t\t\t\t\t\t\t\t\tclass=\"m31__button button button--download\"\n\t\t\t\t\t\t\t\t\thref=\"https:\/\/alimak.com\/ch\/wp-content\/uploads\/sites\/34\/2020\/11\/ISO-9001-Alimak-Group-VAE-China-English.pdf\"\n\t\t\t\t\t\t\t\t\tdownload=\"ISO-9001-Alimak-Group-VAE-China-English.pdf\">\n\t\t\t\t\t\t\t\t\t\t<span>Download<\/span>\n\t\t\t\t\t\t\t\t\t\t<svg class=\"svg-icon svg-icon--icon-download\" aria-hidden=\"true\" role=\"img\"> <use href=\"#icon-download\" xlink:href=\"#icon-download\"><\/use> <\/svg>\t\t\t\t\t\t\t\t\t<\/a>\n\t\t\t\t\t\t\t\t\n\t\t\t\t\t\t\t\t\n\t\t\t\t\t\t\t\t\n\t\t\t\t\t\t\t<\/li>\n\n\t\t\t\t\t\t\t\n\t\t\t\t\t\t\t<li class=\"m31__accordion-download-item\">\n\n\t\t\t\t\t\t\t\t\n\t\t\t\t\t\t\t\t<span class=\"m31__file-heading\">ISO 9001 &#8211; Alimak Group Norway A\/S (Englisch)<\/span>\n\n\t\t\t\t\t\t\t\t\n\t\t\t\t\t\t\t\t\t\t\t\t\t\t\t\t\t<a\n\t\t\t\t\t\t\t\t\ttarget=\"_blank\"\n\t\t\t\t\t\t\t\t\trel=\"noopener noreferrer\"\n\t\t\t\t\t\t\t\t\tclass=\"m31__button button button--download\"\n\t\t\t\t\t\t\t\t\thref=\"https:\/\/alimak.com\/wp-content\/uploads\/2022\/02\/ISO-9001-10000328752-MSC-NA-NOR-1-eng.pdf\">\n\t\t\t\t\t\t\t\t\t\t<span>Download<\/span>\n\t\t\t\t\t\t\t\t\t\t<svg class=\"svg-icon svg-icon--icon-download\" aria-hidden=\"true\" role=\"img\"> <use href=\"#icon-download\" xlink:href=\"#icon-download\"><\/use> <\/svg>\t\t\t\t\t\t\t\t\t<\/a>\n\t\t\t\t\t\t\t\t\n\t\t\t\t\t\t\t\t\n\t\t\t\t\t\t\t<\/li>\n\n\t\t\t\t\t\t\t\n          <\/ul>\n        \n      <\/div>\n    <\/div>\n\n\t<\/div>\n\t\n\t<\/article>\n\n\n\n<article class=\"m31 break-out\" id=\"block_5fad42dafae4a\" data-animate-container>\n  <div class=\"container\">\n\n    \n          <button type=\"button\" class=\"m31__accordion-button\" data-animate>\n        <i class=\"m31__accordion-icon\" aria-hidden=\"true\"><\/i>\n        <h3 class=\"m31__accordion-title uppercase h4\">Umwelt &#8211; ISO 14001-Zertifikate<\/h3>\n      <\/button>\n    \n    <div class=\"m31__accordion-wrapper\">\n      <div class=\"m31__accordion-content\">\n\n        \n                  <ul class=\"m31__accordion-downloads no-list\">\n\n            \n\t\t\t\t\t\t\t<li class=\"m31__accordion-download-item\">\n\n\t\t\t\t\t\t\t\t\n\t\t\t\t\t\t\t\t<span class=\"m31__file-heading\">Ecovadis Sustainability Performance &#8211; Gold Rating<\/span>\n\n\t\t\t\t\t\t\t\t\n\t\t\t\t\t\t\t\t\t\t\t\t\t\t\t\t\t<a\n\t\t\t\t\t\t\t\t\ttarget=\"_blank\"\n\t\t\t\t\t\t\t\t\trel=\"noopener noreferrer\"\n\t\t\t\t\t\t\t\t\tclass=\"m31__button button button--download\"\n\t\t\t\t\t\t\t\t\thref=\"https:\/\/alimak.com\/wp-content\/uploads\/2021\/12\/ALIMAK_GROUP_SWEDEN_AB_EcoVadis_Rating_Certificate_2021_11_25.pdf\">\n\t\t\t\t\t\t\t\t\t\t<span>Download<\/span>\n\t\t\t\t\t\t\t\t\t\t<svg class=\"svg-icon svg-icon--icon-download\" aria-hidden=\"true\" role=\"img\"> <use href=\"#icon-download\" xlink:href=\"#icon-download\"><\/use> <\/svg>\t\t\t\t\t\t\t\t\t<\/a>\n\t\t\t\t\t\t\t\t\n\t\t\t\t\t\t\t\t\n\t\t\t\t\t\t\t<\/li>\n\n\t\t\t\t\t\t\t\n\t\t\t\t\t\t\t<li class=\"m31__accordion-download-item\">\n\n\t\t\t\t\t\t\t\t\n\t\t\t\t\t\t\t\t<span class=\"m31__file-heading\">ISO 14001 &#8211; Alimak Group Sweden AB (Englisch)<\/span>\n\n\t\t\t\t\t\t\t\t\n\t\t\t\t\t\t\t\t\t\t\t\t\t\t\t\t\t<a\n\t\t\t\t\t\t\t\t\ttarget=\"_blank\"\n\t\t\t\t\t\t\t\t\trel=\"noopener noreferrer\"\n\t\t\t\t\t\t\t\t\tclass=\"m31__button button button--download\"\n\t\t\t\t\t\t\t\t\thref=\"https:\/\/alimak.com\/wp-content\/uploads\/2021\/09\/ISO-9001-Alimak%E2%80%AFGroup-Sweden%E2%80%AFAB-English.pdf\">\n\t\t\t\t\t\t\t\t\t\t<span>Download<\/span>\n\t\t\t\t\t\t\t\t\t\t<svg class=\"svg-icon svg-icon--icon-download\" aria-hidden=\"true\" role=\"img\"> <use href=\"#icon-download\" xlink:href=\"#icon-download\"><\/use> <\/svg>\t\t\t\t\t\t\t\t\t<\/a>\n\t\t\t\t\t\t\t\t\n\t\t\t\t\t\t\t\t\n\t\t\t\t\t\t\t<\/li>\n\n\t\t\t\t\t\t\t\n\t\t\t\t\t\t\t<li class=\"m31__accordion-download-item\">\n\n\t\t\t\t\t\t\t\t\n\t\t\t\t\t\t\t\t<span class=\"m31__file-heading\">ISO 14001 &#8211; Alimak Group VAE, China (Englisch)<\/span>\n\n\t\t\t\t\t\t\t\t\t\t\t\t\t\t\t\t\t<a\n\t\t\t\t\t\t\t\t\ttarget=\"_blank\"\n\t\t\t\t\t\t\t\t\trel=\"noopener noreferrer\"\n\t\t\t\t\t\t\t\t\tclass=\"m31__button button button--download\"\n\t\t\t\t\t\t\t\t\thref=\"https:\/\/alimak.com\/ch\/wp-content\/uploads\/sites\/34\/2020\/11\/ISO-14001-Alimak-Group-VAE-China-English.pdf\"\n\t\t\t\t\t\t\t\t\tdownload=\"ISO-14001-Alimak-Group-VAE-China-English.pdf\">\n\t\t\t\t\t\t\t\t\t\t<span>Download<\/span>\n\t\t\t\t\t\t\t\t\t\t<svg class=\"svg-icon svg-icon--icon-download\" aria-hidden=\"true\" role=\"img\"> <use href=\"#icon-download\" xlink:href=\"#icon-download\"><\/use> <\/svg>\t\t\t\t\t\t\t\t\t<\/a>\n\t\t\t\t\t\t\t\t\n\t\t\t\t\t\t\t\t\n\t\t\t\t\t\t\t\t\n\t\t\t\t\t\t\t<\/li>\n\n\t\t\t\t\t\t\t\n\t\t\t\t\t\t\t<li class=\"m31__accordion-download-item\">\n\n\t\t\t\t\t\t\t\t\n\t\t\t\t\t\t\t\t<span class=\"m31__file-heading\">ISO 14001 &#8211; Alimak Group Norway A\/S (Englisch)<\/span>\n\n\t\t\t\t\t\t\t\t\n\t\t\t\t\t\t\t\t\t\t\t\t\t\t\t\t\t<a\n\t\t\t\t\t\t\t\t\ttarget=\"_blank\"\n\t\t\t\t\t\t\t\t\trel=\"noopener noreferrer\"\n\t\t\t\t\t\t\t\t\tclass=\"m31__button button button--download\"\n\t\t\t\t\t\t\t\t\thref=\"https:\/\/alimak.com\/wp-content\/uploads\/2022\/02\/ISO-14001-10000328754-MSC-NA-NOR-1-eng.pdf\">\n\t\t\t\t\t\t\t\t\t\t<span>Download<\/span>\n\t\t\t\t\t\t\t\t\t\t<svg class=\"svg-icon svg-icon--icon-download\" aria-hidden=\"true\" role=\"img\"> <use href=\"#icon-download\" xlink:href=\"#icon-download\"><\/use> <\/svg>\t\t\t\t\t\t\t\t\t<\/a>\n\t\t\t\t\t\t\t\t\n\t\t\t\t\t\t\t\t\n\t\t\t\t\t\t\t<\/li>\n\n\t\t\t\t\t\t\t\n          <\/ul>\n        \n      <\/div>\n    <\/div>\n\n\t<\/div>\n\t\n\t<\/article>\n\n\n\n<article class=\"m31 break-out\" id=\"block_5fad4377fae4f\" data-animate-container>\n  <div class=\"container\">\n\n    \n          <button type=\"button\" class=\"m31__accordion-button\" data-animate>\n        <i class=\"m31__accordion-icon\" aria-hidden=\"true\"><\/i>\n        <h3 class=\"m31__accordion-title uppercase h4\">Vorqualifizierungssystemzertifikate (JQS)<\/h3>\n      <\/button>\n    \n    <div class=\"m31__accordion-wrapper\">\n      <div class=\"m31__accordion-content\">\n\n        \n                  <ul class=\"m31__accordion-downloads no-list\">\n\n            \n\t\t\t\t\t\t\t<li class=\"m31__accordion-download-item\">\n\n\t\t\t\t\t\t\t\t\n\t\t\t\t\t\t\t\t<span class=\"m31__file-heading\">Magnet JQS \u2013 Alimak Group Norway AS (Englisch)<\/span>\n\n\t\t\t\t\t\t\t\t\n\t\t\t\t\t\t\t\t\n\t\t\t\t\t\t\t\t\n\t\t\t\t\t\t\t<\/li>\n\n\t\t\t\t\t\t\t\n          <\/ul>\n        \n      <\/div>\n    <\/div>\n\n\t<\/div>\n\t\n\t<\/article>\n\n\n\n<article class=\"m31 break-out\" id=\"block_5fad43aefae52\" data-animate-container>\n  <div class=\"container\">\n\n    \n          <button type=\"button\" class=\"m31__accordion-button\" data-animate>\n        <i class=\"m31__accordion-icon\" aria-hidden=\"true\"><\/i>\n        <h3 class=\"m31__accordion-title uppercase h4\">Schwei\u00dfzertifikate<\/h3>\n      <\/button>\n    \n    <div class=\"m31__accordion-wrapper\">\n      <div class=\"m31__accordion-content\">\n\n        \n                  <ul class=\"m31__accordion-downloads no-list\">\n\n            \n\t\t\t\t\t\t\t<li class=\"m31__accordion-download-item\">\n\n\t\t\t\t\t\t\t\t\n\t\t\t\t\t\t\t\t<span class=\"m31__file-heading\">ISO 3834-2 &#8211; Alimak Group Sweden AB (Englisch)<\/span>\n\n\t\t\t\t\t\t\t\t\n\t\t\t\t\t\t\t\t\t\t\t\t\t\t\t\t\t<a\n\t\t\t\t\t\t\t\t\ttarget=\"_blank\"\n\t\t\t\t\t\t\t\t\trel=\"noopener noreferrer\"\n\t\t\t\t\t\t\t\t\tclass=\"m31__button button button--download\"\n\t\t\t\t\t\t\t\t\thref=\"https:\/\/alimak.com\/wp-content\/uploads\/2022\/08\/12407-02en.pdf\">\n\t\t\t\t\t\t\t\t\t\t<span>Download<\/span>\n\t\t\t\t\t\t\t\t\t\t<svg class=\"svg-icon svg-icon--icon-download\" aria-hidden=\"true\" role=\"img\"> <use href=\"#icon-download\" xlink:href=\"#icon-download\"><\/use> <\/svg>\t\t\t\t\t\t\t\t\t<\/a>\n\t\t\t\t\t\t\t\t\n\t\t\t\t\t\t\t\t\n\t\t\t\t\t\t\t<\/li>\n\n\t\t\t\t\t\t\t\n          <\/ul>\n        \n      <\/div>\n    <\/div>\n\n\t<\/div>\n\t\n\t<\/article>\n\n\n\n<div style=\"height:100px\" aria-hidden=\"true\" class=\"wp-block-spacer\"><\/div>\n","protected":false},"excerpt":{"rendered":"","protected":false},"author":1,"featured_media":0,"parent":208,"menu_order":0,"comment_status":"closed","ping_status":"closed","template":"","meta":{"_trash_the_other_posts":false,"editor_notices":[],"footnotes":""},"class_list":["post-209","page","type-page","status-publish","hentry"],"yoast_head":"<!-- This site is optimized with the Yoast SEO plugin v27.3 - https:\/\/yoast.com\/product\/yoast-seo-wordpress\/ -->\n<title>Qualit\u00e4tszertifizierungen - Alimak Switzerland<\/title>\n<meta name=\"robots\" content=\"index, follow, max-snippet:-1, max-image-preview:large, max-video-preview:-1\" \/>\n<link rel=\"canonical\" href=\"https:\/\/alimak.com\/ch\/about-us\/quality-certifications\/\" \/>\n<meta property=\"og:locale\" content=\"en_US\" \/>\n<meta property=\"og:type\" content=\"article\" \/>\n<meta property=\"og:title\" content=\"Qualit\u00e4tszertifizierungen - Alimak Switzerland\" \/>\n<meta property=\"og:url\" content=\"https:\/\/alimak.com\/ch\/about-us\/quality-certifications\/\" \/>\n<meta property=\"og:site_name\" content=\"Alimak Switzerland\" \/>\n<meta property=\"article:modified_time\" content=\"2023-12-14T13:48:15+00:00\" \/>\n<meta name=\"twitter:card\" content=\"summary_large_image\" \/>\n<script type=\"application\/ld+json\" class=\"yoast-schema-graph\">{\"@context\":\"https:\\\/\\\/schema.org\",\"@graph\":[{\"@type\":\"WebPage\",\"@id\":\"https:\\\/\\\/alimak.com\\\/ch\\\/about-us\\\/quality-certifications\\\/\",\"url\":\"https:\\\/\\\/alimak.com\\\/ch\\\/about-us\\\/quality-certifications\\\/\",\"name\":\"Qualit\u00e4tszertifizierungen - Alimak Switzerland\",\"isPartOf\":{\"@id\":\"https:\\\/\\\/alimak.com\\\/ch\\\/#website\"},\"datePublished\":\"2020-11-12T13:03:06+00:00\",\"dateModified\":\"2023-12-14T13:48:15+00:00\",\"breadcrumb\":{\"@id\":\"https:\\\/\\\/alimak.com\\\/ch\\\/about-us\\\/quality-certifications\\\/#breadcrumb\"},\"inLanguage\":\"en-US\",\"potentialAction\":[{\"@type\":\"ReadAction\",\"target\":[\"https:\\\/\\\/alimak.com\\\/ch\\\/about-us\\\/quality-certifications\\\/\"]}]},{\"@type\":\"BreadcrumbList\",\"@id\":\"https:\\\/\\\/alimak.com\\\/ch\\\/about-us\\\/quality-certifications\\\/#breadcrumb\",\"itemListElement\":[{\"@type\":\"ListItem\",\"position\":1,\"name\":\"Startseite\",\"item\":\"https:\\\/\\\/alimak.com\\\/ch\\\/\"},{\"@type\":\"ListItem\",\"position\":2,\"name\":\"\u00dcber uns\",\"item\":\"https:\\\/\\\/alimak.com\\\/ch\\\/about-us\\\/\"},{\"@type\":\"ListItem\",\"position\":3,\"name\":\"Qualit\u00e4tszertifizierungen\"}]},{\"@type\":\"WebSite\",\"@id\":\"https:\\\/\\\/alimak.com\\\/ch\\\/#website\",\"url\":\"https:\\\/\\\/alimak.com\\\/ch\\\/\",\"name\":\"Alimak Switzerland\",\"description\":\"Weltweit f\u00fchrend bei H\u00f6henzugangsl\u00f6sungen\",\"potentialAction\":[{\"@type\":\"SearchAction\",\"target\":{\"@type\":\"EntryPoint\",\"urlTemplate\":\"https:\\\/\\\/alimak.com\\\/ch\\\/?s={search_term_string}\"},\"query-input\":{\"@type\":\"PropertyValueSpecification\",\"valueRequired\":true,\"valueName\":\"search_term_string\"}}],\"inLanguage\":\"en-US\"}]}<\/script>\n<!-- \/ Yoast SEO plugin. -->","yoast_head_json":{"title":"Qualit\u00e4tszertifizierungen - Alimak Switzerland","robots":{"index":"index","follow":"follow","max-snippet":"max-snippet:-1","max-image-preview":"max-image-preview:large","max-video-preview":"max-video-preview:-1"},"canonical":"https:\/\/alimak.com\/ch\/about-us\/quality-certifications\/","og_locale":"en_US","og_type":"article","og_title":"Qualit\u00e4tszertifizierungen - Alimak Switzerland","og_url":"https:\/\/alimak.com\/ch\/about-us\/quality-certifications\/","og_site_name":"Alimak Switzerland","article_modified_time":"2023-12-14T13:48:15+00:00","twitter_card":"summary_large_image","schema":{"@context":"https:\/\/schema.org","@graph":[{"@type":"WebPage","@id":"https:\/\/alimak.com\/ch\/about-us\/quality-certifications\/","url":"https:\/\/alimak.com\/ch\/about-us\/quality-certifications\/","name":"Qualit\u00e4tszertifizierungen - Alimak Switzerland","isPartOf":{"@id":"https:\/\/alimak.com\/ch\/#website"},"datePublished":"2020-11-12T13:03:06+00:00","dateModified":"2023-12-14T13:48:15+00:00","breadcrumb":{"@id":"https:\/\/alimak.com\/ch\/about-us\/quality-certifications\/#breadcrumb"},"inLanguage":"en-US","potentialAction":[{"@type":"ReadAction","target":["https:\/\/alimak.com\/ch\/about-us\/quality-certifications\/"]}]},{"@type":"BreadcrumbList","@id":"https:\/\/alimak.com\/ch\/about-us\/quality-certifications\/#breadcrumb","itemListElement":[{"@type":"ListItem","position":1,"name":"Startseite","item":"https:\/\/alimak.com\/ch\/"},{"@type":"ListItem","position":2,"name":"\u00dcber uns","item":"https:\/\/alimak.com\/ch\/about-us\/"},{"@type":"ListItem","position":3,"name":"Qualit\u00e4tszertifizierungen"}]},{"@type":"WebSite","@id":"https:\/\/alimak.com\/ch\/#website","url":"https:\/\/alimak.com\/ch\/","name":"Alimak Switzerland","description":"Weltweit f\u00fchrend bei H\u00f6henzugangsl\u00f6sungen","potentialAction":[{"@type":"SearchAction","target":{"@type":"EntryPoint","urlTemplate":"https:\/\/alimak.com\/ch\/?s={search_term_string}"},"query-input":{"@type":"PropertyValueSpecification","valueRequired":true,"valueName":"search_term_string"}}],"inLanguage":"en-US"}]}},"_links":{"self":[{"href":"https:\/\/alimak.com\/ch\/wp-json\/wp\/v2\/pages\/209","targetHints":{"allow":["GET"]}}],"collection":[{"href":"https:\/\/alimak.com\/ch\/wp-json\/wp\/v2\/pages"}],"about":[{"href":"https:\/\/alimak.com\/ch\/wp-json\/wp\/v2\/types\/page"}],"author":[{"embeddable":true,"href":"https:\/\/alimak.com\/ch\/wp-json\/wp\/v2\/users\/1"}],"replies":[{"embeddable":true,"href":"https:\/\/alimak.com\/ch\/wp-json\/wp\/v2\/comments?post=209"}],"version-history":[{"count":14,"href":"https:\/\/alimak.com\/ch\/wp-json\/wp\/v2\/pages\/209\/revisions"}],"predecessor-version":[{"id":5139,"href":"https:\/\/alimak.com\/ch\/wp-json\/wp\/v2\/pages\/209\/revisions\/5139"}],"up":[{"embeddable":true,"href":"https:\/\/alimak.com\/ch\/wp-json\/wp\/v2\/pages\/208"}],"wp:attachment":[{"href":"https:\/\/alimak.com\/ch\/wp-json\/wp\/v2\/media?parent=209"}],"curies":[{"name":"wp","href":"https:\/\/api.w.org\/{rel}","templated":true}]}}