{"id":214,"date":"2020-11-12T13:20:41","date_gmt":"2020-11-12T13:20:41","guid":{"rendered":"https:\/\/alimak.wpengine.com\/?page_id=214"},"modified":"2024-03-26T13:42:51","modified_gmt":"2024-03-26T13:42:51","slug":"contact-us","status":"publish","type":"page","link":"https:\/\/alimak.com\/ch\/contact-us\/","title":{"rendered":"Kontakt"},"content":{"rendered":"\n<article class=\"m08 break-out\" id=\"block_5fd9ce3952a8d\" data-animate-container>\n  <div class=\"container m08__container\">\n\n          <div class=\"m08__block m08__block--one\">\n        <div class=\"m08__content\">\n\n                      <h2 class=\"m08__heading uppercase h3\" data-animate>Kontakt<\/h2>\n          \n                      <div class=\"m08__text\" data-animate>\n              <p>Alimak Group Swiss AG<br \/>\nHofstrasse 87<br \/>\n8620 Wetzikon<br \/>\nSwitzerland<\/p>\n<p>Telefon: +41 (0) 43 444 21 00<\/p>\n            <\/div>\n          \n          \n        <\/div>\n      <\/div>\n    \n          <div class=\"m08__block m08__block--two\">\n        <div class=\"m08__content\">\n\n                      <h2 class=\"m08__heading uppercase h3\" data-animate>Finden Sie unsere Vertretungen vor Ort<\/h2>\n          \n                      <div class=\"m08__text\" data-animate>\n              <p>Alimak ist auf sechs Kontinenten vertreten und nutzt ein globales Netzwerk, um H\u00f6henzugangsl\u00f6sungen f\u00fcr eine Vielzahl von Anwendungen auf Bau- und Industriestandorten auf der ganzen Welt bereitzustellen. Kontaktieren Sie uns, um einen Vertreter vor Ort aus dem globalen Netzwerk von Alimak zu finden.<\/p>\n            <\/div>\n          \n                      <a\n            data-animate\n            href=\"\/ch\/locations\"\n            class=\"m08__button button\"\n            target=\"_self\">\n              Globales Verzeichnis            <\/a>\n          \n        <\/div>\n      <\/div>\n        \n  <\/div>\n<\/article>\n\n\n\n<article class=\"m14 break-out\" id=\"block_5fae492d86bad\" data-animate-container>\n\t<div class=\"container\">\n\n\t<div class=\"m14__introduction large\">  \n\t\t\t\t<h2 class=\"m14__heading uppercase h3\" data-animate>Fordern Sie weitere Informationen oder ein Angebot an<\/h2>\n\t  \t  \t\t<div class=\"m14__content\" data-animate>\n\t\t\t<p>Ben\u00f6tigen Sie Hilfe bei der Produktauswahl f\u00fcr ein bevorstehendes Projekt? Wenden Sie sich an unsere Produktexperten, um Informationen zu den verf\u00fcgbaren H\u00f6henzugangsl\u00f6sungen und ein Angebot zu erhalten, das den Anforderungen Ihres Projekts entspricht.<\/p>\n\t\t<\/div>\n\t  \t<\/div>\n\n\t\t\t<div class=\"m14__form\" data-animate>\n\t\t\t<div class=\"gform_wrapper\">\n\t\t\t\t<div\n\t\t\t\tclass=\"m14__hubspot\"\n\t\t\t\tdata-form-id=\"3c280592-ae94-475a-bbba-d16507c11633\"\n\t\t\t\tdata-portal-id=\"8464480\"><\/div>\n\t\t\t<\/div>\n\t\t<\/div>\n\t\n  <\/div>\n<\/article>\n\n\n\n<div style=\"height:100px\" aria-hidden=\"true\" class=\"wp-block-spacer\"><\/div>\n","protected":false},"excerpt":{"rendered":"","protected":false},"author":1,"featured_media":0,"parent":0,"menu_order":0,"comment_status":"closed","ping_status":"closed","template":"","meta":{"_trash_the_other_posts":false,"editor_notices":[],"footnotes":""},"class_list":["post-214","page","type-page","status-publish","hentry"],"yoast_head":"<!-- This site is optimized with the Yoast SEO plugin v27.3 - https:\/\/yoast.com\/product\/yoast-seo-wordpress\/ -->\n<title>Kontakt - Alimak Switzerland<\/title>\n<meta name=\"robots\" content=\"index, follow, max-snippet:-1, max-image-preview:large, max-video-preview:-1\" \/>\n<link rel=\"canonical\" href=\"https:\/\/alimak.com\/ch\/contact-us\/\" \/>\n<meta property=\"og:locale\" content=\"en_US\" \/>\n<meta property=\"og:type\" content=\"article\" \/>\n<meta property=\"og:title\" content=\"Kontakt - Alimak Switzerland\" \/>\n<meta property=\"og:url\" content=\"https:\/\/alimak.com\/ch\/contact-us\/\" \/>\n<meta property=\"og:site_name\" content=\"Alimak Switzerland\" \/>\n<meta property=\"article:modified_time\" content=\"2024-03-26T13:42:51+00:00\" \/>\n<meta name=\"twitter:card\" content=\"summary_large_image\" \/>\n<script type=\"application\/ld+json\" class=\"yoast-schema-graph\">{\"@context\":\"https:\\\/\\\/schema.org\",\"@graph\":[{\"@type\":\"WebPage\",\"@id\":\"https:\\\/\\\/alimak.com\\\/ch\\\/contact-us\\\/\",\"url\":\"https:\\\/\\\/alimak.com\\\/ch\\\/contact-us\\\/\",\"name\":\"Kontakt - Alimak Switzerland\",\"isPartOf\":{\"@id\":\"https:\\\/\\\/alimak.com\\\/ch\\\/#website\"},\"datePublished\":\"2020-11-12T13:20:41+00:00\",\"dateModified\":\"2024-03-26T13:42:51+00:00\",\"breadcrumb\":{\"@id\":\"https:\\\/\\\/alimak.com\\\/ch\\\/contact-us\\\/#breadcrumb\"},\"inLanguage\":\"en-US\",\"potentialAction\":[{\"@type\":\"ReadAction\",\"target\":[\"https:\\\/\\\/alimak.com\\\/ch\\\/contact-us\\\/\"]}]},{\"@type\":\"BreadcrumbList\",\"@id\":\"https:\\\/\\\/alimak.com\\\/ch\\\/contact-us\\\/#breadcrumb\",\"itemListElement\":[{\"@type\":\"ListItem\",\"position\":1,\"name\":\"Startseite\",\"item\":\"https:\\\/\\\/alimak.com\\\/ch\\\/\"},{\"@type\":\"ListItem\",\"position\":2,\"name\":\"Kontakt\"}]},{\"@type\":\"WebSite\",\"@id\":\"https:\\\/\\\/alimak.com\\\/ch\\\/#website\",\"url\":\"https:\\\/\\\/alimak.com\\\/ch\\\/\",\"name\":\"Alimak Switzerland\",\"description\":\"Weltweit f\u00fchrend bei H\u00f6henzugangsl\u00f6sungen\",\"potentialAction\":[{\"@type\":\"SearchAction\",\"target\":{\"@type\":\"EntryPoint\",\"urlTemplate\":\"https:\\\/\\\/alimak.com\\\/ch\\\/?s={search_term_string}\"},\"query-input\":{\"@type\":\"PropertyValueSpecification\",\"valueRequired\":true,\"valueName\":\"search_term_string\"}}],\"inLanguage\":\"en-US\"}]}<\/script>\n<!-- \/ Yoast SEO plugin. -->","yoast_head_json":{"title":"Kontakt - Alimak Switzerland","robots":{"index":"index","follow":"follow","max-snippet":"max-snippet:-1","max-image-preview":"max-image-preview:large","max-video-preview":"max-video-preview:-1"},"canonical":"https:\/\/alimak.com\/ch\/contact-us\/","og_locale":"en_US","og_type":"article","og_title":"Kontakt - Alimak Switzerland","og_url":"https:\/\/alimak.com\/ch\/contact-us\/","og_site_name":"Alimak Switzerland","article_modified_time":"2024-03-26T13:42:51+00:00","twitter_card":"summary_large_image","schema":{"@context":"https:\/\/schema.org","@graph":[{"@type":"WebPage","@id":"https:\/\/alimak.com\/ch\/contact-us\/","url":"https:\/\/alimak.com\/ch\/contact-us\/","name":"Kontakt - Alimak Switzerland","isPartOf":{"@id":"https:\/\/alimak.com\/ch\/#website"},"datePublished":"2020-11-12T13:20:41+00:00","dateModified":"2024-03-26T13:42:51+00:00","breadcrumb":{"@id":"https:\/\/alimak.com\/ch\/contact-us\/#breadcrumb"},"inLanguage":"en-US","potentialAction":[{"@type":"ReadAction","target":["https:\/\/alimak.com\/ch\/contact-us\/"]}]},{"@type":"BreadcrumbList","@id":"https:\/\/alimak.com\/ch\/contact-us\/#breadcrumb","itemListElement":[{"@type":"ListItem","position":1,"name":"Startseite","item":"https:\/\/alimak.com\/ch\/"},{"@type":"ListItem","position":2,"name":"Kontakt"}]},{"@type":"WebSite","@id":"https:\/\/alimak.com\/ch\/#website","url":"https:\/\/alimak.com\/ch\/","name":"Alimak Switzerland","description":"Weltweit f\u00fchrend bei H\u00f6henzugangsl\u00f6sungen","potentialAction":[{"@type":"SearchAction","target":{"@type":"EntryPoint","urlTemplate":"https:\/\/alimak.com\/ch\/?s={search_term_string}"},"query-input":{"@type":"PropertyValueSpecification","valueRequired":true,"valueName":"search_term_string"}}],"inLanguage":"en-US"}]}},"_links":{"self":[{"href":"https:\/\/alimak.com\/ch\/wp-json\/wp\/v2\/pages\/214","targetHints":{"allow":["GET"]}}],"collection":[{"href":"https:\/\/alimak.com\/ch\/wp-json\/wp\/v2\/pages"}],"about":[{"href":"https:\/\/alimak.com\/ch\/wp-json\/wp\/v2\/types\/page"}],"author":[{"embeddable":true,"href":"https:\/\/alimak.com\/ch\/wp-json\/wp\/v2\/users\/1"}],"replies":[{"embeddable":true,"href":"https:\/\/alimak.com\/ch\/wp-json\/wp\/v2\/comments?post=214"}],"version-history":[{"count":26,"href":"https:\/\/alimak.com\/ch\/wp-json\/wp\/v2\/pages\/214\/revisions"}],"predecessor-version":[{"id":4969,"href":"https:\/\/alimak.com\/ch\/wp-json\/wp\/v2\/pages\/214\/revisions\/4969"}],"wp:attachment":[{"href":"https:\/\/alimak.com\/ch\/wp-json\/wp\/v2\/media?parent=214"}],"curies":[{"name":"wp","href":"https:\/\/api.w.org\/{rel}","templated":true}]}}