{"id":222,"date":"2020-11-12T13:42:58","date_gmt":"2020-11-12T13:42:58","guid":{"rendered":"https:\/\/alimak.wpengine.com\/?page_id=222"},"modified":"2021-02-15T12:08:41","modified_gmt":"2021-02-15T12:08:41","slug":"privacy-policy","status":"publish","type":"page","link":"https:\/\/alimak.com\/ch\/about-us\/privacy-policy\/","title":{"rendered":"Datenschutzerkl\u00e4rung"},"content":{"rendered":"\n<article class=\"m11 break-out\" id=\"block_5fd75e65e36ec\" data-animate-container>\n\n  <nav id=\"breadcrumbs\"><div class=\"container\" data-animate><span><span><a href=\"https:\/\/alimak.com\/ch\/\">Startseite<\/a><\/span><\/span><\/div><\/nav>\n  <div class=\"m11__wrapper\">\n    <div class=\"container m11__container\">\n\n      <div class=\"m11__content\">\n\n                  <h1 class=\"m11__heading uppercase\" data-animate>Datenschutzerkl\u00e4rung<\/h1>\n        \n                  <div class=\"m11__text\" data-animate>\n            <p>Informationen zur Verwaltung personenbezogener Daten bei der Alimak-Gruppe<\/p>\n          <\/div>\n        \n        \n      <\/div>\n\n      \n    <\/div>\n  <\/div>\n<\/article>\n\n\n\n\n<div style=\"height:100px\" aria-hidden=\"true\" class=\"wp-block-spacer\"><\/div>\n\n\n\n<p>Alimak ist Teil der Alimak-Gruppe, die bei H\u00f6henzugangsl\u00f6sungen weltweit f\u00fchrend ist. Wir sind stets bem\u00fcht, starke und vertrauensw\u00fcrdige Beziehungen zu allen Parteien aufzubauen, mit denen wir Gesch\u00e4fte machen. Daher ist es f\u00fcr uns wichtig, Ihre pers\u00f6nlichen Daten unter Ber\u00fccksichtigung Ihrer Integrit\u00e4t zu verwalten.<\/p>\n\n\n\n<p>Personenbezogene Daten sind alle Arten von Informationen, mit denen Sie als nat\u00fcrliche Person identifiziert werden k\u00f6nnen. Unsere Datenschutzerkl\u00e4rung beschreibt, warum und wie wir Ihre pers\u00f6nlichen Daten verwalten und wie Sie Ihre Rechte aus\u00fcben k\u00f6nnen.<\/p>\n\n\n\n<p>Bitte lesen Sie diese Richtlinie.<\/p>\n\n\n\n<h3 class=\"wp-block-heading\">Unsere Verantwortung<\/h3>\n\n\n\n<p>Um die f\u00fcr die Gesch\u00e4ftsabwicklung erforderlichen Lieferungen zu beschaffen und unseren Kunden die erwarteten L\u00f6sungen zu bieten, verwalten wir Ihre personenbezogenen Daten. Die meisten dieser Daten h\u00e4ngen mit Ihrer Besch\u00e4ftigung, Ihrem Interesse als Aktion\u00e4r oder einem anderen Interesse an der Alimak-Gruppe zusammen. Die Daten betreffen Kontaktdaten und Informationen, die zur Aufrechterhaltung der Beziehung zu Ihnen oder Ihrem Arbeitgeber erforderlich sind.<\/p>\n\n\n\n<p>Die Alimak-Gruppe ist f\u00fcr die gesamte Verarbeitung Ihrer personenbezogenen Daten verantwortlich (Verantwortlicher). Wir halten uns an die geltenden Datenschutzbestimmungen und verwalten personenbezogene Daten auf der Grundlage dieser Bestimmungen sowie gem\u00e4\u00df internen Richtlinien und Vorgaben. Wir versichern Ihnen, dass wir die notwendigen Ma\u00dfnahmen ergreifen, um Ihre personenbezogenen Daten zu sch\u00fctzen.<\/p>\n\n\n\n<h3 class=\"wp-block-heading\">Erhebung<\/h3>\n\n\n\n<p>Wir erheben personenbezogene Daten nur f\u00fcr bestimmte, eindeutige und legitime Zwecke. Die Erhebungsquellen k\u00f6nnen variieren, aber personenbezogene Daten werden in der Regel von Ihnen bereitgestellt, wenn Sie uns \u00fcber unsere Websites, E-Mail, soziale Medien usw. kontaktieren; au\u00dferdem, wenn Sie Ihr Recht als Aktion\u00e4r aus\u00fcben oder von Ihrem Arbeitgeber im Rahmen ihrer Besch\u00e4ftigung bei der Gesch\u00e4ftsabwicklung mit der Alimak-Gruppe.<\/p>\n\n\n\n<h3 class=\"wp-block-heading\">Verwaltung und Zweck<\/h3>\n\n\n\n<p>Die Alimak-Gruppe verarbeitet personenbezogene Daten f\u00fcr verschiedene Zwecke. Zu den g\u00e4ngigsten Prozessen geh\u00f6ren Einkauf und Verkauf zum Abschluss von Vereinbarungen mit Lieferanten und Kunden. Verwandte Prozesse umfassen Marketing, Aftermarket-Service und das Management von Kundenbeziehungen. Diese sind notwendig, um potenzielle Kunden zu gewinnen sowie bestehende Kundenbeziehungen zu verwalten und auszubauen. Sonstige Arten der Verarbeitung, die erforderlich sind, um unser Gesch\u00e4ft in \u00dcbereinstimmung mit gesetzlichen Verpflichtungen und guter Ethik zu f\u00fchren, umfassen Unternehmensf\u00fchrung, Qualit\u00e4tsmanagement und Finanzpr\u00fcfungen.<\/p>\n\n\n\n<h3 class=\"wp-block-heading\">Aufbewahrung<\/h3>\n\n\n\n<p>Wir verarbeiten Ihre personenbezogenen Daten nur so lange, wie dies zur Erf\u00fcllung des Verarbeitungszwecks erforderlich ist. Danach l\u00f6schen, pseudonymisieren oder anonymisieren wir die personenbezogenen Daten, so dass diese nicht mehr zur R\u00fcckverfolgung verwendet werden k\u00f6nnen. Die Dauer der Aufbewahrung der personenbezogenen Daten h\u00e4ngt von den Verarbeitungszwecken einschlie\u00dflich der geltenden Rechtsvorschriften ab.<\/p>\n\n\n\n<h3 class=\"wp-block-heading\">\u00dcbertragungen<\/h3>\n\n\n\n<p>Wir \u00fcbertragen personenbezogene Daten nur dann grenz\u00fcberschreitend (\u00dcbermittlungen aus Drittl\u00e4ndern), wenn dies erforderlich ist, um unserer Verpflichtung gegen\u00fcber Ihnen oder Ihrem Arbeitgeber nachzukommen, den berechtigten Interessen der Alimak-Gruppe Rechnung zu tragen oder einer gesetzlichen Verpflichtung nachzukommen.<\/p>\n\n\n\n<p>Jeder Verarbeiter oder jede Drittpartei, der\/die Ihre personenbezogenen Daten im Auftrag der Alimak-Gruppe verarbeiten darf, ist dazu nur gem\u00e4\u00df den technischen, organisatorischen und rechtlichen Anforderungen der Alimak-Gruppe berechtigt, die in Vertr\u00e4gen mit jedem Verarbeiter, jeder Drittpartei oder einem anderen Verantwortlichen festgelegt sind.<\/p>\n\n\n\n<h3 class=\"wp-block-heading\">Die Verwendung von Cookies auf den Websites der Alimak-Gruppe<\/h3>\n\n\n\n<p>Ein Cookie ist eine kleine Datei, die auf den Websites der Alimak-Gruppe vor\u00fcbergehend oder dauerhaft auf der Festplatte Ihres Computers gespeichert wird, wenn Sie unsere Websites besuchen. Wir verwenden Cookies haupts\u00e4chlich, um zu analysieren, wie unsere Websites verwendet werden, um die Leistung der Websites zu analysieren und Ihr Website-Erlebnis zu verbessern. Wir verwenden Cookies auch zur Vermarktung unserer Produkte und Dienstleistungen an Sie und unsere Kunden.<\/p>\n\n\n\n<p>Sie k\u00f6nnen Cookies einschr\u00e4nken, blockieren oder ablehnen, indem Sie die Cookie-Einstellungen im Browser Ihres Ger\u00e4ts oder im Abschnitt Einstellungen auf Ihrem Mobilger\u00e4t anpassen. Verwenden Sie die Hilfefunktion \/ Einstellungen, um mehr \u00fcber die Verwaltung von Cookies zu erfahren.<\/p>\n\n\n\n<h3 class=\"wp-block-heading\">Rechte der von der Datenverarbeitung betroffenen Personen<\/h3>\n\n\n\n<p>Wenn Sie oder Ihr Arbeitgeber in der EU \/ EES wohnen oder wenn Ihre personenbezogenen Daten von einem Unternehmen der Alimak-Gruppe innerhalb der EU \/ EES verarbeitet werden, gilt f\u00fcr Sie die Allgemeine Datenschutzverordnung (DSGVO). Die Verordnung enth\u00e4lt Vorschriften zum Schutz nat\u00fcrlicher Personen bei der Verarbeitung personenbezogener Daten. Mit dieser Gesetzgebung geht eine Reihe von Rechten einher, die Sie m\u00f6glicherweise aus\u00fcben k\u00f6nnen. Wenn Sie Ihre Rechte aus\u00fcben, kontaktieren Sie uns bitte unter einer der unten im Abschnitt \u201eAnsprechpartner f\u00fcr Fragen und weitere Informationen\u201c angegebenen Adressen. Eventuelle Einschr\u00e4nkungen oder \u00c4nderungen der Verarbeitung gelten sowohl f\u00fcr die Alimak-Gruppe als auch f\u00fcr alle Parteien, die personenbezogene Daten in unserem Namen verarbeiten.<\/p>\n\n\n\n<h3 class=\"wp-block-heading\">Zugriffsrecht<\/h3>\n\n\n\n<p>Sie haben das Recht, Informationen dar\u00fcber zu erhalten, ob wir personenbezogene Daten \u00fcber Sie verarbeiten. In diesem Fall erhalten Sie diese auf Ihre Anfrage in einem strukturierten, allgemein verwendeten Format. Dar\u00fcber hinaus haben Sie das Recht, diese Daten an jede Drittpartei Ihrer Wahl weiterzugeben.<\/p>\n\n\n\n<p>Neben den zu verarbeitenden personenbezogenen Daten haben Sie das Recht, \u00fcber Folgendes informiert zu werden: den Zweck und die Rechtsgrundlage der Verarbeitung sowie \u00fcber alle verf\u00fcgbaren Informationen zur Datenquelle, nach M\u00f6glichkeit \u00fcber den Zeitraum, in dem wir die Daten aufbewahren, etwaige Empf\u00e4nger oder Empf\u00e4ngerkategorien der Personen, an die diese personenbezogenen Daten weitergegeben wurden oder werden, unserer Schutzma\u00dfnahmen f\u00fcr eventuelle \u00dcbermittlungen aus Drittl\u00e4ndern und die Logik, die erforderlich ist, wenn automatisierte Entscheidungen, einschlie\u00dflich Profilerstellung, f\u00fcr Ihre personenbezogenen Daten getroffen werden.<\/p>\n\n\n\n<h3 class=\"wp-block-heading\">Recht auf Berichtigung<\/h3>\n\n\n\n<p>Die Alimak-Gruppe ist f\u00fcr die Richtigkeit der personenbezogenen Daten verantwortlich, die wir \u00fcber Sie verarbeiten. Wenn Sie jedoch personenbezogene Daten, die wir \u00fcber Sie verarbeiten, als ungenau betrachten, haben Sie das Recht, die Berichtigung dieser fehlerhaften Daten zu verlangen. Nach der durchgef\u00fchrten Berichtigung informieren wir Sie \u00fcber die Ma\u00dfnahmen, die zur Erf\u00fcllung Ihrer Anfrage ergriffen wurden.<\/p>\n\n\n\n<h2 class=\"wp-block-heading\">Widerspruchsrecht<\/h2>\n\n\n\n<p>Sie haben das Recht, der Verarbeitung zu widersprechen, wenn Ihre personenbezogenen Daten f\u00fcr Marketingzwecke und im berechtigten Interesse der Alimak-Gruppe verwendet werden, auch zu Zwecken der Profilerstellung. Wenn Ihre Interessen oder Grundrechte und -freiheiten unsere berechtigten Interessen au\u00dfer Kraft setzen, beenden wir die Verarbeitung und informieren Sie \u00fcber die ergriffenen Ma\u00dfnahmen.<\/p>\n\n\n\n<h3 class=\"wp-block-heading\">Recht auf Einschr\u00e4nkung der Verarbeitung<\/h3>\n\n\n\n<p>Sie haben das Recht, eine Einschr\u00e4nkung der Verarbeitung zu beantragen, wenn Sie den Zweck der Verarbeitung f\u00fcr nicht mehr zul\u00e4ssig halten, wenn Sie die Verarbeitung f\u00fcr rechtswidrig halten, wenn Sie die Richtigkeit der verarbeiteten personenbezogenen Daten anzweifeln oder wenn Sie der Verarbeitung widersprechen.<\/p>\n\n\n\n<p>Wenn auf Ihre Anfrage hin eine Einschr\u00e4nkung vorgenommen wird, informiert Sie die Alimak-Gruppe, wenn die Einschr\u00e4nkung der Verarbeitung aufgehoben wird.<\/p>\n\n\n\n<h3 class=\"wp-block-heading\">Recht auf Widerruf der Einwilligung<\/h3>\n\n\n\n<p>Einige der bei der Alimak-Gruppe durchgef\u00fchrten Verarbeitungsaktivit\u00e4ten basieren m\u00f6glicherweise auf Ihrer Einwilligung. In diesem Fall haben Sie das Recht, Ihre Einwilligung jederzeit zu widerrufen. Ihr Widerruf der Einwilligung hat keinen Einfluss auf die Rechtm\u00e4\u00dfigkeit der vor dem Widerruf durchgef\u00fchrten Verarbeitung.<\/p>\n\n\n\n<p>Wenn Sie Ihre Einwilligung widerrufen, wird Alimak die Verarbeitung Ihrer personenbezogenen Daten einstellen, es sei denn, wir sind verpflichtet, die Verarbeitung gem\u00e4\u00df einer gesetzlichen Verpflichtung fortzusetzen.<\/p>\n\n\n\n<h3 class=\"wp-block-heading\">Recht auf Vergessenwerden (L\u00f6schung)<\/h3>\n\n\n\n<p>Wie das Recht auf Einschr\u00e4nkung steht es Ihnen zu, die L\u00f6schung Ihrer personenbezogenen Daten zu verlangen, wenn Sie der Ansicht sind, dass der Zweck der Verarbeitung nicht mehr zul\u00e4ssig ist oder wenn Sie der Ansicht sind, dass die Verarbeitung rechtswidrig ist.<\/p>\n\n\n\n<p>Wenn die Alimak-Gruppe Ihre personenbezogenen Daten weiter verarbeiten muss, um einer gesetzlichen Verpflichtung nachzukommen, werden wir Ihre Anfrage ablehnen und Sie \u00fcber die Beweggr\u00fcnde informieren.<\/p>\n\n\n\n<h3 class=\"wp-block-heading\">Recht auf Daten\u00fcbertragbarkeit<\/h3>\n\n\n\n<p>Wenn die Verarbeitung Ihrer personenbezogenen Daten auf einer Einwilligung beruht, automatisiert erfolgt oder f\u00fcr die Erf\u00fcllung eines Vertrags, an dem Sie beteiligt sind, erforderlich ist, sind Sie berechtigt, sich auf Ihr Recht auf Daten\u00fcbertragbarkeit zu berufen. Auf Ihre Anfrage und sofern m\u00f6glich, stellt die Alimak-Gruppe Ihre personenbezogenen Daten in einem strukturierten, allgemein verwendeten und maschinenlesbaren Format einer Partei Ihrer Wahl zur Verf\u00fcgung.<\/p>\n\n\n\n<h2 class=\"wp-block-heading\">\u00c4nderungen dieser Datenschutzerkl\u00e4rung<\/h2>\n\n\n\n<p>Die Alimak-Gruppe kann diese Datenschutzerkl\u00e4rung bei Bedarf \u00e4ndern oder aktualisieren, um \u00c4nderungen in unserem Gesch\u00e4ft oder \u00c4nderungen der geltenden Gesetze Rechnung zu tragen. Bitte \u00fcberpr\u00fcfen Sie diese Richtlinie regelm\u00e4\u00dfig.<\/p>\n\n\n\n<h3 class=\"wp-block-heading\">Ansprechpartner f\u00fcr Fragen und weitere Informationen<\/h3>\n\n\n\n<p>Bei Fragen zu dieser Richtlinie oder Ihren Rechten wenden Sie sich bitte per E-Mail an privacy@alimakgroup.com oder per Post an die unten angegebene Adresse:<\/p>\n\n\n\n<p>Alimak Group AB (publ)<br>Att: Global Data Protection Manager<br>Blekholmstorget 30<br>111 64 Stockholm<\/p>\n\n\n\n<p>Zuletzt ge\u00e4ndert: 17. Dez. 2019<\/p>\n\n\n\n<div style=\"height:100px\" aria-hidden=\"true\" class=\"wp-block-spacer\"><\/div>\n","protected":false},"excerpt":{"rendered":"<p>Alimak ist Teil der Alimak-Gruppe, die bei H\u00f6henzugangsl\u00f6sungen weltweit f\u00fchrend ist. Wir sind stets bem\u00fcht, starke und vertrauensw\u00fcrdige Beziehungen zu allen Parteien aufzubauen, mit denen wir Gesch\u00e4fte machen. Daher ist es f\u00fcr uns wichtig, Ihre pers\u00f6nlichen Daten unter Ber\u00fccksichtigung Ihrer Integrit\u00e4t zu verwalten. Personenbezogene Daten sind alle Arten von Informationen, mit denen Sie als nat\u00fcrliche [&hellip;]<\/p>\n","protected":false},"author":1,"featured_media":0,"parent":208,"menu_order":0,"comment_status":"closed","ping_status":"closed","template":"","meta":{"_trash_the_other_posts":false,"editor_notices":[],"footnotes":""},"class_list":["post-222","page","type-page","status-publish","hentry"],"yoast_head":"<!-- This site is optimized with the Yoast SEO plugin v27.3 - https:\/\/yoast.com\/product\/yoast-seo-wordpress\/ -->\n<title>Datenschutzerkl\u00e4rung - Alimak Switzerland<\/title>\n<meta name=\"robots\" content=\"index, follow, max-snippet:-1, max-image-preview:large, max-video-preview:-1\" \/>\n<link rel=\"canonical\" href=\"https:\/\/alimak.com\/ch\/about-us\/privacy-policy\/\" \/>\n<meta property=\"og:locale\" content=\"en_US\" \/>\n<meta property=\"og:type\" content=\"article\" \/>\n<meta property=\"og:title\" content=\"Datenschutzerkl\u00e4rung - Alimak Switzerland\" \/>\n<meta property=\"og:description\" content=\"Alimak ist Teil der Alimak-Gruppe, die bei H\u00f6henzugangsl\u00f6sungen weltweit f\u00fchrend ist. Wir sind stets bem\u00fcht, starke und vertrauensw\u00fcrdige Beziehungen zu allen Parteien aufzubauen, mit denen wir Gesch\u00e4fte machen. Daher ist es f\u00fcr uns wichtig, Ihre pers\u00f6nlichen Daten unter Ber\u00fccksichtigung Ihrer Integrit\u00e4t zu verwalten. Personenbezogene Daten sind alle Arten von Informationen, mit denen Sie als nat\u00fcrliche [&hellip;]\" \/>\n<meta property=\"og:url\" content=\"https:\/\/alimak.com\/ch\/about-us\/privacy-policy\/\" \/>\n<meta property=\"og:site_name\" content=\"Alimak Switzerland\" \/>\n<meta property=\"article:modified_time\" content=\"2021-02-15T12:08:41+00:00\" \/>\n<meta name=\"twitter:card\" content=\"summary_large_image\" \/>\n<meta name=\"twitter:label1\" content=\"Est. reading time\" \/>\n\t<meta name=\"twitter:data1\" content=\"6 minutes\" \/>\n<script type=\"application\/ld+json\" class=\"yoast-schema-graph\">{\"@context\":\"https:\\\/\\\/schema.org\",\"@graph\":[{\"@type\":\"WebPage\",\"@id\":\"https:\\\/\\\/alimak.com\\\/ch\\\/about-us\\\/privacy-policy\\\/\",\"url\":\"https:\\\/\\\/alimak.com\\\/ch\\\/about-us\\\/privacy-policy\\\/\",\"name\":\"Datenschutzerkl\u00e4rung - Alimak Switzerland\",\"isPartOf\":{\"@id\":\"https:\\\/\\\/alimak.com\\\/ch\\\/#website\"},\"datePublished\":\"2020-11-12T13:42:58+00:00\",\"dateModified\":\"2021-02-15T12:08:41+00:00\",\"breadcrumb\":{\"@id\":\"https:\\\/\\\/alimak.com\\\/ch\\\/about-us\\\/privacy-policy\\\/#breadcrumb\"},\"inLanguage\":\"en-US\",\"potentialAction\":[{\"@type\":\"ReadAction\",\"target\":[\"https:\\\/\\\/alimak.com\\\/ch\\\/about-us\\\/privacy-policy\\\/\"]}]},{\"@type\":\"BreadcrumbList\",\"@id\":\"https:\\\/\\\/alimak.com\\\/ch\\\/about-us\\\/privacy-policy\\\/#breadcrumb\",\"itemListElement\":[{\"@type\":\"ListItem\",\"position\":1,\"name\":\"Startseite\",\"item\":\"https:\\\/\\\/alimak.com\\\/ch\\\/\"},{\"@type\":\"ListItem\",\"position\":2,\"name\":\"\u00dcber uns\",\"item\":\"https:\\\/\\\/alimak.com\\\/ch\\\/about-us\\\/\"},{\"@type\":\"ListItem\",\"position\":3,\"name\":\"Datenschutzerkl\u00e4rung\"}]},{\"@type\":\"WebSite\",\"@id\":\"https:\\\/\\\/alimak.com\\\/ch\\\/#website\",\"url\":\"https:\\\/\\\/alimak.com\\\/ch\\\/\",\"name\":\"Alimak Switzerland\",\"description\":\"Weltweit f\u00fchrend bei H\u00f6henzugangsl\u00f6sungen\",\"potentialAction\":[{\"@type\":\"SearchAction\",\"target\":{\"@type\":\"EntryPoint\",\"urlTemplate\":\"https:\\\/\\\/alimak.com\\\/ch\\\/?s={search_term_string}\"},\"query-input\":{\"@type\":\"PropertyValueSpecification\",\"valueRequired\":true,\"valueName\":\"search_term_string\"}}],\"inLanguage\":\"en-US\"}]}<\/script>\n<!-- \/ Yoast SEO plugin. -->","yoast_head_json":{"title":"Datenschutzerkl\u00e4rung - Alimak Switzerland","robots":{"index":"index","follow":"follow","max-snippet":"max-snippet:-1","max-image-preview":"max-image-preview:large","max-video-preview":"max-video-preview:-1"},"canonical":"https:\/\/alimak.com\/ch\/about-us\/privacy-policy\/","og_locale":"en_US","og_type":"article","og_title":"Datenschutzerkl\u00e4rung - Alimak Switzerland","og_description":"Alimak ist Teil der Alimak-Gruppe, die bei H\u00f6henzugangsl\u00f6sungen weltweit f\u00fchrend ist. Wir sind stets bem\u00fcht, starke und vertrauensw\u00fcrdige Beziehungen zu allen Parteien aufzubauen, mit denen wir Gesch\u00e4fte machen. Daher ist es f\u00fcr uns wichtig, Ihre pers\u00f6nlichen Daten unter Ber\u00fccksichtigung Ihrer Integrit\u00e4t zu verwalten. Personenbezogene Daten sind alle Arten von Informationen, mit denen Sie als nat\u00fcrliche [&hellip;]","og_url":"https:\/\/alimak.com\/ch\/about-us\/privacy-policy\/","og_site_name":"Alimak Switzerland","article_modified_time":"2021-02-15T12:08:41+00:00","twitter_card":"summary_large_image","twitter_misc":{"Est. reading time":"6 minutes"},"schema":{"@context":"https:\/\/schema.org","@graph":[{"@type":"WebPage","@id":"https:\/\/alimak.com\/ch\/about-us\/privacy-policy\/","url":"https:\/\/alimak.com\/ch\/about-us\/privacy-policy\/","name":"Datenschutzerkl\u00e4rung - Alimak Switzerland","isPartOf":{"@id":"https:\/\/alimak.com\/ch\/#website"},"datePublished":"2020-11-12T13:42:58+00:00","dateModified":"2021-02-15T12:08:41+00:00","breadcrumb":{"@id":"https:\/\/alimak.com\/ch\/about-us\/privacy-policy\/#breadcrumb"},"inLanguage":"en-US","potentialAction":[{"@type":"ReadAction","target":["https:\/\/alimak.com\/ch\/about-us\/privacy-policy\/"]}]},{"@type":"BreadcrumbList","@id":"https:\/\/alimak.com\/ch\/about-us\/privacy-policy\/#breadcrumb","itemListElement":[{"@type":"ListItem","position":1,"name":"Startseite","item":"https:\/\/alimak.com\/ch\/"},{"@type":"ListItem","position":2,"name":"\u00dcber uns","item":"https:\/\/alimak.com\/ch\/about-us\/"},{"@type":"ListItem","position":3,"name":"Datenschutzerkl\u00e4rung"}]},{"@type":"WebSite","@id":"https:\/\/alimak.com\/ch\/#website","url":"https:\/\/alimak.com\/ch\/","name":"Alimak Switzerland","description":"Weltweit f\u00fchrend bei H\u00f6henzugangsl\u00f6sungen","potentialAction":[{"@type":"SearchAction","target":{"@type":"EntryPoint","urlTemplate":"https:\/\/alimak.com\/ch\/?s={search_term_string}"},"query-input":{"@type":"PropertyValueSpecification","valueRequired":true,"valueName":"search_term_string"}}],"inLanguage":"en-US"}]}},"_links":{"self":[{"href":"https:\/\/alimak.com\/ch\/wp-json\/wp\/v2\/pages\/222","targetHints":{"allow":["GET"]}}],"collection":[{"href":"https:\/\/alimak.com\/ch\/wp-json\/wp\/v2\/pages"}],"about":[{"href":"https:\/\/alimak.com\/ch\/wp-json\/wp\/v2\/types\/page"}],"author":[{"embeddable":true,"href":"https:\/\/alimak.com\/ch\/wp-json\/wp\/v2\/users\/1"}],"replies":[{"embeddable":true,"href":"https:\/\/alimak.com\/ch\/wp-json\/wp\/v2\/comments?post=222"}],"version-history":[{"count":3,"href":"https:\/\/alimak.com\/ch\/wp-json\/wp\/v2\/pages\/222\/revisions"}],"predecessor-version":[{"id":3253,"href":"https:\/\/alimak.com\/ch\/wp-json\/wp\/v2\/pages\/222\/revisions\/3253"}],"up":[{"embeddable":true,"href":"https:\/\/alimak.com\/ch\/wp-json\/wp\/v2\/pages\/208"}],"wp:attachment":[{"href":"https:\/\/alimak.com\/ch\/wp-json\/wp\/v2\/media?parent=222"}],"curies":[{"name":"wp","href":"https:\/\/api.w.org\/{rel}","templated":true}]}}