{"id":403,"date":"2020-11-17T13:12:20","date_gmt":"2020-11-17T13:12:20","guid":{"rendered":"https:\/\/alimak.wpengine.com\/?page_id=403"},"modified":"2021-02-07T03:08:41","modified_gmt":"2021-02-07T03:08:41","slug":"cable-guiding-equipment","status":"publish","type":"page","link":"https:\/\/alimak.com\/ch\/accessories-overview\/cable-guiding-equipment\/","title":{"rendered":"Kabelf\u00fchrungseinrichtungen"},"content":{"rendered":"\n<article class=\"m11 break-out\" id=\"block_5fb3ccf9f629c\" data-animate-container>\n\n  <nav id=\"breadcrumbs\"><div class=\"container\" data-animate><span><span><a href=\"https:\/\/alimak.com\/ch\/\">Startseite<\/a><\/span><\/span><\/div><\/nav>\n  <div class=\"m11__wrapper\">\n    <div class=\"container m11__container\">\n\n      <div class=\"m11__content\">\n\n                  <h1 class=\"m11__heading uppercase\" data-animate>Kabelf\u00fchrungs-einrichtungen<\/h1>\n        \n                  <div class=\"m11__text\" data-animate>\n            <p>Das Alimak-Kabelf\u00fchrungssystem h\u00e4lt das Kabel immer unter Spannung. Die meisten Alimak-Produktmodelle verf\u00fcgen \u00fcber Strom- und Steuerkabel zum Fahrkorb, d. h. Sicherheit und T\u00fcr haben separate Stromkreise. Kabelf\u00fchrungen werden verwendet, um das Kabel bei normalem Gebrauch und windigen Bedingungen zur\u00fcckzuhalten, um Sch\u00e4den durch Einklemmen bei beweglichen Maschinen zu vermeiden. In Gebieten mit starkem Wind kann es erforderlich sein, die Anzahl der Kabelf\u00fchrungen zu erh\u00f6hen und den Abstand zwischen ihnen zu verringern. Die Alimak-Anlage wird immer mit Strom versorgt, auch wenn Basis und Haltestellen elektrisch miteinander verbunden sind. Der Frequenzregler bleibt immer eingeschaltet und die Anlage bleibt permanent beleuchtet und startet direkt.<\/p>\n          <\/div>\n        \n                  <a\n          href=\"https:\/\/alimak.com\/de\/contact-us\/\"\n          class=\"m11__button button\"\n          data-animate\n          target=\"_self\">\n            Kontaktieren Sie uns          <\/a>\n        \n      <\/div>\n\n              <div class=\"m11__media\">\n          <img src=https:\/\/alimak.com\/ch\/wp-content\/uploads\/sites\/34\/2020\/12\/Cable-Guiding-System-800x800.png srcset=\"https:\/\/alimak.com\/ch\/wp-content\/uploads\/sites\/34\/2020\/12\/Cable-Guiding-System-800x800.png 1x, https:\/\/alimak.com\/ch\/wp-content\/uploads\/sites\/34\/2020\/12\/Cable-Guiding-System-1600x1600.png 2x\" class=\"m11__image initial\" alt=\"\" width=\"800\" height=\"800\">        <\/div>\n      \n    <\/div>\n  <\/div>\n<\/article>\n\n\n\n\n<div class=\"archive terra-feed \">\n\n\t<form id=\"filters\" name=\"accessory-feed\" action=\"\" method=\"get\" class=\"terra terra-more--none archive-container__wrapper\" data-uid=\"00000000000013750000000000000000\">\n\t\t\t\t\t<header class=\"archive-container__filters\">\n\t\t\t\t<h4 class=\"archive-container__filters--heading\">Filter by<\/h4>\n\t\t\t\t\t\t\t\t\t\t<div class=\"archive-container__filter-wrap\">\n\t\t\t\t\t\t\t<label class=\"archive-container__filter-label\" for=\"filter-mast-type\">Masttypen<\/label>\n\t\t\t\t\t\t\t<select name=\"filter-mast-type\" data-filter=\"filter-mast-type\" class=\"filter-select archive-container__filter terra__select terra-filter  default-style\" ><option  selected='selected' disabled=\"disabled\" style=\"display: none;\">Bitte ausw\u00e4hlen<\/option><option value=\"\" >Show all<\/option><option value=\"350-triangular\" >350 dreieckig<\/option><option value=\"450-squared\" >450 quadratisch<\/option><option value=\"650-squared\" >650 quadratisch<\/option><\/select>\t\t\t\t\t\t<\/div>\n\t\t\t\t\t\t\n\t\t\t\t<button type=\"reset\" value=\"\" class=\"archive-container__reset\">\n\t\t\t\t\tReset\t\t\t\t<\/button>\n\t\t\t<\/header>\n\t\t\n\t\t<div class=\"container\">\n\t\t\t\t\t\t\t<div class=\"archive-sorting\">\n\t\t\t\t\t\t\t\t\t\t\t<div class=\"archive-sorting__count\">\n\t\t\t\t\t\t\t<input type=\"hidden\" name=\"posts-found\" value=\"1\" \/><span class=\"terra-posts-found__label\">Showing 1-3 of <strong>3<\/strong> <\/span>\t\t\t\t\t\t<\/div>\n\t\t\t\t\t\t\n\t\t\t\t\t<div class=\"archive-sorting__input\">\n\t\t\t\t\t\t<label for=\"filter-sort\">Sort:<\/label>\n\t\t\t\t\t\t<select name=\"filter-sort\" data-filter=\"filter-sort\" class=\"archive-sorting__sort terra__select terra-filter  default-style\" ><option value=\"ASC\" >A &#8211; Z<\/option><option value=\"DESC\" >Z &#8211; A<\/option><\/select>\t\t\t\t\t<\/div>\n\t\t\t\t\t\t\t<\/div>\n\n\t\t\t<div id=\"accessory-feed\" class=\"terra-container archive-container__items archive-container__items--accessory\">\n<article class=\"single-accessory-item\">\n\t<a class=\"single-accessory-item__link\">\n\n\t\t\t\t\t<div class=\"single-accessory-item__media\">\n\t\t\t\t<img src=https:\/\/alimak.com\/ch\/wp-content\/uploads\/sites\/34\/2020\/11\/1.7.1.png srcset=\"https:\/\/alimak.com\/ch\/wp-content\/uploads\/sites\/34\/2020\/11\/1.7.1.png 1x, https:\/\/alimak.com\/ch\/wp-content\/uploads\/sites\/34\/2020\/11\/1.7.1.png 2x\" class=\"single-accessory-item__image\" alt=\"\" width=\"192\" height=\"232\">\t\t\t<\/div>\n\t\t\n\t\t<div class=\"single-accessory-item__content\">\n\t\t\t<h3 class=\"single-accessory-item__heading uppercase\">Kabeltonne<\/h3>\n\t\t<\/div>\n\n\t<\/a>\n<\/article>\n\n<article class=\"single-accessory-item\">\n\t<a class=\"single-accessory-item__link\">\n\n\t\t\t\t\t<div class=\"single-accessory-item__media\">\n\t\t\t\t<img src=https:\/\/alimak.com\/ch\/wp-content\/uploads\/sites\/34\/2020\/11\/1.7.2.png srcset=\"https:\/\/alimak.com\/ch\/wp-content\/uploads\/sites\/34\/2020\/11\/1.7.2.png 1x, https:\/\/alimak.com\/ch\/wp-content\/uploads\/sites\/34\/2020\/11\/1.7.2.png 2x\" class=\"single-accessory-item__image\" alt=\"\" width=\"192\" height=\"232\">\t\t\t<\/div>\n\t\t\n\t\t<div class=\"single-accessory-item__content\">\n\t\t\t<h3 class=\"single-accessory-item__heading uppercase\">Kabelwagen<\/h3>\n\t\t<\/div>\n\n\t<\/a>\n<\/article>\n\n<article class=\"single-accessory-item\">\n\t<a class=\"single-accessory-item__link\">\n\n\t\t\t\t\t<div class=\"single-accessory-item__media\">\n\t\t\t\t<img src=https:\/\/alimak.com\/ch\/wp-content\/uploads\/sites\/34\/2020\/11\/1.7.3.png srcset=\"https:\/\/alimak.com\/ch\/wp-content\/uploads\/sites\/34\/2020\/11\/1.7.3.png 1x, https:\/\/alimak.com\/ch\/wp-content\/uploads\/sites\/34\/2020\/11\/1.7.3.png 2x\" class=\"single-accessory-item__image\" alt=\"\" width=\"192\" height=\"232\">\t\t\t<\/div>\n\t\t\n\t\t<div class=\"single-accessory-item__content\">\n\t\t\t<h3 class=\"single-accessory-item__heading uppercase\">Kabelwagen am Mast<\/h3>\n\t\t<\/div>\n\n\t<\/a>\n<\/article>\n<\/div>\t\t<\/div>\n\n\t\t<input type=\"hidden\" name=\"posts_per_page\" value=\"15\" \/><input type=\"hidden\" name=\"posts-offset\" value=\"3\" \/><\/form>\n<\/div>\n\n\n\n<div style=\"height:100px\" aria-hidden=\"true\" class=\"wp-block-spacer\"><\/div>\n\n\n\n<article class=\"m08 break-out\" id=\"block_5fb3cdb7f629f\" data-animate-container>\n  <div class=\"container m08__container\">\n\n          <div class=\"m08__block m08__block--one\">\n        <div class=\"m08__content\">\n\n                      <h2 class=\"m08__heading uppercase h3\" data-animate>Kontaktieren Sie uns f\u00fcr weitere Informationen oder ein Angebot<\/h2>\n          \n                      <div class=\"m08__text\" data-animate>\n              <p>Ben\u00f6tigen Sie Hilfe bei der Produktauswahl f\u00fcr ein bevorstehendes Projekt? Wenden Sie sich an unsere Produktexperten, um Informationen zu den verf\u00fcgbaren H\u00f6henzugangsl\u00f6sungen und ein Angebot zu erhalten, das den Anforderungen Ihres Projekts entspricht.<\/p>\n            <\/div>\n          \n                      <a\n            data-animate\n            href=\"https:\/\/alimak.com\/de\/request-a-quote\"\n            class=\"m08__button button button--outline button--white\"\n            target=\"_self\">\n              ANGEBOT ANFORDERN            <\/a>\n          \n        <\/div>\n      <\/div>\n    \n          <div class=\"m08__block m08__block--two\">\n        <div class=\"m08__content\">\n\n                      <h2 class=\"m08__heading uppercase h3\" data-animate>Finden sie einen Handelsvertreter vor Ort<\/h2>\n          \n                      <div class=\"m08__text\" data-animate>\n              <p>Alimak ist auf sechs Kontinenten vertreten und nutzt ein globales Netzwerk, um H\u00f6henzugangsl\u00f6sungen f\u00fcr eine Vielzahl von Anwendungen auf Bau- und Industriestandorten auf der ganzen Welt bereitzustellen. Kontaktieren Sie uns, um einen Vertreter vor Ort aus dem globalen Netzwerk von Alimak zu finden.<\/p>\n            <\/div>\n          \n                      <a\n            data-animate\n            href=\"\/de\/locations\"\n            class=\"m08__button button\"\n            target=\"_self\">\n              VERZEICHNIS DURCHSUCHEN            <\/a>\n          \n        <\/div>\n      <\/div>\n        \n  <\/div>\n<\/article>\n\n\n\n<div style=\"height:100px\" aria-hidden=\"true\" class=\"wp-block-spacer\"><\/div>\n","protected":false},"excerpt":{"rendered":"","protected":false},"author":1,"featured_media":0,"parent":382,"menu_order":0,"comment_status":"closed","ping_status":"closed","template":"","meta":{"_trash_the_other_posts":false,"editor_notices":[],"footnotes":""},"class_list":["post-403","page","type-page","status-publish","hentry"],"yoast_head":"<!-- This site is optimized with the Yoast SEO plugin v27.3 - https:\/\/yoast.com\/product\/yoast-seo-wordpress\/ -->\n<title>Kabelf\u00fchrungseinrichtungen - Alimak Switzerland<\/title>\n<meta name=\"robots\" content=\"index, follow, max-snippet:-1, max-image-preview:large, max-video-preview:-1\" \/>\n<link rel=\"canonical\" href=\"https:\/\/alimak.com\/ch\/accessories-overview\/cable-guiding-equipment\/\" \/>\n<meta property=\"og:locale\" content=\"en_US\" \/>\n<meta property=\"og:type\" content=\"article\" \/>\n<meta property=\"og:title\" content=\"Kabelf\u00fchrungseinrichtungen - Alimak Switzerland\" \/>\n<meta property=\"og:url\" content=\"https:\/\/alimak.com\/ch\/accessories-overview\/cable-guiding-equipment\/\" \/>\n<meta property=\"og:site_name\" content=\"Alimak Switzerland\" \/>\n<meta property=\"article:modified_time\" content=\"2021-02-07T03:08:41+00:00\" \/>\n<meta name=\"twitter:card\" content=\"summary_large_image\" \/>\n<script type=\"application\/ld+json\" class=\"yoast-schema-graph\">{\"@context\":\"https:\\\/\\\/schema.org\",\"@graph\":[{\"@type\":\"WebPage\",\"@id\":\"https:\\\/\\\/alimak.com\\\/ch\\\/accessories-overview\\\/cable-guiding-equipment\\\/\",\"url\":\"https:\\\/\\\/alimak.com\\\/ch\\\/accessories-overview\\\/cable-guiding-equipment\\\/\",\"name\":\"Kabelf\u00fchrungseinrichtungen - Alimak Switzerland\",\"isPartOf\":{\"@id\":\"https:\\\/\\\/alimak.com\\\/ch\\\/#website\"},\"datePublished\":\"2020-11-17T13:12:20+00:00\",\"dateModified\":\"2021-02-07T03:08:41+00:00\",\"breadcrumb\":{\"@id\":\"https:\\\/\\\/alimak.com\\\/ch\\\/accessories-overview\\\/cable-guiding-equipment\\\/#breadcrumb\"},\"inLanguage\":\"en-US\",\"potentialAction\":[{\"@type\":\"ReadAction\",\"target\":[\"https:\\\/\\\/alimak.com\\\/ch\\\/accessories-overview\\\/cable-guiding-equipment\\\/\"]}]},{\"@type\":\"BreadcrumbList\",\"@id\":\"https:\\\/\\\/alimak.com\\\/ch\\\/accessories-overview\\\/cable-guiding-equipment\\\/#breadcrumb\",\"itemListElement\":[{\"@type\":\"ListItem\",\"position\":1,\"name\":\"Startseite\",\"item\":\"https:\\\/\\\/alimak.com\\\/ch\\\/\"},{\"@type\":\"ListItem\",\"position\":2,\"name\":\"Zubeh\u00f6r\u00fcbersicht\",\"item\":\"https:\\\/\\\/alimak.com\\\/ch\\\/accessories-overview\\\/\"},{\"@type\":\"ListItem\",\"position\":3,\"name\":\"Kabelf\u00fchrungseinrichtungen\"}]},{\"@type\":\"WebSite\",\"@id\":\"https:\\\/\\\/alimak.com\\\/ch\\\/#website\",\"url\":\"https:\\\/\\\/alimak.com\\\/ch\\\/\",\"name\":\"Alimak Switzerland\",\"description\":\"Weltweit f\u00fchrend bei H\u00f6henzugangsl\u00f6sungen\",\"potentialAction\":[{\"@type\":\"SearchAction\",\"target\":{\"@type\":\"EntryPoint\",\"urlTemplate\":\"https:\\\/\\\/alimak.com\\\/ch\\\/?s={search_term_string}\"},\"query-input\":{\"@type\":\"PropertyValueSpecification\",\"valueRequired\":true,\"valueName\":\"search_term_string\"}}],\"inLanguage\":\"en-US\"}]}<\/script>\n<!-- \/ Yoast SEO plugin. -->","yoast_head_json":{"title":"Kabelf\u00fchrungseinrichtungen - Alimak Switzerland","robots":{"index":"index","follow":"follow","max-snippet":"max-snippet:-1","max-image-preview":"max-image-preview:large","max-video-preview":"max-video-preview:-1"},"canonical":"https:\/\/alimak.com\/ch\/accessories-overview\/cable-guiding-equipment\/","og_locale":"en_US","og_type":"article","og_title":"Kabelf\u00fchrungseinrichtungen - Alimak Switzerland","og_url":"https:\/\/alimak.com\/ch\/accessories-overview\/cable-guiding-equipment\/","og_site_name":"Alimak Switzerland","article_modified_time":"2021-02-07T03:08:41+00:00","twitter_card":"summary_large_image","schema":{"@context":"https:\/\/schema.org","@graph":[{"@type":"WebPage","@id":"https:\/\/alimak.com\/ch\/accessories-overview\/cable-guiding-equipment\/","url":"https:\/\/alimak.com\/ch\/accessories-overview\/cable-guiding-equipment\/","name":"Kabelf\u00fchrungseinrichtungen - Alimak Switzerland","isPartOf":{"@id":"https:\/\/alimak.com\/ch\/#website"},"datePublished":"2020-11-17T13:12:20+00:00","dateModified":"2021-02-07T03:08:41+00:00","breadcrumb":{"@id":"https:\/\/alimak.com\/ch\/accessories-overview\/cable-guiding-equipment\/#breadcrumb"},"inLanguage":"en-US","potentialAction":[{"@type":"ReadAction","target":["https:\/\/alimak.com\/ch\/accessories-overview\/cable-guiding-equipment\/"]}]},{"@type":"BreadcrumbList","@id":"https:\/\/alimak.com\/ch\/accessories-overview\/cable-guiding-equipment\/#breadcrumb","itemListElement":[{"@type":"ListItem","position":1,"name":"Startseite","item":"https:\/\/alimak.com\/ch\/"},{"@type":"ListItem","position":2,"name":"Zubeh\u00f6r\u00fcbersicht","item":"https:\/\/alimak.com\/ch\/accessories-overview\/"},{"@type":"ListItem","position":3,"name":"Kabelf\u00fchrungseinrichtungen"}]},{"@type":"WebSite","@id":"https:\/\/alimak.com\/ch\/#website","url":"https:\/\/alimak.com\/ch\/","name":"Alimak Switzerland","description":"Weltweit f\u00fchrend bei H\u00f6henzugangsl\u00f6sungen","potentialAction":[{"@type":"SearchAction","target":{"@type":"EntryPoint","urlTemplate":"https:\/\/alimak.com\/ch\/?s={search_term_string}"},"query-input":{"@type":"PropertyValueSpecification","valueRequired":true,"valueName":"search_term_string"}}],"inLanguage":"en-US"}]}},"_links":{"self":[{"href":"https:\/\/alimak.com\/ch\/wp-json\/wp\/v2\/pages\/403","targetHints":{"allow":["GET"]}}],"collection":[{"href":"https:\/\/alimak.com\/ch\/wp-json\/wp\/v2\/pages"}],"about":[{"href":"https:\/\/alimak.com\/ch\/wp-json\/wp\/v2\/types\/page"}],"author":[{"embeddable":true,"href":"https:\/\/alimak.com\/ch\/wp-json\/wp\/v2\/users\/1"}],"replies":[{"embeddable":true,"href":"https:\/\/alimak.com\/ch\/wp-json\/wp\/v2\/comments?post=403"}],"version-history":[{"count":3,"href":"https:\/\/alimak.com\/ch\/wp-json\/wp\/v2\/pages\/403\/revisions"}],"predecessor-version":[{"id":3109,"href":"https:\/\/alimak.com\/ch\/wp-json\/wp\/v2\/pages\/403\/revisions\/3109"}],"up":[{"embeddable":true,"href":"https:\/\/alimak.com\/ch\/wp-json\/wp\/v2\/pages\/382"}],"wp:attachment":[{"href":"https:\/\/alimak.com\/ch\/wp-json\/wp\/v2\/media?parent=403"}],"curies":[{"name":"wp","href":"https:\/\/api.w.org\/{rel}","templated":true}]}}