{"id":4380,"date":"2022-07-28T19:21:25","date_gmt":"2022-07-28T19:21:25","guid":{"rendered":"https:\/\/alimak.com\/ch\/test-page-deutsch\/"},"modified":"2022-07-28T19:21:19","modified_gmt":"2022-07-28T19:21:19","slug":"test-page-deutsch","status":"publish","type":"page","link":"https:\/\/alimak.com\/ch\/test-page-deutsch\/","title":{"rendered":"Test Page"},"content":{"rendered":"\n<article class=\"m32 break-out\" id=\"block_62e2e0efd31da\" data-animate-container>\n\t<div class=\"container m32__container\">\n\t\t\t\t\t<h3 class=\"m32__title\" data-animate>test<\/h3>\n\t\t\n\t\t\n\n\t<\/div>\n<\/article>\n\n\n\n<article class=\"m01 break-out\" id=\"block_62e2e177d31db\">\n      <div class=\"m01__wrapper\">\n      <div class=\"m01__slides\">\n                  <div class=\"m01__slide\">\n                          <div class=\"m01__content h2\">\n                <p>test<\/p>\n              <\/div>\n            \n                          <div class=\"m01__media\">\n                <img src=https:\/\/alimak.com\/wp-content\/uploads\/2022\/07\/Genelba-Thermoelectric-Power-Plant-Argentina-Cover-image.jpg  class=\"m01__image initial\" alt=\"\" width=\"\" height=\"\">              <\/div>\n                      <\/div>\n              <\/div>\n    <\/div>\n\n  <\/article>\n\n\n<article class=\"m02 break-out\" id=\"block_62e2e192d31dd\" data-animate-container>\n  <div class=\"container\" data-animate>\n    <p>test<\/p>\n  <\/div>\n<\/article>","protected":false},"excerpt":{"rendered":"","protected":false},"author":14,"featured_media":0,"parent":0,"menu_order":0,"comment_status":"closed","ping_status":"closed","template":"","meta":{"_trash_the_other_posts":false,"editor_notices":[],"footnotes":""},"class_list":["post-4380","page","type-page","status-publish","hentry"],"yoast_head":"<!-- This site is optimized with the Yoast SEO plugin v27.3 - https:\/\/yoast.com\/product\/yoast-seo-wordpress\/ -->\n<title>Test Page - Alimak Switzerland<\/title>\n<meta name=\"robots\" content=\"index, follow, max-snippet:-1, max-image-preview:large, max-video-preview:-1\" \/>\n<link rel=\"canonical\" href=\"https:\/\/alimak.com\/ch\/test-page-deutsch\/\" \/>\n<meta property=\"og:locale\" content=\"en_US\" \/>\n<meta property=\"og:type\" content=\"article\" \/>\n<meta property=\"og:title\" content=\"Test Page - Alimak Switzerland\" \/>\n<meta property=\"og:url\" content=\"https:\/\/alimak.com\/ch\/test-page-deutsch\/\" \/>\n<meta property=\"og:site_name\" content=\"Alimak Switzerland\" \/>\n<meta name=\"twitter:card\" content=\"summary_large_image\" \/>\n<script type=\"application\/ld+json\" class=\"yoast-schema-graph\">{\"@context\":\"https:\\\/\\\/schema.org\",\"@graph\":[{\"@type\":\"WebPage\",\"@id\":\"https:\\\/\\\/alimak.com\\\/ch\\\/test-page-deutsch\\\/\",\"url\":\"https:\\\/\\\/alimak.com\\\/ch\\\/test-page-deutsch\\\/\",\"name\":\"Test Page - Alimak Switzerland\",\"isPartOf\":{\"@id\":\"https:\\\/\\\/alimak.com\\\/ch\\\/#website\"},\"datePublished\":\"2022-07-28T19:21:25+00:00\",\"breadcrumb\":{\"@id\":\"https:\\\/\\\/alimak.com\\\/ch\\\/test-page-deutsch\\\/#breadcrumb\"},\"inLanguage\":\"en-US\",\"potentialAction\":[{\"@type\":\"ReadAction\",\"target\":[\"https:\\\/\\\/alimak.com\\\/ch\\\/test-page-deutsch\\\/\"]}]},{\"@type\":\"BreadcrumbList\",\"@id\":\"https:\\\/\\\/alimak.com\\\/ch\\\/test-page-deutsch\\\/#breadcrumb\",\"itemListElement\":[{\"@type\":\"ListItem\",\"position\":1,\"name\":\"Startseite\",\"item\":\"https:\\\/\\\/alimak.com\\\/ch\\\/\"},{\"@type\":\"ListItem\",\"position\":2,\"name\":\"Test Page\"}]},{\"@type\":\"WebSite\",\"@id\":\"https:\\\/\\\/alimak.com\\\/ch\\\/#website\",\"url\":\"https:\\\/\\\/alimak.com\\\/ch\\\/\",\"name\":\"Alimak Switzerland\",\"description\":\"Weltweit f\u00fchrend bei H\u00f6henzugangsl\u00f6sungen\",\"potentialAction\":[{\"@type\":\"SearchAction\",\"target\":{\"@type\":\"EntryPoint\",\"urlTemplate\":\"https:\\\/\\\/alimak.com\\\/ch\\\/?s={search_term_string}\"},\"query-input\":{\"@type\":\"PropertyValueSpecification\",\"valueRequired\":true,\"valueName\":\"search_term_string\"}}],\"inLanguage\":\"en-US\"}]}<\/script>\n<!-- \/ Yoast SEO plugin. -->","yoast_head_json":{"title":"Test Page - Alimak Switzerland","robots":{"index":"index","follow":"follow","max-snippet":"max-snippet:-1","max-image-preview":"max-image-preview:large","max-video-preview":"max-video-preview:-1"},"canonical":"https:\/\/alimak.com\/ch\/test-page-deutsch\/","og_locale":"en_US","og_type":"article","og_title":"Test Page - Alimak Switzerland","og_url":"https:\/\/alimak.com\/ch\/test-page-deutsch\/","og_site_name":"Alimak Switzerland","twitter_card":"summary_large_image","schema":{"@context":"https:\/\/schema.org","@graph":[{"@type":"WebPage","@id":"https:\/\/alimak.com\/ch\/test-page-deutsch\/","url":"https:\/\/alimak.com\/ch\/test-page-deutsch\/","name":"Test Page - Alimak Switzerland","isPartOf":{"@id":"https:\/\/alimak.com\/ch\/#website"},"datePublished":"2022-07-28T19:21:25+00:00","breadcrumb":{"@id":"https:\/\/alimak.com\/ch\/test-page-deutsch\/#breadcrumb"},"inLanguage":"en-US","potentialAction":[{"@type":"ReadAction","target":["https:\/\/alimak.com\/ch\/test-page-deutsch\/"]}]},{"@type":"BreadcrumbList","@id":"https:\/\/alimak.com\/ch\/test-page-deutsch\/#breadcrumb","itemListElement":[{"@type":"ListItem","position":1,"name":"Startseite","item":"https:\/\/alimak.com\/ch\/"},{"@type":"ListItem","position":2,"name":"Test Page"}]},{"@type":"WebSite","@id":"https:\/\/alimak.com\/ch\/#website","url":"https:\/\/alimak.com\/ch\/","name":"Alimak Switzerland","description":"Weltweit f\u00fchrend bei H\u00f6henzugangsl\u00f6sungen","potentialAction":[{"@type":"SearchAction","target":{"@type":"EntryPoint","urlTemplate":"https:\/\/alimak.com\/ch\/?s={search_term_string}"},"query-input":{"@type":"PropertyValueSpecification","valueRequired":true,"valueName":"search_term_string"}}],"inLanguage":"en-US"}]}},"_links":{"self":[{"href":"https:\/\/alimak.com\/ch\/wp-json\/wp\/v2\/pages\/4380","targetHints":{"allow":["GET"]}}],"collection":[{"href":"https:\/\/alimak.com\/ch\/wp-json\/wp\/v2\/pages"}],"about":[{"href":"https:\/\/alimak.com\/ch\/wp-json\/wp\/v2\/types\/page"}],"author":[{"embeddable":true,"href":"https:\/\/alimak.com\/ch\/wp-json\/wp\/v2\/users\/14"}],"replies":[{"embeddable":true,"href":"https:\/\/alimak.com\/ch\/wp-json\/wp\/v2\/comments?post=4380"}],"version-history":[{"count":1,"href":"https:\/\/alimak.com\/ch\/wp-json\/wp\/v2\/pages\/4380\/revisions"}],"predecessor-version":[{"id":4381,"href":"https:\/\/alimak.com\/ch\/wp-json\/wp\/v2\/pages\/4380\/revisions\/4381"}],"wp:attachment":[{"href":"https:\/\/alimak.com\/ch\/wp-json\/wp\/v2\/media?parent=4380"}],"curies":[{"name":"wp","href":"https:\/\/api.w.org\/{rel}","templated":true}]}}