{"id":4616,"date":"2023-03-13T12:47:48","date_gmt":"2023-03-13T12:47:48","guid":{"rendered":"https:\/\/alimak.com\/ch\/service-solutions\/my-alimak-deutsch\/"},"modified":"2024-12-11T12:29:33","modified_gmt":"2024-12-11T12:29:33","slug":"my-alimak","status":"publish","type":"page","link":"https:\/\/alimak.com\/ch\/service-solutions\/my-alimak\/","title":{"rendered":"My Alimak"},"content":{"rendered":"\n<article class=\"m33 break-out\" id=\"block_5fad47da958a3\" data-animate-container>\n\n  <nav id=\"breadcrumbs\"><div class=\"container\"><span><span><a href=\"https:\/\/alimak.com\/ch\/\">Startseite<\/a><\/span><\/span><\/div><\/nav>\n  <div class=\"container m33__container\">\n\t\t\n\t\t\t\t\t<h1 class=\"m33__heading uppercase  \" data-animate>My Alimak<\/h1>\n\t\t\t\t\n\t\t  <\/div>\n\n<\/article>\n\n\n\n\n<div style=\"height:100px\" aria-hidden=\"true\" class=\"wp-block-spacer\"><\/div>\n\n\n\n<div class=\"wp-block-group has-light-grey-background-color has-background\"><div class=\"wp-block-group__inner-container is-layout-flow wp-block-group-is-layout-flow\">\n<article class=\"m28 break-out\" id=\"block_5fb3fad5412b2\" data-animate-container>\n  <div class=\"container\">\n\n          <div class=\"m28__content\" data-animate><h3>Begr\u00fc\u00dfen Sie die Zukunft der Digitalisierung in der Vertikalzugangsbranche<\/h3>\n<p>My Alimak ist ein kundenspezifisches webbasiertes Portal, das von der Alimak Group entwickelt wurde, um die sichere und effiziente Nutzung von Alimak-produkten zu verbessern. Das Fern\u00fcberwachungsportal bietet Benutzern aktuelle Informationen zu ihren Alimak-maschinen. Das My Alimak-Portal zeigt eine Vielzahl von Betriebsinformationen an \u2013 mit gesammelten und in einem leicht lesbaren Format angezeigten Daten \u2013 zusammen mit vielen zus\u00e4tzlichen Funktionen wie einem fortschrittlichen Kraftberechnungstool, BIM und Dokumentenbibliotheken. Der Zugriff auf diese Daten bietet Eigent\u00fcmern eine verbesserte Unterst\u00fctzung des gesamten Asset-Managements, indem notwendige Wartungen und Reparaturen nach Bedarf antizipiert, die Sicherheit erh\u00f6ht, eine maximale Produktverf\u00fcgbarkeit gew\u00e4hrleistet und Ausfallzeiten aufgrund von Reparaturen minimiert werden.<\/p>\n<p><a href=\"https:\/\/my.alimak.com\" target=\"_blank\" rel=\"noopener\"><strong>VERBINDEN SIE SICH MIT MY ALIMAK<\/strong><\/a><\/p>\n<\/div>\n    \n          <div class=\"m28__media\">\n        <img src=https:\/\/alimak.com\/ch\/wp-content\/uploads\/sites\/34\/2024\/12\/My-Alimak-Image-2-1024x712.png  class=\"m28__image\" alt=\"\" width=\"1024\" height=\"712\">      <\/div>\n    \n  <\/div>\n<\/article>\n<\/div><\/div>\n\n\n\n<article class=\"m29 large break-out\" id=\"block_65520c70f08f7\" data-animate-container>\n  <div class=\"container\">\n\n          <h2 class=\"m29__heading h3 uppercase\" data-animate>MY ALIMAK &#8211; Industrieaufz\u00fcge<\/h2>\n    \n    \n          <div class=\"m29__media\" data-animate>\n\n        <div\n        class=\"m29__player\"\n        data-plyr-provider=\"youtube\"\n        data-plyr-embed-id=\"gXoDP7fZNwc\"><\/div>\n\n        <button type=\"button\" class=\"m29__poster\">\n                    <span class=\"m29__play-wrap\" aria-hidden=\"true\"><svg class=\"svg-icon svg-icon--icon-play\" aria-hidden=\"true\" role=\"img\"> <use href=\"#icon-play\" xlink:href=\"#icon-play\"><\/use> <\/svg><\/span> \n          <span class=\"screen-reader-text\">Click to play<\/span>\n        <\/button>\n        \n      <\/div>\n    \n  <\/div>\n<\/article>\n\n\n\n<article class=\"m29 large break-out\" id=\"block_65520c9ef08f8\" data-animate-container>\n  <div class=\"container\">\n\n          <h2 class=\"m29__heading h3 uppercase\" data-animate>My Alimak &#8211; baumaschinen<\/h2>\n    \n    \n          <div class=\"m29__media\" data-animate>\n\n        <div\n        class=\"m29__player\"\n        data-plyr-provider=\"youtube\"\n        data-plyr-embed-id=\"TCFYVpXN__w\"><\/div>\n\n        <button type=\"button\" class=\"m29__poster\">\n                    <span class=\"m29__play-wrap\" aria-hidden=\"true\"><svg class=\"svg-icon svg-icon--icon-play\" aria-hidden=\"true\" role=\"img\"> <use href=\"#icon-play\" xlink:href=\"#icon-play\"><\/use> <\/svg><\/span> \n          <span class=\"screen-reader-text\">Click to play<\/span>\n        <\/button>\n        \n      <\/div>\n    \n  <\/div>\n<\/article>\n\n\n\n<article class=\"m13 break-out\" id=\"block_5fb3fb35412b3\" data-animate-container>\n  <div class=\"container m13__container\">\n\n          <h2 class=\"m13__heading uppercase h3\" data-animate>Funktionen<\/h2>\n              <div class=\"m13__introduction large\" data-animate><p>Das My Alimak-Portal bietet dem Wartungsteam, Bedienern und Produktbesitzern Zugriff auf:<\/p>\n<\/div>\n    \n          <div class=\"m13__services\">\n                  <article class=\"m13__service\" data-animate data-delay=\"0\">\n\n                          <h3 class=\"m13__title uppercase h4\">Information<\/h3>\n            \n            <p class=\"p1\">Allgemeine Angaben, wie Seriennummer, Produkttyp, Leistungsdaten und Temperatur.<\/p>\n\n            \n                          <div class=\"m13__icon\" aria-hidden=\"true\">\n                <img src=https:\/\/alimak.com\/ch\/wp-content\/uploads\/sites\/34\/2023\/04\/1.-Information-Orange-300x300.png  class=\"\" alt=\"\" width=\"300\" height=\"300\">              <\/div>\n            \n          <\/article>\n                  <article class=\"m13__service\" data-animate data-delay=\"150\">\n\n                          <h3 class=\"m13__title uppercase h4\">Status<\/h3>\n            \n            <p class=\"p1\">Zeigen Sie eine Vielzahl von Betriebsinformationen und Daten Ihres Alimak-Produkts in Echtzeit an.<\/p>\n\n            \n                          <div class=\"m13__icon\" aria-hidden=\"true\">\n                <img src=https:\/\/alimak.com\/ch\/wp-content\/uploads\/sites\/34\/2023\/04\/2.-Status-Orange-300x300.png  class=\"\" alt=\"\" width=\"300\" height=\"300\">              <\/div>\n            \n          <\/article>\n                  <article class=\"m13__service\" data-animate data-delay=\"300\">\n\n                          <h3 class=\"m13__title uppercase h4\">Fehlermeldungen<\/h3>\n            \n            <p class=\"p1\">Erkennen Sie aktuelle Fehlermeldungen f\u00fcr eine einfache Ferndiagnose und halten Sie Ausfallzeiten auf einem Minimum.<\/p>\n\n            \n                          <div class=\"m13__icon\" aria-hidden=\"true\">\n                <img src=https:\/\/alimak.com\/ch\/wp-content\/uploads\/sites\/34\/2023\/04\/3.-Alarms-Orange-297x300.png  class=\"\" alt=\"\" width=\"297\" height=\"300\">              <\/div>\n            \n          <\/article>\n                  <article class=\"m13__service\" data-animate data-delay=\"450\">\n\n                          <h3 class=\"m13__title uppercase h4\">Standort<\/h3>\n            \n            <p class=\"p1\">Karte mit der aktuellen Position all Ihrer verbundenen Alimak-Produkte.<\/p>\n\n            \n                          <div class=\"m13__icon\" aria-hidden=\"true\">\n                <img src=https:\/\/alimak.com\/ch\/wp-content\/uploads\/sites\/34\/2023\/04\/4.-Location-orange-293x300.png  class=\"\" alt=\"\" width=\"293\" height=\"300\">              <\/div>\n            \n          <\/article>\n                  <article class=\"m13__service\" data-animate data-delay=\"600\">\n\n                          <h3 class=\"m13__title uppercase h4\">Unterlagen<\/h3>\n            \n            <p class=\"p1\">Zugriff auf alle technischen Dokumentationen, Handb\u00fccher und Zertifikate f\u00fcr Ihre Alimak-Produkte.<\/p>\n\n            \n                          <div class=\"m13__icon\" aria-hidden=\"true\">\n                <img src=https:\/\/alimak.com\/ch\/wp-content\/uploads\/sites\/34\/2023\/04\/5.-Documents-Orange-215x300.png  class=\"\" alt=\"\" width=\"215\" height=\"300\">              <\/div>\n            \n          <\/article>\n                  <article class=\"m13__service\" data-animate data-delay=\"750\">\n\n                          <h3 class=\"m13__title uppercase h4\">AliCalc<\/h3>\n            \n            <p class=\"p1\">Fortschrittliches Online-Tool zur Berechnung von Reaktionskr\u00e4ften, wodurch Zeit gespart und die Sicherheit erh\u00f6ht wird.<\/p>\n\n                          <a\n              href=\"https:\/\/youtu.be\/k_qNHzShqmw?feature=shared\"\n              class=\"m13__button read-more\"\n              target=\"_blank\">\n                <span>Video ansehen<\/span>\n                <svg class=\"svg-icon svg-icon--icon-arrow-right\" aria-hidden=\"true\" role=\"img\"> <use href=\"#icon-arrow-right\" xlink:href=\"#icon-arrow-right\"><\/use> <\/svg>              <\/a>\n            \n                          <div class=\"m13__icon\" aria-hidden=\"true\">\n                <img src=https:\/\/alimak.com\/ch\/wp-content\/uploads\/sites\/34\/2023\/04\/7.-AliCalc-Orange-242x300.png  class=\"\" alt=\"\" width=\"242\" height=\"300\">              <\/div>\n            \n          <\/article>\n                  <article class=\"m13__service\" data-animate data-delay=\"900\">\n\n                          <h3 class=\"m13__title uppercase h4\">BIM-Galerie<\/h3>\n            \n            <p>Integrieren Sie BIM-Modelle in die Planungsphase Ihres Projekts, um Ihre vertikalen Transportanforderungen zu visualisieren und zu optimieren.<\/p>\n\n                          <a\n              href=\"https:\/\/youtu.be\/Uf3dy3igtuM?feature=shared\"\n              class=\"m13__button read-more\"\n              target=\"_blank\">\n                <span>Video ansehen<\/span>\n                <svg class=\"svg-icon svg-icon--icon-arrow-right\" aria-hidden=\"true\" role=\"img\"> <use href=\"#icon-arrow-right\" xlink:href=\"#icon-arrow-right\"><\/use> <\/svg>              <\/a>\n            \n                          <div class=\"m13__icon\" aria-hidden=\"true\">\n                <img src=https:\/\/alimak.com\/ch\/wp-content\/uploads\/sites\/34\/2023\/04\/8.-BIM-Library-Orange-300x297.png  class=\"\" alt=\"\" width=\"300\" height=\"297\">              <\/div>\n            \n          <\/article>\n                  <article class=\"m13__service\" data-animate data-delay=\"1050\">\n\n                          <h3 class=\"m13__title uppercase h4\">Statistiken<\/h3>\n            \n            <p>Analysieren Sie Ihre Hebeb\u00fchnenauslastung in einem leicht lesbaren Format und verbessern Sie die logistik und Nachhaltigkeit mit erweiterten Betriebsdaten.<\/p>\n\n            \n                          <div class=\"m13__icon\" aria-hidden=\"true\">\n                <img src=https:\/\/alimak.com\/ch\/wp-content\/uploads\/sites\/34\/2023\/04\/6.-Statistics-Orange-300x286.png  class=\"\" alt=\"\" width=\"300\" height=\"286\">              <\/div>\n            \n          <\/article>\n                  <article class=\"m13__service\" data-animate data-delay=\"1200\">\n\n                          <h3 class=\"m13__title uppercase h4\">Teile online<\/h3>\n            \n            <p>Finden und identifizieren Sie Alimak-Ersatzteile ganz einfach online.<\/p>\n\n                          <a\n              href=\"https:\/\/youtu.be\/r_DmpEuJN2Q?feature=shared\"\n              class=\"m13__button read-more\"\n              target=\"_blank\">\n                <span>Video ansehen<\/span>\n                <svg class=\"svg-icon svg-icon--icon-arrow-right\" aria-hidden=\"true\" role=\"img\"> <use href=\"#icon-arrow-right\" xlink:href=\"#icon-arrow-right\"><\/use> <\/svg>              <\/a>\n            \n                          <div class=\"m13__icon\" aria-hidden=\"true\">\n                <img src=https:\/\/alimak.com\/ch\/wp-content\/uploads\/sites\/34\/2023\/04\/11.-Parts-online-Orange-2-300x267.png  class=\"\" alt=\"\" width=\"300\" height=\"267\">              <\/div>\n            \n          <\/article>\n                  <article class=\"m13__service\" data-animate data-delay=\"1350\">\n\n                          <h3 class=\"m13__title uppercase h4\">Ausbildung<\/h3>\n            \n            <p>Einfacher Zugriff auf verf\u00fcgbare Online-Schulungskurse f\u00fcr Ihr Alimak-Produkt.<\/p>\n\n            \n                          <div class=\"m13__icon\" aria-hidden=\"true\">\n                <img src=https:\/\/alimak.com\/ch\/wp-content\/uploads\/sites\/34\/2023\/04\/10.-Training-Orange-266x300.png  class=\"\" alt=\"\" width=\"266\" height=\"300\">              <\/div>\n            \n          <\/article>\n                  <article class=\"m13__service\" data-animate data-delay=\"1500\">\n\n                          <h3 class=\"m13__title uppercase h4\">Unterst\u00fctzung<\/h3>\n            \n            <p>Einfacher Zugriff auf den technischen Support vor Ort, wann immer n\u00f6tig.<\/p>\n\n            \n                          <div class=\"m13__icon\" aria-hidden=\"true\">\n                <img src=https:\/\/alimak.com\/ch\/wp-content\/uploads\/sites\/34\/2023\/04\/9.-Support-Orange-300x284.png  class=\"\" alt=\"\" width=\"300\" height=\"284\">              <\/div>\n            \n          <\/article>\n              <\/div>\n    \n  <\/div>\n<\/article>\n\n\n\r\n<article class=\"m38 break-out\" id=\"block_675866b0feaf4\" data-animate-container>\r\n  <div class=\"container\">\r\n\r\n          <div class=\"m38__introduction large\" data-animate>\r\n        <h2 class=\"m38__heading uppercase h3\"> BROSCH\u00dcREN<\/h2>\r\n      <\/div>\r\n    \r\n          <button type=\"button\" class=\"m38__accordion-button\" data-animate>\r\n        <i class=\"m38__accordion-icon\" aria-hidden=\"true\"><\/i>\r\n        <h3 class=\"m38__accordion-title uppercase h4\">My Alimak &#8211; Industrieaufz\u00fcge<\/h3>\r\n      <\/button>\r\n    \r\n    <div class=\"m38__accordion-wrapper\">\r\n      <div class=\"m38__accordion-content\">\r\n\r\n                  <ul class=\"m38__accordion-downloads no-list\">\r\n\r\n            \r\n\t\t\t\t\t\t\t<li class=\"m38__accordion-download-item\">\r\n\r\n\t\t\t\t\t\t\t\t<span class=\"m38__file-heading\">\r\n\t\t\t\t\t\t\t\t\t<strong class=\"uppercase\"><\/strong>\r\n\t\t\t\t\t\t\t\t\tErfahren Sie mehr \u00fcber My Alimak f\u00fcr Industrieaufz\u00fcge.\t\t\t\t\t\t\t\t<\/span>\r\n\r\n\t\t\t\t\t\t\t\t<div class=\"m38__columns\">\r\n\t\t\t\t\t\t\t\t\t\t\t\t\t\t\t\t\t\t\t\t\t\t\t\t\t\t\t\t\t\t\t\t\t\t\t<\/div>\r\n\r\n\t\t\t\t\t\t\t\t\r\n\t\t\t\t\t\t\t\t\t\t\t\t\t\t\t\t\t<a\r\n\t\t\t\t\t\t\t\t\ttarget=\"_self\"\r\n\t\t\t\t\t\t\t\t\trel=\"noopener noreferrer\"\r\n\t\t\t\t\t\t\t\t\tclass=\"m38__button button button--download\"\r\n\t\t\t\t\t\t\t\t\thref=\"https:\/\/alimak.com\/wp-content\/uploads\/2024\/12\/My-Alimak-Industrial-1809-EN-Aug-2024.pdf\">\r\n\t\t\t\t\t\t\t\t\t\t<span>Download<\/span>\r\n\t\t\t\t\t\t\t\t\t\t<svg class=\"svg-icon svg-icon--icon-download\" aria-hidden=\"true\" role=\"img\"> <use href=\"#icon-download\" xlink:href=\"#icon-download\"><\/use> <\/svg>\t\t\t\t\t\t\t\t\t<\/a>\r\n\t\t\t\t\t\t\t\t\r\n\t\t\t\t\t\t\t\t\r\n\t\t\t\t\t\t\t<\/li>\r\n\r\n\t\t\t\t\t\t\t\r\n          <\/ul>\r\n        \r\n      <\/div>\r\n    <\/div>\r\n\r\n  <\/div>\r\n\r\n\t\t\r\n<\/article>\r\n\n\n\r\n<article class=\"m38 break-out\" id=\"block_675867a2feaf6\" data-animate-container>\r\n  <div class=\"container\">\r\n\r\n    \r\n          <button type=\"button\" class=\"m38__accordion-button\" data-animate>\r\n        <i class=\"m38__accordion-icon\" aria-hidden=\"true\"><\/i>\r\n        <h3 class=\"m38__accordion-title uppercase h4\">My Alimak &#8211; baumaschinen<\/h3>\r\n      <\/button>\r\n    \r\n    <div class=\"m38__accordion-wrapper\">\r\n      <div class=\"m38__accordion-content\">\r\n\r\n                  <ul class=\"m38__accordion-downloads no-list\">\r\n\r\n            \r\n\t\t\t\t\t\t\t<li class=\"m38__accordion-download-item\">\r\n\r\n\t\t\t\t\t\t\t\t<span class=\"m38__file-heading\">\r\n\t\t\t\t\t\t\t\t\t<strong class=\"uppercase\"><\/strong>\r\n\t\t\t\t\t\t\t\t\tErfahren Sie mehr \u00fcber My Alimak f\u00fcr Baumaschinen.\t\t\t\t\t\t\t\t<\/span>\r\n\r\n\t\t\t\t\t\t\t\t<div class=\"m38__columns\">\r\n\t\t\t\t\t\t\t\t\t\t\t\t\t\t\t\t\t\t\t\t\t\t\t\t\t\t\t\t\t\t\t\t\t\t\t<\/div>\r\n\r\n\t\t\t\t\t\t\t\t\r\n\t\t\t\t\t\t\t\t\t\t\t\t\t\t\t\t\t<a\r\n\t\t\t\t\t\t\t\t\ttarget=\"_self\"\r\n\t\t\t\t\t\t\t\t\trel=\"noopener noreferrer\"\r\n\t\t\t\t\t\t\t\t\tclass=\"m38__button button button--download\"\r\n\t\t\t\t\t\t\t\t\thref=\"https:\/\/alimak.com\/my-alimak-1794-en-nov-2023\/\">\r\n\t\t\t\t\t\t\t\t\t\t<span>Download<\/span>\r\n\t\t\t\t\t\t\t\t\t\t<svg class=\"svg-icon svg-icon--icon-download\" aria-hidden=\"true\" role=\"img\"> <use href=\"#icon-download\" xlink:href=\"#icon-download\"><\/use> <\/svg>\t\t\t\t\t\t\t\t\t<\/a>\r\n\t\t\t\t\t\t\t\t\r\n\t\t\t\t\t\t\t\t\r\n\t\t\t\t\t\t\t<\/li>\r\n\r\n\t\t\t\t\t\t\t\r\n          <\/ul>\r\n        \r\n      <\/div>\r\n    <\/div>\r\n\r\n  <\/div>\r\n\r\n\t\t\r\n<\/article>\r\n\n\n\n<div class=\"wp-block-group has-light-grey-background-color has-background\"><div class=\"wp-block-group__inner-container is-layout-flow wp-block-group-is-layout-flow\">\n<div style=\"height:100px\" aria-hidden=\"true\" class=\"wp-block-spacer\"><\/div>\n\n\n\n<article class=\"m08 break-out\" id=\"block_5fb3cb70ddff0\" data-animate-container>\n  <div class=\"container m08__container\">\n\n          <div class=\"m08__block m08__block--one\">\n        <div class=\"m08__content\">\n\n                      <h2 class=\"m08__heading uppercase h3\" data-animate>Kontaktieren Sie uns f\u00fcr weitere Informationen oder ein Angebot<\/h2>\n          \n                      <div class=\"m08__text\" data-animate>\n              <p>Ben\u00f6tigen Sie Hilfe bei der Auswahl des richtigen Produkts oder der richtigen Dienstleistung f\u00fcr ein bevorstehendes Projekt? Wenden Sie sich an unsere Experten, um Informationen \u00fcber das Angebot an vertikalen Zugangsl\u00f6sungen zu erhalten, die f\u00fcr ein Angebot zur Verf\u00fcgung stehen, um die Anforderungen Ihres Projekts zu erf\u00fcllen&#8230;<\/p>\n            <\/div>\n          \n                      <a\n            data-animate\n            href=\"https:\/\/alimak.com\/ch\/request-a-quote\/\"\n            class=\"m08__button button button--outline button--white\"\n            target=\"_self\">\n              ANGEBOT ANFORDERN            <\/a>\n          \n        <\/div>\n      <\/div>\n    \n          <div class=\"m08__block m08__block--two\">\n        <div class=\"m08__content\">\n\n                      <h2 class=\"m08__heading uppercase h3\" data-animate>FINDEN SIE EINEN HANDELSVERTRETER VOR ORT<\/h2>\n          \n                      <div class=\"m08__text\" data-animate>\n              <p>Alimak ist auf sechs Kontinenten vertreten und nutzt ein globales Netzwerk, um H\u00f6henzugangsl\u00f6sungen f\u00fcr eine Vielzahl von Anwendungen auf Bau- und Industriestandorten auf der ganzen Welt bereitzustellen. Kontaktieren Sie uns, um einen Vertreter vor Ort aus dem globalen Netzwerk von Alimak zu finden.<\/p>\n            <\/div>\n          \n                      <a\n            data-animate\n            href=\"https:\/\/alimak.com\/ch\/locations\"\n            class=\"m08__button button\"\n            target=\"_self\">\n              VERZEICHNIS DURCHSUCHEN            <\/a>\n          \n        <\/div>\n      <\/div>\n        \n  <\/div>\n<\/article>\n<\/div><\/div>\n\n\n\n<div style=\"height:100px\" aria-hidden=\"true\" class=\"wp-block-spacer\"><\/div>\n","protected":false},"excerpt":{"rendered":"","protected":false},"author":12,"featured_media":0,"parent":203,"menu_order":0,"comment_status":"closed","ping_status":"closed","template":"","meta":{"_trash_the_other_posts":false,"editor_notices":[],"footnotes":""},"class_list":["post-4616","page","type-page","status-publish","hentry"],"yoast_head":"<!-- This site is optimized with the Yoast SEO plugin v27.3 - https:\/\/yoast.com\/product\/yoast-seo-wordpress\/ -->\n<title>My Alimak - Alimak Switzerland<\/title>\n<meta name=\"robots\" content=\"index, follow, max-snippet:-1, max-image-preview:large, max-video-preview:-1\" \/>\n<link rel=\"canonical\" href=\"https:\/\/alimak.com\/ch\/service-solutions\/my-alimak\/\" \/>\n<meta property=\"og:locale\" content=\"en_US\" \/>\n<meta property=\"og:type\" content=\"article\" \/>\n<meta property=\"og:title\" content=\"My Alimak - Alimak Switzerland\" \/>\n<meta property=\"og:url\" content=\"https:\/\/alimak.com\/ch\/service-solutions\/my-alimak\/\" \/>\n<meta property=\"og:site_name\" content=\"Alimak Switzerland\" \/>\n<meta property=\"article:modified_time\" content=\"2024-12-11T12:29:33+00:00\" \/>\n<meta name=\"twitter:card\" content=\"summary_large_image\" \/>\n<script type=\"application\/ld+json\" class=\"yoast-schema-graph\">{\"@context\":\"https:\\\/\\\/schema.org\",\"@graph\":[{\"@type\":\"WebPage\",\"@id\":\"https:\\\/\\\/alimak.com\\\/ch\\\/service-solutions\\\/my-alimak\\\/\",\"url\":\"https:\\\/\\\/alimak.com\\\/ch\\\/service-solutions\\\/my-alimak\\\/\",\"name\":\"My Alimak - Alimak Switzerland\",\"isPartOf\":{\"@id\":\"https:\\\/\\\/alimak.com\\\/ch\\\/#website\"},\"datePublished\":\"2023-03-13T12:47:48+00:00\",\"dateModified\":\"2024-12-11T12:29:33+00:00\",\"breadcrumb\":{\"@id\":\"https:\\\/\\\/alimak.com\\\/ch\\\/service-solutions\\\/my-alimak\\\/#breadcrumb\"},\"inLanguage\":\"en-US\",\"potentialAction\":[{\"@type\":\"ReadAction\",\"target\":[\"https:\\\/\\\/alimak.com\\\/ch\\\/service-solutions\\\/my-alimak\\\/\"]}]},{\"@type\":\"BreadcrumbList\",\"@id\":\"https:\\\/\\\/alimak.com\\\/ch\\\/service-solutions\\\/my-alimak\\\/#breadcrumb\",\"itemListElement\":[{\"@type\":\"ListItem\",\"position\":1,\"name\":\"Startseite\",\"item\":\"https:\\\/\\\/alimak.com\\\/ch\\\/\"},{\"@type\":\"ListItem\",\"position\":2,\"name\":\"Service &#038; Support\",\"item\":\"https:\\\/\\\/alimak.com\\\/ch\\\/service-solutions\\\/\"},{\"@type\":\"ListItem\",\"position\":3,\"name\":\"My Alimak\"}]},{\"@type\":\"WebSite\",\"@id\":\"https:\\\/\\\/alimak.com\\\/ch\\\/#website\",\"url\":\"https:\\\/\\\/alimak.com\\\/ch\\\/\",\"name\":\"Alimak Switzerland\",\"description\":\"Weltweit f\u00fchrend bei H\u00f6henzugangsl\u00f6sungen\",\"potentialAction\":[{\"@type\":\"SearchAction\",\"target\":{\"@type\":\"EntryPoint\",\"urlTemplate\":\"https:\\\/\\\/alimak.com\\\/ch\\\/?s={search_term_string}\"},\"query-input\":{\"@type\":\"PropertyValueSpecification\",\"valueRequired\":true,\"valueName\":\"search_term_string\"}}],\"inLanguage\":\"en-US\"}]}<\/script>\n<!-- \/ Yoast SEO plugin. -->","yoast_head_json":{"title":"My Alimak - Alimak Switzerland","robots":{"index":"index","follow":"follow","max-snippet":"max-snippet:-1","max-image-preview":"max-image-preview:large","max-video-preview":"max-video-preview:-1"},"canonical":"https:\/\/alimak.com\/ch\/service-solutions\/my-alimak\/","og_locale":"en_US","og_type":"article","og_title":"My Alimak - Alimak Switzerland","og_url":"https:\/\/alimak.com\/ch\/service-solutions\/my-alimak\/","og_site_name":"Alimak Switzerland","article_modified_time":"2024-12-11T12:29:33+00:00","twitter_card":"summary_large_image","schema":{"@context":"https:\/\/schema.org","@graph":[{"@type":"WebPage","@id":"https:\/\/alimak.com\/ch\/service-solutions\/my-alimak\/","url":"https:\/\/alimak.com\/ch\/service-solutions\/my-alimak\/","name":"My Alimak - Alimak Switzerland","isPartOf":{"@id":"https:\/\/alimak.com\/ch\/#website"},"datePublished":"2023-03-13T12:47:48+00:00","dateModified":"2024-12-11T12:29:33+00:00","breadcrumb":{"@id":"https:\/\/alimak.com\/ch\/service-solutions\/my-alimak\/#breadcrumb"},"inLanguage":"en-US","potentialAction":[{"@type":"ReadAction","target":["https:\/\/alimak.com\/ch\/service-solutions\/my-alimak\/"]}]},{"@type":"BreadcrumbList","@id":"https:\/\/alimak.com\/ch\/service-solutions\/my-alimak\/#breadcrumb","itemListElement":[{"@type":"ListItem","position":1,"name":"Startseite","item":"https:\/\/alimak.com\/ch\/"},{"@type":"ListItem","position":2,"name":"Service &#038; Support","item":"https:\/\/alimak.com\/ch\/service-solutions\/"},{"@type":"ListItem","position":3,"name":"My Alimak"}]},{"@type":"WebSite","@id":"https:\/\/alimak.com\/ch\/#website","url":"https:\/\/alimak.com\/ch\/","name":"Alimak Switzerland","description":"Weltweit f\u00fchrend bei H\u00f6henzugangsl\u00f6sungen","potentialAction":[{"@type":"SearchAction","target":{"@type":"EntryPoint","urlTemplate":"https:\/\/alimak.com\/ch\/?s={search_term_string}"},"query-input":{"@type":"PropertyValueSpecification","valueRequired":true,"valueName":"search_term_string"}}],"inLanguage":"en-US"}]}},"_links":{"self":[{"href":"https:\/\/alimak.com\/ch\/wp-json\/wp\/v2\/pages\/4616","targetHints":{"allow":["GET"]}}],"collection":[{"href":"https:\/\/alimak.com\/ch\/wp-json\/wp\/v2\/pages"}],"about":[{"href":"https:\/\/alimak.com\/ch\/wp-json\/wp\/v2\/types\/page"}],"author":[{"embeddable":true,"href":"https:\/\/alimak.com\/ch\/wp-json\/wp\/v2\/users\/12"}],"replies":[{"embeddable":true,"href":"https:\/\/alimak.com\/ch\/wp-json\/wp\/v2\/comments?post=4616"}],"version-history":[{"count":16,"href":"https:\/\/alimak.com\/ch\/wp-json\/wp\/v2\/pages\/4616\/revisions"}],"predecessor-version":[{"id":5236,"href":"https:\/\/alimak.com\/ch\/wp-json\/wp\/v2\/pages\/4616\/revisions\/5236"}],"up":[{"embeddable":true,"href":"https:\/\/alimak.com\/ch\/wp-json\/wp\/v2\/pages\/203"}],"wp:attachment":[{"href":"https:\/\/alimak.com\/ch\/wp-json\/wp\/v2\/media?parent=4616"}],"curies":[{"name":"wp","href":"https:\/\/api.w.org\/{rel}","templated":true}]}}