{"id":4648,"date":"2023-02-15T10:00:06","date_gmt":"2023-02-15T10:00:06","guid":{"rendered":"https:\/\/alimak.com\/ch\/service-solutions\/training-deutsch\/"},"modified":"2023-05-23T09:32:48","modified_gmt":"2023-05-23T09:32:48","slug":"training-deutsch","status":"publish","type":"page","link":"https:\/\/alimak.com\/ch\/service-solutions\/training-deutsch\/","title":{"rendered":"Schulung"},"content":{"rendered":"\n<article class=\"m33 break-out\" id=\"block_5fad49deeace4\" data-animate-container>\n\n  <nav id=\"breadcrumbs\"><div class=\"container\"><span><span><a href=\"https:\/\/alimak.com\/ch\/\">Startseite<\/a><\/span><\/span><\/div><\/nav>\n  <div class=\"container m33__container\">\n\t\t\n\t\t\t\t\t<h1 class=\"m33__heading uppercase  \" data-animate>Schulung<\/h1>\n\t\t\t\t\n\t\t  <\/div>\n\n<\/article>\n\n\n\n\n<div style=\"height:100px\" aria-hidden=\"true\" class=\"wp-block-spacer\"><\/div>\n\n\n\n<div class=\"wp-block-group has-light-grey-background-color has-background\"><div class=\"wp-block-group__inner-container is-layout-flow wp-block-group-is-layout-flow\">\n<article class=\"m28 break-out\" id=\"block_5fad49e9eace5\" data-animate-container>\n  <div class=\"container\">\n\n          <div class=\"m28__content\" data-animate><p><strong>Alimak bietet umfassende Schulungen zur Unterst\u00fctzung des sicheren Betriebs, der Wartung und Installation von Alimak-Ger\u00e4ten sowie sicherer Arbeitspraktiken.<\/strong><\/p>\n<p>Alimak bietet eine breite Palette an Schulungen an, die \u00fcber eine Mischung aus Pr\u00e4senz- und Online-Lernressourcen angeboten werden. Als f\u00fchrendes Unternehmen in der Vertikalzugangsbranche setzen wir uns f\u00fcr die F\u00f6rderung h\u00f6chster Schulungsstandards ein und arbeiten eng mit mehreren f\u00fchrenden Sicherheits- und Branchenorganisationen zusammen, um sicherzustellen, dass die bereitgestellten Inhalte den regulatorischen und gesetzlichen Rahmenbedingungen entsprechen oder diese \u00fcbertreffen. Nach Abschluss jedes Kurses im Alimak-Ausbildungspfad werden die theoretischen und praktischen F\u00e4higkeiten der Teilnehmer beurteilt und f\u00fcr jede im Programm abgeschlossene Stufe eine Zertifizierung verliehen. Besuchen Sie die Schulungswebsite der Alimak Group, um die verf\u00fcgbaren Kurse f\u00fcr Ihr Alimak-Produkt anzuzeigen.<\/p>\n<p><a href=\"https:\/\/learningstore.alimakgroup.com\/\" target=\"_blank\" rel=\"noopener\">learningstore.alimakgroup.com<\/a><\/p>\n<\/div>\n    \n          <div class=\"m28__media\">\n        <img src=https:\/\/alimak.com\/ch\/wp-content\/uploads\/sites\/34\/2023\/05\/Alimak-training-1.jpg  class=\"m28__image\" alt=\"\" width=\"768\" height=\"592\">      <\/div>\n    \n  <\/div>\n<\/article>\n<\/div><\/div>\n\n\n\n<div style=\"height:100px\" aria-hidden=\"true\" class=\"wp-block-spacer\"><\/div>\n\n\n\n<article class=\"m08 break-out\" id=\"block_5fd931999e919\" data-animate-container>\n  <div class=\"container m08__container\">\n\n          <div class=\"m08__block m08__block--one\">\n        <div class=\"m08__content\">\n\n                      <h2 class=\"m08__heading uppercase h3\" data-animate>Kontaktieren Sie uns f\u00fcr weitere Informationen oder ein Angebot<\/h2>\n          \n                      <div class=\"m08__text\" data-animate>\n              <p>Ben\u00f6tigen Sie Hilfe bei der Produktauswahl f\u00fcr ein bevorstehendes Projekt? Wenden Sie sich an unsere Produktexperten, um Informationen zu den verf\u00fcgbaren H\u00f6henzugangsl\u00f6sungen und ein Angebot zu erhalten, das den Anforderungen Ihres Projekts entspricht.<\/p>\n            <\/div>\n          \n                      <a\n            data-animate\n            href=\"https:\/\/alimak.com\/ch\/request-a-quote\"\n            class=\"m08__button button button--outline button--white\"\n            target=\"_self\">\n              ANGEBOT ANFORDERN            <\/a>\n          \n        <\/div>\n      <\/div>\n    \n          <div class=\"m08__block m08__block--two\">\n        <div class=\"m08__content\">\n\n                      <h2 class=\"m08__heading uppercase h3\" data-animate>FINDEN SIE EINEN HANDELSVERTRETER VOR ORT<\/h2>\n          \n                      <div class=\"m08__text\" data-animate>\n              <p>Alimak ist auf sechs Kontinenten vertreten und nutzt ein globales Netzwerk, um H\u00f6henzugangsl\u00f6sungen f\u00fcr eine Vielzahl von Anwendungen auf Bau- und Industriestandorten auf der ganzen Welt bereitzustellen. Kontaktieren Sie uns, um einen Vertreter vor Ort aus dem globalen Netzwerk von Alimak zu finden.<\/p>\n            <\/div>\n          \n                      <a\n            data-animate\n            href=\"https:\/\/alimak.com\/ch\/locations\"\n            class=\"m08__button button\"\n            target=\"_self\">\n              VERZEICHNIS DURCHSUCHEN            <\/a>\n          \n        <\/div>\n      <\/div>\n        \n  <\/div>\n<\/article>\n\n\n\n<div style=\"height:100px\" aria-hidden=\"true\" class=\"wp-block-spacer\"><\/div>\n","protected":false},"excerpt":{"rendered":"","protected":false},"author":12,"featured_media":0,"parent":203,"menu_order":0,"comment_status":"closed","ping_status":"closed","template":"","meta":{"_trash_the_other_posts":false,"editor_notices":[],"footnotes":""},"class_list":["post-4648","page","type-page","status-publish","hentry"],"yoast_head":"<!-- This site is optimized with the Yoast SEO plugin v27.3 - https:\/\/yoast.com\/product\/yoast-seo-wordpress\/ -->\n<title>Schulung - Alimak Switzerland<\/title>\n<meta name=\"robots\" content=\"index, follow, max-snippet:-1, max-image-preview:large, max-video-preview:-1\" \/>\n<link rel=\"canonical\" href=\"https:\/\/alimak.com\/ch\/service-solutions\/training-deutsch\/\" \/>\n<meta property=\"og:locale\" content=\"en_US\" \/>\n<meta property=\"og:type\" content=\"article\" \/>\n<meta property=\"og:title\" content=\"Schulung - Alimak Switzerland\" \/>\n<meta property=\"og:url\" content=\"https:\/\/alimak.com\/ch\/service-solutions\/training-deutsch\/\" \/>\n<meta property=\"og:site_name\" content=\"Alimak Switzerland\" \/>\n<meta property=\"article:modified_time\" content=\"2023-05-23T09:32:48+00:00\" \/>\n<meta name=\"twitter:card\" content=\"summary_large_image\" \/>\n<script type=\"application\/ld+json\" class=\"yoast-schema-graph\">{\"@context\":\"https:\\\/\\\/schema.org\",\"@graph\":[{\"@type\":\"WebPage\",\"@id\":\"https:\\\/\\\/alimak.com\\\/ch\\\/service-solutions\\\/training-deutsch\\\/\",\"url\":\"https:\\\/\\\/alimak.com\\\/ch\\\/service-solutions\\\/training-deutsch\\\/\",\"name\":\"Schulung - Alimak Switzerland\",\"isPartOf\":{\"@id\":\"https:\\\/\\\/alimak.com\\\/ch\\\/#website\"},\"datePublished\":\"2023-02-15T10:00:06+00:00\",\"dateModified\":\"2023-05-23T09:32:48+00:00\",\"breadcrumb\":{\"@id\":\"https:\\\/\\\/alimak.com\\\/ch\\\/service-solutions\\\/training-deutsch\\\/#breadcrumb\"},\"inLanguage\":\"en-US\",\"potentialAction\":[{\"@type\":\"ReadAction\",\"target\":[\"https:\\\/\\\/alimak.com\\\/ch\\\/service-solutions\\\/training-deutsch\\\/\"]}]},{\"@type\":\"BreadcrumbList\",\"@id\":\"https:\\\/\\\/alimak.com\\\/ch\\\/service-solutions\\\/training-deutsch\\\/#breadcrumb\",\"itemListElement\":[{\"@type\":\"ListItem\",\"position\":1,\"name\":\"Startseite\",\"item\":\"https:\\\/\\\/alimak.com\\\/ch\\\/\"},{\"@type\":\"ListItem\",\"position\":2,\"name\":\"Service &#038; Support\",\"item\":\"https:\\\/\\\/alimak.com\\\/ch\\\/service-solutions\\\/\"},{\"@type\":\"ListItem\",\"position\":3,\"name\":\"Schulung\"}]},{\"@type\":\"WebSite\",\"@id\":\"https:\\\/\\\/alimak.com\\\/ch\\\/#website\",\"url\":\"https:\\\/\\\/alimak.com\\\/ch\\\/\",\"name\":\"Alimak Switzerland\",\"description\":\"Weltweit f\u00fchrend bei H\u00f6henzugangsl\u00f6sungen\",\"potentialAction\":[{\"@type\":\"SearchAction\",\"target\":{\"@type\":\"EntryPoint\",\"urlTemplate\":\"https:\\\/\\\/alimak.com\\\/ch\\\/?s={search_term_string}\"},\"query-input\":{\"@type\":\"PropertyValueSpecification\",\"valueRequired\":true,\"valueName\":\"search_term_string\"}}],\"inLanguage\":\"en-US\"}]}<\/script>\n<!-- \/ Yoast SEO plugin. -->","yoast_head_json":{"title":"Schulung - Alimak Switzerland","robots":{"index":"index","follow":"follow","max-snippet":"max-snippet:-1","max-image-preview":"max-image-preview:large","max-video-preview":"max-video-preview:-1"},"canonical":"https:\/\/alimak.com\/ch\/service-solutions\/training-deutsch\/","og_locale":"en_US","og_type":"article","og_title":"Schulung - Alimak Switzerland","og_url":"https:\/\/alimak.com\/ch\/service-solutions\/training-deutsch\/","og_site_name":"Alimak Switzerland","article_modified_time":"2023-05-23T09:32:48+00:00","twitter_card":"summary_large_image","schema":{"@context":"https:\/\/schema.org","@graph":[{"@type":"WebPage","@id":"https:\/\/alimak.com\/ch\/service-solutions\/training-deutsch\/","url":"https:\/\/alimak.com\/ch\/service-solutions\/training-deutsch\/","name":"Schulung - Alimak Switzerland","isPartOf":{"@id":"https:\/\/alimak.com\/ch\/#website"},"datePublished":"2023-02-15T10:00:06+00:00","dateModified":"2023-05-23T09:32:48+00:00","breadcrumb":{"@id":"https:\/\/alimak.com\/ch\/service-solutions\/training-deutsch\/#breadcrumb"},"inLanguage":"en-US","potentialAction":[{"@type":"ReadAction","target":["https:\/\/alimak.com\/ch\/service-solutions\/training-deutsch\/"]}]},{"@type":"BreadcrumbList","@id":"https:\/\/alimak.com\/ch\/service-solutions\/training-deutsch\/#breadcrumb","itemListElement":[{"@type":"ListItem","position":1,"name":"Startseite","item":"https:\/\/alimak.com\/ch\/"},{"@type":"ListItem","position":2,"name":"Service &#038; Support","item":"https:\/\/alimak.com\/ch\/service-solutions\/"},{"@type":"ListItem","position":3,"name":"Schulung"}]},{"@type":"WebSite","@id":"https:\/\/alimak.com\/ch\/#website","url":"https:\/\/alimak.com\/ch\/","name":"Alimak Switzerland","description":"Weltweit f\u00fchrend bei H\u00f6henzugangsl\u00f6sungen","potentialAction":[{"@type":"SearchAction","target":{"@type":"EntryPoint","urlTemplate":"https:\/\/alimak.com\/ch\/?s={search_term_string}"},"query-input":{"@type":"PropertyValueSpecification","valueRequired":true,"valueName":"search_term_string"}}],"inLanguage":"en-US"}]}},"_links":{"self":[{"href":"https:\/\/alimak.com\/ch\/wp-json\/wp\/v2\/pages\/4648","targetHints":{"allow":["GET"]}}],"collection":[{"href":"https:\/\/alimak.com\/ch\/wp-json\/wp\/v2\/pages"}],"about":[{"href":"https:\/\/alimak.com\/ch\/wp-json\/wp\/v2\/types\/page"}],"author":[{"embeddable":true,"href":"https:\/\/alimak.com\/ch\/wp-json\/wp\/v2\/users\/12"}],"replies":[{"embeddable":true,"href":"https:\/\/alimak.com\/ch\/wp-json\/wp\/v2\/comments?post=4648"}],"version-history":[{"count":8,"href":"https:\/\/alimak.com\/ch\/wp-json\/wp\/v2\/pages\/4648\/revisions"}],"predecessor-version":[{"id":4662,"href":"https:\/\/alimak.com\/ch\/wp-json\/wp\/v2\/pages\/4648\/revisions\/4662"}],"up":[{"embeddable":true,"href":"https:\/\/alimak.com\/ch\/wp-json\/wp\/v2\/pages\/203"}],"wp:attachment":[{"href":"https:\/\/alimak.com\/ch\/wp-json\/wp\/v2\/media?parent=4648"}],"curies":[{"name":"wp","href":"https:\/\/api.w.org\/{rel}","templated":true}]}}