{"id":5090,"date":"2024-07-16T23:37:48","date_gmt":"2024-07-16T23:37:48","guid":{"rendered":"https:\/\/alimak.com\/ch\/legal-notice-deutsch\/"},"modified":"2024-10-01T12:14:44","modified_gmt":"2024-10-01T12:14:44","slug":"legal-notice-deutsch","status":"publish","type":"page","link":"https:\/\/alimak.com\/ch\/legal-notice-deutsch\/","title":{"rendered":"Impressum"},"content":{"rendered":"\n<article class=\"m33 break-out\" id=\"block_5fad342359fb2\" data-animate-container>\n\n  <nav id=\"breadcrumbs\"><div class=\"container\"><span><span><a href=\"https:\/\/alimak.com\/ch\/\">Startseite<\/a><\/span><\/span><\/div><\/nav>\n  <div class=\"container m33__container\">\n\t\t\n\t\t\t\t\t<h1 class=\"m33__heading uppercase  \" data-animate>Impressum<\/h1>\n\t\t\t\t\n\t\t  <\/div>\n\n<\/article>\n\n\n\n\n<div style=\"height:100px\" aria-hidden=\"true\" class=\"wp-block-spacer\"><\/div>\n\n\n\n<h2 class=\"wp-block-heading\"> Alimak Group AB (publ)<\/h2>\n\n\n\n<p> Alimak Group AB (publ) ist mit seinen Tochtergesellschaften (\u201eAlimak Group\u201c) ein globaler Anbieter nachhaltiger L\u00f6sungen f\u00fcr den vertikalen Zugang und Arbeiten in der H\u00f6he mit Pr\u00e4senz in \u00fcber 120 L\u00e4ndern. Die Alimak Group entwickelt, fertigt, verkauft und wartet L\u00f6sungen f\u00fcr den vertikalen Zugang und Arbeiten in der H\u00f6he mit dem Schwerpunkt, den Kundennutzen durch verbesserte Sicherheit, h\u00f6here Produktivit\u00e4t und verbesserte Kosteneffizienz zu steigern. <\/p>\n\n\n\n<p class=\"has-heading-4-font-size\"> <strong>GEISTIGES EIGENTUM<\/strong> <\/p>\n\n\n\n<p class=\"has-heading-4-font-size\"> <strong>Urheberrechts- und Vervielf\u00e4ltigungshinweis<\/strong> <\/p>\n\n\n\n<p class=\"has-heading-4-font-size\"> <strong>Copyright \u00a9 2024 Alimak Group. Alle Rechte vorbehalten.<\/strong><\/p>\n\n\n\n<p> Der Inhalt der Websites der Alimak Group ist durch internationale Urheberrechtskonventionen gesch\u00fctzt. Die Seitenkopfzeilen, benutzerdefinierten Grafiken, Schaltfl\u00e4chensymbole, Stilvorlagen und Skripte, die zum \u201eLook and Feel\u201c der Site beitragen, sind Dienstleistungsmarken, Warenzeichen und\/oder Handelsaufmachungen der Alimak Group und d\u00fcrfen ohne unsere vorherige schriftliche Zustimmung weder ganz noch teilweise in Verbindung mit einem Produkt oder einer Dienstleistung kopiert, nachgeahmt oder verwendet werden, und zwar in einer Weise, die bei Kunden wahrscheinlich Verwirrung stiftet, oder in einer Weise, die die Alimak Group herabsetzt oder in Verruf bringt. Die Vervielf\u00e4ltigung angemessener Teile des Inhalts der Websites ist nur zul\u00e4ssig, sofern (i) diese Vervielf\u00e4ltigungen kostenlos und f\u00fcr nichtkommerzielle Zwecke zur Verf\u00fcgung gestellt werden, (ii) diese Vervielf\u00e4ltigungen ordnungsgem\u00e4\u00df der Alimak Group zugeschrieben werden, (iii) der reproduzierte Teil der Website nicht ver\u00e4ndert oder in einer Weise zur Verf\u00fcgung gestellt wird, die den Inhalt der Website ver\u00e4ndert oder den reproduzierten Teil der Website in einem falschen Licht darstellt, und (iv) auf die auf der Website enthaltenen Haftungsausschl\u00fcsse hingewiesen wird. Die Erlaubnis zum erneuten Kopieren beinhaltet nicht die Einbindung wesentlicher Teile der Websites in Arbeiten oder Ver\u00f6ffentlichungen, sei es in gedruckter, elektronischer oder sonstiger Form oder f\u00fcr kommerzielle Zwecke. <\/p>\n\n\n\n<p class=\"has-heading-4-font-size\"> <strong>Warenzeichen<\/strong><\/p>\n\n\n\n<p><strong>ALIMAK, MAMMOTH, MEDIUS, SCANDO, VECTIO\u00a0<\/strong>und zugeh\u00f6rige Logos sind eingetragene Marken der Alimak Group AB und ihrer Tochtergesellschaften in mehreren Rechtsgebieten, darunter, aber nicht beschr\u00e4nkt auf, die EU und die Vereinigten Staaten. Die Alimak Group beh\u00e4lt alle Rechte an ihrem Namen und an den oben genannten Marken sowie an anderen auf der Website genannten Marken und Produktnamen, unabh\u00e4ngig davon, ob sie eingetragen sind oder nicht (die \u201eMarken\u201c). Sie d\u00fcrfen die Marken nicht ohne unsere vorherige schriftliche Zustimmung verwenden; Sie d\u00fcrfen die Marken nicht in einer Weise verwenden, die wahrscheinlich Verwirrung dar\u00fcber stiftet, ob wir die Quelle eines Produkts, einer Dienstleistung oder einer Aktivit\u00e4t sind.<\/p>\n\n\n\n<div style=\"height:100px\" aria-hidden=\"true\" class=\"wp-block-spacer\"><\/div>\n\n\n\n<article class=\"m08 break-out\" id=\"block_5fad353a59fb9\" data-animate-container>\n  <div class=\"container m08__container\">\n\n          <div class=\"m08__block m08__block--one\">\n        <div class=\"m08__content\">\n\n                      <h2 class=\"m08__heading uppercase h3\" data-animate>Kontaktieren Sie uns f\u00fcr weitere Informationen oder ein Angebot<\/h2>\n          \n                      <div class=\"m08__text\" data-animate>\n              <p>Ben\u00f6tigen Sie Hilfe bei der Auswahl des richtigen Produkts f\u00fcr ein bevorstehendes Projekt? Kontaktieren Sie unsere Produktexperten, um Informationen zu den verf\u00fcgbaren H\u00f6henzugangsl\u00f6sungen und ein Angebot zu erhalten, das den Anforderungen Ihres Projekts entspricht.<\/p>\n            <\/div>\n          \n                      <a\n            data-animate\n            href=\"https:\/\/alimak.com\/ch\/request-a-quote\/\"\n            class=\"m08__button button button--outline button--white\"\n            target=\"_self\">\n              Angebot anfordern            <\/a>\n          \n        <\/div>\n      <\/div>\n    \n          <div class=\"m08__block m08__block--two\">\n        <div class=\"m08__content\">\n\n                      <h2 class=\"m08__heading uppercase h3\" data-animate>Finden Sie einen Vertreter vor Ort<\/h2>\n          \n                      <div class=\"m08__text\" data-animate>\n              <p>Alimak ist auf sechs Kontinenten vertreten und nutzt ein globales Netzwerk, um H\u00f6henzugangsl\u00f6sungen f\u00fcr eine breite Palette von Anwendungen auf Baustellen und Industriegel\u00e4nden auf der ganzen Welt bereitzustellen. Nehmen Sie Kontakt auf, um einen lokalen Vertreter aus Alimaks globalem Netzwerk zu finden.<\/p>\n            <\/div>\n          \n                      <a\n            data-animate\n            href=\"\/au\/locations\"\n            class=\"m08__button button\"\n            target=\"_self\">\n              Verzeichnis durchsuchen            <\/a>\n          \n        <\/div>\n      <\/div>\n        \n  <\/div>\n<\/article>\n","protected":false},"excerpt":{"rendered":"<p>Alimak Group AB (publ) Alimak Group AB (publ) ist mit seinen Tochtergesellschaften (\u201eAlimak Group\u201c) ein globaler Anbieter nachhaltiger L\u00f6sungen f\u00fcr den vertikalen Zugang und Arbeiten in der H\u00f6he mit Pr\u00e4senz in \u00fcber 120 L\u00e4ndern. Die Alimak Group entwickelt, fertigt, verkauft und wartet L\u00f6sungen f\u00fcr den vertikalen Zugang und Arbeiten in der H\u00f6he mit dem Schwerpunkt, [&hellip;]<\/p>\n","protected":false},"author":5,"featured_media":0,"parent":0,"menu_order":0,"comment_status":"closed","ping_status":"closed","template":"","meta":{"_trash_the_other_posts":false,"editor_notices":[],"footnotes":""},"class_list":["post-5090","page","type-page","status-publish","hentry"],"yoast_head":"<!-- This site is optimized with the Yoast SEO plugin v27.3 - https:\/\/yoast.com\/product\/yoast-seo-wordpress\/ -->\n<title>Impressum - Alimak Switzerland<\/title>\n<meta name=\"robots\" content=\"index, follow, max-snippet:-1, max-image-preview:large, max-video-preview:-1\" \/>\n<link rel=\"canonical\" href=\"https:\/\/alimak.com\/ch\/legal-notice-deutsch\/\" \/>\n<meta property=\"og:locale\" content=\"en_US\" \/>\n<meta property=\"og:type\" content=\"article\" \/>\n<meta property=\"og:title\" content=\"Impressum - Alimak Switzerland\" \/>\n<meta property=\"og:description\" content=\"Alimak Group AB (publ) Alimak Group AB (publ) ist mit seinen Tochtergesellschaften (\u201eAlimak Group\u201c) ein globaler Anbieter nachhaltiger L\u00f6sungen f\u00fcr den vertikalen Zugang und Arbeiten in der H\u00f6he mit Pr\u00e4senz in \u00fcber 120 L\u00e4ndern. Die Alimak Group entwickelt, fertigt, verkauft und wartet L\u00f6sungen f\u00fcr den vertikalen Zugang und Arbeiten in der H\u00f6he mit dem Schwerpunkt, [&hellip;]\" \/>\n<meta property=\"og:url\" content=\"https:\/\/alimak.com\/ch\/legal-notice-deutsch\/\" \/>\n<meta property=\"og:site_name\" content=\"Alimak Switzerland\" \/>\n<meta property=\"article:modified_time\" content=\"2024-10-01T12:14:44+00:00\" \/>\n<meta name=\"twitter:card\" content=\"summary_large_image\" \/>\n<meta name=\"twitter:label1\" content=\"Est. reading time\" \/>\n\t<meta name=\"twitter:data1\" content=\"3 minutes\" \/>\n<script type=\"application\/ld+json\" class=\"yoast-schema-graph\">{\"@context\":\"https:\\\/\\\/schema.org\",\"@graph\":[{\"@type\":\"WebPage\",\"@id\":\"https:\\\/\\\/alimak.com\\\/ch\\\/legal-notice-deutsch\\\/\",\"url\":\"https:\\\/\\\/alimak.com\\\/ch\\\/legal-notice-deutsch\\\/\",\"name\":\"Impressum - Alimak Switzerland\",\"isPartOf\":{\"@id\":\"https:\\\/\\\/alimak.com\\\/ch\\\/#website\"},\"datePublished\":\"2024-07-16T23:37:48+00:00\",\"dateModified\":\"2024-10-01T12:14:44+00:00\",\"breadcrumb\":{\"@id\":\"https:\\\/\\\/alimak.com\\\/ch\\\/legal-notice-deutsch\\\/#breadcrumb\"},\"inLanguage\":\"en-US\",\"potentialAction\":[{\"@type\":\"ReadAction\",\"target\":[\"https:\\\/\\\/alimak.com\\\/ch\\\/legal-notice-deutsch\\\/\"]}]},{\"@type\":\"BreadcrumbList\",\"@id\":\"https:\\\/\\\/alimak.com\\\/ch\\\/legal-notice-deutsch\\\/#breadcrumb\",\"itemListElement\":[{\"@type\":\"ListItem\",\"position\":1,\"name\":\"Startseite\",\"item\":\"https:\\\/\\\/alimak.com\\\/ch\\\/\"},{\"@type\":\"ListItem\",\"position\":2,\"name\":\"Impressum\"}]},{\"@type\":\"WebSite\",\"@id\":\"https:\\\/\\\/alimak.com\\\/ch\\\/#website\",\"url\":\"https:\\\/\\\/alimak.com\\\/ch\\\/\",\"name\":\"Alimak Switzerland\",\"description\":\"Weltweit f\u00fchrend bei H\u00f6henzugangsl\u00f6sungen\",\"potentialAction\":[{\"@type\":\"SearchAction\",\"target\":{\"@type\":\"EntryPoint\",\"urlTemplate\":\"https:\\\/\\\/alimak.com\\\/ch\\\/?s={search_term_string}\"},\"query-input\":{\"@type\":\"PropertyValueSpecification\",\"valueRequired\":true,\"valueName\":\"search_term_string\"}}],\"inLanguage\":\"en-US\"}]}<\/script>\n<!-- \/ Yoast SEO plugin. -->","yoast_head_json":{"title":"Impressum - Alimak Switzerland","robots":{"index":"index","follow":"follow","max-snippet":"max-snippet:-1","max-image-preview":"max-image-preview:large","max-video-preview":"max-video-preview:-1"},"canonical":"https:\/\/alimak.com\/ch\/legal-notice-deutsch\/","og_locale":"en_US","og_type":"article","og_title":"Impressum - Alimak Switzerland","og_description":"Alimak Group AB (publ) Alimak Group AB (publ) ist mit seinen Tochtergesellschaften (\u201eAlimak Group\u201c) ein globaler Anbieter nachhaltiger L\u00f6sungen f\u00fcr den vertikalen Zugang und Arbeiten in der H\u00f6he mit Pr\u00e4senz in \u00fcber 120 L\u00e4ndern. Die Alimak Group entwickelt, fertigt, verkauft und wartet L\u00f6sungen f\u00fcr den vertikalen Zugang und Arbeiten in der H\u00f6he mit dem Schwerpunkt, [&hellip;]","og_url":"https:\/\/alimak.com\/ch\/legal-notice-deutsch\/","og_site_name":"Alimak Switzerland","article_modified_time":"2024-10-01T12:14:44+00:00","twitter_card":"summary_large_image","twitter_misc":{"Est. reading time":"3 minutes"},"schema":{"@context":"https:\/\/schema.org","@graph":[{"@type":"WebPage","@id":"https:\/\/alimak.com\/ch\/legal-notice-deutsch\/","url":"https:\/\/alimak.com\/ch\/legal-notice-deutsch\/","name":"Impressum - Alimak Switzerland","isPartOf":{"@id":"https:\/\/alimak.com\/ch\/#website"},"datePublished":"2024-07-16T23:37:48+00:00","dateModified":"2024-10-01T12:14:44+00:00","breadcrumb":{"@id":"https:\/\/alimak.com\/ch\/legal-notice-deutsch\/#breadcrumb"},"inLanguage":"en-US","potentialAction":[{"@type":"ReadAction","target":["https:\/\/alimak.com\/ch\/legal-notice-deutsch\/"]}]},{"@type":"BreadcrumbList","@id":"https:\/\/alimak.com\/ch\/legal-notice-deutsch\/#breadcrumb","itemListElement":[{"@type":"ListItem","position":1,"name":"Startseite","item":"https:\/\/alimak.com\/ch\/"},{"@type":"ListItem","position":2,"name":"Impressum"}]},{"@type":"WebSite","@id":"https:\/\/alimak.com\/ch\/#website","url":"https:\/\/alimak.com\/ch\/","name":"Alimak Switzerland","description":"Weltweit f\u00fchrend bei H\u00f6henzugangsl\u00f6sungen","potentialAction":[{"@type":"SearchAction","target":{"@type":"EntryPoint","urlTemplate":"https:\/\/alimak.com\/ch\/?s={search_term_string}"},"query-input":{"@type":"PropertyValueSpecification","valueRequired":true,"valueName":"search_term_string"}}],"inLanguage":"en-US"}]}},"_links":{"self":[{"href":"https:\/\/alimak.com\/ch\/wp-json\/wp\/v2\/pages\/5090","targetHints":{"allow":["GET"]}}],"collection":[{"href":"https:\/\/alimak.com\/ch\/wp-json\/wp\/v2\/pages"}],"about":[{"href":"https:\/\/alimak.com\/ch\/wp-json\/wp\/v2\/types\/page"}],"author":[{"embeddable":true,"href":"https:\/\/alimak.com\/ch\/wp-json\/wp\/v2\/users\/5"}],"replies":[{"embeddable":true,"href":"https:\/\/alimak.com\/ch\/wp-json\/wp\/v2\/comments?post=5090"}],"version-history":[{"count":3,"href":"https:\/\/alimak.com\/ch\/wp-json\/wp\/v2\/pages\/5090\/revisions"}],"predecessor-version":[{"id":5158,"href":"https:\/\/alimak.com\/ch\/wp-json\/wp\/v2\/pages\/5090\/revisions\/5158"}],"wp:attachment":[{"href":"https:\/\/alimak.com\/ch\/wp-json\/wp\/v2\/media?parent=5090"}],"curies":[{"name":"wp","href":"https:\/\/api.w.org\/{rel}","templated":true}]}}