{"id":819,"date":"2020-11-19T15:59:43","date_gmt":"2020-11-19T15:59:43","guid":{"rendered":"https:\/\/alimak.wpengine.com\/?page_id=819"},"modified":"2021-02-04T22:08:17","modified_gmt":"2021-02-04T22:08:17","slug":"custom-industrial-solutions","status":"publish","type":"page","link":"https:\/\/alimak.com\/ch\/custom-industrial-solutions\/","title":{"rendered":"Kundenspezifische L\u00f6sungen f\u00fcr die Industrie"},"content":{"rendered":"\n<article class=\"m11 break-out\" id=\"block_5fb691907b70f\" data-animate-container>\n\n  <nav id=\"breadcrumbs\"><div class=\"container\" data-animate><span><span><a href=\"https:\/\/alimak.com\/ch\/\">Startseite<\/a><\/span><\/span><\/div><\/nav>\n  <div class=\"m11__wrapper\">\n    <div class=\"container m11__container\">\n\n      <div class=\"m11__content\">\n\n                  <h1 class=\"m11__heading uppercase\" data-animate>Kundenspezifische L\u00f6sungen f\u00fcr die Industrie<\/h1>\n        \n                  <div class=\"m11__text\" data-animate>\n            <p>Alimak verf\u00fcgt \u00fcber ein umfangreiches Portfolio an kundenspezifischen H\u00f6henzugangsl\u00f6sungen f\u00fcr eine Reihe von Anwendungen und Branchen. Das modulare Angebot an Industrieaufz\u00fcgen von Alimak kann an eine Vielzahl von Anwendungen unterschiedlicher Gr\u00f6\u00dfe, Tragf\u00e4higkeit und Standorte angepasst werden.<\/p>\n<p>Die auf Zahnstangen-Technologie basierenden Industrieaufz\u00fcge von Alimak k\u00f6nnen auf nahezu jede H\u00f6he oder Nutzlast zugeschnitten und an Standorten mit Neigungen und Kurven installiert werden. Die bisher gr\u00f6\u00dfte Nutzlast betr\u00e4gt 24.000 kg und die gr\u00f6\u00dfte F\u00f6rderh\u00f6he liegt derzeit bei 645 Metern, wobei sich die tiefste unterirdische Anwendung bei 700 Metern befindet.<\/p>\n<p>Alimak verf\u00fcgt \u00fcber eine umfassende Erfolgsbilanz in der Umsetzung von Projekten f\u00fcr EPC-Unternehmen und Endverbraucher mit besonderen Anforderungen an Produkte und Produktion. Ein erfahrenes Team von Alimak-Projektingenieuren sorgt daf\u00fcr, dass die Projektanforderungen erf\u00fcllt werden.<\/p>\n<p>&nbsp;<\/p>\n          <\/div>\n        \n                  <a\n          href=\"https:\/\/alimak.com\/de\/contact-us\/\"\n          class=\"m11__button button\"\n          data-animate\n          target=\"_self\">\n            ANGEBOT ANFORDERN          <\/a>\n        \n      <\/div>\n\n              <div class=\"m11__media\">\n          <img src=https:\/\/alimak.com\/ch\/wp-content\/uploads\/sites\/34\/2020\/11\/Custom-Industrial-Solutions-hero-image.jpg srcset=\"https:\/\/alimak.com\/ch\/wp-content\/uploads\/sites\/34\/2020\/11\/Custom-Industrial-Solutions-hero-image.jpg 1x, https:\/\/alimak.com\/ch\/wp-content\/uploads\/sites\/34\/2020\/11\/Custom-Industrial-Solutions-hero-image.jpg 2x\" class=\"m11__image initial\" alt=\"\" width=\"666\" height=\"592\">        <\/div>\n      \n    <\/div>\n  <\/div>\n<\/article>\n\n\n\n\n<article class=\"m42 break-out\" id=\"block_5fd6a065a8c47\" data-animate-container>\n\t<div class=\"container m42__container\">\n\t\t\n\t\t\t\t\t\n\t\t\t\t\t\t\t\t\t\t\t\t\t\t\t\t\t<div class=\"m42__cta\">\n\t\t\t\t\t\t\t\t\t<div class=\"m42__cta__details\">\n\t\t\t\t\t\t\t\t\t\t<div class=\"m42__img\">\n\t\t\t\t\t\t\t\t\t\t<img src=https:\/\/alimak.com\/ch\/wp-content\/uploads\/sites\/34\/2020\/11\/Royal-Opera-House-Project-tiles.jpg  class=\"\" alt=\"\" width=\"408\" height=\"408\">\t\t\t\t\t\t\t\t\t\t<\/div>\n\n\t\t\t\t\t\t\t\t\t\t\t\t\t\t\t\t\t\t\t\t<div class=\"m42__description\">\n\t\t\t\t\t\t\t\t\t\t\t\t\t\t\t\t\t\t\t\t\t\t<h6 class=\"m42__description__title\">K\u00f6nigliches Opernhaus (Royal Opera House)<\/h6>\n\t\t\t\t\t\t\t\t\t\t\t\n\t\t\t\t\t\t\t\t\t\t\t\t\t\t\t\t\t\t\t\t\t\t\t<p class=\"m42__description__location\">London, Vereinigtes K\u00f6nigreich (UK)<\/p>\n\t\t\t\t\t\t\t\t\t\t\t\t\t\t\t\t\t\t\t\t\t<\/div>\n\t\t\t\t\t\t\t\t\t\t\t\t\t\t\t\t\t\t\t<\/div>\n\n\t\t\t\t\t\t\t\t\t<div class=\"m42__cta__text\">\n\t\t\t\t\t\t\t\t\t\t<h5 class=\"m42__subtitle\">Ein \u201eFacelift&quot; f\u00fcr das Londoner Opernhaus<\/h5>\n\t\t\t\t\t\t\t\t\t\t<p class=\"m42__excerpt\">\n\t\t\t\t\t\t\t\t\t\t\t\t\t\t\t\t\t\t\t\t\t\t\tIm Jahr 1998, 268 Jahre nach dem Bau, erhielt das Royal Opera House im lebendigen Londoner Covent Garden ein \u201eFacelift\u201c, und Alimak stand dabei hilfreich zur Seite. Ein Hauptgegenstand dieser Sanierungsarbeiten war ein \u201eEinsteige-\u201cAufzug von Alimak, der zur Hauptader der B\u00fchnenarbeiten wurde. Das Royal Opera House ist ein Repertoiretheater, das je nach Programm h\u00e4ufige Szenenwechsel erfordert, die jeden Abend variieren k\u00f6nnen.\n\t\t\t\t\t\t\t\t\t\t\t\t\t\t\t\t\t\t\t\t\t<\/p>\n\t\t\t\t\t\t\t\t\t\t<a href=\"https:\/\/alimak.com\/ch\/project\/royal-opera-house\/\" class=\"button button--orange\">Read More<\/a>\n\t\t\t\t\t\t\t\t\t<\/div>\n\t\t\t\t\t\t\t\t<\/div>\n\t\t\t\t\t\t\t\n\t\t\t\n\t\t\t\t\t\t\t\t\t\t\t\t\t\t\t\t\t<div class=\"m42__cta\">\n\t\t\t\t\t\t\t\t\t<div class=\"m42__cta__details\">\n\t\t\t\t\t\t\t\t\t\t<div class=\"m42__img\">\n\t\t\t\t\t\t\t\t\t\t<img src=https:\/\/alimak.com\/ch\/wp-content\/uploads\/sites\/34\/2020\/11\/Halley-Survey-Base-Antarctica-Projects-tiles.jpg  class=\"\" alt=\"\" width=\"408\" height=\"408\">\t\t\t\t\t\t\t\t\t\t<\/div>\n\n\t\t\t\t\t\t\t\t\t\t\t\t\t\t\t\t\t\t\t\t<div class=\"m42__description\">\n\t\t\t\t\t\t\t\t\t\t\t\t\t\t\t\t\t\t\t\t\t\t<h6 class=\"m42__description__title\">Halley-Forschungsstation<\/h6>\n\t\t\t\t\t\t\t\t\t\t\t\n\t\t\t\t\t\t\t\t\t\t\t\t\t\t\t\t\t\t\t\t\t\t\t<p class=\"m42__description__location\">Brunt-Schelfeis, Antarktis<\/p>\n\t\t\t\t\t\t\t\t\t\t\t\t\t\t\t\t\t\t\t\t\t<\/div>\n\t\t\t\t\t\t\t\t\t\t\t\t\t\t\t\t\t\t\t<\/div>\n\n\t\t\t\t\t\t\t\t\t<div class=\"m42__cta__text\">\n\t\t\t\t\t\t\t\t\t\t<h5 class=\"m42__subtitle\">Alimak-Aufzug am S\u00fcdpol<\/h5>\n\t\t\t\t\t\t\t\t\t\t<p class=\"m42__excerpt\">\n\t\t\t\t\t\t\t\t\t\t\t\t\t\t\t\t\t\t\t\t\t\t\tStellen Sie sich vor, Sie leben und arbeiten in einer Umgebung, in der die Temperaturen -50 \u00b0C erreichen k\u00f6nnen. Ein Ort, an dem der Schneefall so intensiv ist, dass etwa alle zehn Jahre ein Neuaufbau der vom Schnee zerdr\u00fcckten Geb\u00e4ude erforderlich ist. Willkommen in der Halley-Forschungsstation in der Antarktis, in der das ganze Jahr \u00fcber eine maximale Anzahl von Forschern und Wissenschaftlern lebt.\n\t\t\t\t\t\t\t\t\t\t\t\t\t\t\t\t\t\t\t\t\t<\/p>\n\t\t\t\t\t\t\t\t\t\t<a href=\"https:\/\/alimak.com\/ch\/project\/halley-survey-base-antarctica\/\" class=\"button button--orange\">Read More<\/a>\n\t\t\t\t\t\t\t\t\t<\/div>\n\t\t\t\t\t\t\t\t<\/div>\n\t\t\t\t\t\t\t\n\t\t\t\n\t\t\t\t\t\t\t\t\t\t\t\t\t\t\t\t\t<div class=\"m42__cta\">\n\t\t\t\t\t\t\t\t\t<div class=\"m42__cta__details\">\n\t\t\t\t\t\t\t\t\t\t<div class=\"m42__img\">\n\t\t\t\t\t\t\t\t\t\t<img src=https:\/\/alimak.com\/ch\/wp-content\/uploads\/sites\/34\/2020\/11\/Parliament-House-Projects-tiles.jpg  class=\"\" alt=\"\" width=\"408\" height=\"408\">\t\t\t\t\t\t\t\t\t\t<\/div>\n\n\t\t\t\t\t\t\t\t\t\t\t\t\t\t\t\t\t\t\t\t<div class=\"m42__description\">\n\t\t\t\t\t\t\t\t\t\t\t\t\t\t\t\t\t\t\t\t\t\t<h6 class=\"m42__description__title\">Parliament House<\/h6>\n\t\t\t\t\t\t\t\t\t\t\t\n\t\t\t\t\t\t\t\t\t\t\t\t\t\t\t\t\t\t\t\t\t\t\t<p class=\"m42__description__location\">Canberra, Australien<\/p>\n\t\t\t\t\t\t\t\t\t\t\t\t\t\t\t\t\t\t\t\t\t<\/div>\n\t\t\t\t\t\t\t\t\t\t\t\t\t\t\t\t\t\t\t<\/div>\n\n\t\t\t\t\t\t\t\t\t<div class=\"m42__cta__text\">\n\t\t\t\t\t\t\t\t\t\t<h5 class=\"m42__subtitle\">25 Jahre sp\u00e4ter: Alimak schreibt im Parliament House von Australien Geschichte<\/h5>\n\t\t\t\t\t\t\t\t\t\t<p class=\"m42__excerpt\">\n\t\t\t\t\t\t\t\t\t\t\t\t\t\t\t\t\t\t\t\t\t\t\tAnl\u00e4sslich des 25-j\u00e4hrigen Jubil\u00e4ums blickt Alimak auf eines der gr\u00f6\u00dften und einzigartigsten Projekte zur\u00fcck, die das Unternehmen weltweit durchgef\u00fchrt hat \u2013 und auf den Beitrag, den Alimak zu einem der bekanntesten Bauwerke Australiens geleistet hat. Im Jahr 1986 entwarf, fertigte und installierte Alimak zwei Industrieaufz\u00fcge in einem der bekanntesten und einzigartigsten Bauwerke Australiens.\n\t\t\t\t\t\t\t\t\t\t\t\t\t\t\t\t\t\t\t\t\t<\/p>\n\t\t\t\t\t\t\t\t\t\t<a href=\"https:\/\/alimak.com\/ch\/project\/parliament-house-australia\/\" class=\"button button--orange\">Read More<\/a>\n\t\t\t\t\t\t\t\t\t<\/div>\n\t\t\t\t\t\t\t\t<\/div>\n\t\t\t\t\t\t\t\n\t\t\t\t\t\t<\/div>\n<\/article>\n\n\n\n<div class=\"wp-block-group has-white-color has-dark-grey-background-color has-text-color has-background is-layout-flow wp-block-group-is-layout-flow\"><div class=\"wp-block-group__inner-container\"><\/div><\/div>\n\n\n\n<article class=\"m13 break-out\" id=\"block_5fb3c2e6644e4\" data-animate-container>\n  <div class=\"container m13__container\">\n\n          <h2 class=\"m13__heading uppercase h3\" data-animate>Service und Support<\/h2>\n        \n          <div class=\"m13__services\">\n                  <article class=\"m13__service\" data-animate data-delay=\"0\">\n\n                          <h3 class=\"m13__title uppercase h4\">WARTUNG<\/h3>\n            \n            <p>Ein umfassendes Angebot an Wartungsleistungen wird von geschulten Alimak-Servicetechnikern zur Verf\u00fcgung gestellt und durchgef\u00fchrt, um die kontinuierliche optimale Leistung der Anlagen zu gew\u00e4hrleisten.<\/p>\n\n                          <a\n              href=\"https:\/\/alimak.com\/ch\/service-support-overview\/maintenance\/\"\n              class=\"m13__button read-more\"\n              target=\"_self\">\n                <span>Mehr erfahren<\/span>\n                <svg class=\"svg-icon svg-icon--icon-arrow-right\" aria-hidden=\"true\" role=\"img\"> <use href=\"#icon-arrow-right\" xlink:href=\"#icon-arrow-right\"><\/use> <\/svg>              <\/a>\n            \n                          <div class=\"m13__icon\" aria-hidden=\"true\">\n                <img src=https:\/\/alimak.com\/ch\/wp-content\/uploads\/sites\/34\/2020\/11\/icons_Service-Support-1.png  class=\"\" alt=\"\" width=\"61\" height=\"60\">              <\/div>\n            \n          <\/article>\n                  <article class=\"m13__service\" data-animate data-delay=\"150\">\n\n                          <h3 class=\"m13__title uppercase h4\">Konnektivit\u00e4t und Asset-Management<\/h3>\n            \n            <p>L\u00f6sungen f\u00fcr Konnektivit\u00e4t und Asset-Management geben Auskunft \u00fcber die Effizienz von Industrieaufz\u00fcgen und bieten Unterst\u00fctzung, um den Produktlebenszyklus zu verl\u00e4ngern.<\/p>\n\n                          <a\n              href=\"https:\/\/alimak.com\/ch\/service-support-overview\/connectivity-and-asset-management\/\"\n              class=\"m13__button read-more\"\n              target=\"_self\">\n                <span>Mehr erfahren<\/span>\n                <svg class=\"svg-icon svg-icon--icon-arrow-right\" aria-hidden=\"true\" role=\"img\"> <use href=\"#icon-arrow-right\" xlink:href=\"#icon-arrow-right\"><\/use> <\/svg>              <\/a>\n            \n                          <div class=\"m13__icon\" aria-hidden=\"true\">\n                <img src=https:\/\/alimak.com\/ch\/wp-content\/uploads\/sites\/34\/2020\/11\/icons_Service-Support-2.png  class=\"\" alt=\"\" width=\"37\" height=\"60\">              <\/div>\n            \n          <\/article>\n                  <article class=\"m13__service\" data-animate data-delay=\"300\">\n\n                          <h3 class=\"m13__title uppercase h4\">Anwendungstechnik<\/h3>\n            \n            <p><span class=\"TextRun Highlight SCXW22701161 BCX0\" lang=\"EN-AU\" xml:lang=\"EN-AU\" data-contrast=\"none\"><span class=\"NormalTextRun SCXW22701161 BCX0\">Die Ingenieure von Alimak entwickeln kundenorientierte L\u00f6sungen f\u00fcr anspruchsvolle Installationen. Ma\u00dfgeschneiderte L\u00f6sungen umfassen Konfigurationszeichnungen sowie Berechnungen von Festigkeit, Bodenlast und Ankerkraft.<\/span><\/span><\/p>\n\n                          <a\n              href=\"https:\/\/alimak.com\/ch\/service-support-overview\/application-engineering\/\"\n              class=\"m13__button read-more\"\n              target=\"_self\">\n                <span>Mehr erfahren<\/span>\n                <svg class=\"svg-icon svg-icon--icon-arrow-right\" aria-hidden=\"true\" role=\"img\"> <use href=\"#icon-arrow-right\" xlink:href=\"#icon-arrow-right\"><\/use> <\/svg>              <\/a>\n            \n                          <div class=\"m13__icon\" aria-hidden=\"true\">\n                <img src=https:\/\/alimak.com\/ch\/wp-content\/uploads\/sites\/34\/2020\/11\/icons_Service-Support-3.png  class=\"\" alt=\"\" width=\"60\" height=\"60\">              <\/div>\n            \n          <\/article>\n                  <article class=\"m13__service\" data-animate data-delay=\"450\">\n\n                          <h3 class=\"m13__title uppercase h4\">Schulung<\/h3>\n            \n            <p>F\u00fcr die Produktpalette von Alimak stehen eine Reihe von Sicherheits-, Installations- und Bedienerschulungen zur Verf\u00fcgung.<\/p>\n\n                          <a\n              href=\"https:\/\/training.alimakgroup.com\/?reset-filter-FilterAccreditation=&#038;FilterBrand=Alimak&#038;reset-filter-FilterDelivery=&#038;reset-filter-FilterCountry=&#038;reset-filter-FilterCalendar=\"\n              class=\"m13__button read-more\"\n              target=\"_blank\">\n                <span>Mehr erfahren<\/span>\n                <svg class=\"svg-icon svg-icon--icon-arrow-right\" aria-hidden=\"true\" role=\"img\"> <use href=\"#icon-arrow-right\" xlink:href=\"#icon-arrow-right\"><\/use> <\/svg>              <\/a>\n            \n                          <div class=\"m13__icon\" aria-hidden=\"true\">\n                <img src=https:\/\/alimak.com\/ch\/wp-content\/uploads\/sites\/34\/2020\/11\/icons_Service-Support-4.png  class=\"\" alt=\"\" width=\"56\" height=\"60\">              <\/div>\n            \n          <\/article>\n                  <article class=\"m13__service\" data-animate data-delay=\"600\">\n\n                          <h3 class=\"m13__title uppercase h4\">Finanzierungsl\u00f6sungen<\/h3>\n            \n            <p>Alimak bietet flexible Finanzierungsl\u00f6sungen an, die von Zahlungsaufschub, Exportfinanzierung bis hin zum Finanzierungsleasing reichen.<\/p>\n\n                          <a\n              href=\"https:\/\/alimak.com\/ch\/service-support-overview\/financing-solutions\/\"\n              class=\"m13__button read-more\"\n              target=\"_self\">\n                <span>Mehr erfahren<\/span>\n                <svg class=\"svg-icon svg-icon--icon-arrow-right\" aria-hidden=\"true\" role=\"img\"> <use href=\"#icon-arrow-right\" xlink:href=\"#icon-arrow-right\"><\/use> <\/svg>              <\/a>\n            \n                          <div class=\"m13__icon\" aria-hidden=\"true\">\n                <img src=https:\/\/alimak.com\/ch\/wp-content\/uploads\/sites\/34\/2020\/11\/icons_Service-Support-5.png  class=\"\" alt=\"\" width=\"67\" height=\"60\">              <\/div>\n            \n          <\/article>\n                  <article class=\"m13__service\" data-animate data-delay=\"750\">\n\n                          <h3 class=\"m13__title uppercase h4\">Bauwerksdatenmodellierung (BIM)<\/h3>\n            \n            <p>Building Information Modelling steht zu jedem Zeitpunkt in einem Projekt f\u00fcr Simulationen, Installationen und die Integration von Alimak-H\u00f6henzugangsprodukten zur Verf\u00fcgung.<\/p>\n\n                          <a\n              href=\"https:\/\/bimgallery.alimak.com\/bim\/\"\n              class=\"m13__button read-more\"\n              target=\"_blank\">\n                <span>Mehr erfahren<\/span>\n                <svg class=\"svg-icon svg-icon--icon-arrow-right\" aria-hidden=\"true\" role=\"img\"> <use href=\"#icon-arrow-right\" xlink:href=\"#icon-arrow-right\"><\/use> <\/svg>              <\/a>\n            \n                          <div class=\"m13__icon\" aria-hidden=\"true\">\n                <img src=https:\/\/alimak.com\/ch\/wp-content\/uploads\/sites\/34\/2020\/11\/icons_Service-Support-6.png  class=\"\" alt=\"\" width=\"66\" height=\"60\">              <\/div>\n            \n          <\/article>\n              <\/div>\n    \n  <\/div>\n<\/article>\n\n\n\n<article class=\"m08 break-out\" id=\"block_5fb693667b717\" data-animate-container>\n  <div class=\"container m08__container\">\n\n          <div class=\"m08__block m08__block--one\">\n        <div class=\"m08__content\">\n\n                      <h2 class=\"m08__heading uppercase h3\" data-animate>Kontaktieren Sie uns f\u00fcr weitere Informationen oder ein Angebot<\/h2>\n          \n                      <div class=\"m08__text\" data-animate>\n              <p>Ben\u00f6tigen Sie Hilfe bei der Produktauswahl f\u00fcr ein bevorstehendes Projekt? Wenden Sie sich an unsere Produktexperten, um Informationen zu den verf\u00fcgbaren H\u00f6henzugangsl\u00f6sungen und ein Angebot zu erhalten, das den Anforderungen Ihres Projekts entspricht.<\/p>\n            <\/div>\n          \n                      <a\n            data-animate\n            href=\"https:\/\/alimak.com\/de\/request-a-quote\"\n            class=\"m08__button button button--outline button--white\"\n            target=\"_self\">\n              ANGEBOT ANFORDERN            <\/a>\n          \n        <\/div>\n      <\/div>\n    \n          <div class=\"m08__block m08__block--two\">\n        <div class=\"m08__content\">\n\n                      <h2 class=\"m08__heading uppercase h3\" data-animate>Finden sie einen Handelsvertreter vor Ort<\/h2>\n          \n                      <div class=\"m08__text\" data-animate>\n              <p>Alimak ist auf sechs Kontinenten vertreten und nutzt ein globales Netzwerk, um H\u00f6henzugangsl\u00f6sungen f\u00fcr eine Vielzahl von Anwendungen auf Bau- und Industriestandorten auf der ganzen Welt bereitzustellen. Kontaktieren Sie uns, um einen Vertreter vor Ort aus dem globalen Netzwerk von Alimak zu finden.<\/p>\n            <\/div>\n          \n                      <a\n            data-animate\n            href=\"\/de\/locations\"\n            class=\"m08__button button\"\n            target=\"_self\">\n              Verzeichnis durchsuchen            <\/a>\n          \n        <\/div>\n      <\/div>\n        \n  <\/div>\n<\/article>\n\n\n\n<div style=\"height:100px\" aria-hidden=\"true\" class=\"wp-block-spacer\"><\/div>\n","protected":false},"excerpt":{"rendered":"","protected":false},"author":1,"featured_media":0,"parent":0,"menu_order":0,"comment_status":"closed","ping_status":"closed","template":"","meta":{"_trash_the_other_posts":false,"editor_notices":[],"footnotes":""},"class_list":["post-819","page","type-page","status-publish","hentry"],"yoast_head":"<!-- This site is optimized with the Yoast SEO plugin v27.3 - https:\/\/yoast.com\/product\/yoast-seo-wordpress\/ -->\n<title>Kundenspezifische L\u00f6sungen f\u00fcr die Industrie - Alimak Switzerland<\/title>\n<meta name=\"robots\" content=\"index, follow, max-snippet:-1, max-image-preview:large, max-video-preview:-1\" \/>\n<link rel=\"canonical\" href=\"https:\/\/alimak.com\/de\/industry\/industrie-kundenspezifisch\/\" \/>\n<meta property=\"og:locale\" content=\"en_US\" \/>\n<meta property=\"og:type\" content=\"article\" \/>\n<meta property=\"og:title\" content=\"Kundenspezifische L\u00f6sungen f\u00fcr die Industrie - Alimak Switzerland\" \/>\n<meta property=\"og:url\" content=\"https:\/\/alimak.com\/de\/industry\/industrie-kundenspezifisch\/\" \/>\n<meta property=\"og:site_name\" content=\"Alimak Switzerland\" \/>\n<meta property=\"article:modified_time\" content=\"2021-02-04T22:08:17+00:00\" \/>\n<meta name=\"twitter:card\" content=\"summary_large_image\" \/>\n<script type=\"application\/ld+json\" class=\"yoast-schema-graph\">{\"@context\":\"https:\\\/\\\/schema.org\",\"@graph\":[{\"@type\":\"WebPage\",\"@id\":\"https:\\\/\\\/alimak.com\\\/ch\\\/custom-industrial-solutions\\\/\",\"url\":\"https:\\\/\\\/alimak.com\\\/de\\\/industry\\\/industrie-kundenspezifisch\\\/\",\"name\":\"Kundenspezifische L\u00f6sungen f\u00fcr die Industrie - Alimak Switzerland\",\"isPartOf\":{\"@id\":\"https:\\\/\\\/alimak.com\\\/ch\\\/#website\"},\"datePublished\":\"2020-11-19T15:59:43+00:00\",\"dateModified\":\"2021-02-04T22:08:17+00:00\",\"breadcrumb\":{\"@id\":\"https:\\\/\\\/alimak.com\\\/de\\\/industry\\\/industrie-kundenspezifisch\\\/#breadcrumb\"},\"inLanguage\":\"en-US\",\"potentialAction\":[{\"@type\":\"ReadAction\",\"target\":[\"https:\\\/\\\/alimak.com\\\/de\\\/industry\\\/industrie-kundenspezifisch\\\/\"]}]},{\"@type\":\"BreadcrumbList\",\"@id\":\"https:\\\/\\\/alimak.com\\\/de\\\/industry\\\/industrie-kundenspezifisch\\\/#breadcrumb\",\"itemListElement\":[{\"@type\":\"ListItem\",\"position\":1,\"name\":\"Startseite\",\"item\":\"https:\\\/\\\/alimak.com\\\/ch\\\/\"},{\"@type\":\"ListItem\",\"position\":2,\"name\":\"Kundenspezifische L\u00f6sungen f\u00fcr die Industrie\"}]},{\"@type\":\"WebSite\",\"@id\":\"https:\\\/\\\/alimak.com\\\/ch\\\/#website\",\"url\":\"https:\\\/\\\/alimak.com\\\/ch\\\/\",\"name\":\"Alimak Switzerland\",\"description\":\"Weltweit f\u00fchrend bei H\u00f6henzugangsl\u00f6sungen\",\"potentialAction\":[{\"@type\":\"SearchAction\",\"target\":{\"@type\":\"EntryPoint\",\"urlTemplate\":\"https:\\\/\\\/alimak.com\\\/ch\\\/?s={search_term_string}\"},\"query-input\":{\"@type\":\"PropertyValueSpecification\",\"valueRequired\":true,\"valueName\":\"search_term_string\"}}],\"inLanguage\":\"en-US\"}]}<\/script>\n<!-- \/ Yoast SEO plugin. -->","yoast_head_json":{"title":"Kundenspezifische L\u00f6sungen f\u00fcr die Industrie - Alimak Switzerland","robots":{"index":"index","follow":"follow","max-snippet":"max-snippet:-1","max-image-preview":"max-image-preview:large","max-video-preview":"max-video-preview:-1"},"canonical":"https:\/\/alimak.com\/de\/industry\/industrie-kundenspezifisch\/","og_locale":"en_US","og_type":"article","og_title":"Kundenspezifische L\u00f6sungen f\u00fcr die Industrie - Alimak Switzerland","og_url":"https:\/\/alimak.com\/de\/industry\/industrie-kundenspezifisch\/","og_site_name":"Alimak Switzerland","article_modified_time":"2021-02-04T22:08:17+00:00","twitter_card":"summary_large_image","schema":{"@context":"https:\/\/schema.org","@graph":[{"@type":"WebPage","@id":"https:\/\/alimak.com\/ch\/custom-industrial-solutions\/","url":"https:\/\/alimak.com\/de\/industry\/industrie-kundenspezifisch\/","name":"Kundenspezifische L\u00f6sungen f\u00fcr die Industrie - Alimak Switzerland","isPartOf":{"@id":"https:\/\/alimak.com\/ch\/#website"},"datePublished":"2020-11-19T15:59:43+00:00","dateModified":"2021-02-04T22:08:17+00:00","breadcrumb":{"@id":"https:\/\/alimak.com\/de\/industry\/industrie-kundenspezifisch\/#breadcrumb"},"inLanguage":"en-US","potentialAction":[{"@type":"ReadAction","target":["https:\/\/alimak.com\/de\/industry\/industrie-kundenspezifisch\/"]}]},{"@type":"BreadcrumbList","@id":"https:\/\/alimak.com\/de\/industry\/industrie-kundenspezifisch\/#breadcrumb","itemListElement":[{"@type":"ListItem","position":1,"name":"Startseite","item":"https:\/\/alimak.com\/ch\/"},{"@type":"ListItem","position":2,"name":"Kundenspezifische L\u00f6sungen f\u00fcr die Industrie"}]},{"@type":"WebSite","@id":"https:\/\/alimak.com\/ch\/#website","url":"https:\/\/alimak.com\/ch\/","name":"Alimak Switzerland","description":"Weltweit f\u00fchrend bei H\u00f6henzugangsl\u00f6sungen","potentialAction":[{"@type":"SearchAction","target":{"@type":"EntryPoint","urlTemplate":"https:\/\/alimak.com\/ch\/?s={search_term_string}"},"query-input":{"@type":"PropertyValueSpecification","valueRequired":true,"valueName":"search_term_string"}}],"inLanguage":"en-US"}]}},"_links":{"self":[{"href":"https:\/\/alimak.com\/ch\/wp-json\/wp\/v2\/pages\/819","targetHints":{"allow":["GET"]}}],"collection":[{"href":"https:\/\/alimak.com\/ch\/wp-json\/wp\/v2\/pages"}],"about":[{"href":"https:\/\/alimak.com\/ch\/wp-json\/wp\/v2\/types\/page"}],"author":[{"embeddable":true,"href":"https:\/\/alimak.com\/ch\/wp-json\/wp\/v2\/users\/1"}],"replies":[{"embeddable":true,"href":"https:\/\/alimak.com\/ch\/wp-json\/wp\/v2\/comments?post=819"}],"version-history":[{"count":2,"href":"https:\/\/alimak.com\/ch\/wp-json\/wp\/v2\/pages\/819\/revisions"}],"predecessor-version":[{"id":2810,"href":"https:\/\/alimak.com\/ch\/wp-json\/wp\/v2\/pages\/819\/revisions\/2810"}],"wp:attachment":[{"href":"https:\/\/alimak.com\/ch\/wp-json\/wp\/v2\/media?parent=819"}],"curies":[{"name":"wp","href":"https:\/\/api.w.org\/{rel}","templated":true}]}}