{"id":823,"date":"2020-11-19T16:07:58","date_gmt":"2020-11-19T16:07:58","guid":{"rendered":"https:\/\/alimak.wpengine.com\/?page_id=823"},"modified":"2021-02-07T03:07:37","modified_gmt":"2021-02-07T03:07:37","slug":"logistics-and-warehouse-elevators","status":"publish","type":"page","link":"https:\/\/alimak.com\/ch\/logistics-and-warehouse-elevators\/","title":{"rendered":"Logistik- und Lageraufz\u00fcge"},"content":{"rendered":"\n<article class=\"m11 break-out\" id=\"block_5fb691907b70f\" data-animate-container>\n\n  <nav id=\"breadcrumbs\"><div class=\"container\" data-animate><span><span><a href=\"https:\/\/alimak.com\/ch\/\">Startseite<\/a><\/span><\/span><\/div><\/nav>\n  <div class=\"m11__wrapper\">\n    <div class=\"container m11__container\">\n\n      <div class=\"m11__content\">\n\n                  <h1 class=\"m11__heading uppercase\" data-animate>Logistik- und Lageraufz\u00fcge<\/h1>\n        \n                  <div class=\"m11__text\" data-animate>\n            <p>Alimak entwickelt und fertigt ein vielseitiges Angebot an Industrieaufz\u00fcgen speziell zur Steigerung der Effizienz in der Logistik- und Lagerbranche.<\/p>\n<p>Die Lageraufz\u00fcge von Alimak sind auf hohe Leistung auf engstem Raum optimiert und verbessern die Produktivit\u00e4t und Sicherheit durch einen schnellen und zuverl\u00e4ssigen H\u00f6henzugang. Das Angebot an Lageraufz\u00fcgen eignet sich f\u00fcr die Installation im Innen- und Au\u00dfenbereich und ist die ideale L\u00f6sung f\u00fcr den effektiven Transport von Paketen, Paletten und Rollwagen zur gew\u00fcnschten Ebene einer Anlage.<\/p>\n          <\/div>\n        \n                  <a\n          href=\"https:\/\/alimak.com\/de\/contact-us\/\"\n          class=\"m11__button button\"\n          data-animate\n          target=\"_self\">\n            ANGEBOT ANFORDERN          <\/a>\n        \n      <\/div>\n\n              <div class=\"m11__media\">\n          <img src=https:\/\/alimak.com\/ch\/wp-content\/uploads\/sites\/34\/2020\/11\/Warehouse-hero.jpg srcset=\"https:\/\/alimak.com\/ch\/wp-content\/uploads\/sites\/34\/2020\/11\/Warehouse-hero.jpg 1x, https:\/\/alimak.com\/ch\/wp-content\/uploads\/sites\/34\/2020\/11\/Warehouse-hero.jpg 2x\" class=\"m11__image initial\" alt=\"\" width=\"666\" height=\"592\">        <\/div>\n      \n    <\/div>\n  <\/div>\n<\/article>\n\n\n\n\n<div style=\"height:72px\" aria-hidden=\"true\" class=\"wp-block-spacer\"><\/div>\n\n\n\n<h2 class=\"has-text-align-center has-heading-3-font-size wp-block-heading\">Alimak-Logistik- und Lageraufz\u00fcge<\/h2>\n\n\n\n<p class=\"has-text-align-center\">Alimak-Lageraufz\u00fcge sind in verschiedenen Tragf\u00e4higkeiten und Fahrkorbgr\u00f6\u00dfen erh\u00e4ltlich und bieten ein effektives H\u00f6hentransportmittel. Dies macht die Benutzung von Treppen und Gabelstaplern zum Transport von Waren \u00fcberfl\u00fcssig und verbessert die allgemeine Sicherheit f\u00fcr Logistik- und Lagereinrichtungen.<\/p>\n\n\n\n<div style=\"height:50px\" aria-hidden=\"true\" class=\"wp-block-spacer\"><\/div>\n\n\n\n<div class=\"archive terra-feed \">\n\n\t<form id=\"filters\" name=\"product-feed\" action=\"\" method=\"get\" class=\"terra terra-more--none archive-container__wrapper\" data-uid=\"00000000000013720000000000000000\">\n\t\t\n\t\t<div class=\"container\">\n\t\t\t\t\t\t\t<div class=\"archive-sorting\">\n\t\t\t\t\t\t\t\t\t\t\t<div class=\"archive-sorting__count\">\n\t\t\t\t\t\t\t<input type=\"hidden\" name=\"posts-found\" value=\"1\" \/><span class=\"terra-posts-found__label\">Showing 1-1 of <strong>1<\/strong> <\/span>\t\t\t\t\t\t<\/div>\n\t\t\t\t\t\t\n\t\t\t\t\t<div class=\"archive-sorting__input\">\n\t\t\t\t\t\t<label for=\"filter-sort\">Sort:<\/label>\n\t\t\t\t\t\t<select name=\"filter-sort\" data-filter=\"filter-sort\" class=\"archive-sorting__sort terra__select terra-filter  default-style\" ><option value=\"0\" >Default<\/option><option value=\"ASC\" >A &#8211; Z<\/option><option value=\"DESC\" >Z &#8211; A<\/option><\/select>\t\t\t\t\t<\/div>\n\t\t\t\t\t\t\t<\/div>\n\n\t\t\t<div id=\"product-feed\" class=\"terra-container archive-container__items archive-container__items--product\">\n<article class=\"single-product-item\">\n\t\t<a href=\"https:\/\/alimak.com\/ch\/product\/alimak-pl-warehouse-elevator\/\" class=\"single-product-item__link\">\n\t\n\t\t\t\t\t<div class=\"single-product-item__media\">\n\t\t\t\t<img src=https:\/\/alimak.com\/ch\/wp-content\/uploads\/sites\/34\/2020\/11\/PL-product-tile-image.jpg srcset=\"https:\/\/alimak.com\/ch\/wp-content\/uploads\/sites\/34\/2020\/11\/PL-product-tile-image.jpg 1x, https:\/\/alimak.com\/ch\/wp-content\/uploads\/sites\/34\/2020\/11\/PL-product-tile-image.jpg 2x\" class=\"single-product-item__image\" alt=\"\" width=\"192\" height=\"232\">\t\t\t<\/div>\n\t\t\n\t\t<div class=\"single-product-item__content\">\n\t\t\t<div class=\"single-product-item__intro\">\n\t\t\t\t<h3 class=\"single-product-item__heading uppercase\">Alimak PL-Lageraufzug<\/h3>\n\t\t\t\t<p class=\"single-product-item__excerpt\">Mit Tragf\u00e4higkeiten bis zu 2.000 kg und im Fahrkorb befindlichen Antriebsmaschinen ist die Alimak PL-Aufzugsreihe ideal f\u00fcr Innenr\u00e4ume.<\/p>\n\t\t\t<\/div>\n\n\t\t\t<div class=\"single-product-item__meta\">\n\t\t\t\t<div class=\"single-product-item__meta--left\">\n\t\t\t\t\t\t\t\t\t\t\t<span class=\"single-product-item__meta-item\">\n\t\t\t\t\t\t\t<strong>Product Category: <\/strong>\n\t\t\t\t\t\t\tIndustrieaufz\u00fcge, Logistik- und Lageraufz\u00fcge\t\t\t\t\t\t<\/span>\n\t\t\t\t\t\n\t\t\t\t\t\t\t\t\t\t\t<span class=\"single-product-item__meta-item\">\n\t\t\t\t\t\t\t<strong>Size: <\/strong>\n\t\t\t\t\t\t\t1,4\u20133,2 m (B) x 1,5\u20133,1 m (L)\t\t\t\t\t\t<\/span>\n\t\t\t\t\t\n\t\t\t\t\t\t\t\t\t\t\t<span class=\"single-product-item__meta-item\">\n\t\t\t\t\t\t\t<strong>Capacity: <\/strong>\n\t\t\t\t\t\t\t500\u20132.000 kg\t\t\t\t\t\t<\/span>\n\t\t\t\t\t\n\t\t\t\t\t\n\t\t\t\t\t\t\t\t\t\t\t<span class=\"single-product-item__meta-item\">\n\t\t\t\t\t\t\t<strong>Speed: <\/strong>\n\t\t\t\t\t\t\t0,2-0,3 m\/s\t\t\t\t\t\t<\/span>\n\t\t\t\t\t\t\t\t\t<\/div>\n\n\t\t\t\t<div class=\"single-product-item__meta--right\">\n\t\t\t\t\t\n\t\t\t\t\t\t\t\t\t\t\t<span class=\"single-product-item__button read-more\" aria-hidden=\"true\">\n\t\t\t\t\t\t\t<span>Find out more<\/span>\n\t\t\t\t\t\t\t<svg class=\"svg-icon svg-icon--icon-arrow-right\" aria-hidden=\"true\" role=\"img\"> <use href=\"#icon-arrow-right\" xlink:href=\"#icon-arrow-right\"><\/use> <\/svg>\t\t\t\t\t\t<\/span>\n\t\t\t\t\t\t\t\t\t<\/div>\n\t\t\t<\/div>\n\t\t<\/div>\n\n\t\t<\/a>\n\t<\/article>\n<\/div>\t\t<\/div>\n\n\t\t<input type=\"hidden\" name=\"posts_per_page\" value=\"15\" \/><input type=\"hidden\" name=\"posts-offset\" value=\"1\" \/><\/form>\n<\/div>\n\n\n\n<div style=\"height:100px\" aria-hidden=\"true\" class=\"wp-block-spacer\"><\/div>\n\n\n\n<div class=\"wp-block-group has-white-color has-dark-grey-background-color has-text-color has-background\"><div class=\"wp-block-group__inner-container is-layout-flow wp-block-group-is-layout-flow\">\n<article class=\"m05 break-out desktop-only\" id=\"block_5fb692e27b711\" data-animate-container>\n  <div class=\"container m05__container\">\n          <h2 class=\"m05__heading h3 uppercase\" data-animate>Warum Sie sich f\u00fcr einen Alimak PL-Lageraufzug entscheiden sollten<\/h2>\n    \n          <div class=\"m05__benefits\">\n                  <article class=\"m05__benefit\" data-animate data-delay=\"0\">\n\n                          <p class=\"m05__text h4 uppercase\">INNEN- UND AUSSENINSTALLATION<\/p>\n            \n                          <div class=\"m05__icon\" aria-hidden=\"true\">\n                <img src=https:\/\/alimak.com\/ch\/wp-content\/uploads\/sites\/34\/2020\/11\/icon_Benefits-1.png  class=\"\" alt=\"\" width=\"51\" height=\"61\">              <\/div>\n            \n          <\/article>\n                  <article class=\"m05__benefit\" data-animate data-delay=\"150\">\n\n                          <p class=\"m05__text h4 uppercase\">MASCHINENRAUM &amp; SCHACHT NICHT ERFORDERLICH<\/p>\n            \n                          <div class=\"m05__icon\" aria-hidden=\"true\">\n                <img src=https:\/\/alimak.com\/ch\/wp-content\/uploads\/sites\/34\/2020\/11\/icon_Benefits-1.png  class=\"\" alt=\"\" width=\"51\" height=\"61\">              <\/div>\n            \n          <\/article>\n                  <article class=\"m05__benefit\" data-animate data-delay=\"300\">\n\n                          <p class=\"m05__text h4 uppercase\">Auswahl an Fahrkorbgr\u00f6\u00dfen und Tragf\u00e4higkeiten<\/p>\n            \n                          <div class=\"m05__icon\" aria-hidden=\"true\">\n                <img src=https:\/\/alimak.com\/ch\/wp-content\/uploads\/sites\/34\/2020\/11\/icon_Benefits-1.png  class=\"\" alt=\"\" width=\"51\" height=\"61\">              <\/div>\n            \n          <\/article>\n                  <article class=\"m05__benefit\" data-animate data-delay=\"450\">\n\n                          <p class=\"m05__text h4 uppercase\">Minimierung von Klettern und manueller Handhabung<\/p>\n            \n                          <div class=\"m05__icon\" aria-hidden=\"true\">\n                <img src=https:\/\/alimak.com\/ch\/wp-content\/uploads\/sites\/34\/2020\/11\/icon_Benefits-1.png  class=\"\" alt=\"\" width=\"51\" height=\"61\">              <\/div>\n            \n          <\/article>\n              <\/div>\n      <\/div>\n<\/article>\n<\/div><\/div>\n\n\n\n<article class=\"m13 break-out\" id=\"block_5fbd39bd9d474\" data-animate-container>\n  <div class=\"container m13__container\">\n\n          <h2 class=\"m13__heading uppercase h3\" data-animate>Service und Support<\/h2>\n        \n          <div class=\"m13__services\">\n                  <article class=\"m13__service\" data-animate data-delay=\"0\">\n\n                          <h3 class=\"m13__title uppercase h4\">WARTUNG<\/h3>\n            \n            <p>Ein umfassendes Angebot an Wartungsleistungen wird von geschulten Alimak-Servicetechnikern zur Verf\u00fcgung gestellt und durchgef\u00fchrt, um die kontinuierliche optimale Leistung der Anlagen zu gew\u00e4hrleisten.<\/p>\n\n                          <a\n              href=\"https:\/\/alimak.com\/ch\/service-support-overview\/maintenance\/\"\n              class=\"m13__button read-more\"\n              target=\"_self\">\n                <span>Mehr erfahren<\/span>\n                <svg class=\"svg-icon svg-icon--icon-arrow-right\" aria-hidden=\"true\" role=\"img\"> <use href=\"#icon-arrow-right\" xlink:href=\"#icon-arrow-right\"><\/use> <\/svg>              <\/a>\n            \n                          <div class=\"m13__icon\" aria-hidden=\"true\">\n                <img src=https:\/\/alimak.com\/ch\/wp-content\/uploads\/sites\/34\/2020\/11\/icons_Service-Support-1.png  class=\"\" alt=\"\" width=\"61\" height=\"60\">              <\/div>\n            \n          <\/article>\n                  <article class=\"m13__service\" data-animate data-delay=\"150\">\n\n                          <h3 class=\"m13__title uppercase h4\">Konnektivit\u00e4t und Asset-Management<\/h3>\n            \n            <p>L\u00f6sungen f\u00fcr Konnektivit\u00e4t und Asset-Management geben Auskunft \u00fcber die Effizienz von Industrieaufz\u00fcgen und bieten Unterst\u00fctzung, um den Produktlebenszyklus zu verl\u00e4ngern.<\/p>\n\n                          <a\n              href=\"https:\/\/alimak.com\/ch\/service-support-overview\/connectivity-and-asset-management\/\"\n              class=\"m13__button read-more\"\n              target=\"_self\">\n                <span>Mehr erfahren<\/span>\n                <svg class=\"svg-icon svg-icon--icon-arrow-right\" aria-hidden=\"true\" role=\"img\"> <use href=\"#icon-arrow-right\" xlink:href=\"#icon-arrow-right\"><\/use> <\/svg>              <\/a>\n            \n                          <div class=\"m13__icon\" aria-hidden=\"true\">\n                <img src=https:\/\/alimak.com\/ch\/wp-content\/uploads\/sites\/34\/2020\/11\/icons_Service-Support-2.png  class=\"\" alt=\"\" width=\"37\" height=\"60\">              <\/div>\n            \n          <\/article>\n                  <article class=\"m13__service\" data-animate data-delay=\"300\">\n\n                          <h3 class=\"m13__title uppercase h4\">Anwendungstechnik<\/h3>\n            \n            <p><span class=\"TextRun Highlight SCXW22701161 BCX0\" lang=\"EN-AU\" xml:lang=\"EN-AU\" data-contrast=\"none\"><span class=\"NormalTextRun SCXW22701161 BCX0\">Die Ingenieure von Alimak entwickeln kundenorientierte L\u00f6sungen f\u00fcr anspruchsvolle Installationen. Ma\u00dfgeschneiderte L\u00f6sungen umfassen Konfigurationszeichnungen sowie Berechnungen von Festigkeit, Bodenlast und Ankerkraft.<\/span><\/span><\/p>\n\n                          <a\n              href=\"https:\/\/alimak.com\/ch\/service-support-overview\/application-engineering\/\"\n              class=\"m13__button read-more\"\n              target=\"_self\">\n                <span>Mehr erfahren<\/span>\n                <svg class=\"svg-icon svg-icon--icon-arrow-right\" aria-hidden=\"true\" role=\"img\"> <use href=\"#icon-arrow-right\" xlink:href=\"#icon-arrow-right\"><\/use> <\/svg>              <\/a>\n            \n                          <div class=\"m13__icon\" aria-hidden=\"true\">\n                <img src=https:\/\/alimak.com\/ch\/wp-content\/uploads\/sites\/34\/2020\/11\/icons_Service-Support-3.png  class=\"\" alt=\"\" width=\"60\" height=\"60\">              <\/div>\n            \n          <\/article>\n                  <article class=\"m13__service\" data-animate data-delay=\"450\">\n\n                          <h3 class=\"m13__title uppercase h4\">Schulung<\/h3>\n            \n            <p>F\u00fcr die Produktpalette von Alimak stehen eine Reihe von Sicherheits-, Installations- und Bedienerschulungen zur Verf\u00fcgung.<\/p>\n\n                          <a\n              href=\"https:\/\/training.alimakgroup.com\/?reset-filter-FilterAccreditation=&#038;FilterBrand=Alimak&#038;reset-filter-FilterDelivery=&#038;reset-filter-FilterCountry=&#038;reset-filter-FilterCalendar=\"\n              class=\"m13__button read-more\"\n              target=\"_blank\">\n                <span>Mehr erfahren<\/span>\n                <svg class=\"svg-icon svg-icon--icon-arrow-right\" aria-hidden=\"true\" role=\"img\"> <use href=\"#icon-arrow-right\" xlink:href=\"#icon-arrow-right\"><\/use> <\/svg>              <\/a>\n            \n                          <div class=\"m13__icon\" aria-hidden=\"true\">\n                <img src=https:\/\/alimak.com\/ch\/wp-content\/uploads\/sites\/34\/2020\/11\/icons_Service-Support-4.png  class=\"\" alt=\"\" width=\"56\" height=\"60\">              <\/div>\n            \n          <\/article>\n                  <article class=\"m13__service\" data-animate data-delay=\"600\">\n\n                          <h3 class=\"m13__title uppercase h4\">Finanzierungsl\u00f6sungen<\/h3>\n            \n            <p>Alimak bietet flexible Finanzierungsl\u00f6sungen an, die von Zahlungsaufschub, Exportfinanzierung bis hin zum Finanzierungsleasing reichen.<\/p>\n\n                          <a\n              href=\"https:\/\/alimak.com\/ch\/service-support-overview\/financing-solutions\/\"\n              class=\"m13__button read-more\"\n              target=\"_self\">\n                <span>Mehr erfahren<\/span>\n                <svg class=\"svg-icon svg-icon--icon-arrow-right\" aria-hidden=\"true\" role=\"img\"> <use href=\"#icon-arrow-right\" xlink:href=\"#icon-arrow-right\"><\/use> <\/svg>              <\/a>\n            \n                          <div class=\"m13__icon\" aria-hidden=\"true\">\n                <img src=https:\/\/alimak.com\/ch\/wp-content\/uploads\/sites\/34\/2020\/11\/icons_Service-Support-5.png  class=\"\" alt=\"\" width=\"67\" height=\"60\">              <\/div>\n            \n          <\/article>\n                  <article class=\"m13__service\" data-animate data-delay=\"750\">\n\n                          <h3 class=\"m13__title uppercase h4\">Bauwerksdatenmodellierung (BIM)<\/h3>\n            \n            <p>Building Information Modelling steht zu jedem Zeitpunkt in einem Projekt f\u00fcr Simulationen, Installationen und die Integration von Alimak-H\u00f6henzugangsprodukten zur Verf\u00fcgung.<\/p>\n\n                          <a\n              href=\"https:\/\/bimgallery.alimak.com\/bim\/\"\n              class=\"m13__button read-more\"\n              target=\"_blank\">\n                <span>Mehr erfahren<\/span>\n                <svg class=\"svg-icon svg-icon--icon-arrow-right\" aria-hidden=\"true\" role=\"img\"> <use href=\"#icon-arrow-right\" xlink:href=\"#icon-arrow-right\"><\/use> <\/svg>              <\/a>\n            \n                          <div class=\"m13__icon\" aria-hidden=\"true\">\n                <img src=https:\/\/alimak.com\/ch\/wp-content\/uploads\/sites\/34\/2020\/11\/icons_Service-Support-6.png  class=\"\" alt=\"\" width=\"66\" height=\"60\">              <\/div>\n            \n          <\/article>\n              <\/div>\n    \n  <\/div>\n<\/article>\n\n\n\n<article class=\"m08 break-out\" id=\"block_5fb693667b717\" data-animate-container>\n  <div class=\"container m08__container\">\n\n          <div class=\"m08__block m08__block--one\">\n        <div class=\"m08__content\">\n\n                      <h2 class=\"m08__heading uppercase h3\" data-animate>KONTAKTIEREN SIE UNS F\u00dcR WEITERE INFORMATIONEN ODER EIN ANGEBOT<\/h2>\n          \n                      <div class=\"m08__text\" data-animate>\n              <p>Ben\u00f6tigen Sie Hilfe bei der Auswahl des richtigen Produkts f\u00fcr ein anstehendes Projekt? Wenden Sie sich an unsere Produktexperten, um Informationen zu den verf\u00fcgbaren vertikalen Zugangsl\u00f6sungen und ein Angebot zu erhalten, das den Anforderungen Ihres Projekts entspricht.<\/p>\n            <\/div>\n          \n                      <a\n            data-animate\n            href=\"https:\/\/alimak.com\/de\/contact-us\/\"\n            class=\"m08__button button button--outline button--white\"\n            target=\"_self\">\n              ANGEBOT ANFORDERN            <\/a>\n          \n        <\/div>\n      <\/div>\n    \n          <div class=\"m08__block m08__block--two\">\n        <div class=\"m08__content\">\n\n                      <h2 class=\"m08__heading uppercase h3\" data-animate>FINDEN SIE EINEN HANDELSVERTRETER VOR ORT<\/h2>\n          \n                      <div class=\"m08__text\" data-animate>\n              <p>Alimak ist auf sechs Kontinenten vertreten und nutzt ein globales Netzwerk, um vertikale Zugangsl\u00f6sungen f\u00fcr eine Vielzahl von Anwendungen auf Bau- und Industriestandorten auf der ganzen Welt bereitzustellen. Kontaktieren Sie uns, um einen Vertreter vor Ort aus dem globalen Netzwerk von Alimak zu finden.<\/p>\n            <\/div>\n          \n                      <a\n            data-animate\n            href=\"\/de\/locations\"\n            class=\"m08__button button\"\n            target=\"_self\">\n              VERZEICHNIS DURCHSUCHEN            <\/a>\n          \n        <\/div>\n      <\/div>\n        \n  <\/div>\n<\/article>\n\n\n\n<div style=\"height:100px\" aria-hidden=\"true\" class=\"wp-block-spacer\"><\/div>\n","protected":false},"excerpt":{"rendered":"<p>Alimak-Logistik- und Lageraufz\u00fcge Alimak-Lageraufz\u00fcge sind in verschiedenen Tragf\u00e4higkeiten und Fahrkorbgr\u00f6\u00dfen erh\u00e4ltlich und bieten ein effektives H\u00f6hentransportmittel. Dies macht die Benutzung von Treppen und Gabelstaplern zum Transport von Waren \u00fcberfl\u00fcssig und verbessert die allgemeine Sicherheit f\u00fcr Logistik- und Lagereinrichtungen.<\/p>\n","protected":false},"author":1,"featured_media":0,"parent":0,"menu_order":0,"comment_status":"closed","ping_status":"closed","template":"","meta":{"_trash_the_other_posts":false,"editor_notices":[],"footnotes":""},"class_list":["post-823","page","type-page","status-publish","hentry"],"yoast_head":"<!-- This site is optimized with the Yoast SEO plugin v27.3 - https:\/\/yoast.com\/product\/yoast-seo-wordpress\/ -->\n<title>Logistik- und Lageraufz\u00fcge - Alimak Switzerland<\/title>\n<meta name=\"robots\" content=\"index, follow, max-snippet:-1, max-image-preview:large, max-video-preview:-1\" \/>\n<link rel=\"canonical\" href=\"https:\/\/alimak.com\/de\/product-category\/logistics-and-warehouse-elevators\/\" \/>\n<meta property=\"og:locale\" content=\"en_US\" \/>\n<meta property=\"og:type\" content=\"article\" \/>\n<meta property=\"og:title\" content=\"Logistik- und Lageraufz\u00fcge - Alimak Switzerland\" \/>\n<meta property=\"og:description\" content=\"Alimak-Logistik- und Lageraufz\u00fcge Alimak-Lageraufz\u00fcge sind in verschiedenen Tragf\u00e4higkeiten und Fahrkorbgr\u00f6\u00dfen erh\u00e4ltlich und bieten ein effektives H\u00f6hentransportmittel. Dies macht die Benutzung von Treppen und Gabelstaplern zum Transport von Waren \u00fcberfl\u00fcssig und verbessert die allgemeine Sicherheit f\u00fcr Logistik- und Lagereinrichtungen.\" \/>\n<meta property=\"og:url\" content=\"https:\/\/alimak.com\/de\/product-category\/logistics-and-warehouse-elevators\/\" \/>\n<meta property=\"og:site_name\" content=\"Alimak Switzerland\" \/>\n<meta property=\"article:modified_time\" content=\"2021-02-07T03:07:37+00:00\" \/>\n<meta name=\"twitter:card\" content=\"summary_large_image\" \/>\n<meta name=\"twitter:label1\" content=\"Est. reading time\" \/>\n\t<meta name=\"twitter:data1\" content=\"1 minute\" \/>\n<script type=\"application\/ld+json\" class=\"yoast-schema-graph\">{\"@context\":\"https:\\\/\\\/schema.org\",\"@graph\":[{\"@type\":\"WebPage\",\"@id\":\"https:\\\/\\\/alimak.com\\\/ch\\\/logistics-and-warehouse-elevators\\\/\",\"url\":\"https:\\\/\\\/alimak.com\\\/de\\\/product-category\\\/logistics-and-warehouse-elevators\\\/\",\"name\":\"Logistik- und Lageraufz\u00fcge - Alimak Switzerland\",\"isPartOf\":{\"@id\":\"https:\\\/\\\/alimak.com\\\/ch\\\/#website\"},\"datePublished\":\"2020-11-19T16:07:58+00:00\",\"dateModified\":\"2021-02-07T03:07:37+00:00\",\"breadcrumb\":{\"@id\":\"https:\\\/\\\/alimak.com\\\/de\\\/product-category\\\/logistics-and-warehouse-elevators\\\/#breadcrumb\"},\"inLanguage\":\"en-US\",\"potentialAction\":[{\"@type\":\"ReadAction\",\"target\":[\"https:\\\/\\\/alimak.com\\\/de\\\/product-category\\\/logistics-and-warehouse-elevators\\\/\"]}]},{\"@type\":\"BreadcrumbList\",\"@id\":\"https:\\\/\\\/alimak.com\\\/de\\\/product-category\\\/logistics-and-warehouse-elevators\\\/#breadcrumb\",\"itemListElement\":[{\"@type\":\"ListItem\",\"position\":1,\"name\":\"Startseite\",\"item\":\"https:\\\/\\\/alimak.com\\\/ch\\\/\"},{\"@type\":\"ListItem\",\"position\":2,\"name\":\"Logistik- und Lageraufz\u00fcge\"}]},{\"@type\":\"WebSite\",\"@id\":\"https:\\\/\\\/alimak.com\\\/ch\\\/#website\",\"url\":\"https:\\\/\\\/alimak.com\\\/ch\\\/\",\"name\":\"Alimak Switzerland\",\"description\":\"Weltweit f\u00fchrend bei H\u00f6henzugangsl\u00f6sungen\",\"potentialAction\":[{\"@type\":\"SearchAction\",\"target\":{\"@type\":\"EntryPoint\",\"urlTemplate\":\"https:\\\/\\\/alimak.com\\\/ch\\\/?s={search_term_string}\"},\"query-input\":{\"@type\":\"PropertyValueSpecification\",\"valueRequired\":true,\"valueName\":\"search_term_string\"}}],\"inLanguage\":\"en-US\"}]}<\/script>\n<!-- \/ Yoast SEO plugin. -->","yoast_head_json":{"title":"Logistik- und Lageraufz\u00fcge - Alimak Switzerland","robots":{"index":"index","follow":"follow","max-snippet":"max-snippet:-1","max-image-preview":"max-image-preview:large","max-video-preview":"max-video-preview:-1"},"canonical":"https:\/\/alimak.com\/de\/product-category\/logistics-and-warehouse-elevators\/","og_locale":"en_US","og_type":"article","og_title":"Logistik- und Lageraufz\u00fcge - Alimak Switzerland","og_description":"Alimak-Logistik- und Lageraufz\u00fcge Alimak-Lageraufz\u00fcge sind in verschiedenen Tragf\u00e4higkeiten und Fahrkorbgr\u00f6\u00dfen erh\u00e4ltlich und bieten ein effektives H\u00f6hentransportmittel. Dies macht die Benutzung von Treppen und Gabelstaplern zum Transport von Waren \u00fcberfl\u00fcssig und verbessert die allgemeine Sicherheit f\u00fcr Logistik- und Lagereinrichtungen.","og_url":"https:\/\/alimak.com\/de\/product-category\/logistics-and-warehouse-elevators\/","og_site_name":"Alimak Switzerland","article_modified_time":"2021-02-07T03:07:37+00:00","twitter_card":"summary_large_image","twitter_misc":{"Est. reading time":"1 minute"},"schema":{"@context":"https:\/\/schema.org","@graph":[{"@type":"WebPage","@id":"https:\/\/alimak.com\/ch\/logistics-and-warehouse-elevators\/","url":"https:\/\/alimak.com\/de\/product-category\/logistics-and-warehouse-elevators\/","name":"Logistik- und Lageraufz\u00fcge - Alimak Switzerland","isPartOf":{"@id":"https:\/\/alimak.com\/ch\/#website"},"datePublished":"2020-11-19T16:07:58+00:00","dateModified":"2021-02-07T03:07:37+00:00","breadcrumb":{"@id":"https:\/\/alimak.com\/de\/product-category\/logistics-and-warehouse-elevators\/#breadcrumb"},"inLanguage":"en-US","potentialAction":[{"@type":"ReadAction","target":["https:\/\/alimak.com\/de\/product-category\/logistics-and-warehouse-elevators\/"]}]},{"@type":"BreadcrumbList","@id":"https:\/\/alimak.com\/de\/product-category\/logistics-and-warehouse-elevators\/#breadcrumb","itemListElement":[{"@type":"ListItem","position":1,"name":"Startseite","item":"https:\/\/alimak.com\/ch\/"},{"@type":"ListItem","position":2,"name":"Logistik- und Lageraufz\u00fcge"}]},{"@type":"WebSite","@id":"https:\/\/alimak.com\/ch\/#website","url":"https:\/\/alimak.com\/ch\/","name":"Alimak Switzerland","description":"Weltweit f\u00fchrend bei H\u00f6henzugangsl\u00f6sungen","potentialAction":[{"@type":"SearchAction","target":{"@type":"EntryPoint","urlTemplate":"https:\/\/alimak.com\/ch\/?s={search_term_string}"},"query-input":{"@type":"PropertyValueSpecification","valueRequired":true,"valueName":"search_term_string"}}],"inLanguage":"en-US"}]}},"_links":{"self":[{"href":"https:\/\/alimak.com\/ch\/wp-json\/wp\/v2\/pages\/823","targetHints":{"allow":["GET"]}}],"collection":[{"href":"https:\/\/alimak.com\/ch\/wp-json\/wp\/v2\/pages"}],"about":[{"href":"https:\/\/alimak.com\/ch\/wp-json\/wp\/v2\/types\/page"}],"author":[{"embeddable":true,"href":"https:\/\/alimak.com\/ch\/wp-json\/wp\/v2\/users\/1"}],"replies":[{"embeddable":true,"href":"https:\/\/alimak.com\/ch\/wp-json\/wp\/v2\/comments?post=823"}],"version-history":[{"count":1,"href":"https:\/\/alimak.com\/ch\/wp-json\/wp\/v2\/pages\/823\/revisions"}],"predecessor-version":[{"id":3106,"href":"https:\/\/alimak.com\/ch\/wp-json\/wp\/v2\/pages\/823\/revisions\/3106"}],"wp:attachment":[{"href":"https:\/\/alimak.com\/ch\/wp-json\/wp\/v2\/media?parent=823"}],"curies":[{"name":"wp","href":"https:\/\/api.w.org\/{rel}","templated":true}]}}