{"id":13699,"date":"2025-11-12T12:46:22","date_gmt":"2025-11-12T12:46:22","guid":{"rendered":"https:\/\/alimak.com\/asset-datenmanagement\/"},"modified":"2026-03-18T12:33:21","modified_gmt":"2026-03-18T12:33:21","slug":"asset-datenmanagement","status":"publish","type":"page","link":"https:\/\/alimak.com\/de\/asset-datenmanagement\/","title":{"rendered":"Asset-Datenmanagement"},"content":{"rendered":"\n<section class=\"small-hero border-b bg-white text-black border-lightGrey pt-0 pb-0\">\n    \n        <div class=\"holder pt-36 md:pt-44\">\n            <div class=\"grid grid-cols-12 gap-4 pb-16\">\n                <div class=\"col-span-12 lg:col-span-7\">\n                                        <h1 class=\"text-28 md:text-52 leading-[1.3] lg:max-w-[625px]\"><p>Asset-Datenmanagement<\/p>\n<\/h1>\n                    <div class=\"wysiwyg pt-5 leading-[1.6] lg:block lg:max-w-[767px]\"><p>Diese Erkl\u00e4rung zum Asset-Datenmanagement beschreibt die Praktiken der Alimak Group AB und ihrer Konzerngesellschaften gem\u00e4\u00df Anhang A (\u201eAlimak Group\u201c, \u201ewir\u201c, \u201euns\u201c oder \u201eunser\u201c) zur Erhebung, Speicherung und Nutzung von Daten aus Maschinen, Produkten und anderen Assets der Alimak Group, die von oder im Auftrag von Kunden (\u201eAssets\u201c) betrieben werden.<\/p>\n<p>Unsere Datenschutzerkl\u00e4rung beschreibt, wie wir personenbezogene Daten verwalten, d. h. Informationen, die zur Identifizierung einer Person verwendet werden k\u00f6nnen. <\/p>\n<\/div>\n                <\/div>\n            <\/div>\n        <\/div>\n\n    <\/section>\n<section class=\"regular-text-block bg-white pt-6 lg:pt-12 pb-6 lg:pb-12\">\n    <div class=\"holder\">\n        <div class=\"grid grid-cols-12 gap-4\">\n            <div class=\"col-span-12 lg:col-span-3 hidden lg:block\">\n            <\/div>\n            <main class=\"col-span-12 lg:col-span-9\">\n\n                <div class=\"wysiwyg-article mb-12\">\n                    <h3>Welche Daten wir ggf. erheben<\/h3>\n<h4>Systemdaten<\/h4>\n<p>Systemdaten sind Informationen, die \u00fcber digitale Plattformen (\u201ePlattformen\u201c), My Alimak, My BMU, A3 und \u00e4hnliche Anwendungen (\u201eAnwendungen\u201c) sowie \u00fcber Telematik (und \u00e4hnliche Ger\u00e4te) (\u201eGer\u00e4te\u201c) an uns \u00fcbermittelt werden (wir verwenden den Begriff \u201eDigitale Angebote\u201c als Sammelbegriff f\u00fcr alle von uns genutzten Anwendungen und Ger\u00e4te) und die Folgendes umfassen k\u00f6nnen:<\/p>\n<ul>\n<li>Ger\u00e4te-, Asset- und Komponenteninformationen, einschlie\u00dflich Modellnummer, Seriennummer, Bestellnummer, Software- und Hardwareversionsnummern, Leistung und Konfiguration, einschlie\u00dflich Arbeitswerkzeugen oder anderer Peripherieger\u00e4te, die an Assets angebracht sind.<\/li>\n<li>Elektronische Daten, einschlie\u00dflich Sensorprotokollen, Trends, Histogrammen, Ereignisdaten, sonstigen Warnmeldungen, digitalen Zustandsdaten, Fehlercodes, Betriebsstundenz\u00e4hlern, elektronischen Datendateien, die manuell oder automatisch von einem Asset heruntergeladen werden, Daten zur Fehlerbehebung sowie weitere Daten \u2013 abh\u00e4ngig vom Kunden, dem Asset und dem von einem Ger\u00e4t verwendeten Kommunikationskanal.<\/li>\n<li>Ger\u00e4testandortinformationen, einschlie\u00dflich des physischen Standorts eines Assets (z. B. ermittelt anhand von Satelliten-, GPS-, Mobilfunkmast-, Bluetooth- oder WLAN-Signalen).<\/li>\n<li>Ereignisschreiber-Daten, einschlie\u00dflich Standort, Geschwindigkeit und Richtung.<\/li>\n<li>Service- und Wartungshistorie, einschlie\u00dflich Arbeitsauftr\u00e4gen (Aufzeichnungen \u00fcber s\u00e4mtliche Wartungen, Reparaturen, Teilek\u00e4ufe, Austausch und Modifikationen an einem Asset), Komponentenlebensdauer (Historie der Nutzung und Verschlei\u00dflebensdauer einer Komponente), Wartungsplan, geplante Wartung, Daten zum Garantieumfang, Wartungs- und Reparaturvertr\u00e4ge, Serviceintervalle (geplantes Intervall f\u00fcr Wartungs- bzw. Komponentenaustauschaktivit\u00e4ten f\u00fcr ein Asset), Komponentenlisten (Listen der Teile, aus denen ein Asset besteht) und Service-Mitteilungen (Beschreibung besonderer Serviceaktionen, die von Herstellern empfohlen werden, um ein bekanntes Problem mit einem Asset zu beheben).<\/li>\n<li>Standort- und Umgebungsbedingungen.<\/li>\n<li>Nutzungsmuster, einschlie\u00dflich aller benutzerdefinierten Informationen zu einem Produkt, die Sie uns \u00fcber ein Digitales Angebot zur Verf\u00fcgung stellen.<\/li>\n<\/ul>\n<h3>Wie wir Daten ggf. erheben<\/h3>\n<h4>Daten, die durch Ihre Nutzung unserer Produkte und\/oder Dienstleistungen erhoben werden<\/h4>\n<p>Wir k\u00f6nnen Informationen \u00fcber Ihre Nutzung unserer Produkte und\/oder Dienstleistungen erheben. Zum Beispiel: <\/p>\n<ul>\n<li><strong>\u00dcber Plattformen\/Anwendungen\/Ger\u00e4te:<\/strong> Wir k\u00f6nnen Informationen direkt \u00fcber Mobilfunk- oder Satellitenverbindung oder \u00fcber Funk- oder Ethernet-Verbindung von Assets erhalten, die mit einer Anwendung oder einem Ger\u00e4t ausgestattet sind, das entweder vorinstalliert war oder von uns installiert wurde; dies kann Systemdaten umfassen.<\/li>\n<li>Wir k\u00f6nnen auch Informationen durch Ihre Nutzung unserer Single-Sign-on-Dienste erhalten; diese Dienste erm\u00f6glichen es uns, Ihre Anmeldedaten zur Authentifizierung Ihrer Identit\u00e4t zu verwenden und Ihnen die M\u00f6glichkeit zu geben, bestimmte personenbezogene Informationen mit uns zu teilen.<\/li>\n<\/ul>\n<h4>Weitere Arten, wie wir Informationen erheben<\/h4>\n<p>Wir k\u00f6nnen au\u00dferdem weitere Informationen \u00fcber Sie, Ihr Ger\u00e4t oder Ihre Nutzung der Dienste auf die Weise erheben, die wir Ihnen zum Zeitpunkt der Erhebung beschreiben oder anderweitig mit Ihrer Einwilligung. Sie k\u00f6nnen sich daf\u00fcr entscheiden, uns bestimmte Arten von Informationen nicht bereitzustellen; dies kann jedoch Ihre M\u00f6glichkeit beeintr\u00e4chtigen, einige der Produkte und Dienste zu nutzen. <\/p>\n<h4>Wie wir Informationen ggf. verwenden<\/h4>\n<p>Wir k\u00f6nnen die erhobenen Informationen unter anderem f\u00fcr folgende Zwecke verwenden:<\/p>\n<h4>Zur Bereitstellung von Dienstleistungen f\u00fcr Sie und andere:<\/h4>\n<ul>\n<li>Um Ihnen die \u00dcberwachung des Status von Assets zu erm\u00f6glichen, Bestellungen abzuschlie\u00dfen und zu erf\u00fcllen sowie mit Ihnen bez\u00fcglich Ihres Kaufs oder Ihrer Miete von Assets und Ihres Kaufs von Asset-Teilen zu kommunizieren und Ihnen den entsprechenden Kundenservice bereitzustellen.<\/li>\n<li>Zur Erf\u00fcllung von Kundensupportvereinbarungen, zur Durchf\u00fchrung von Wartungen und Reparaturen sowie zur Lieferung von Miet-Assets oder Teilen.<\/li>\n<li>Zur Abgabe von Empfehlungen in Bezug auf Sicherheit, Asset-Zustand und Wartung.<\/li>\n<li>Zur Erh\u00f6hung der Sicherheit des Maschinenbetriebs, einschlie\u00dflich durch Nachverfolgung der N\u00e4he zu Assets oder anderen Objekten.<\/li>\n<li>Zur Erm\u00f6glichung der Fern-Fehlerbehebung.<\/li>\n<li>Um Ihnen standortbasierte Dienste und Inhalte bereitzustellen.<\/li>\n<\/ul>\n<h4>F\u00fcr andere allgemeine Gesch\u00e4ftszwecke:<\/h4>\n<ul>\n<li>Zur Durchf\u00fchrung von Marktforschung.<\/li>\n<li>Zur Durchf\u00fchrung von Datenanalysen und Audits, zur Verbesserung von Produkten, zur Entwicklung neuer Produkte, zur Erweiterung, Verbesserung oder Modifizierung unserer Digitalen Angebote, zur Identifizierung von Nutzungstrends sowie zum Betrieb und Ausbau unserer Gesch\u00e4ftst\u00e4tigkeiten und zur statistischen Analyse auf Basis aggregierter und anonymisierter Daten, z. B. Benchmarking-Berichte.<\/li>\n<li>Zur Bereitstellung von Dienstleistungen f\u00fcr Kunden, zur Steuerung von Arbeitsabl\u00e4ufen, zur \u00dcberwachung von Reparaturen, zur Prognose zuk\u00fcnftiger Wartungs- und Servicebedarfe sowie zur Fehlerbehebung.<\/li>\n<li>Zur Validierung der Wirksamkeit von Empfehlungen, zur Bearbeitung von Beschwerden und zur Erf\u00fcllung von Bestellungen.<\/li>\n<li>Zur Verwaltung des Asset- und Teilebestands, um Ihnen Maschinen, Teile und Dienstleistungen bereitstellen zu k\u00f6nnen.<\/li>\n<li>Zur Verwaltung einer Flotte eigener oder gemieteter Assets.<\/li>\n<li>Zur Entwicklung digitaler Anwendungen.<\/li>\n<\/ul>\n<h4>Wie wir Informationen ggf. offenlegen<\/h4>\n<p>Sofern in dieser Erkl\u00e4rung zum Asset-Datenmanagement nicht anders beschrieben, k\u00f6nnen wir Informationen au\u00dferdem offenlegen:<\/p>\n<ul>\n<li>An unsere verbundenen Unternehmen, einschlie\u00dflich unserer autorisierten Vertriebsdistributoren und Vertreter, um die von Ihnen angeforderten Produkte und Dienstleistungen zu liefern.<\/li>\n<li>An Asset-Eigent\u00fcmer, damit diese die Nutzung ihres Assets verwalten k\u00f6nnen.<\/li>\n<li>An Komponentenhersteller, damit diese die Nutzung ihrer Produkte untersuchen, ihre Produkte verbessern und neue Produkte entwickeln k\u00f6nnen.<\/li>\n<li>An Beauftragte, Dienstleister und andere Dritte, die von Asset-Eigent\u00fcmern beauftragt wurden oder mit ihnen gesch\u00e4ftlich verbunden sind und die Managementverantwortung f\u00fcr das Asset tragen.<\/li>\n<li>An einen verbundenen Dritten im Falle einer Reorganisation, Fusion, eines Verkaufs, Joint Ventures, einer Abtretung, \u00dcbertragung oder sonstigen Ver\u00e4u\u00dferung unseres gesamten Unternehmens oder eines Teils davon bzw. unserer Assets oder Aktien (einschlie\u00dflich im Zusammenhang mit einem Insolvenz- oder \u00e4hnlichen Verfahren).<\/li>\n<li>An einen verbundenen Dritten im Falle einer Reorganisation, Fusion, eines Verkaufs, Joint Ventures, einer Abtretung, \u00dcbertragung oder sonstigen Ver\u00e4u\u00dferung unseres gesamten Unternehmens oder eines Teils davon bzw. unserer Assets oder Aktien (einschlie\u00dflich im Zusammenhang mit einem Insolvenz- oder \u00e4hnlichen Verfahren).<\/li>\n<li>An weitere Empf\u00e4nger, wie von Ihnen und uns vereinbart.<\/li>\n<\/ul>\n<h4>Sicherheit<\/h4>\n<p>Wir haben angemessene organisatorische, technische und administrative Ma\u00dfnahmen implementiert, die darauf ausgelegt sind, Informationen innerhalb unserer Organisation zu sch\u00fctzen. Leider kann kein System zur Daten\u00fcbertragung oder -speicherung zu 100 % sicher garantiert werden. Wenn Sie Grund zu der Annahme haben, dass Ihre Interaktion mit uns nicht mehr sicher ist (z. B. wenn Sie den Eindruck haben, dass die Sicherheit Ihres Kontos beeintr\u00e4chtigt wurde), benachrichtigen Sie uns bitte umgehend gem\u00e4\u00df dem Abschnitt \u201eKontakt\u201c unten.  <\/p>\n<h4>Aktualisierungen dieser Governance-Erkl\u00e4rung<\/h4>\n<p>Wir k\u00f6nnen diese Erkl\u00e4rung zum Asset-Datenmanagement von Zeit zu Zeit und ohne vorherige Ank\u00fcndigung \u00e4ndern. Der Hinweis \u201eZULETZT AKTUALISIERT\u201c am Ende dieser Seite gibt an, wann diese Erkl\u00e4rung zum Asset-Datenmanagement zuletzt \u00fcberarbeitet wurde. <\/p>\n<p>In jedem Fall und unter allen Umst\u00e4nden erheben, verwenden und legen wir die Daten nur in einer Weise offen, die nach den geltenden Gesetzen und Vorschriften zul\u00e4ssig ist.<\/p>\n<h4>Anhang A<\/h4>\n<h4>Unternehmen der Alimak Group<\/h4>\n<ul>\n<li>Alimak do Brasil Elevadores Ltda<\/li>\n<li>Alimak Group Australia Pty. Ltd <\/li>\n<li>Alimak Group Benelux BV Netherlands<\/li>\n<li>Alimak Group Benelux NV Belgium<\/li>\n<li>Alimak Group BMU (Shanghai) Co. Ltd <\/li>\n<li>Alimak Group Canada Ltd<\/li>\n<li>Alimak Group Denmark A\/S<\/li>\n<li>Alimak Group Deutschland GmbH<\/li>\n<li>Alimak Group France SAS<\/li>\n<li>Alimak Group Hong Kong Ltd<\/li>\n<li>Alimak Group India Pvt. Ltd <\/li>\n<li>Alimak Group Italy srl<\/li>\n<li>Alimak Group Korea Co. Ltd <\/li>\n<li>Alimak Group Malaysia Sdn. Bhd <\/li>\n<li>Alimak Group Management AB<\/li>\n<li>Alimak Group Manufacturing SL<\/li>\n<li>Alimak Group Norway AS<\/li>\n<li>Alimak Group Singapore Pte. Ltd <\/li>\n<li>Alimak Group Sweden AB<\/li>\n<li>Alimak Group Swiss AG<\/li>\n<li>Alimak Group UK Ltd<\/li>\n<li>Alimak Group USA Inc<\/li>\n<li>Alimak Group Vertical Access Equipment Co. Ltd <\/li>\n<li>Avanti Brasil Sistemas Eolicos Ltda<\/li>\n<li>Avanti Wind Eng. Tech. Guangdong Co Ltd  <\/li>\n<li>Avanti Wind Systems Co. Ltd. Shanghai  <\/li>\n<li>Avanti Wind Systems India Pvt. Ltd <\/li>\n<li>Avanti Wind Systems SL<\/li>\n<li>Avanti Wind Systems SL<\/li>\n<li>Avanti Wind Systems Techn. SL <\/li>\n<li>Cento Engineering Company Ltd.<\/li>\n<li>Cox Gomyl Macau Ltd.<\/li>\n<li>Cox Gomyl Operations SAU<\/li>\n<li>Cox Gomyl Shenzhen Co. Ltd <\/li>\n<li>EW Cox Middle East LLC<\/li>\n<li>James Hickey Industrial Traning School Ltd<\/li>\n<li>Manntech (HK) Ltd<\/li>\n<\/ul>\n<h4>An wen Sie sich bei Fragen und f\u00fcr weitere Informationen wenden k\u00f6nnen<\/h4>\n<p>Bei Fragen zu dieser Erkl\u00e4rung kontaktieren Sie uns bitte per E-Mail unter <a href=\"mailto:privacy@alimakgroup.com\">privacy@alimakgroup.com<\/a> oder per Post an die unten angegebene Adresse: <\/p>\n<p>Alimak Group AB (publ)<br \/>\nAtt: Global Data Protection Manager<br \/>\nBlekholmstorget 30<br \/>\n111 64 Stockholm<\/p>\n<p>Zuletzt ge\u00e4ndert: 7. Januar 2026<\/p>\n                <\/div>\n\n                            <\/main>\n        <\/div>\n    <\/div>\n<\/section>\n","protected":false},"excerpt":{"rendered":"<p>Diese Erkl\u00e4rung zum Asset-Datenmanagement beschreibt die Praktiken der Alimak Group AB und ihrer Konzerngesellschaften gem\u00e4\u00df Anhang A (\u201eAlimak Group\u201c, \u201ewir\u201c,&#8230;<\/p>\n","protected":false},"author":2,"featured_media":0,"parent":0,"menu_order":0,"comment_status":"closed","ping_status":"closed","template":"","meta":{"_acf_changed":false,"footnotes":""},"class_list":["post-13699","page","type-page","status-publish","hentry"],"acf":[],"yoast_head":"<!-- This site is optimized with the Yoast SEO plugin v27.3 - https:\/\/yoast.com\/product\/yoast-seo-wordpress\/ -->\n<title>Asset-Datenmanagement - Alimak<\/title>\n<meta name=\"robots\" content=\"index, follow, max-snippet:-1, max-image-preview:large, max-video-preview:-1\" \/>\n<link rel=\"canonical\" href=\"https:\/\/alimak.com\/de\/asset-datenmanagement\/\" \/>\n<meta property=\"og:locale\" content=\"de_DE\" \/>\n<meta property=\"og:type\" content=\"article\" \/>\n<meta property=\"og:title\" content=\"Asset-Datenmanagement - Alimak\" \/>\n<meta property=\"og:description\" content=\"Diese Erkl\u00e4rung zum Asset-Datenmanagement beschreibt die Praktiken der Alimak Group AB und ihrer Konzerngesellschaften gem\u00e4\u00df Anhang A (\u201eAlimak Group\u201c, \u201ewir\u201c,...\" \/>\n<meta property=\"og:url\" content=\"https:\/\/alimak.com\/de\/asset-datenmanagement\/\" \/>\n<meta property=\"og:site_name\" content=\"Alimak\" \/>\n<meta property=\"article:modified_time\" content=\"2026-03-18T12:33:21+00:00\" \/>\n<meta name=\"twitter:card\" content=\"summary_large_image\" \/>\n<script type=\"application\/ld+json\" class=\"yoast-schema-graph\">{\"@context\":\"https:\\\/\\\/schema.org\",\"@graph\":[{\"@type\":\"WebPage\",\"@id\":\"https:\\\/\\\/alimak.com\\\/de\\\/asset-datenmanagement\\\/\",\"url\":\"https:\\\/\\\/alimak.com\\\/de\\\/asset-datenmanagement\\\/\",\"name\":\"Asset-Datenmanagement - Alimak\",\"isPartOf\":{\"@id\":\"https:\\\/\\\/alimak.com\\\/#website\"},\"datePublished\":\"2025-11-12T12:46:22+00:00\",\"dateModified\":\"2026-03-18T12:33:21+00:00\",\"breadcrumb\":{\"@id\":\"https:\\\/\\\/alimak.com\\\/de\\\/asset-datenmanagement\\\/#breadcrumb\"},\"inLanguage\":\"de-DE\",\"potentialAction\":[{\"@type\":\"ReadAction\",\"target\":[\"https:\\\/\\\/alimak.com\\\/de\\\/asset-datenmanagement\\\/\"]}]},{\"@type\":\"BreadcrumbList\",\"@id\":\"https:\\\/\\\/alimak.com\\\/de\\\/asset-datenmanagement\\\/#breadcrumb\",\"itemListElement\":[{\"@type\":\"ListItem\",\"position\":1,\"name\":\"Home\",\"item\":\"https:\\\/\\\/alimak.com\\\/de\\\/\"},{\"@type\":\"ListItem\",\"position\":2,\"name\":\"Asset-Datenmanagement\"}]},{\"@type\":\"WebSite\",\"@id\":\"https:\\\/\\\/alimak.com\\\/#website\",\"url\":\"https:\\\/\\\/alimak.com\\\/\",\"name\":\"Alimak\",\"description\":\"\",\"potentialAction\":[{\"@type\":\"SearchAction\",\"target\":{\"@type\":\"EntryPoint\",\"urlTemplate\":\"https:\\\/\\\/alimak.com\\\/?s={search_term_string}\"},\"query-input\":{\"@type\":\"PropertyValueSpecification\",\"valueRequired\":true,\"valueName\":\"search_term_string\"}}],\"inLanguage\":\"de-DE\"}]}<\/script>\n<!-- \/ Yoast SEO plugin. -->","yoast_head_json":{"title":"Asset-Datenmanagement - Alimak","robots":{"index":"index","follow":"follow","max-snippet":"max-snippet:-1","max-image-preview":"max-image-preview:large","max-video-preview":"max-video-preview:-1"},"canonical":"https:\/\/alimak.com\/de\/asset-datenmanagement\/","og_locale":"de_DE","og_type":"article","og_title":"Asset-Datenmanagement - Alimak","og_description":"Diese Erkl\u00e4rung zum Asset-Datenmanagement beschreibt die Praktiken der Alimak Group AB und ihrer Konzerngesellschaften gem\u00e4\u00df Anhang A (\u201eAlimak Group\u201c, \u201ewir\u201c,...","og_url":"https:\/\/alimak.com\/de\/asset-datenmanagement\/","og_site_name":"Alimak","article_modified_time":"2026-03-18T12:33:21+00:00","twitter_card":"summary_large_image","schema":{"@context":"https:\/\/schema.org","@graph":[{"@type":"WebPage","@id":"https:\/\/alimak.com\/de\/asset-datenmanagement\/","url":"https:\/\/alimak.com\/de\/asset-datenmanagement\/","name":"Asset-Datenmanagement - Alimak","isPartOf":{"@id":"https:\/\/alimak.com\/#website"},"datePublished":"2025-11-12T12:46:22+00:00","dateModified":"2026-03-18T12:33:21+00:00","breadcrumb":{"@id":"https:\/\/alimak.com\/de\/asset-datenmanagement\/#breadcrumb"},"inLanguage":"de-DE","potentialAction":[{"@type":"ReadAction","target":["https:\/\/alimak.com\/de\/asset-datenmanagement\/"]}]},{"@type":"BreadcrumbList","@id":"https:\/\/alimak.com\/de\/asset-datenmanagement\/#breadcrumb","itemListElement":[{"@type":"ListItem","position":1,"name":"Home","item":"https:\/\/alimak.com\/de\/"},{"@type":"ListItem","position":2,"name":"Asset-Datenmanagement"}]},{"@type":"WebSite","@id":"https:\/\/alimak.com\/#website","url":"https:\/\/alimak.com\/","name":"Alimak","description":"","potentialAction":[{"@type":"SearchAction","target":{"@type":"EntryPoint","urlTemplate":"https:\/\/alimak.com\/?s={search_term_string}"},"query-input":{"@type":"PropertyValueSpecification","valueRequired":true,"valueName":"search_term_string"}}],"inLanguage":"de-DE"}]}},"_links":{"self":[{"href":"https:\/\/alimak.com\/de\/wp-json\/wp\/v2\/pages\/13699","targetHints":{"allow":["GET"]}}],"collection":[{"href":"https:\/\/alimak.com\/de\/wp-json\/wp\/v2\/pages"}],"about":[{"href":"https:\/\/alimak.com\/de\/wp-json\/wp\/v2\/types\/page"}],"author":[{"embeddable":true,"href":"https:\/\/alimak.com\/de\/wp-json\/wp\/v2\/users\/2"}],"replies":[{"embeddable":true,"href":"https:\/\/alimak.com\/de\/wp-json\/wp\/v2\/comments?post=13699"}],"version-history":[{"count":1,"href":"https:\/\/alimak.com\/de\/wp-json\/wp\/v2\/pages\/13699\/revisions"}],"predecessor-version":[{"id":13703,"href":"https:\/\/alimak.com\/de\/wp-json\/wp\/v2\/pages\/13699\/revisions\/13703"}],"wp:attachment":[{"href":"https:\/\/alimak.com\/de\/wp-json\/wp\/v2\/media?parent=13699"}],"curies":[{"name":"wp","href":"https:\/\/api.w.org\/{rel}","templated":true}]}}