{"id":13735,"date":"2025-11-12T12:35:49","date_gmt":"2025-11-12T12:35:49","guid":{"rendered":"https:\/\/alimak.com\/whistleblower\/"},"modified":"2026-03-18T12:33:26","modified_gmt":"2026-03-18T12:33:26","slug":"whistleblower","status":"publish","type":"page","link":"https:\/\/alimak.com\/de\/whistleblower\/","title":{"rendered":"Whistleblower"},"content":{"rendered":"\n<section class=\"small-hero border-b bg-white text-black border-lightGrey pt-0 pb-0\">\n    \n        <div class=\"holder pt-36 md:pt-44\">\n            <div class=\"grid grid-cols-12 gap-4 pb-16\">\n                <div class=\"col-span-12 lg:col-span-7\">\n                                        <h1 class=\"text-28 md:text-52 leading-[1.3] lg:max-w-[625px]\"><p>Whistleblower<\/p>\n<\/h1>\n                    <div class=\"wysiwyg pt-5 leading-[1.6] lg:block lg:max-w-[767px]\"><h3><strong>Verhaltenskodex<\/strong><\/h3>\n<p>Alimak ist ein Teil der Alimak Group. Der Verhaltenskodex der Alimak Group beschreibt, wie wir Gesch\u00e4fte auf ethische und verantwortungsvolle Weise f\u00fchren. Er legt die Verhaltensgrunds\u00e4tze fest, denen wir folgen, und bietet uns eine praktische Orientierung f\u00fcr unser Handeln und unsere t\u00e4glichen Gesch\u00e4ftsentscheidungen.  <\/p>\n<\/div>\n                <\/div>\n            <\/div>\n        <\/div>\n\n    <\/section>\n<section class=\"regular-text-block bg-white pt-6 lg:pt-12 pb-6 lg:pb-12\">\n    <div class=\"holder\">\n        <div class=\"grid grid-cols-12 gap-4\">\n            <div class=\"col-span-12 lg:col-span-3 hidden lg:block\">\n            <\/div>\n            <main class=\"col-span-12 lg:col-span-9\">\n\n                <div class=\"wysiwyg-article mb-12\">\n                    <p>Alle Mitarbeiter der Alimak Group werden im Verhaltenskodex geschult. Die Schulung ist Bestandteil unserer Einf\u00fchrungsprogramme f\u00fcr neue Mitarbeiter und wird regelm\u00e4\u00dfig wiederholt. <\/p>\n<p>Die Alimak Group bekennt sich zum UN Global Compact, einer Initiative, die darauf abzielt, Menschenrechte, faire Arbeitsnormen, Umweltverantwortung und Korruptionsbek\u00e4mpfung zu Kernbestandteilen der Gesch\u00e4ftst\u00e4tigkeit der teilnehmenden Unternehmen zu machen.<\/p>\n<p>Bitte besuchen Sie unsere Unternehmenswebsite, um mehr \u00fcber unseren Verhaltenskodex zu lesen und Verst\u00f6\u00dfe oder Unstimmigkeiten zu melden.<\/p>\n<p><a href=\"https:\/\/corporate.alimakgroup.com\/en\/sustainability\/code-of-conduct\/\" target=\"_blank\" rel=\"noopener\">Unternehmenswebsite der Alimak Group<\/a><\/p>\n                <\/div>\n            <\/main>\n        <\/div>\n    <\/div>\n<\/section>\n","protected":false},"excerpt":{"rendered":"<p>Verhaltenskodex Alimak ist ein Teil der Alimak Group. Der Verhaltenskodex der Alimak Group beschreibt, wie wir Gesch\u00e4fte auf ethische und&#8230;<\/p>\n","protected":false},"author":2,"featured_media":0,"parent":0,"menu_order":0,"comment_status":"closed","ping_status":"closed","template":"","meta":{"_acf_changed":false,"footnotes":""},"class_list":["post-13735","page","type-page","status-publish","hentry"],"acf":[],"yoast_head":"<!-- This site is optimized with the Yoast SEO plugin v27.3 - https:\/\/yoast.com\/product\/yoast-seo-wordpress\/ -->\n<title>Whistleblower - Alimak<\/title>\n<meta name=\"robots\" content=\"index, follow, max-snippet:-1, max-image-preview:large, max-video-preview:-1\" \/>\n<link rel=\"canonical\" href=\"https:\/\/alimak.com\/de\/whistleblower\/\" \/>\n<meta property=\"og:locale\" content=\"de_DE\" \/>\n<meta property=\"og:type\" content=\"article\" \/>\n<meta property=\"og:title\" content=\"Whistleblower - Alimak\" \/>\n<meta property=\"og:description\" content=\"Verhaltenskodex Alimak ist ein Teil der Alimak Group. Der Verhaltenskodex der Alimak Group beschreibt, wie wir Gesch\u00e4fte auf ethische und...\" \/>\n<meta property=\"og:url\" content=\"https:\/\/alimak.com\/de\/whistleblower\/\" \/>\n<meta property=\"og:site_name\" content=\"Alimak\" \/>\n<meta property=\"article:modified_time\" content=\"2026-03-18T12:33:26+00:00\" \/>\n<meta name=\"twitter:card\" content=\"summary_large_image\" \/>\n<script type=\"application\/ld+json\" class=\"yoast-schema-graph\">{\"@context\":\"https:\\\/\\\/schema.org\",\"@graph\":[{\"@type\":\"WebPage\",\"@id\":\"https:\\\/\\\/alimak.com\\\/de\\\/whistleblower\\\/\",\"url\":\"https:\\\/\\\/alimak.com\\\/de\\\/whistleblower\\\/\",\"name\":\"Whistleblower - Alimak\",\"isPartOf\":{\"@id\":\"https:\\\/\\\/alimak.com\\\/#website\"},\"datePublished\":\"2025-11-12T12:35:49+00:00\",\"dateModified\":\"2026-03-18T12:33:26+00:00\",\"breadcrumb\":{\"@id\":\"https:\\\/\\\/alimak.com\\\/de\\\/whistleblower\\\/#breadcrumb\"},\"inLanguage\":\"de-DE\",\"potentialAction\":[{\"@type\":\"ReadAction\",\"target\":[\"https:\\\/\\\/alimak.com\\\/de\\\/whistleblower\\\/\"]}]},{\"@type\":\"BreadcrumbList\",\"@id\":\"https:\\\/\\\/alimak.com\\\/de\\\/whistleblower\\\/#breadcrumb\",\"itemListElement\":[{\"@type\":\"ListItem\",\"position\":1,\"name\":\"Home\",\"item\":\"https:\\\/\\\/alimak.com\\\/de\\\/\"},{\"@type\":\"ListItem\",\"position\":2,\"name\":\"Whistleblower\"}]},{\"@type\":\"WebSite\",\"@id\":\"https:\\\/\\\/alimak.com\\\/#website\",\"url\":\"https:\\\/\\\/alimak.com\\\/\",\"name\":\"Alimak\",\"description\":\"\",\"potentialAction\":[{\"@type\":\"SearchAction\",\"target\":{\"@type\":\"EntryPoint\",\"urlTemplate\":\"https:\\\/\\\/alimak.com\\\/?s={search_term_string}\"},\"query-input\":{\"@type\":\"PropertyValueSpecification\",\"valueRequired\":true,\"valueName\":\"search_term_string\"}}],\"inLanguage\":\"de-DE\"}]}<\/script>\n<!-- \/ Yoast SEO plugin. -->","yoast_head_json":{"title":"Whistleblower - Alimak","robots":{"index":"index","follow":"follow","max-snippet":"max-snippet:-1","max-image-preview":"max-image-preview:large","max-video-preview":"max-video-preview:-1"},"canonical":"https:\/\/alimak.com\/de\/whistleblower\/","og_locale":"de_DE","og_type":"article","og_title":"Whistleblower - Alimak","og_description":"Verhaltenskodex Alimak ist ein Teil der Alimak Group. Der Verhaltenskodex der Alimak Group beschreibt, wie wir Gesch\u00e4fte auf ethische und...","og_url":"https:\/\/alimak.com\/de\/whistleblower\/","og_site_name":"Alimak","article_modified_time":"2026-03-18T12:33:26+00:00","twitter_card":"summary_large_image","schema":{"@context":"https:\/\/schema.org","@graph":[{"@type":"WebPage","@id":"https:\/\/alimak.com\/de\/whistleblower\/","url":"https:\/\/alimak.com\/de\/whistleblower\/","name":"Whistleblower - Alimak","isPartOf":{"@id":"https:\/\/alimak.com\/#website"},"datePublished":"2025-11-12T12:35:49+00:00","dateModified":"2026-03-18T12:33:26+00:00","breadcrumb":{"@id":"https:\/\/alimak.com\/de\/whistleblower\/#breadcrumb"},"inLanguage":"de-DE","potentialAction":[{"@type":"ReadAction","target":["https:\/\/alimak.com\/de\/whistleblower\/"]}]},{"@type":"BreadcrumbList","@id":"https:\/\/alimak.com\/de\/whistleblower\/#breadcrumb","itemListElement":[{"@type":"ListItem","position":1,"name":"Home","item":"https:\/\/alimak.com\/de\/"},{"@type":"ListItem","position":2,"name":"Whistleblower"}]},{"@type":"WebSite","@id":"https:\/\/alimak.com\/#website","url":"https:\/\/alimak.com\/","name":"Alimak","description":"","potentialAction":[{"@type":"SearchAction","target":{"@type":"EntryPoint","urlTemplate":"https:\/\/alimak.com\/?s={search_term_string}"},"query-input":{"@type":"PropertyValueSpecification","valueRequired":true,"valueName":"search_term_string"}}],"inLanguage":"de-DE"}]}},"_links":{"self":[{"href":"https:\/\/alimak.com\/de\/wp-json\/wp\/v2\/pages\/13735","targetHints":{"allow":["GET"]}}],"collection":[{"href":"https:\/\/alimak.com\/de\/wp-json\/wp\/v2\/pages"}],"about":[{"href":"https:\/\/alimak.com\/de\/wp-json\/wp\/v2\/types\/page"}],"author":[{"embeddable":true,"href":"https:\/\/alimak.com\/de\/wp-json\/wp\/v2\/users\/2"}],"replies":[{"embeddable":true,"href":"https:\/\/alimak.com\/de\/wp-json\/wp\/v2\/comments?post=13735"}],"version-history":[{"count":1,"href":"https:\/\/alimak.com\/de\/wp-json\/wp\/v2\/pages\/13735\/revisions"}],"predecessor-version":[{"id":13736,"href":"https:\/\/alimak.com\/de\/wp-json\/wp\/v2\/pages\/13735\/revisions\/13736"}],"wp:attachment":[{"href":"https:\/\/alimak.com\/de\/wp-json\/wp\/v2\/media?parent=13735"}],"curies":[{"name":"wp","href":"https:\/\/api.w.org\/{rel}","templated":true}]}}