{"id":13827,"date":"2025-11-12T12:14:11","date_gmt":"2025-11-12T12:14:11","guid":{"rendered":"https:\/\/alimak.com\/rechtliche-hinweise\/"},"modified":"2026-03-18T12:34:05","modified_gmt":"2026-03-18T12:34:05","slug":"rechtliche-hinweise","status":"publish","type":"page","link":"https:\/\/alimak.com\/de\/rechtliche-hinweise\/","title":{"rendered":"Rechtliche Hinweise"},"content":{"rendered":"\n<section class=\"small-hero border-b bg-white text-black border-lightGrey pt-0 pb-0\">\n    \n        <div class=\"holder pt-36 md:pt-44\">\n            <div class=\"grid grid-cols-12 gap-4 pb-16\">\n                <div class=\"col-span-12 lg:col-span-7\">\n                                        <h1 class=\"text-28 md:text-52 leading-[1.3] lg:max-w-[625px]\"><p>Rechtliche Hinweise<\/p>\n<\/h1>\n                    <div class=\"wysiwyg pt-5 leading-[1.6] lg:block lg:max-w-[767px]\"><h3><strong>Alimak Group AB (publ)<\/strong><\/h3>\n<p>Die Alimak Group AB (publ) mit ihren Tochtergesellschaften (\u201eAlimak Group\u201c) ist ein globaler Anbieter von nachhaltigen L\u00f6sungen f\u00fcr vertikalen Zugang und Arbeiten in der H\u00f6he mit Pr\u00e4senz in \u00fcber 120 L\u00e4ndern. Die Alimak Group entwickelt, fertigt, vertreibt und wartet L\u00f6sungen f\u00fcr vertikalen Zugang und Arbeiten in der H\u00f6he mit dem Fokus, den Kundennutzen durch erh\u00f6hte Sicherheit, h\u00f6here Produktivit\u00e4t und verbesserte Kosteneffizienz zu steigern.<\/p>\n<\/div>\n                <\/div>\n            <\/div>\n        <\/div>\n\n    <\/section>\n<section class=\"regular-text-block bg-white pt-6 lg:pt-12 pb-6 lg:pb-12\">\n    <div class=\"holder\">\n        <div class=\"grid grid-cols-12 gap-4\">\n            <div class=\"col-span-12 lg:col-span-3 hidden lg:block\">\n            <\/div>\n            <main class=\"col-span-12 lg:col-span-9\">\n\n                <div class=\"wysiwyg-article mb-12\">\n                    <h4>GEISTIGES EIGENTUM<\/h4>\n<h4>Urheberrechts- und Vervielf\u00e4ltigungshinweis<\/h4>\n<h4>Copyright \u00a9 2026 Alimak Group. Alle Rechte vorbehalten. <\/h4>\n<p>Der Inhalt der Websites der Alimak Group ist durch internationale Urheberrechtskonventionen gesch\u00fctzt. Die Seiten\u00fcberschriften, benutzerdefinierten Grafiken, Schaltfl\u00e4chensymbole, Stylesheets und Skripte, die zum \u201eLook and Feel\u201c der Website beitragen, sind Dienstleistungsmarken, Marken und\/oder Handelsaufmachungen der Alimak Group und d\u00fcrfen ohne unsere vorherige schriftliche Genehmigung weder ganz noch teilweise in Verbindung mit Produkten oder Dienstleistungen kopiert, nachgeahmt oder verwendet werden, in einer Weise, die bei Kunden Verwirrung stiften k\u00f6nnte, oder in einer Weise, die die Alimak Group herabsetzt oder diskreditiert. Die Vervielf\u00e4ltigung angemessener Teile des Inhalts der Websites ist nur gestattet, sofern (i) solche Vervielf\u00e4ltigungen kostenlos und f\u00fcr nicht-kommerzielle Zwecke zur Verf\u00fcgung gestellt werden, (ii) solche Vervielf\u00e4ltigungen der Alimak Group ordnungsgem\u00e4\u00df zugeschrieben werden, (iii) der vervielf\u00e4ltigte Teil der Website nicht ver\u00e4ndert oder in einer Weise zur Verf\u00fcgung gestellt wird, die den Inhalt der Website modifiziert oder den vervielf\u00e4ltigten Teil der Website in einem falschen Licht darstellt, und (iv) auf die auf der Website enthaltenen Haftungsausschl\u00fcsse hingewiesen wird. Die Erlaubnis zur erneuten Vervielf\u00e4ltigung gestattet nicht die Aufnahme wesentlicher Teile der Websites in ein Werk oder eine Ver\u00f6ffentlichung, sei es in gedruckter, elektronischer oder anderer Form oder zu kommerziellen Zwecken.       <\/p>\n<h4>Marken<\/h4>\n<p>ALIMAK, CAMAC, LEVATO, MAMMOTH, MEDIUS, SCANDO, VECTIO und zugeh\u00f6rige Logos sind eingetragene Marken der Alimak Group AB und ihrer Tochtergesellschaften in mehreren Jurisdiktionen, einschlie\u00dflich, aber nicht beschr\u00e4nkt auf die EU und die Vereinigten Staaten. Die Alimak Group beh\u00e4lt alle Rechte an ihrem Namen und an den oben genannten Marken sowie an anderen auf der Website erw\u00e4hnten Marken und Produktnamen, ob eingetragen oder nicht (die \u201eMarken\u201c). Sie d\u00fcrfen die Marken nicht ohne unsere vorherige schriftliche Genehmigung verwenden; Sie d\u00fcrfen die Marken nicht in einer Weise verwenden, die geeignet ist, Verwirrung dar\u00fcber zu stiften, ob wir die Quelle eines Produkts, einer Dienstleistung oder einer Aktivit\u00e4t sind.  <\/p>\n                <\/div>\n            <\/main>\n        <\/div>\n    <\/div>\n<\/section>\n","protected":false},"excerpt":{"rendered":"<p>Alimak Group AB (publ) Die Alimak Group AB (publ) mit ihren Tochtergesellschaften (\u201eAlimak Group\u201c) ist ein globaler Anbieter von nachhaltigen&#8230;<\/p>\n","protected":false},"author":2,"featured_media":0,"parent":0,"menu_order":0,"comment_status":"closed","ping_status":"closed","template":"","meta":{"_acf_changed":false,"footnotes":""},"class_list":["post-13827","page","type-page","status-publish","hentry"],"acf":[],"yoast_head":"<!-- This site is optimized with the Yoast SEO plugin v27.3 - https:\/\/yoast.com\/product\/yoast-seo-wordpress\/ -->\n<title>Rechtliche Hinweise - Alimak<\/title>\n<meta name=\"robots\" content=\"index, follow, max-snippet:-1, max-image-preview:large, max-video-preview:-1\" \/>\n<link rel=\"canonical\" href=\"https:\/\/alimak.com\/de\/rechtliche-hinweise\/\" \/>\n<meta property=\"og:locale\" content=\"de_DE\" \/>\n<meta property=\"og:type\" content=\"article\" \/>\n<meta property=\"og:title\" content=\"Rechtliche Hinweise - Alimak\" \/>\n<meta property=\"og:description\" content=\"Alimak Group AB (publ) Die Alimak Group AB (publ) mit ihren Tochtergesellschaften (\u201eAlimak Group\u201c) ist ein globaler Anbieter von nachhaltigen...\" \/>\n<meta property=\"og:url\" content=\"https:\/\/alimak.com\/de\/rechtliche-hinweise\/\" \/>\n<meta property=\"og:site_name\" content=\"Alimak\" \/>\n<meta property=\"article:modified_time\" content=\"2026-03-18T12:34:05+00:00\" \/>\n<meta name=\"twitter:card\" content=\"summary_large_image\" \/>\n<script type=\"application\/ld+json\" class=\"yoast-schema-graph\">{\"@context\":\"https:\\\/\\\/schema.org\",\"@graph\":[{\"@type\":\"WebPage\",\"@id\":\"https:\\\/\\\/alimak.com\\\/de\\\/rechtliche-hinweise\\\/\",\"url\":\"https:\\\/\\\/alimak.com\\\/de\\\/rechtliche-hinweise\\\/\",\"name\":\"Rechtliche Hinweise - Alimak\",\"isPartOf\":{\"@id\":\"https:\\\/\\\/alimak.com\\\/#website\"},\"datePublished\":\"2025-11-12T12:14:11+00:00\",\"dateModified\":\"2026-03-18T12:34:05+00:00\",\"breadcrumb\":{\"@id\":\"https:\\\/\\\/alimak.com\\\/de\\\/rechtliche-hinweise\\\/#breadcrumb\"},\"inLanguage\":\"de-DE\",\"potentialAction\":[{\"@type\":\"ReadAction\",\"target\":[\"https:\\\/\\\/alimak.com\\\/de\\\/rechtliche-hinweise\\\/\"]}]},{\"@type\":\"BreadcrumbList\",\"@id\":\"https:\\\/\\\/alimak.com\\\/de\\\/rechtliche-hinweise\\\/#breadcrumb\",\"itemListElement\":[{\"@type\":\"ListItem\",\"position\":1,\"name\":\"Home\",\"item\":\"https:\\\/\\\/alimak.com\\\/de\\\/\"},{\"@type\":\"ListItem\",\"position\":2,\"name\":\"Rechtliche Hinweise\"}]},{\"@type\":\"WebSite\",\"@id\":\"https:\\\/\\\/alimak.com\\\/#website\",\"url\":\"https:\\\/\\\/alimak.com\\\/\",\"name\":\"Alimak\",\"description\":\"\",\"potentialAction\":[{\"@type\":\"SearchAction\",\"target\":{\"@type\":\"EntryPoint\",\"urlTemplate\":\"https:\\\/\\\/alimak.com\\\/?s={search_term_string}\"},\"query-input\":{\"@type\":\"PropertyValueSpecification\",\"valueRequired\":true,\"valueName\":\"search_term_string\"}}],\"inLanguage\":\"de-DE\"}]}<\/script>\n<!-- \/ Yoast SEO plugin. -->","yoast_head_json":{"title":"Rechtliche Hinweise - Alimak","robots":{"index":"index","follow":"follow","max-snippet":"max-snippet:-1","max-image-preview":"max-image-preview:large","max-video-preview":"max-video-preview:-1"},"canonical":"https:\/\/alimak.com\/de\/rechtliche-hinweise\/","og_locale":"de_DE","og_type":"article","og_title":"Rechtliche Hinweise - Alimak","og_description":"Alimak Group AB (publ) Die Alimak Group AB (publ) mit ihren Tochtergesellschaften (\u201eAlimak Group\u201c) ist ein globaler Anbieter von nachhaltigen...","og_url":"https:\/\/alimak.com\/de\/rechtliche-hinweise\/","og_site_name":"Alimak","article_modified_time":"2026-03-18T12:34:05+00:00","twitter_card":"summary_large_image","schema":{"@context":"https:\/\/schema.org","@graph":[{"@type":"WebPage","@id":"https:\/\/alimak.com\/de\/rechtliche-hinweise\/","url":"https:\/\/alimak.com\/de\/rechtliche-hinweise\/","name":"Rechtliche Hinweise - Alimak","isPartOf":{"@id":"https:\/\/alimak.com\/#website"},"datePublished":"2025-11-12T12:14:11+00:00","dateModified":"2026-03-18T12:34:05+00:00","breadcrumb":{"@id":"https:\/\/alimak.com\/de\/rechtliche-hinweise\/#breadcrumb"},"inLanguage":"de-DE","potentialAction":[{"@type":"ReadAction","target":["https:\/\/alimak.com\/de\/rechtliche-hinweise\/"]}]},{"@type":"BreadcrumbList","@id":"https:\/\/alimak.com\/de\/rechtliche-hinweise\/#breadcrumb","itemListElement":[{"@type":"ListItem","position":1,"name":"Home","item":"https:\/\/alimak.com\/de\/"},{"@type":"ListItem","position":2,"name":"Rechtliche Hinweise"}]},{"@type":"WebSite","@id":"https:\/\/alimak.com\/#website","url":"https:\/\/alimak.com\/","name":"Alimak","description":"","potentialAction":[{"@type":"SearchAction","target":{"@type":"EntryPoint","urlTemplate":"https:\/\/alimak.com\/?s={search_term_string}"},"query-input":{"@type":"PropertyValueSpecification","valueRequired":true,"valueName":"search_term_string"}}],"inLanguage":"de-DE"}]}},"_links":{"self":[{"href":"https:\/\/alimak.com\/de\/wp-json\/wp\/v2\/pages\/13827","targetHints":{"allow":["GET"]}}],"collection":[{"href":"https:\/\/alimak.com\/de\/wp-json\/wp\/v2\/pages"}],"about":[{"href":"https:\/\/alimak.com\/de\/wp-json\/wp\/v2\/types\/page"}],"author":[{"embeddable":true,"href":"https:\/\/alimak.com\/de\/wp-json\/wp\/v2\/users\/2"}],"replies":[{"embeddable":true,"href":"https:\/\/alimak.com\/de\/wp-json\/wp\/v2\/comments?post=13827"}],"version-history":[{"count":1,"href":"https:\/\/alimak.com\/de\/wp-json\/wp\/v2\/pages\/13827\/revisions"}],"predecessor-version":[{"id":13828,"href":"https:\/\/alimak.com\/de\/wp-json\/wp\/v2\/pages\/13827\/revisions\/13828"}],"wp:attachment":[{"href":"https:\/\/alimak.com\/de\/wp-json\/wp\/v2\/media?parent=13827"}],"curies":[{"name":"wp","href":"https:\/\/api.w.org\/{rel}","templated":true}]}}