{"id":13956,"date":"2025-08-26T10:44:30","date_gmt":"2025-08-26T10:44:30","guid":{"rendered":"https:\/\/alimak.com\/datenschutzerklaerung\/"},"modified":"2026-03-18T12:36:27","modified_gmt":"2026-03-18T12:36:27","slug":"datenschutzerklaerung","status":"publish","type":"page","link":"https:\/\/alimak.com\/de\/datenschutzerklaerung\/","title":{"rendered":"Datenschutzerkl\u00e4rung"},"content":{"rendered":"\n<section class=\"small-hero border-b bg-white text-black border-lightGrey pt-0 pb-0\">\n    \n        <div class=\"holder pt-36 md:pt-44\">\n            <div class=\"grid grid-cols-12 gap-4 pb-16\">\n                <div class=\"col-span-12 lg:col-span-7\">\n                                        <h1 class=\"text-28 md:text-52 leading-[1.3] lg:max-w-[625px]\"><p>Datenschutzerkl\u00e4rung<\/p>\n<\/h1>\n                    <div class=\"wysiwyg pt-5 leading-[1.6] lg:block lg:max-w-[767px]\"><h3><strong>Informationen zur Verarbeitung personenbezogener Daten bei der Alimak Group<\/strong><\/h3>\n<p>Alimak ist Teil der Alimak Group, einem weltweit f\u00fchrenden Anbieter von L\u00f6sungen f\u00fcr den vertikalen Zugang. Wir sind stets bestrebt, starke und vertrauensvolle Beziehungen zu allen Parteien aufzubauen, mit denen wir gesch\u00e4ftlich verbunden sind. Daher ist es f\u00fcr uns unerl\u00e4sslich, Ihre personenbezogenen Daten mit Fokus auf Ihre Integrit\u00e4t zu verarbeiten.  <\/p>\n<p>Personenbezogene Daten sind alle Arten von Informationen, die dazu verwendet werden k\u00f6nnen, Sie als nat\u00fcrliche Person zu identifizieren. Unsere Datenschutzerkl\u00e4rung beschreibt, warum und wie wir Ihre personenbezogenen Daten verarbeiten sowie wie Sie Ihre Rechte aus\u00fcben k\u00f6nnen. <\/p>\n<p>Bitte lesen Sie diese Richtlinie.<\/p>\n<\/div>\n                <\/div>\n            <\/div>\n        <\/div>\n\n    <\/section>\n<section class=\"regular-text-block bg-white pt-6 lg:pt-12 pb-6 lg:pb-12\">\n    <div class=\"holder\">\n        <div class=\"grid grid-cols-12 gap-4\">\n            <div class=\"col-span-12 lg:col-span-3 hidden lg:block\">\n            <\/div>\n            <main class=\"col-span-12 lg:col-span-9\">\n\n                <div class=\"wysiwyg-article mb-12\">\n                    <h4>Unsere Verantwortung<\/h4>\n<p>Um die f\u00fcr die Durchf\u00fchrung unserer Gesch\u00e4ftst\u00e4tigkeit erforderlichen Lieferungen beschaffen und unseren Kunden die erwarteten L\u00f6sungen bereitstellen zu k\u00f6nnen, verarbeiten wir Ihre personenbezogenen Daten. Die meisten dieser Daten stehen im Zusammenhang mit Ihrem Besch\u00e4ftigungsverh\u00e4ltnis, Ihrem Interesse als Aktion\u00e4r oder einem sonstigen Interesse an der Alimak Group. Die Daten betreffen Kontaktdaten sowie Informationen, die zur Pflege der Beziehung zu Ihnen oder Ihrem Arbeitgeber erforderlich sind.  <\/p>\n<p>Die Alimak Group ist f\u00fcr alle von uns durchgef\u00fchrten Verarbeitungen Ihrer personenbezogenen Daten verantwortlich (Verantwortlicher). Wir halten die geltenden Datenschutzvorschriften ein und verarbeiten personenbezogene Daten auf Grundlage dieser Vorschriften sowie gem\u00e4\u00df internen Richtlinien und Leitlinien. Wir versichern Ihnen, dass wir die erforderlichen Ma\u00dfnahmen ergreifen, um Ihre personenbezogenen Daten zu sch\u00fctzen.  <\/p>\n<h4>Erhebung<\/h4>\n<p>Wir erheben personenbezogene Daten nur f\u00fcr festgelegte, eindeutige und legitime Zwecke. Die Quellen der Erhebung k\u00f6nnen variieren, jedoch werden personenbezogene Daten in der Regel von Ihnen bereitgestellt, wenn Sie uns \u00fcber unsere Websites, per E-Mail, \u00fcber soziale Medien usw. kontaktieren, wenn Sie Ihre Rechte als Aktion\u00e4r aus\u00fcben oder von Ihrem Arbeitgeber im Rahmen seiner Zusammenarbeit bei Gesch\u00e4ftsbeziehungen mit der Alimak Group. <\/p>\n<h4>Aufbewahrung<\/h4>\n<p>Wir verarbeiten Ihre personenbezogenen Daten nur so lange, wie es zur Erf\u00fcllung des Verarbeitungszwecks erforderlich ist. Danach l\u00f6schen, pseudonymisieren oder anonymisieren wir die personenbezogenen Daten, sodass eine Zuordnung zu Ihnen nicht mehr m\u00f6glich ist. Die Dauer, f\u00fcr die wir personenbezogene Daten aufbewahren, h\u00e4ngt von den Verarbeitungszwecken einschlie\u00dflich der geltenden Gesetzgebung ab.  <\/p>\n<h4>\u00dcbermittlungen<\/h4>\n<p>Wir \u00fcbermitteln personenbezogene Daten grenz\u00fcberschreitend (Drittland\u00fcbermittlungen) nur, wenn dies erforderlich ist, um unsere Verpflichtungen Ihnen oder Ihrem Arbeitgeber gegen\u00fcber zu erf\u00fcllen, berechtigte Interessen der Alimak Group zu wahren oder einer gesetzlichen Verpflichtung nachzukommen.<\/p>\n<p>Jeder Auftragsverarbeiter oder Dritte, der Ihre personenbezogenen Daten im Auftrag der Alimak Group verarbeiten kann, ist dazu nur gem\u00e4\u00df den von der Alimak Group festgelegten technischen, organisatorischen und rechtlichen Anforderungen berechtigt, die in Vertr\u00e4gen mit jedem Auftragsverarbeiter, Dritten oder sonstigen Verantwortlichen festgelegt sind.<\/p>\n<h4>Die Verwendung von Cookies auf den Websites der Alimak Group<\/h4>\n<p>Ein Cookie ist eine kleine Datendatei, die die Websites der Alimak Group beim Besuch unserer Seiten vor\u00fcbergehend oder dauerhaft auf der Festplatte Ihres Computers speichern. Wir verwenden Cookies in erster Linie, um zu analysieren, wie unsere Websites genutzt werden, die Leistung der Websites zu analysieren und Ihr Website-Erlebnis zu verbessern. Wir verwenden Cookies au\u00dferdem, um unsere Produkte und Dienstleistungen Ihnen und unseren Kunden gegen\u00fcber zu vermarkten.  <\/p>\n<p>Sie k\u00f6nnen Cookies einschr\u00e4nken, blockieren oder ablehnen, indem Sie die Cookie-Einstellungen im Browser Ihres Ger\u00e4ts oder im Einstellungsbereich Ihres Mobilger\u00e4ts anpassen. Nutzen Sie die Hilfe-\/Einstellungsfunktion, um mehr dar\u00fcber zu erfahren, wie Cookies verwaltet werden. <\/p>\n<h4>Rechte der betroffenen Person<\/h4>\n<p>Wenn Sie oder Ihr Arbeitgeber in der EU\/dem EWR ans\u00e4ssig sind oder wenn Ihre personenbezogenen Daten von einem Unternehmen der Alimak Group innerhalb der EU\/des EWR verarbeitet werden, gilt f\u00fcr Sie die Datenschutz-Grundverordnung (DSGVO). Die Verordnung legt Regeln zum Schutz nat\u00fcrlicher Personen bei der Verarbeitung personenbezogener Daten fest. Mit dieser Gesetzgebung gehen eine Reihe von Rechten einher, die Sie gegebenenfalls aus\u00fcben m\u00f6chten. Wenn Sie Ihre Rechte aus\u00fcben, kontaktieren Sie uns bitte unter einer der unten im Abschnitt \u201eAnlaufstelle f\u00fcr Fragen und weitere Informationen\u201c angegebenen Adressen. Etwaige Einschr\u00e4nkungen oder \u00c4nderungen der Verarbeitung gelten f\u00fcr die Alimak Group sowie f\u00fcr alle Parteien, die personenbezogene Daten in unserem Auftrag verarbeiten.    <\/p>\n<h4>Auskunftsrecht<\/h4>\n<p>Sie haben das Recht, Auskunft dar\u00fcber zu erhalten, ob wir personenbezogene Daten \u00fcber Sie verarbeiten, und falls ja, werden Ihnen diese auf Ihren Antrag hin in einem strukturierten, g\u00e4ngigen Format zur Verf\u00fcgung gestellt. Dar\u00fcber hinaus haben Sie das Recht, diese Daten an einen Dritten Ihrer Wahl zu \u00fcbermitteln. <\/p>\n<p>Neben den verarbeiteten personenbezogenen Daten haben Sie das Recht, \u00fcber den Zweck und die Rechtsgrundlage der Verarbeitung, alle verf\u00fcgbaren Informationen zur Herkunft der Daten, soweit m\u00f6glich die Dauer, f\u00fcr die wir die Daten aufbewahren, etwaige Empf\u00e4nger oder Kategorien von Empf\u00e4ngern, denen die personenbezogenen Daten offengelegt wurden oder werden, unsere Schutzma\u00dfnahmen f\u00fcr etwaige Drittland\u00fcbermittlungen sowie die zugrunde liegende Logik informiert zu werden, sofern eine automatisierte Entscheidungsfindung einschlie\u00dflich Profiling in Bezug auf Ihre personenbezogenen Daten erfolgt.<\/p>\n<h4>Recht auf Berichtigung<\/h4>\n<p>Die Alimak Group ist f\u00fcr die Richtigkeit der personenbezogenen Daten verantwortlich, die wir \u00fcber Sie verarbeiten. Wenn Sie dennoch der Ansicht sind, dass personenbezogene Daten, die wir \u00fcber Sie verarbeiten, unrichtig sind, haben Sie das Recht, die Berichtigung dieser fehlerhaften Daten zu verlangen. Nach erfolgter Berichtigung informieren wir Sie \u00fcber die zur Erf\u00fcllung Ihres Antrags ergriffenen Ma\u00dfnahmen.  <\/p>\n<h4>Widerspruchsrecht<\/h4>\n<p>Sie haben das Recht, der Verarbeitung zu widersprechen, wenn Ihre personenbezogenen Daten zu Marketingzwecken und zur Wahrung der berechtigten Interessen der Alimak Group verwendet werden, einschlie\u00dflich wenn Profiling zu diesen Zwecken eingesetzt wird. Wenn Ihre Interessen oder Grundrechte und Grundfreiheiten unsere berechtigten Interessen \u00fcberwiegen, werden wir die Verarbeitung beenden und Sie \u00fcber die ergriffenen Ma\u00dfnahmen informieren. <\/p>\n<h4>Recht auf Einschr\u00e4nkung der Verarbeitung<\/h4>\n<p>Sie haben das Recht, die Einschr\u00e4nkung der Verarbeitung zu verlangen, wenn Sie der Ansicht sind, dass der Zweck der Verarbeitung nicht mehr g\u00fcltig ist, wenn Sie die Verarbeitung f\u00fcr unrechtm\u00e4\u00dfig halten, wenn Sie die Richtigkeit der verarbeiteten personenbezogenen Daten bestreiten oder wenn Sie der Verarbeitung widersprechen.<\/p>\n<p>Wenn die Einschr\u00e4nkung auf Ihren Antrag hin erfolgt, informiert Sie die Alimak Group, falls die Einschr\u00e4nkung der Verarbeitung aufgehoben wird.<\/p>\n<h4>Recht auf Widerruf der Einwilligung<\/h4>\n<p>Einige Verarbeitungst\u00e4tigkeiten bei der Alimak Group k\u00f6nnen auf Ihrer Einwilligung beruhen. In diesem Fall haben Sie das Recht, Ihre Einwilligung jederzeit zu widerrufen. Ihr Widerruf ber\u00fchrt nicht die Rechtm\u00e4\u00dfigkeit der Verarbeitung, die vor dem Widerruf durchgef\u00fchrt wurde. Wenn Sie Ihre Einwilligung widerrufen, wird Alimak die Verarbeitung Ihrer personenbezogenen Daten einstellen, es sei denn, wir sind aufgrund einer gesetzlichen Verpflichtung zur weiteren Verarbeitung verpflichtet.   <\/p>\n<h4>Recht auf Vergessenwerden (L\u00f6schung)<\/h4>\n<p>Wie beim Recht auf Einschr\u00e4nkung haben Sie das Recht, die L\u00f6schung Ihrer personenbezogenen Daten zu verlangen, wenn Sie der Ansicht sind, dass der Zweck der Verarbeitung nicht mehr g\u00fcltig ist oder wenn Sie die Verarbeitung f\u00fcr unrechtm\u00e4\u00dfig halten.<\/p>\n<p>Wenn die Alimak Group Ihre personenbezogenen Daten zur Erf\u00fcllung einer gesetzlichen Verpflichtung weiterverarbeiten muss, werden wir Ihren Antrag ablehnen und Sie \u00fcber den Grund informieren.<\/p>\n<h4>Recht auf Daten\u00fcbertragbarkeit<\/h4>\n<p>Wenn die Verarbeitung Ihrer personenbezogenen Daten auf einer Einwilligung beruht, automatisiert erfolgt oder f\u00fcr die Erf\u00fcllung eines Vertrags erforderlich ist, dessen Vertragspartei Sie sind, haben Sie das Recht, Ihr Recht auf Daten\u00fcbertragbarkeit geltend zu machen. Auf Ihren Antrag hin und sofern machbar stellt die Alimak Group Ihre personenbezogenen Daten in einem strukturierten, g\u00e4ngigen und maschinenlesbaren Format einer Partei Ihrer Wahl zur Verf\u00fcgung. <\/p>\n<h4>\u00c4nderungen dieser Datenschutzerkl\u00e4rung<\/h4>\n<p>Die Alimak Group kann diese Datenschutzerkl\u00e4rung bei Bedarf \u00e4ndern oder aktualisieren, um \u00c4nderungen in unserem Gesch\u00e4ft oder \u00c4nderungen der geltenden Gesetzgebung Rechnung zu tragen. Bitte rufen Sie diese Richtlinie regelm\u00e4\u00dfig erneut auf. <\/p>\n<h4>Anlaufstelle f\u00fcr Fragen und weitere Informationen<\/h4>\n<p>Bei Fragen zu dieser Richtlinie oder zu Ihren Rechten kontaktieren Sie uns bitte per E-Mail unter <a href=\"mailto:privacy@alimakgroup.com\">privacy@alimakgroup.com<\/a> oder per Post an die untenstehende Adresse: <\/p>\n<p>Alimak Group AB (publ)<br \/>\nz. Hd.: Global Data Protection Manager<br \/>\nBlekholmstorget 30<br \/>\n111 64 Stockholm<\/p>\n<p>Zuletzt ge\u00e4ndert:\u202f 21. Juni 2022<\/p>\n                <\/div>\n            <\/main>\n        <\/div>\n    <\/div>\n<\/section>\n","protected":false},"excerpt":{"rendered":"<p>Informationen zur Verarbeitung personenbezogener Daten bei der Alimak Group Alimak ist Teil der Alimak Group, einem weltweit f\u00fchrenden Anbieter von&#8230;<\/p>\n","protected":false},"author":1,"featured_media":0,"parent":0,"menu_order":0,"comment_status":"closed","ping_status":"closed","template":"","meta":{"_acf_changed":false,"footnotes":""},"class_list":["post-13956","page","type-page","status-publish","hentry"],"acf":[],"yoast_head":"<!-- This site is optimized with the Yoast SEO plugin v27.3 - https:\/\/yoast.com\/product\/yoast-seo-wordpress\/ -->\n<title>Datenschutzerkl\u00e4rung - Alimak<\/title>\n<meta name=\"robots\" content=\"index, follow, max-snippet:-1, max-image-preview:large, max-video-preview:-1\" \/>\n<link rel=\"canonical\" href=\"https:\/\/alimak.com\/de\/datenschutzerklaerung\/\" \/>\n<meta property=\"og:locale\" content=\"de_DE\" \/>\n<meta property=\"og:type\" content=\"article\" \/>\n<meta property=\"og:title\" content=\"Datenschutzerkl\u00e4rung - Alimak\" \/>\n<meta property=\"og:description\" content=\"Informationen zur Verarbeitung personenbezogener Daten bei der Alimak Group Alimak ist Teil der Alimak Group, einem weltweit f\u00fchrenden Anbieter von...\" \/>\n<meta property=\"og:url\" content=\"https:\/\/alimak.com\/de\/datenschutzerklaerung\/\" \/>\n<meta property=\"og:site_name\" content=\"Alimak\" \/>\n<meta property=\"article:modified_time\" content=\"2026-03-18T12:36:27+00:00\" \/>\n<meta name=\"twitter:card\" content=\"summary_large_image\" \/>\n<script type=\"application\/ld+json\" class=\"yoast-schema-graph\">{\"@context\":\"https:\\\/\\\/schema.org\",\"@graph\":[{\"@type\":\"WebPage\",\"@id\":\"https:\\\/\\\/alimak.com\\\/de\\\/datenschutzerklaerung\\\/\",\"url\":\"https:\\\/\\\/alimak.com\\\/de\\\/datenschutzerklaerung\\\/\",\"name\":\"Datenschutzerkl\u00e4rung - Alimak\",\"isPartOf\":{\"@id\":\"https:\\\/\\\/alimak.com\\\/#website\"},\"datePublished\":\"2025-08-26T10:44:30+00:00\",\"dateModified\":\"2026-03-18T12:36:27+00:00\",\"breadcrumb\":{\"@id\":\"https:\\\/\\\/alimak.com\\\/de\\\/datenschutzerklaerung\\\/#breadcrumb\"},\"inLanguage\":\"de-DE\",\"potentialAction\":[{\"@type\":\"ReadAction\",\"target\":[\"https:\\\/\\\/alimak.com\\\/de\\\/datenschutzerklaerung\\\/\"]}]},{\"@type\":\"BreadcrumbList\",\"@id\":\"https:\\\/\\\/alimak.com\\\/de\\\/datenschutzerklaerung\\\/#breadcrumb\",\"itemListElement\":[{\"@type\":\"ListItem\",\"position\":1,\"name\":\"Home\",\"item\":\"https:\\\/\\\/alimak.com\\\/de\\\/\"},{\"@type\":\"ListItem\",\"position\":2,\"name\":\"Datenschutzerkl\u00e4rung\"}]},{\"@type\":\"WebSite\",\"@id\":\"https:\\\/\\\/alimak.com\\\/#website\",\"url\":\"https:\\\/\\\/alimak.com\\\/\",\"name\":\"Alimak\",\"description\":\"\",\"potentialAction\":[{\"@type\":\"SearchAction\",\"target\":{\"@type\":\"EntryPoint\",\"urlTemplate\":\"https:\\\/\\\/alimak.com\\\/?s={search_term_string}\"},\"query-input\":{\"@type\":\"PropertyValueSpecification\",\"valueRequired\":true,\"valueName\":\"search_term_string\"}}],\"inLanguage\":\"de-DE\"}]}<\/script>\n<!-- \/ Yoast SEO plugin. -->","yoast_head_json":{"title":"Datenschutzerkl\u00e4rung - Alimak","robots":{"index":"index","follow":"follow","max-snippet":"max-snippet:-1","max-image-preview":"max-image-preview:large","max-video-preview":"max-video-preview:-1"},"canonical":"https:\/\/alimak.com\/de\/datenschutzerklaerung\/","og_locale":"de_DE","og_type":"article","og_title":"Datenschutzerkl\u00e4rung - Alimak","og_description":"Informationen zur Verarbeitung personenbezogener Daten bei der Alimak Group Alimak ist Teil der Alimak Group, einem weltweit f\u00fchrenden Anbieter von...","og_url":"https:\/\/alimak.com\/de\/datenschutzerklaerung\/","og_site_name":"Alimak","article_modified_time":"2026-03-18T12:36:27+00:00","twitter_card":"summary_large_image","schema":{"@context":"https:\/\/schema.org","@graph":[{"@type":"WebPage","@id":"https:\/\/alimak.com\/de\/datenschutzerklaerung\/","url":"https:\/\/alimak.com\/de\/datenschutzerklaerung\/","name":"Datenschutzerkl\u00e4rung - Alimak","isPartOf":{"@id":"https:\/\/alimak.com\/#website"},"datePublished":"2025-08-26T10:44:30+00:00","dateModified":"2026-03-18T12:36:27+00:00","breadcrumb":{"@id":"https:\/\/alimak.com\/de\/datenschutzerklaerung\/#breadcrumb"},"inLanguage":"de-DE","potentialAction":[{"@type":"ReadAction","target":["https:\/\/alimak.com\/de\/datenschutzerklaerung\/"]}]},{"@type":"BreadcrumbList","@id":"https:\/\/alimak.com\/de\/datenschutzerklaerung\/#breadcrumb","itemListElement":[{"@type":"ListItem","position":1,"name":"Home","item":"https:\/\/alimak.com\/de\/"},{"@type":"ListItem","position":2,"name":"Datenschutzerkl\u00e4rung"}]},{"@type":"WebSite","@id":"https:\/\/alimak.com\/#website","url":"https:\/\/alimak.com\/","name":"Alimak","description":"","potentialAction":[{"@type":"SearchAction","target":{"@type":"EntryPoint","urlTemplate":"https:\/\/alimak.com\/?s={search_term_string}"},"query-input":{"@type":"PropertyValueSpecification","valueRequired":true,"valueName":"search_term_string"}}],"inLanguage":"de-DE"}]}},"_links":{"self":[{"href":"https:\/\/alimak.com\/de\/wp-json\/wp\/v2\/pages\/13956","targetHints":{"allow":["GET"]}}],"collection":[{"href":"https:\/\/alimak.com\/de\/wp-json\/wp\/v2\/pages"}],"about":[{"href":"https:\/\/alimak.com\/de\/wp-json\/wp\/v2\/types\/page"}],"author":[{"embeddable":true,"href":"https:\/\/alimak.com\/de\/wp-json\/wp\/v2\/users\/1"}],"replies":[{"embeddable":true,"href":"https:\/\/alimak.com\/de\/wp-json\/wp\/v2\/comments?post=13956"}],"version-history":[{"count":1,"href":"https:\/\/alimak.com\/de\/wp-json\/wp\/v2\/pages\/13956\/revisions"}],"predecessor-version":[{"id":13957,"href":"https:\/\/alimak.com\/de\/wp-json\/wp\/v2\/pages\/13956\/revisions\/13957"}],"wp:attachment":[{"href":"https:\/\/alimak.com\/de\/wp-json\/wp\/v2\/media?parent=13956"}],"curies":[{"name":"wp","href":"https:\/\/api.w.org\/{rel}","templated":true}]}}