{"id":14051,"date":"2025-08-26T10:41:01","date_gmt":"2025-08-26T10:41:01","guid":{"rendered":"https:\/\/alimak.com\/digitale-dienste-dauerhaft\/"},"modified":"2026-03-18T12:50:47","modified_gmt":"2026-03-18T12:50:47","slug":"digitale-dienste-dauerhaft","status":"publish","type":"page","link":"https:\/\/alimak.com\/de\/permanente-loesungen\/digitale-dienste-dauerhaft\/","title":{"rendered":"Digitale Dienste (dauerhaft)"},"content":{"rendered":"\n<section class=\"small-hero border-b bg-black border-darkGrey text-white pt-0 pb-0\">\n            <div class=\"relative\">\n            <div class=\"hero-overlay relative\">\n                                    <picture class=\"w-full\"><source media=\"(max-width:639px)\" srcset=\"https:\/\/images.ohmyhosting.se\/ww9PLQTLo8O2NEdqAL8uYZwNefs=\/390x461\/smart\/filters:quality(85)\/https%3A%2F%2Falimak.com%2Fwp-content%2Fuploads%2F2026%2F01%2FDigital-services-e1769683665762.png 1x, https:\/\/images.ohmyhosting.se\/6XeKoyGD2iDnhBb38kNxBmjYXVI=\/780x922\/smart\/filters:quality(85)\/https%3A%2F%2Falimak.com%2Fwp-content%2Fuploads%2F2026%2F01%2FDigital-services-e1769683665762.png 2x\"><source media=\"(max-width:1022px)\" srcset=\"https:\/\/images.ohmyhosting.se\/kYIPRLGl4jFRtygZR6ZAVB1MNUw=\/805x951\/smart\/filters:quality(85)\/https%3A%2F%2Falimak.com%2Fwp-content%2Fuploads%2F2026%2F01%2FDigital-services-e1769683665762.png 1x, https:\/\/images.ohmyhosting.se\/hLDLVBhwljUilgbYdBMM5MwMwts=\/1610x1902\/smart\/filters:quality(85)\/https%3A%2F%2Falimak.com%2Fwp-content%2Fuploads%2F2026%2F01%2FDigital-services-e1769683665762.png 2x\"><img decoding=\"async\" src=\"https:\/\/images.ohmyhosting.se\/ouondgPkOsGQaSkGZgqcVRnq66o=\/2545x814\/smart\/filters:quality(85)\/https%3A%2F%2Falimak.com%2Fwp-content%2Fuploads%2F2026%2F01%2FDigital-services-e1769683665762.png\" srcset=\"https:\/\/images.ohmyhosting.se\/ouondgPkOsGQaSkGZgqcVRnq66o=\/2545x814\/smart\/filters:quality(85)\/https%3A%2F%2Falimak.com%2Fwp-content%2Fuploads%2F2026%2F01%2FDigital-services-e1769683665762.png 1x, https:\/\/images.ohmyhosting.se\/9Et8NdM3_SuCCeQkAZtEnd38fTk=\/5090x1628\/smart\/filters:quality(85)\/https%3A%2F%2Falimak.com%2Fwp-content%2Fuploads%2F2026%2F01%2FDigital-services-e1769683665762.png 2x\" alt=\"\" class=\"w-full object-cover w-full max-h-[90vh]\" width=\"2545\" height=\"814\" \/><\/picture>                            <\/div>\n            <div class=\"absolute inset-0 z-10 flex flex-col justify-end\">\n                <div class=\"holder\">\n                    <div class=\"grid grid-cols-12 gap-4 pb-16\">\n                        <div class=\"col-span-12 lg:col-span-7\">\n                                                    <p class=\"md:text-20 font-medium leading-[1.25] mb-1\">Permanente L\u00f6sungen<\/p>\n                                                    <h1 class=\"text-28 md:text-52 leading-[1.3] lg:max-w-[625px]\"><p>Digitale Dienste<\/p>\n<\/h1>\n                            <div class=\"wysiwyg pt-5 leading-[1.6] hidden lg:block lg:max-w-[512px]\"><p>Die digitalen Dienste von Alimak verbessern Sicherheit, Effizienz und Betriebskontrolle \u00fcber den gesamten Lebenszyklus Ihrer industriellen vertikalen Zugangsl\u00f6sungen hinweg. Sie unterst\u00fctzen eine intelligentere Planung, kontinuierliche \u00dcberwachung und proaktive Wartung und tragen dazu bei, die Betriebszeit zu maximieren und die Lebensdauer zu verl\u00e4ngern. My Alimak bietet Echtzeit-Flotten\u00fcbersicht und sicheres Zugangsmanagement. Alimak Parts Online erm\u00f6glicht die schnelle Bestellung von Originalersatzteilen, w\u00e4hrend die Alimak BIM Gallery pr\u00e4zise 3D-Modelle f\u00fcr eine nahtlose Projektintegration liefert.   <\/p>\n<\/div>\n                        <\/div>\n                    <\/div>\n                <\/div>\n            <\/div>\n        <\/div>\n                    <div class=\"lg:hidden py-12 border-b border-darkGrey\">\n                <div class=\"holder\">\n                    <div class=\"wysiwyg leading-[1.6]\"><p>Die digitalen Dienste von Alimak verbessern Sicherheit, Effizienz und Betriebskontrolle \u00fcber den gesamten Lebenszyklus Ihrer industriellen vertikalen Zugangsl\u00f6sungen hinweg. Sie unterst\u00fctzen eine intelligentere Planung, kontinuierliche \u00dcberwachung und proaktive Wartung und tragen dazu bei, die Betriebszeit zu maximieren und die Lebensdauer zu verl\u00e4ngern. My Alimak bietet Echtzeit-Flotten\u00fcbersicht und sicheres Zugangsmanagement. Alimak Parts Online erm\u00f6glicht die schnelle Bestellung von Originalersatzteilen, w\u00e4hrend die Alimak BIM Gallery pr\u00e4zise 3D-Modelle f\u00fcr eine nahtlose Projektintegration liefert.   <\/p>\n<\/div>\n                <\/div>\n            <\/div>\n        \n    <\/section>\n<section class=\"services-links bg-white text-black  border-b  border-lightGrey pt-12 lg:pt-24 pb-12 lg:pb-24\">\n    <div class=\"holder\">\n        <h2 class=\"text-24 md:text-36 font-medium leading-[1.3] mb-12\">Komplette digitale L\u00f6sung<\/h2>\n        \n            <div class=\"grid grid-cols-12 gap-4\">\n                                    <a class=\"col-span-12 md:col-span-4 flex flex-col p-6 group rounded-[12px] bg-quoteGrey text-black\" href=\"https:\/\/alimak.com\/my-alimak\/\" target=\"\">\n                        <h3 class=\"md:text-20 font-medium leading-[1.25]\">My Alimak<\/h3>\n                        <div class=\"wysiwyg leading-[1.6] mt-4 mb-4\">\n                            <p>Optimieren Sie Ihre industriellen Abl\u00e4ufe mit My Alimak, der ultimativen L\u00f6sung f\u00fcr ein effizientes Aufzugsmanagement.<\/p>\n                        <\/div>\n                        <div class=\"mt-auto\">\n                            <span class=\"border transition-all group-hover:bg-orange w-[48px] h-[32px] md:w-[52px] md:h-[36px] flex items-center flex-col justify-center group-hover:border-orange border-black rounded-[4px]\">\n                                                                    <svg width=\"24\" height=\"11\" viewBox=\"0 0 24 11\" fill=\"none\" xmlns=\"http:\/\/www.w3.org\/2000\/svg\">\n                                    <path class=\"stroke-black\" d=\"M0 5.50098H22\" stroke=\"white\" stroke-width=\"1.5\"\/>\n                                    <path class=\"stroke-black\" d=\"M17.5 1.00098L22 5.50098L17.5 10.001\" stroke=\"white\" stroke-width=\"1.5\"\/>\n                                    <\/svg>\n                                                            <\/span>\n                        <\/div>\n                    <\/a>\n\n                                    <a class=\"col-span-12 md:col-span-4 flex flex-col p-6 group rounded-[12px] bg-quoteGrey text-black\" href=\"https:\/\/alimak.com\/de\/ersatzteile-online\/\" target=\"\">\n                        <h3 class=\"md:text-20 font-medium leading-[1.25]\">Parts Online<\/h3>\n                        <div class=\"wysiwyg leading-[1.6] mt-4 mb-4\">\n                            <p>Der einfache Weg, Alimak Originalersatzteile zu identifizieren und zu bestellen, um die optimale Leistung Ihres Industrieaufzugs zu gew\u00e4hrleisten.<\/p>\n                        <\/div>\n                        <div class=\"mt-auto\">\n                            <span class=\"border transition-all group-hover:bg-orange w-[48px] h-[32px] md:w-[52px] md:h-[36px] flex items-center flex-col justify-center group-hover:border-orange border-black rounded-[4px]\">\n                                                                    <svg width=\"24\" height=\"11\" viewBox=\"0 0 24 11\" fill=\"none\" xmlns=\"http:\/\/www.w3.org\/2000\/svg\">\n                                    <path class=\"stroke-black\" d=\"M0 5.50098H22\" stroke=\"white\" stroke-width=\"1.5\"\/>\n                                    <path class=\"stroke-black\" d=\"M17.5 1.00098L22 5.50098L17.5 10.001\" stroke=\"white\" stroke-width=\"1.5\"\/>\n                                    <\/svg>\n                                                            <\/span>\n                        <\/div>\n                    <\/a>\n\n                                    <a class=\"col-span-12 md:col-span-4 flex flex-col p-6 group rounded-[12px] bg-quoteGrey text-black\" href=\"https:\/\/alimak.com\/de\/permanente-loesungen\/digitale-dienste-dauerhaft\/bim-galerie-permanent\/\" target=\"\">\n                        <h3 class=\"md:text-20 font-medium leading-[1.25]\">BIM Gallery<\/h3>\n                        <div class=\"wysiwyg leading-[1.6] mt-4 mb-4\">\n                            <p>Unser Angebot an BIM-Objektdateien macht es einfach, den am besten geeigneten Industrieaufzug zu vergleichen und auszuw\u00e4hlen \u2013 vom Projektstart bis zum gesamten Lebenszyklus.<\/p>\n                        <\/div>\n                        <div class=\"mt-auto\">\n                            <span class=\"border transition-all group-hover:bg-orange w-[48px] h-[32px] md:w-[52px] md:h-[36px] flex items-center flex-col justify-center group-hover:border-orange border-black rounded-[4px]\">\n                                                                    <svg width=\"24\" height=\"11\" viewBox=\"0 0 24 11\" fill=\"none\" xmlns=\"http:\/\/www.w3.org\/2000\/svg\">\n                                    <path class=\"stroke-black\" d=\"M0 5.50098H22\" stroke=\"white\" stroke-width=\"1.5\"\/>\n                                    <path class=\"stroke-black\" d=\"M17.5 1.00098L22 5.50098L17.5 10.001\" stroke=\"white\" stroke-width=\"1.5\"\/>\n                                    <\/svg>\n                                                            <\/span>\n                        <\/div>\n                    <\/a>\n\n                            <\/div>\n            <\/div>\n<\/section>\n<section class=\"cta-banner bg-black text-white  pt-0 pb-6 lg:pb-12\">\n    <div class=\"relative\">\n                    <div class=\"cta-banner-overlay relative\">\n                <picture class=\"w-full\"><source media=\"(max-width:639px)\" srcset=\"https:\/\/images.ohmyhosting.se\/WktqUiNRg1ZhevXtlEJW64a-tD4=\/399x377\/smart\/filters:quality(85)\/https%3A%2F%2Falimak.com%2Fwp-content%2Fuploads%2F2025%2F09%2Fd0a64875c3850e6181fa105f72a620985d5364a6.jpg 1x, https:\/\/images.ohmyhosting.se\/uHFfZRUPh8JOF6Zz_y6rSTfDpak=\/798x754\/smart\/filters:quality(85)\/https%3A%2F%2Falimak.com%2Fwp-content%2Fuploads%2F2025%2F09%2Fd0a64875c3850e6181fa105f72a620985d5364a6.jpg 2x\"><source media=\"(max-width:1022px)\" srcset=\"https:\/\/images.ohmyhosting.se\/_7lhKdPe2AiFfxT-8EBHRxRmEX8=\/805x760\/smart\/filters:quality(85)\/https%3A%2F%2Falimak.com%2Fwp-content%2Fuploads%2F2025%2F09%2Fd0a64875c3850e6181fa105f72a620985d5364a6.jpg 1x, https:\/\/images.ohmyhosting.se\/k3XpmDwMeHPL_Yzc_ybXgBj6up8=\/1610x1520\/smart\/filters:quality(85)\/https%3A%2F%2Falimak.com%2Fwp-content%2Fuploads%2F2025%2F09%2Fd0a64875c3850e6181fa105f72a620985d5364a6.jpg 2x\"><img decoding=\"async\" src=\"https:\/\/images.ohmyhosting.se\/lIW3Hg0Fn-6CZ8-JoXTC4w5tQhA=\/2545x1053\/smart\/filters:quality(85)\/https%3A%2F%2Falimak.com%2Fwp-content%2Fuploads%2F2025%2F09%2Fd0a64875c3850e6181fa105f72a620985d5364a6.jpg\" srcset=\"https:\/\/images.ohmyhosting.se\/lIW3Hg0Fn-6CZ8-JoXTC4w5tQhA=\/2545x1053\/smart\/filters:quality(85)\/https%3A%2F%2Falimak.com%2Fwp-content%2Fuploads%2F2025%2F09%2Fd0a64875c3850e6181fa105f72a620985d5364a6.jpg 1x, https:\/\/images.ohmyhosting.se\/kBPWqXpAi4O3Ic8XAeAxPcvYsts=\/5090x2106\/smart\/filters:quality(85)\/https%3A%2F%2Falimak.com%2Fwp-content%2Fuploads%2F2025%2F09%2Fd0a64875c3850e6181fa105f72a620985d5364a6.jpg 2x\" alt=\"\" class=\"w-full w-full h-full object-cover\" width=\"2545\" height=\"1053\" \/><\/picture>            <\/div>\n                <div class=\"absolute inset-0 z-[2]\">\n            <div class=\"holder\">\n                <div class=\"grid grid-cols-12 gap-4\">\n                    <div class=\"col-span-12 lg:col-span-6 lg:col-start-7 pt-16\">\n                        <h3 class=\"text-28 md:text-44 lg:max-w-[500px] leading-tight\">Kontaktieren Sie uns f\u00fcr weitere Informationen oder ein Angebot<\/h3>\n                                                    <div class=\"mt-8\">\n                                <a class=\"btn\" href=\"https:\/\/alimak.com\/de\/kontakt-aufnehmen\/\" target=\"\">\n                                    <span>Kontaktieren Sie uns<\/span>\n                                    <span>\n                                        <svg width=\"24\" height=\"11\" viewBox=\"0 0 24 11\" fill=\"none\" xmlns=\"http:\/\/www.w3.org\/2000\/svg\">\n                                        <path d=\"M0 5.5H22\" stroke=\"black\" stroke-width=\"1.5\"\/>\n                                        <path d=\"M17.5 1L22 5.5L17.5 10\" stroke=\"black\" stroke-width=\"1.5\"\/>\n                                        <\/svg>\n                                    <\/span>\n                                <\/a>\n                            <\/div>\n                                            <\/div>\n                <\/div>\n            <\/div>\n        <\/div>\n    <\/div>\n<\/section>\n","protected":false},"excerpt":{"rendered":"<p>Die digitalen Dienste von Alimak verbessern Sicherheit, Effizienz und Betriebskontrolle \u00fcber den gesamten Lebenszyklus Ihrer industriellen vertikalen Zugangsl\u00f6sungen hinweg. Sie&#8230;<\/p>\n","protected":false},"author":1,"featured_media":0,"parent":14777,"menu_order":0,"comment_status":"closed","ping_status":"closed","template":"","meta":{"_acf_changed":false,"footnotes":""},"class_list":["post-14051","page","type-page","status-publish","hentry"],"acf":[],"yoast_head":"<!-- This site is optimized with the Yoast SEO plugin v27.3 - https:\/\/yoast.com\/product\/yoast-seo-wordpress\/ -->\n<title>Digitale Dienste (dauerhaft) - Alimak<\/title>\n<meta name=\"robots\" content=\"index, follow, max-snippet:-1, max-image-preview:large, max-video-preview:-1\" \/>\n<link rel=\"canonical\" href=\"https:\/\/alimak.com\/de\/permanente-loesungen\/digitale-dienste-dauerhaft\/\" \/>\n<meta property=\"og:locale\" content=\"de_DE\" \/>\n<meta property=\"og:type\" content=\"article\" \/>\n<meta property=\"og:title\" content=\"Digitale Dienste (dauerhaft) - Alimak\" \/>\n<meta property=\"og:description\" content=\"Die digitalen Dienste von Alimak verbessern Sicherheit, Effizienz und Betriebskontrolle \u00fcber den gesamten Lebenszyklus Ihrer industriellen vertikalen Zugangsl\u00f6sungen hinweg. Sie...\" \/>\n<meta property=\"og:url\" content=\"https:\/\/alimak.com\/de\/permanente-loesungen\/digitale-dienste-dauerhaft\/\" \/>\n<meta property=\"og:site_name\" content=\"Alimak\" \/>\n<meta property=\"article:modified_time\" content=\"2026-03-18T12:50:47+00:00\" \/>\n<meta name=\"twitter:card\" content=\"summary_large_image\" \/>\n<script type=\"application\/ld+json\" class=\"yoast-schema-graph\">{\"@context\":\"https:\\\/\\\/schema.org\",\"@graph\":[{\"@type\":\"WebPage\",\"@id\":\"https:\\\/\\\/alimak.com\\\/de\\\/permanente-loesungen\\\/digitale-dienste-dauerhaft\\\/\",\"url\":\"https:\\\/\\\/alimak.com\\\/de\\\/permanente-loesungen\\\/digitale-dienste-dauerhaft\\\/\",\"name\":\"Digitale Dienste (dauerhaft) - Alimak\",\"isPartOf\":{\"@id\":\"https:\\\/\\\/alimak.com\\\/#website\"},\"datePublished\":\"2025-08-26T10:41:01+00:00\",\"dateModified\":\"2026-03-18T12:50:47+00:00\",\"breadcrumb\":{\"@id\":\"https:\\\/\\\/alimak.com\\\/de\\\/permanente-loesungen\\\/digitale-dienste-dauerhaft\\\/#breadcrumb\"},\"inLanguage\":\"de-DE\",\"potentialAction\":[{\"@type\":\"ReadAction\",\"target\":[\"https:\\\/\\\/alimak.com\\\/de\\\/permanente-loesungen\\\/digitale-dienste-dauerhaft\\\/\"]}]},{\"@type\":\"BreadcrumbList\",\"@id\":\"https:\\\/\\\/alimak.com\\\/de\\\/permanente-loesungen\\\/digitale-dienste-dauerhaft\\\/#breadcrumb\",\"itemListElement\":[{\"@type\":\"ListItem\",\"position\":1,\"name\":\"Home\",\"item\":\"https:\\\/\\\/alimak.com\\\/de\\\/\"},{\"@type\":\"ListItem\",\"position\":2,\"name\":\"Permanente L\u00f6sungen\",\"item\":\"https:\\\/\\\/alimak.com\\\/de\\\/permanente-loesungen\\\/\"},{\"@type\":\"ListItem\",\"position\":3,\"name\":\"Digitale Dienste (dauerhaft)\"}]},{\"@type\":\"WebSite\",\"@id\":\"https:\\\/\\\/alimak.com\\\/#website\",\"url\":\"https:\\\/\\\/alimak.com\\\/\",\"name\":\"Alimak\",\"description\":\"\",\"potentialAction\":[{\"@type\":\"SearchAction\",\"target\":{\"@type\":\"EntryPoint\",\"urlTemplate\":\"https:\\\/\\\/alimak.com\\\/?s={search_term_string}\"},\"query-input\":{\"@type\":\"PropertyValueSpecification\",\"valueRequired\":true,\"valueName\":\"search_term_string\"}}],\"inLanguage\":\"de-DE\"}]}<\/script>\n<!-- \/ Yoast SEO plugin. -->","yoast_head_json":{"title":"Digitale Dienste (dauerhaft) - Alimak","robots":{"index":"index","follow":"follow","max-snippet":"max-snippet:-1","max-image-preview":"max-image-preview:large","max-video-preview":"max-video-preview:-1"},"canonical":"https:\/\/alimak.com\/de\/permanente-loesungen\/digitale-dienste-dauerhaft\/","og_locale":"de_DE","og_type":"article","og_title":"Digitale Dienste (dauerhaft) - Alimak","og_description":"Die digitalen Dienste von Alimak verbessern Sicherheit, Effizienz und Betriebskontrolle \u00fcber den gesamten Lebenszyklus Ihrer industriellen vertikalen Zugangsl\u00f6sungen hinweg. Sie...","og_url":"https:\/\/alimak.com\/de\/permanente-loesungen\/digitale-dienste-dauerhaft\/","og_site_name":"Alimak","article_modified_time":"2026-03-18T12:50:47+00:00","twitter_card":"summary_large_image","schema":{"@context":"https:\/\/schema.org","@graph":[{"@type":"WebPage","@id":"https:\/\/alimak.com\/de\/permanente-loesungen\/digitale-dienste-dauerhaft\/","url":"https:\/\/alimak.com\/de\/permanente-loesungen\/digitale-dienste-dauerhaft\/","name":"Digitale Dienste (dauerhaft) - Alimak","isPartOf":{"@id":"https:\/\/alimak.com\/#website"},"datePublished":"2025-08-26T10:41:01+00:00","dateModified":"2026-03-18T12:50:47+00:00","breadcrumb":{"@id":"https:\/\/alimak.com\/de\/permanente-loesungen\/digitale-dienste-dauerhaft\/#breadcrumb"},"inLanguage":"de-DE","potentialAction":[{"@type":"ReadAction","target":["https:\/\/alimak.com\/de\/permanente-loesungen\/digitale-dienste-dauerhaft\/"]}]},{"@type":"BreadcrumbList","@id":"https:\/\/alimak.com\/de\/permanente-loesungen\/digitale-dienste-dauerhaft\/#breadcrumb","itemListElement":[{"@type":"ListItem","position":1,"name":"Home","item":"https:\/\/alimak.com\/de\/"},{"@type":"ListItem","position":2,"name":"Permanente L\u00f6sungen","item":"https:\/\/alimak.com\/de\/permanente-loesungen\/"},{"@type":"ListItem","position":3,"name":"Digitale Dienste (dauerhaft)"}]},{"@type":"WebSite","@id":"https:\/\/alimak.com\/#website","url":"https:\/\/alimak.com\/","name":"Alimak","description":"","potentialAction":[{"@type":"SearchAction","target":{"@type":"EntryPoint","urlTemplate":"https:\/\/alimak.com\/?s={search_term_string}"},"query-input":{"@type":"PropertyValueSpecification","valueRequired":true,"valueName":"search_term_string"}}],"inLanguage":"de-DE"}]}},"_links":{"self":[{"href":"https:\/\/alimak.com\/de\/wp-json\/wp\/v2\/pages\/14051","targetHints":{"allow":["GET"]}}],"collection":[{"href":"https:\/\/alimak.com\/de\/wp-json\/wp\/v2\/pages"}],"about":[{"href":"https:\/\/alimak.com\/de\/wp-json\/wp\/v2\/types\/page"}],"author":[{"embeddable":true,"href":"https:\/\/alimak.com\/de\/wp-json\/wp\/v2\/users\/1"}],"replies":[{"embeddable":true,"href":"https:\/\/alimak.com\/de\/wp-json\/wp\/v2\/comments?post=14051"}],"version-history":[{"count":1,"href":"https:\/\/alimak.com\/de\/wp-json\/wp\/v2\/pages\/14051\/revisions"}],"predecessor-version":[{"id":14052,"href":"https:\/\/alimak.com\/de\/wp-json\/wp\/v2\/pages\/14051\/revisions\/14052"}],"up":[{"embeddable":true,"href":"https:\/\/alimak.com\/de\/wp-json\/wp\/v2\/pages\/14777"}],"wp:attachment":[{"href":"https:\/\/alimak.com\/de\/wp-json\/wp\/v2\/media?parent=14051"}],"curies":[{"name":"wp","href":"https:\/\/api.w.org\/{rel}","templated":true}]}}