{"id":14266,"date":"2026-01-30T14:32:58","date_gmt":"2026-01-30T14:32:58","guid":{"rendered":"https:\/\/alimak.com\/temporaere-loesungen\/gebrauchtgeraete\/"},"modified":"2026-03-18T12:43:16","modified_gmt":"2026-03-18T12:43:16","slug":"gebrauchtgeraete","status":"publish","type":"page","link":"https:\/\/alimak.com\/de\/temporaere-loesungen\/gebrauchtgeraete\/","title":{"rendered":"Gebrauchtger\u00e4te"},"content":{"rendered":"\n<section class=\"small-hero border-b bg-black border-darkGrey text-white pt-0 pb-0\">\n            <div class=\"relative\">\n            <div class=\"hero-overlay relative\">\n                                    <picture class=\"w-full\"><source media=\"(max-width:639px)\" srcset=\"https:\/\/images.ohmyhosting.se\/AmCNXumSN7UbUqmrhndHoLZGCL4=\/390x461\/smart\/filters:quality(85)\/https%3A%2F%2Falimak.com%2Fwp-content%2Fuploads%2F2026%2F03%2Fused-equipment-hero-3-e1773158226876.jpg 1x, https:\/\/images.ohmyhosting.se\/jtTF3aZsC5Nch3S0RaejUt-lx6E=\/780x922\/smart\/filters:quality(85)\/https%3A%2F%2Falimak.com%2Fwp-content%2Fuploads%2F2026%2F03%2Fused-equipment-hero-3-e1773158226876.jpg 2x\"><source media=\"(max-width:1022px)\" srcset=\"https:\/\/images.ohmyhosting.se\/FNzPlUAL45QHNTBjDuKnCtyYy9g=\/805x951\/smart\/filters:quality(85)\/https%3A%2F%2Falimak.com%2Fwp-content%2Fuploads%2F2026%2F03%2Fused-equipment-hero-3-e1773158226876.jpg 1x, https:\/\/images.ohmyhosting.se\/3FMlOrQo3UcSquNdQn2MfYVCUvs=\/1610x1902\/smart\/filters:quality(85)\/https%3A%2F%2Falimak.com%2Fwp-content%2Fuploads%2F2026%2F03%2Fused-equipment-hero-3-e1773158226876.jpg 2x\"><img decoding=\"async\" src=\"https:\/\/images.ohmyhosting.se\/4deWh3Joz0Sd-aekksz7VkQOcb0=\/2545x1121\/smart\/filters:quality(85)\/https%3A%2F%2Falimak.com%2Fwp-content%2Fuploads%2F2026%2F03%2Fused-equipment-hero-3-e1773158226876.jpg\" srcset=\"https:\/\/images.ohmyhosting.se\/4deWh3Joz0Sd-aekksz7VkQOcb0=\/2545x1121\/smart\/filters:quality(85)\/https%3A%2F%2Falimak.com%2Fwp-content%2Fuploads%2F2026%2F03%2Fused-equipment-hero-3-e1773158226876.jpg 1x, https:\/\/images.ohmyhosting.se\/KakzkZauyIzl9zr1T9fedm0Hd5c=\/5090x2242\/smart\/filters:quality(85)\/https%3A%2F%2Falimak.com%2Fwp-content%2Fuploads%2F2026%2F03%2Fused-equipment-hero-3-e1773158226876.jpg 2x\" alt=\"\" class=\"w-full object-cover w-full max-h-[90vh]\" width=\"2545\" height=\"1121\" \/><\/picture>                            <\/div>\n            <div class=\"absolute inset-0 z-10 flex flex-col justify-end\">\n                <div class=\"holder\">\n                    <div class=\"grid grid-cols-12 gap-4 pb-16\">\n                        <div class=\"col-span-12 lg:col-span-7\">\n                                                    <p class=\"md:text-20 font-medium leading-[1.25] mb-1\">Tempor\u00e4re L\u00f6sungen<\/p>\n                                                    <h1 class=\"text-28 md:text-52 leading-[1.3] lg:max-w-[625px]\"><p>Gebrauchtger\u00e4te<\/p>\n<\/h1>\n                            <div class=\"wysiwyg pt-5 leading-[1.6] hidden lg:block lg:max-w-[512px]\"><div class=\"m11__text\" data-animate=\"\">\n<p>Alimaks Sortiment an Gebrauchtger\u00e4ten bietet die ideale L\u00f6sung f\u00fcr Bau- und Vermietunternehmen, die eine zuverl\u00e4ssige und zugleich kosteneffiziente L\u00f6sung f\u00fcr den vertikalen Zugang ben\u00f6tigen. Das Angebot an Gebrauchtger\u00e4ten von Alimak senkt die Lagerbestandskosten und erm\u00f6glicht zugleich den Zugang zu hochwertigen, robusten und zuverl\u00e4ssigen Produkten f\u00fcr den vertikalen Zugang. <\/p>\n<\/div>\n<\/div>\n                        <\/div>\n                    <\/div>\n                <\/div>\n            <\/div>\n        <\/div>\n                    <div class=\"lg:hidden py-12 border-b border-darkGrey\">\n                <div class=\"holder\">\n                    <div class=\"wysiwyg leading-[1.6]\"><div class=\"m11__text\" data-animate=\"\">\n<p>Alimaks Sortiment an Gebrauchtger\u00e4ten bietet die ideale L\u00f6sung f\u00fcr Bau- und Vermietunternehmen, die eine zuverl\u00e4ssige und zugleich kosteneffiziente L\u00f6sung f\u00fcr den vertikalen Zugang ben\u00f6tigen. Das Angebot an Gebrauchtger\u00e4ten von Alimak senkt die Lagerbestandskosten und erm\u00f6glicht zugleich den Zugang zu hochwertigen, robusten und zuverl\u00e4ssigen Produkten f\u00fcr den vertikalen Zugang. <\/p>\n<\/div>\n<\/div>\n                <\/div>\n            <\/div>\n        \n    <\/section>\n<section class=\"text-img bg-white text-black border-lightGrey   pt-6 lg:pt-12 pb-6 lg:pb-12\">\n    <div class=\"holder\">\n      <div class=\"grid grid-cols-12 gap-4 items-center\">\n        <div class=\"col-span-12 lg:col-span-6 2.5xl:col-span-8 \">\n                            <div class=\"text-img-overlay relative mb-8 md:mb-0 max-w-[852px] \">\n                    <picture class=\"w-full\"><source media=\"(max-width:639px)\" srcset=\"https:\/\/images.ohmyhosting.se\/y2h3HBcrI7WcCNMkHKBBJFBkPc0=\/382x237\/smart\/filters:quality(85)\/https%3A%2F%2Falimak.com%2Fwp-content%2Fuploads%2F2025%2F12%2FKappa-2.jpg 1x, https:\/\/images.ohmyhosting.se\/yHz8uGMOt24Mw7dtHGe-iQOim4Y=\/764x474\/smart\/filters:quality(85)\/https%3A%2F%2Falimak.com%2Fwp-content%2Fuploads%2F2025%2F12%2FKappa-2.jpg 2x\"><source media=\"(max-width:1022px)\" srcset=\"https:\/\/images.ohmyhosting.se\/qKHNn8X_hc2zduCF30JobDrNdHg=\/773x480\/smart\/filters:quality(85)\/https%3A%2F%2Falimak.com%2Fwp-content%2Fuploads%2F2025%2F12%2FKappa-2.jpg 1x, https:\/\/images.ohmyhosting.se\/mll1iLeffeEoniFw2Q8WkVEjIZs=\/1546x960\/smart\/filters:quality(85)\/https%3A%2F%2Falimak.com%2Fwp-content%2Fuploads%2F2025%2F12%2FKappa-2.jpg 2x\"><img decoding=\"async\" src=\"https:\/\/images.ohmyhosting.se\/cVEZTszjtt3hn2pkFAle-NwSaGM=\/852x530\/smart\/filters:quality(85)\/https%3A%2F%2Falimak.com%2Fwp-content%2Fuploads%2F2025%2F12%2FKappa-2.jpg\" srcset=\"https:\/\/images.ohmyhosting.se\/cVEZTszjtt3hn2pkFAle-NwSaGM=\/852x530\/smart\/filters:quality(85)\/https%3A%2F%2Falimak.com%2Fwp-content%2Fuploads%2F2025%2F12%2FKappa-2.jpg 1x, https:\/\/images.ohmyhosting.se\/dG34BZAYqTz_UWlnso926SN0qYg=\/1704x1060\/smart\/filters:quality(85)\/https%3A%2F%2Falimak.com%2Fwp-content%2Fuploads%2F2025%2F12%2FKappa-2.jpg 2x\" alt=\"\" class=\"w-full w-full rounded-[12px] object-cover\" width=\"852\" height=\"530\" \/><\/picture>                                        <\/div>\n            \n        <\/div>\n        <div class=\"col-span-12 lg:col-span-6 2.5xl:col-span-4 flex flex-col justify-center \">\n            <div class=\"\">\n                                                    <div class=\"wysiwyg leading-[1.6] text-numbersGrey\"><p>Alimak Gebrauchtger\u00e4te umfassen Produktmodelle aller Baujahre, Kapazit\u00e4ten und Spezifikationen. Alle Ger\u00e4te werden regelm\u00e4\u00dfig gewartet und instand gehalten, um eine optimale Leistung und eine l\u00e4ngere Lebensdauer zu gew\u00e4hrleisten. <\/p>\n<div>Besuchen Sie die Website f\u00fcr Gebrauchtger\u00e4te der Alimak Group.<\/div>\n<\/div>\n                                                    <div class=\"mt-8\">\n                        <a class=\"btn black\" href=\"https:\/\/webshop.mascus.com\/en\/alimak\/search\" target=\"_blank\">\n                            <span>Anmelden<\/span>\n                            <span>\n                                                                    <svg width=\"18\" height=\"18\" viewBox=\"0 0 18 18\" fill=\"none\" xmlns=\"http:\/\/www.w3.org\/2000\/svg\">\n                                    <path class=\"stroke-white\" d=\"M13.5 9.75098V14.251C13.5 14.6488 13.342 15.0303 13.0607 15.3116C12.7794 15.5929 12.3978 15.751 12 15.751H3.75C3.35218 15.751 2.97064 15.5929 2.68934 15.3116C2.40804 15.0303 2.25 14.6488 2.25 14.251V6.00098C2.25 5.60315 2.40804 5.22162 2.68934 4.94032C2.97064 4.65901 3.35218 4.50098 3.75 4.50098H8.25\" stroke=\"white\" stroke-width=\"1.5\" stroke-linejoin=\"round\"\/>\n                                    <path class=\"stroke-white\" d=\"M11.25 2.25098H15.75V6.75098\" stroke=\"white\" stroke-width=\"1.5\" stroke-linejoin=\"round\"\/>\n                                    <path class=\"stroke-white\" d=\"M7.50073 10.501L15.7507 2.25098\" stroke=\"white\" stroke-width=\"1.5\" stroke-linejoin=\"round\"\/>\n                                    <\/svg>\n                                                            <\/span>\n                        <\/a>\n                    <\/div>\n                            <\/div>\n        <\/div>\n      <\/div>\n    <\/div>\n<\/section>\n\n<section class=\"cta-banner bg-black text-white  pt-0 pb-6 lg:pb-12\">\n    <div class=\"relative\">\n                    <div class=\"cta-banner-overlay relative\">\n                <picture class=\"w-full\"><source media=\"(max-width:639px)\" srcset=\"https:\/\/images.ohmyhosting.se\/830LuN8tJnlhxBlrnP81Cn_re_Q=\/399x377\/smart\/filters:quality(85)\/https%3A%2F%2Falimak.com%2Fwp-content%2Fuploads%2F2025%2F09%2Fd2291df879d3d9219aa41f082605eabd3250e5e9.jpg 1x, https:\/\/images.ohmyhosting.se\/hU69TdXunvGuEgABsWLfplJ9_PU=\/798x754\/smart\/filters:quality(85)\/https%3A%2F%2Falimak.com%2Fwp-content%2Fuploads%2F2025%2F09%2Fd2291df879d3d9219aa41f082605eabd3250e5e9.jpg 2x\"><source media=\"(max-width:1022px)\" srcset=\"https:\/\/images.ohmyhosting.se\/sUTJ0HNsfwEJpnAiEjhFWb9u1pw=\/805x760\/smart\/filters:quality(85)\/https%3A%2F%2Falimak.com%2Fwp-content%2Fuploads%2F2025%2F09%2Fd2291df879d3d9219aa41f082605eabd3250e5e9.jpg 1x, https:\/\/images.ohmyhosting.se\/mrEIaFoAUgmLUkHNnjAqabwhsRU=\/1610x1520\/smart\/filters:quality(85)\/https%3A%2F%2Falimak.com%2Fwp-content%2Fuploads%2F2025%2F09%2Fd2291df879d3d9219aa41f082605eabd3250e5e9.jpg 2x\"><img decoding=\"async\" src=\"https:\/\/images.ohmyhosting.se\/RHe0oE3TlTETH41w2OoXpWjHYH8=\/2545x1053\/smart\/filters:quality(85)\/https%3A%2F%2Falimak.com%2Fwp-content%2Fuploads%2F2025%2F09%2Fd2291df879d3d9219aa41f082605eabd3250e5e9.jpg\" srcset=\"https:\/\/images.ohmyhosting.se\/RHe0oE3TlTETH41w2OoXpWjHYH8=\/2545x1053\/smart\/filters:quality(85)\/https%3A%2F%2Falimak.com%2Fwp-content%2Fuploads%2F2025%2F09%2Fd2291df879d3d9219aa41f082605eabd3250e5e9.jpg 1x, https:\/\/images.ohmyhosting.se\/AdhHQjA7d3yK0NqyO3xGggVMQX4=\/5090x2106\/smart\/filters:quality(85)\/https%3A%2F%2Falimak.com%2Fwp-content%2Fuploads%2F2025%2F09%2Fd2291df879d3d9219aa41f082605eabd3250e5e9.jpg 2x\" alt=\"\" class=\"w-full w-full h-full object-cover\" width=\"2545\" height=\"1053\" \/><\/picture>            <\/div>\n                <div class=\"absolute inset-0 z-[2]\">\n            <div class=\"holder\">\n                <div class=\"grid grid-cols-12 gap-4\">\n                    <div class=\"col-span-12 lg:col-span-6 lg:col-start-7 pt-16\">\n                        <h3 class=\"text-28 md:text-44 lg:max-w-[500px] leading-tight\">Kontaktieren Sie uns f\u00fcr weitere Informationen oder ein Angebot<\/h3>\n                                                    <div class=\"mt-8\">\n                                <a class=\"btn\" href=\"https:\/\/alimak.com\/de\/kontakt-aufnehmen\/\" target=\"\">\n                                    <span>Kontaktieren Sie uns<\/span>\n                                    <span>\n                                        <svg width=\"24\" height=\"11\" viewBox=\"0 0 24 11\" fill=\"none\" xmlns=\"http:\/\/www.w3.org\/2000\/svg\">\n                                        <path d=\"M0 5.5H22\" stroke=\"black\" stroke-width=\"1.5\"\/>\n                                        <path d=\"M17.5 1L22 5.5L17.5 10\" stroke=\"black\" stroke-width=\"1.5\"\/>\n                                        <\/svg>\n                                    <\/span>\n                                <\/a>\n                            <\/div>\n                                            <\/div>\n                <\/div>\n            <\/div>\n        <\/div>\n    <\/div>\n<\/section>\n","protected":false},"excerpt":{"rendered":"<p>Alimaks Sortiment an Gebrauchtger\u00e4ten bietet die ideale L\u00f6sung f\u00fcr Bau- und Vermietunternehmen, die eine zuverl\u00e4ssige und zugleich kosteneffiziente L\u00f6sung f\u00fcr&#8230;<\/p>\n","protected":false},"author":2,"featured_media":0,"parent":14080,"menu_order":0,"comment_status":"closed","ping_status":"closed","template":"","meta":{"_acf_changed":false,"footnotes":""},"class_list":["post-14266","page","type-page","status-publish","hentry"],"acf":[],"yoast_head":"<!-- This site is optimized with the Yoast SEO plugin v27.3 - https:\/\/yoast.com\/product\/yoast-seo-wordpress\/ -->\n<title>Gebrauchtger\u00e4te - Alimak<\/title>\n<meta name=\"robots\" content=\"index, follow, max-snippet:-1, max-image-preview:large, max-video-preview:-1\" \/>\n<link rel=\"canonical\" href=\"https:\/\/alimak.com\/de\/temporaere-loesungen\/gebrauchtgeraete\/\" \/>\n<meta property=\"og:locale\" content=\"de_DE\" \/>\n<meta property=\"og:type\" content=\"article\" \/>\n<meta property=\"og:title\" content=\"Gebrauchtger\u00e4te - Alimak\" \/>\n<meta property=\"og:description\" content=\"Alimaks Sortiment an Gebrauchtger\u00e4ten bietet die ideale L\u00f6sung f\u00fcr Bau- und Vermietunternehmen, die eine zuverl\u00e4ssige und zugleich kosteneffiziente L\u00f6sung f\u00fcr...\" \/>\n<meta property=\"og:url\" content=\"https:\/\/alimak.com\/de\/temporaere-loesungen\/gebrauchtgeraete\/\" \/>\n<meta property=\"og:site_name\" content=\"Alimak\" \/>\n<meta property=\"article:modified_time\" content=\"2026-03-18T12:43:16+00:00\" \/>\n<meta name=\"twitter:card\" content=\"summary_large_image\" \/>\n<script type=\"application\/ld+json\" class=\"yoast-schema-graph\">{\"@context\":\"https:\\\/\\\/schema.org\",\"@graph\":[{\"@type\":\"WebPage\",\"@id\":\"https:\\\/\\\/alimak.com\\\/de\\\/temporaere-loesungen\\\/gebrauchtgeraete\\\/\",\"url\":\"https:\\\/\\\/alimak.com\\\/de\\\/temporaere-loesungen\\\/gebrauchtgeraete\\\/\",\"name\":\"Gebrauchtger\u00e4te - Alimak\",\"isPartOf\":{\"@id\":\"https:\\\/\\\/alimak.com\\\/#website\"},\"datePublished\":\"2026-01-30T14:32:58+00:00\",\"dateModified\":\"2026-03-18T12:43:16+00:00\",\"breadcrumb\":{\"@id\":\"https:\\\/\\\/alimak.com\\\/de\\\/temporaere-loesungen\\\/gebrauchtgeraete\\\/#breadcrumb\"},\"inLanguage\":\"de-DE\",\"potentialAction\":[{\"@type\":\"ReadAction\",\"target\":[\"https:\\\/\\\/alimak.com\\\/de\\\/temporaere-loesungen\\\/gebrauchtgeraete\\\/\"]}]},{\"@type\":\"BreadcrumbList\",\"@id\":\"https:\\\/\\\/alimak.com\\\/de\\\/temporaere-loesungen\\\/gebrauchtgeraete\\\/#breadcrumb\",\"itemListElement\":[{\"@type\":\"ListItem\",\"position\":1,\"name\":\"Home\",\"item\":\"https:\\\/\\\/alimak.com\\\/de\\\/\"},{\"@type\":\"ListItem\",\"position\":2,\"name\":\"Tempor\u00e4re L\u00f6sungen\",\"item\":\"https:\\\/\\\/alimak.com\\\/de\\\/temporaere-loesungen\\\/\"},{\"@type\":\"ListItem\",\"position\":3,\"name\":\"Gebrauchtger\u00e4te\"}]},{\"@type\":\"WebSite\",\"@id\":\"https:\\\/\\\/alimak.com\\\/#website\",\"url\":\"https:\\\/\\\/alimak.com\\\/\",\"name\":\"Alimak\",\"description\":\"\",\"potentialAction\":[{\"@type\":\"SearchAction\",\"target\":{\"@type\":\"EntryPoint\",\"urlTemplate\":\"https:\\\/\\\/alimak.com\\\/?s={search_term_string}\"},\"query-input\":{\"@type\":\"PropertyValueSpecification\",\"valueRequired\":true,\"valueName\":\"search_term_string\"}}],\"inLanguage\":\"de-DE\"}]}<\/script>\n<!-- \/ Yoast SEO plugin. -->","yoast_head_json":{"title":"Gebrauchtger\u00e4te - Alimak","robots":{"index":"index","follow":"follow","max-snippet":"max-snippet:-1","max-image-preview":"max-image-preview:large","max-video-preview":"max-video-preview:-1"},"canonical":"https:\/\/alimak.com\/de\/temporaere-loesungen\/gebrauchtgeraete\/","og_locale":"de_DE","og_type":"article","og_title":"Gebrauchtger\u00e4te - Alimak","og_description":"Alimaks Sortiment an Gebrauchtger\u00e4ten bietet die ideale L\u00f6sung f\u00fcr Bau- und Vermietunternehmen, die eine zuverl\u00e4ssige und zugleich kosteneffiziente L\u00f6sung f\u00fcr...","og_url":"https:\/\/alimak.com\/de\/temporaere-loesungen\/gebrauchtgeraete\/","og_site_name":"Alimak","article_modified_time":"2026-03-18T12:43:16+00:00","twitter_card":"summary_large_image","schema":{"@context":"https:\/\/schema.org","@graph":[{"@type":"WebPage","@id":"https:\/\/alimak.com\/de\/temporaere-loesungen\/gebrauchtgeraete\/","url":"https:\/\/alimak.com\/de\/temporaere-loesungen\/gebrauchtgeraete\/","name":"Gebrauchtger\u00e4te - Alimak","isPartOf":{"@id":"https:\/\/alimak.com\/#website"},"datePublished":"2026-01-30T14:32:58+00:00","dateModified":"2026-03-18T12:43:16+00:00","breadcrumb":{"@id":"https:\/\/alimak.com\/de\/temporaere-loesungen\/gebrauchtgeraete\/#breadcrumb"},"inLanguage":"de-DE","potentialAction":[{"@type":"ReadAction","target":["https:\/\/alimak.com\/de\/temporaere-loesungen\/gebrauchtgeraete\/"]}]},{"@type":"BreadcrumbList","@id":"https:\/\/alimak.com\/de\/temporaere-loesungen\/gebrauchtgeraete\/#breadcrumb","itemListElement":[{"@type":"ListItem","position":1,"name":"Home","item":"https:\/\/alimak.com\/de\/"},{"@type":"ListItem","position":2,"name":"Tempor\u00e4re L\u00f6sungen","item":"https:\/\/alimak.com\/de\/temporaere-loesungen\/"},{"@type":"ListItem","position":3,"name":"Gebrauchtger\u00e4te"}]},{"@type":"WebSite","@id":"https:\/\/alimak.com\/#website","url":"https:\/\/alimak.com\/","name":"Alimak","description":"","potentialAction":[{"@type":"SearchAction","target":{"@type":"EntryPoint","urlTemplate":"https:\/\/alimak.com\/?s={search_term_string}"},"query-input":{"@type":"PropertyValueSpecification","valueRequired":true,"valueName":"search_term_string"}}],"inLanguage":"de-DE"}]}},"_links":{"self":[{"href":"https:\/\/alimak.com\/de\/wp-json\/wp\/v2\/pages\/14266","targetHints":{"allow":["GET"]}}],"collection":[{"href":"https:\/\/alimak.com\/de\/wp-json\/wp\/v2\/pages"}],"about":[{"href":"https:\/\/alimak.com\/de\/wp-json\/wp\/v2\/types\/page"}],"author":[{"embeddable":true,"href":"https:\/\/alimak.com\/de\/wp-json\/wp\/v2\/users\/2"}],"replies":[{"embeddable":true,"href":"https:\/\/alimak.com\/de\/wp-json\/wp\/v2\/comments?post=14266"}],"version-history":[{"count":1,"href":"https:\/\/alimak.com\/de\/wp-json\/wp\/v2\/pages\/14266\/revisions"}],"predecessor-version":[{"id":14269,"href":"https:\/\/alimak.com\/de\/wp-json\/wp\/v2\/pages\/14266\/revisions\/14269"}],"up":[{"embeddable":true,"href":"https:\/\/alimak.com\/de\/wp-json\/wp\/v2\/pages\/14080"}],"wp:attachment":[{"href":"https:\/\/alimak.com\/de\/wp-json\/wp\/v2\/media?parent=14266"}],"curies":[{"name":"wp","href":"https:\/\/api.w.org\/{rel}","templated":true}]}}