{"id":14274,"date":"2026-02-06T14:15:06","date_gmt":"2026-02-06T14:15:06","guid":{"rendered":"https:\/\/alimak.com\/zubehoer\/"},"modified":"2026-03-18T14:05:43","modified_gmt":"2026-03-18T14:05:43","slug":"zubehoer","status":"publish","type":"page","link":"https:\/\/alimak.com\/de\/temporaere-loesungen\/produkte-vorlaeufig\/zubehoer\/","title":{"rendered":"Zubeh\u00f6r"},"content":{"rendered":"\n<section class=\"small-hero border-b bg-black border-darkGrey text-white pt-0 pb-0\">\n            <div class=\"relative\">\n            <div class=\"hero-overlay relative\">\n                                    <picture class=\"w-full\"><source media=\"(max-width:639px)\" srcset=\"https:\/\/images.ohmyhosting.se\/lUz05L09EvF-9SXcdAo51Chq4-A=\/390x461\/smart\/filters:quality(85)\/https%3A%2F%2Falimak.com%2Fwp-content%2Fuploads%2F2025%2F12%2F190806-649-HDR-web.jpg 1x, https:\/\/images.ohmyhosting.se\/7-exDfHV1Ad6Y92UvUTZ5b94J-E=\/780x922\/smart\/filters:quality(85)\/https%3A%2F%2Falimak.com%2Fwp-content%2Fuploads%2F2025%2F12%2F190806-649-HDR-web.jpg 2x\"><source media=\"(max-width:1022px)\" srcset=\"https:\/\/images.ohmyhosting.se\/Dce8ThXHhFTXsr3e_xW9PSkfHTc=\/805x951\/smart\/filters:quality(85)\/https%3A%2F%2Falimak.com%2Fwp-content%2Fuploads%2F2025%2F12%2F190806-649-HDR-web.jpg 1x, https:\/\/images.ohmyhosting.se\/nF494AxQnw0xmJ31SdGEmZXRSug=\/1610x1902\/smart\/filters:quality(85)\/https%3A%2F%2Falimak.com%2Fwp-content%2Fuploads%2F2025%2F12%2F190806-649-HDR-web.jpg 2x\"><img decoding=\"async\" src=\"https:\/\/images.ohmyhosting.se\/73AwMGf88O7Ivq6xMmvmEgpIHcs=\/2545x814\/smart\/filters:quality(85)\/https%3A%2F%2Falimak.com%2Fwp-content%2Fuploads%2F2025%2F12%2F190806-649-HDR-web.jpg\" srcset=\"https:\/\/images.ohmyhosting.se\/73AwMGf88O7Ivq6xMmvmEgpIHcs=\/2545x814\/smart\/filters:quality(85)\/https%3A%2F%2Falimak.com%2Fwp-content%2Fuploads%2F2025%2F12%2F190806-649-HDR-web.jpg 1x, https:\/\/images.ohmyhosting.se\/INUWkGo8GkmIoFI2vm-bEssuL-U=\/5090x1628\/smart\/filters:quality(85)\/https%3A%2F%2Falimak.com%2Fwp-content%2Fuploads%2F2025%2F12%2F190806-649-HDR-web.jpg 2x\" alt=\"\" class=\"w-full object-cover w-full max-h-[90vh]\" width=\"2545\" height=\"814\" \/><\/picture>                            <\/div>\n            <div class=\"absolute inset-0 z-10 flex flex-col justify-end\">\n                <div class=\"holder\">\n                    <div class=\"grid grid-cols-12 gap-4 pb-16\">\n                        <div class=\"col-span-12 lg:col-span-7\">\n                                                    <p class=\"md:text-20 font-medium leading-[1.25] mb-1\">Tempor\u00e4re L\u00f6sungen<\/p>\n                                                    <h1 class=\"text-28 md:text-52 leading-[1.3] lg:max-w-[625px]\"><p>Zubeh\u00f6r<\/p>\n<\/h1>\n                            <div class=\"wysiwyg pt-5 leading-[1.6] hidden lg:block lg:max-w-[512px]\"><p>Eine breite Palette an Zubeh\u00f6r wie Masten, Verankerungen, Kabelf\u00fchrungssysteme und Etagenzug\u00e4nge ist f\u00fcr Alimak Bauaufz\u00fcge, Transportb\u00fchnen, Materialaufz\u00fcge und Mastkletterb\u00fchnen erh\u00e4ltlich.<\/p>\n<p>Die meisten Zubeh\u00f6rteile k\u00f6nnen gemeinsam an Aufz\u00fcgen und B\u00fchnen derselben Produktkategorie verwendet werden, was zu Kostenvorteilen f\u00fcr Flottenbesitzer f\u00fchrt.<\/p>\n<\/div>\n                        <\/div>\n                    <\/div>\n                <\/div>\n            <\/div>\n        <\/div>\n                    <div class=\"lg:hidden py-12 border-b border-darkGrey\">\n                <div class=\"holder\">\n                    <div class=\"wysiwyg leading-[1.6]\"><p>Eine breite Palette an Zubeh\u00f6r wie Masten, Verankerungen, Kabelf\u00fchrungssysteme und Etagenzug\u00e4nge ist f\u00fcr Alimak Bauaufz\u00fcge, Transportb\u00fchnen, Materialaufz\u00fcge und Mastkletterb\u00fchnen erh\u00e4ltlich.<\/p>\n<p>Die meisten Zubeh\u00f6rteile k\u00f6nnen gemeinsam an Aufz\u00fcgen und B\u00fchnen derselben Produktkategorie verwendet werden, was zu Kostenvorteilen f\u00fcr Flottenbesitzer f\u00fchrt.<\/p>\n<\/div>\n                <\/div>\n            <\/div>\n        \n    <\/section>\n<section class=\"text-img bg-white text-black border-lightGrey   pt-6 lg:pt-12 pb-6 lg:pb-12\">\n    <div class=\"holder\">\n      <div class=\"grid grid-cols-12 gap-4 items-center\">\n        <div class=\"col-span-12 lg:col-span-6 2.5xl:col-span-8 \">\n                            <div class=\"text-img-overlay relative mb-8 md:mb-0 max-w-[852px] \">\n                    <picture class=\"w-full\"><source media=\"(max-width:639px)\" srcset=\"https:\/\/images.ohmyhosting.se\/InbWubVkIwjEhn5gSiQxcYWqymk=\/382x237\/smart\/filters:quality(85)\/https%3A%2F%2Falimak.com%2Fwp-content%2Fuploads%2F2026%2F02%2FLanding-Gates-A.tif 1x, https:\/\/images.ohmyhosting.se\/vskv-hfhx6RFIxE4OdjOzkRJIf4=\/764x474\/smart\/filters:quality(85)\/https%3A%2F%2Falimak.com%2Fwp-content%2Fuploads%2F2026%2F02%2FLanding-Gates-A.tif 2x\"><source media=\"(max-width:1022px)\" srcset=\"https:\/\/images.ohmyhosting.se\/SJ1wnWFT7DE0nePxoQkkt6BA3E4=\/773x480\/smart\/filters:quality(85)\/https%3A%2F%2Falimak.com%2Fwp-content%2Fuploads%2F2026%2F02%2FLanding-Gates-A.tif 1x, https:\/\/images.ohmyhosting.se\/0v3LdfcHucXKqK5rAhXe4LUjRRk=\/1546x960\/smart\/filters:quality(85)\/https%3A%2F%2Falimak.com%2Fwp-content%2Fuploads%2F2026%2F02%2FLanding-Gates-A.tif 2x\"><img decoding=\"async\" src=\"https:\/\/images.ohmyhosting.se\/95cDDQsM2vO11zysx5-Rtk0Fa9s=\/852x530\/smart\/filters:quality(85)\/https%3A%2F%2Falimak.com%2Fwp-content%2Fuploads%2F2026%2F02%2FLanding-Gates-A.tif\" srcset=\"https:\/\/images.ohmyhosting.se\/95cDDQsM2vO11zysx5-Rtk0Fa9s=\/852x530\/smart\/filters:quality(85)\/https%3A%2F%2Falimak.com%2Fwp-content%2Fuploads%2F2026%2F02%2FLanding-Gates-A.tif 1x, https:\/\/images.ohmyhosting.se\/0jmXG6KLmbwWM4UmbfxgjNRKz0M=\/1704x1060\/smart\/filters:quality(85)\/https%3A%2F%2Falimak.com%2Fwp-content%2Fuploads%2F2026%2F02%2FLanding-Gates-A.tif 2x\" alt=\"\" class=\"w-full w-full rounded-[12px] object-cover\" width=\"852\" height=\"530\" \/><\/picture>                                        <\/div>\n            \n        <\/div>\n        <div class=\"col-span-12 lg:col-span-6 2.5xl:col-span-4 flex flex-col justify-center \">\n            <div class=\"\">\n                                    <h2 class=\"text-24 md:text-36 leading-[1.3] font-medium mb-4\">Landeausr\u00fcstung<\/h2>\n                                                    <div class=\"wysiwyg leading-[1.6] text-numbersGrey\"><p>Das flexible modulare Landetorsystem von Alimak eignet sich f\u00fcr alle bekannten Marken von Bauaufz\u00fcgen, Materialaufz\u00fcgen und Transportplattformen auf dem Markt.<\/p>\n<p>Alle Landetore sind CE-gekennzeichnet und entsprechen den geltenden Anforderungen der EU-Maschinenverordnung. Sie sind gem\u00e4\u00df den relevanten EN-Normen f\u00fcr Bauaufz\u00fcge, Materialaufz\u00fcge und Transportplattformen konstruiert.<\/p>\n<p>Alimak-Tore k\u00f6nnen gegen Decken, Balkone, vertikale Rohre und Treppent\u00fcrme\/Landebr\u00fccken installiert werden und passen zu allen derzeit auf dem Markt erh\u00e4ltlichen Ger\u00fcstsystemen. Alimak liefert au\u00dferdem eine Reihe von Landetoren in voller H\u00f6he f\u00fcr seine Bauaufz\u00fcge als Option zu seinem Landetorsystem mit reduzierter H\u00f6he, die in verschiedenen Gr\u00f6\u00dfen f\u00fcr unterschiedliche Anwendungen erh\u00e4ltlich sind. <\/p>\n<\/div>\n                                            <\/div>\n        <\/div>\n      <\/div>\n    <\/div>\n<\/section>\n\n<section class=\"text-img bg-white text-black border-lightGrey   pt-6 lg:pt-12 pb-6 lg:pb-12\">\n    <div class=\"holder\">\n      <div class=\"grid grid-cols-12 gap-4 items-center\">\n        <div class=\"col-span-12 lg:col-span-6 2.5xl:col-span-8  order-1 lg:order-2\">\n                            <div class=\"text-img-overlay relative mb-8 md:mb-0 max-w-[852px] lg:ml-auto\">\n                    <picture class=\"w-full\"><source media=\"(max-width:639px)\" srcset=\"https:\/\/images.ohmyhosting.se\/QvsAJCsDiUiDgsu2x-hSu5VGTbA=\/382x237\/smart\/filters:quality(85)\/https%3A%2F%2Falimak.com%2Fwp-content%2Fuploads%2F2025%2F10%2FMast-Sections.png 1x, https:\/\/images.ohmyhosting.se\/rmYQf4Qn2UITO3MGFmZRoRvcW8w=\/764x474\/smart\/filters:quality(85)\/https%3A%2F%2Falimak.com%2Fwp-content%2Fuploads%2F2025%2F10%2FMast-Sections.png 2x\"><source media=\"(max-width:1022px)\" srcset=\"https:\/\/images.ohmyhosting.se\/qrqZbs0zSBIJ2tt4q1EOVmGejuA=\/773x480\/smart\/filters:quality(85)\/https%3A%2F%2Falimak.com%2Fwp-content%2Fuploads%2F2025%2F10%2FMast-Sections.png 1x, https:\/\/images.ohmyhosting.se\/3zlYZjRfjry1jude9wLv8RgdTio=\/1546x960\/smart\/filters:quality(85)\/https%3A%2F%2Falimak.com%2Fwp-content%2Fuploads%2F2025%2F10%2FMast-Sections.png 2x\"><img decoding=\"async\" src=\"https:\/\/images.ohmyhosting.se\/K3QvFLB0ygOJueJelNm01kP0H3I=\/852x530\/smart\/filters:quality(85)\/https%3A%2F%2Falimak.com%2Fwp-content%2Fuploads%2F2025%2F10%2FMast-Sections.png\" srcset=\"https:\/\/images.ohmyhosting.se\/K3QvFLB0ygOJueJelNm01kP0H3I=\/852x530\/smart\/filters:quality(85)\/https%3A%2F%2Falimak.com%2Fwp-content%2Fuploads%2F2025%2F10%2FMast-Sections.png 1x, https:\/\/images.ohmyhosting.se\/aFgQO6YkfCjJcs1MJrAgKSvsM8s=\/1704x1060\/smart\/filters:quality(85)\/https%3A%2F%2Falimak.com%2Fwp-content%2Fuploads%2F2025%2F10%2FMast-Sections.png 2x\" alt=\"\" class=\"w-full w-full rounded-[12px] object-cover\" width=\"852\" height=\"530\" \/><\/picture>                                        <\/div>\n            \n        <\/div>\n        <div class=\"col-span-12 lg:col-span-6 2.5xl:col-span-4 flex flex-col justify-center  order-2 lg:order-1\">\n            <div class=\"\">\n                                    <h2 class=\"text-24 md:text-36 leading-[1.3] font-medium mb-4\">Mast und Verankerungen<\/h2>\n                                                    <div class=\"wysiwyg leading-[1.6] text-numbersGrey\"><p>Alimak-Mastverankerungen werden zur Befestigung des Mastturms an einer Struktur oder einem Geb\u00e4ude verwendet. Es sind mehrere Typen verf\u00fcgbar, um unterschiedlichen Bedingungen und Strukturen gerecht zu werden. Sie basieren auf einem modularen, flexiblen Design, das in H\u00f6he, Breite und L\u00e4nge verstellbar ist und \u00fcber flexible Wandhalterungen verf\u00fcgt.  <\/p>\n<p>Alimak bietet drei Masttypen an, die jeweils die leichte, mittlere und schwere Produktpalette f\u00fcr Baustellenanwendungen unterst\u00fctzen. Die Masten k\u00f6nnen gemeinsam an Aufz\u00fcgen und Plattformen verwendet werden, die in dieselbe Produktkategorie fallen, was zu Kostenvorteilen f\u00fcr Flottenbetreiber f\u00fchrt. <\/p>\n<p>Alimak-Mastprofile sind so konstruiert, dass sie leicht und dennoch robust sind, wodurch die Anzahl der Verankerungspunkte minimiert und umfangreiche Hubh\u00f6hen sowie hohe freie \u00dcberh\u00e4nge erm\u00f6glicht werden. Die hochwertigen Materialien und der Herstellungsprozess werden streng kontrolliert, und die Belastungspr\u00fcfungen sind rigoros. <\/p>\n<\/div>\n                                            <\/div>\n        <\/div>\n      <\/div>\n    <\/div>\n<\/section>\n\n<section class=\"text-img bg-white text-black border-lightGrey   pt-6 lg:pt-12 pb-6 lg:pb-12\">\n    <div class=\"holder\">\n      <div class=\"grid grid-cols-12 gap-4 items-center\">\n        <div class=\"col-span-12 lg:col-span-6 2.5xl:col-span-8 \">\n                            <div class=\"text-img-overlay relative mb-8 md:mb-0 max-w-[852px] \">\n                    <picture class=\"w-full\"><source media=\"(max-width:639px)\" srcset=\"https:\/\/images.ohmyhosting.se\/2rVhxd-6sZ-EkDIdfdKb7u-c3sA=\/382x237\/smart\/filters:quality(85)\/https%3A%2F%2Falimak.com%2Fwp-content%2Fuploads%2F2026%2F02%2FCable-Guiding-System-scaled.png 1x, https:\/\/images.ohmyhosting.se\/jK91Yci0cLO4vcKG9iRmfwg-TBQ=\/764x474\/smart\/filters:quality(85)\/https%3A%2F%2Falimak.com%2Fwp-content%2Fuploads%2F2026%2F02%2FCable-Guiding-System-scaled.png 2x\"><source media=\"(max-width:1022px)\" srcset=\"https:\/\/images.ohmyhosting.se\/MXa74BmHFIUSmb-6fMClR_4I0z8=\/773x480\/smart\/filters:quality(85)\/https%3A%2F%2Falimak.com%2Fwp-content%2Fuploads%2F2026%2F02%2FCable-Guiding-System-scaled.png 1x, https:\/\/images.ohmyhosting.se\/BQEWouMFQW1xdQTLW85jR3nKvkY=\/1546x960\/smart\/filters:quality(85)\/https%3A%2F%2Falimak.com%2Fwp-content%2Fuploads%2F2026%2F02%2FCable-Guiding-System-scaled.png 2x\"><img decoding=\"async\" src=\"https:\/\/images.ohmyhosting.se\/jj2O0kRRt2dlYE5KLnSFRe7961M=\/852x530\/smart\/filters:quality(85)\/https%3A%2F%2Falimak.com%2Fwp-content%2Fuploads%2F2026%2F02%2FCable-Guiding-System-scaled.png\" srcset=\"https:\/\/images.ohmyhosting.se\/jj2O0kRRt2dlYE5KLnSFRe7961M=\/852x530\/smart\/filters:quality(85)\/https%3A%2F%2Falimak.com%2Fwp-content%2Fuploads%2F2026%2F02%2FCable-Guiding-System-scaled.png 1x, https:\/\/images.ohmyhosting.se\/pxzJ0gWj7ijvPiSNK29AAgoppFo=\/1704x1060\/smart\/filters:quality(85)\/https%3A%2F%2Falimak.com%2Fwp-content%2Fuploads%2F2026%2F02%2FCable-Guiding-System-scaled.png 2x\" alt=\"\" class=\"w-full w-full rounded-[12px] object-cover\" width=\"852\" height=\"530\" \/><\/picture>                                        <\/div>\n            \n        <\/div>\n        <div class=\"col-span-12 lg:col-span-6 2.5xl:col-span-4 flex flex-col justify-center \">\n            <div class=\"\">\n                                    <h2 class=\"text-24 md:text-36 leading-[1.3] font-medium mb-4\">Kabelf\u00fchrungsausr\u00fcstung<\/h2>\n                                                    <div class=\"wysiwyg leading-[1.6] text-numbersGrey\"><p>Das Alimak-Kabelf\u00fchrungssystem h\u00e4lt das Kabel stets unter Spannung. Die meisten Alimak-Produktmodelle verf\u00fcgen \u00fcber Strom- und Steuerleitungen zur Kabine, was bedeutet, dass sie \u00fcber separate Sicherheits- und T\u00fcrstromkreise verf\u00fcgen. <\/p>\n<p>Kabelf\u00fchrungen werden verwendet, um das Kabel im normalen Betrieb und bei windigen Bedingungen zu sichern und Sch\u00e4den durch Einklemmen mit beweglichen Maschinen zu verhindern. In Gebieten mit starkem Wind kann es erforderlich sein, die Anzahl der Kabelf\u00fchrungen zu erh\u00f6hen und den Abstand, in dem sie angebracht werden, zu verringern.<\/p>\n<p>Die Alimak-Maschine verf\u00fcgt immer \u00fcber Strom, auch wenn Basis und Landepl\u00e4tze elektrisch verriegelt sind. Der Frequenzumrichter ist stets eingeschaltet, und die Maschine verf\u00fcgt \u00fcber permanente Beleuchtung und startet direkt. <\/p>\n<\/div>\n                                            <\/div>\n        <\/div>\n      <\/div>\n    <\/div>\n<\/section>\n\n<section class=\"cta-banner bg-black text-white  pt-0 pb-6 lg:pb-12\">\n    <div class=\"relative\">\n                    <div class=\"cta-banner-overlay relative\">\n                <picture class=\"w-full\"><source media=\"(max-width:639px)\" srcset=\"https:\/\/images.ohmyhosting.se\/830LuN8tJnlhxBlrnP81Cn_re_Q=\/399x377\/smart\/filters:quality(85)\/https%3A%2F%2Falimak.com%2Fwp-content%2Fuploads%2F2025%2F09%2Fd2291df879d3d9219aa41f082605eabd3250e5e9.jpg 1x, https:\/\/images.ohmyhosting.se\/hU69TdXunvGuEgABsWLfplJ9_PU=\/798x754\/smart\/filters:quality(85)\/https%3A%2F%2Falimak.com%2Fwp-content%2Fuploads%2F2025%2F09%2Fd2291df879d3d9219aa41f082605eabd3250e5e9.jpg 2x\"><source media=\"(max-width:1022px)\" srcset=\"https:\/\/images.ohmyhosting.se\/sUTJ0HNsfwEJpnAiEjhFWb9u1pw=\/805x760\/smart\/filters:quality(85)\/https%3A%2F%2Falimak.com%2Fwp-content%2Fuploads%2F2025%2F09%2Fd2291df879d3d9219aa41f082605eabd3250e5e9.jpg 1x, https:\/\/images.ohmyhosting.se\/mrEIaFoAUgmLUkHNnjAqabwhsRU=\/1610x1520\/smart\/filters:quality(85)\/https%3A%2F%2Falimak.com%2Fwp-content%2Fuploads%2F2025%2F09%2Fd2291df879d3d9219aa41f082605eabd3250e5e9.jpg 2x\"><img decoding=\"async\" src=\"https:\/\/images.ohmyhosting.se\/RHe0oE3TlTETH41w2OoXpWjHYH8=\/2545x1053\/smart\/filters:quality(85)\/https%3A%2F%2Falimak.com%2Fwp-content%2Fuploads%2F2025%2F09%2Fd2291df879d3d9219aa41f082605eabd3250e5e9.jpg\" srcset=\"https:\/\/images.ohmyhosting.se\/RHe0oE3TlTETH41w2OoXpWjHYH8=\/2545x1053\/smart\/filters:quality(85)\/https%3A%2F%2Falimak.com%2Fwp-content%2Fuploads%2F2025%2F09%2Fd2291df879d3d9219aa41f082605eabd3250e5e9.jpg 1x, https:\/\/images.ohmyhosting.se\/AdhHQjA7d3yK0NqyO3xGggVMQX4=\/5090x2106\/smart\/filters:quality(85)\/https%3A%2F%2Falimak.com%2Fwp-content%2Fuploads%2F2025%2F09%2Fd2291df879d3d9219aa41f082605eabd3250e5e9.jpg 2x\" alt=\"\" class=\"w-full w-full h-full object-cover\" width=\"2545\" height=\"1053\" \/><\/picture>            <\/div>\n                <div class=\"absolute inset-0 z-[2]\">\n            <div class=\"holder\">\n                <div class=\"grid grid-cols-12 gap-4\">\n                    <div class=\"col-span-12 lg:col-span-6 lg:col-start-7 pt-16\">\n                        <h3 class=\"text-28 md:text-44 lg:max-w-[500px] leading-tight\">Kontaktieren Sie uns f\u00fcr weitere Informationen oder ein Angebot<\/h3>\n                                                    <div class=\"mt-8\">\n                                <a class=\"btn\" href=\"https:\/\/alimak.com\/de\/kontakt-aufnehmen\/\" target=\"\">\n                                    <span>Kontaktieren Sie uns<\/span>\n                                    <span>\n                                        <svg width=\"24\" height=\"11\" viewBox=\"0 0 24 11\" fill=\"none\" xmlns=\"http:\/\/www.w3.org\/2000\/svg\">\n                                        <path d=\"M0 5.5H22\" stroke=\"black\" stroke-width=\"1.5\"\/>\n                                        <path d=\"M17.5 1L22 5.5L17.5 10\" stroke=\"black\" stroke-width=\"1.5\"\/>\n                                        <\/svg>\n                                    <\/span>\n                                <\/a>\n                            <\/div>\n                                            <\/div>\n                <\/div>\n            <\/div>\n        <\/div>\n    <\/div>\n<\/section>\n","protected":false},"excerpt":{"rendered":"<p>Eine breite Palette an Zubeh\u00f6r wie Masten, Verankerungen, Kabelf\u00fchrungssysteme und Etagenzug\u00e4nge ist f\u00fcr Alimak Bauaufz\u00fcge, Transportb\u00fchnen, Materialaufz\u00fcge und Mastkletterb\u00fchnen erh\u00e4ltlich&#8230;.<\/p>\n","protected":false},"author":2,"featured_media":0,"parent":15800,"menu_order":0,"comment_status":"closed","ping_status":"closed","template":"","meta":{"_acf_changed":false,"footnotes":""},"class_list":["post-14274","page","type-page","status-publish","hentry"],"acf":[],"yoast_head":"<!-- This site is optimized with the Yoast SEO plugin v27.3 - https:\/\/yoast.com\/product\/yoast-seo-wordpress\/ -->\n<title>Zubeh\u00f6r - Alimak<\/title>\n<meta name=\"robots\" content=\"index, follow, max-snippet:-1, max-image-preview:large, max-video-preview:-1\" \/>\n<link rel=\"canonical\" href=\"https:\/\/alimak.com\/de\/temporaere-loesungen\/produkte-vorlaeufig\/zubehoer\/\" \/>\n<meta property=\"og:locale\" content=\"de_DE\" \/>\n<meta property=\"og:type\" content=\"article\" \/>\n<meta property=\"og:title\" content=\"Zubeh\u00f6r - Alimak\" \/>\n<meta property=\"og:description\" content=\"Eine breite Palette an Zubeh\u00f6r wie Masten, Verankerungen, Kabelf\u00fchrungssysteme und Etagenzug\u00e4nge ist f\u00fcr Alimak Bauaufz\u00fcge, Transportb\u00fchnen, Materialaufz\u00fcge und Mastkletterb\u00fchnen erh\u00e4ltlich....\" \/>\n<meta property=\"og:url\" content=\"https:\/\/alimak.com\/de\/temporaere-loesungen\/produkte-vorlaeufig\/zubehoer\/\" \/>\n<meta property=\"og:site_name\" content=\"Alimak\" \/>\n<meta property=\"article:modified_time\" content=\"2026-03-18T14:05:43+00:00\" \/>\n<meta name=\"twitter:card\" content=\"summary_large_image\" \/>\n<script type=\"application\/ld+json\" class=\"yoast-schema-graph\">{\"@context\":\"https:\\\/\\\/schema.org\",\"@graph\":[{\"@type\":\"WebPage\",\"@id\":\"https:\\\/\\\/alimak.com\\\/de\\\/temporaere-loesungen\\\/produkte-vorlaeufig\\\/zubehoer\\\/\",\"url\":\"https:\\\/\\\/alimak.com\\\/de\\\/temporaere-loesungen\\\/produkte-vorlaeufig\\\/zubehoer\\\/\",\"name\":\"Zubeh\u00f6r - Alimak\",\"isPartOf\":{\"@id\":\"https:\\\/\\\/alimak.com\\\/#website\"},\"datePublished\":\"2026-02-06T14:15:06+00:00\",\"dateModified\":\"2026-03-18T14:05:43+00:00\",\"breadcrumb\":{\"@id\":\"https:\\\/\\\/alimak.com\\\/de\\\/temporaere-loesungen\\\/produkte-vorlaeufig\\\/zubehoer\\\/#breadcrumb\"},\"inLanguage\":\"de-DE\",\"potentialAction\":[{\"@type\":\"ReadAction\",\"target\":[\"https:\\\/\\\/alimak.com\\\/de\\\/temporaere-loesungen\\\/produkte-vorlaeufig\\\/zubehoer\\\/\"]}]},{\"@type\":\"BreadcrumbList\",\"@id\":\"https:\\\/\\\/alimak.com\\\/de\\\/temporaere-loesungen\\\/produkte-vorlaeufig\\\/zubehoer\\\/#breadcrumb\",\"itemListElement\":[{\"@type\":\"ListItem\",\"position\":1,\"name\":\"Home\",\"item\":\"https:\\\/\\\/alimak.com\\\/de\\\/\"},{\"@type\":\"ListItem\",\"position\":2,\"name\":\"Tempor\u00e4re L\u00f6sungen\",\"item\":\"https:\\\/\\\/alimak.com\\\/de\\\/temporaere-loesungen\\\/\"},{\"@type\":\"ListItem\",\"position\":3,\"name\":\"Produkte (vorl\u00e4ufig)\",\"item\":\"https:\\\/\\\/alimak.com\\\/de\\\/temporaere-loesungen\\\/produkte-vorlaeufig\\\/\"},{\"@type\":\"ListItem\",\"position\":4,\"name\":\"Zubeh\u00f6r\"}]},{\"@type\":\"WebSite\",\"@id\":\"https:\\\/\\\/alimak.com\\\/#website\",\"url\":\"https:\\\/\\\/alimak.com\\\/\",\"name\":\"Alimak\",\"description\":\"\",\"potentialAction\":[{\"@type\":\"SearchAction\",\"target\":{\"@type\":\"EntryPoint\",\"urlTemplate\":\"https:\\\/\\\/alimak.com\\\/?s={search_term_string}\"},\"query-input\":{\"@type\":\"PropertyValueSpecification\",\"valueRequired\":true,\"valueName\":\"search_term_string\"}}],\"inLanguage\":\"de-DE\"}]}<\/script>\n<!-- \/ Yoast SEO plugin. -->","yoast_head_json":{"title":"Zubeh\u00f6r - Alimak","robots":{"index":"index","follow":"follow","max-snippet":"max-snippet:-1","max-image-preview":"max-image-preview:large","max-video-preview":"max-video-preview:-1"},"canonical":"https:\/\/alimak.com\/de\/temporaere-loesungen\/produkte-vorlaeufig\/zubehoer\/","og_locale":"de_DE","og_type":"article","og_title":"Zubeh\u00f6r - Alimak","og_description":"Eine breite Palette an Zubeh\u00f6r wie Masten, Verankerungen, Kabelf\u00fchrungssysteme und Etagenzug\u00e4nge ist f\u00fcr Alimak Bauaufz\u00fcge, Transportb\u00fchnen, Materialaufz\u00fcge und Mastkletterb\u00fchnen erh\u00e4ltlich....","og_url":"https:\/\/alimak.com\/de\/temporaere-loesungen\/produkte-vorlaeufig\/zubehoer\/","og_site_name":"Alimak","article_modified_time":"2026-03-18T14:05:43+00:00","twitter_card":"summary_large_image","schema":{"@context":"https:\/\/schema.org","@graph":[{"@type":"WebPage","@id":"https:\/\/alimak.com\/de\/temporaere-loesungen\/produkte-vorlaeufig\/zubehoer\/","url":"https:\/\/alimak.com\/de\/temporaere-loesungen\/produkte-vorlaeufig\/zubehoer\/","name":"Zubeh\u00f6r - Alimak","isPartOf":{"@id":"https:\/\/alimak.com\/#website"},"datePublished":"2026-02-06T14:15:06+00:00","dateModified":"2026-03-18T14:05:43+00:00","breadcrumb":{"@id":"https:\/\/alimak.com\/de\/temporaere-loesungen\/produkte-vorlaeufig\/zubehoer\/#breadcrumb"},"inLanguage":"de-DE","potentialAction":[{"@type":"ReadAction","target":["https:\/\/alimak.com\/de\/temporaere-loesungen\/produkte-vorlaeufig\/zubehoer\/"]}]},{"@type":"BreadcrumbList","@id":"https:\/\/alimak.com\/de\/temporaere-loesungen\/produkte-vorlaeufig\/zubehoer\/#breadcrumb","itemListElement":[{"@type":"ListItem","position":1,"name":"Home","item":"https:\/\/alimak.com\/de\/"},{"@type":"ListItem","position":2,"name":"Tempor\u00e4re L\u00f6sungen","item":"https:\/\/alimak.com\/de\/temporaere-loesungen\/"},{"@type":"ListItem","position":3,"name":"Produkte (vorl\u00e4ufig)","item":"https:\/\/alimak.com\/de\/temporaere-loesungen\/produkte-vorlaeufig\/"},{"@type":"ListItem","position":4,"name":"Zubeh\u00f6r"}]},{"@type":"WebSite","@id":"https:\/\/alimak.com\/#website","url":"https:\/\/alimak.com\/","name":"Alimak","description":"","potentialAction":[{"@type":"SearchAction","target":{"@type":"EntryPoint","urlTemplate":"https:\/\/alimak.com\/?s={search_term_string}"},"query-input":{"@type":"PropertyValueSpecification","valueRequired":true,"valueName":"search_term_string"}}],"inLanguage":"de-DE"}]}},"_links":{"self":[{"href":"https:\/\/alimak.com\/de\/wp-json\/wp\/v2\/pages\/14274","targetHints":{"allow":["GET"]}}],"collection":[{"href":"https:\/\/alimak.com\/de\/wp-json\/wp\/v2\/pages"}],"about":[{"href":"https:\/\/alimak.com\/de\/wp-json\/wp\/v2\/types\/page"}],"author":[{"embeddable":true,"href":"https:\/\/alimak.com\/de\/wp-json\/wp\/v2\/users\/2"}],"replies":[{"embeddable":true,"href":"https:\/\/alimak.com\/de\/wp-json\/wp\/v2\/comments?post=14274"}],"version-history":[{"count":1,"href":"https:\/\/alimak.com\/de\/wp-json\/wp\/v2\/pages\/14274\/revisions"}],"predecessor-version":[{"id":14277,"href":"https:\/\/alimak.com\/de\/wp-json\/wp\/v2\/pages\/14274\/revisions\/14277"}],"up":[{"embeddable":true,"href":"https:\/\/alimak.com\/de\/wp-json\/wp\/v2\/pages\/15800"}],"wp:attachment":[{"href":"https:\/\/alimak.com\/de\/wp-json\/wp\/v2\/media?parent=14274"}],"curies":[{"name":"wp","href":"https:\/\/api.w.org\/{rel}","templated":true}]}}