{"id":14819,"date":"2026-02-04T10:30:50","date_gmt":"2026-02-04T10:30:50","guid":{"rendered":"https:\/\/alimak.com\/bim-galerie-vorlaeufig\/"},"modified":"2026-03-18T12:54:01","modified_gmt":"2026-03-18T12:54:01","slug":"bim-galerie-vorlaeufig","status":"publish","type":"page","link":"https:\/\/alimak.com\/de\/temporaere-loesungen\/digitale-services-voruebergehend\/bim-galerie-vorlaeufig\/","title":{"rendered":"BIM-Galerie (vorl\u00e4ufig)"},"content":{"rendered":"\n<section class=\"small-hero border-b bg-black border-darkGrey text-white pt-0 pb-0\">\n            <div class=\"relative\">\n            <div class=\"hero-overlay relative\">\n                                    <picture class=\"w-full\"><source media=\"(max-width:639px)\" srcset=\"https:\/\/images.ohmyhosting.se\/ep0OtU2W2ArqvGVza75sukK3eR4=\/390x461\/smart\/filters:quality(85)\/https%3A%2F%2Falimak.com%2Fwp-content%2Fuploads%2F2026%2F02%2Fbim-gallery-2.png 1x, https:\/\/images.ohmyhosting.se\/0uKy25YrYK94PZ72Dc7ApmYOCMU=\/780x922\/smart\/filters:quality(85)\/https%3A%2F%2Falimak.com%2Fwp-content%2Fuploads%2F2026%2F02%2Fbim-gallery-2.png 2x\"><source media=\"(max-width:1022px)\" srcset=\"https:\/\/images.ohmyhosting.se\/aS_4lEXU7YSkmYvTLr6hvvlBh4Q=\/805x951\/smart\/filters:quality(85)\/https%3A%2F%2Falimak.com%2Fwp-content%2Fuploads%2F2026%2F02%2Fbim-gallery-2.png 1x, https:\/\/images.ohmyhosting.se\/Qm1ahY0VqqV-8RZtFVmSQO4Y2QY=\/1610x1902\/smart\/filters:quality(85)\/https%3A%2F%2Falimak.com%2Fwp-content%2Fuploads%2F2026%2F02%2Fbim-gallery-2.png 2x\"><img decoding=\"async\" src=\"https:\/\/images.ohmyhosting.se\/ZaXu1W_d97ytFaRWo5go8zL5nio=\/2545x814\/smart\/filters:quality(85)\/https%3A%2F%2Falimak.com%2Fwp-content%2Fuploads%2F2026%2F02%2Fbim-gallery-2.png\" srcset=\"https:\/\/images.ohmyhosting.se\/ZaXu1W_d97ytFaRWo5go8zL5nio=\/2545x814\/smart\/filters:quality(85)\/https%3A%2F%2Falimak.com%2Fwp-content%2Fuploads%2F2026%2F02%2Fbim-gallery-2.png 1x, https:\/\/images.ohmyhosting.se\/GhldEhpi2c-wsS-fN9lrh9G3gCI=\/5090x1628\/smart\/filters:quality(85)\/https%3A%2F%2Falimak.com%2Fwp-content%2Fuploads%2F2026%2F02%2Fbim-gallery-2.png 2x\" alt=\"\" class=\"w-full object-cover w-full max-h-[90vh]\" width=\"2545\" height=\"814\" \/><\/picture>                            <\/div>\n            <div class=\"absolute inset-0 z-10 flex flex-col justify-end\">\n                <div class=\"holder\">\n                    <div class=\"grid grid-cols-12 gap-4 pb-16\">\n                        <div class=\"col-span-12 lg:col-span-7\">\n                                                    <p class=\"md:text-20 font-medium leading-[1.25] mb-1\">Tempor\u00e4re L\u00f6sungen<\/p>\n                                                    <h1 class=\"text-28 md:text-52 leading-[1.3] lg:max-w-[625px]\"><p>Besser planen, intelligenter bauen \u2013 Entdecken Sie die 3D-BIM-Galerie von Alimak<\/p>\n<\/h1>\n                            <div class=\"wysiwyg pt-5 leading-[1.6] hidden lg:block lg:max-w-[512px]\"><p>Sparen Sie Zeit bei der Suche nach der richtigen L\u00f6sung f\u00fcr den vertikalen Zugang f\u00fcr Ihr Projekt. Unsere Auswahl an Building Information Modeling (BIM)-Objektdateien erm\u00f6glicht es Ihnen, die am besten geeignete Zugangsl\u00f6sung f\u00fcr Ihre Anforderungen zu vergleichen und auszuw\u00e4hlen \u2013 vom fr\u00fchen Projektbeginn bis hin zur gesamten Lebensdauer. <\/p>\n<\/div>\n                        <\/div>\n                    <\/div>\n                <\/div>\n            <\/div>\n        <\/div>\n                    <div class=\"lg:hidden py-12 border-b border-darkGrey\">\n                <div class=\"holder\">\n                    <div class=\"wysiwyg leading-[1.6]\"><p>Sparen Sie Zeit bei der Suche nach der richtigen L\u00f6sung f\u00fcr den vertikalen Zugang f\u00fcr Ihr Projekt. Unsere Auswahl an Building Information Modeling (BIM)-Objektdateien erm\u00f6glicht es Ihnen, die am besten geeignete Zugangsl\u00f6sung f\u00fcr Ihre Anforderungen zu vergleichen und auszuw\u00e4hlen \u2013 vom fr\u00fchen Projektbeginn bis hin zur gesamten Lebensdauer. <\/p>\n<\/div>\n                <\/div>\n            <\/div>\n        \n    <\/section>\n<section class=\"text-img bg-white text-black border-lightGrey   pt-12 lg:pt-24 pb-12 lg:pb-24\">\n    <div class=\"holder\">\n      <div class=\"grid grid-cols-12 gap-4 items-center\">\n        <div class=\"col-span-12 lg:col-span-6 2.5xl:col-span-8 \">\n                            <div class=\"text-img-overlay relative mb-8 md:mb-0 max-w-[852px] \">\n                    <picture class=\"w-full\"><source media=\"(max-width:639px)\" srcset=\"https:\/\/images.ohmyhosting.se\/Mb3NA9Zl60Md7Zo3I0ad7DXWbSQ=\/382x237\/smart\/filters:quality(85)\/https%3A%2F%2Falimak.com%2Fwp-content%2Fuploads%2F2026%2F02%2Fbim-gallery-4.png 1x, https:\/\/images.ohmyhosting.se\/9ofdsYFsp0nSWkykNVvrMoG0zMk=\/764x474\/smart\/filters:quality(85)\/https%3A%2F%2Falimak.com%2Fwp-content%2Fuploads%2F2026%2F02%2Fbim-gallery-4.png 2x\"><source media=\"(max-width:1022px)\" srcset=\"https:\/\/images.ohmyhosting.se\/j8IGdHs-N4D73FDNrpdgAR7I6zg=\/773x480\/smart\/filters:quality(85)\/https%3A%2F%2Falimak.com%2Fwp-content%2Fuploads%2F2026%2F02%2Fbim-gallery-4.png 1x, https:\/\/images.ohmyhosting.se\/L-mRfnaAFP3zS7hG11hxUw-Zvx8=\/1546x960\/smart\/filters:quality(85)\/https%3A%2F%2Falimak.com%2Fwp-content%2Fuploads%2F2026%2F02%2Fbim-gallery-4.png 2x\"><img decoding=\"async\" src=\"https:\/\/images.ohmyhosting.se\/Swu7CD1TJdXZFwq7nXNNvgF__so=\/852x530\/smart\/filters:quality(85)\/https%3A%2F%2Falimak.com%2Fwp-content%2Fuploads%2F2026%2F02%2Fbim-gallery-4.png\" srcset=\"https:\/\/images.ohmyhosting.se\/Swu7CD1TJdXZFwq7nXNNvgF__so=\/852x530\/smart\/filters:quality(85)\/https%3A%2F%2Falimak.com%2Fwp-content%2Fuploads%2F2026%2F02%2Fbim-gallery-4.png 1x, https:\/\/images.ohmyhosting.se\/Pe7hESqBFDrvm4YHAY6gidGhzlk=\/1704x1060\/smart\/filters:quality(85)\/https%3A%2F%2Falimak.com%2Fwp-content%2Fuploads%2F2026%2F02%2Fbim-gallery-4.png 2x\" alt=\"\" class=\"w-full w-full rounded-[12px] object-cover\" width=\"852\" height=\"530\" \/><\/picture>                                        <\/div>\n            \n        <\/div>\n        <div class=\"col-span-12 lg:col-span-6 2.5xl:col-span-4 flex flex-col justify-center \">\n            <div class=\"\">\n                                    <h2 class=\"text-24 md:text-36 leading-[1.3] font-medium mb-4\">Optimieren Sie die Projektplanung mit konfigurierbaren 3D-BIM-Modellen<\/h2>\n                                                    <div class=\"wysiwyg leading-[1.6] text-numbersGrey\"><div>\n<p>Die BIM-Galerie von Alimak bietet detaillierte 3D-Modelle unserer Bauaufz\u00fcge, Mastkletterarbeitsb\u00fchnen und Transportplattformen. Jedes Modell enth\u00e4lt wichtige eingebettete Daten wie Kapazit\u00e4t, Geschwindigkeit und Platzbedarf. Die Modelle k\u00f6nnen an Ihre Projektanforderungen angepasst werden, einschlie\u00dflich Gr\u00f6\u00dfe, F\u00f6rderh\u00f6he, Abwurfzone sowie Geb\u00e4ude- oder Strukturverbindungen.  <\/p>\n<p>Durch die fr\u00fchzeitige Einbindung unserer BIM-Modelle in Ihre Planungsphase k\u00f6nnen Sie die Ger\u00e4tenutzung simulieren, Layouts optimieren und Designrisiken reduzieren, die in einer herk\u00f6mmlichen 2D-Umgebung oft schwer zu identifizieren sind.<\/p>\n<\/div>\n<\/div>\n                                                    <div class=\"mt-8\">\n                        <a class=\"btn black\" href=\"https:\/\/bimgallery.alimak.com\/bim\/division\/construction\" target=\"_blank\">\n                            <span>BIM-Galerie erkunden<\/span>\n                            <span>\n                                                                    <svg width=\"18\" height=\"18\" viewBox=\"0 0 18 18\" fill=\"none\" xmlns=\"http:\/\/www.w3.org\/2000\/svg\">\n                                    <path class=\"stroke-white\" d=\"M13.5 9.75098V14.251C13.5 14.6488 13.342 15.0303 13.0607 15.3116C12.7794 15.5929 12.3978 15.751 12 15.751H3.75C3.35218 15.751 2.97064 15.5929 2.68934 15.3116C2.40804 15.0303 2.25 14.6488 2.25 14.251V6.00098C2.25 5.60315 2.40804 5.22162 2.68934 4.94032C2.97064 4.65901 3.35218 4.50098 3.75 4.50098H8.25\" stroke=\"white\" stroke-width=\"1.5\" stroke-linejoin=\"round\"\/>\n                                    <path class=\"stroke-white\" d=\"M11.25 2.25098H15.75V6.75098\" stroke=\"white\" stroke-width=\"1.5\" stroke-linejoin=\"round\"\/>\n                                    <path class=\"stroke-white\" d=\"M7.50073 10.501L15.7507 2.25098\" stroke=\"white\" stroke-width=\"1.5\" stroke-linejoin=\"round\"\/>\n                                    <\/svg>\n                                                            <\/span>\n                        <\/a>\n                    <\/div>\n                            <\/div>\n        <\/div>\n      <\/div>\n    <\/div>\n<\/section>\n\n<section class=\"benefits bg-white text-black border-lightGrey pt-6 lg:pt-12 pb-6 lg:pb-12 \">\n    <div class=\"holder\">\n        <h2 class=\"text-24 md:text-36 font-medium leading-[1.3] mb-12\">Wichtigste Vorteile<\/h2>\n                    <div class=\"grid grid-cols-12 gap-x-4 gap-y-12\">\n                                    <div class=\"col-span-12 md:col-span-6 flex md:pr-10 lg:pr-20\">\n                                                    <div class=\"w-[60px] h-[60px] md:w-[92px] md:h-[92px] shrink-0 border-lightGrey border border mr-8 rounded-full flex items-center justify-center\">\n                                <img decoding=\"async\" class=\"max-h-[28px] md:max-h-[44px]\" src=\"https:\/\/alimak.com\/wp-content\/uploads\/2025\/09\/Shape.svg\" alt=\"\">\n                            <\/div>\n                                                <div>\n                            <h3 class=\"text-18 md:text-26 font-medium leading-[1.25] pb-3.5 border-b mb-3.5 border-lightGrey\">Verbesserte Zusammenarbeit und Koordination<\/h3>\n                            <div class=\"text-14 md:text-base leading-[1.6] wysiwyg\"><\/div>\n                        <\/div>\n                    <\/div>\n                                    <div class=\"col-span-12 md:col-span-6 flex md:pr-10 lg:pr-20\">\n                                                    <div class=\"w-[60px] h-[60px] md:w-[92px] md:h-[92px] shrink-0 border-lightGrey border border mr-8 rounded-full flex items-center justify-center\">\n                                <img decoding=\"async\" class=\"max-h-[28px] md:max-h-[44px]\" src=\"https:\/\/alimak.com\/wp-content\/uploads\/2025\/09\/Shape.svg\" alt=\"\">\n                            <\/div>\n                                                <div>\n                            <h3 class=\"text-18 md:text-26 font-medium leading-[1.25] pb-3.5 border-b mb-3.5 border-lightGrey\">Datenbasierte Entscheidungsfindung erm\u00f6glichen<\/h3>\n                            <div class=\"text-14 md:text-base leading-[1.6] wysiwyg\"><\/div>\n                        <\/div>\n                    <\/div>\n                                    <div class=\"col-span-12 md:col-span-6 flex md:pr-10 lg:pr-20\">\n                                                    <div class=\"w-[60px] h-[60px] md:w-[92px] md:h-[92px] shrink-0 border-lightGrey border border mr-8 rounded-full flex items-center justify-center\">\n                                <img decoding=\"async\" class=\"max-h-[28px] md:max-h-[44px]\" src=\"https:\/\/alimak.com\/wp-content\/uploads\/2025\/09\/Shape.svg\" alt=\"\">\n                            <\/div>\n                                                <div>\n                            <h3 class=\"text-18 md:text-26 font-medium leading-[1.25] pb-3.5 border-b mb-3.5 border-lightGrey\">Kollisionspr\u00fcfung und Risikominimierung<\/h3>\n                            <div class=\"text-14 md:text-base leading-[1.6] wysiwyg\"><\/div>\n                        <\/div>\n                    <\/div>\n                                    <div class=\"col-span-12 md:col-span-6 flex md:pr-10 lg:pr-20\">\n                                                    <div class=\"w-[60px] h-[60px] md:w-[92px] md:h-[92px] shrink-0 border-lightGrey border border mr-8 rounded-full flex items-center justify-center\">\n                                <img decoding=\"async\" class=\"max-h-[28px] md:max-h-[44px]\" src=\"https:\/\/alimak.com\/wp-content\/uploads\/2025\/09\/Shape.svg\" alt=\"\">\n                            <\/div>\n                                                <div>\n                            <h3 class=\"text-18 md:text-26 font-medium leading-[1.25] pb-3.5 border-b mb-3.5 border-lightGrey\">Optimieren Sie Ihren Designprozess mit BIM<\/h3>\n                            <div class=\"text-14 md:text-base leading-[1.6] wysiwyg\"><\/div>\n                        <\/div>\n                    <\/div>\n                            <\/div>\n            <\/div>\n<\/section>\n","protected":false},"excerpt":{"rendered":"<p>Sparen Sie Zeit bei der Suche nach der richtigen L\u00f6sung f\u00fcr den vertikalen Zugang f\u00fcr Ihr Projekt. Unsere Auswahl an&#8230;<\/p>\n","protected":false},"author":2,"featured_media":0,"parent":14926,"menu_order":0,"comment_status":"closed","ping_status":"closed","template":"","meta":{"_acf_changed":false,"footnotes":""},"class_list":["post-14819","page","type-page","status-publish","hentry"],"acf":[],"yoast_head":"<!-- This site is optimized with the Yoast SEO plugin v27.3 - https:\/\/yoast.com\/product\/yoast-seo-wordpress\/ -->\n<title>BIM-Galerie (vorl\u00e4ufig) - Alimak<\/title>\n<meta name=\"robots\" content=\"index, follow, max-snippet:-1, max-image-preview:large, max-video-preview:-1\" \/>\n<link rel=\"canonical\" href=\"https:\/\/alimak.com\/de\/temporaere-loesungen\/digitale-services-voruebergehend\/bim-galerie-vorlaeufig\/\" \/>\n<meta property=\"og:locale\" content=\"de_DE\" \/>\n<meta property=\"og:type\" content=\"article\" \/>\n<meta property=\"og:title\" content=\"BIM-Galerie (vorl\u00e4ufig) - Alimak\" \/>\n<meta property=\"og:description\" content=\"Sparen Sie Zeit bei der Suche nach der richtigen L\u00f6sung f\u00fcr den vertikalen Zugang f\u00fcr Ihr Projekt. Unsere Auswahl an...\" \/>\n<meta property=\"og:url\" content=\"https:\/\/alimak.com\/de\/temporaere-loesungen\/digitale-services-voruebergehend\/bim-galerie-vorlaeufig\/\" \/>\n<meta property=\"og:site_name\" content=\"Alimak\" \/>\n<meta property=\"article:modified_time\" content=\"2026-03-18T12:54:01+00:00\" \/>\n<meta name=\"twitter:card\" content=\"summary_large_image\" \/>\n<script type=\"application\/ld+json\" class=\"yoast-schema-graph\">{\"@context\":\"https:\\\/\\\/schema.org\",\"@graph\":[{\"@type\":\"WebPage\",\"@id\":\"https:\\\/\\\/alimak.com\\\/de\\\/temporaere-loesungen\\\/digitale-services-voruebergehend\\\/bim-galerie-vorlaeufig\\\/\",\"url\":\"https:\\\/\\\/alimak.com\\\/de\\\/temporaere-loesungen\\\/digitale-services-voruebergehend\\\/bim-galerie-vorlaeufig\\\/\",\"name\":\"BIM-Galerie (vorl\u00e4ufig) - Alimak\",\"isPartOf\":{\"@id\":\"https:\\\/\\\/alimak.com\\\/#website\"},\"datePublished\":\"2026-02-04T10:30:50+00:00\",\"dateModified\":\"2026-03-18T12:54:01+00:00\",\"breadcrumb\":{\"@id\":\"https:\\\/\\\/alimak.com\\\/de\\\/temporaere-loesungen\\\/digitale-services-voruebergehend\\\/bim-galerie-vorlaeufig\\\/#breadcrumb\"},\"inLanguage\":\"de-DE\",\"potentialAction\":[{\"@type\":\"ReadAction\",\"target\":[\"https:\\\/\\\/alimak.com\\\/de\\\/temporaere-loesungen\\\/digitale-services-voruebergehend\\\/bim-galerie-vorlaeufig\\\/\"]}]},{\"@type\":\"BreadcrumbList\",\"@id\":\"https:\\\/\\\/alimak.com\\\/de\\\/temporaere-loesungen\\\/digitale-services-voruebergehend\\\/bim-galerie-vorlaeufig\\\/#breadcrumb\",\"itemListElement\":[{\"@type\":\"ListItem\",\"position\":1,\"name\":\"Home\",\"item\":\"https:\\\/\\\/alimak.com\\\/de\\\/\"},{\"@type\":\"ListItem\",\"position\":2,\"name\":\"Tempor\u00e4re L\u00f6sungen\",\"item\":\"https:\\\/\\\/alimak.com\\\/de\\\/temporaere-loesungen\\\/\"},{\"@type\":\"ListItem\",\"position\":3,\"name\":\"Digitale Services (vor\u00fcbergehend)\",\"item\":\"https:\\\/\\\/alimak.com\\\/de\\\/temporaere-loesungen\\\/digitale-services-voruebergehend\\\/\"},{\"@type\":\"ListItem\",\"position\":4,\"name\":\"BIM-Galerie (vorl\u00e4ufig)\"}]},{\"@type\":\"WebSite\",\"@id\":\"https:\\\/\\\/alimak.com\\\/#website\",\"url\":\"https:\\\/\\\/alimak.com\\\/\",\"name\":\"Alimak\",\"description\":\"\",\"potentialAction\":[{\"@type\":\"SearchAction\",\"target\":{\"@type\":\"EntryPoint\",\"urlTemplate\":\"https:\\\/\\\/alimak.com\\\/?s={search_term_string}\"},\"query-input\":{\"@type\":\"PropertyValueSpecification\",\"valueRequired\":true,\"valueName\":\"search_term_string\"}}],\"inLanguage\":\"de-DE\"}]}<\/script>\n<!-- \/ Yoast SEO plugin. -->","yoast_head_json":{"title":"BIM-Galerie (vorl\u00e4ufig) - Alimak","robots":{"index":"index","follow":"follow","max-snippet":"max-snippet:-1","max-image-preview":"max-image-preview:large","max-video-preview":"max-video-preview:-1"},"canonical":"https:\/\/alimak.com\/de\/temporaere-loesungen\/digitale-services-voruebergehend\/bim-galerie-vorlaeufig\/","og_locale":"de_DE","og_type":"article","og_title":"BIM-Galerie (vorl\u00e4ufig) - Alimak","og_description":"Sparen Sie Zeit bei der Suche nach der richtigen L\u00f6sung f\u00fcr den vertikalen Zugang f\u00fcr Ihr Projekt. Unsere Auswahl an...","og_url":"https:\/\/alimak.com\/de\/temporaere-loesungen\/digitale-services-voruebergehend\/bim-galerie-vorlaeufig\/","og_site_name":"Alimak","article_modified_time":"2026-03-18T12:54:01+00:00","twitter_card":"summary_large_image","schema":{"@context":"https:\/\/schema.org","@graph":[{"@type":"WebPage","@id":"https:\/\/alimak.com\/de\/temporaere-loesungen\/digitale-services-voruebergehend\/bim-galerie-vorlaeufig\/","url":"https:\/\/alimak.com\/de\/temporaere-loesungen\/digitale-services-voruebergehend\/bim-galerie-vorlaeufig\/","name":"BIM-Galerie (vorl\u00e4ufig) - Alimak","isPartOf":{"@id":"https:\/\/alimak.com\/#website"},"datePublished":"2026-02-04T10:30:50+00:00","dateModified":"2026-03-18T12:54:01+00:00","breadcrumb":{"@id":"https:\/\/alimak.com\/de\/temporaere-loesungen\/digitale-services-voruebergehend\/bim-galerie-vorlaeufig\/#breadcrumb"},"inLanguage":"de-DE","potentialAction":[{"@type":"ReadAction","target":["https:\/\/alimak.com\/de\/temporaere-loesungen\/digitale-services-voruebergehend\/bim-galerie-vorlaeufig\/"]}]},{"@type":"BreadcrumbList","@id":"https:\/\/alimak.com\/de\/temporaere-loesungen\/digitale-services-voruebergehend\/bim-galerie-vorlaeufig\/#breadcrumb","itemListElement":[{"@type":"ListItem","position":1,"name":"Home","item":"https:\/\/alimak.com\/de\/"},{"@type":"ListItem","position":2,"name":"Tempor\u00e4re L\u00f6sungen","item":"https:\/\/alimak.com\/de\/temporaere-loesungen\/"},{"@type":"ListItem","position":3,"name":"Digitale Services (vor\u00fcbergehend)","item":"https:\/\/alimak.com\/de\/temporaere-loesungen\/digitale-services-voruebergehend\/"},{"@type":"ListItem","position":4,"name":"BIM-Galerie (vorl\u00e4ufig)"}]},{"@type":"WebSite","@id":"https:\/\/alimak.com\/#website","url":"https:\/\/alimak.com\/","name":"Alimak","description":"","potentialAction":[{"@type":"SearchAction","target":{"@type":"EntryPoint","urlTemplate":"https:\/\/alimak.com\/?s={search_term_string}"},"query-input":{"@type":"PropertyValueSpecification","valueRequired":true,"valueName":"search_term_string"}}],"inLanguage":"de-DE"}]}},"_links":{"self":[{"href":"https:\/\/alimak.com\/de\/wp-json\/wp\/v2\/pages\/14819","targetHints":{"allow":["GET"]}}],"collection":[{"href":"https:\/\/alimak.com\/de\/wp-json\/wp\/v2\/pages"}],"about":[{"href":"https:\/\/alimak.com\/de\/wp-json\/wp\/v2\/types\/page"}],"author":[{"embeddable":true,"href":"https:\/\/alimak.com\/de\/wp-json\/wp\/v2\/users\/2"}],"replies":[{"embeddable":true,"href":"https:\/\/alimak.com\/de\/wp-json\/wp\/v2\/comments?post=14819"}],"version-history":[{"count":1,"href":"https:\/\/alimak.com\/de\/wp-json\/wp\/v2\/pages\/14819\/revisions"}],"predecessor-version":[{"id":14822,"href":"https:\/\/alimak.com\/de\/wp-json\/wp\/v2\/pages\/14819\/revisions\/14822"}],"up":[{"embeddable":true,"href":"https:\/\/alimak.com\/de\/wp-json\/wp\/v2\/pages\/14926"}],"wp:attachment":[{"href":"https:\/\/alimak.com\/de\/wp-json\/wp\/v2\/media?parent=14819"}],"curies":[{"name":"wp","href":"https:\/\/api.w.org\/{rel}","templated":true}]}}