{"id":14926,"date":"2025-08-26T10:38:55","date_gmt":"2025-08-26T10:38:55","guid":{"rendered":"https:\/\/alimak.com\/temporaere-loesungen\/digitale-services-voruebergehend\/"},"modified":"2026-03-18T12:54:05","modified_gmt":"2026-03-18T12:54:05","slug":"digitale-services-voruebergehend","status":"publish","type":"page","link":"https:\/\/alimak.com\/de\/temporaere-loesungen\/digitale-services-voruebergehend\/","title":{"rendered":"Digitale Services (vor\u00fcbergehend)"},"content":{"rendered":"\n<section class=\"small-hero border-b bg-black border-darkGrey text-white pt-0 pb-0\">\n            <div class=\"relative\">\n            <div class=\"hero-overlay relative\">\n                                    <picture class=\"w-full\"><source media=\"(max-width:639px)\" srcset=\"https:\/\/images.ohmyhosting.se\/ww9PLQTLo8O2NEdqAL8uYZwNefs=\/390x461\/smart\/filters:quality(85)\/https%3A%2F%2Falimak.com%2Fwp-content%2Fuploads%2F2026%2F01%2FDigital-services-e1769683665762.png 1x, https:\/\/images.ohmyhosting.se\/6XeKoyGD2iDnhBb38kNxBmjYXVI=\/780x922\/smart\/filters:quality(85)\/https%3A%2F%2Falimak.com%2Fwp-content%2Fuploads%2F2026%2F01%2FDigital-services-e1769683665762.png 2x\"><source media=\"(max-width:1022px)\" srcset=\"https:\/\/images.ohmyhosting.se\/kYIPRLGl4jFRtygZR6ZAVB1MNUw=\/805x951\/smart\/filters:quality(85)\/https%3A%2F%2Falimak.com%2Fwp-content%2Fuploads%2F2026%2F01%2FDigital-services-e1769683665762.png 1x, https:\/\/images.ohmyhosting.se\/hLDLVBhwljUilgbYdBMM5MwMwts=\/1610x1902\/smart\/filters:quality(85)\/https%3A%2F%2Falimak.com%2Fwp-content%2Fuploads%2F2026%2F01%2FDigital-services-e1769683665762.png 2x\"><img decoding=\"async\" src=\"https:\/\/images.ohmyhosting.se\/ouondgPkOsGQaSkGZgqcVRnq66o=\/2545x814\/smart\/filters:quality(85)\/https%3A%2F%2Falimak.com%2Fwp-content%2Fuploads%2F2026%2F01%2FDigital-services-e1769683665762.png\" srcset=\"https:\/\/images.ohmyhosting.se\/ouondgPkOsGQaSkGZgqcVRnq66o=\/2545x814\/smart\/filters:quality(85)\/https%3A%2F%2Falimak.com%2Fwp-content%2Fuploads%2F2026%2F01%2FDigital-services-e1769683665762.png 1x, https:\/\/images.ohmyhosting.se\/9Et8NdM3_SuCCeQkAZtEnd38fTk=\/5090x1628\/smart\/filters:quality(85)\/https%3A%2F%2Falimak.com%2Fwp-content%2Fuploads%2F2026%2F01%2FDigital-services-e1769683665762.png 2x\" alt=\"\" class=\"w-full object-cover w-full max-h-[90vh]\" width=\"2545\" height=\"814\" \/><\/picture>                            <\/div>\n            <div class=\"absolute inset-0 z-10 flex flex-col justify-end\">\n                <div class=\"holder\">\n                    <div class=\"grid grid-cols-12 gap-4 pb-16\">\n                        <div class=\"col-span-12 lg:col-span-7\">\n                                                    <p class=\"md:text-20 font-medium leading-[1.25] mb-1\">Tempor\u00e4re L\u00f6sungen<\/p>\n                                                    <h1 class=\"text-28 md:text-52 leading-[1.3] lg:max-w-[625px]\"><p>Digitale Services<\/p>\n<\/h1>\n                            <div class=\"wysiwyg pt-5 leading-[1.6] hidden lg:block lg:max-w-[512px]\"><p>Die digitalen Services von Alimak erh\u00f6hen die Sicherheit, Effizienz und Kontrolle in jeder Phase Ihrer Vertikalzugangsprozesse \u2013 mit intelligenteren Tools f\u00fcr Planung, \u00dcberwachung und Wartung. My Alimak liefert Echtzeit-Einblicke in Ihre Flotte und ein effizientes Zugangsmanagement, w\u00e4hrend Alimak Parts Online eine schnelle, zuverl\u00e4ssige Bestellung von Original-Ersatzteilen erm\u00f6glicht. F\u00fcr eine intelligentere Planung und Auslegung stellt die Alimak BIM Gallery pr\u00e4zise 3D-Modelle bereit, die eine nahtlose Projektintegration unterst\u00fctzen.  <\/p>\n<\/div>\n                        <\/div>\n                    <\/div>\n                <\/div>\n            <\/div>\n        <\/div>\n                    <div class=\"lg:hidden py-12 border-b border-darkGrey\">\n                <div class=\"holder\">\n                    <div class=\"wysiwyg leading-[1.6]\"><p>Die digitalen Services von Alimak erh\u00f6hen die Sicherheit, Effizienz und Kontrolle in jeder Phase Ihrer Vertikalzugangsprozesse \u2013 mit intelligenteren Tools f\u00fcr Planung, \u00dcberwachung und Wartung. My Alimak liefert Echtzeit-Einblicke in Ihre Flotte und ein effizientes Zugangsmanagement, w\u00e4hrend Alimak Parts Online eine schnelle, zuverl\u00e4ssige Bestellung von Original-Ersatzteilen erm\u00f6glicht. F\u00fcr eine intelligentere Planung und Auslegung stellt die Alimak BIM Gallery pr\u00e4zise 3D-Modelle bereit, die eine nahtlose Projektintegration unterst\u00fctzen.  <\/p>\n<\/div>\n                <\/div>\n            <\/div>\n        \n    <\/section>\n<section class=\"services-links bg-white text-black  border-b  border-lightGrey pt-12 lg:pt-24 pb-12 lg:pb-24\">\n    <div class=\"holder\">\n        <h2 class=\"text-24 md:text-36 font-medium leading-[1.3] mb-12\">Komplett digitale L\u00f6sung<\/h2>\n        \n            <div class=\"grid grid-cols-12 gap-4\">\n                                    <a class=\"col-span-12 md:col-span-4 flex flex-col p-6 group rounded-[12px] bg-quoteGrey text-black\" href=\"https:\/\/alimak.com\/de\/temporaere-loesungen\/digitale-services-voruebergehend\/my-alimak-vorlaeufig\/\" target=\"\">\n                        <h3 class=\"md:text-20 font-medium leading-[1.25]\">My Alimak<\/h3>\n                        <div class=\"wysiwyg leading-[1.6] mt-4 mb-4\">\n                            <p>Optimieren Sie Ihre vertikale Baustellenlogistik mit My Alimak \u2013 der ultimativen L\u00f6sung f\u00fcr ein effizientes Vertikalzugangsmanagement.<\/p>\n                        <\/div>\n                        <div class=\"mt-auto\">\n                            <span class=\"border transition-all group-hover:bg-orange w-[48px] h-[32px] md:w-[52px] md:h-[36px] flex items-center flex-col justify-center group-hover:border-orange border-black rounded-[4px]\">\n                                                                    <svg width=\"24\" height=\"11\" viewBox=\"0 0 24 11\" fill=\"none\" xmlns=\"http:\/\/www.w3.org\/2000\/svg\">\n                                    <path class=\"stroke-black\" d=\"M0 5.50098H22\" stroke=\"white\" stroke-width=\"1.5\"\/>\n                                    <path class=\"stroke-black\" d=\"M17.5 1.00098L22 5.50098L17.5 10.001\" stroke=\"white\" stroke-width=\"1.5\"\/>\n                                    <\/svg>\n                                                            <\/span>\n                        <\/div>\n                    <\/a>\n\n                                    <a class=\"col-span-12 md:col-span-4 flex flex-col p-6 group rounded-[12px] bg-quoteGrey text-black\" href=\"https:\/\/alimak.com\/de\/ersatzteile-online\/\" target=\"\">\n                        <h3 class=\"md:text-20 font-medium leading-[1.25]\">Parts Online<\/h3>\n                        <div class=\"wysiwyg leading-[1.6] mt-4 mb-4\">\n                            <div class=\"wysiwyg leading-[1.6] mt-4 mb-4\">\n<div class=\"wysiwyg leading-[1.6] mt-4 mb-4\">\n<p>Der einfache Weg, Alimak Original-Ersatzteile zu identifizieren und zu bestellen, um die optimale Leistung Ihrer Alimak Ausr\u00fcstung sicherzustellen.<\/p>\n<\/div>\n<\/div>\n                        <\/div>\n                        <div class=\"mt-auto\">\n                            <span class=\"border transition-all group-hover:bg-orange w-[48px] h-[32px] md:w-[52px] md:h-[36px] flex items-center flex-col justify-center group-hover:border-orange border-black rounded-[4px]\">\n                                                                    <svg width=\"24\" height=\"11\" viewBox=\"0 0 24 11\" fill=\"none\" xmlns=\"http:\/\/www.w3.org\/2000\/svg\">\n                                    <path class=\"stroke-black\" d=\"M0 5.50098H22\" stroke=\"white\" stroke-width=\"1.5\"\/>\n                                    <path class=\"stroke-black\" d=\"M17.5 1.00098L22 5.50098L17.5 10.001\" stroke=\"white\" stroke-width=\"1.5\"\/>\n                                    <\/svg>\n                                                            <\/span>\n                        <\/div>\n                    <\/a>\n\n                                    <a class=\"col-span-12 md:col-span-4 flex flex-col p-6 group rounded-[12px] bg-quoteGrey text-black\" href=\"https:\/\/alimak.com\/de\/temporaere-loesungen\/digitale-services-voruebergehend\/bim-galerie-vorlaeufig\/\" target=\"\">\n                        <h3 class=\"md:text-20 font-medium leading-[1.25]\">BIM Gallery<\/h3>\n                        <div class=\"wysiwyg leading-[1.6] mt-4 mb-4\">\n                            <div class=\"wysiwyg leading-[1.6] mt-4 mb-4\">\n<div class=\"wysiwyg leading-[1.6] mt-4 mb-4\">\n<p>Unser Sortiment an 3D-BIM-Objektdateien erleichtert den Vergleich und die Auswahl des am besten geeigneten Vertikalzugangsprodukts \u2013 vom Projektstart bis \u00fcber den gesamten Lebenszyklus hinweg.<\/p>\n<\/div>\n<\/div>\n                        <\/div>\n                        <div class=\"mt-auto\">\n                            <span class=\"border transition-all group-hover:bg-orange w-[48px] h-[32px] md:w-[52px] md:h-[36px] flex items-center flex-col justify-center group-hover:border-orange border-black rounded-[4px]\">\n                                                                    <svg width=\"24\" height=\"11\" viewBox=\"0 0 24 11\" fill=\"none\" xmlns=\"http:\/\/www.w3.org\/2000\/svg\">\n                                    <path class=\"stroke-black\" d=\"M0 5.50098H22\" stroke=\"white\" stroke-width=\"1.5\"\/>\n                                    <path class=\"stroke-black\" d=\"M17.5 1.00098L22 5.50098L17.5 10.001\" stroke=\"white\" stroke-width=\"1.5\"\/>\n                                    <\/svg>\n                                                            <\/span>\n                        <\/div>\n                    <\/a>\n\n                                    <a class=\"col-span-12 md:col-span-4 flex flex-col p-6 group rounded-[12px] bg-quoteGrey text-black\" href=\"https:\/\/alimak.com\/de\/temporaere-loesungen\/digitale-services-voruebergehend\/mcwp-value-explorer\/\" target=\"\">\n                        <h3 class=\"md:text-20 font-medium leading-[1.25]\">Mast Climber Value Explorer<\/h3>\n                        <div class=\"wysiwyg leading-[1.6] mt-4 mb-4\">\n                            <p>Berechnen Sie den tats\u00e4chlichen Wert von Mastkletterarbeitsb\u00fchnen im Vergleich zu herk\u00f6mmlichen Ger\u00fcsten.<\/p>\n                        <\/div>\n                        <div class=\"mt-auto\">\n                            <span class=\"border transition-all group-hover:bg-orange w-[48px] h-[32px] md:w-[52px] md:h-[36px] flex items-center flex-col justify-center group-hover:border-orange border-black rounded-[4px]\">\n                                                                    <svg width=\"24\" height=\"11\" viewBox=\"0 0 24 11\" fill=\"none\" xmlns=\"http:\/\/www.w3.org\/2000\/svg\">\n                                    <path class=\"stroke-black\" d=\"M0 5.50098H22\" stroke=\"white\" stroke-width=\"1.5\"\/>\n                                    <path class=\"stroke-black\" d=\"M17.5 1.00098L22 5.50098L17.5 10.001\" stroke=\"white\" stroke-width=\"1.5\"\/>\n                                    <\/svg>\n                                                            <\/span>\n                        <\/div>\n                    <\/a>\n\n                            <\/div>\n            <\/div>\n<\/section>\n<section class=\"cta-banner bg-black text-white  pt-0 pb-6 lg:pb-12\">\n    <div class=\"relative\">\n                    <div class=\"cta-banner-overlay relative\">\n                <picture class=\"w-full\"><source media=\"(max-width:639px)\" srcset=\"https:\/\/images.ohmyhosting.se\/830LuN8tJnlhxBlrnP81Cn_re_Q=\/399x377\/smart\/filters:quality(85)\/https%3A%2F%2Falimak.com%2Fwp-content%2Fuploads%2F2025%2F09%2Fd2291df879d3d9219aa41f082605eabd3250e5e9.jpg 1x, https:\/\/images.ohmyhosting.se\/hU69TdXunvGuEgABsWLfplJ9_PU=\/798x754\/smart\/filters:quality(85)\/https%3A%2F%2Falimak.com%2Fwp-content%2Fuploads%2F2025%2F09%2Fd2291df879d3d9219aa41f082605eabd3250e5e9.jpg 2x\"><source media=\"(max-width:1022px)\" srcset=\"https:\/\/images.ohmyhosting.se\/sUTJ0HNsfwEJpnAiEjhFWb9u1pw=\/805x760\/smart\/filters:quality(85)\/https%3A%2F%2Falimak.com%2Fwp-content%2Fuploads%2F2025%2F09%2Fd2291df879d3d9219aa41f082605eabd3250e5e9.jpg 1x, https:\/\/images.ohmyhosting.se\/mrEIaFoAUgmLUkHNnjAqabwhsRU=\/1610x1520\/smart\/filters:quality(85)\/https%3A%2F%2Falimak.com%2Fwp-content%2Fuploads%2F2025%2F09%2Fd2291df879d3d9219aa41f082605eabd3250e5e9.jpg 2x\"><img decoding=\"async\" src=\"https:\/\/images.ohmyhosting.se\/RHe0oE3TlTETH41w2OoXpWjHYH8=\/2545x1053\/smart\/filters:quality(85)\/https%3A%2F%2Falimak.com%2Fwp-content%2Fuploads%2F2025%2F09%2Fd2291df879d3d9219aa41f082605eabd3250e5e9.jpg\" srcset=\"https:\/\/images.ohmyhosting.se\/RHe0oE3TlTETH41w2OoXpWjHYH8=\/2545x1053\/smart\/filters:quality(85)\/https%3A%2F%2Falimak.com%2Fwp-content%2Fuploads%2F2025%2F09%2Fd2291df879d3d9219aa41f082605eabd3250e5e9.jpg 1x, https:\/\/images.ohmyhosting.se\/AdhHQjA7d3yK0NqyO3xGggVMQX4=\/5090x2106\/smart\/filters:quality(85)\/https%3A%2F%2Falimak.com%2Fwp-content%2Fuploads%2F2025%2F09%2Fd2291df879d3d9219aa41f082605eabd3250e5e9.jpg 2x\" alt=\"\" class=\"w-full w-full h-full object-cover\" width=\"2545\" height=\"1053\" \/><\/picture>            <\/div>\n                <div class=\"absolute inset-0 z-[2]\">\n            <div class=\"holder\">\n                <div class=\"grid grid-cols-12 gap-4\">\n                    <div class=\"col-span-12 lg:col-span-6 lg:col-start-7 pt-16\">\n                        <h3 class=\"text-28 md:text-44 lg:max-w-[500px] leading-tight\">Kontaktieren Sie uns f\u00fcr weitere Informationen oder ein Angebot<\/h3>\n                                                    <div class=\"mt-8\">\n                                <a class=\"btn\" href=\"https:\/\/alimak.com\/de\/kontakt-aufnehmen\/\" target=\"\">\n                                    <span>Kontaktieren Sie uns<\/span>\n                                    <span>\n                                        <svg width=\"24\" height=\"11\" viewBox=\"0 0 24 11\" fill=\"none\" xmlns=\"http:\/\/www.w3.org\/2000\/svg\">\n                                        <path d=\"M0 5.5H22\" stroke=\"black\" stroke-width=\"1.5\"\/>\n                                        <path d=\"M17.5 1L22 5.5L17.5 10\" stroke=\"black\" stroke-width=\"1.5\"\/>\n                                        <\/svg>\n                                    <\/span>\n                                <\/a>\n                            <\/div>\n                                            <\/div>\n                <\/div>\n            <\/div>\n        <\/div>\n    <\/div>\n<\/section>\n","protected":false},"excerpt":{"rendered":"<p>Die digitalen Services von Alimak erh\u00f6hen die Sicherheit, Effizienz und Kontrolle in jeder Phase Ihrer Vertikalzugangsprozesse \u2013 mit intelligenteren Tools&#8230;<\/p>\n","protected":false},"author":1,"featured_media":0,"parent":14080,"menu_order":0,"comment_status":"closed","ping_status":"closed","template":"","meta":{"_acf_changed":false,"footnotes":""},"class_list":["post-14926","page","type-page","status-publish","hentry"],"acf":[],"yoast_head":"<!-- This site is optimized with the Yoast SEO plugin v27.3 - https:\/\/yoast.com\/product\/yoast-seo-wordpress\/ -->\n<title>Digitale Services (vor\u00fcbergehend) - Alimak<\/title>\n<meta name=\"robots\" content=\"index, follow, max-snippet:-1, max-image-preview:large, max-video-preview:-1\" \/>\n<link rel=\"canonical\" href=\"https:\/\/alimak.com\/de\/temporaere-loesungen\/digitale-services-voruebergehend\/\" \/>\n<meta property=\"og:locale\" content=\"de_DE\" \/>\n<meta property=\"og:type\" content=\"article\" \/>\n<meta property=\"og:title\" content=\"Digitale Services (vor\u00fcbergehend) - Alimak\" \/>\n<meta property=\"og:description\" content=\"Die digitalen Services von Alimak erh\u00f6hen die Sicherheit, Effizienz und Kontrolle in jeder Phase Ihrer Vertikalzugangsprozesse \u2013 mit intelligenteren Tools...\" \/>\n<meta property=\"og:url\" content=\"https:\/\/alimak.com\/de\/temporaere-loesungen\/digitale-services-voruebergehend\/\" \/>\n<meta property=\"og:site_name\" content=\"Alimak\" \/>\n<meta property=\"article:modified_time\" content=\"2026-03-18T12:54:05+00:00\" \/>\n<meta name=\"twitter:card\" content=\"summary_large_image\" \/>\n<script type=\"application\/ld+json\" class=\"yoast-schema-graph\">{\"@context\":\"https:\\\/\\\/schema.org\",\"@graph\":[{\"@type\":\"WebPage\",\"@id\":\"https:\\\/\\\/alimak.com\\\/de\\\/temporaere-loesungen\\\/digitale-services-voruebergehend\\\/\",\"url\":\"https:\\\/\\\/alimak.com\\\/de\\\/temporaere-loesungen\\\/digitale-services-voruebergehend\\\/\",\"name\":\"Digitale Services (vor\u00fcbergehend) - Alimak\",\"isPartOf\":{\"@id\":\"https:\\\/\\\/alimak.com\\\/#website\"},\"datePublished\":\"2025-08-26T10:38:55+00:00\",\"dateModified\":\"2026-03-18T12:54:05+00:00\",\"breadcrumb\":{\"@id\":\"https:\\\/\\\/alimak.com\\\/de\\\/temporaere-loesungen\\\/digitale-services-voruebergehend\\\/#breadcrumb\"},\"inLanguage\":\"de-DE\",\"potentialAction\":[{\"@type\":\"ReadAction\",\"target\":[\"https:\\\/\\\/alimak.com\\\/de\\\/temporaere-loesungen\\\/digitale-services-voruebergehend\\\/\"]}]},{\"@type\":\"BreadcrumbList\",\"@id\":\"https:\\\/\\\/alimak.com\\\/de\\\/temporaere-loesungen\\\/digitale-services-voruebergehend\\\/#breadcrumb\",\"itemListElement\":[{\"@type\":\"ListItem\",\"position\":1,\"name\":\"Home\",\"item\":\"https:\\\/\\\/alimak.com\\\/de\\\/\"},{\"@type\":\"ListItem\",\"position\":2,\"name\":\"Tempor\u00e4re L\u00f6sungen\",\"item\":\"https:\\\/\\\/alimak.com\\\/de\\\/temporaere-loesungen\\\/\"},{\"@type\":\"ListItem\",\"position\":3,\"name\":\"Digitale Services (vor\u00fcbergehend)\"}]},{\"@type\":\"WebSite\",\"@id\":\"https:\\\/\\\/alimak.com\\\/#website\",\"url\":\"https:\\\/\\\/alimak.com\\\/\",\"name\":\"Alimak\",\"description\":\"\",\"potentialAction\":[{\"@type\":\"SearchAction\",\"target\":{\"@type\":\"EntryPoint\",\"urlTemplate\":\"https:\\\/\\\/alimak.com\\\/?s={search_term_string}\"},\"query-input\":{\"@type\":\"PropertyValueSpecification\",\"valueRequired\":true,\"valueName\":\"search_term_string\"}}],\"inLanguage\":\"de-DE\"}]}<\/script>\n<!-- \/ Yoast SEO plugin. -->","yoast_head_json":{"title":"Digitale Services (vor\u00fcbergehend) - Alimak","robots":{"index":"index","follow":"follow","max-snippet":"max-snippet:-1","max-image-preview":"max-image-preview:large","max-video-preview":"max-video-preview:-1"},"canonical":"https:\/\/alimak.com\/de\/temporaere-loesungen\/digitale-services-voruebergehend\/","og_locale":"de_DE","og_type":"article","og_title":"Digitale Services (vor\u00fcbergehend) - Alimak","og_description":"Die digitalen Services von Alimak erh\u00f6hen die Sicherheit, Effizienz und Kontrolle in jeder Phase Ihrer Vertikalzugangsprozesse \u2013 mit intelligenteren Tools...","og_url":"https:\/\/alimak.com\/de\/temporaere-loesungen\/digitale-services-voruebergehend\/","og_site_name":"Alimak","article_modified_time":"2026-03-18T12:54:05+00:00","twitter_card":"summary_large_image","schema":{"@context":"https:\/\/schema.org","@graph":[{"@type":"WebPage","@id":"https:\/\/alimak.com\/de\/temporaere-loesungen\/digitale-services-voruebergehend\/","url":"https:\/\/alimak.com\/de\/temporaere-loesungen\/digitale-services-voruebergehend\/","name":"Digitale Services (vor\u00fcbergehend) - Alimak","isPartOf":{"@id":"https:\/\/alimak.com\/#website"},"datePublished":"2025-08-26T10:38:55+00:00","dateModified":"2026-03-18T12:54:05+00:00","breadcrumb":{"@id":"https:\/\/alimak.com\/de\/temporaere-loesungen\/digitale-services-voruebergehend\/#breadcrumb"},"inLanguage":"de-DE","potentialAction":[{"@type":"ReadAction","target":["https:\/\/alimak.com\/de\/temporaere-loesungen\/digitale-services-voruebergehend\/"]}]},{"@type":"BreadcrumbList","@id":"https:\/\/alimak.com\/de\/temporaere-loesungen\/digitale-services-voruebergehend\/#breadcrumb","itemListElement":[{"@type":"ListItem","position":1,"name":"Home","item":"https:\/\/alimak.com\/de\/"},{"@type":"ListItem","position":2,"name":"Tempor\u00e4re L\u00f6sungen","item":"https:\/\/alimak.com\/de\/temporaere-loesungen\/"},{"@type":"ListItem","position":3,"name":"Digitale Services (vor\u00fcbergehend)"}]},{"@type":"WebSite","@id":"https:\/\/alimak.com\/#website","url":"https:\/\/alimak.com\/","name":"Alimak","description":"","potentialAction":[{"@type":"SearchAction","target":{"@type":"EntryPoint","urlTemplate":"https:\/\/alimak.com\/?s={search_term_string}"},"query-input":{"@type":"PropertyValueSpecification","valueRequired":true,"valueName":"search_term_string"}}],"inLanguage":"de-DE"}]}},"_links":{"self":[{"href":"https:\/\/alimak.com\/de\/wp-json\/wp\/v2\/pages\/14926","targetHints":{"allow":["GET"]}}],"collection":[{"href":"https:\/\/alimak.com\/de\/wp-json\/wp\/v2\/pages"}],"about":[{"href":"https:\/\/alimak.com\/de\/wp-json\/wp\/v2\/types\/page"}],"author":[{"embeddable":true,"href":"https:\/\/alimak.com\/de\/wp-json\/wp\/v2\/users\/1"}],"replies":[{"embeddable":true,"href":"https:\/\/alimak.com\/de\/wp-json\/wp\/v2\/comments?post=14926"}],"version-history":[{"count":1,"href":"https:\/\/alimak.com\/de\/wp-json\/wp\/v2\/pages\/14926\/revisions"}],"predecessor-version":[{"id":14929,"href":"https:\/\/alimak.com\/de\/wp-json\/wp\/v2\/pages\/14926\/revisions\/14929"}],"up":[{"embeddable":true,"href":"https:\/\/alimak.com\/de\/wp-json\/wp\/v2\/pages\/14080"}],"wp:attachment":[{"href":"https:\/\/alimak.com\/de\/wp-json\/wp\/v2\/media?parent=14926"}],"curies":[{"name":"wp","href":"https:\/\/api.w.org\/{rel}","templated":true}]}}