{"id":14976,"date":"2026-01-29T09:09:09","date_gmt":"2026-01-29T09:09:09","guid":{"rendered":"https:\/\/alimak.com\/temporaere-loesungen\/teile-service-voruebergehend\/anwendungstechnik-temporaer\/"},"modified":"2026-03-18T12:54:40","modified_gmt":"2026-03-18T12:54:40","slug":"anwendungstechnik-temporaer","status":"publish","type":"page","link":"https:\/\/alimak.com\/de\/temporaere-loesungen\/teile-service-voruebergehend\/anwendungstechnik-temporaer\/","title":{"rendered":"Anwendungstechnik (tempor\u00e4r)"},"content":{"rendered":"\n<section class=\"small-hero border-b bg-black border-darkGrey text-white pt-0 pb-0\">\n            <div class=\"relative\">\n            <div class=\"hero-overlay relative\">\n                                    <picture class=\"w-full\"><source media=\"(max-width:639px)\" srcset=\"https:\/\/images.ohmyhosting.se\/UESIJ_Mf1Fzf0Pk9pmj520DPDh0=\/390x461\/smart\/filters:quality(85)\/https%3A%2F%2Falimak.com%2Fwp-content%2Fuploads%2F2026%2F02%2Fapplication-engineering-2-scaled.png 1x, https:\/\/images.ohmyhosting.se\/uvpTTuzhpXsunPTGdwX4IssDc-g=\/780x922\/smart\/filters:quality(85)\/https%3A%2F%2Falimak.com%2Fwp-content%2Fuploads%2F2026%2F02%2Fapplication-engineering-2-scaled.png 2x\"><source media=\"(max-width:1022px)\" srcset=\"https:\/\/images.ohmyhosting.se\/4jOPJw0_-imW6ehr5ZbNBTg_nEw=\/805x951\/smart\/filters:quality(85)\/https%3A%2F%2Falimak.com%2Fwp-content%2Fuploads%2F2026%2F02%2Fapplication-engineering-2-scaled.png 1x, https:\/\/images.ohmyhosting.se\/DWGmBDGGYKqnyLqjVl7A-ByFI_g=\/1610x1902\/smart\/filters:quality(85)\/https%3A%2F%2Falimak.com%2Fwp-content%2Fuploads%2F2026%2F02%2Fapplication-engineering-2-scaled.png 2x\"><img decoding=\"async\" src=\"https:\/\/images.ohmyhosting.se\/uMnFRLHsLsH3lXSfcwd00rbcd_U=\/2545x814\/smart\/filters:quality(85)\/https%3A%2F%2Falimak.com%2Fwp-content%2Fuploads%2F2026%2F02%2Fapplication-engineering-2-scaled.png\" srcset=\"https:\/\/images.ohmyhosting.se\/uMnFRLHsLsH3lXSfcwd00rbcd_U=\/2545x814\/smart\/filters:quality(85)\/https%3A%2F%2Falimak.com%2Fwp-content%2Fuploads%2F2026%2F02%2Fapplication-engineering-2-scaled.png 1x, https:\/\/images.ohmyhosting.se\/tYLnrebJOi3Y0UxyjJcgVwrVq8E=\/5090x1628\/smart\/filters:quality(85)\/https%3A%2F%2Falimak.com%2Fwp-content%2Fuploads%2F2026%2F02%2Fapplication-engineering-2-scaled.png 2x\" alt=\"\" class=\"w-full object-cover w-full max-h-[90vh]\" width=\"2545\" height=\"814\" \/><\/picture>                            <\/div>\n            <div class=\"absolute inset-0 z-10 flex flex-col justify-end\">\n                <div class=\"holder\">\n                    <div class=\"grid grid-cols-12 gap-4 pb-16\">\n                        <div class=\"col-span-12 lg:col-span-7\">\n                                                    <p class=\"md:text-20 font-medium leading-[1.25] mb-1\">Tempor\u00e4re L\u00f6sungen<\/p>\n                                                    <h1 class=\"text-28 md:text-52 leading-[1.3] lg:max-w-[625px]\"><p>Anwendungstechnik f\u00fcr anspruchsvolle Bedingungen<\/p>\n<p>&nbsp;<\/p>\n<\/h1>\n                            <div class=\"wysiwyg pt-5 leading-[1.6] hidden lg:block lg:max-w-[512px]\"><div>Alimak arbeitet t\u00e4glich mit einer Vielzahl von Kunden und Anwendungen zusammen, von denen viele besondere Anforderungen stellen. Die tempor\u00e4ren H\u00f6henzugangsl\u00f6sungen werden oft in Umgebungen eingesetzt, die erheblichen Belastungen durch Hitze, K\u00e4lte, Vibrationen und Partikel wie Sand, Staub oder Salz ausgesetzt sind. Trotz dieser Herausforderungen muss die Ausr\u00fcstung Tag f\u00fcr Tag, Jahr f\u00fcr Jahr sicher funktionieren.  <\/div>\n<\/div>\n                        <\/div>\n                    <\/div>\n                <\/div>\n            <\/div>\n        <\/div>\n                    <div class=\"lg:hidden py-12 border-b border-darkGrey\">\n                <div class=\"holder\">\n                    <div class=\"wysiwyg leading-[1.6]\"><div>Alimak arbeitet t\u00e4glich mit einer Vielzahl von Kunden und Anwendungen zusammen, von denen viele besondere Anforderungen stellen. Die tempor\u00e4ren H\u00f6henzugangsl\u00f6sungen werden oft in Umgebungen eingesetzt, die erheblichen Belastungen durch Hitze, K\u00e4lte, Vibrationen und Partikel wie Sand, Staub oder Salz ausgesetzt sind. Trotz dieser Herausforderungen muss die Ausr\u00fcstung Tag f\u00fcr Tag, Jahr f\u00fcr Jahr sicher funktionieren.  <\/div>\n<\/div>\n                <\/div>\n            <\/div>\n        \n    <\/section>\n<section class=\"text-img bg-white text-black border-lightGrey   pt-6 lg:pt-12 pb-6 lg:pb-12\">\n    <div class=\"holder\">\n      <div class=\"grid grid-cols-12 gap-4 items-center\">\n        <div class=\"col-span-12 lg:col-span-6 2.5xl:col-span-8 \">\n                            <div class=\"text-img-overlay relative mb-8 md:mb-0 max-w-[852px] \">\n                    <picture class=\"w-full\"><source media=\"(max-width:639px)\" srcset=\"https:\/\/images.ohmyhosting.se\/FIrl-0zffRFYCbW7FiAM2Xjf1uI=\/382x237\/smart\/filters:quality(85)\/https%3A%2F%2Falimak.com%2Fwp-content%2Fuploads%2F2026%2F01%2FApplication-Engineering-A-scaled.jpg 1x, https:\/\/images.ohmyhosting.se\/Nz8alJOxzZ4SmCBGwOF0FGQvt6A=\/764x474\/smart\/filters:quality(85)\/https%3A%2F%2Falimak.com%2Fwp-content%2Fuploads%2F2026%2F01%2FApplication-Engineering-A-scaled.jpg 2x\"><source media=\"(max-width:1022px)\" srcset=\"https:\/\/images.ohmyhosting.se\/l8t3mVEOKjJUzT14iCoxkCT_fgg=\/773x480\/smart\/filters:quality(85)\/https%3A%2F%2Falimak.com%2Fwp-content%2Fuploads%2F2026%2F01%2FApplication-Engineering-A-scaled.jpg 1x, https:\/\/images.ohmyhosting.se\/aqy8Xud6Kk1WwznVy6-JRfDvcAE=\/1546x960\/smart\/filters:quality(85)\/https%3A%2F%2Falimak.com%2Fwp-content%2Fuploads%2F2026%2F01%2FApplication-Engineering-A-scaled.jpg 2x\"><img decoding=\"async\" src=\"https:\/\/images.ohmyhosting.se\/tSECNhAzeBrHRmLA1QAiA9M5h3g=\/852x530\/smart\/filters:quality(85)\/https%3A%2F%2Falimak.com%2Fwp-content%2Fuploads%2F2026%2F01%2FApplication-Engineering-A-scaled.jpg\" srcset=\"https:\/\/images.ohmyhosting.se\/tSECNhAzeBrHRmLA1QAiA9M5h3g=\/852x530\/smart\/filters:quality(85)\/https%3A%2F%2Falimak.com%2Fwp-content%2Fuploads%2F2026%2F01%2FApplication-Engineering-A-scaled.jpg 1x, https:\/\/images.ohmyhosting.se\/P0nELIhhcPIGuP-l17RNAF2ZXas=\/1704x1060\/smart\/filters:quality(85)\/https%3A%2F%2Falimak.com%2Fwp-content%2Fuploads%2F2026%2F01%2FApplication-Engineering-A-scaled.jpg 2x\" alt=\"\" class=\"w-full w-full rounded-[12px] object-cover\" width=\"852\" height=\"530\" \/><\/picture>                                        <\/div>\n            \n        <\/div>\n        <div class=\"col-span-12 lg:col-span-6 2.5xl:col-span-4 flex flex-col justify-center \">\n            <div class=\"\">\n                                    <h2 class=\"text-24 md:text-36 leading-[1.3] font-medium mb-4\">Kundenorientierte Entwicklung f\u00fcr zuverl\u00e4ssigen vertikalen Zugang<\/h2>\n                                                    <div class=\"wysiwyg leading-[1.6] text-numbersGrey\"><p>Die Anwendungstechniker von Alimak entwickeln kundenorientierte L\u00f6sungen f\u00fcr anspruchsvolle Installationen oder bei ungew\u00f6hnlichen Betriebsbedingungen. Dank ihrer umfassenden Erfahrung in der Entwicklung und Spezifikation von vertikalen Zugangsprodukten und -anwendungen erhalten Sie beschleunigte Konfigurationszeichnungen, Festigkeitsberechnungen sowie Berechnungen f\u00fcr Bodenlasten und Ankerkr\u00e4fte. <\/p>\n<\/div>\n                                            <\/div>\n        <\/div>\n      <\/div>\n    <\/div>\n<\/section>\n\n<section class=\"cta-banner bg-black text-white  pt-0 pb-6 lg:pb-12\">\n    <div class=\"relative\">\n                    <div class=\"cta-banner-overlay relative\">\n                <picture class=\"w-full\"><source media=\"(max-width:639px)\" srcset=\"https:\/\/images.ohmyhosting.se\/830LuN8tJnlhxBlrnP81Cn_re_Q=\/399x377\/smart\/filters:quality(85)\/https%3A%2F%2Falimak.com%2Fwp-content%2Fuploads%2F2025%2F09%2Fd2291df879d3d9219aa41f082605eabd3250e5e9.jpg 1x, https:\/\/images.ohmyhosting.se\/hU69TdXunvGuEgABsWLfplJ9_PU=\/798x754\/smart\/filters:quality(85)\/https%3A%2F%2Falimak.com%2Fwp-content%2Fuploads%2F2025%2F09%2Fd2291df879d3d9219aa41f082605eabd3250e5e9.jpg 2x\"><source media=\"(max-width:1022px)\" srcset=\"https:\/\/images.ohmyhosting.se\/sUTJ0HNsfwEJpnAiEjhFWb9u1pw=\/805x760\/smart\/filters:quality(85)\/https%3A%2F%2Falimak.com%2Fwp-content%2Fuploads%2F2025%2F09%2Fd2291df879d3d9219aa41f082605eabd3250e5e9.jpg 1x, https:\/\/images.ohmyhosting.se\/mrEIaFoAUgmLUkHNnjAqabwhsRU=\/1610x1520\/smart\/filters:quality(85)\/https%3A%2F%2Falimak.com%2Fwp-content%2Fuploads%2F2025%2F09%2Fd2291df879d3d9219aa41f082605eabd3250e5e9.jpg 2x\"><img decoding=\"async\" src=\"https:\/\/images.ohmyhosting.se\/RHe0oE3TlTETH41w2OoXpWjHYH8=\/2545x1053\/smart\/filters:quality(85)\/https%3A%2F%2Falimak.com%2Fwp-content%2Fuploads%2F2025%2F09%2Fd2291df879d3d9219aa41f082605eabd3250e5e9.jpg\" srcset=\"https:\/\/images.ohmyhosting.se\/RHe0oE3TlTETH41w2OoXpWjHYH8=\/2545x1053\/smart\/filters:quality(85)\/https%3A%2F%2Falimak.com%2Fwp-content%2Fuploads%2F2025%2F09%2Fd2291df879d3d9219aa41f082605eabd3250e5e9.jpg 1x, https:\/\/images.ohmyhosting.se\/AdhHQjA7d3yK0NqyO3xGggVMQX4=\/5090x2106\/smart\/filters:quality(85)\/https%3A%2F%2Falimak.com%2Fwp-content%2Fuploads%2F2025%2F09%2Fd2291df879d3d9219aa41f082605eabd3250e5e9.jpg 2x\" alt=\"\" class=\"w-full w-full h-full object-cover\" width=\"2545\" height=\"1053\" \/><\/picture>            <\/div>\n                <div class=\"absolute inset-0 z-[2]\">\n            <div class=\"holder\">\n                <div class=\"grid grid-cols-12 gap-4\">\n                    <div class=\"col-span-12 lg:col-span-6 lg:col-start-7 pt-16\">\n                        <h3 class=\"text-28 md:text-44 lg:max-w-[500px] leading-tight\">Kontaktieren Sie uns f\u00fcr weitere Informationen oder ein Angebot<\/h3>\n                                                    <div class=\"mt-8\">\n                                <a class=\"btn\" href=\"https:\/\/alimak.com\/de\/kontakt-aufnehmen\/\" target=\"\">\n                                    <span>Kontaktieren Sie uns<\/span>\n                                    <span>\n                                        <svg width=\"24\" height=\"11\" viewBox=\"0 0 24 11\" fill=\"none\" xmlns=\"http:\/\/www.w3.org\/2000\/svg\">\n                                        <path d=\"M0 5.5H22\" stroke=\"black\" stroke-width=\"1.5\"\/>\n                                        <path d=\"M17.5 1L22 5.5L17.5 10\" stroke=\"black\" stroke-width=\"1.5\"\/>\n                                        <\/svg>\n                                    <\/span>\n                                <\/a>\n                            <\/div>\n                                            <\/div>\n                <\/div>\n            <\/div>\n        <\/div>\n    <\/div>\n<\/section>\n","protected":false},"excerpt":{"rendered":"<p>Alimak arbeitet t\u00e4glich mit einer Vielzahl von Kunden und Anwendungen zusammen, von denen viele besondere Anforderungen stellen. Die tempor\u00e4ren H\u00f6henzugangsl\u00f6sungen&#8230;<\/p>\n","protected":false},"author":2,"featured_media":0,"parent":14797,"menu_order":0,"comment_status":"closed","ping_status":"closed","template":"","meta":{"_acf_changed":false,"footnotes":""},"class_list":["post-14976","page","type-page","status-publish","hentry"],"acf":[],"yoast_head":"<!-- This site is optimized with the Yoast SEO plugin v27.3 - https:\/\/yoast.com\/product\/yoast-seo-wordpress\/ -->\n<title>Anwendungstechnik (tempor\u00e4r) - Alimak<\/title>\n<meta name=\"robots\" content=\"index, follow, max-snippet:-1, max-image-preview:large, max-video-preview:-1\" \/>\n<link rel=\"canonical\" href=\"https:\/\/alimak.com\/de\/temporaere-loesungen\/teile-service-voruebergehend\/anwendungstechnik-temporaer\/\" \/>\n<meta property=\"og:locale\" content=\"de_DE\" \/>\n<meta property=\"og:type\" content=\"article\" \/>\n<meta property=\"og:title\" content=\"Anwendungstechnik (tempor\u00e4r) - Alimak\" \/>\n<meta property=\"og:description\" content=\"Alimak arbeitet t\u00e4glich mit einer Vielzahl von Kunden und Anwendungen zusammen, von denen viele besondere Anforderungen stellen. Die tempor\u00e4ren H\u00f6henzugangsl\u00f6sungen...\" \/>\n<meta property=\"og:url\" content=\"https:\/\/alimak.com\/de\/temporaere-loesungen\/teile-service-voruebergehend\/anwendungstechnik-temporaer\/\" \/>\n<meta property=\"og:site_name\" content=\"Alimak\" \/>\n<meta property=\"article:modified_time\" content=\"2026-03-18T12:54:40+00:00\" \/>\n<meta name=\"twitter:card\" content=\"summary_large_image\" \/>\n<script type=\"application\/ld+json\" class=\"yoast-schema-graph\">{\"@context\":\"https:\\\/\\\/schema.org\",\"@graph\":[{\"@type\":\"WebPage\",\"@id\":\"https:\\\/\\\/alimak.com\\\/de\\\/temporaere-loesungen\\\/teile-service-voruebergehend\\\/anwendungstechnik-temporaer\\\/\",\"url\":\"https:\\\/\\\/alimak.com\\\/de\\\/temporaere-loesungen\\\/teile-service-voruebergehend\\\/anwendungstechnik-temporaer\\\/\",\"name\":\"Anwendungstechnik (tempor\u00e4r) - Alimak\",\"isPartOf\":{\"@id\":\"https:\\\/\\\/alimak.com\\\/#website\"},\"datePublished\":\"2026-01-29T09:09:09+00:00\",\"dateModified\":\"2026-03-18T12:54:40+00:00\",\"breadcrumb\":{\"@id\":\"https:\\\/\\\/alimak.com\\\/de\\\/temporaere-loesungen\\\/teile-service-voruebergehend\\\/anwendungstechnik-temporaer\\\/#breadcrumb\"},\"inLanguage\":\"de-DE\",\"potentialAction\":[{\"@type\":\"ReadAction\",\"target\":[\"https:\\\/\\\/alimak.com\\\/de\\\/temporaere-loesungen\\\/teile-service-voruebergehend\\\/anwendungstechnik-temporaer\\\/\"]}]},{\"@type\":\"BreadcrumbList\",\"@id\":\"https:\\\/\\\/alimak.com\\\/de\\\/temporaere-loesungen\\\/teile-service-voruebergehend\\\/anwendungstechnik-temporaer\\\/#breadcrumb\",\"itemListElement\":[{\"@type\":\"ListItem\",\"position\":1,\"name\":\"Home\",\"item\":\"https:\\\/\\\/alimak.com\\\/de\\\/\"},{\"@type\":\"ListItem\",\"position\":2,\"name\":\"Tempor\u00e4re L\u00f6sungen\",\"item\":\"https:\\\/\\\/alimak.com\\\/de\\\/temporaere-loesungen\\\/\"},{\"@type\":\"ListItem\",\"position\":3,\"name\":\"Teile &amp; Service (vor\u00fcbergehend)\",\"item\":\"https:\\\/\\\/alimak.com\\\/de\\\/temporaere-loesungen\\\/teile-service-voruebergehend\\\/\"},{\"@type\":\"ListItem\",\"position\":4,\"name\":\"Anwendungstechnik (tempor\u00e4r)\"}]},{\"@type\":\"WebSite\",\"@id\":\"https:\\\/\\\/alimak.com\\\/#website\",\"url\":\"https:\\\/\\\/alimak.com\\\/\",\"name\":\"Alimak\",\"description\":\"\",\"potentialAction\":[{\"@type\":\"SearchAction\",\"target\":{\"@type\":\"EntryPoint\",\"urlTemplate\":\"https:\\\/\\\/alimak.com\\\/?s={search_term_string}\"},\"query-input\":{\"@type\":\"PropertyValueSpecification\",\"valueRequired\":true,\"valueName\":\"search_term_string\"}}],\"inLanguage\":\"de-DE\"}]}<\/script>\n<!-- \/ Yoast SEO plugin. -->","yoast_head_json":{"title":"Anwendungstechnik (tempor\u00e4r) - Alimak","robots":{"index":"index","follow":"follow","max-snippet":"max-snippet:-1","max-image-preview":"max-image-preview:large","max-video-preview":"max-video-preview:-1"},"canonical":"https:\/\/alimak.com\/de\/temporaere-loesungen\/teile-service-voruebergehend\/anwendungstechnik-temporaer\/","og_locale":"de_DE","og_type":"article","og_title":"Anwendungstechnik (tempor\u00e4r) - Alimak","og_description":"Alimak arbeitet t\u00e4glich mit einer Vielzahl von Kunden und Anwendungen zusammen, von denen viele besondere Anforderungen stellen. Die tempor\u00e4ren H\u00f6henzugangsl\u00f6sungen...","og_url":"https:\/\/alimak.com\/de\/temporaere-loesungen\/teile-service-voruebergehend\/anwendungstechnik-temporaer\/","og_site_name":"Alimak","article_modified_time":"2026-03-18T12:54:40+00:00","twitter_card":"summary_large_image","schema":{"@context":"https:\/\/schema.org","@graph":[{"@type":"WebPage","@id":"https:\/\/alimak.com\/de\/temporaere-loesungen\/teile-service-voruebergehend\/anwendungstechnik-temporaer\/","url":"https:\/\/alimak.com\/de\/temporaere-loesungen\/teile-service-voruebergehend\/anwendungstechnik-temporaer\/","name":"Anwendungstechnik (tempor\u00e4r) - Alimak","isPartOf":{"@id":"https:\/\/alimak.com\/#website"},"datePublished":"2026-01-29T09:09:09+00:00","dateModified":"2026-03-18T12:54:40+00:00","breadcrumb":{"@id":"https:\/\/alimak.com\/de\/temporaere-loesungen\/teile-service-voruebergehend\/anwendungstechnik-temporaer\/#breadcrumb"},"inLanguage":"de-DE","potentialAction":[{"@type":"ReadAction","target":["https:\/\/alimak.com\/de\/temporaere-loesungen\/teile-service-voruebergehend\/anwendungstechnik-temporaer\/"]}]},{"@type":"BreadcrumbList","@id":"https:\/\/alimak.com\/de\/temporaere-loesungen\/teile-service-voruebergehend\/anwendungstechnik-temporaer\/#breadcrumb","itemListElement":[{"@type":"ListItem","position":1,"name":"Home","item":"https:\/\/alimak.com\/de\/"},{"@type":"ListItem","position":2,"name":"Tempor\u00e4re L\u00f6sungen","item":"https:\/\/alimak.com\/de\/temporaere-loesungen\/"},{"@type":"ListItem","position":3,"name":"Teile &amp; Service (vor\u00fcbergehend)","item":"https:\/\/alimak.com\/de\/temporaere-loesungen\/teile-service-voruebergehend\/"},{"@type":"ListItem","position":4,"name":"Anwendungstechnik (tempor\u00e4r)"}]},{"@type":"WebSite","@id":"https:\/\/alimak.com\/#website","url":"https:\/\/alimak.com\/","name":"Alimak","description":"","potentialAction":[{"@type":"SearchAction","target":{"@type":"EntryPoint","urlTemplate":"https:\/\/alimak.com\/?s={search_term_string}"},"query-input":{"@type":"PropertyValueSpecification","valueRequired":true,"valueName":"search_term_string"}}],"inLanguage":"de-DE"}]}},"_links":{"self":[{"href":"https:\/\/alimak.com\/de\/wp-json\/wp\/v2\/pages\/14976","targetHints":{"allow":["GET"]}}],"collection":[{"href":"https:\/\/alimak.com\/de\/wp-json\/wp\/v2\/pages"}],"about":[{"href":"https:\/\/alimak.com\/de\/wp-json\/wp\/v2\/types\/page"}],"author":[{"embeddable":true,"href":"https:\/\/alimak.com\/de\/wp-json\/wp\/v2\/users\/2"}],"replies":[{"embeddable":true,"href":"https:\/\/alimak.com\/de\/wp-json\/wp\/v2\/comments?post=14976"}],"version-history":[{"count":1,"href":"https:\/\/alimak.com\/de\/wp-json\/wp\/v2\/pages\/14976\/revisions"}],"predecessor-version":[{"id":14981,"href":"https:\/\/alimak.com\/de\/wp-json\/wp\/v2\/pages\/14976\/revisions\/14981"}],"up":[{"embeddable":true,"href":"https:\/\/alimak.com\/de\/wp-json\/wp\/v2\/pages\/14797"}],"wp:attachment":[{"href":"https:\/\/alimak.com\/de\/wp-json\/wp\/v2\/media?parent=14976"}],"curies":[{"name":"wp","href":"https:\/\/api.w.org\/{rel}","templated":true}]}}