{"id":14982,"date":"2026-01-28T14:37:06","date_gmt":"2026-01-28T14:37:06","guid":{"rendered":"https:\/\/alimak.com\/temporaere-loesungen\/teile-service-voruebergehend\/teile-voruebergehend\/"},"modified":"2026-03-18T12:54:49","modified_gmt":"2026-03-18T12:54:49","slug":"teile-voruebergehend","status":"publish","type":"page","link":"https:\/\/alimak.com\/de\/temporaere-loesungen\/teile-service-voruebergehend\/teile-voruebergehend\/","title":{"rendered":"Teile (vor\u00fcbergehend)"},"content":{"rendered":"\n<section class=\"small-hero border-b bg-black border-darkGrey text-white pt-0 pb-0\">\n            <div class=\"relative\">\n            <div class=\"hero-overlay relative\">\n                                    <picture class=\"w-full\"><source media=\"(max-width:639px)\" srcset=\"https:\/\/images.ohmyhosting.se\/jC20l7vGtQMwt0-eJ-59ByNZvIg=\/390x461\/smart\/filters:quality(85)\/https%3A%2F%2Falimak.com%2Fwp-content%2Fuploads%2F2025%2F11%2F190806-421-HDR-web.jpg 1x, https:\/\/images.ohmyhosting.se\/HVzr90gI2WCV_0ki8iYcq7VqCsg=\/780x922\/smart\/filters:quality(85)\/https%3A%2F%2Falimak.com%2Fwp-content%2Fuploads%2F2025%2F11%2F190806-421-HDR-web.jpg 2x\"><source media=\"(max-width:1022px)\" srcset=\"https:\/\/images.ohmyhosting.se\/3ktzMleT-2H65B-kxs-ppbFtLqM=\/805x951\/smart\/filters:quality(85)\/https%3A%2F%2Falimak.com%2Fwp-content%2Fuploads%2F2025%2F11%2F190806-421-HDR-web.jpg 1x, https:\/\/images.ohmyhosting.se\/de80_35pok6hrb2e5kRALI2_KMQ=\/1610x1902\/smart\/filters:quality(85)\/https%3A%2F%2Falimak.com%2Fwp-content%2Fuploads%2F2025%2F11%2F190806-421-HDR-web.jpg 2x\"><img decoding=\"async\" src=\"https:\/\/images.ohmyhosting.se\/0TBYzE6W4Cgg0Gu03Rm6Kspz0nU=\/2545x814\/smart\/filters:quality(85)\/https%3A%2F%2Falimak.com%2Fwp-content%2Fuploads%2F2025%2F11%2F190806-421-HDR-web.jpg\" srcset=\"https:\/\/images.ohmyhosting.se\/0TBYzE6W4Cgg0Gu03Rm6Kspz0nU=\/2545x814\/smart\/filters:quality(85)\/https%3A%2F%2Falimak.com%2Fwp-content%2Fuploads%2F2025%2F11%2F190806-421-HDR-web.jpg 1x, https:\/\/images.ohmyhosting.se\/OITspSUmzvZrDkQ3kA500PMtMcA=\/5090x1628\/smart\/filters:quality(85)\/https%3A%2F%2Falimak.com%2Fwp-content%2Fuploads%2F2025%2F11%2F190806-421-HDR-web.jpg 2x\" alt=\"\" class=\"w-full object-cover w-full max-h-[90vh]\" width=\"2545\" height=\"814\" \/><\/picture>                            <\/div>\n            <div class=\"absolute inset-0 z-10 flex flex-col justify-end\">\n                <div class=\"holder\">\n                    <div class=\"grid grid-cols-12 gap-4 pb-16\">\n                        <div class=\"col-span-12 lg:col-span-7\">\n                                                    <p class=\"md:text-20 font-medium leading-[1.25] mb-1\">Tempor\u00e4re L\u00f6sungen<\/p>\n                                                    <h1 class=\"text-28 md:text-52 leading-[1.3] lg:max-w-[625px]\"><p>Original-Ersatzteile<\/p>\n<\/h1>\n                            <div class=\"wysiwyg pt-5 leading-[1.6] hidden lg:block lg:max-w-[512px]\"><p>Original-Ersatzteile von Alimak stellen sicher, dass Ihre Systeme mit optimaler Leistung und Effizienz arbeiten. Jahrelanger, unterbrechungsfreier Betrieb mit minimalen Ausf\u00e4llen und sicherer Nutzung sind greifbare Vorteile der Verwendung von Originalteilen von Alimak. Sie sind darauf ausgelegt, Anlagen durch die Reduzierung von Stillstandszeiten und Gesamtbetriebskosten auf Spitzenleistung zu halten. <\/p>\n<\/div>\n                        <\/div>\n                    <\/div>\n                <\/div>\n            <\/div>\n        <\/div>\n                    <div class=\"lg:hidden py-12 border-b border-darkGrey\">\n                <div class=\"holder\">\n                    <div class=\"wysiwyg leading-[1.6]\"><p>Original-Ersatzteile von Alimak stellen sicher, dass Ihre Systeme mit optimaler Leistung und Effizienz arbeiten. Jahrelanger, unterbrechungsfreier Betrieb mit minimalen Ausf\u00e4llen und sicherer Nutzung sind greifbare Vorteile der Verwendung von Originalteilen von Alimak. Sie sind darauf ausgelegt, Anlagen durch die Reduzierung von Stillstandszeiten und Gesamtbetriebskosten auf Spitzenleistung zu halten. <\/p>\n<\/div>\n                <\/div>\n            <\/div>\n        \n    <\/section>\n<section class=\"text-img bg-white text-black border-lightGrey   pt-6 lg:pt-12 pb-6 lg:pb-12\">\n    <div class=\"holder\">\n      <div class=\"grid grid-cols-12 gap-4 items-center\">\n        <div class=\"col-span-12 lg:col-span-6 2.5xl:col-span-8 \">\n                            <div class=\"text-img-overlay relative mb-8 md:mb-0 max-w-[852px] \">\n                    <picture class=\"w-full\"><source media=\"(max-width:639px)\" srcset=\"https:\/\/images.ohmyhosting.se\/QxFWYxgHFa0--r465I5vsK8q3KU=\/382x237\/smart\/filters:quality(85)\/https%3A%2F%2Falimak.com%2Fwp-content%2Fuploads%2F2026%2F01%2F190806-293-web.jpg 1x, https:\/\/images.ohmyhosting.se\/uF2nmpinj4zauSqAgb7JCH0a8Fk=\/764x474\/smart\/filters:quality(85)\/https%3A%2F%2Falimak.com%2Fwp-content%2Fuploads%2F2026%2F01%2F190806-293-web.jpg 2x\"><source media=\"(max-width:1022px)\" srcset=\"https:\/\/images.ohmyhosting.se\/CTWbzyDByEvitNJVeMp5G1nTwp8=\/773x480\/smart\/filters:quality(85)\/https%3A%2F%2Falimak.com%2Fwp-content%2Fuploads%2F2026%2F01%2F190806-293-web.jpg 1x, https:\/\/images.ohmyhosting.se\/EMwPk5NrtmXjXH6ZszzLnnYJQrs=\/1546x960\/smart\/filters:quality(85)\/https%3A%2F%2Falimak.com%2Fwp-content%2Fuploads%2F2026%2F01%2F190806-293-web.jpg 2x\"><img decoding=\"async\" src=\"https:\/\/images.ohmyhosting.se\/i7lQJxy-RQqoblTJ8CCl18typIY=\/852x530\/smart\/filters:quality(85)\/https%3A%2F%2Falimak.com%2Fwp-content%2Fuploads%2F2026%2F01%2F190806-293-web.jpg\" srcset=\"https:\/\/images.ohmyhosting.se\/i7lQJxy-RQqoblTJ8CCl18typIY=\/852x530\/smart\/filters:quality(85)\/https%3A%2F%2Falimak.com%2Fwp-content%2Fuploads%2F2026%2F01%2F190806-293-web.jpg 1x, https:\/\/images.ohmyhosting.se\/NdAtqE_pqoY0TBjZIGXcCmDOK64=\/1704x1060\/smart\/filters:quality(85)\/https%3A%2F%2Falimak.com%2Fwp-content%2Fuploads%2F2026%2F01%2F190806-293-web.jpg 2x\" alt=\"\" class=\"w-full w-full rounded-[12px] object-cover\" width=\"852\" height=\"530\" \/><\/picture>                                        <\/div>\n            \n        <\/div>\n        <div class=\"col-span-12 lg:col-span-6 2.5xl:col-span-4 flex flex-col justify-center \">\n            <div class=\"\">\n                                    <h2 class=\"text-24 md:text-36 leading-[1.3] font-medium mb-4\">Unverzichtbar f\u00fcr Sicherheit, Leistung und niedrigere Lebenszykluskosten<\/h2>\n                                                    <div class=\"wysiwyg leading-[1.6] text-numbersGrey\"><p>Es ist entscheidend, den Lebenszyklus der f\u00fcr Alimak-Anlagen gefertigten Teile zu verstehen und routinem\u00e4\u00dfige, vorbeugende Wartungspl\u00e4ne einzuhalten, um Ausf\u00e4lle zu reduzieren und die Betriebskosten pro Einheit zu minimieren. Deshalb verwenden wir im Rahmen von Serviceprogrammen f\u00fcr vorbeugende Wartung und Reparaturen ausschlie\u00dflich Originalteile von Alimak. <\/p>\n<\/div>\n                                            <\/div>\n        <\/div>\n      <\/div>\n    <\/div>\n<\/section>\n\n<section class=\"text-img bg-white text-black border-lightGrey   pt-6 lg:pt-12 pb-6 lg:pb-12\">\n    <div class=\"holder\">\n      <div class=\"grid grid-cols-12 gap-4 items-center\">\n        <div class=\"col-span-12 lg:col-span-6 2.5xl:col-span-8  order-1 lg:order-2\">\n                            <div class=\"text-img-overlay relative mb-8 md:mb-0 max-w-[852px] lg:ml-auto\">\n                    <picture class=\"w-full\"><source media=\"(max-width:639px)\" srcset=\"https:\/\/images.ohmyhosting.se\/pzE1KFN25fnC-hu09TITxnBWRQ4=\/382x237\/smart\/filters:quality(85)\/https%3A%2F%2Falimak.com%2Fwp-content%2Fuploads%2F2026%2F01%2F190806-547-HDR-web.jpg 1x, https:\/\/images.ohmyhosting.se\/N88sNX-RMTQLGCRLXDdsmB3k2kk=\/764x474\/smart\/filters:quality(85)\/https%3A%2F%2Falimak.com%2Fwp-content%2Fuploads%2F2026%2F01%2F190806-547-HDR-web.jpg 2x\"><source media=\"(max-width:1022px)\" srcset=\"https:\/\/images.ohmyhosting.se\/A0Y2FG8jcAoEd8_wUci9VA2p9fo=\/773x480\/smart\/filters:quality(85)\/https%3A%2F%2Falimak.com%2Fwp-content%2Fuploads%2F2026%2F01%2F190806-547-HDR-web.jpg 1x, https:\/\/images.ohmyhosting.se\/HHm6XCUTvLrCqe_YJ-nTMoyLkiI=\/1546x960\/smart\/filters:quality(85)\/https%3A%2F%2Falimak.com%2Fwp-content%2Fuploads%2F2026%2F01%2F190806-547-HDR-web.jpg 2x\"><img decoding=\"async\" src=\"https:\/\/images.ohmyhosting.se\/YOpDCaneE9uyhq-iyWY7SkfBEhw=\/852x530\/smart\/filters:quality(85)\/https%3A%2F%2Falimak.com%2Fwp-content%2Fuploads%2F2026%2F01%2F190806-547-HDR-web.jpg\" srcset=\"https:\/\/images.ohmyhosting.se\/YOpDCaneE9uyhq-iyWY7SkfBEhw=\/852x530\/smart\/filters:quality(85)\/https%3A%2F%2Falimak.com%2Fwp-content%2Fuploads%2F2026%2F01%2F190806-547-HDR-web.jpg 1x, https:\/\/images.ohmyhosting.se\/F-nHkQnDhvp-e0_Tc8_e5_yibuo=\/1704x1060\/smart\/filters:quality(85)\/https%3A%2F%2Falimak.com%2Fwp-content%2Fuploads%2F2026%2F01%2F190806-547-HDR-web.jpg 2x\" alt=\"\" class=\"w-full w-full rounded-[12px] object-cover\" width=\"852\" height=\"530\" \/><\/picture>                                        <\/div>\n            \n        <\/div>\n        <div class=\"col-span-12 lg:col-span-6 2.5xl:col-span-4 flex flex-col justify-center  order-2 lg:order-1\">\n            <div class=\"\">\n                                    <h2 class=\"text-24 md:text-36 leading-[1.3] font-medium mb-4\">Lokaler Bestand, globale Reichweite: Originalteile f\u00fcr jede Alimak Marke<\/h2>\n                                                    <div class=\"wysiwyg leading-[1.6] text-numbersGrey\"><p>Von Getrieben \u00fcber Motoren und Bremsbel\u00e4ge bis hin zu Sicherheitseinrichtungen: Alle lokalen Alimak-Zentren f\u00fchren Teile f\u00fcr die heute im Einsatz befindlichen Produkte von Alimak, Camac und Hek. Alimak hat in den Aufbau eines globalen Vertriebsnetzes f\u00fcr Ersatzteile investiert, das garantiert, dass Teile und Komponenten bei Bedarf geliefert werden. Alimak h\u00e4lt Ersatzteile lokal \u00fcber unsere Vertriebsgesellschaften sowie einen umfassenden Ersatzteilbestand in unseren Lagern weltweit vor.  <\/p>\n<\/div>\n                                            <\/div>\n        <\/div>\n      <\/div>\n    <\/div>\n<\/section>\n\n<section class=\"services-links bg-black text-white  border-darkGrey pt-6 lg:pt-12 pb-6 lg:pb-12\">\n    <div class=\"holder\">\n        <h2 class=\"text-24 md:text-36 font-medium leading-[1.3] mb-12\">Digitale Services<\/h2>\n        \n            <div class=\"grid grid-cols-12 gap-4\">\n                                    <a class=\"col-span-12 md:col-span-4 flex flex-col p-6 group rounded-[12px] bg-menuGrey text-white\" href=\"https:\/\/alimak.com\/de\/ersatzteile-online\/\" target=\"\">\n                        <h3 class=\"md:text-20 font-medium leading-[1.25]\">Parts Online<\/h3>\n                        <div class=\"wysiwyg leading-[1.6] mt-4 mb-4\">\n                            <p class=\"md:text-20 font-medium leading-[1.25]\"><span style=\"font-size: 16px;\">Der einfache Weg, Original-Ersatzteile von Alimak zu identifizieren und zu bestellen, um die optimale Leistung Ihrer Alimak-Anlagen sicherzustellen.<\/span><\/p>\n                        <\/div>\n                        <div class=\"mt-auto\">\n                            <span class=\"border transition-all group-hover:bg-orange w-[48px] h-[32px] md:w-[52px] md:h-[36px] flex items-center flex-col justify-center group-hover:border-orange border-white rounded-[4px]\">\n                                                                    <svg width=\"24\" height=\"11\" viewBox=\"0 0 24 11\" fill=\"none\" xmlns=\"http:\/\/www.w3.org\/2000\/svg\">\n                                    <path class=\"stroke-white\" d=\"M0 5.50098H22\" stroke=\"white\" stroke-width=\"1.5\"\/>\n                                    <path class=\"stroke-white\" d=\"M17.5 1.00098L22 5.50098L17.5 10.001\" stroke=\"white\" stroke-width=\"1.5\"\/>\n                                    <\/svg>\n                                                            <\/span>\n                        <\/div>\n                    <\/a>\n\n                            <\/div>\n            <\/div>\n<\/section>\n<section class=\"cta-banner bg-black text-white  pt-0 pb-6 lg:pb-12\">\n    <div class=\"relative\">\n                    <div class=\"cta-banner-overlay relative\">\n                <picture class=\"w-full\"><source media=\"(max-width:639px)\" srcset=\"https:\/\/images.ohmyhosting.se\/830LuN8tJnlhxBlrnP81Cn_re_Q=\/399x377\/smart\/filters:quality(85)\/https%3A%2F%2Falimak.com%2Fwp-content%2Fuploads%2F2025%2F09%2Fd2291df879d3d9219aa41f082605eabd3250e5e9.jpg 1x, https:\/\/images.ohmyhosting.se\/hU69TdXunvGuEgABsWLfplJ9_PU=\/798x754\/smart\/filters:quality(85)\/https%3A%2F%2Falimak.com%2Fwp-content%2Fuploads%2F2025%2F09%2Fd2291df879d3d9219aa41f082605eabd3250e5e9.jpg 2x\"><source media=\"(max-width:1022px)\" srcset=\"https:\/\/images.ohmyhosting.se\/sUTJ0HNsfwEJpnAiEjhFWb9u1pw=\/805x760\/smart\/filters:quality(85)\/https%3A%2F%2Falimak.com%2Fwp-content%2Fuploads%2F2025%2F09%2Fd2291df879d3d9219aa41f082605eabd3250e5e9.jpg 1x, https:\/\/images.ohmyhosting.se\/mrEIaFoAUgmLUkHNnjAqabwhsRU=\/1610x1520\/smart\/filters:quality(85)\/https%3A%2F%2Falimak.com%2Fwp-content%2Fuploads%2F2025%2F09%2Fd2291df879d3d9219aa41f082605eabd3250e5e9.jpg 2x\"><img decoding=\"async\" src=\"https:\/\/images.ohmyhosting.se\/RHe0oE3TlTETH41w2OoXpWjHYH8=\/2545x1053\/smart\/filters:quality(85)\/https%3A%2F%2Falimak.com%2Fwp-content%2Fuploads%2F2025%2F09%2Fd2291df879d3d9219aa41f082605eabd3250e5e9.jpg\" srcset=\"https:\/\/images.ohmyhosting.se\/RHe0oE3TlTETH41w2OoXpWjHYH8=\/2545x1053\/smart\/filters:quality(85)\/https%3A%2F%2Falimak.com%2Fwp-content%2Fuploads%2F2025%2F09%2Fd2291df879d3d9219aa41f082605eabd3250e5e9.jpg 1x, https:\/\/images.ohmyhosting.se\/AdhHQjA7d3yK0NqyO3xGggVMQX4=\/5090x2106\/smart\/filters:quality(85)\/https%3A%2F%2Falimak.com%2Fwp-content%2Fuploads%2F2025%2F09%2Fd2291df879d3d9219aa41f082605eabd3250e5e9.jpg 2x\" alt=\"\" class=\"w-full w-full h-full object-cover\" width=\"2545\" height=\"1053\" \/><\/picture>            <\/div>\n                <div class=\"absolute inset-0 z-[2]\">\n            <div class=\"holder\">\n                <div class=\"grid grid-cols-12 gap-4\">\n                    <div class=\"col-span-12 lg:col-span-6 lg:col-start-7 pt-16\">\n                        <h3 class=\"text-28 md:text-44 lg:max-w-[500px] leading-tight\">Kontaktieren Sie uns f\u00fcr weitere Informationen oder ein Angebot<\/h3>\n                                                    <div class=\"mt-8\">\n                                <a class=\"btn\" href=\"https:\/\/alimak.com\/de\/kontakt-aufnehmen\/\" target=\"\">\n                                    <span>Kontaktieren Sie uns<\/span>\n                                    <span>\n                                        <svg width=\"24\" height=\"11\" viewBox=\"0 0 24 11\" fill=\"none\" xmlns=\"http:\/\/www.w3.org\/2000\/svg\">\n                                        <path d=\"M0 5.5H22\" stroke=\"black\" stroke-width=\"1.5\"\/>\n                                        <path d=\"M17.5 1L22 5.5L17.5 10\" stroke=\"black\" stroke-width=\"1.5\"\/>\n                                        <\/svg>\n                                    <\/span>\n                                <\/a>\n                            <\/div>\n                                            <\/div>\n                <\/div>\n            <\/div>\n        <\/div>\n    <\/div>\n<\/section>\n","protected":false},"excerpt":{"rendered":"<p>Original-Ersatzteile von Alimak stellen sicher, dass Ihre Systeme mit optimaler Leistung und Effizienz arbeiten. Jahrelanger, unterbrechungsfreier Betrieb mit minimalen Ausf\u00e4llen&#8230;<\/p>\n","protected":false},"author":2,"featured_media":0,"parent":14797,"menu_order":0,"comment_status":"closed","ping_status":"closed","template":"","meta":{"_acf_changed":false,"footnotes":""},"class_list":["post-14982","page","type-page","status-publish","hentry"],"acf":[],"yoast_head":"<!-- This site is optimized with the Yoast SEO plugin v27.3 - https:\/\/yoast.com\/product\/yoast-seo-wordpress\/ -->\n<title>Teile (vor\u00fcbergehend) - Alimak<\/title>\n<meta name=\"robots\" content=\"index, follow, max-snippet:-1, max-image-preview:large, max-video-preview:-1\" \/>\n<link rel=\"canonical\" href=\"https:\/\/alimak.com\/de\/temporaere-loesungen\/teile-service-voruebergehend\/teile-voruebergehend\/\" \/>\n<meta property=\"og:locale\" content=\"de_DE\" \/>\n<meta property=\"og:type\" content=\"article\" \/>\n<meta property=\"og:title\" content=\"Teile (vor\u00fcbergehend) - Alimak\" \/>\n<meta property=\"og:description\" content=\"Original-Ersatzteile von Alimak stellen sicher, dass Ihre Systeme mit optimaler Leistung und Effizienz arbeiten. Jahrelanger, unterbrechungsfreier Betrieb mit minimalen Ausf\u00e4llen...\" \/>\n<meta property=\"og:url\" content=\"https:\/\/alimak.com\/de\/temporaere-loesungen\/teile-service-voruebergehend\/teile-voruebergehend\/\" \/>\n<meta property=\"og:site_name\" content=\"Alimak\" \/>\n<meta property=\"article:modified_time\" content=\"2026-03-18T12:54:49+00:00\" \/>\n<meta name=\"twitter:card\" content=\"summary_large_image\" \/>\n<script type=\"application\/ld+json\" class=\"yoast-schema-graph\">{\"@context\":\"https:\\\/\\\/schema.org\",\"@graph\":[{\"@type\":\"WebPage\",\"@id\":\"https:\\\/\\\/alimak.com\\\/de\\\/temporaere-loesungen\\\/teile-service-voruebergehend\\\/teile-voruebergehend\\\/\",\"url\":\"https:\\\/\\\/alimak.com\\\/de\\\/temporaere-loesungen\\\/teile-service-voruebergehend\\\/teile-voruebergehend\\\/\",\"name\":\"Teile (vor\u00fcbergehend) - Alimak\",\"isPartOf\":{\"@id\":\"https:\\\/\\\/alimak.com\\\/#website\"},\"datePublished\":\"2026-01-28T14:37:06+00:00\",\"dateModified\":\"2026-03-18T12:54:49+00:00\",\"breadcrumb\":{\"@id\":\"https:\\\/\\\/alimak.com\\\/de\\\/temporaere-loesungen\\\/teile-service-voruebergehend\\\/teile-voruebergehend\\\/#breadcrumb\"},\"inLanguage\":\"de-DE\",\"potentialAction\":[{\"@type\":\"ReadAction\",\"target\":[\"https:\\\/\\\/alimak.com\\\/de\\\/temporaere-loesungen\\\/teile-service-voruebergehend\\\/teile-voruebergehend\\\/\"]}]},{\"@type\":\"BreadcrumbList\",\"@id\":\"https:\\\/\\\/alimak.com\\\/de\\\/temporaere-loesungen\\\/teile-service-voruebergehend\\\/teile-voruebergehend\\\/#breadcrumb\",\"itemListElement\":[{\"@type\":\"ListItem\",\"position\":1,\"name\":\"Home\",\"item\":\"https:\\\/\\\/alimak.com\\\/de\\\/\"},{\"@type\":\"ListItem\",\"position\":2,\"name\":\"Tempor\u00e4re L\u00f6sungen\",\"item\":\"https:\\\/\\\/alimak.com\\\/de\\\/temporaere-loesungen\\\/\"},{\"@type\":\"ListItem\",\"position\":3,\"name\":\"Teile &amp; Service (vor\u00fcbergehend)\",\"item\":\"https:\\\/\\\/alimak.com\\\/de\\\/temporaere-loesungen\\\/teile-service-voruebergehend\\\/\"},{\"@type\":\"ListItem\",\"position\":4,\"name\":\"Teile (vor\u00fcbergehend)\"}]},{\"@type\":\"WebSite\",\"@id\":\"https:\\\/\\\/alimak.com\\\/#website\",\"url\":\"https:\\\/\\\/alimak.com\\\/\",\"name\":\"Alimak\",\"description\":\"\",\"potentialAction\":[{\"@type\":\"SearchAction\",\"target\":{\"@type\":\"EntryPoint\",\"urlTemplate\":\"https:\\\/\\\/alimak.com\\\/?s={search_term_string}\"},\"query-input\":{\"@type\":\"PropertyValueSpecification\",\"valueRequired\":true,\"valueName\":\"search_term_string\"}}],\"inLanguage\":\"de-DE\"}]}<\/script>\n<!-- \/ Yoast SEO plugin. -->","yoast_head_json":{"title":"Teile (vor\u00fcbergehend) - Alimak","robots":{"index":"index","follow":"follow","max-snippet":"max-snippet:-1","max-image-preview":"max-image-preview:large","max-video-preview":"max-video-preview:-1"},"canonical":"https:\/\/alimak.com\/de\/temporaere-loesungen\/teile-service-voruebergehend\/teile-voruebergehend\/","og_locale":"de_DE","og_type":"article","og_title":"Teile (vor\u00fcbergehend) - Alimak","og_description":"Original-Ersatzteile von Alimak stellen sicher, dass Ihre Systeme mit optimaler Leistung und Effizienz arbeiten. Jahrelanger, unterbrechungsfreier Betrieb mit minimalen Ausf\u00e4llen...","og_url":"https:\/\/alimak.com\/de\/temporaere-loesungen\/teile-service-voruebergehend\/teile-voruebergehend\/","og_site_name":"Alimak","article_modified_time":"2026-03-18T12:54:49+00:00","twitter_card":"summary_large_image","schema":{"@context":"https:\/\/schema.org","@graph":[{"@type":"WebPage","@id":"https:\/\/alimak.com\/de\/temporaere-loesungen\/teile-service-voruebergehend\/teile-voruebergehend\/","url":"https:\/\/alimak.com\/de\/temporaere-loesungen\/teile-service-voruebergehend\/teile-voruebergehend\/","name":"Teile (vor\u00fcbergehend) - Alimak","isPartOf":{"@id":"https:\/\/alimak.com\/#website"},"datePublished":"2026-01-28T14:37:06+00:00","dateModified":"2026-03-18T12:54:49+00:00","breadcrumb":{"@id":"https:\/\/alimak.com\/de\/temporaere-loesungen\/teile-service-voruebergehend\/teile-voruebergehend\/#breadcrumb"},"inLanguage":"de-DE","potentialAction":[{"@type":"ReadAction","target":["https:\/\/alimak.com\/de\/temporaere-loesungen\/teile-service-voruebergehend\/teile-voruebergehend\/"]}]},{"@type":"BreadcrumbList","@id":"https:\/\/alimak.com\/de\/temporaere-loesungen\/teile-service-voruebergehend\/teile-voruebergehend\/#breadcrumb","itemListElement":[{"@type":"ListItem","position":1,"name":"Home","item":"https:\/\/alimak.com\/de\/"},{"@type":"ListItem","position":2,"name":"Tempor\u00e4re L\u00f6sungen","item":"https:\/\/alimak.com\/de\/temporaere-loesungen\/"},{"@type":"ListItem","position":3,"name":"Teile &amp; Service (vor\u00fcbergehend)","item":"https:\/\/alimak.com\/de\/temporaere-loesungen\/teile-service-voruebergehend\/"},{"@type":"ListItem","position":4,"name":"Teile (vor\u00fcbergehend)"}]},{"@type":"WebSite","@id":"https:\/\/alimak.com\/#website","url":"https:\/\/alimak.com\/","name":"Alimak","description":"","potentialAction":[{"@type":"SearchAction","target":{"@type":"EntryPoint","urlTemplate":"https:\/\/alimak.com\/?s={search_term_string}"},"query-input":{"@type":"PropertyValueSpecification","valueRequired":true,"valueName":"search_term_string"}}],"inLanguage":"de-DE"}]}},"_links":{"self":[{"href":"https:\/\/alimak.com\/de\/wp-json\/wp\/v2\/pages\/14982","targetHints":{"allow":["GET"]}}],"collection":[{"href":"https:\/\/alimak.com\/de\/wp-json\/wp\/v2\/pages"}],"about":[{"href":"https:\/\/alimak.com\/de\/wp-json\/wp\/v2\/types\/page"}],"author":[{"embeddable":true,"href":"https:\/\/alimak.com\/de\/wp-json\/wp\/v2\/users\/2"}],"replies":[{"embeddable":true,"href":"https:\/\/alimak.com\/de\/wp-json\/wp\/v2\/comments?post=14982"}],"version-history":[{"count":1,"href":"https:\/\/alimak.com\/de\/wp-json\/wp\/v2\/pages\/14982\/revisions"}],"predecessor-version":[{"id":14985,"href":"https:\/\/alimak.com\/de\/wp-json\/wp\/v2\/pages\/14982\/revisions\/14985"}],"up":[{"embeddable":true,"href":"https:\/\/alimak.com\/de\/wp-json\/wp\/v2\/pages\/14797"}],"wp:attachment":[{"href":"https:\/\/alimak.com\/de\/wp-json\/wp\/v2\/media?parent=14982"}],"curies":[{"name":"wp","href":"https:\/\/api.w.org\/{rel}","templated":true}]}}