{"id":14990,"date":"2026-01-28T10:35:39","date_gmt":"2026-01-28T10:35:39","guid":{"rendered":"https:\/\/alimak.com\/temporaere-loesungen\/teile-service-voruebergehend\/beratung-zur-vertikalen-erschliessung-in-der-fruehphase-temporaer\/"},"modified":"2026-03-18T12:54:59","modified_gmt":"2026-03-18T12:54:59","slug":"beratung-zur-vertikalen-erschliessung-in-der-fruehphase-temporaer","status":"publish","type":"page","link":"https:\/\/alimak.com\/de\/temporaere-loesungen\/teile-service-voruebergehend\/beratung-zur-vertikalen-erschliessung-in-der-fruehphase-temporaer\/","title":{"rendered":"Beratung zur vertikalen Erschlie\u00dfung in der Fr\u00fchphase (tempor\u00e4r)"},"content":{"rendered":"\n<section class=\"small-hero border-b bg-black border-darkGrey text-white pt-0 pb-0\">\n            <div class=\"relative\">\n            <div class=\"hero-overlay relative\">\n                                    <picture class=\"w-full\"><source media=\"(max-width:639px)\" srcset=\"https:\/\/images.ohmyhosting.se\/a7lY6gCxPHif_68OmExYmy8AhKc=\/390x461\/smart\/filters:quality(85)\/https%3A%2F%2Falimak.com%2Fwp-content%2Fuploads%2F2026%2F01%2FOffice-1-e1771491985332.png 1x, https:\/\/images.ohmyhosting.se\/E-1rdRQXct2Gywltr0XTbQlkP6g=\/780x922\/smart\/filters:quality(85)\/https%3A%2F%2Falimak.com%2Fwp-content%2Fuploads%2F2026%2F01%2FOffice-1-e1771491985332.png 2x\"><source media=\"(max-width:1022px)\" srcset=\"https:\/\/images.ohmyhosting.se\/nEU_kSUpG-SvYEZ_8LxIiwaP_2E=\/805x951\/smart\/filters:quality(85)\/https%3A%2F%2Falimak.com%2Fwp-content%2Fuploads%2F2026%2F01%2FOffice-1-e1771491985332.png 1x, https:\/\/images.ohmyhosting.se\/mATyIK9cB8eywoJT1e7aHymWvSE=\/1610x1902\/smart\/filters:quality(85)\/https%3A%2F%2Falimak.com%2Fwp-content%2Fuploads%2F2026%2F01%2FOffice-1-e1771491985332.png 2x\"><img decoding=\"async\" src=\"https:\/\/images.ohmyhosting.se\/Ayh8MnTCIX5Bxuk7GvRnQoDJneI=\/2545x814\/smart\/filters:quality(85)\/https%3A%2F%2Falimak.com%2Fwp-content%2Fuploads%2F2026%2F01%2FOffice-1-e1771491985332.png\" srcset=\"https:\/\/images.ohmyhosting.se\/Ayh8MnTCIX5Bxuk7GvRnQoDJneI=\/2545x814\/smart\/filters:quality(85)\/https%3A%2F%2Falimak.com%2Fwp-content%2Fuploads%2F2026%2F01%2FOffice-1-e1771491985332.png 1x, https:\/\/images.ohmyhosting.se\/zaxvkbk8b8f6RtUJexz9NcPAyFg=\/5090x1628\/smart\/filters:quality(85)\/https%3A%2F%2Falimak.com%2Fwp-content%2Fuploads%2F2026%2F01%2FOffice-1-e1771491985332.png 2x\" alt=\"\" class=\"w-full object-cover w-full max-h-[90vh]\" width=\"2545\" height=\"814\" \/><\/picture>                            <\/div>\n            <div class=\"absolute inset-0 z-10 flex flex-col justify-end\">\n                <div class=\"holder\">\n                    <div class=\"grid grid-cols-12 gap-4 pb-16\">\n                        <div class=\"col-span-12 lg:col-span-7\">\n                                                    <p class=\"md:text-20 font-medium leading-[1.25] mb-1\">Tempor\u00e4re L\u00f6sungen<\/p>\n                                                    <h1 class=\"text-28 md:text-52 leading-[1.3] lg:max-w-[625px]\"><p>Beratung zur vertikalen Erschlie\u00dfung in der Fr\u00fchphase<\/p>\n<\/h1>\n                            <div class=\"wysiwyg pt-5 leading-[1.6] hidden lg:block lg:max-w-[512px]\"><p>Wenn gro\u00dfe Bauprojekte Gestalt annehmen, wird die vertikale Logistik oft \u00fcbersehen. Viele konzentrieren sich darauf, wie Materialien, Personen und Ausr\u00fcstung zur Baustelle gelangen und sie wieder verlassen \u2013 echte Effizienz entsteht jedoch erst, wenn der vertikale Material- und Personenfluss von Anfang an integriert wird. Genau hier macht Alimak den Unterschied.  <\/p>\n<p>Mit \u00fcber 75 Jahren globaler Erfahrung bietet Alimak unabh\u00e4ngige, beratende Expertise \u2013 lange bevor Entscheidungen \u00fcber den Kauf oder die Miete von Ausr\u00fcstung getroffen werden m\u00fcssen. Unsere Spezialisten unterst\u00fctzen Entwickler und Projektteams dabei, bereits fr\u00fch in der Planungsphase die passende Strategie f\u00fcr den vertikalen Zugang zu entwickeln und so Sicherheit, Produktivit\u00e4t und Planbarkeit \u00fcber den gesamten Baulebenszyklus hinweg zu steigern. <\/p>\n<\/div>\n                        <\/div>\n                    <\/div>\n                <\/div>\n            <\/div>\n        <\/div>\n                    <div class=\"lg:hidden py-12 border-b border-darkGrey\">\n                <div class=\"holder\">\n                    <div class=\"wysiwyg leading-[1.6]\"><p>Wenn gro\u00dfe Bauprojekte Gestalt annehmen, wird die vertikale Logistik oft \u00fcbersehen. Viele konzentrieren sich darauf, wie Materialien, Personen und Ausr\u00fcstung zur Baustelle gelangen und sie wieder verlassen \u2013 echte Effizienz entsteht jedoch erst, wenn der vertikale Material- und Personenfluss von Anfang an integriert wird. Genau hier macht Alimak den Unterschied.  <\/p>\n<p>Mit \u00fcber 75 Jahren globaler Erfahrung bietet Alimak unabh\u00e4ngige, beratende Expertise \u2013 lange bevor Entscheidungen \u00fcber den Kauf oder die Miete von Ausr\u00fcstung getroffen werden m\u00fcssen. Unsere Spezialisten unterst\u00fctzen Entwickler und Projektteams dabei, bereits fr\u00fch in der Planungsphase die passende Strategie f\u00fcr den vertikalen Zugang zu entwickeln und so Sicherheit, Produktivit\u00e4t und Planbarkeit \u00fcber den gesamten Baulebenszyklus hinweg zu steigern. <\/p>\n<\/div>\n                <\/div>\n            <\/div>\n        \n    <\/section>\n<section class=\"text-img bg-white text-black border-lightGrey   pt-6 lg:pt-12 pb-6 lg:pb-12\">\n    <div class=\"holder\">\n      <div class=\"grid grid-cols-12 gap-4 items-center\">\n        <div class=\"col-span-12 lg:col-span-6 2.5xl:col-span-8 \">\n                            <div class=\"text-img-overlay relative mb-8 md:mb-0 max-w-[852px] \">\n                    <picture class=\"w-full\"><source media=\"(max-width:639px)\" srcset=\"https:\/\/images.ohmyhosting.se\/ezIsUjI6pFp-uMWUSbCtOgUeYds=\/382x237\/smart\/filters:quality(85)\/https%3A%2F%2Falimak.com%2Fwp-content%2Fuploads%2F2026%2F01%2FOffice-1-e1771491985332.png 1x, https:\/\/images.ohmyhosting.se\/IVck438GY2F-e-i_NuA75TBbEgU=\/764x474\/smart\/filters:quality(85)\/https%3A%2F%2Falimak.com%2Fwp-content%2Fuploads%2F2026%2F01%2FOffice-1-e1771491985332.png 2x\"><source media=\"(max-width:1022px)\" srcset=\"https:\/\/images.ohmyhosting.se\/tTNundT9nkEDUqwn7kbv_jjey0Y=\/773x480\/smart\/filters:quality(85)\/https%3A%2F%2Falimak.com%2Fwp-content%2Fuploads%2F2026%2F01%2FOffice-1-e1771491985332.png 1x, https:\/\/images.ohmyhosting.se\/iJe2UkiVgvxSwAJWg_3LpcGl0eA=\/1546x960\/smart\/filters:quality(85)\/https%3A%2F%2Falimak.com%2Fwp-content%2Fuploads%2F2026%2F01%2FOffice-1-e1771491985332.png 2x\"><img decoding=\"async\" src=\"https:\/\/images.ohmyhosting.se\/HNJnXZL8mgwksMDRMCyJbQAdAXU=\/852x530\/smart\/filters:quality(85)\/https%3A%2F%2Falimak.com%2Fwp-content%2Fuploads%2F2026%2F01%2FOffice-1-e1771491985332.png\" srcset=\"https:\/\/images.ohmyhosting.se\/HNJnXZL8mgwksMDRMCyJbQAdAXU=\/852x530\/smart\/filters:quality(85)\/https%3A%2F%2Falimak.com%2Fwp-content%2Fuploads%2F2026%2F01%2FOffice-1-e1771491985332.png 1x, https:\/\/images.ohmyhosting.se\/erxMw4lIrOqL7oOmLa87Gp6Ukj0=\/1704x1060\/smart\/filters:quality(85)\/https%3A%2F%2Falimak.com%2Fwp-content%2Fuploads%2F2026%2F01%2FOffice-1-e1771491985332.png 2x\" alt=\"\" class=\"w-full w-full rounded-[12px] object-cover\" width=\"852\" height=\"530\" \/><\/picture>                                        <\/div>\n            \n        <\/div>\n        <div class=\"col-span-12 lg:col-span-6 2.5xl:col-span-4 flex flex-col justify-center \">\n            <div class=\"\">\n                                    <h2 class=\"text-24 md:text-36 leading-[1.3] font-medium mb-4\">Fachkundige Beratung, die f\u00fcr sich steht<\/h2>\n                                                    <div class=\"wysiwyg leading-[1.6] text-numbersGrey\"><p>Diese Leistung ist nicht nur ein Zusatz zum Verkauf von Ausr\u00fcstung. Es handelt sich um ein eigenst\u00e4ndiges professionelles Beratungsangebot \u2013 unabh\u00e4ngig davon, ob Sie sich sp\u00e4ter f\u00fcr Alimak-Ausr\u00fcstung entscheiden oder nicht. Unser Ziel ist einfach: Sie dabei zu unterst\u00fctzen, die bestm\u00f6glichen Entscheidungen f\u00fcr die vertikale Logistik Ihres Projekts zu treffen. Wichtig ist: Unsere Beratungsunterst\u00fctzung ist bereits verf\u00fcgbar, bevor eine anwendungstechnische Auslegung erforderlich ist \u2013 so erhalten Sie unabh\u00e4ngige Empfehlungen in den fr\u00fchesten Planungsphasen.   <\/p>\n<p><strong>Wir helfen Ihnen, zentrale Bereiche und deren Auswirkungen auf die vertikale Logistik zu verstehen und zu ber\u00fccksichtigen: <\/strong><\/p>\n<ul>\n<li>Baumethoden und Logistik<\/li>\n<li>Vertikale Planung und Zug\u00e4nglichkeit<\/li>\n<li>Praktische und sicherheitsrelevante Ma\u00dfnahmen<\/li>\n<li>Alternative L\u00f6sungen und Umweltaspekte<\/li>\n<li>Terminplanung und Ablaufsequenzierung<\/li>\n<\/ul>\n<\/div>\n                                            <\/div>\n        <\/div>\n      <\/div>\n    <\/div>\n<\/section>\n\n<section class=\"text-img bg-white text-black border-lightGrey   pt-6 lg:pt-12 pb-6 lg:pb-12\">\n    <div class=\"holder\">\n      <div class=\"grid grid-cols-12 gap-4 items-center\">\n        <div class=\"col-span-12 lg:col-span-6 2.5xl:col-span-8  order-1 lg:order-2\">\n                            <div class=\"text-img-overlay relative mb-8 md:mb-0 max-w-[852px] lg:ml-auto\">\n                    <picture class=\"w-full\"><source media=\"(max-width:639px)\" srcset=\"https:\/\/images.ohmyhosting.se\/vBwFbs360hPAi3_fthl9-Q-JTdA=\/382x237\/smart\/filters:quality(85)\/https%3A%2F%2Falimak.com%2Fwp-content%2Fuploads%2F2025%2F12%2FWres-JV-Lesotho-highlands-water-project-phase-II.jpg 1x, https:\/\/images.ohmyhosting.se\/x24rjD5zuMQZNEWxReY5PwyRCfY=\/764x474\/smart\/filters:quality(85)\/https%3A%2F%2Falimak.com%2Fwp-content%2Fuploads%2F2025%2F12%2FWres-JV-Lesotho-highlands-water-project-phase-II.jpg 2x\"><source media=\"(max-width:1022px)\" srcset=\"https:\/\/images.ohmyhosting.se\/xwk7j2vUJo4Oj2Bcw9FAOLKqqEU=\/773x480\/smart\/filters:quality(85)\/https%3A%2F%2Falimak.com%2Fwp-content%2Fuploads%2F2025%2F12%2FWres-JV-Lesotho-highlands-water-project-phase-II.jpg 1x, https:\/\/images.ohmyhosting.se\/fn7kJ06ig-BKQz5v6QO1iPlQkWE=\/1546x960\/smart\/filters:quality(85)\/https%3A%2F%2Falimak.com%2Fwp-content%2Fuploads%2F2025%2F12%2FWres-JV-Lesotho-highlands-water-project-phase-II.jpg 2x\"><img decoding=\"async\" src=\"https:\/\/images.ohmyhosting.se\/E29Y_3rbXIP1RStS8EYvW4O0hqg=\/852x530\/smart\/filters:quality(85)\/https%3A%2F%2Falimak.com%2Fwp-content%2Fuploads%2F2025%2F12%2FWres-JV-Lesotho-highlands-water-project-phase-II.jpg\" srcset=\"https:\/\/images.ohmyhosting.se\/E29Y_3rbXIP1RStS8EYvW4O0hqg=\/852x530\/smart\/filters:quality(85)\/https%3A%2F%2Falimak.com%2Fwp-content%2Fuploads%2F2025%2F12%2FWres-JV-Lesotho-highlands-water-project-phase-II.jpg 1x, https:\/\/images.ohmyhosting.se\/1dhhtBT5hJ_sJpGZ2wJ1oMgzrxw=\/1704x1060\/smart\/filters:quality(85)\/https%3A%2F%2Falimak.com%2Fwp-content%2Fuploads%2F2025%2F12%2FWres-JV-Lesotho-highlands-water-project-phase-II.jpg 2x\" alt=\"\" class=\"w-full w-full rounded-[12px] object-cover\" width=\"852\" height=\"530\" \/><\/picture>                                        <\/div>\n            \n        <\/div>\n        <div class=\"col-span-12 lg:col-span-6 2.5xl:col-span-4 flex flex-col justify-center  order-2 lg:order-1\">\n            <div class=\"\">\n                                    <h2 class=\"text-24 md:text-36 leading-[1.3] font-medium mb-4\">Warum vertikale Logistik fr\u00fch in den Prozess einflie\u00dfen muss<\/h2>\n                                                    <div class=\"wysiwyg leading-[1.6] text-numbersGrey\"><p>Selbst die beste Transportstrategie bleibt hinter den Erwartungen zur\u00fcck, wenn der vertikale Material- und Personenfluss nicht von Tag eins an ber\u00fccksichtigt wird. Sp\u00e4te Entscheidungen f\u00fchren h\u00e4ufig zu Ineffizienzen, Staus, Sicherheitsrisiken und ungeplanten Kosten. Eine fr\u00fchzeitige Planung sorgt f\u00fcr reibungslosere Abl\u00e4ufe, h\u00f6here Produktivit\u00e4t auf der Baustelle, bessere Sicherheitsbedingungen, weniger Unterbrechungen und nachhaltigere L\u00f6sungen.  <\/p>\n<\/div>\n                                            <\/div>\n        <\/div>\n      <\/div>\n    <\/div>\n<\/section>\n\n<section class=\"text-img bg-white text-black border-lightGrey   pt-6 lg:pt-12 pb-6 lg:pb-12\">\n    <div class=\"holder\">\n      <div class=\"grid grid-cols-12 gap-4 items-center\">\n        <div class=\"col-span-12 lg:col-span-6 2.5xl:col-span-8 \">\n                            <div class=\"text-img-overlay relative mb-8 md:mb-0 max-w-[852px] \">\n                    <picture class=\"w-full\"><source media=\"(max-width:639px)\" srcset=\"https:\/\/images.ohmyhosting.se\/GkoILb3ljAQt_1TMNELPR6aYQgs=\/382x237\/smart\/filters:quality(85)\/https%3A%2F%2Falimak.com%2Fwp-content%2Fuploads%2F2026%2F01%2FAlimak_2021_11-21_-23-klar-e1769609400219.jpg 1x, https:\/\/images.ohmyhosting.se\/3nLrD0AHX4SwNV-urPg07ttG-WY=\/764x474\/smart\/filters:quality(85)\/https%3A%2F%2Falimak.com%2Fwp-content%2Fuploads%2F2026%2F01%2FAlimak_2021_11-21_-23-klar-e1769609400219.jpg 2x\"><source media=\"(max-width:1022px)\" srcset=\"https:\/\/images.ohmyhosting.se\/k-b15iUKwlBshiv3lTudPU5YFcw=\/773x480\/smart\/filters:quality(85)\/https%3A%2F%2Falimak.com%2Fwp-content%2Fuploads%2F2026%2F01%2FAlimak_2021_11-21_-23-klar-e1769609400219.jpg 1x, https:\/\/images.ohmyhosting.se\/G6xqo4Z4Ixjnw2SOu2pEiRYARcY=\/1546x960\/smart\/filters:quality(85)\/https%3A%2F%2Falimak.com%2Fwp-content%2Fuploads%2F2026%2F01%2FAlimak_2021_11-21_-23-klar-e1769609400219.jpg 2x\"><img decoding=\"async\" src=\"https:\/\/images.ohmyhosting.se\/h-vvgEx6C5-FvGwzdi3SvXoNM_M=\/852x530\/smart\/filters:quality(85)\/https%3A%2F%2Falimak.com%2Fwp-content%2Fuploads%2F2026%2F01%2FAlimak_2021_11-21_-23-klar-e1769609400219.jpg\" srcset=\"https:\/\/images.ohmyhosting.se\/h-vvgEx6C5-FvGwzdi3SvXoNM_M=\/852x530\/smart\/filters:quality(85)\/https%3A%2F%2Falimak.com%2Fwp-content%2Fuploads%2F2026%2F01%2FAlimak_2021_11-21_-23-klar-e1769609400219.jpg 1x, https:\/\/images.ohmyhosting.se\/t3DhO4-sxNcQzHdYj3mJlzGzaNI=\/1704x1060\/smart\/filters:quality(85)\/https%3A%2F%2Falimak.com%2Fwp-content%2Fuploads%2F2026%2F01%2FAlimak_2021_11-21_-23-klar-e1769609400219.jpg 2x\" alt=\"\" class=\"w-full w-full rounded-[12px] object-cover\" width=\"852\" height=\"530\" \/><\/picture>                                        <\/div>\n            \n        <\/div>\n        <div class=\"col-span-12 lg:col-span-6 2.5xl:col-span-4 flex flex-col justify-center \">\n            <div class=\"\">\n                                    <h2 class=\"text-24 md:text-36 leading-[1.3] font-medium mb-4\">M\u00f6chten Sie mehr erfahren?<\/h2>\n                                                    <div class=\"wysiwyg leading-[1.6] text-numbersGrey\"><p>Wenn Sie erfahren m\u00f6chten, wie unsere Beratung zur vertikalen Logistik Ihr bevorstehendes Projekt unterst\u00fctzen kann, kontaktieren Sie Ihren n\u00e4chstgelegenen Alimak Ansprechpartner. Wir sind bereit, Ihnen zu helfen, von Anfang an intelligenter, sicherer und effizienter zu bauen. <\/p>\n<\/div>\n                                                    <div class=\"mt-8\">\n                        <a class=\"btn black\" href=\"https:\/\/alimak.com\/de\/kontakt-aufnehmen\/\" target=\"\">\n                            <span>Kontakt aufnehmen<\/span>\n                            <span>\n                                                                    <svg width=\"24\" height=\"11\" viewBox=\"0 0 24 11\" fill=\"none\" xmlns=\"http:\/\/www.w3.org\/2000\/svg\">\n                                    <path class=\"stroke-white\" d=\"M0 5.50098H22\" stroke=\"white\" stroke-width=\"1.5\"\/>\n                                    <path class=\"stroke-white\" d=\"M17.5 1.00098L22 5.50098L17.5 10.001\" stroke=\"white\" stroke-width=\"1.5\"\/>\n                                    <\/svg>\n                                                            <\/span>\n                        <\/a>\n                    <\/div>\n                            <\/div>\n        <\/div>\n      <\/div>\n    <\/div>\n<\/section>\n","protected":false},"excerpt":{"rendered":"<p>Wenn gro\u00dfe Bauprojekte Gestalt annehmen, wird die vertikale Logistik oft \u00fcbersehen. Viele konzentrieren sich darauf, wie Materialien, Personen und Ausr\u00fcstung&#8230;<\/p>\n","protected":false},"author":2,"featured_media":0,"parent":14797,"menu_order":0,"comment_status":"closed","ping_status":"closed","template":"","meta":{"_acf_changed":false,"footnotes":""},"class_list":["post-14990","page","type-page","status-publish","hentry"],"acf":[],"yoast_head":"<!-- This site is optimized with the Yoast SEO plugin v27.3 - https:\/\/yoast.com\/product\/yoast-seo-wordpress\/ -->\n<title>Beratung zur vertikalen Erschlie\u00dfung in der Fr\u00fchphase (tempor\u00e4r) - Alimak<\/title>\n<meta name=\"robots\" content=\"index, follow, max-snippet:-1, max-image-preview:large, max-video-preview:-1\" \/>\n<link rel=\"canonical\" href=\"https:\/\/alimak.com\/de\/temporaere-loesungen\/teile-service-voruebergehend\/beratung-zur-vertikalen-erschliessung-in-der-fruehphase-temporaer\/\" \/>\n<meta property=\"og:locale\" content=\"de_DE\" \/>\n<meta property=\"og:type\" content=\"article\" \/>\n<meta property=\"og:title\" content=\"Beratung zur vertikalen Erschlie\u00dfung in der Fr\u00fchphase (tempor\u00e4r) - Alimak\" \/>\n<meta property=\"og:description\" content=\"Wenn gro\u00dfe Bauprojekte Gestalt annehmen, wird die vertikale Logistik oft \u00fcbersehen. Viele konzentrieren sich darauf, wie Materialien, Personen und Ausr\u00fcstung...\" \/>\n<meta property=\"og:url\" content=\"https:\/\/alimak.com\/de\/temporaere-loesungen\/teile-service-voruebergehend\/beratung-zur-vertikalen-erschliessung-in-der-fruehphase-temporaer\/\" \/>\n<meta property=\"og:site_name\" content=\"Alimak\" \/>\n<meta property=\"article:modified_time\" content=\"2026-03-18T12:54:59+00:00\" \/>\n<meta name=\"twitter:card\" content=\"summary_large_image\" \/>\n<script type=\"application\/ld+json\" class=\"yoast-schema-graph\">{\"@context\":\"https:\\\/\\\/schema.org\",\"@graph\":[{\"@type\":\"WebPage\",\"@id\":\"https:\\\/\\\/alimak.com\\\/de\\\/temporaere-loesungen\\\/teile-service-voruebergehend\\\/beratung-zur-vertikalen-erschliessung-in-der-fruehphase-temporaer\\\/\",\"url\":\"https:\\\/\\\/alimak.com\\\/de\\\/temporaere-loesungen\\\/teile-service-voruebergehend\\\/beratung-zur-vertikalen-erschliessung-in-der-fruehphase-temporaer\\\/\",\"name\":\"Beratung zur vertikalen Erschlie\u00dfung in der Fr\u00fchphase (tempor\u00e4r) - Alimak\",\"isPartOf\":{\"@id\":\"https:\\\/\\\/alimak.com\\\/#website\"},\"datePublished\":\"2026-01-28T10:35:39+00:00\",\"dateModified\":\"2026-03-18T12:54:59+00:00\",\"breadcrumb\":{\"@id\":\"https:\\\/\\\/alimak.com\\\/de\\\/temporaere-loesungen\\\/teile-service-voruebergehend\\\/beratung-zur-vertikalen-erschliessung-in-der-fruehphase-temporaer\\\/#breadcrumb\"},\"inLanguage\":\"de-DE\",\"potentialAction\":[{\"@type\":\"ReadAction\",\"target\":[\"https:\\\/\\\/alimak.com\\\/de\\\/temporaere-loesungen\\\/teile-service-voruebergehend\\\/beratung-zur-vertikalen-erschliessung-in-der-fruehphase-temporaer\\\/\"]}]},{\"@type\":\"BreadcrumbList\",\"@id\":\"https:\\\/\\\/alimak.com\\\/de\\\/temporaere-loesungen\\\/teile-service-voruebergehend\\\/beratung-zur-vertikalen-erschliessung-in-der-fruehphase-temporaer\\\/#breadcrumb\",\"itemListElement\":[{\"@type\":\"ListItem\",\"position\":1,\"name\":\"Home\",\"item\":\"https:\\\/\\\/alimak.com\\\/de\\\/\"},{\"@type\":\"ListItem\",\"position\":2,\"name\":\"Tempor\u00e4re L\u00f6sungen\",\"item\":\"https:\\\/\\\/alimak.com\\\/de\\\/temporaere-loesungen\\\/\"},{\"@type\":\"ListItem\",\"position\":3,\"name\":\"Teile &amp; Service (vor\u00fcbergehend)\",\"item\":\"https:\\\/\\\/alimak.com\\\/de\\\/temporaere-loesungen\\\/teile-service-voruebergehend\\\/\"},{\"@type\":\"ListItem\",\"position\":4,\"name\":\"Beratung zur vertikalen Erschlie\u00dfung in der Fr\u00fchphase (tempor\u00e4r)\"}]},{\"@type\":\"WebSite\",\"@id\":\"https:\\\/\\\/alimak.com\\\/#website\",\"url\":\"https:\\\/\\\/alimak.com\\\/\",\"name\":\"Alimak\",\"description\":\"\",\"potentialAction\":[{\"@type\":\"SearchAction\",\"target\":{\"@type\":\"EntryPoint\",\"urlTemplate\":\"https:\\\/\\\/alimak.com\\\/?s={search_term_string}\"},\"query-input\":{\"@type\":\"PropertyValueSpecification\",\"valueRequired\":true,\"valueName\":\"search_term_string\"}}],\"inLanguage\":\"de-DE\"}]}<\/script>\n<!-- \/ Yoast SEO plugin. -->","yoast_head_json":{"title":"Beratung zur vertikalen Erschlie\u00dfung in der Fr\u00fchphase (tempor\u00e4r) - Alimak","robots":{"index":"index","follow":"follow","max-snippet":"max-snippet:-1","max-image-preview":"max-image-preview:large","max-video-preview":"max-video-preview:-1"},"canonical":"https:\/\/alimak.com\/de\/temporaere-loesungen\/teile-service-voruebergehend\/beratung-zur-vertikalen-erschliessung-in-der-fruehphase-temporaer\/","og_locale":"de_DE","og_type":"article","og_title":"Beratung zur vertikalen Erschlie\u00dfung in der Fr\u00fchphase (tempor\u00e4r) - Alimak","og_description":"Wenn gro\u00dfe Bauprojekte Gestalt annehmen, wird die vertikale Logistik oft \u00fcbersehen. Viele konzentrieren sich darauf, wie Materialien, Personen und Ausr\u00fcstung...","og_url":"https:\/\/alimak.com\/de\/temporaere-loesungen\/teile-service-voruebergehend\/beratung-zur-vertikalen-erschliessung-in-der-fruehphase-temporaer\/","og_site_name":"Alimak","article_modified_time":"2026-03-18T12:54:59+00:00","twitter_card":"summary_large_image","schema":{"@context":"https:\/\/schema.org","@graph":[{"@type":"WebPage","@id":"https:\/\/alimak.com\/de\/temporaere-loesungen\/teile-service-voruebergehend\/beratung-zur-vertikalen-erschliessung-in-der-fruehphase-temporaer\/","url":"https:\/\/alimak.com\/de\/temporaere-loesungen\/teile-service-voruebergehend\/beratung-zur-vertikalen-erschliessung-in-der-fruehphase-temporaer\/","name":"Beratung zur vertikalen Erschlie\u00dfung in der Fr\u00fchphase (tempor\u00e4r) - Alimak","isPartOf":{"@id":"https:\/\/alimak.com\/#website"},"datePublished":"2026-01-28T10:35:39+00:00","dateModified":"2026-03-18T12:54:59+00:00","breadcrumb":{"@id":"https:\/\/alimak.com\/de\/temporaere-loesungen\/teile-service-voruebergehend\/beratung-zur-vertikalen-erschliessung-in-der-fruehphase-temporaer\/#breadcrumb"},"inLanguage":"de-DE","potentialAction":[{"@type":"ReadAction","target":["https:\/\/alimak.com\/de\/temporaere-loesungen\/teile-service-voruebergehend\/beratung-zur-vertikalen-erschliessung-in-der-fruehphase-temporaer\/"]}]},{"@type":"BreadcrumbList","@id":"https:\/\/alimak.com\/de\/temporaere-loesungen\/teile-service-voruebergehend\/beratung-zur-vertikalen-erschliessung-in-der-fruehphase-temporaer\/#breadcrumb","itemListElement":[{"@type":"ListItem","position":1,"name":"Home","item":"https:\/\/alimak.com\/de\/"},{"@type":"ListItem","position":2,"name":"Tempor\u00e4re L\u00f6sungen","item":"https:\/\/alimak.com\/de\/temporaere-loesungen\/"},{"@type":"ListItem","position":3,"name":"Teile &amp; Service (vor\u00fcbergehend)","item":"https:\/\/alimak.com\/de\/temporaere-loesungen\/teile-service-voruebergehend\/"},{"@type":"ListItem","position":4,"name":"Beratung zur vertikalen Erschlie\u00dfung in der Fr\u00fchphase (tempor\u00e4r)"}]},{"@type":"WebSite","@id":"https:\/\/alimak.com\/#website","url":"https:\/\/alimak.com\/","name":"Alimak","description":"","potentialAction":[{"@type":"SearchAction","target":{"@type":"EntryPoint","urlTemplate":"https:\/\/alimak.com\/?s={search_term_string}"},"query-input":{"@type":"PropertyValueSpecification","valueRequired":true,"valueName":"search_term_string"}}],"inLanguage":"de-DE"}]}},"_links":{"self":[{"href":"https:\/\/alimak.com\/de\/wp-json\/wp\/v2\/pages\/14990","targetHints":{"allow":["GET"]}}],"collection":[{"href":"https:\/\/alimak.com\/de\/wp-json\/wp\/v2\/pages"}],"about":[{"href":"https:\/\/alimak.com\/de\/wp-json\/wp\/v2\/types\/page"}],"author":[{"embeddable":true,"href":"https:\/\/alimak.com\/de\/wp-json\/wp\/v2\/users\/2"}],"replies":[{"embeddable":true,"href":"https:\/\/alimak.com\/de\/wp-json\/wp\/v2\/comments?post=14990"}],"version-history":[{"count":1,"href":"https:\/\/alimak.com\/de\/wp-json\/wp\/v2\/pages\/14990\/revisions"}],"predecessor-version":[{"id":14993,"href":"https:\/\/alimak.com\/de\/wp-json\/wp\/v2\/pages\/14990\/revisions\/14993"}],"up":[{"embeddable":true,"href":"https:\/\/alimak.com\/de\/wp-json\/wp\/v2\/pages\/14797"}],"wp:attachment":[{"href":"https:\/\/alimak.com\/de\/wp-json\/wp\/v2\/media?parent=14990"}],"curies":[{"name":"wp","href":"https:\/\/api.w.org\/{rel}","templated":true}]}}