{"id":1503,"date":"2020-12-04T12:45:40","date_gmt":"2020-12-04T12:45:40","guid":{"rendered":"https:\/\/alimak.wpengine.com\/?page_id=1503"},"modified":"2021-12-24T04:00:53","modified_gmt":"2021-12-24T04:00:53","slug":"products-overview","status":"publish","type":"page","link":"https:\/\/alimak.com\/de\/products-overview\/","title":{"rendered":"Produkt\u00fcbersicht"},"content":{"rendered":"\n<article class=\"m11 break-out\" id=\"block_5fca2c74fbbae\" data-animate-container>\n\n  <nav id=\"breadcrumbs\"><div class=\"container\" data-animate><span><span><a href=\"https:\/\/alimak.com\/de\/\">Startseite<\/a><\/span><\/span><\/div><\/nav>\n  <div class=\"m11__wrapper\">\n    <div class=\"container m11__container\">\n\n      <div class=\"m11__content\">\n\n                  <h1 class=\"m11__heading uppercase\" data-animate>Produkte<\/h1>\n        \n                  <div class=\"m11__text\" data-animate>\n            <p>Alimaks Angebot an branchenf\u00fchrenden H\u00f6henzugangsl\u00f6sungen wurde zur Steigerung der Effizienz auf Baustellen und in der Industrie entwickelt. Das Angebot an H\u00f6henzugangsprodukten basiert auf den bahnbrechenden Zahnstangen- und Traktionstechnologien von Alimak und bietet einem breiten Branchenspektrum einen praktikablen und zuverl\u00e4ssigen Zugang zu den Einsatzorten. Auf diese Weise wird sowohl der kontinuierliche Arbeitsablauf als auch eine Steigerung der Produktivit\u00e4t gew\u00e4hrleistet.<\/p>\n<p>Alimaks Produktpalette f\u00fcr den Bau- und Industriebereich beinhaltet Bauaufz\u00fcge, Industrieaufz\u00fcge, Transportb\u00fchnen, Materialaufz\u00fcge und Mastkletterb\u00fchnen. Diese k\u00f6nnen sowohl neu als auch gebraucht erworben werden. In einigen Regionen werden auch Mietoptionen und eine Reihe von damit verbundenen Dienstleistungen angeboten.<\/p>\n          <\/div>\n        \n                  <a\n          href=\"https:\/\/alimak.com\/de\/contact-us\/\"\n          class=\"m11__button button\"\n          data-animate\n          target=\"_self\">\n            ANGEBOT ANFORDERN          <\/a>\n        \n      <\/div>\n\n              <div class=\"m11__media\">\n          <img src=https:\/\/alimak.com\/de\/wp-content\/uploads\/sites\/17\/2020\/11\/Homepage_1@1x.svg srcset=\"https:\/\/alimak.com\/de\/wp-content\/uploads\/sites\/17\/2020\/11\/Homepage_1@1x.svg 1x, https:\/\/alimak.com\/de\/wp-content\/uploads\/sites\/17\/2020\/11\/Homepage_1@1x.svg 2x\" class=\"m11__image initial\" alt=\"\" width=\"1440\" height=\"640\">        <\/div>\n      \n    <\/div>\n  <\/div>\n<\/article>\n\n\n\n\n<article class=\"m19 break-out\" id=\"block_5fca2cd6fbbaf\" data-animate-container>\n  <div class=\"container m19__container\">\n\n          <div class=\"m19__items\">\n        \n            <article class=\"m19__item\" data-animate data-delay=\"0\">\n              <a href=\"https:\/\/alimak.com\/de\/new-equipment\/\" class=\"m19__link\">\n\n                                  <div class=\"m19__media\">\n                    <img src=https:\/\/alimak.com\/de\/wp-content\/uploads\/sites\/17\/2020\/11\/New-equipment-hero-image-408x228.jpg srcset=\"https:\/\/alimak.com\/de\/wp-content\/uploads\/sites\/17\/2020\/11\/New-equipment-hero-image-408x228.jpg 1x, https:\/\/alimak.com\/de\/wp-content\/uploads\/sites\/17\/2020\/11\/New-equipment-hero-image-666x456.jpg 2x\" class=\"m19__image\" alt=\"\" width=\"408\" height=\"228\">                  <\/div>\n                \n                <div class=\"m19__content\">\n                                      <h3 class=\"m19__title uppercase h4\">Neue Anlagen<\/h3>\n                                                        <p>Alimak verf\u00fcgt \u00fcber ein umfassendes Angebot an neuen Anlagen f\u00fcr den Einsatz in Bau- und Industrieanwendungen wie Neubauprojekten, Abbrucharbeiten, Inspektionen, Wartungs- und Fassadenarbeiten. Die Palette der neuen Produkte ist sowohl mit einer 12-monatigen Garantie als auch einer erweiterten Garantie erh\u00e4ltlich, die zu einem attraktiven Preis angeboten wird. Alimak bietet auch Finanzierungsl\u00f6sungen an.<\/p>\n                  \n                  <span class=\"read-more\" aria-hidden=\"true\">\n                    <span>Mehr erfahren<\/span>\n                    <svg class=\"svg-icon svg-icon--icon-arrow-right\" aria-hidden=\"true\" role=\"img\"> <use href=\"#icon-arrow-right\" xlink:href=\"#icon-arrow-right\"><\/use> <\/svg>                  <\/span>\n                <\/div>\n\n              <\/a>\n            <\/article>\n\n          \n        \n            <article class=\"m19__item\" data-animate data-delay=\"150\">\n              <a href=\"https:\/\/alimak.com\/de\/used-equipment\/\" class=\"m19__link\">\n\n                                  <div class=\"m19__media\">\n                    <img src=https:\/\/alimak.com\/de\/wp-content\/uploads\/sites\/17\/2020\/11\/Used-Equipment-Hero-image-408x228.jpg srcset=\"https:\/\/alimak.com\/de\/wp-content\/uploads\/sites\/17\/2020\/11\/Used-Equipment-Hero-image-408x228.jpg 1x, https:\/\/alimak.com\/de\/wp-content\/uploads\/sites\/17\/2020\/11\/Used-Equipment-Hero-image-666x456.jpg 2x\" class=\"m19__image\" alt=\"\" width=\"408\" height=\"228\">                  <\/div>\n                \n                <div class=\"m19__content\">\n                                      <h3 class=\"m19__title uppercase h4\">Gebrauchte Anlagen<\/h3>\n                                                        <p>Zu den gebrauchten Anlagen von Alimak geh\u00f6ren Produktmodelle aller Altersklassen, Tragf\u00e4higkeiten und Spezifikationen. Alle Anlagen werden regelm\u00e4\u00dfig gewartet und instandgehalten, was eine optimale Leistung und eine l\u00e4ngere Lebensdauer gew\u00e4hrleistet.<\/p>\n                  \n                  <span class=\"read-more\" aria-hidden=\"true\">\n                    <span>Mehr erfahren<\/span>\n                    <svg class=\"svg-icon svg-icon--icon-arrow-right\" aria-hidden=\"true\" role=\"img\"> <use href=\"#icon-arrow-right\" xlink:href=\"#icon-arrow-right\"><\/use> <\/svg>                  <\/span>\n                <\/div>\n\n              <\/a>\n            <\/article>\n\n          \n        \n            <article class=\"m19__item\" data-animate data-delay=\"300\">\n              <a href=\"https:\/\/alimak.com\/de\/alimak-rental-germany\/\" class=\"m19__link\">\n\n                                  <div class=\"m19__media\">\n                    <img src=https:\/\/alimak.com\/de\/wp-content\/uploads\/sites\/17\/2020\/11\/Rental-Overview-Hero-image-408x228.jpg srcset=\"https:\/\/alimak.com\/de\/wp-content\/uploads\/sites\/17\/2020\/11\/Rental-Overview-Hero-image-408x228.jpg 1x, https:\/\/alimak.com\/de\/wp-content\/uploads\/sites\/17\/2020\/11\/Rental-Overview-Hero-image-666x456.jpg 2x\" class=\"m19__image\" alt=\"\" width=\"408\" height=\"228\">                  <\/div>\n                \n                <div class=\"m19__content\">\n                                      <h3 class=\"m19__title uppercase h4\">Mietanlagen<\/h3>\n                                                        <p>F\u00fcr Alimak-Produkte stehen Mietoptionen in Frankreich, Deutschland, der Schweiz, den Benelux-L\u00e4ndern und Australien zur Verf\u00fcgung. Profitieren Sie von einem umfassende Mietangebot aus Projektmanagement-, Schulungs- und \u00dcberwachungsdienstleistungen. <\/p>\n                  \n                  <span class=\"read-more\" aria-hidden=\"true\">\n                    <span>Mehr erfahren<\/span>\n                    <svg class=\"svg-icon svg-icon--icon-arrow-right\" aria-hidden=\"true\" role=\"img\"> <use href=\"#icon-arrow-right\" xlink:href=\"#icon-arrow-right\"><\/use> <\/svg>                  <\/span>\n                <\/div>\n\n              <\/a>\n            <\/article>\n\n          \n        \n            <article class=\"m19__item\" data-animate data-delay=\"450\">\n              <a href=\"https:\/\/alimak.com\/de\/accessories-overview\/\" class=\"m19__link\">\n\n                                  <div class=\"m19__media\">\n                    <img src=https:\/\/alimak.com\/de\/wp-content\/uploads\/sites\/17\/2020\/11\/Accessories-overview-hero-image-408x228.jpg srcset=\"https:\/\/alimak.com\/de\/wp-content\/uploads\/sites\/17\/2020\/11\/Accessories-overview-hero-image-408x228.jpg 1x, https:\/\/alimak.com\/de\/wp-content\/uploads\/sites\/17\/2020\/11\/Accessories-overview-hero-image-666x456.jpg 2x\" class=\"m19__image\" alt=\"\" width=\"408\" height=\"228\">                  <\/div>\n                \n                <div class=\"m19__content\">\n                                      <h3 class=\"m19__title uppercase h4\">Zubeh\u00f6r<\/h3>\n                                                        <p>Zu den kompatiblen Zubeh\u00f6rteilen geh\u00f6ren zahlreiche Masten, Verankerungen und Haltestellenausstattung, die entsprechend den H\u00f6henzugangsanforderungen eines Projekts konfiguriert werden k\u00f6nnen.<\/p>\n                  \n                  <span class=\"read-more\" aria-hidden=\"true\">\n                    <span>Mehr erfahren<\/span>\n                    <svg class=\"svg-icon svg-icon--icon-arrow-right\" aria-hidden=\"true\" role=\"img\"> <use href=\"#icon-arrow-right\" xlink:href=\"#icon-arrow-right\"><\/use> <\/svg>                  <\/span>\n                <\/div>\n\n              <\/a>\n            <\/article>\n\n          \n              <\/div>\n    \n  <\/div>\n<\/article>\n\n\n<div class=\"wp-block-group has-white-color has-dark-grey-background-color has-text-color has-background\"><div class=\"wp-block-group__inner-container is-layout-flow wp-block-group-is-layout-flow\">\n<article class=\"m05 break-out desktop-only\" id=\"block_5fa1681588c8f\" data-animate-container>\n  <div class=\"container m05__container\">\n          <h2 class=\"m05__heading h3 uppercase\" data-animate>Warum Sie sich f\u00fcr eine H\u00f6henzugangsl\u00f6sung von Alimak entscheiden sollten<\/h2>\n    \n          <div class=\"m05__benefits\">\n                  <article class=\"m05__benefit\" data-animate data-delay=\"0\">\n\n                          <p class=\"m05__text h4 uppercase\">ZUKUNFTSWEISENDE ZAHNSTANGEN-TECHNOLOGIE<\/p>\n            \n                          <div class=\"m05__icon\" aria-hidden=\"true\">\n                <img src=https:\/\/alimak.com\/de\/wp-content\/uploads\/sites\/17\/2020\/11\/icon_Benefits-1.png  class=\"\" alt=\"\" width=\"51\" height=\"61\">              <\/div>\n            \n          <\/article>\n                  <article class=\"m05__benefit\" data-animate data-delay=\"150\">\n\n                          <p class=\"m05__text h4 uppercase\">ROBUSTES DESIGN UND WIDERSTANDSF\u00c4HIGE Technik<\/p>\n            \n                          <div class=\"m05__icon\" aria-hidden=\"true\">\n                <img src=https:\/\/alimak.com\/de\/wp-content\/uploads\/sites\/17\/2020\/11\/icon_Benefits-1.png  class=\"\" alt=\"\" width=\"51\" height=\"61\">              <\/div>\n            \n          <\/article>\n                  <article class=\"m05__benefit\" data-animate data-delay=\"300\">\n\n                          <p class=\"m05__text h4 uppercase\">EFFIZIENZ STEIGERN &amp; PRODUKTIVIT\u00c4T ERH\u00d6HEN<\/p>\n            \n                          <div class=\"m05__icon\" aria-hidden=\"true\">\n                <img src=https:\/\/alimak.com\/de\/wp-content\/uploads\/sites\/17\/2020\/11\/icon_Benefits-1.png  class=\"\" alt=\"\" width=\"51\" height=\"61\">              <\/div>\n            \n          <\/article>\n                  <article class=\"m05__benefit\" data-animate data-delay=\"450\">\n\n                          <p class=\"m05__text h4 uppercase\">VERBESSERTE SICHERHEITS-MERKMALE<\/p>\n            \n                          <div class=\"m05__icon\" aria-hidden=\"true\">\n                <img src=https:\/\/alimak.com\/de\/wp-content\/uploads\/sites\/17\/2020\/11\/icon_Benefits-1.png  class=\"\" alt=\"\" width=\"51\" height=\"61\">              <\/div>\n            \n          <\/article>\n              <\/div>\n      <\/div>\n<\/article>\n<\/div><\/div>\n\n\n\n<article class=\"m13 break-out\" id=\"block_5fb7d7354bc8b\" data-animate-container>\n  <div class=\"container m13__container\">\n\n          <h2 class=\"m13__heading uppercase h3\" data-animate>Service und Support<\/h2>\n        \n          <div class=\"m13__services\">\n                  <article class=\"m13__service\" data-animate data-delay=\"0\">\n\n                          <h3 class=\"m13__title uppercase h4\">WARTUNG<\/h3>\n            \n            <p>Ein umfassendes Angebot an Wartungsleistungen wird von geschulten Alimak-Servicetechnikern zur Verf\u00fcgung gestellt und durchgef\u00fchrt, um die kontinuierliche optimale Leistung der Anlagen zu gew\u00e4hrleisten.<\/p>\n\n                          <a\n              href=\"https:\/\/alimak.com\/de\/service-support-overview\/maintenance\/\"\n              class=\"m13__button read-more\"\n              target=\"_self\">\n                <span>Mehr erfahren<\/span>\n                <svg class=\"svg-icon svg-icon--icon-arrow-right\" aria-hidden=\"true\" role=\"img\"> <use href=\"#icon-arrow-right\" xlink:href=\"#icon-arrow-right\"><\/use> <\/svg>              <\/a>\n            \n                          <div class=\"m13__icon\" aria-hidden=\"true\">\n                <img src=https:\/\/alimak.com\/de\/wp-content\/uploads\/sites\/17\/2020\/11\/icons_Service-Support-1.png  class=\"\" alt=\"\" width=\"61\" height=\"60\">              <\/div>\n            \n          <\/article>\n                  <article class=\"m13__service\" data-animate data-delay=\"150\">\n\n                          <h3 class=\"m13__title uppercase h4\">Konnektivit\u00e4t und Asset-Management<\/h3>\n            \n            <p>L\u00f6sungen f\u00fcr Konnektivit\u00e4t und Asset-Management geben Auskunft \u00fcber die Effizienz von Industrieaufz\u00fcgen und bieten Unterst\u00fctzung, um den Produktlebenszyklus zu verl\u00e4ngern.<\/p>\n\n                          <a\n              href=\"https:\/\/alimak.com\/de\/service-support-overview\/connectivity-and-asset-management\/\"\n              class=\"m13__button read-more\"\n              target=\"_self\">\n                <span>Mehr erfahren<\/span>\n                <svg class=\"svg-icon svg-icon--icon-arrow-right\" aria-hidden=\"true\" role=\"img\"> <use href=\"#icon-arrow-right\" xlink:href=\"#icon-arrow-right\"><\/use> <\/svg>              <\/a>\n            \n                          <div class=\"m13__icon\" aria-hidden=\"true\">\n                <img src=https:\/\/alimak.com\/de\/wp-content\/uploads\/sites\/17\/2020\/11\/icons_Service-Support-2.png  class=\"\" alt=\"\" width=\"37\" height=\"60\">              <\/div>\n            \n          <\/article>\n                  <article class=\"m13__service\" data-animate data-delay=\"300\">\n\n                          <h3 class=\"m13__title uppercase h4\">Anwendungstechnik<\/h3>\n            \n            <p><span class=\"TextRun Highlight SCXW22701161 BCX0\" lang=\"EN-AU\" xml:lang=\"EN-AU\" data-contrast=\"none\"><span class=\"NormalTextRun SCXW22701161 BCX0\">Die Ingenieure von Alimak entwickeln kundenorientierte L\u00f6sungen f\u00fcr anspruchsvolle Installationen. Ma\u00dfgeschneiderte L\u00f6sungen umfassen Konfigurationszeichnungen sowie Berechnungen von Festigkeit, Bodenlast und Ankerkraft.<\/span><\/span><\/p>\n\n                          <a\n              href=\"https:\/\/alimak.com\/de\/service-support-overview\/application-engineering\/\"\n              class=\"m13__button read-more\"\n              target=\"_self\">\n                <span>Mehr erfahren<\/span>\n                <svg class=\"svg-icon svg-icon--icon-arrow-right\" aria-hidden=\"true\" role=\"img\"> <use href=\"#icon-arrow-right\" xlink:href=\"#icon-arrow-right\"><\/use> <\/svg>              <\/a>\n            \n                          <div class=\"m13__icon\" aria-hidden=\"true\">\n                <img src=https:\/\/alimak.com\/de\/wp-content\/uploads\/sites\/17\/2020\/11\/icons_Service-Support-3.png  class=\"\" alt=\"\" width=\"60\" height=\"60\">              <\/div>\n            \n          <\/article>\n                  <article class=\"m13__service\" data-animate data-delay=\"450\">\n\n                          <h3 class=\"m13__title uppercase h4\">Schulung<\/h3>\n            \n            <p>F\u00fcr die Produktpalette von Alimak stehen eine Reihe von Sicherheits-, Installations- und Bedienerschulungen zur Verf\u00fcgung.<\/p>\n\n                          <a\n              href=\"https:\/\/learningstore.alimakgroup.com\/\"\n              class=\"m13__button read-more\"\n              target=\"_blank\">\n                <span>Mehr erfahren<\/span>\n                <svg class=\"svg-icon svg-icon--icon-arrow-right\" aria-hidden=\"true\" role=\"img\"> <use href=\"#icon-arrow-right\" xlink:href=\"#icon-arrow-right\"><\/use> <\/svg>              <\/a>\n            \n                          <div class=\"m13__icon\" aria-hidden=\"true\">\n                <img src=https:\/\/alimak.com\/de\/wp-content\/uploads\/sites\/17\/2020\/11\/icons_Service-Support-4.png  class=\"\" alt=\"\" width=\"56\" height=\"60\">              <\/div>\n            \n          <\/article>\n                  <article class=\"m13__service\" data-animate data-delay=\"600\">\n\n                          <h3 class=\"m13__title uppercase h4\">Finanzierungsl\u00f6sungen<\/h3>\n            \n            <p>Alimak bietet flexible Finanzierungsl\u00f6sungen an, die von Zahlungsaufschub, Exportfinanzierung bis hin zum Finanzierungsleasing reichen.<\/p>\n\n                          <a\n              href=\"https:\/\/alimak.com\/de\/service-support-overview\/financing-solutions\/\"\n              class=\"m13__button read-more\"\n              target=\"_self\">\n                <span>Mehr erfahren<\/span>\n                <svg class=\"svg-icon svg-icon--icon-arrow-right\" aria-hidden=\"true\" role=\"img\"> <use href=\"#icon-arrow-right\" xlink:href=\"#icon-arrow-right\"><\/use> <\/svg>              <\/a>\n            \n                          <div class=\"m13__icon\" aria-hidden=\"true\">\n                <img src=https:\/\/alimak.com\/de\/wp-content\/uploads\/sites\/17\/2020\/11\/icons_Service-Support-5.png  class=\"\" alt=\"\" width=\"67\" height=\"60\">              <\/div>\n            \n          <\/article>\n                  <article class=\"m13__service\" data-animate data-delay=\"750\">\n\n                          <h3 class=\"m13__title uppercase h4\">Bauwerksdatenmodellierung (BIM)<\/h3>\n            \n            <p>Building Information Modelling steht zu jedem Zeitpunkt in einem Projekt f\u00fcr Simulationen, Installationen und die Integration von Alimak-H\u00f6henzugangsprodukten zur Verf\u00fcgung.<\/p>\n\n                          <a\n              href=\"https:\/\/bimgallery.alimak.com\/bim\/\"\n              class=\"m13__button read-more\"\n              target=\"_blank\">\n                <span>Mehr erfahren<\/span>\n                <svg class=\"svg-icon svg-icon--icon-arrow-right\" aria-hidden=\"true\" role=\"img\"> <use href=\"#icon-arrow-right\" xlink:href=\"#icon-arrow-right\"><\/use> <\/svg>              <\/a>\n            \n                          <div class=\"m13__icon\" aria-hidden=\"true\">\n                <img src=https:\/\/alimak.com\/de\/wp-content\/uploads\/sites\/17\/2020\/11\/icons_Service-Support-6.png  class=\"\" alt=\"\" width=\"66\" height=\"60\">              <\/div>\n            \n          <\/article>\n              <\/div>\n    \n  <\/div>\n<\/article>\n\n\n\n<article class=\"m08 break-out\" id=\"block_5fa55a42195a8\" data-animate-container>\n  <div class=\"container m08__container\">\n\n          <div class=\"m08__block m08__block--one\">\n        <div class=\"m08__content\">\n\n                      <h2 class=\"m08__heading uppercase h3\" data-animate>KONTAKTIEREN SIE UNS F\u00dcR WEITERE INFORMATIONEN ODER EIN ANGEBOT<\/h2>\n          \n                      <div class=\"m08__text\" data-animate>\n              <p>Ben\u00f6tigen Sie Hilfe bei der Auswahl des richtigen Produkts f\u00fcr ein anstehendes Projekt? Wenden Sie sich an unsere Produktexperten, um Informationen zu den verf\u00fcgbaren vertikalen Zugangsl\u00f6sungen und ein Angebot zu erhalten, das den Anforderungen Ihres Projekts entspricht.<\/p>\n            <\/div>\n          \n                      <a\n            data-animate\n            href=\"https:\/\/alimak.com\/de\/request-a-quote\/\"\n            class=\"m08__button button button--outline button--white\"\n            target=\"_self\">\n              ANGEBOT ANFORDERN            <\/a>\n          \n        <\/div>\n      <\/div>\n    \n          <div class=\"m08__block m08__block--two\">\n        <div class=\"m08__content\">\n\n                      <h2 class=\"m08__heading uppercase h3\" data-animate>FINDEN SIE EINEN HANDELSVERTRETER VOR ORT<\/h2>\n          \n                      <div class=\"m08__text\" data-animate>\n              <p>Alimak ist auf sechs Kontinenten vertreten und nutzt ein globales Netzwerk, um vertikale Zugangsl\u00f6sungen f\u00fcr eine Vielzahl von Anwendungen auf Bau- und Industriestandorten auf der ganzen Welt bereitzustellen. Kontaktieren Sie uns, um einen Vertreter vor Ort aus dem globalen Netzwerk von Alimak zu finden.<\/p>\n            <\/div>\n          \n                      <a\n            data-animate\n            href=\"\/de\/locations\"\n            class=\"m08__button button\"\n            target=\"_self\">\n              VERZEICHNIS DURCHSUCHEN            <\/a>\n          \n        <\/div>\n      <\/div>\n        \n  <\/div>\n<\/article>\n\n\n\n<div style=\"height:100px\" aria-hidden=\"true\" class=\"wp-block-spacer\"><\/div>\n","protected":false},"excerpt":{"rendered":"","protected":false},"author":1,"featured_media":0,"parent":0,"menu_order":0,"comment_status":"closed","ping_status":"closed","template":"","meta":{"_trash_the_other_posts":false,"editor_notices":[],"footnotes":""},"class_list":["post-1503","page","type-page","status-publish","hentry"],"yoast_head":"<!-- This site is optimized with the Yoast SEO plugin v27.3 - https:\/\/yoast.com\/product\/yoast-seo-wordpress\/ -->\n<title>Produkt\u00fcbersicht - Alimak Germany<\/title>\n<meta name=\"robots\" content=\"index, follow, max-snippet:-1, max-image-preview:large, max-video-preview:-1\" \/>\n<link rel=\"canonical\" href=\"https:\/\/alimak.com\/de\/products-overview\/\" \/>\n<meta property=\"og:locale\" content=\"de_DE\" \/>\n<meta property=\"og:type\" content=\"article\" \/>\n<meta property=\"og:title\" content=\"Produkt\u00fcbersicht - Alimak Germany\" \/>\n<meta property=\"og:url\" content=\"https:\/\/alimak.com\/de\/products-overview\/\" \/>\n<meta property=\"og:site_name\" content=\"Alimak Germany\" \/>\n<meta property=\"article:modified_time\" content=\"2021-12-24T04:00:53+00:00\" \/>\n<meta name=\"twitter:card\" content=\"summary_large_image\" \/>\n<script type=\"application\/ld+json\" class=\"yoast-schema-graph\">{\"@context\":\"https:\\\/\\\/schema.org\",\"@graph\":[{\"@type\":\"WebPage\",\"@id\":\"https:\\\/\\\/alimak.com\\\/de\\\/products-overview\\\/\",\"url\":\"https:\\\/\\\/alimak.com\\\/de\\\/products-overview\\\/\",\"name\":\"Produkt\u00fcbersicht - Alimak Germany\",\"isPartOf\":{\"@id\":\"https:\\\/\\\/alimak.com\\\/de\\\/#website\"},\"datePublished\":\"2020-12-04T12:45:40+00:00\",\"dateModified\":\"2021-12-24T04:00:53+00:00\",\"breadcrumb\":{\"@id\":\"https:\\\/\\\/alimak.com\\\/de\\\/products-overview\\\/#breadcrumb\"},\"inLanguage\":\"de\",\"potentialAction\":[{\"@type\":\"ReadAction\",\"target\":[\"https:\\\/\\\/alimak.com\\\/de\\\/products-overview\\\/\"]}]},{\"@type\":\"BreadcrumbList\",\"@id\":\"https:\\\/\\\/alimak.com\\\/de\\\/products-overview\\\/#breadcrumb\",\"itemListElement\":[{\"@type\":\"ListItem\",\"position\":1,\"name\":\"Startseite\",\"item\":\"https:\\\/\\\/alimak.com\\\/de\\\/\"},{\"@type\":\"ListItem\",\"position\":2,\"name\":\"Produkt\u00fcbersicht\"}]},{\"@type\":\"WebSite\",\"@id\":\"https:\\\/\\\/alimak.com\\\/de\\\/#website\",\"url\":\"https:\\\/\\\/alimak.com\\\/de\\\/\",\"name\":\"Alimak Germany\",\"description\":\"Weltweit f\u00fchrend bei H\u00f6henzugangsl\u00f6sungen\",\"potentialAction\":[{\"@type\":\"SearchAction\",\"target\":{\"@type\":\"EntryPoint\",\"urlTemplate\":\"https:\\\/\\\/alimak.com\\\/de\\\/?s={search_term_string}\"},\"query-input\":{\"@type\":\"PropertyValueSpecification\",\"valueRequired\":true,\"valueName\":\"search_term_string\"}}],\"inLanguage\":\"de\"}]}<\/script>\n<!-- \/ Yoast SEO plugin. -->","yoast_head_json":{"title":"Produkt\u00fcbersicht - Alimak Germany","robots":{"index":"index","follow":"follow","max-snippet":"max-snippet:-1","max-image-preview":"max-image-preview:large","max-video-preview":"max-video-preview:-1"},"canonical":"https:\/\/alimak.com\/de\/products-overview\/","og_locale":"de_DE","og_type":"article","og_title":"Produkt\u00fcbersicht - Alimak Germany","og_url":"https:\/\/alimak.com\/de\/products-overview\/","og_site_name":"Alimak Germany","article_modified_time":"2021-12-24T04:00:53+00:00","twitter_card":"summary_large_image","schema":{"@context":"https:\/\/schema.org","@graph":[{"@type":"WebPage","@id":"https:\/\/alimak.com\/de\/products-overview\/","url":"https:\/\/alimak.com\/de\/products-overview\/","name":"Produkt\u00fcbersicht - Alimak Germany","isPartOf":{"@id":"https:\/\/alimak.com\/de\/#website"},"datePublished":"2020-12-04T12:45:40+00:00","dateModified":"2021-12-24T04:00:53+00:00","breadcrumb":{"@id":"https:\/\/alimak.com\/de\/products-overview\/#breadcrumb"},"inLanguage":"de","potentialAction":[{"@type":"ReadAction","target":["https:\/\/alimak.com\/de\/products-overview\/"]}]},{"@type":"BreadcrumbList","@id":"https:\/\/alimak.com\/de\/products-overview\/#breadcrumb","itemListElement":[{"@type":"ListItem","position":1,"name":"Startseite","item":"https:\/\/alimak.com\/de\/"},{"@type":"ListItem","position":2,"name":"Produkt\u00fcbersicht"}]},{"@type":"WebSite","@id":"https:\/\/alimak.com\/de\/#website","url":"https:\/\/alimak.com\/de\/","name":"Alimak Germany","description":"Weltweit f\u00fchrend bei H\u00f6henzugangsl\u00f6sungen","potentialAction":[{"@type":"SearchAction","target":{"@type":"EntryPoint","urlTemplate":"https:\/\/alimak.com\/de\/?s={search_term_string}"},"query-input":{"@type":"PropertyValueSpecification","valueRequired":true,"valueName":"search_term_string"}}],"inLanguage":"de"}]}},"_links":{"self":[{"href":"https:\/\/alimak.com\/de\/wp-json\/wp\/v2\/pages\/1503","targetHints":{"allow":["GET"]}}],"collection":[{"href":"https:\/\/alimak.com\/de\/wp-json\/wp\/v2\/pages"}],"about":[{"href":"https:\/\/alimak.com\/de\/wp-json\/wp\/v2\/types\/page"}],"author":[{"embeddable":true,"href":"https:\/\/alimak.com\/de\/wp-json\/wp\/v2\/users\/1"}],"replies":[{"embeddable":true,"href":"https:\/\/alimak.com\/de\/wp-json\/wp\/v2\/comments?post=1503"}],"version-history":[{"count":6,"href":"https:\/\/alimak.com\/de\/wp-json\/wp\/v2\/pages\/1503\/revisions"}],"predecessor-version":[{"id":4007,"href":"https:\/\/alimak.com\/de\/wp-json\/wp\/v2\/pages\/1503\/revisions\/4007"}],"wp:attachment":[{"href":"https:\/\/alimak.com\/de\/wp-json\/wp\/v2\/media?parent=1503"}],"curies":[{"name":"wp","href":"https:\/\/api.w.org\/{rel}","templated":true}]}}