{"id":15044,"date":"2025-09-11T11:31:54","date_gmt":"2025-09-11T11:31:54","guid":{"rendered":"https:\/\/alimak.com\/temporaere-loesungen\/teile-service-voruebergehend\/modernisierungsloesungen-temporaer\/"},"modified":"2026-03-18T13:15:26","modified_gmt":"2026-03-18T13:15:26","slug":"modernisierungsloesungen-temporaer","status":"publish","type":"page","link":"https:\/\/alimak.com\/de\/temporaere-loesungen\/teile-service-voruebergehend\/modernisierungsloesungen-temporaer\/","title":{"rendered":"Modernisierungsl\u00f6sungen (tempor\u00e4r)"},"content":{"rendered":"\n<section class=\"small-hero border-b bg-black border-darkGrey text-white pt-0 pb-0\">\n            <div class=\"relative\">\n            <div class=\"hero-overlay relative\">\n                                    <picture class=\"w-full\"><source media=\"(max-width:639px)\" srcset=\"https:\/\/images.ohmyhosting.se\/tNTnMGZHO-l5CgNSGv8NTWGgzQ8=\/390x461\/smart\/filters:quality(85)\/https%3A%2F%2Falimak.com%2Fwp-content%2Fuploads%2F2026%2F02%2FIMG_3040-scaled.jpg 1x, https:\/\/images.ohmyhosting.se\/s23Vy0wvRjvG_ZfLwgcS453tffw=\/780x922\/smart\/filters:quality(85)\/https%3A%2F%2Falimak.com%2Fwp-content%2Fuploads%2F2026%2F02%2FIMG_3040-scaled.jpg 2x\"><source media=\"(max-width:1022px)\" srcset=\"https:\/\/images.ohmyhosting.se\/riNqYEoCafCmq3zbp0a5Tj3TQoQ=\/805x951\/smart\/filters:quality(85)\/https%3A%2F%2Falimak.com%2Fwp-content%2Fuploads%2F2026%2F02%2FIMG_3040-scaled.jpg 1x, https:\/\/images.ohmyhosting.se\/TbQ6SK7mkB0etbDFDXaTBEKKkFk=\/1610x1902\/smart\/filters:quality(85)\/https%3A%2F%2Falimak.com%2Fwp-content%2Fuploads%2F2026%2F02%2FIMG_3040-scaled.jpg 2x\"><img decoding=\"async\" src=\"https:\/\/images.ohmyhosting.se\/zHyectG6Y5BR_mTElJhGhW03OW4=\/2545x814\/smart\/filters:quality(85)\/https%3A%2F%2Falimak.com%2Fwp-content%2Fuploads%2F2026%2F02%2FIMG_3040-scaled.jpg\" srcset=\"https:\/\/images.ohmyhosting.se\/zHyectG6Y5BR_mTElJhGhW03OW4=\/2545x814\/smart\/filters:quality(85)\/https%3A%2F%2Falimak.com%2Fwp-content%2Fuploads%2F2026%2F02%2FIMG_3040-scaled.jpg 1x, https:\/\/images.ohmyhosting.se\/ZY1428kMpqVIea1V8AOz0SkAe5k=\/5090x1628\/smart\/filters:quality(85)\/https%3A%2F%2Falimak.com%2Fwp-content%2Fuploads%2F2026%2F02%2FIMG_3040-scaled.jpg 2x\" alt=\"\" class=\"w-full object-cover w-full max-h-[90vh]\" width=\"2545\" height=\"814\" \/><\/picture>                            <\/div>\n            <div class=\"absolute inset-0 z-10 flex flex-col justify-end\">\n                <div class=\"holder\">\n                    <div class=\"grid grid-cols-12 gap-4 pb-16\">\n                        <div class=\"col-span-12 lg:col-span-7\">\n                                                    <p class=\"md:text-20 font-medium leading-[1.25] mb-1\">Tempor\u00e4re L\u00f6sungen<\/p>\n                                                    <h1 class=\"text-28 md:text-52 leading-[1.3] lg:max-w-[625px]\"><p>Modernisierungsl\u00f6sungen<\/p>\n<\/h1>\n                            <div class=\"wysiwyg pt-5 leading-[1.6] hidden lg:block lg:max-w-[512px]\"><p>Tempor\u00e4re vertikale Zugangssysteme von Alimak sind weltweit f\u00fcr ihre Zuverl\u00e4ssigkeit und lange Betriebsdauer bekannt. Im Laufe der Zeit und durch Erweiterungen bestehender Anlagen kann eine Modernisierungsl\u00f6sung erforderlich werden. Modernisierungsl\u00f6sungen bieten eine nachhaltige Option und verl\u00e4ngern die Lebensdauer der Ausr\u00fcstung, indem sie die Leistung wiederherstellen und die Steuerungssysteme an moderne Sicherheitsanforderungen anpassen. Modernisierungen k\u00f6nnen den sicheren Betrieb von vertikalen Zugangssystemen verbessern, Ausfallzeiten minimieren, die Produktivit\u00e4t optimieren und die Lebensdauer der Anlagen verl\u00e4ngern.   <\/p>\n<\/div>\n                        <\/div>\n                    <\/div>\n                <\/div>\n            <\/div>\n        <\/div>\n                    <div class=\"lg:hidden py-12 border-b border-darkGrey\">\n                <div class=\"holder\">\n                    <div class=\"wysiwyg leading-[1.6]\"><p>Tempor\u00e4re vertikale Zugangssysteme von Alimak sind weltweit f\u00fcr ihre Zuverl\u00e4ssigkeit und lange Betriebsdauer bekannt. Im Laufe der Zeit und durch Erweiterungen bestehender Anlagen kann eine Modernisierungsl\u00f6sung erforderlich werden. Modernisierungsl\u00f6sungen bieten eine nachhaltige Option und verl\u00e4ngern die Lebensdauer der Ausr\u00fcstung, indem sie die Leistung wiederherstellen und die Steuerungssysteme an moderne Sicherheitsanforderungen anpassen. Modernisierungen k\u00f6nnen den sicheren Betrieb von vertikalen Zugangssystemen verbessern, Ausfallzeiten minimieren, die Produktivit\u00e4t optimieren und die Lebensdauer der Anlagen verl\u00e4ngern.   <\/p>\n<\/div>\n                <\/div>\n            <\/div>\n        \n    <\/section>\n<section class=\"text-img bg-white text-black border-lightGrey   pt-6 lg:pt-12 pb-6 lg:pb-12\">\n    <div class=\"holder\">\n      <div class=\"grid grid-cols-12 gap-4 items-center\">\n        <div class=\"col-span-12 lg:col-span-6 2.5xl:col-span-8 \">\n                            <div class=\"text-img-overlay relative mb-8 md:mb-0 max-w-[852px] \">\n                    <picture class=\"w-full\"><source media=\"(max-width:639px)\" srcset=\"https:\/\/images.ohmyhosting.se\/QBUuvbNtoq1DqFiUWZNdPyGanek=\/382x237\/smart\/filters:quality(85)\/https%3A%2F%2Falimak.com%2Fwp-content%2Fuploads%2F2025%2F10%2FALIMAK-TPM-2-scaled-e1771422704369.jpg 1x, https:\/\/images.ohmyhosting.se\/ZZnK9VUcjIR4j9K97tj-Lw3PQGQ=\/764x474\/smart\/filters:quality(85)\/https%3A%2F%2Falimak.com%2Fwp-content%2Fuploads%2F2025%2F10%2FALIMAK-TPM-2-scaled-e1771422704369.jpg 2x\"><source media=\"(max-width:1022px)\" srcset=\"https:\/\/images.ohmyhosting.se\/j8LilqNhnt8ztPsUiE5ZatB7kt4=\/773x480\/smart\/filters:quality(85)\/https%3A%2F%2Falimak.com%2Fwp-content%2Fuploads%2F2025%2F10%2FALIMAK-TPM-2-scaled-e1771422704369.jpg 1x, https:\/\/images.ohmyhosting.se\/jbQbOjBaJBK8AxiGn1kc0JQdCXk=\/1546x960\/smart\/filters:quality(85)\/https%3A%2F%2Falimak.com%2Fwp-content%2Fuploads%2F2025%2F10%2FALIMAK-TPM-2-scaled-e1771422704369.jpg 2x\"><img decoding=\"async\" src=\"https:\/\/images.ohmyhosting.se\/Xef-D9MeMW8rt0-2oUHpIXzCGSU=\/852x530\/smart\/filters:quality(85)\/https%3A%2F%2Falimak.com%2Fwp-content%2Fuploads%2F2025%2F10%2FALIMAK-TPM-2-scaled-e1771422704369.jpg\" srcset=\"https:\/\/images.ohmyhosting.se\/Xef-D9MeMW8rt0-2oUHpIXzCGSU=\/852x530\/smart\/filters:quality(85)\/https%3A%2F%2Falimak.com%2Fwp-content%2Fuploads%2F2025%2F10%2FALIMAK-TPM-2-scaled-e1771422704369.jpg 1x, https:\/\/images.ohmyhosting.se\/s1P8ZSBifDQSJM_ZFWQGTgGON4Y=\/1704x1060\/smart\/filters:quality(85)\/https%3A%2F%2Falimak.com%2Fwp-content%2Fuploads%2F2025%2F10%2FALIMAK-TPM-2-scaled-e1771422704369.jpg 2x\" alt=\"\" class=\"w-full w-full rounded-[12px] object-cover\" width=\"852\" height=\"530\" \/><\/picture>                                        <\/div>\n            \n        <\/div>\n        <div class=\"col-span-12 lg:col-span-6 2.5xl:col-span-4 flex flex-col justify-center \">\n            <div class=\"\">\n                                    <h2 class=\"text-24 md:text-36 leading-[1.3] font-medium mb-4\">Komplettmodernisierungen<\/h2>\n                                                    <div class=\"wysiwyg leading-[1.6] text-numbersGrey\"><p>Verl\u00e4ngern Sie die Lebensdauer Ihrer Ausr\u00fcstung durch eine vollst\u00e4ndige oder teilweise \u00dcberholung der strukturellen, mechanischen und sicherheitstechnischen Systeme. Unsere Servicezentren verf\u00fcgen \u00fcber spezialisierte Techniker und Ressourcen, um den gesamten Modernisierungsprozess von der ersten Bewertung bis zur endg\u00fcltigen Installation und Rezertifizierung zu steuern. Bei hochkomplexen oder umfassenden Modernisierungen nutzt Alimak die hochmoderne Fertigungsst\u00e4tte in Skellefte\u00e5, Schweden.  <\/p>\n<\/div>\n                                            <\/div>\n        <\/div>\n      <\/div>\n    <\/div>\n<\/section>\n\n<section class=\"text-img bg-white text-black border-lightGrey   pt-6 lg:pt-12 pb-6 lg:pb-12\">\n    <div class=\"holder\">\n      <div class=\"grid grid-cols-12 gap-4 items-center\">\n        <div class=\"col-span-12 lg:col-span-6 2.5xl:col-span-8  order-1 lg:order-2\">\n                            <div class=\"text-img-overlay relative mb-8 md:mb-0 max-w-[852px] lg:ml-auto\">\n                    <picture class=\"w-full\"><source media=\"(max-width:639px)\" srcset=\"https:\/\/images.ohmyhosting.se\/y2h3HBcrI7WcCNMkHKBBJFBkPc0=\/382x237\/smart\/filters:quality(85)\/https%3A%2F%2Falimak.com%2Fwp-content%2Fuploads%2F2025%2F12%2FKappa-2.jpg 1x, https:\/\/images.ohmyhosting.se\/yHz8uGMOt24Mw7dtHGe-iQOim4Y=\/764x474\/smart\/filters:quality(85)\/https%3A%2F%2Falimak.com%2Fwp-content%2Fuploads%2F2025%2F12%2FKappa-2.jpg 2x\"><source media=\"(max-width:1022px)\" srcset=\"https:\/\/images.ohmyhosting.se\/qKHNn8X_hc2zduCF30JobDrNdHg=\/773x480\/smart\/filters:quality(85)\/https%3A%2F%2Falimak.com%2Fwp-content%2Fuploads%2F2025%2F12%2FKappa-2.jpg 1x, https:\/\/images.ohmyhosting.se\/mll1iLeffeEoniFw2Q8WkVEjIZs=\/1546x960\/smart\/filters:quality(85)\/https%3A%2F%2Falimak.com%2Fwp-content%2Fuploads%2F2025%2F12%2FKappa-2.jpg 2x\"><img decoding=\"async\" src=\"https:\/\/images.ohmyhosting.se\/cVEZTszjtt3hn2pkFAle-NwSaGM=\/852x530\/smart\/filters:quality(85)\/https%3A%2F%2Falimak.com%2Fwp-content%2Fuploads%2F2025%2F12%2FKappa-2.jpg\" srcset=\"https:\/\/images.ohmyhosting.se\/cVEZTszjtt3hn2pkFAle-NwSaGM=\/852x530\/smart\/filters:quality(85)\/https%3A%2F%2Falimak.com%2Fwp-content%2Fuploads%2F2025%2F12%2FKappa-2.jpg 1x, https:\/\/images.ohmyhosting.se\/dG34BZAYqTz_UWlnso926SN0qYg=\/1704x1060\/smart\/filters:quality(85)\/https%3A%2F%2Falimak.com%2Fwp-content%2Fuploads%2F2025%2F12%2FKappa-2.jpg 2x\" alt=\"\" class=\"w-full w-full rounded-[12px] object-cover\" width=\"852\" height=\"530\" \/><\/picture>                                        <\/div>\n            \n        <\/div>\n        <div class=\"col-span-12 lg:col-span-6 2.5xl:col-span-4 flex flex-col justify-center  order-2 lg:order-1\">\n            <div class=\"\">\n                                    <h2 class=\"text-24 md:text-36 leading-[1.3] font-medium mb-4\">Produkt-Upgrades<\/h2>\n                                                    <div class=\"wysiwyg leading-[1.6] text-numbersGrey\"><p>Ein Programm, das sich auf einzelne oder eine begrenzte Anzahl von Schl\u00fcsselkomponenten konzentriert, um die Leistung oder Funktionalit\u00e4t der Ausr\u00fcstung zu verbessern. Upgrades sind in der Regel erforderlich, wenn ma\u00dfgeschneiderte oder veraltete Komponenten nicht mehr verf\u00fcgbar sind oder eine Reparatur unwirtschaftlich wird. Alimak ist Experte f\u00fcr L\u00f6sungen zur Aufr\u00fcstung von Elektro-, Steuerungs- und Mechaniksystemen.  <\/p>\n<\/div>\n                                            <\/div>\n        <\/div>\n      <\/div>\n    <\/div>\n<\/section>\n\n<section class=\"text-img bg-white text-black border-lightGrey   pt-6 lg:pt-12 pb-6 lg:pb-12\">\n    <div class=\"holder\">\n      <div class=\"grid grid-cols-12 gap-4 items-center\">\n        <div class=\"col-span-12 lg:col-span-6 2.5xl:col-span-8 \">\n                            <div class=\"text-img-overlay relative mb-8 md:mb-0 max-w-[852px] \">\n                    <picture class=\"w-full\"><source media=\"(max-width:639px)\" srcset=\"https:\/\/images.ohmyhosting.se\/sqUwNbH-KjcsaBM0NCpdEPtc-O0=\/382x237\/smart\/filters:quality(85)\/https%3A%2F%2Falimak.com%2Fwp-content%2Fuploads%2F2026%2F02%2FIMAGE_352.jpg 1x, https:\/\/images.ohmyhosting.se\/0_0KOTLm1UCSOS7cSvkXm63HkgE=\/764x474\/smart\/filters:quality(85)\/https%3A%2F%2Falimak.com%2Fwp-content%2Fuploads%2F2026%2F02%2FIMAGE_352.jpg 2x\"><source media=\"(max-width:1022px)\" srcset=\"https:\/\/images.ohmyhosting.se\/HyZzzoaIbRKu2RoUtWBQL3eKZNY=\/773x480\/smart\/filters:quality(85)\/https%3A%2F%2Falimak.com%2Fwp-content%2Fuploads%2F2026%2F02%2FIMAGE_352.jpg 1x, https:\/\/images.ohmyhosting.se\/sviiaQOSx82pZWFpJv8vOdM40WE=\/1546x960\/smart\/filters:quality(85)\/https%3A%2F%2Falimak.com%2Fwp-content%2Fuploads%2F2026%2F02%2FIMAGE_352.jpg 2x\"><img decoding=\"async\" src=\"https:\/\/images.ohmyhosting.se\/1xXrNKKIVR_hYjB4h00uhH88jxs=\/852x530\/smart\/filters:quality(85)\/https%3A%2F%2Falimak.com%2Fwp-content%2Fuploads%2F2026%2F02%2FIMAGE_352.jpg\" srcset=\"https:\/\/images.ohmyhosting.se\/1xXrNKKIVR_hYjB4h00uhH88jxs=\/852x530\/smart\/filters:quality(85)\/https%3A%2F%2Falimak.com%2Fwp-content%2Fuploads%2F2026%2F02%2FIMAGE_352.jpg 1x, https:\/\/images.ohmyhosting.se\/_gMF6uc8QEQC4CS4TTNZ1EnCN84=\/1704x1060\/smart\/filters:quality(85)\/https%3A%2F%2Falimak.com%2Fwp-content%2Fuploads%2F2026%2F02%2FIMAGE_352.jpg 2x\" alt=\"\" class=\"w-full w-full rounded-[12px] object-cover\" width=\"852\" height=\"530\" \/><\/picture>                                        <\/div>\n            \n        <\/div>\n        <div class=\"col-span-12 lg:col-span-6 2.5xl:col-span-4 flex flex-col justify-center \">\n            <div class=\"\">\n                                    <h2 class=\"text-24 md:text-36 leading-[1.3] font-medium mb-4\">Die Modernisierungsl\u00f6sungen von Alimak umfassen:<\/h2>\n                                                    <div class=\"wysiwyg leading-[1.6] text-numbersGrey\"><ul>\n<li>Vollst\u00e4ndige Inspektion und Bewertungsbericht der Ausr\u00fcstung<\/li>\n<li>Detailliertes Angebot, um den Kunden bei einer fundierten Entscheidung \u00fcber die Kosteneffizienz der Modernisierung zu unterst\u00fctzen<\/li>\n<li>Arbeiten, die von hochqualifizierten Technikern ausgef\u00fchrt werden, voll garantiert sind und den neuesten Industriestandards entsprechen<\/li>\n<li>Alimak-Originalersatzteile f\u00fcr Qualit\u00e4t und Langlebigkeit<\/li>\n<\/ul>\n<p>Eine modernisierte L\u00f6sung reduziert Ausfallzeiten und Unannehmlichkeiten, die durch unvorhergesehene Reparaturen oder verminderte Leistung veralteter Ger\u00e4te w\u00e4hrend des normalen Lebenszyklus oder bei Ger\u00e4ten entstehen, die extremen Umwelt- oder Betriebsbedingungen ausgesetzt sind.<\/p>\n<\/div>\n                                            <\/div>\n        <\/div>\n      <\/div>\n    <\/div>\n<\/section>\n\n<section class=\"cta-banner bg-black text-white  pt-0 pb-6 lg:pb-12\">\n    <div class=\"relative\">\n                    <div class=\"cta-banner-overlay relative\">\n                <picture class=\"w-full\"><source media=\"(max-width:639px)\" srcset=\"https:\/\/images.ohmyhosting.se\/830LuN8tJnlhxBlrnP81Cn_re_Q=\/399x377\/smart\/filters:quality(85)\/https%3A%2F%2Falimak.com%2Fwp-content%2Fuploads%2F2025%2F09%2Fd2291df879d3d9219aa41f082605eabd3250e5e9.jpg 1x, https:\/\/images.ohmyhosting.se\/hU69TdXunvGuEgABsWLfplJ9_PU=\/798x754\/smart\/filters:quality(85)\/https%3A%2F%2Falimak.com%2Fwp-content%2Fuploads%2F2025%2F09%2Fd2291df879d3d9219aa41f082605eabd3250e5e9.jpg 2x\"><source media=\"(max-width:1022px)\" srcset=\"https:\/\/images.ohmyhosting.se\/sUTJ0HNsfwEJpnAiEjhFWb9u1pw=\/805x760\/smart\/filters:quality(85)\/https%3A%2F%2Falimak.com%2Fwp-content%2Fuploads%2F2025%2F09%2Fd2291df879d3d9219aa41f082605eabd3250e5e9.jpg 1x, https:\/\/images.ohmyhosting.se\/mrEIaFoAUgmLUkHNnjAqabwhsRU=\/1610x1520\/smart\/filters:quality(85)\/https%3A%2F%2Falimak.com%2Fwp-content%2Fuploads%2F2025%2F09%2Fd2291df879d3d9219aa41f082605eabd3250e5e9.jpg 2x\"><img decoding=\"async\" src=\"https:\/\/images.ohmyhosting.se\/RHe0oE3TlTETH41w2OoXpWjHYH8=\/2545x1053\/smart\/filters:quality(85)\/https%3A%2F%2Falimak.com%2Fwp-content%2Fuploads%2F2025%2F09%2Fd2291df879d3d9219aa41f082605eabd3250e5e9.jpg\" srcset=\"https:\/\/images.ohmyhosting.se\/RHe0oE3TlTETH41w2OoXpWjHYH8=\/2545x1053\/smart\/filters:quality(85)\/https%3A%2F%2Falimak.com%2Fwp-content%2Fuploads%2F2025%2F09%2Fd2291df879d3d9219aa41f082605eabd3250e5e9.jpg 1x, https:\/\/images.ohmyhosting.se\/AdhHQjA7d3yK0NqyO3xGggVMQX4=\/5090x2106\/smart\/filters:quality(85)\/https%3A%2F%2Falimak.com%2Fwp-content%2Fuploads%2F2025%2F09%2Fd2291df879d3d9219aa41f082605eabd3250e5e9.jpg 2x\" alt=\"\" class=\"w-full w-full h-full object-cover\" width=\"2545\" height=\"1053\" \/><\/picture>            <\/div>\n                <div class=\"absolute inset-0 z-[2]\">\n            <div class=\"holder\">\n                <div class=\"grid grid-cols-12 gap-4\">\n                    <div class=\"col-span-12 lg:col-span-6 lg:col-start-7 pt-16\">\n                        <h3 class=\"text-28 md:text-44 lg:max-w-[500px] leading-tight\">Kontaktieren Sie uns f\u00fcr weitere Informationen oder ein Angebot<\/h3>\n                                                    <div class=\"mt-8\">\n                                <a class=\"btn\" href=\"https:\/\/alimak.com\/de\/kontakt-aufnehmen\/\" target=\"\">\n                                    <span>Kontaktieren Sie uns<\/span>\n                                    <span>\n                                        <svg width=\"24\" height=\"11\" viewBox=\"0 0 24 11\" fill=\"none\" xmlns=\"http:\/\/www.w3.org\/2000\/svg\">\n                                        <path d=\"M0 5.5H22\" stroke=\"black\" stroke-width=\"1.5\"\/>\n                                        <path d=\"M17.5 1L22 5.5L17.5 10\" stroke=\"black\" stroke-width=\"1.5\"\/>\n                                        <\/svg>\n                                    <\/span>\n                                <\/a>\n                            <\/div>\n                                            <\/div>\n                <\/div>\n            <\/div>\n        <\/div>\n    <\/div>\n<\/section>\n","protected":false},"excerpt":{"rendered":"<p>Tempor\u00e4re vertikale Zugangssysteme von Alimak sind weltweit f\u00fcr ihre Zuverl\u00e4ssigkeit und lange Betriebsdauer bekannt. Im Laufe der Zeit und durch&#8230;<\/p>\n","protected":false},"author":1,"featured_media":0,"parent":14797,"menu_order":0,"comment_status":"closed","ping_status":"closed","template":"","meta":{"_acf_changed":false,"footnotes":""},"class_list":["post-15044","page","type-page","status-publish","hentry"],"acf":[],"yoast_head":"<!-- This site is optimized with the Yoast SEO plugin v27.3 - https:\/\/yoast.com\/product\/yoast-seo-wordpress\/ -->\n<title>Modernisierungsl\u00f6sungen (tempor\u00e4r) - Alimak<\/title>\n<meta name=\"robots\" content=\"index, follow, max-snippet:-1, max-image-preview:large, max-video-preview:-1\" \/>\n<link rel=\"canonical\" href=\"https:\/\/alimak.com\/de\/temporaere-loesungen\/teile-service-voruebergehend\/modernisierungsloesungen-temporaer\/\" \/>\n<meta property=\"og:locale\" content=\"de_DE\" \/>\n<meta property=\"og:type\" content=\"article\" \/>\n<meta property=\"og:title\" content=\"Modernisierungsl\u00f6sungen (tempor\u00e4r) - Alimak\" \/>\n<meta property=\"og:description\" content=\"Tempor\u00e4re vertikale Zugangssysteme von Alimak sind weltweit f\u00fcr ihre Zuverl\u00e4ssigkeit und lange Betriebsdauer bekannt. Im Laufe der Zeit und durch...\" \/>\n<meta property=\"og:url\" content=\"https:\/\/alimak.com\/de\/temporaere-loesungen\/teile-service-voruebergehend\/modernisierungsloesungen-temporaer\/\" \/>\n<meta property=\"og:site_name\" content=\"Alimak\" \/>\n<meta property=\"article:modified_time\" content=\"2026-03-18T13:15:26+00:00\" \/>\n<meta name=\"twitter:card\" content=\"summary_large_image\" \/>\n<script type=\"application\/ld+json\" class=\"yoast-schema-graph\">{\"@context\":\"https:\\\/\\\/schema.org\",\"@graph\":[{\"@type\":\"WebPage\",\"@id\":\"https:\\\/\\\/alimak.com\\\/de\\\/temporaere-loesungen\\\/teile-service-voruebergehend\\\/modernisierungsloesungen-temporaer\\\/\",\"url\":\"https:\\\/\\\/alimak.com\\\/de\\\/temporaere-loesungen\\\/teile-service-voruebergehend\\\/modernisierungsloesungen-temporaer\\\/\",\"name\":\"Modernisierungsl\u00f6sungen (tempor\u00e4r) - Alimak\",\"isPartOf\":{\"@id\":\"https:\\\/\\\/alimak.com\\\/#website\"},\"datePublished\":\"2025-09-11T11:31:54+00:00\",\"dateModified\":\"2026-03-18T13:15:26+00:00\",\"breadcrumb\":{\"@id\":\"https:\\\/\\\/alimak.com\\\/de\\\/temporaere-loesungen\\\/teile-service-voruebergehend\\\/modernisierungsloesungen-temporaer\\\/#breadcrumb\"},\"inLanguage\":\"de-DE\",\"potentialAction\":[{\"@type\":\"ReadAction\",\"target\":[\"https:\\\/\\\/alimak.com\\\/de\\\/temporaere-loesungen\\\/teile-service-voruebergehend\\\/modernisierungsloesungen-temporaer\\\/\"]}]},{\"@type\":\"BreadcrumbList\",\"@id\":\"https:\\\/\\\/alimak.com\\\/de\\\/temporaere-loesungen\\\/teile-service-voruebergehend\\\/modernisierungsloesungen-temporaer\\\/#breadcrumb\",\"itemListElement\":[{\"@type\":\"ListItem\",\"position\":1,\"name\":\"Home\",\"item\":\"https:\\\/\\\/alimak.com\\\/de\\\/\"},{\"@type\":\"ListItem\",\"position\":2,\"name\":\"Tempor\u00e4re L\u00f6sungen\",\"item\":\"https:\\\/\\\/alimak.com\\\/de\\\/temporaere-loesungen\\\/\"},{\"@type\":\"ListItem\",\"position\":3,\"name\":\"Teile &amp; Service (vor\u00fcbergehend)\",\"item\":\"https:\\\/\\\/alimak.com\\\/de\\\/temporaere-loesungen\\\/teile-service-voruebergehend\\\/\"},{\"@type\":\"ListItem\",\"position\":4,\"name\":\"Modernisierungsl\u00f6sungen (tempor\u00e4r)\"}]},{\"@type\":\"WebSite\",\"@id\":\"https:\\\/\\\/alimak.com\\\/#website\",\"url\":\"https:\\\/\\\/alimak.com\\\/\",\"name\":\"Alimak\",\"description\":\"\",\"potentialAction\":[{\"@type\":\"SearchAction\",\"target\":{\"@type\":\"EntryPoint\",\"urlTemplate\":\"https:\\\/\\\/alimak.com\\\/?s={search_term_string}\"},\"query-input\":{\"@type\":\"PropertyValueSpecification\",\"valueRequired\":true,\"valueName\":\"search_term_string\"}}],\"inLanguage\":\"de-DE\"}]}<\/script>\n<!-- \/ Yoast SEO plugin. -->","yoast_head_json":{"title":"Modernisierungsl\u00f6sungen (tempor\u00e4r) - Alimak","robots":{"index":"index","follow":"follow","max-snippet":"max-snippet:-1","max-image-preview":"max-image-preview:large","max-video-preview":"max-video-preview:-1"},"canonical":"https:\/\/alimak.com\/de\/temporaere-loesungen\/teile-service-voruebergehend\/modernisierungsloesungen-temporaer\/","og_locale":"de_DE","og_type":"article","og_title":"Modernisierungsl\u00f6sungen (tempor\u00e4r) - Alimak","og_description":"Tempor\u00e4re vertikale Zugangssysteme von Alimak sind weltweit f\u00fcr ihre Zuverl\u00e4ssigkeit und lange Betriebsdauer bekannt. Im Laufe der Zeit und durch...","og_url":"https:\/\/alimak.com\/de\/temporaere-loesungen\/teile-service-voruebergehend\/modernisierungsloesungen-temporaer\/","og_site_name":"Alimak","article_modified_time":"2026-03-18T13:15:26+00:00","twitter_card":"summary_large_image","schema":{"@context":"https:\/\/schema.org","@graph":[{"@type":"WebPage","@id":"https:\/\/alimak.com\/de\/temporaere-loesungen\/teile-service-voruebergehend\/modernisierungsloesungen-temporaer\/","url":"https:\/\/alimak.com\/de\/temporaere-loesungen\/teile-service-voruebergehend\/modernisierungsloesungen-temporaer\/","name":"Modernisierungsl\u00f6sungen (tempor\u00e4r) - Alimak","isPartOf":{"@id":"https:\/\/alimak.com\/#website"},"datePublished":"2025-09-11T11:31:54+00:00","dateModified":"2026-03-18T13:15:26+00:00","breadcrumb":{"@id":"https:\/\/alimak.com\/de\/temporaere-loesungen\/teile-service-voruebergehend\/modernisierungsloesungen-temporaer\/#breadcrumb"},"inLanguage":"de-DE","potentialAction":[{"@type":"ReadAction","target":["https:\/\/alimak.com\/de\/temporaere-loesungen\/teile-service-voruebergehend\/modernisierungsloesungen-temporaer\/"]}]},{"@type":"BreadcrumbList","@id":"https:\/\/alimak.com\/de\/temporaere-loesungen\/teile-service-voruebergehend\/modernisierungsloesungen-temporaer\/#breadcrumb","itemListElement":[{"@type":"ListItem","position":1,"name":"Home","item":"https:\/\/alimak.com\/de\/"},{"@type":"ListItem","position":2,"name":"Tempor\u00e4re L\u00f6sungen","item":"https:\/\/alimak.com\/de\/temporaere-loesungen\/"},{"@type":"ListItem","position":3,"name":"Teile &amp; Service (vor\u00fcbergehend)","item":"https:\/\/alimak.com\/de\/temporaere-loesungen\/teile-service-voruebergehend\/"},{"@type":"ListItem","position":4,"name":"Modernisierungsl\u00f6sungen (tempor\u00e4r)"}]},{"@type":"WebSite","@id":"https:\/\/alimak.com\/#website","url":"https:\/\/alimak.com\/","name":"Alimak","description":"","potentialAction":[{"@type":"SearchAction","target":{"@type":"EntryPoint","urlTemplate":"https:\/\/alimak.com\/?s={search_term_string}"},"query-input":{"@type":"PropertyValueSpecification","valueRequired":true,"valueName":"search_term_string"}}],"inLanguage":"de-DE"}]}},"_links":{"self":[{"href":"https:\/\/alimak.com\/de\/wp-json\/wp\/v2\/pages\/15044","targetHints":{"allow":["GET"]}}],"collection":[{"href":"https:\/\/alimak.com\/de\/wp-json\/wp\/v2\/pages"}],"about":[{"href":"https:\/\/alimak.com\/de\/wp-json\/wp\/v2\/types\/page"}],"author":[{"embeddable":true,"href":"https:\/\/alimak.com\/de\/wp-json\/wp\/v2\/users\/1"}],"replies":[{"embeddable":true,"href":"https:\/\/alimak.com\/de\/wp-json\/wp\/v2\/comments?post=15044"}],"version-history":[{"count":1,"href":"https:\/\/alimak.com\/de\/wp-json\/wp\/v2\/pages\/15044\/revisions"}],"predecessor-version":[{"id":15050,"href":"https:\/\/alimak.com\/de\/wp-json\/wp\/v2\/pages\/15044\/revisions\/15050"}],"up":[{"embeddable":true,"href":"https:\/\/alimak.com\/de\/wp-json\/wp\/v2\/pages\/14797"}],"wp:attachment":[{"href":"https:\/\/alimak.com\/de\/wp-json\/wp\/v2\/media?parent=15044"}],"curies":[{"name":"wp","href":"https:\/\/api.w.org\/{rel}","templated":true}]}}