{"id":15100,"date":"2025-09-22T11:16:42","date_gmt":"2025-09-22T11:16:42","guid":{"rendered":"https:\/\/alimak.com\/permanente-loesungen\/teile-service-permanent\/nachruestung-und-ueberholung-dauerhaft\/"},"modified":"2026-03-18T13:15:41","modified_gmt":"2026-03-18T13:15:41","slug":"nachruestung-und-ueberholung-dauerhaft","status":"publish","type":"page","link":"https:\/\/alimak.com\/de\/permanente-loesungen\/teile-service-permanent\/nachruestung-und-ueberholung-dauerhaft\/","title":{"rendered":"Nachr\u00fcstung und \u00dcberholung (dauerhaft)"},"content":{"rendered":"\n<section class=\"small-hero border-b bg-black border-darkGrey text-white pt-0 pb-0\">\n            <div class=\"relative\">\n            <div class=\"hero-overlay relative\">\n                                    <picture class=\"w-full\"><source media=\"(max-width:639px)\" srcset=\"https:\/\/images.ohmyhosting.se\/8iQ_hSMFf9EsqPTZ57m7zoVHAp4=\/390x461\/smart\/filters:quality(85)\/https%3A%2F%2Falimak.com%2Fwp-content%2Fuploads%2F2026%2F03%2Felevator-refurb-scaled.jpg 1x, https:\/\/images.ohmyhosting.se\/nvKbYDxD9K_Brh51EMhxlQiCq2g=\/780x922\/smart\/filters:quality(85)\/https%3A%2F%2Falimak.com%2Fwp-content%2Fuploads%2F2026%2F03%2Felevator-refurb-scaled.jpg 2x\"><source media=\"(max-width:1022px)\" srcset=\"https:\/\/images.ohmyhosting.se\/ItF7Vsnf-8V4oO-TdPZUfHyBS7Q=\/805x951\/smart\/filters:quality(85)\/https%3A%2F%2Falimak.com%2Fwp-content%2Fuploads%2F2026%2F03%2Felevator-refurb-scaled.jpg 1x, https:\/\/images.ohmyhosting.se\/n1kItl78bfKsn4qumAZm4HIDqgU=\/1610x1902\/smart\/filters:quality(85)\/https%3A%2F%2Falimak.com%2Fwp-content%2Fuploads%2F2026%2F03%2Felevator-refurb-scaled.jpg 2x\"><img decoding=\"async\" src=\"https:\/\/images.ohmyhosting.se\/L15d0Ogbj1CiS50vU2Xe6i2HWwY=\/2545x814\/smart\/filters:quality(85)\/https%3A%2F%2Falimak.com%2Fwp-content%2Fuploads%2F2026%2F03%2Felevator-refurb-scaled.jpg\" srcset=\"https:\/\/images.ohmyhosting.se\/L15d0Ogbj1CiS50vU2Xe6i2HWwY=\/2545x814\/smart\/filters:quality(85)\/https%3A%2F%2Falimak.com%2Fwp-content%2Fuploads%2F2026%2F03%2Felevator-refurb-scaled.jpg 1x, https:\/\/images.ohmyhosting.se\/4ffp8_0sgc8USSSUfGpC3Rb_pnQ=\/5090x1628\/smart\/filters:quality(85)\/https%3A%2F%2Falimak.com%2Fwp-content%2Fuploads%2F2026%2F03%2Felevator-refurb-scaled.jpg 2x\" alt=\"\" class=\"w-full object-cover w-full max-h-[90vh]\" width=\"2545\" height=\"814\" \/><\/picture>                            <\/div>\n            <div class=\"absolute inset-0 z-10 flex flex-col justify-end\">\n                <div class=\"holder\">\n                    <div class=\"grid grid-cols-12 gap-4 pb-16\">\n                        <div class=\"col-span-12 lg:col-span-7\">\n                                                    <p class=\"md:text-20 font-medium leading-[1.25] mb-1\">Permanente L\u00f6sungen<\/p>\n                                                    <h1 class=\"text-28 md:text-52 leading-[1.3] lg:max-w-[625px]\"><p>\u00dcberholen. Nachr\u00fcsten. Ersetzen.  <\/p>\n<\/h1>\n                            <div class=\"wysiwyg pt-5 leading-[1.6] hidden lg:block lg:max-w-[512px]\"><p>Industrieaufz\u00fcge leisten Schwerstarbeit. Nach jahrzehntelangem Einsatz unterliegen Komponenten nat\u00fcrlichem Verschlei\u00df, was sich auf Zuverl\u00e4ssigkeit, Energieeffizienz und Konformit\u00e4t auswirken kann. Alimak bietet drei flexible L\u00f6sungen an: <strong>\u00dcberholung<\/strong>, <strong>Nachr\u00fcstung<\/strong> und <strong>Austausch<\/strong>. Jede L\u00f6sung ist darauf ausgelegt, Ihren Anforderungen gerecht zu werden und St\u00f6rungen Ihres Zeitplans zu minimieren.   <\/p>\n<p>Ganz gleich, ob Sie die Lebensdauer Ihres bestehenden Aufzugs verl\u00e4ngern, auf die neueste Technologie aufr\u00fcsten oder Ihr vertikales Zugangssystem komplett erneuern m\u00f6chten \u2013 unsere Optionen bieten messbare Vorteile in Bezug auf Kosteneffizienz, reduzierte Ausfallzeiten und die Einhaltung der neuesten Sicherheitsstandards.<\/p>\n<\/div>\n                        <\/div>\n                    <\/div>\n                <\/div>\n            <\/div>\n        <\/div>\n                    <div class=\"lg:hidden py-12 border-b border-darkGrey\">\n                <div class=\"holder\">\n                    <div class=\"wysiwyg leading-[1.6]\"><p>Industrieaufz\u00fcge leisten Schwerstarbeit. Nach jahrzehntelangem Einsatz unterliegen Komponenten nat\u00fcrlichem Verschlei\u00df, was sich auf Zuverl\u00e4ssigkeit, Energieeffizienz und Konformit\u00e4t auswirken kann. Alimak bietet drei flexible L\u00f6sungen an: <strong>\u00dcberholung<\/strong>, <strong>Nachr\u00fcstung<\/strong> und <strong>Austausch<\/strong>. Jede L\u00f6sung ist darauf ausgelegt, Ihren Anforderungen gerecht zu werden und St\u00f6rungen Ihres Zeitplans zu minimieren.   <\/p>\n<p>Ganz gleich, ob Sie die Lebensdauer Ihres bestehenden Aufzugs verl\u00e4ngern, auf die neueste Technologie aufr\u00fcsten oder Ihr vertikales Zugangssystem komplett erneuern m\u00f6chten \u2013 unsere Optionen bieten messbare Vorteile in Bezug auf Kosteneffizienz, reduzierte Ausfallzeiten und die Einhaltung der neuesten Sicherheitsstandards.<\/p>\n<\/div>\n                <\/div>\n            <\/div>\n        \n    <\/section>\n<section class=\"text-img bg-white text-black border-lightGrey   pt-6 lg:pt-12 pb-6 lg:pb-12\">\n    <div class=\"holder\">\n      <div class=\"grid grid-cols-12 gap-4 items-center\">\n        <div class=\"col-span-12 lg:col-span-6 2.5xl:col-span-8 \">\n                            <div class=\"text-img-overlay relative mb-8 md:mb-0 max-w-[852px] \">\n                    <picture class=\"w-full\"><source media=\"(max-width:639px)\" srcset=\"https:\/\/images.ohmyhosting.se\/wgobNe4s4s9uSpiGIcUs6tGTBEc=\/382x237\/smart\/filters:quality(85)\/https%3A%2F%2Falimak.com%2Fwp-content%2Fuploads%2F2026%2F02%2FRefurb-scaled.jpg 1x, https:\/\/images.ohmyhosting.se\/ELlooB6-WEsq306D8Lu-_fQekvI=\/764x474\/smart\/filters:quality(85)\/https%3A%2F%2Falimak.com%2Fwp-content%2Fuploads%2F2026%2F02%2FRefurb-scaled.jpg 2x\"><source media=\"(max-width:1022px)\" srcset=\"https:\/\/images.ohmyhosting.se\/aBksfGo5WiFrtjA15wB2muDZkys=\/773x480\/smart\/filters:quality(85)\/https%3A%2F%2Falimak.com%2Fwp-content%2Fuploads%2F2026%2F02%2FRefurb-scaled.jpg 1x, https:\/\/images.ohmyhosting.se\/5Pm1o6XfRegCp4gNdfIj-gReJJI=\/1546x960\/smart\/filters:quality(85)\/https%3A%2F%2Falimak.com%2Fwp-content%2Fuploads%2F2026%2F02%2FRefurb-scaled.jpg 2x\"><img decoding=\"async\" src=\"https:\/\/images.ohmyhosting.se\/rSgTDFj1esFREXeMVC7exJ6c8eI=\/852x530\/smart\/filters:quality(85)\/https%3A%2F%2Falimak.com%2Fwp-content%2Fuploads%2F2026%2F02%2FRefurb-scaled.jpg\" srcset=\"https:\/\/images.ohmyhosting.se\/rSgTDFj1esFREXeMVC7exJ6c8eI=\/852x530\/smart\/filters:quality(85)\/https%3A%2F%2Falimak.com%2Fwp-content%2Fuploads%2F2026%2F02%2FRefurb-scaled.jpg 1x, https:\/\/images.ohmyhosting.se\/NoNQOTe8APAhRk5hbE6-75nw2dM=\/1704x1060\/smart\/filters:quality(85)\/https%3A%2F%2Falimak.com%2Fwp-content%2Fuploads%2F2026%2F02%2FRefurb-scaled.jpg 2x\" alt=\"\" class=\"w-full w-full rounded-[12px] object-cover\" width=\"852\" height=\"530\" \/><\/picture>                                        <\/div>\n            \n        <\/div>\n        <div class=\"col-span-12 lg:col-span-6 2.5xl:col-span-4 flex flex-col justify-center \">\n            <div class=\"\">\n                                    <h2 class=\"text-24 md:text-36 leading-[1.3] font-medium mb-4\">\u00dcberholung.<\/h2>\n                                                    <div class=\"wysiwyg leading-[1.6] text-numbersGrey\"><p>Unsere \u00dcberholungsl\u00f6sungen reichen von kleineren Reparaturen und Upgrades vor Ort bis hin zur Demontage Ihres bestehenden Alimak-Aufzugs und einer vollst\u00e4ndigen \u00dcberholung in einer unserer zugelassenen lokalen Werkst\u00e4tten.<\/p>\n<p><strong>Gesch\u00e4tzte Lebensdauerverl\u00e4ngerung eines \u00fcberholten Aufzugs: 4\u201310 Jahre<\/strong><\/p>\n<\/div>\n                                            <\/div>\n        <\/div>\n      <\/div>\n    <\/div>\n<\/section>\n\n<section class=\"text-img bg-white text-black border-lightGrey   pt-6 lg:pt-12 pb-6 lg:pb-12\">\n    <div class=\"holder\">\n      <div class=\"grid grid-cols-12 gap-4 items-center\">\n        <div class=\"col-span-12 lg:col-span-6 2.5xl:col-span-8  order-1 lg:order-2\">\n                            <div class=\"text-img-overlay relative mb-8 md:mb-0 max-w-[852px] lg:ml-auto\">\n                    <picture class=\"w-full\"><source media=\"(max-width:639px)\" srcset=\"https:\/\/images.ohmyhosting.se\/MUbkgWqFkuRYNLJBjGk00RMgR28=\/382x237\/smart\/filters:quality(85)\/https%3A%2F%2Falimak.com%2Fwp-content%2Fuploads%2F2026%2F02%2FQueensferry-South-Tower-SE-Bridge_March-2022-scaled-e1770722895844.jpg 1x, https:\/\/images.ohmyhosting.se\/bYwUMteSzBMnZcV2vG74M2CTjLg=\/764x474\/smart\/filters:quality(85)\/https%3A%2F%2Falimak.com%2Fwp-content%2Fuploads%2F2026%2F02%2FQueensferry-South-Tower-SE-Bridge_March-2022-scaled-e1770722895844.jpg 2x\"><source media=\"(max-width:1022px)\" srcset=\"https:\/\/images.ohmyhosting.se\/oKdwZ1dNwBRdBSMTd1OdKA53x4E=\/773x480\/smart\/filters:quality(85)\/https%3A%2F%2Falimak.com%2Fwp-content%2Fuploads%2F2026%2F02%2FQueensferry-South-Tower-SE-Bridge_March-2022-scaled-e1770722895844.jpg 1x, https:\/\/images.ohmyhosting.se\/xpZkOOI06DBfmnPbpkrD5cs0Es4=\/1546x960\/smart\/filters:quality(85)\/https%3A%2F%2Falimak.com%2Fwp-content%2Fuploads%2F2026%2F02%2FQueensferry-South-Tower-SE-Bridge_March-2022-scaled-e1770722895844.jpg 2x\"><img decoding=\"async\" src=\"https:\/\/images.ohmyhosting.se\/dcSzIw8kOkh2OTESUwE1leyUoT8=\/852x530\/smart\/filters:quality(85)\/https%3A%2F%2Falimak.com%2Fwp-content%2Fuploads%2F2026%2F02%2FQueensferry-South-Tower-SE-Bridge_March-2022-scaled-e1770722895844.jpg\" srcset=\"https:\/\/images.ohmyhosting.se\/dcSzIw8kOkh2OTESUwE1leyUoT8=\/852x530\/smart\/filters:quality(85)\/https%3A%2F%2Falimak.com%2Fwp-content%2Fuploads%2F2026%2F02%2FQueensferry-South-Tower-SE-Bridge_March-2022-scaled-e1770722895844.jpg 1x, https:\/\/images.ohmyhosting.se\/QNMp1PHLGn71QPSrMgwXy12hzjM=\/1704x1060\/smart\/filters:quality(85)\/https%3A%2F%2Falimak.com%2Fwp-content%2Fuploads%2F2026%2F02%2FQueensferry-South-Tower-SE-Bridge_March-2022-scaled-e1770722895844.jpg 2x\" alt=\"\" class=\"w-full w-full rounded-[12px] object-cover\" width=\"852\" height=\"530\" \/><\/picture>                                        <\/div>\n            \n        <\/div>\n        <div class=\"col-span-12 lg:col-span-6 2.5xl:col-span-4 flex flex-col justify-center  order-2 lg:order-1\">\n            <div class=\"\">\n                                    <h2 class=\"text-24 md:text-36 leading-[1.3] font-medium mb-4\">Nachr\u00fcstung.<\/h2>\n                                                    <div class=\"wysiwyg leading-[1.6] text-numbersGrey\"><p>Entfernen Sie Ihren bestehenden Alimak-Aufzug und ersetzen Sie ihn durch eine neue Einheit, w\u00e4hrend Sie Ihre vorhandenen Strukturelemente beibehalten. Diese L\u00f6sung bietet alle Vorteile der neuesten Sicherheitsfunktionen und Produktinnovationen. <\/p>\n<p><strong>Gesch\u00e4tzte Lebensdauerverl\u00e4ngerung eines nachger\u00fcsteten Aufzugssystems: 4\u201320 Jahre<\/strong><\/p>\n<\/div>\n                                            <\/div>\n        <\/div>\n      <\/div>\n    <\/div>\n<\/section>\n\n<section class=\"text-img bg-white text-black border-lightGrey   pt-6 lg:pt-12 pb-6 lg:pb-12\">\n    <div class=\"holder\">\n      <div class=\"grid grid-cols-12 gap-4 items-center\">\n        <div class=\"col-span-12 lg:col-span-6 2.5xl:col-span-8 \">\n                            <div class=\"text-img-overlay relative mb-8 md:mb-0 max-w-[852px] \">\n                    <picture class=\"w-full\"><source media=\"(max-width:639px)\" srcset=\"https:\/\/images.ohmyhosting.se\/q3dvc4an3pIDR3T1RyZUqQmiru0=\/382x237\/smart\/filters:quality(85)\/https%3A%2F%2Falimak.com%2Fwp-content%2Fuploads%2F2026%2F02%2FReplace_a-scaled.jpg 1x, https:\/\/images.ohmyhosting.se\/6bdBNwaKTTziPpd8h-c9LugUYtI=\/764x474\/smart\/filters:quality(85)\/https%3A%2F%2Falimak.com%2Fwp-content%2Fuploads%2F2026%2F02%2FReplace_a-scaled.jpg 2x\"><source media=\"(max-width:1022px)\" srcset=\"https:\/\/images.ohmyhosting.se\/41YRJv0cAllfuhskxCwNjxMzxqU=\/773x480\/smart\/filters:quality(85)\/https%3A%2F%2Falimak.com%2Fwp-content%2Fuploads%2F2026%2F02%2FReplace_a-scaled.jpg 1x, https:\/\/images.ohmyhosting.se\/6fErIl9O560mn5RlN3LyxNjt1Xw=\/1546x960\/smart\/filters:quality(85)\/https%3A%2F%2Falimak.com%2Fwp-content%2Fuploads%2F2026%2F02%2FReplace_a-scaled.jpg 2x\"><img decoding=\"async\" src=\"https:\/\/images.ohmyhosting.se\/wfTQWwOWQRwsqBB90U2p0QHm4T8=\/852x530\/smart\/filters:quality(85)\/https%3A%2F%2Falimak.com%2Fwp-content%2Fuploads%2F2026%2F02%2FReplace_a-scaled.jpg\" srcset=\"https:\/\/images.ohmyhosting.se\/wfTQWwOWQRwsqBB90U2p0QHm4T8=\/852x530\/smart\/filters:quality(85)\/https%3A%2F%2Falimak.com%2Fwp-content%2Fuploads%2F2026%2F02%2FReplace_a-scaled.jpg 1x, https:\/\/images.ohmyhosting.se\/QTCI7uEYCgs79FWEDryopSXLgCQ=\/1704x1060\/smart\/filters:quality(85)\/https%3A%2F%2Falimak.com%2Fwp-content%2Fuploads%2F2026%2F02%2FReplace_a-scaled.jpg 2x\" alt=\"\" class=\"w-full w-full rounded-[12px] object-cover\" width=\"852\" height=\"530\" \/><\/picture>                                        <\/div>\n            \n        <\/div>\n        <div class=\"col-span-12 lg:col-span-6 2.5xl:col-span-4 flex flex-col justify-center \">\n            <div class=\"\">\n                                    <h2 class=\"text-24 md:text-36 leading-[1.3] font-medium mb-4\">Austausch.<\/h2>\n                                                    <div class=\"wysiwyg leading-[1.6] text-numbersGrey\"><p>Diese Option umfasst den vollst\u00e4ndigen Abbau und die Entfernung Ihres bestehenden Alimak-Aufzugs und aller H\u00f6henkomponenten und den Ersatz durch ein komplett neues Alimak-Aufzugssystem.<\/p>\n<p><strong>Gesch\u00e4tzte Lebensdauer eines neuen Aufzugs mit neuen H\u00f6henkomponenten: 20+ Jahre<\/strong><\/p>\n<\/div>\n                                            <\/div>\n        <\/div>\n      <\/div>\n    <\/div>\n<\/section>\n\n<section class=\"cta-banner bg-black text-white  pt-0 pb-6 lg:pb-12\">\n    <div class=\"relative\">\n                    <div class=\"cta-banner-overlay relative\">\n                <picture class=\"w-full\"><source media=\"(max-width:639px)\" srcset=\"https:\/\/images.ohmyhosting.se\/WktqUiNRg1ZhevXtlEJW64a-tD4=\/399x377\/smart\/filters:quality(85)\/https%3A%2F%2Falimak.com%2Fwp-content%2Fuploads%2F2025%2F09%2Fd0a64875c3850e6181fa105f72a620985d5364a6.jpg 1x, https:\/\/images.ohmyhosting.se\/uHFfZRUPh8JOF6Zz_y6rSTfDpak=\/798x754\/smart\/filters:quality(85)\/https%3A%2F%2Falimak.com%2Fwp-content%2Fuploads%2F2025%2F09%2Fd0a64875c3850e6181fa105f72a620985d5364a6.jpg 2x\"><source media=\"(max-width:1022px)\" srcset=\"https:\/\/images.ohmyhosting.se\/_7lhKdPe2AiFfxT-8EBHRxRmEX8=\/805x760\/smart\/filters:quality(85)\/https%3A%2F%2Falimak.com%2Fwp-content%2Fuploads%2F2025%2F09%2Fd0a64875c3850e6181fa105f72a620985d5364a6.jpg 1x, https:\/\/images.ohmyhosting.se\/k3XpmDwMeHPL_Yzc_ybXgBj6up8=\/1610x1520\/smart\/filters:quality(85)\/https%3A%2F%2Falimak.com%2Fwp-content%2Fuploads%2F2025%2F09%2Fd0a64875c3850e6181fa105f72a620985d5364a6.jpg 2x\"><img decoding=\"async\" src=\"https:\/\/images.ohmyhosting.se\/lIW3Hg0Fn-6CZ8-JoXTC4w5tQhA=\/2545x1053\/smart\/filters:quality(85)\/https%3A%2F%2Falimak.com%2Fwp-content%2Fuploads%2F2025%2F09%2Fd0a64875c3850e6181fa105f72a620985d5364a6.jpg\" srcset=\"https:\/\/images.ohmyhosting.se\/lIW3Hg0Fn-6CZ8-JoXTC4w5tQhA=\/2545x1053\/smart\/filters:quality(85)\/https%3A%2F%2Falimak.com%2Fwp-content%2Fuploads%2F2025%2F09%2Fd0a64875c3850e6181fa105f72a620985d5364a6.jpg 1x, https:\/\/images.ohmyhosting.se\/kBPWqXpAi4O3Ic8XAeAxPcvYsts=\/5090x2106\/smart\/filters:quality(85)\/https%3A%2F%2Falimak.com%2Fwp-content%2Fuploads%2F2025%2F09%2Fd0a64875c3850e6181fa105f72a620985d5364a6.jpg 2x\" alt=\"\" class=\"w-full w-full h-full object-cover\" width=\"2545\" height=\"1053\" \/><\/picture>            <\/div>\n                <div class=\"absolute inset-0 z-[2]\">\n            <div class=\"holder\">\n                <div class=\"grid grid-cols-12 gap-4\">\n                    <div class=\"col-span-12 lg:col-span-6 lg:col-start-7 pt-16\">\n                        <h3 class=\"text-28 md:text-44 lg:max-w-[500px] leading-tight\">Kontaktieren Sie uns f\u00fcr weitere Informationen oder ein Angebot<\/h3>\n                                                    <div class=\"mt-8\">\n                                <a class=\"btn\" href=\"https:\/\/alimak.com\/de\/kontakt-aufnehmen\/\" target=\"\">\n                                    <span>Kontaktieren Sie uns<\/span>\n                                    <span>\n                                        <svg width=\"24\" height=\"11\" viewBox=\"0 0 24 11\" fill=\"none\" xmlns=\"http:\/\/www.w3.org\/2000\/svg\">\n                                        <path d=\"M0 5.5H22\" stroke=\"black\" stroke-width=\"1.5\"\/>\n                                        <path d=\"M17.5 1L22 5.5L17.5 10\" stroke=\"black\" stroke-width=\"1.5\"\/>\n                                        <\/svg>\n                                    <\/span>\n                                <\/a>\n                            <\/div>\n                                            <\/div>\n                <\/div>\n            <\/div>\n        <\/div>\n    <\/div>\n<\/section>\n","protected":false},"excerpt":{"rendered":"<p>Industrieaufz\u00fcge leisten Schwerstarbeit. Nach jahrzehntelangem Einsatz unterliegen Komponenten nat\u00fcrlichem Verschlei\u00df, was sich auf Zuverl\u00e4ssigkeit, Energieeffizienz und Konformit\u00e4t auswirken kann. Alimak&#8230;<\/p>\n","protected":false},"author":1,"featured_media":0,"parent":14123,"menu_order":0,"comment_status":"closed","ping_status":"closed","template":"","meta":{"_acf_changed":false,"footnotes":""},"class_list":["post-15100","page","type-page","status-publish","hentry"],"acf":[],"yoast_head":"<!-- This site is optimized with the Yoast SEO plugin v27.3 - https:\/\/yoast.com\/product\/yoast-seo-wordpress\/ -->\n<title>Nachr\u00fcstung und \u00dcberholung (dauerhaft) - Alimak<\/title>\n<meta name=\"robots\" content=\"index, follow, max-snippet:-1, max-image-preview:large, max-video-preview:-1\" \/>\n<link rel=\"canonical\" href=\"https:\/\/alimak.com\/de\/permanente-loesungen\/teile-service-permanent\/nachruestung-und-ueberholung-dauerhaft\/\" \/>\n<meta property=\"og:locale\" content=\"de_DE\" \/>\n<meta property=\"og:type\" content=\"article\" \/>\n<meta property=\"og:title\" content=\"Nachr\u00fcstung und \u00dcberholung (dauerhaft) - Alimak\" \/>\n<meta property=\"og:description\" content=\"Industrieaufz\u00fcge leisten Schwerstarbeit. Nach jahrzehntelangem Einsatz unterliegen Komponenten nat\u00fcrlichem Verschlei\u00df, was sich auf Zuverl\u00e4ssigkeit, Energieeffizienz und Konformit\u00e4t auswirken kann. Alimak...\" \/>\n<meta property=\"og:url\" content=\"https:\/\/alimak.com\/de\/permanente-loesungen\/teile-service-permanent\/nachruestung-und-ueberholung-dauerhaft\/\" \/>\n<meta property=\"og:site_name\" content=\"Alimak\" \/>\n<meta property=\"article:modified_time\" content=\"2026-03-18T13:15:41+00:00\" \/>\n<meta name=\"twitter:card\" content=\"summary_large_image\" \/>\n<script type=\"application\/ld+json\" class=\"yoast-schema-graph\">{\"@context\":\"https:\\\/\\\/schema.org\",\"@graph\":[{\"@type\":\"WebPage\",\"@id\":\"https:\\\/\\\/alimak.com\\\/de\\\/permanente-loesungen\\\/teile-service-permanent\\\/nachruestung-und-ueberholung-dauerhaft\\\/\",\"url\":\"https:\\\/\\\/alimak.com\\\/de\\\/permanente-loesungen\\\/teile-service-permanent\\\/nachruestung-und-ueberholung-dauerhaft\\\/\",\"name\":\"Nachr\u00fcstung und \u00dcberholung (dauerhaft) - Alimak\",\"isPartOf\":{\"@id\":\"https:\\\/\\\/alimak.com\\\/#website\"},\"datePublished\":\"2025-09-22T11:16:42+00:00\",\"dateModified\":\"2026-03-18T13:15:41+00:00\",\"breadcrumb\":{\"@id\":\"https:\\\/\\\/alimak.com\\\/de\\\/permanente-loesungen\\\/teile-service-permanent\\\/nachruestung-und-ueberholung-dauerhaft\\\/#breadcrumb\"},\"inLanguage\":\"de-DE\",\"potentialAction\":[{\"@type\":\"ReadAction\",\"target\":[\"https:\\\/\\\/alimak.com\\\/de\\\/permanente-loesungen\\\/teile-service-permanent\\\/nachruestung-und-ueberholung-dauerhaft\\\/\"]}]},{\"@type\":\"BreadcrumbList\",\"@id\":\"https:\\\/\\\/alimak.com\\\/de\\\/permanente-loesungen\\\/teile-service-permanent\\\/nachruestung-und-ueberholung-dauerhaft\\\/#breadcrumb\",\"itemListElement\":[{\"@type\":\"ListItem\",\"position\":1,\"name\":\"Home\",\"item\":\"https:\\\/\\\/alimak.com\\\/de\\\/\"},{\"@type\":\"ListItem\",\"position\":2,\"name\":\"Permanente L\u00f6sungen\",\"item\":\"https:\\\/\\\/alimak.com\\\/de\\\/permanente-loesungen\\\/\"},{\"@type\":\"ListItem\",\"position\":3,\"name\":\"Teile &amp; Service (permanent)\",\"item\":\"https:\\\/\\\/alimak.com\\\/de\\\/permanente-loesungen\\\/teile-service-permanent\\\/\"},{\"@type\":\"ListItem\",\"position\":4,\"name\":\"Nachr\u00fcstung und \u00dcberholung (dauerhaft)\"}]},{\"@type\":\"WebSite\",\"@id\":\"https:\\\/\\\/alimak.com\\\/#website\",\"url\":\"https:\\\/\\\/alimak.com\\\/\",\"name\":\"Alimak\",\"description\":\"\",\"potentialAction\":[{\"@type\":\"SearchAction\",\"target\":{\"@type\":\"EntryPoint\",\"urlTemplate\":\"https:\\\/\\\/alimak.com\\\/?s={search_term_string}\"},\"query-input\":{\"@type\":\"PropertyValueSpecification\",\"valueRequired\":true,\"valueName\":\"search_term_string\"}}],\"inLanguage\":\"de-DE\"}]}<\/script>\n<!-- \/ Yoast SEO plugin. -->","yoast_head_json":{"title":"Nachr\u00fcstung und \u00dcberholung (dauerhaft) - Alimak","robots":{"index":"index","follow":"follow","max-snippet":"max-snippet:-1","max-image-preview":"max-image-preview:large","max-video-preview":"max-video-preview:-1"},"canonical":"https:\/\/alimak.com\/de\/permanente-loesungen\/teile-service-permanent\/nachruestung-und-ueberholung-dauerhaft\/","og_locale":"de_DE","og_type":"article","og_title":"Nachr\u00fcstung und \u00dcberholung (dauerhaft) - Alimak","og_description":"Industrieaufz\u00fcge leisten Schwerstarbeit. Nach jahrzehntelangem Einsatz unterliegen Komponenten nat\u00fcrlichem Verschlei\u00df, was sich auf Zuverl\u00e4ssigkeit, Energieeffizienz und Konformit\u00e4t auswirken kann. Alimak...","og_url":"https:\/\/alimak.com\/de\/permanente-loesungen\/teile-service-permanent\/nachruestung-und-ueberholung-dauerhaft\/","og_site_name":"Alimak","article_modified_time":"2026-03-18T13:15:41+00:00","twitter_card":"summary_large_image","schema":{"@context":"https:\/\/schema.org","@graph":[{"@type":"WebPage","@id":"https:\/\/alimak.com\/de\/permanente-loesungen\/teile-service-permanent\/nachruestung-und-ueberholung-dauerhaft\/","url":"https:\/\/alimak.com\/de\/permanente-loesungen\/teile-service-permanent\/nachruestung-und-ueberholung-dauerhaft\/","name":"Nachr\u00fcstung und \u00dcberholung (dauerhaft) - Alimak","isPartOf":{"@id":"https:\/\/alimak.com\/#website"},"datePublished":"2025-09-22T11:16:42+00:00","dateModified":"2026-03-18T13:15:41+00:00","breadcrumb":{"@id":"https:\/\/alimak.com\/de\/permanente-loesungen\/teile-service-permanent\/nachruestung-und-ueberholung-dauerhaft\/#breadcrumb"},"inLanguage":"de-DE","potentialAction":[{"@type":"ReadAction","target":["https:\/\/alimak.com\/de\/permanente-loesungen\/teile-service-permanent\/nachruestung-und-ueberholung-dauerhaft\/"]}]},{"@type":"BreadcrumbList","@id":"https:\/\/alimak.com\/de\/permanente-loesungen\/teile-service-permanent\/nachruestung-und-ueberholung-dauerhaft\/#breadcrumb","itemListElement":[{"@type":"ListItem","position":1,"name":"Home","item":"https:\/\/alimak.com\/de\/"},{"@type":"ListItem","position":2,"name":"Permanente L\u00f6sungen","item":"https:\/\/alimak.com\/de\/permanente-loesungen\/"},{"@type":"ListItem","position":3,"name":"Teile &amp; Service (permanent)","item":"https:\/\/alimak.com\/de\/permanente-loesungen\/teile-service-permanent\/"},{"@type":"ListItem","position":4,"name":"Nachr\u00fcstung und \u00dcberholung (dauerhaft)"}]},{"@type":"WebSite","@id":"https:\/\/alimak.com\/#website","url":"https:\/\/alimak.com\/","name":"Alimak","description":"","potentialAction":[{"@type":"SearchAction","target":{"@type":"EntryPoint","urlTemplate":"https:\/\/alimak.com\/?s={search_term_string}"},"query-input":{"@type":"PropertyValueSpecification","valueRequired":true,"valueName":"search_term_string"}}],"inLanguage":"de-DE"}]}},"_links":{"self":[{"href":"https:\/\/alimak.com\/de\/wp-json\/wp\/v2\/pages\/15100","targetHints":{"allow":["GET"]}}],"collection":[{"href":"https:\/\/alimak.com\/de\/wp-json\/wp\/v2\/pages"}],"about":[{"href":"https:\/\/alimak.com\/de\/wp-json\/wp\/v2\/types\/page"}],"author":[{"embeddable":true,"href":"https:\/\/alimak.com\/de\/wp-json\/wp\/v2\/users\/1"}],"replies":[{"embeddable":true,"href":"https:\/\/alimak.com\/de\/wp-json\/wp\/v2\/comments?post=15100"}],"version-history":[{"count":1,"href":"https:\/\/alimak.com\/de\/wp-json\/wp\/v2\/pages\/15100\/revisions"}],"predecessor-version":[{"id":15113,"href":"https:\/\/alimak.com\/de\/wp-json\/wp\/v2\/pages\/15100\/revisions\/15113"}],"up":[{"embeddable":true,"href":"https:\/\/alimak.com\/de\/wp-json\/wp\/v2\/pages\/14123"}],"wp:attachment":[{"href":"https:\/\/alimak.com\/de\/wp-json\/wp\/v2\/media?parent=15100"}],"curies":[{"name":"wp","href":"https:\/\/api.w.org\/{rel}","templated":true}]}}