{"id":15533,"date":"2026-02-09T11:13:17","date_gmt":"2026-02-09T11:13:17","guid":{"rendered":"https:\/\/alimak.com\/permanente-loesungen\/teile-service-permanent\/schulung-dauerhaft\/"},"modified":"2026-03-18T13:17:02","modified_gmt":"2026-03-18T13:17:02","slug":"schulung-dauerhaft","status":"publish","type":"page","link":"https:\/\/alimak.com\/de\/permanente-loesungen\/teile-service-permanent\/schulung-dauerhaft\/","title":{"rendered":"Schulung (dauerhaft)"},"content":{"rendered":"\n<section class=\"small-hero border-b bg-black border-darkGrey text-white pt-0 pb-0\">\n            <div class=\"relative\">\n            <div class=\"hero-overlay relative\">\n                                    <picture class=\"w-full\"><source media=\"(max-width:639px)\" srcset=\"https:\/\/images.ohmyhosting.se\/HGb7pkRvzAssewKcOjXm5uNgBJU=\/390x461\/smart\/filters:quality(85)\/https%3A%2F%2Falimak.com%2Fwp-content%2Fuploads%2F2025%2F11%2FAlimak-training.jpg 1x, https:\/\/images.ohmyhosting.se\/gXb7--lIJ_1DEUA4T0F1KvV3z1E=\/780x922\/smart\/filters:quality(85)\/https%3A%2F%2Falimak.com%2Fwp-content%2Fuploads%2F2025%2F11%2FAlimak-training.jpg 2x\"><source media=\"(max-width:1022px)\" srcset=\"https:\/\/images.ohmyhosting.se\/3i2HjA-4Z4Jipjb7vuvwUwiY54c=\/805x951\/smart\/filters:quality(85)\/https%3A%2F%2Falimak.com%2Fwp-content%2Fuploads%2F2025%2F11%2FAlimak-training.jpg 1x, https:\/\/images.ohmyhosting.se\/KuOBB-z0RPMxO9raCTPTMM92B_4=\/1610x1902\/smart\/filters:quality(85)\/https%3A%2F%2Falimak.com%2Fwp-content%2Fuploads%2F2025%2F11%2FAlimak-training.jpg 2x\"><img decoding=\"async\" src=\"https:\/\/images.ohmyhosting.se\/5vwgKn6rPTl6l8Sbc6Iht9KM3HM=\/2545x814\/smart\/filters:quality(85)\/https%3A%2F%2Falimak.com%2Fwp-content%2Fuploads%2F2025%2F11%2FAlimak-training.jpg\" srcset=\"https:\/\/images.ohmyhosting.se\/5vwgKn6rPTl6l8Sbc6Iht9KM3HM=\/2545x814\/smart\/filters:quality(85)\/https%3A%2F%2Falimak.com%2Fwp-content%2Fuploads%2F2025%2F11%2FAlimak-training.jpg 1x, https:\/\/images.ohmyhosting.se\/EnOxeHSyzou-QOv0td40_KYLkwA=\/5090x1628\/smart\/filters:quality(85)\/https%3A%2F%2Falimak.com%2Fwp-content%2Fuploads%2F2025%2F11%2FAlimak-training.jpg 2x\" alt=\"\" class=\"w-full object-cover w-full max-h-[90vh]\" width=\"2545\" height=\"814\" \/><\/picture>                            <\/div>\n            <div class=\"absolute inset-0 z-10 flex flex-col justify-end\">\n                <div class=\"holder\">\n                    <div class=\"grid grid-cols-12 gap-4 pb-16\">\n                        <div class=\"col-span-12 lg:col-span-7\">\n                                                    <p class=\"md:text-20 font-medium leading-[1.25] mb-1\">Permanente L\u00f6sungen<\/p>\n                                                    <h1 class=\"text-28 md:text-52 leading-[1.3] lg:max-w-[625px]\"><p>Schulung<\/p>\n<\/h1>\n                            <div class=\"wysiwyg pt-5 leading-[1.6] hidden lg:block lg:max-w-[512px]\"><p>Alimak bietet ein umfangreiches Angebot an praxisorientierten Schulungskursen, die den sicheren Betrieb, die Wartung und die Installation von vertikalen Zugangsanlagen von Alimak unterst\u00fctzen. Diese Programme wurden entwickelt, um Bediener, Techniker und Montageteams mit dem erforderlichen Wissen und den praktischen F\u00e4higkeiten auszustatten, die f\u00fcr ein sicheres und effizientes Arbeiten mit unseren L\u00f6sungen notwendig sind. <\/p>\n<\/div>\n                        <\/div>\n                    <\/div>\n                <\/div>\n            <\/div>\n        <\/div>\n                    <div class=\"lg:hidden py-12 border-b border-darkGrey\">\n                <div class=\"holder\">\n                    <div class=\"wysiwyg leading-[1.6]\"><p>Alimak bietet ein umfangreiches Angebot an praxisorientierten Schulungskursen, die den sicheren Betrieb, die Wartung und die Installation von vertikalen Zugangsanlagen von Alimak unterst\u00fctzen. Diese Programme wurden entwickelt, um Bediener, Techniker und Montageteams mit dem erforderlichen Wissen und den praktischen F\u00e4higkeiten auszustatten, die f\u00fcr ein sicheres und effizientes Arbeiten mit unseren L\u00f6sungen notwendig sind. <\/p>\n<\/div>\n                <\/div>\n            <\/div>\n        \n    <\/section>\n<section class=\"text-img bg-white text-black border-lightGrey   pt-6 lg:pt-12 pb-6 lg:pb-12\">\n    <div class=\"holder\">\n      <div class=\"grid grid-cols-12 gap-4 items-center\">\n        <div class=\"col-span-12 lg:col-span-6 2.5xl:col-span-8 \">\n                            <div class=\"text-img-overlay relative mb-8 md:mb-0 max-w-[852px] \">\n                    <picture class=\"w-full\"><source media=\"(max-width:639px)\" srcset=\"https:\/\/images.ohmyhosting.se\/s7RyfTxUwcbxIoKFU0fHtwdi9RQ=\/382x237\/smart\/filters:quality(85)\/https%3A%2F%2Falimak.com%2Fwp-content%2Fuploads%2F2026%2F01%2FAlimak_Training_6801-scaled-e1769615563544.jpg 1x, https:\/\/images.ohmyhosting.se\/KcbZULiQGzicrm3crDOqTpIT1CQ=\/764x474\/smart\/filters:quality(85)\/https%3A%2F%2Falimak.com%2Fwp-content%2Fuploads%2F2026%2F01%2FAlimak_Training_6801-scaled-e1769615563544.jpg 2x\"><source media=\"(max-width:1022px)\" srcset=\"https:\/\/images.ohmyhosting.se\/4w6DrQsrTUDJmQFX13UOULU5Oms=\/773x480\/smart\/filters:quality(85)\/https%3A%2F%2Falimak.com%2Fwp-content%2Fuploads%2F2026%2F01%2FAlimak_Training_6801-scaled-e1769615563544.jpg 1x, https:\/\/images.ohmyhosting.se\/8qijX6Gktb9QoTRrXdqvn7TbTq4=\/1546x960\/smart\/filters:quality(85)\/https%3A%2F%2Falimak.com%2Fwp-content%2Fuploads%2F2026%2F01%2FAlimak_Training_6801-scaled-e1769615563544.jpg 2x\"><img decoding=\"async\" src=\"https:\/\/images.ohmyhosting.se\/IUYl216weHwF6haDylUR7oG4cIE=\/852x530\/smart\/filters:quality(85)\/https%3A%2F%2Falimak.com%2Fwp-content%2Fuploads%2F2026%2F01%2FAlimak_Training_6801-scaled-e1769615563544.jpg\" srcset=\"https:\/\/images.ohmyhosting.se\/IUYl216weHwF6haDylUR7oG4cIE=\/852x530\/smart\/filters:quality(85)\/https%3A%2F%2Falimak.com%2Fwp-content%2Fuploads%2F2026%2F01%2FAlimak_Training_6801-scaled-e1769615563544.jpg 1x, https:\/\/images.ohmyhosting.se\/esPNVZs_XkyWhu2R01fIAxJWIwo=\/1704x1060\/smart\/filters:quality(85)\/https%3A%2F%2Falimak.com%2Fwp-content%2Fuploads%2F2026%2F01%2FAlimak_Training_6801-scaled-e1769615563544.jpg 2x\" alt=\"\" class=\"w-full w-full rounded-[12px] object-cover\" width=\"852\" height=\"530\" \/><\/picture>                                        <\/div>\n            \n        <\/div>\n        <div class=\"col-span-12 lg:col-span-6 2.5xl:col-span-4 flex flex-col justify-center \">\n            <div class=\"\">\n                                    <h2 class=\"text-24 md:text-36 leading-[1.3] font-medium mb-4\">Umfassende Schulungswege mit Zertifizierung auf jeder Ebene<\/h2>\n                                                    <div class=\"wysiwyg leading-[1.6] text-numbersGrey\"><p><span data-teams=\"true\">Als f\u00fchrendes Unternehmen in der Branche f\u00fcr vertikalen Zugang ist Alimak bestrebt, Schulungen anzubieten, die Ihre Teams auf reale Bedingungen vorbereiten. Unsere Kurse wurden in Zusammenarbeit mit f\u00fchrenden Sicherheits- und Branchenorganisationen entwickelt, erf\u00fcllen oder \u00fcbertreffen die gesetzlichen Anforderungen und konzentrieren sich auf praktisches, praxisorientiertes Lernen mit tats\u00e4chlichen Alimak-Anlagen, nicht nur auf Theorie. Die Teilnehmer sammeln direkte Erfahrungen mit echten Anlagen, werden sowohl in praktischen als auch in theoretischen F\u00e4higkeiten gepr\u00fcft und erhalten auf jeder Ebene eine Zertifizierung, die sicherstellt, dass sie kompetent, selbstbewusst und bereit sind, vom ersten Tag an sicher zu arbeiten.<\/span><\/p>\n<p>Besuchen Sie die Schulungswebsite der Alimak Group, um die verf\u00fcgbaren Kurse f\u00fcr Ihr Alimak-Produkt anzuzeigen.<\/p>\n<\/div>\n                                                    <div class=\"mt-8\">\n                        <a class=\"btn black\" href=\"https:\/\/learningstore.alimakgroup.com\/?categories=7b36b9d9-c081-42d6-9265-734b5888511a&#038;orderBy=createdDateDesc&#038;page=1\" target=\"_blank\">\n                            <span>Finden Sie den richtigen Kurs<\/span>\n                            <span>\n                                                                    <svg width=\"18\" height=\"18\" viewBox=\"0 0 18 18\" fill=\"none\" xmlns=\"http:\/\/www.w3.org\/2000\/svg\">\n                                    <path class=\"stroke-white\" d=\"M13.5 9.75098V14.251C13.5 14.6488 13.342 15.0303 13.0607 15.3116C12.7794 15.5929 12.3978 15.751 12 15.751H3.75C3.35218 15.751 2.97064 15.5929 2.68934 15.3116C2.40804 15.0303 2.25 14.6488 2.25 14.251V6.00098C2.25 5.60315 2.40804 5.22162 2.68934 4.94032C2.97064 4.65901 3.35218 4.50098 3.75 4.50098H8.25\" stroke=\"white\" stroke-width=\"1.5\" stroke-linejoin=\"round\"\/>\n                                    <path class=\"stroke-white\" d=\"M11.25 2.25098H15.75V6.75098\" stroke=\"white\" stroke-width=\"1.5\" stroke-linejoin=\"round\"\/>\n                                    <path class=\"stroke-white\" d=\"M7.50073 10.501L15.7507 2.25098\" stroke=\"white\" stroke-width=\"1.5\" stroke-linejoin=\"round\"\/>\n                                    <\/svg>\n                                                            <\/span>\n                        <\/a>\n                    <\/div>\n                            <\/div>\n        <\/div>\n      <\/div>\n    <\/div>\n<\/section>\n\n<section class=\"cta-banner bg-black text-white  pt-0 pb-6 lg:pb-12\">\n    <div class=\"relative\">\n                    <div class=\"cta-banner-overlay relative\">\n                <picture class=\"w-full\"><source media=\"(max-width:639px)\" srcset=\"https:\/\/images.ohmyhosting.se\/WktqUiNRg1ZhevXtlEJW64a-tD4=\/399x377\/smart\/filters:quality(85)\/https%3A%2F%2Falimak.com%2Fwp-content%2Fuploads%2F2025%2F09%2Fd0a64875c3850e6181fa105f72a620985d5364a6.jpg 1x, https:\/\/images.ohmyhosting.se\/uHFfZRUPh8JOF6Zz_y6rSTfDpak=\/798x754\/smart\/filters:quality(85)\/https%3A%2F%2Falimak.com%2Fwp-content%2Fuploads%2F2025%2F09%2Fd0a64875c3850e6181fa105f72a620985d5364a6.jpg 2x\"><source media=\"(max-width:1022px)\" srcset=\"https:\/\/images.ohmyhosting.se\/_7lhKdPe2AiFfxT-8EBHRxRmEX8=\/805x760\/smart\/filters:quality(85)\/https%3A%2F%2Falimak.com%2Fwp-content%2Fuploads%2F2025%2F09%2Fd0a64875c3850e6181fa105f72a620985d5364a6.jpg 1x, https:\/\/images.ohmyhosting.se\/k3XpmDwMeHPL_Yzc_ybXgBj6up8=\/1610x1520\/smart\/filters:quality(85)\/https%3A%2F%2Falimak.com%2Fwp-content%2Fuploads%2F2025%2F09%2Fd0a64875c3850e6181fa105f72a620985d5364a6.jpg 2x\"><img decoding=\"async\" src=\"https:\/\/images.ohmyhosting.se\/lIW3Hg0Fn-6CZ8-JoXTC4w5tQhA=\/2545x1053\/smart\/filters:quality(85)\/https%3A%2F%2Falimak.com%2Fwp-content%2Fuploads%2F2025%2F09%2Fd0a64875c3850e6181fa105f72a620985d5364a6.jpg\" srcset=\"https:\/\/images.ohmyhosting.se\/lIW3Hg0Fn-6CZ8-JoXTC4w5tQhA=\/2545x1053\/smart\/filters:quality(85)\/https%3A%2F%2Falimak.com%2Fwp-content%2Fuploads%2F2025%2F09%2Fd0a64875c3850e6181fa105f72a620985d5364a6.jpg 1x, https:\/\/images.ohmyhosting.se\/kBPWqXpAi4O3Ic8XAeAxPcvYsts=\/5090x2106\/smart\/filters:quality(85)\/https%3A%2F%2Falimak.com%2Fwp-content%2Fuploads%2F2025%2F09%2Fd0a64875c3850e6181fa105f72a620985d5364a6.jpg 2x\" alt=\"\" class=\"w-full w-full h-full object-cover\" width=\"2545\" height=\"1053\" \/><\/picture>            <\/div>\n                <div class=\"absolute inset-0 z-[2]\">\n            <div class=\"holder\">\n                <div class=\"grid grid-cols-12 gap-4\">\n                    <div class=\"col-span-12 lg:col-span-6 lg:col-start-7 pt-16\">\n                        <h3 class=\"text-28 md:text-44 lg:max-w-[500px] leading-tight\">Kontaktieren Sie uns f\u00fcr weitere Informationen oder ein Angebot<\/h3>\n                                                    <div class=\"mt-8\">\n                                <a class=\"btn\" href=\"https:\/\/alimak.com\/de\/kontakt-aufnehmen\/\" target=\"\">\n                                    <span>Kontaktieren Sie uns<\/span>\n                                    <span>\n                                        <svg width=\"24\" height=\"11\" viewBox=\"0 0 24 11\" fill=\"none\" xmlns=\"http:\/\/www.w3.org\/2000\/svg\">\n                                        <path d=\"M0 5.5H22\" stroke=\"black\" stroke-width=\"1.5\"\/>\n                                        <path d=\"M17.5 1L22 5.5L17.5 10\" stroke=\"black\" stroke-width=\"1.5\"\/>\n                                        <\/svg>\n                                    <\/span>\n                                <\/a>\n                            <\/div>\n                                            <\/div>\n                <\/div>\n            <\/div>\n        <\/div>\n    <\/div>\n<\/section>\n","protected":false},"excerpt":{"rendered":"<p>Alimak bietet ein umfangreiches Angebot an praxisorientierten Schulungskursen, die den sicheren Betrieb, die Wartung und die Installation von vertikalen Zugangsanlagen&#8230;<\/p>\n","protected":false},"author":4,"featured_media":0,"parent":14123,"menu_order":0,"comment_status":"closed","ping_status":"closed","template":"","meta":{"_acf_changed":false,"footnotes":""},"class_list":["post-15533","page","type-page","status-publish","hentry"],"acf":[],"yoast_head":"<!-- This site is optimized with the Yoast SEO plugin v27.3 - https:\/\/yoast.com\/product\/yoast-seo-wordpress\/ -->\n<title>Schulung (dauerhaft) - Alimak<\/title>\n<meta name=\"robots\" content=\"index, follow, max-snippet:-1, max-image-preview:large, max-video-preview:-1\" \/>\n<link rel=\"canonical\" href=\"https:\/\/alimak.com\/de\/permanente-loesungen\/teile-service-permanent\/schulung-dauerhaft\/\" \/>\n<meta property=\"og:locale\" content=\"de_DE\" \/>\n<meta property=\"og:type\" content=\"article\" \/>\n<meta property=\"og:title\" content=\"Schulung (dauerhaft) - Alimak\" \/>\n<meta property=\"og:description\" content=\"Alimak bietet ein umfangreiches Angebot an praxisorientierten Schulungskursen, die den sicheren Betrieb, die Wartung und die Installation von vertikalen Zugangsanlagen...\" \/>\n<meta property=\"og:url\" content=\"https:\/\/alimak.com\/de\/permanente-loesungen\/teile-service-permanent\/schulung-dauerhaft\/\" \/>\n<meta property=\"og:site_name\" content=\"Alimak\" \/>\n<meta property=\"article:modified_time\" content=\"2026-03-18T13:17:02+00:00\" \/>\n<meta name=\"twitter:card\" content=\"summary_large_image\" \/>\n<script type=\"application\/ld+json\" class=\"yoast-schema-graph\">{\"@context\":\"https:\\\/\\\/schema.org\",\"@graph\":[{\"@type\":\"WebPage\",\"@id\":\"https:\\\/\\\/alimak.com\\\/de\\\/permanente-loesungen\\\/teile-service-permanent\\\/schulung-dauerhaft\\\/\",\"url\":\"https:\\\/\\\/alimak.com\\\/de\\\/permanente-loesungen\\\/teile-service-permanent\\\/schulung-dauerhaft\\\/\",\"name\":\"Schulung (dauerhaft) - Alimak\",\"isPartOf\":{\"@id\":\"https:\\\/\\\/alimak.com\\\/#website\"},\"datePublished\":\"2026-02-09T11:13:17+00:00\",\"dateModified\":\"2026-03-18T13:17:02+00:00\",\"breadcrumb\":{\"@id\":\"https:\\\/\\\/alimak.com\\\/de\\\/permanente-loesungen\\\/teile-service-permanent\\\/schulung-dauerhaft\\\/#breadcrumb\"},\"inLanguage\":\"de-DE\",\"potentialAction\":[{\"@type\":\"ReadAction\",\"target\":[\"https:\\\/\\\/alimak.com\\\/de\\\/permanente-loesungen\\\/teile-service-permanent\\\/schulung-dauerhaft\\\/\"]}]},{\"@type\":\"BreadcrumbList\",\"@id\":\"https:\\\/\\\/alimak.com\\\/de\\\/permanente-loesungen\\\/teile-service-permanent\\\/schulung-dauerhaft\\\/#breadcrumb\",\"itemListElement\":[{\"@type\":\"ListItem\",\"position\":1,\"name\":\"Home\",\"item\":\"https:\\\/\\\/alimak.com\\\/de\\\/\"},{\"@type\":\"ListItem\",\"position\":2,\"name\":\"Permanente L\u00f6sungen\",\"item\":\"https:\\\/\\\/alimak.com\\\/de\\\/permanente-loesungen\\\/\"},{\"@type\":\"ListItem\",\"position\":3,\"name\":\"Teile &amp; Service (permanent)\",\"item\":\"https:\\\/\\\/alimak.com\\\/de\\\/permanente-loesungen\\\/teile-service-permanent\\\/\"},{\"@type\":\"ListItem\",\"position\":4,\"name\":\"Schulung (dauerhaft)\"}]},{\"@type\":\"WebSite\",\"@id\":\"https:\\\/\\\/alimak.com\\\/#website\",\"url\":\"https:\\\/\\\/alimak.com\\\/\",\"name\":\"Alimak\",\"description\":\"\",\"potentialAction\":[{\"@type\":\"SearchAction\",\"target\":{\"@type\":\"EntryPoint\",\"urlTemplate\":\"https:\\\/\\\/alimak.com\\\/?s={search_term_string}\"},\"query-input\":{\"@type\":\"PropertyValueSpecification\",\"valueRequired\":true,\"valueName\":\"search_term_string\"}}],\"inLanguage\":\"de-DE\"}]}<\/script>\n<!-- \/ Yoast SEO plugin. -->","yoast_head_json":{"title":"Schulung (dauerhaft) - Alimak","robots":{"index":"index","follow":"follow","max-snippet":"max-snippet:-1","max-image-preview":"max-image-preview:large","max-video-preview":"max-video-preview:-1"},"canonical":"https:\/\/alimak.com\/de\/permanente-loesungen\/teile-service-permanent\/schulung-dauerhaft\/","og_locale":"de_DE","og_type":"article","og_title":"Schulung (dauerhaft) - Alimak","og_description":"Alimak bietet ein umfangreiches Angebot an praxisorientierten Schulungskursen, die den sicheren Betrieb, die Wartung und die Installation von vertikalen Zugangsanlagen...","og_url":"https:\/\/alimak.com\/de\/permanente-loesungen\/teile-service-permanent\/schulung-dauerhaft\/","og_site_name":"Alimak","article_modified_time":"2026-03-18T13:17:02+00:00","twitter_card":"summary_large_image","schema":{"@context":"https:\/\/schema.org","@graph":[{"@type":"WebPage","@id":"https:\/\/alimak.com\/de\/permanente-loesungen\/teile-service-permanent\/schulung-dauerhaft\/","url":"https:\/\/alimak.com\/de\/permanente-loesungen\/teile-service-permanent\/schulung-dauerhaft\/","name":"Schulung (dauerhaft) - Alimak","isPartOf":{"@id":"https:\/\/alimak.com\/#website"},"datePublished":"2026-02-09T11:13:17+00:00","dateModified":"2026-03-18T13:17:02+00:00","breadcrumb":{"@id":"https:\/\/alimak.com\/de\/permanente-loesungen\/teile-service-permanent\/schulung-dauerhaft\/#breadcrumb"},"inLanguage":"de-DE","potentialAction":[{"@type":"ReadAction","target":["https:\/\/alimak.com\/de\/permanente-loesungen\/teile-service-permanent\/schulung-dauerhaft\/"]}]},{"@type":"BreadcrumbList","@id":"https:\/\/alimak.com\/de\/permanente-loesungen\/teile-service-permanent\/schulung-dauerhaft\/#breadcrumb","itemListElement":[{"@type":"ListItem","position":1,"name":"Home","item":"https:\/\/alimak.com\/de\/"},{"@type":"ListItem","position":2,"name":"Permanente L\u00f6sungen","item":"https:\/\/alimak.com\/de\/permanente-loesungen\/"},{"@type":"ListItem","position":3,"name":"Teile &amp; Service (permanent)","item":"https:\/\/alimak.com\/de\/permanente-loesungen\/teile-service-permanent\/"},{"@type":"ListItem","position":4,"name":"Schulung (dauerhaft)"}]},{"@type":"WebSite","@id":"https:\/\/alimak.com\/#website","url":"https:\/\/alimak.com\/","name":"Alimak","description":"","potentialAction":[{"@type":"SearchAction","target":{"@type":"EntryPoint","urlTemplate":"https:\/\/alimak.com\/?s={search_term_string}"},"query-input":{"@type":"PropertyValueSpecification","valueRequired":true,"valueName":"search_term_string"}}],"inLanguage":"de-DE"}]}},"_links":{"self":[{"href":"https:\/\/alimak.com\/de\/wp-json\/wp\/v2\/pages\/15533","targetHints":{"allow":["GET"]}}],"collection":[{"href":"https:\/\/alimak.com\/de\/wp-json\/wp\/v2\/pages"}],"about":[{"href":"https:\/\/alimak.com\/de\/wp-json\/wp\/v2\/types\/page"}],"author":[{"embeddable":true,"href":"https:\/\/alimak.com\/de\/wp-json\/wp\/v2\/users\/4"}],"replies":[{"embeddable":true,"href":"https:\/\/alimak.com\/de\/wp-json\/wp\/v2\/comments?post=15533"}],"version-history":[{"count":1,"href":"https:\/\/alimak.com\/de\/wp-json\/wp\/v2\/pages\/15533\/revisions"}],"predecessor-version":[{"id":15535,"href":"https:\/\/alimak.com\/de\/wp-json\/wp\/v2\/pages\/15533\/revisions\/15535"}],"up":[{"embeddable":true,"href":"https:\/\/alimak.com\/de\/wp-json\/wp\/v2\/pages\/14123"}],"wp:attachment":[{"href":"https:\/\/alimak.com\/de\/wp-json\/wp\/v2\/media?parent=15533"}],"curies":[{"name":"wp","href":"https:\/\/api.w.org\/{rel}","templated":true}]}}