{"id":15553,"date":"2026-02-19T10:29:36","date_gmt":"2026-02-19T10:29:36","guid":{"rendered":"https:\/\/alimak.com\/permanente-loesungen\/teile-service-permanent\/ersatzteile-permanent\/"},"modified":"2026-03-18T13:17:13","modified_gmt":"2026-03-18T13:17:13","slug":"ersatzteile-permanent","status":"publish","type":"page","link":"https:\/\/alimak.com\/de\/permanente-loesungen\/teile-service-permanent\/ersatzteile-permanent\/","title":{"rendered":"Ersatzteile (permanent)"},"content":{"rendered":"\n<section class=\"small-hero border-b bg-black border-darkGrey text-white pt-0 pb-0\">\n            <div class=\"relative\">\n            <div class=\"hero-overlay relative\">\n                                    <picture class=\"w-full\"><source media=\"(max-width:639px)\" srcset=\"https:\/\/images.ohmyhosting.se\/jC20l7vGtQMwt0-eJ-59ByNZvIg=\/390x461\/smart\/filters:quality(85)\/https%3A%2F%2Falimak.com%2Fwp-content%2Fuploads%2F2025%2F11%2F190806-421-HDR-web.jpg 1x, https:\/\/images.ohmyhosting.se\/HVzr90gI2WCV_0ki8iYcq7VqCsg=\/780x922\/smart\/filters:quality(85)\/https%3A%2F%2Falimak.com%2Fwp-content%2Fuploads%2F2025%2F11%2F190806-421-HDR-web.jpg 2x\"><source media=\"(max-width:1022px)\" srcset=\"https:\/\/images.ohmyhosting.se\/3ktzMleT-2H65B-kxs-ppbFtLqM=\/805x951\/smart\/filters:quality(85)\/https%3A%2F%2Falimak.com%2Fwp-content%2Fuploads%2F2025%2F11%2F190806-421-HDR-web.jpg 1x, https:\/\/images.ohmyhosting.se\/de80_35pok6hrb2e5kRALI2_KMQ=\/1610x1902\/smart\/filters:quality(85)\/https%3A%2F%2Falimak.com%2Fwp-content%2Fuploads%2F2025%2F11%2F190806-421-HDR-web.jpg 2x\"><img decoding=\"async\" src=\"https:\/\/images.ohmyhosting.se\/0TBYzE6W4Cgg0Gu03Rm6Kspz0nU=\/2545x814\/smart\/filters:quality(85)\/https%3A%2F%2Falimak.com%2Fwp-content%2Fuploads%2F2025%2F11%2F190806-421-HDR-web.jpg\" srcset=\"https:\/\/images.ohmyhosting.se\/0TBYzE6W4Cgg0Gu03Rm6Kspz0nU=\/2545x814\/smart\/filters:quality(85)\/https%3A%2F%2Falimak.com%2Fwp-content%2Fuploads%2F2025%2F11%2F190806-421-HDR-web.jpg 1x, https:\/\/images.ohmyhosting.se\/OITspSUmzvZrDkQ3kA500PMtMcA=\/5090x1628\/smart\/filters:quality(85)\/https%3A%2F%2Falimak.com%2Fwp-content%2Fuploads%2F2025%2F11%2F190806-421-HDR-web.jpg 2x\" alt=\"\" class=\"w-full object-cover w-full max-h-[90vh]\" width=\"2545\" height=\"814\" \/><\/picture>                            <\/div>\n            <div class=\"absolute inset-0 z-10 flex flex-col justify-end\">\n                <div class=\"holder\">\n                    <div class=\"grid grid-cols-12 gap-4 pb-16\">\n                        <div class=\"col-span-12 lg:col-span-7\">\n                                                    <p class=\"md:text-20 font-medium leading-[1.25] mb-1\">Permanente L\u00f6sungen<\/p>\n                                                    <h1 class=\"text-28 md:text-52 leading-[1.3] lg:max-w-[625px]\"><p>Original-Ersatzteile<\/p>\n<\/h1>\n                            <div class=\"wysiwyg pt-5 leading-[1.6] hidden lg:block lg:max-w-[512px]\"><p>Original-Ersatzteile von Alimak stellen sicher, dass Ihre Aufzugssysteme mit optimaler Leistung und Effizienz arbeiten. Jahrelanger, ununterbrochener Betrieb mit minimalen Ausf\u00e4llen und sicherem Betrieb sind sp\u00fcrbare Vorteile der Verwendung von Alimak-Originalteilen. Diese sind darauf ausgelegt, die Anlagen durch Reduzierung von Stillstandszeiten und Betriebskosten auf H\u00f6chstleistung zu halten. <\/p>\n<\/div>\n                        <\/div>\n                    <\/div>\n                <\/div>\n            <\/div>\n        <\/div>\n                    <div class=\"lg:hidden py-12 border-b border-darkGrey\">\n                <div class=\"holder\">\n                    <div class=\"wysiwyg leading-[1.6]\"><p>Original-Ersatzteile von Alimak stellen sicher, dass Ihre Aufzugssysteme mit optimaler Leistung und Effizienz arbeiten. Jahrelanger, ununterbrochener Betrieb mit minimalen Ausf\u00e4llen und sicherem Betrieb sind sp\u00fcrbare Vorteile der Verwendung von Alimak-Originalteilen. Diese sind darauf ausgelegt, die Anlagen durch Reduzierung von Stillstandszeiten und Betriebskosten auf H\u00f6chstleistung zu halten. <\/p>\n<\/div>\n                <\/div>\n            <\/div>\n        \n    <\/section>\n<section class=\"text-img bg-white text-black border-lightGrey   pt-6 lg:pt-12 pb-6 lg:pb-12\">\n    <div class=\"holder\">\n      <div class=\"grid grid-cols-12 gap-4 items-center\">\n        <div class=\"col-span-12 lg:col-span-6 2.5xl:col-span-8 \">\n                            <div class=\"text-img-overlay relative mb-8 md:mb-0 max-w-[852px] \">\n                    <picture class=\"w-full\"><source media=\"(max-width:639px)\" srcset=\"https:\/\/images.ohmyhosting.se\/QxFWYxgHFa0--r465I5vsK8q3KU=\/382x237\/smart\/filters:quality(85)\/https%3A%2F%2Falimak.com%2Fwp-content%2Fuploads%2F2026%2F01%2F190806-293-web.jpg 1x, https:\/\/images.ohmyhosting.se\/uF2nmpinj4zauSqAgb7JCH0a8Fk=\/764x474\/smart\/filters:quality(85)\/https%3A%2F%2Falimak.com%2Fwp-content%2Fuploads%2F2026%2F01%2F190806-293-web.jpg 2x\"><source media=\"(max-width:1022px)\" srcset=\"https:\/\/images.ohmyhosting.se\/CTWbzyDByEvitNJVeMp5G1nTwp8=\/773x480\/smart\/filters:quality(85)\/https%3A%2F%2Falimak.com%2Fwp-content%2Fuploads%2F2026%2F01%2F190806-293-web.jpg 1x, https:\/\/images.ohmyhosting.se\/EMwPk5NrtmXjXH6ZszzLnnYJQrs=\/1546x960\/smart\/filters:quality(85)\/https%3A%2F%2Falimak.com%2Fwp-content%2Fuploads%2F2026%2F01%2F190806-293-web.jpg 2x\"><img decoding=\"async\" src=\"https:\/\/images.ohmyhosting.se\/i7lQJxy-RQqoblTJ8CCl18typIY=\/852x530\/smart\/filters:quality(85)\/https%3A%2F%2Falimak.com%2Fwp-content%2Fuploads%2F2026%2F01%2F190806-293-web.jpg\" srcset=\"https:\/\/images.ohmyhosting.se\/i7lQJxy-RQqoblTJ8CCl18typIY=\/852x530\/smart\/filters:quality(85)\/https%3A%2F%2Falimak.com%2Fwp-content%2Fuploads%2F2026%2F01%2F190806-293-web.jpg 1x, https:\/\/images.ohmyhosting.se\/NdAtqE_pqoY0TBjZIGXcCmDOK64=\/1704x1060\/smart\/filters:quality(85)\/https%3A%2F%2Falimak.com%2Fwp-content%2Fuploads%2F2026%2F01%2F190806-293-web.jpg 2x\" alt=\"\" class=\"w-full w-full rounded-[12px] object-cover\" width=\"852\" height=\"530\" \/><\/picture>                                        <\/div>\n            \n        <\/div>\n        <div class=\"col-span-12 lg:col-span-6 2.5xl:col-span-4 flex flex-col justify-center \">\n            <div class=\"\">\n                                    <h2 class=\"text-24 md:text-36 leading-[1.3] font-medium mb-4\">Essenziell f\u00fcr Sicherheit, Leistung und geringere Lebenszykluskosten<\/h2>\n                                                    <div class=\"wysiwyg leading-[1.6] text-numbersGrey\"><p>Es ist entscheidend, den Lebenszyklus der f\u00fcr Alimak-Anlagen gefertigten Teile zu verstehen und routinem\u00e4\u00dfige pr\u00e4ventive Wartungspl\u00e4ne einzuhalten, um Ausf\u00e4lle zu reduzieren und die Ger\u00e4tekosten zu minimieren. Deshalb verwenden wir ausschlie\u00dflich Original-Ersatzteile von Alimak als festen Bestandteil unserer Serviceprogramme f\u00fcr die vorbeugende Wartung und Reparaturen. <\/p>\n<\/div>\n                                            <\/div>\n        <\/div>\n      <\/div>\n    <\/div>\n<\/section>\n\n<section class=\"text-img bg-white text-black border-lightGrey   pt-6 lg:pt-12 pb-6 lg:pb-12\">\n    <div class=\"holder\">\n      <div class=\"grid grid-cols-12 gap-4 items-center\">\n        <div class=\"col-span-12 lg:col-span-6 2.5xl:col-span-8  order-1 lg:order-2\">\n                            <div class=\"text-img-overlay relative mb-8 md:mb-0 max-w-[852px] lg:ml-auto\">\n                    <picture class=\"w-full\"><source media=\"(max-width:639px)\" srcset=\"https:\/\/images.ohmyhosting.se\/pzE1KFN25fnC-hu09TITxnBWRQ4=\/382x237\/smart\/filters:quality(85)\/https%3A%2F%2Falimak.com%2Fwp-content%2Fuploads%2F2026%2F01%2F190806-547-HDR-web.jpg 1x, https:\/\/images.ohmyhosting.se\/N88sNX-RMTQLGCRLXDdsmB3k2kk=\/764x474\/smart\/filters:quality(85)\/https%3A%2F%2Falimak.com%2Fwp-content%2Fuploads%2F2026%2F01%2F190806-547-HDR-web.jpg 2x\"><source media=\"(max-width:1022px)\" srcset=\"https:\/\/images.ohmyhosting.se\/A0Y2FG8jcAoEd8_wUci9VA2p9fo=\/773x480\/smart\/filters:quality(85)\/https%3A%2F%2Falimak.com%2Fwp-content%2Fuploads%2F2026%2F01%2F190806-547-HDR-web.jpg 1x, https:\/\/images.ohmyhosting.se\/HHm6XCUTvLrCqe_YJ-nTMoyLkiI=\/1546x960\/smart\/filters:quality(85)\/https%3A%2F%2Falimak.com%2Fwp-content%2Fuploads%2F2026%2F01%2F190806-547-HDR-web.jpg 2x\"><img decoding=\"async\" src=\"https:\/\/images.ohmyhosting.se\/YOpDCaneE9uyhq-iyWY7SkfBEhw=\/852x530\/smart\/filters:quality(85)\/https%3A%2F%2Falimak.com%2Fwp-content%2Fuploads%2F2026%2F01%2F190806-547-HDR-web.jpg\" srcset=\"https:\/\/images.ohmyhosting.se\/YOpDCaneE9uyhq-iyWY7SkfBEhw=\/852x530\/smart\/filters:quality(85)\/https%3A%2F%2Falimak.com%2Fwp-content%2Fuploads%2F2026%2F01%2F190806-547-HDR-web.jpg 1x, https:\/\/images.ohmyhosting.se\/F-nHkQnDhvp-e0_Tc8_e5_yibuo=\/1704x1060\/smart\/filters:quality(85)\/https%3A%2F%2Falimak.com%2Fwp-content%2Fuploads%2F2026%2F01%2F190806-547-HDR-web.jpg 2x\" alt=\"\" class=\"w-full w-full rounded-[12px] object-cover\" width=\"852\" height=\"530\" \/><\/picture>                                        <\/div>\n            \n        <\/div>\n        <div class=\"col-span-12 lg:col-span-6 2.5xl:col-span-4 flex flex-col justify-center  order-2 lg:order-1\">\n            <div class=\"\">\n                                    <h2 class=\"text-24 md:text-36 leading-[1.3] font-medium mb-4\">Lokaler Lagerbestand, globale Reichweite: Originalteile f\u00fcr jede Marke von Alimak<\/h2>\n                                                    <div class=\"wysiwyg leading-[1.6] text-numbersGrey\"><p>Vom Getriebe \u00fcber Motoren und Bremsbel\u00e4ge bis hin zu Sicherheitseinrichtungen \u2013 alle lokalen Alimak-Zentren f\u00fchren Ersatzteile f\u00fcr die heute im Einsatz befindlichen Produkte von Alimak, Champion und Heis-Tek. Alimak hat in den Aufbau eines globalen Vertriebsnetzes f\u00fcr Ersatzteile investiert, das garantiert, dass Teile und Komponenten bei Bedarf geliefert werden. Alimak verf\u00fcgt \u00fcber lokal vorr\u00e4tige Ersatzteile in unseren Vertriebsgesellschaften sowie \u00fcber einen umfassenden Ersatzteilbestand in unseren Lagern weltweit.  <\/p>\n<\/div>\n                                            <\/div>\n        <\/div>\n      <\/div>\n    <\/div>\n<\/section>\n\n<section class=\"cta-banner bg-black text-white  pt-0 pb-6 lg:pb-12\">\n    <div class=\"relative\">\n                    <div class=\"cta-banner-overlay relative\">\n                <picture class=\"w-full\"><source media=\"(max-width:639px)\" srcset=\"https:\/\/images.ohmyhosting.se\/WktqUiNRg1ZhevXtlEJW64a-tD4=\/399x377\/smart\/filters:quality(85)\/https%3A%2F%2Falimak.com%2Fwp-content%2Fuploads%2F2025%2F09%2Fd0a64875c3850e6181fa105f72a620985d5364a6.jpg 1x, https:\/\/images.ohmyhosting.se\/uHFfZRUPh8JOF6Zz_y6rSTfDpak=\/798x754\/smart\/filters:quality(85)\/https%3A%2F%2Falimak.com%2Fwp-content%2Fuploads%2F2025%2F09%2Fd0a64875c3850e6181fa105f72a620985d5364a6.jpg 2x\"><source media=\"(max-width:1022px)\" srcset=\"https:\/\/images.ohmyhosting.se\/_7lhKdPe2AiFfxT-8EBHRxRmEX8=\/805x760\/smart\/filters:quality(85)\/https%3A%2F%2Falimak.com%2Fwp-content%2Fuploads%2F2025%2F09%2Fd0a64875c3850e6181fa105f72a620985d5364a6.jpg 1x, https:\/\/images.ohmyhosting.se\/k3XpmDwMeHPL_Yzc_ybXgBj6up8=\/1610x1520\/smart\/filters:quality(85)\/https%3A%2F%2Falimak.com%2Fwp-content%2Fuploads%2F2025%2F09%2Fd0a64875c3850e6181fa105f72a620985d5364a6.jpg 2x\"><img decoding=\"async\" src=\"https:\/\/images.ohmyhosting.se\/lIW3Hg0Fn-6CZ8-JoXTC4w5tQhA=\/2545x1053\/smart\/filters:quality(85)\/https%3A%2F%2Falimak.com%2Fwp-content%2Fuploads%2F2025%2F09%2Fd0a64875c3850e6181fa105f72a620985d5364a6.jpg\" srcset=\"https:\/\/images.ohmyhosting.se\/lIW3Hg0Fn-6CZ8-JoXTC4w5tQhA=\/2545x1053\/smart\/filters:quality(85)\/https%3A%2F%2Falimak.com%2Fwp-content%2Fuploads%2F2025%2F09%2Fd0a64875c3850e6181fa105f72a620985d5364a6.jpg 1x, https:\/\/images.ohmyhosting.se\/kBPWqXpAi4O3Ic8XAeAxPcvYsts=\/5090x2106\/smart\/filters:quality(85)\/https%3A%2F%2Falimak.com%2Fwp-content%2Fuploads%2F2025%2F09%2Fd0a64875c3850e6181fa105f72a620985d5364a6.jpg 2x\" alt=\"\" class=\"w-full w-full h-full object-cover\" width=\"2545\" height=\"1053\" \/><\/picture>            <\/div>\n                <div class=\"absolute inset-0 z-[2]\">\n            <div class=\"holder\">\n                <div class=\"grid grid-cols-12 gap-4\">\n                    <div class=\"col-span-12 lg:col-span-6 lg:col-start-7 pt-16\">\n                        <h3 class=\"text-28 md:text-44 lg:max-w-[500px] leading-tight\">Kontaktieren Sie uns f\u00fcr weitere Informationen oder ein Angebot<\/h3>\n                                                    <div class=\"mt-8\">\n                                <a class=\"btn\" href=\"https:\/\/alimak.com\/de\/kontakt-aufnehmen\/\" target=\"\">\n                                    <span>Kontaktieren Sie uns<\/span>\n                                    <span>\n                                        <svg width=\"24\" height=\"11\" viewBox=\"0 0 24 11\" fill=\"none\" xmlns=\"http:\/\/www.w3.org\/2000\/svg\">\n                                        <path d=\"M0 5.5H22\" stroke=\"black\" stroke-width=\"1.5\"\/>\n                                        <path d=\"M17.5 1L22 5.5L17.5 10\" stroke=\"black\" stroke-width=\"1.5\"\/>\n                                        <\/svg>\n                                    <\/span>\n                                <\/a>\n                            <\/div>\n                                            <\/div>\n                <\/div>\n            <\/div>\n        <\/div>\n    <\/div>\n<\/section>\n","protected":false},"excerpt":{"rendered":"<p>Original-Ersatzteile von Alimak stellen sicher, dass Ihre Aufzugssysteme mit optimaler Leistung und Effizienz arbeiten. Jahrelanger, ununterbrochener Betrieb mit minimalen Ausf\u00e4llen&#8230;<\/p>\n","protected":false},"author":2,"featured_media":0,"parent":14123,"menu_order":0,"comment_status":"closed","ping_status":"closed","template":"","meta":{"_acf_changed":false,"footnotes":""},"class_list":["post-15553","page","type-page","status-publish","hentry"],"acf":[],"yoast_head":"<!-- This site is optimized with the Yoast SEO plugin v27.3 - https:\/\/yoast.com\/product\/yoast-seo-wordpress\/ -->\n<title>Ersatzteile (permanent) - Alimak<\/title>\n<meta name=\"robots\" content=\"index, follow, max-snippet:-1, max-image-preview:large, max-video-preview:-1\" \/>\n<link rel=\"canonical\" href=\"https:\/\/alimak.com\/de\/permanente-loesungen\/teile-service-permanent\/ersatzteile-permanent\/\" \/>\n<meta property=\"og:locale\" content=\"de_DE\" \/>\n<meta property=\"og:type\" content=\"article\" \/>\n<meta property=\"og:title\" content=\"Ersatzteile (permanent) - Alimak\" \/>\n<meta property=\"og:description\" content=\"Original-Ersatzteile von Alimak stellen sicher, dass Ihre Aufzugssysteme mit optimaler Leistung und Effizienz arbeiten. Jahrelanger, ununterbrochener Betrieb mit minimalen Ausf\u00e4llen...\" \/>\n<meta property=\"og:url\" content=\"https:\/\/alimak.com\/de\/permanente-loesungen\/teile-service-permanent\/ersatzteile-permanent\/\" \/>\n<meta property=\"og:site_name\" content=\"Alimak\" \/>\n<meta property=\"article:modified_time\" content=\"2026-03-18T13:17:13+00:00\" \/>\n<meta name=\"twitter:card\" content=\"summary_large_image\" \/>\n<script type=\"application\/ld+json\" class=\"yoast-schema-graph\">{\"@context\":\"https:\\\/\\\/schema.org\",\"@graph\":[{\"@type\":\"WebPage\",\"@id\":\"https:\\\/\\\/alimak.com\\\/de\\\/permanente-loesungen\\\/teile-service-permanent\\\/ersatzteile-permanent\\\/\",\"url\":\"https:\\\/\\\/alimak.com\\\/de\\\/permanente-loesungen\\\/teile-service-permanent\\\/ersatzteile-permanent\\\/\",\"name\":\"Ersatzteile (permanent) - Alimak\",\"isPartOf\":{\"@id\":\"https:\\\/\\\/alimak.com\\\/#website\"},\"datePublished\":\"2026-02-19T10:29:36+00:00\",\"dateModified\":\"2026-03-18T13:17:13+00:00\",\"breadcrumb\":{\"@id\":\"https:\\\/\\\/alimak.com\\\/de\\\/permanente-loesungen\\\/teile-service-permanent\\\/ersatzteile-permanent\\\/#breadcrumb\"},\"inLanguage\":\"de-DE\",\"potentialAction\":[{\"@type\":\"ReadAction\",\"target\":[\"https:\\\/\\\/alimak.com\\\/de\\\/permanente-loesungen\\\/teile-service-permanent\\\/ersatzteile-permanent\\\/\"]}]},{\"@type\":\"BreadcrumbList\",\"@id\":\"https:\\\/\\\/alimak.com\\\/de\\\/permanente-loesungen\\\/teile-service-permanent\\\/ersatzteile-permanent\\\/#breadcrumb\",\"itemListElement\":[{\"@type\":\"ListItem\",\"position\":1,\"name\":\"Home\",\"item\":\"https:\\\/\\\/alimak.com\\\/de\\\/\"},{\"@type\":\"ListItem\",\"position\":2,\"name\":\"Permanente L\u00f6sungen\",\"item\":\"https:\\\/\\\/alimak.com\\\/de\\\/permanente-loesungen\\\/\"},{\"@type\":\"ListItem\",\"position\":3,\"name\":\"Teile &amp; Service (permanent)\",\"item\":\"https:\\\/\\\/alimak.com\\\/de\\\/permanente-loesungen\\\/teile-service-permanent\\\/\"},{\"@type\":\"ListItem\",\"position\":4,\"name\":\"Ersatzteile (permanent)\"}]},{\"@type\":\"WebSite\",\"@id\":\"https:\\\/\\\/alimak.com\\\/#website\",\"url\":\"https:\\\/\\\/alimak.com\\\/\",\"name\":\"Alimak\",\"description\":\"\",\"potentialAction\":[{\"@type\":\"SearchAction\",\"target\":{\"@type\":\"EntryPoint\",\"urlTemplate\":\"https:\\\/\\\/alimak.com\\\/?s={search_term_string}\"},\"query-input\":{\"@type\":\"PropertyValueSpecification\",\"valueRequired\":true,\"valueName\":\"search_term_string\"}}],\"inLanguage\":\"de-DE\"}]}<\/script>\n<!-- \/ Yoast SEO plugin. -->","yoast_head_json":{"title":"Ersatzteile (permanent) - Alimak","robots":{"index":"index","follow":"follow","max-snippet":"max-snippet:-1","max-image-preview":"max-image-preview:large","max-video-preview":"max-video-preview:-1"},"canonical":"https:\/\/alimak.com\/de\/permanente-loesungen\/teile-service-permanent\/ersatzteile-permanent\/","og_locale":"de_DE","og_type":"article","og_title":"Ersatzteile (permanent) - Alimak","og_description":"Original-Ersatzteile von Alimak stellen sicher, dass Ihre Aufzugssysteme mit optimaler Leistung und Effizienz arbeiten. Jahrelanger, ununterbrochener Betrieb mit minimalen Ausf\u00e4llen...","og_url":"https:\/\/alimak.com\/de\/permanente-loesungen\/teile-service-permanent\/ersatzteile-permanent\/","og_site_name":"Alimak","article_modified_time":"2026-03-18T13:17:13+00:00","twitter_card":"summary_large_image","schema":{"@context":"https:\/\/schema.org","@graph":[{"@type":"WebPage","@id":"https:\/\/alimak.com\/de\/permanente-loesungen\/teile-service-permanent\/ersatzteile-permanent\/","url":"https:\/\/alimak.com\/de\/permanente-loesungen\/teile-service-permanent\/ersatzteile-permanent\/","name":"Ersatzteile (permanent) - Alimak","isPartOf":{"@id":"https:\/\/alimak.com\/#website"},"datePublished":"2026-02-19T10:29:36+00:00","dateModified":"2026-03-18T13:17:13+00:00","breadcrumb":{"@id":"https:\/\/alimak.com\/de\/permanente-loesungen\/teile-service-permanent\/ersatzteile-permanent\/#breadcrumb"},"inLanguage":"de-DE","potentialAction":[{"@type":"ReadAction","target":["https:\/\/alimak.com\/de\/permanente-loesungen\/teile-service-permanent\/ersatzteile-permanent\/"]}]},{"@type":"BreadcrumbList","@id":"https:\/\/alimak.com\/de\/permanente-loesungen\/teile-service-permanent\/ersatzteile-permanent\/#breadcrumb","itemListElement":[{"@type":"ListItem","position":1,"name":"Home","item":"https:\/\/alimak.com\/de\/"},{"@type":"ListItem","position":2,"name":"Permanente L\u00f6sungen","item":"https:\/\/alimak.com\/de\/permanente-loesungen\/"},{"@type":"ListItem","position":3,"name":"Teile &amp; Service (permanent)","item":"https:\/\/alimak.com\/de\/permanente-loesungen\/teile-service-permanent\/"},{"@type":"ListItem","position":4,"name":"Ersatzteile (permanent)"}]},{"@type":"WebSite","@id":"https:\/\/alimak.com\/#website","url":"https:\/\/alimak.com\/","name":"Alimak","description":"","potentialAction":[{"@type":"SearchAction","target":{"@type":"EntryPoint","urlTemplate":"https:\/\/alimak.com\/?s={search_term_string}"},"query-input":{"@type":"PropertyValueSpecification","valueRequired":true,"valueName":"search_term_string"}}],"inLanguage":"de-DE"}]}},"_links":{"self":[{"href":"https:\/\/alimak.com\/de\/wp-json\/wp\/v2\/pages\/15553","targetHints":{"allow":["GET"]}}],"collection":[{"href":"https:\/\/alimak.com\/de\/wp-json\/wp\/v2\/pages"}],"about":[{"href":"https:\/\/alimak.com\/de\/wp-json\/wp\/v2\/types\/page"}],"author":[{"embeddable":true,"href":"https:\/\/alimak.com\/de\/wp-json\/wp\/v2\/users\/2"}],"replies":[{"embeddable":true,"href":"https:\/\/alimak.com\/de\/wp-json\/wp\/v2\/comments?post=15553"}],"version-history":[{"count":1,"href":"https:\/\/alimak.com\/de\/wp-json\/wp\/v2\/pages\/15553\/revisions"}],"predecessor-version":[{"id":15555,"href":"https:\/\/alimak.com\/de\/wp-json\/wp\/v2\/pages\/15553\/revisions\/15555"}],"up":[{"embeddable":true,"href":"https:\/\/alimak.com\/de\/wp-json\/wp\/v2\/pages\/14123"}],"wp:attachment":[{"href":"https:\/\/alimak.com\/de\/wp-json\/wp\/v2\/media?parent=15553"}],"curies":[{"name":"wp","href":"https:\/\/api.w.org\/{rel}","templated":true}]}}