{"id":203,"date":"2020-11-12T12:57:06","date_gmt":"2020-11-12T12:57:06","guid":{"rendered":"https:\/\/alimak.wpengine.com\/?page_id=203"},"modified":"2022-10-27T13:00:19","modified_gmt":"2022-10-27T13:00:19","slug":"service-solutions","status":"publish","type":"page","link":"https:\/\/alimak.com\/de\/service-solutions\/","title":{"rendered":"Service &#038; Support"},"content":{"rendered":"\n<article class=\"m33 break-out\" id=\"block_5fad47da958a3\" data-animate-container>\n\n  <nav id=\"breadcrumbs\"><div class=\"container\"><span><span><a href=\"https:\/\/alimak.com\/de\/\">Startseite<\/a><\/span><\/span><\/div><\/nav>\n  <div class=\"container m33__container\">\n\t\t\n\t\t\t\t\t<h1 class=\"m33__heading uppercase  \" data-animate>Service &amp; Support<\/h1>\n\t\t\t\t\n\t\t  <\/div>\n\n<\/article>\n\n\n\n\n<div style=\"height:100px\" aria-hidden=\"true\" class=\"wp-block-spacer\"><\/div>\n\n\n\n<div class=\"wp-block-group has-light-grey-background-color has-background\"><div class=\"wp-block-group__inner-container is-layout-flow wp-block-group-is-layout-flow\">\n<article class=\"m28 break-out\" id=\"block_5fb3fad5412b2\" data-animate-container>\n  <div class=\"container\">\n\n          <div class=\"m28__content\" data-animate><h3><span lang=\"de\">F\u00fcr Service-Support<br \/>\nAnruf +49 (0)180 500 4853\u00a0<\/span><\/h3>\n<p>Alimak entwickelt und fertigt branchenf\u00fchrende H\u00f6henzugangsl\u00f6sungen f\u00fcr den Betrieb in einer Vielzahl von Branchen. Die robusten und zuverl\u00e4ssigen H\u00f6henzugangsl\u00f6sungen von Alimak verbessern die Effizienz und Produktivit\u00e4t von Betrieben auf der ganzen Welt. Eigent\u00fcmer und Betreiber der H\u00f6henzugangsl\u00f6sungen von Alimak k\u00f6nnen die Verf\u00fcgbarkeit und Sicherheit maximieren und den Fluss effizienter Abl\u00e4ufe aufrechterhalten, um die Gesamtproduktivit\u00e4t auch in den anspruchsvollsten Anwendungen mit proaktiven Service- und Supportl\u00f6sungen zu steigern.<\/p>\n<p>Alimak bietet den Eigent\u00fcmern und Betreibern von Alimak Bauaufz\u00fcgen und Industrieaufz\u00fcgen branchenf\u00fchrende Produkt- und Kundendienstleistungen. Mit einem globalen Servicenetzwerk, das sich \u00fcber 100 L\u00e4nder erstreckt, bietet Alimak eine umfassende Palette an Service- und Supportl\u00f6sungen, darunter: Servicepakete, vorbeugende Wartung und Reparaturen, Inspektionen, \u00dcberholungen, Originalersatzteile, Schulung und Asset-Management, die auf den gesamten Lebenszyklus von Alimak-Anlagen zugeschnitten sind.<\/p>\n<\/div>\n    \n          <div class=\"m28__media\">\n        <img src=https:\/\/alimak.com\/de\/wp-content\/uploads\/sites\/17\/2020\/11\/thumbnail.jpeg  class=\"m28__image\" alt=\"\" width=\"666\" height=\"592\">      <\/div>\n    \n  <\/div>\n<\/article>\n<\/div><\/div>\n\n\n\n<article class=\"m13 break-out\" id=\"block_5fb3fb35412b3\" data-animate-container>\n  <div class=\"container m13__container\">\n\n          <h2 class=\"m13__heading uppercase h3\" data-animate>Komplette Service- und Supportl\u00f6sungen<\/h2>\n              <div class=\"m13__introduction large\" data-animate><p>Alimak nutzt ein globales Netzwerk, um umfassende Service- und Supportl\u00f6sungen bereitzustellen, die auf die Bed\u00fcrfnisse der Eigent\u00fcmer und Betreiber von Alimak-Produkten zugeschnitten sind.<\/p>\n<\/div>\n    \n          <div class=\"m13__services\">\n                  <article class=\"m13__service\" data-animate data-delay=\"0\">\n\n                          <h3 class=\"m13__title uppercase h4\">Servicel\u00f6sungen<\/h3>\n            \n            <p>Ein umfassendes Angebot an Servicevertr\u00e4gen und Wartungsprogrammen<\/p>\n\n            \n                          <div class=\"m13__icon\" aria-hidden=\"true\">\n                <img src=https:\/\/alimak.com\/de\/wp-content\/uploads\/sites\/17\/2020\/11\/icon_Service-Solutions.png  class=\"\" alt=\"\" width=\"59\" height=\"59\">              <\/div>\n            \n          <\/article>\n                  <article class=\"m13__service\" data-animate data-delay=\"150\">\n\n                          <h3 class=\"m13__title uppercase h4\">Inspektionen, Sicherheit und Konformit\u00e4t<\/h3>\n            \n            <p class=\"p1\">Routinem\u00e4\u00dfige Inspektionsprogramme zur Gew\u00e4hrleistung der Sicherheit und Konformit\u00e4t von Alimak-Anlagen<\/p>\n\n            \n                          <div class=\"m13__icon\" aria-hidden=\"true\">\n                <img src=https:\/\/alimak.com\/de\/wp-content\/uploads\/sites\/17\/2020\/11\/icon_Inspections.png  class=\"\" alt=\"\" width=\"66\" height=\"71\">              <\/div>\n            \n          <\/article>\n                  <article class=\"m13__service\" data-animate data-delay=\"300\">\n\n                          <h3 class=\"m13__title uppercase h4\">\u00dcberholungsl\u00f6sungen<\/h3>\n            \n            <p class=\"p1\">Stellen Sie die Leistung mit einer kosteng\u00fcnstigen \u00dcberholung oder Aufr\u00fcstung wieder her<\/p>\n\n            \n                          <div class=\"m13__icon\" aria-hidden=\"true\">\n                <img src=https:\/\/alimak.com\/de\/wp-content\/uploads\/sites\/17\/2020\/11\/icon_Refurbishment-solutions.png  class=\"\" alt=\"\" width=\"59\" height=\"59\">              <\/div>\n            \n          <\/article>\n                  <article class=\"m13__service\" data-animate data-delay=\"450\">\n\n                          <h3 class=\"m13__title uppercase h4\">Originalersatzteile<\/h3>\n            \n            <p class=\"p1\">Originalteile von Alimak werden bezogen und ausgetauscht, um die Leistung zu verbessern und die Betriebsdauer zu verl\u00e4ngern<\/p>\n\n                          <a\n              href=\"https:\/\/alimak.com\/de\/parts\/\"\n              class=\"m13__button read-more\"\n              target=\"_self\">\n                <span>Mehr erfahren<\/span>\n                <svg class=\"svg-icon svg-icon--icon-arrow-right\" aria-hidden=\"true\" role=\"img\"> <use href=\"#icon-arrow-right\" xlink:href=\"#icon-arrow-right\"><\/use> <\/svg>              <\/a>\n            \n                          <div class=\"m13__icon\" aria-hidden=\"true\">\n                <img src=https:\/\/alimak.com\/de\/wp-content\/uploads\/sites\/17\/2020\/11\/icon_Genuine-Spare-Parts.png  class=\"\" alt=\"\" width=\"64\" height=\"60\">              <\/div>\n            \n          <\/article>\n                  <article class=\"m13__service\" data-animate data-delay=\"600\">\n\n                          <h3 class=\"m13__title uppercase h4\">Asset-Management<\/h3>\n            \n            <p class=\"p1\">Eine Reihe von Support-L\u00f6sungen zur Verwaltung des gesamten Lebenszyklus der Anlagen<\/p>\n<p>&nbsp;<\/p>\n\n                          <a\n              href=\"https:\/\/alimak.com\/de\/service-support-overview\/connectivity-and-asset-management\/%20\"\n              class=\"m13__button read-more\"\n              target=\"_self\">\n                <span>Mehr erfahren<\/span>\n                <svg class=\"svg-icon svg-icon--icon-arrow-right\" aria-hidden=\"true\" role=\"img\"> <use href=\"#icon-arrow-right\" xlink:href=\"#icon-arrow-right\"><\/use> <\/svg>              <\/a>\n            \n                          <div class=\"m13__icon\" aria-hidden=\"true\">\n                <img src=https:\/\/alimak.com\/de\/wp-content\/uploads\/sites\/17\/2020\/11\/icon_Asset-management.png  class=\"\" alt=\"\" width=\"35\" height=\"56\">              <\/div>\n            \n          <\/article>\n                  <article class=\"m13__service\" data-animate data-delay=\"750\">\n\n                          <h3 class=\"m13__title uppercase h4\">Schulung<\/h3>\n            \n            <p class=\"p1\">Eine spezielle Alimak-Schulung zur Unterst\u00fctzung des sicheren Betriebs, der Wartung und Installation von Alimak-Anlagen<\/p>\n\n                          <a\n              href=\"http:\/\/training.alimakservice.com\/?reset-filter-FilterAccreditation=&#038;FilterBrand=Alimak&#038;reset-filter-FilterDelivery=&#038;reset-filter-FilterCountry=&#038;reset-filter-FilterCalendar=%20\"\n              class=\"m13__button read-more\"\n              target=\"_self\">\n                <span>Mehr erfahren<\/span>\n                <svg class=\"svg-icon svg-icon--icon-arrow-right\" aria-hidden=\"true\" role=\"img\"> <use href=\"#icon-arrow-right\" xlink:href=\"#icon-arrow-right\"><\/use> <\/svg>              <\/a>\n            \n                          <div class=\"m13__icon\" aria-hidden=\"true\">\n                <img src=https:\/\/alimak.com\/de\/wp-content\/uploads\/sites\/17\/2020\/11\/icon_Training.png  class=\"\" alt=\"\" width=\"59\" height=\"56\">              <\/div>\n            \n          <\/article>\n              <\/div>\n    \n  <\/div>\n<\/article>\n\n\n\n<div class=\"wp-block-group has-light-grey-background-color has-background\"><div class=\"wp-block-group__inner-container is-layout-flow wp-block-group-is-layout-flow\">\n<article class=\"m30 break-out m30__image--top\" id=\"block_5fb5533a06c6b\" data-animate-container>\n  <div class=\"container m30__container\">\n\n    <div class=\"m30__content\">\n\n              <h2 class=\"m30__heading uppercase h3\" data-animate>Laden Sie die Alimak-Service- und Support-Brosch\u00fcre herunter<\/h2>\n      \n              <div class=\"m30__introduction\" data-animate>\n          <p>Erfahren Sie mehr \u00fcber das umfassende Angebot an Service- und Supportl\u00f6sungen f\u00fcr Alimak-Bauaufz\u00fcge, Industrieaufz\u00fcge und Mastkletterb\u00fchnen.<\/p>\n        <\/div>\n      \n              <a\n        data-animate\n        href=\"https:\/\/alimak.com\/wp-content\/uploads\/2022\/08\/Alimak-After-Sales-Brochure-1718-EN-June-2022.pdf\"\n        class=\"m30__button button button--outline button--white\"\n        target=\"_blank\">\n          Herunterladen        <\/a>\n      \n    <\/div>\n\n  <\/div>\n\n  <img src=https:\/\/alimak.com\/de\/wp-content\/uploads\/sites\/17\/2020\/12\/service-support-brochure-banner.jpg  class=\"m30__image\" alt=\"\" width=\"1440\" height=\"476\">\n<\/article>\n\n\n\n<div style=\"height:100px\" aria-hidden=\"true\" class=\"wp-block-spacer\"><\/div>\n\n\n\n<article class=\"m08 break-out\" id=\"block_5fb3cb70ddff0\" data-animate-container>\n  <div class=\"container m08__container\">\n\n          <div class=\"m08__block m08__block--one\">\n        <div class=\"m08__content\">\n\n                      <h2 class=\"m08__heading uppercase h3\" data-animate>Kontaktieren Sie uns f\u00fcr weitere Informationen oder ein Angebot<\/h2>\n          \n                      <div class=\"m08__text\" data-animate>\n              <p>Ben\u00f6tigen Sie Hilfe bei der Produktauswahl f\u00fcr ein bevorstehendes Projekt? Wenden Sie sich an unsere Produktexperten, um Informationen zu den verf\u00fcgbaren H\u00f6henzugangsl\u00f6sungen und ein Angebot zu erhalten, das den Anforderungen Ihres Projekts entspricht.<\/p>\n            <\/div>\n          \n                      <a\n            data-animate\n            href=\"https:\/\/alimak.com\/de\/request-a-quote\"\n            class=\"m08__button button button--outline button--white\"\n            target=\"_self\">\n              ANGEBOT ANFORDERN            <\/a>\n          \n        <\/div>\n      <\/div>\n    \n          <div class=\"m08__block m08__block--two\">\n        <div class=\"m08__content\">\n\n                      <h2 class=\"m08__heading uppercase h3\" data-animate>Finden sie einen Handelsvertreter vor Ort<\/h2>\n          \n                      <div class=\"m08__text\" data-animate>\n              <p>Alimak ist auf sechs Kontinenten vertreten und nutzt ein globales Netzwerk, um H\u00f6henzugangsl\u00f6sungen f\u00fcr eine Vielzahl von Anwendungen auf Bau- und Industriestandorten auf der ganzen Welt bereitzustellen. Kontaktieren Sie uns, um einen Vertreter vor Ort aus dem globalen Netzwerk von Alimak zu finden.<\/p>\n            <\/div>\n          \n                      <a\n            data-animate\n            href=\"\/de\/locations\"\n            class=\"m08__button button\"\n            target=\"_self\">\n              VERZEICHNIS DURCHSUCHEN            <\/a>\n          \n        <\/div>\n      <\/div>\n        \n  <\/div>\n<\/article>\n<\/div><\/div>\n\n\n\n<div style=\"height:100px\" aria-hidden=\"true\" class=\"wp-block-spacer\"><\/div>\n","protected":false},"excerpt":{"rendered":"","protected":false},"author":1,"featured_media":0,"parent":0,"menu_order":0,"comment_status":"closed","ping_status":"closed","template":"","meta":{"_trash_the_other_posts":false,"editor_notices":[],"footnotes":""},"class_list":["post-203","page","type-page","status-publish","hentry"],"yoast_head":"<!-- This site is optimized with the Yoast SEO plugin v27.3 - https:\/\/yoast.com\/product\/yoast-seo-wordpress\/ -->\n<title>Service &amp; Support - Alimak Germany<\/title>\n<meta name=\"robots\" content=\"index, follow, max-snippet:-1, max-image-preview:large, max-video-preview:-1\" \/>\n<link rel=\"canonical\" href=\"https:\/\/alimak.com\/de\/service-solutions\/\" \/>\n<meta property=\"og:locale\" content=\"de_DE\" \/>\n<meta property=\"og:type\" content=\"article\" \/>\n<meta property=\"og:title\" content=\"Service &amp; Support - Alimak Germany\" \/>\n<meta property=\"og:url\" content=\"https:\/\/alimak.com\/de\/service-solutions\/\" \/>\n<meta property=\"og:site_name\" content=\"Alimak Germany\" \/>\n<meta property=\"article:modified_time\" content=\"2022-10-27T13:00:19+00:00\" \/>\n<meta name=\"twitter:card\" content=\"summary_large_image\" \/>\n<script type=\"application\/ld+json\" class=\"yoast-schema-graph\">{\"@context\":\"https:\\\/\\\/schema.org\",\"@graph\":[{\"@type\":\"WebPage\",\"@id\":\"https:\\\/\\\/alimak.com\\\/de\\\/service-solutions\\\/\",\"url\":\"https:\\\/\\\/alimak.com\\\/de\\\/service-solutions\\\/\",\"name\":\"Service & Support - Alimak Germany\",\"isPartOf\":{\"@id\":\"https:\\\/\\\/alimak.com\\\/de\\\/#website\"},\"datePublished\":\"2020-11-12T12:57:06+00:00\",\"dateModified\":\"2022-10-27T13:00:19+00:00\",\"breadcrumb\":{\"@id\":\"https:\\\/\\\/alimak.com\\\/de\\\/service-solutions\\\/#breadcrumb\"},\"inLanguage\":\"de\",\"potentialAction\":[{\"@type\":\"ReadAction\",\"target\":[\"https:\\\/\\\/alimak.com\\\/de\\\/service-solutions\\\/\"]}]},{\"@type\":\"BreadcrumbList\",\"@id\":\"https:\\\/\\\/alimak.com\\\/de\\\/service-solutions\\\/#breadcrumb\",\"itemListElement\":[{\"@type\":\"ListItem\",\"position\":1,\"name\":\"Startseite\",\"item\":\"https:\\\/\\\/alimak.com\\\/de\\\/\"},{\"@type\":\"ListItem\",\"position\":2,\"name\":\"Service &#038; Support\"}]},{\"@type\":\"WebSite\",\"@id\":\"https:\\\/\\\/alimak.com\\\/de\\\/#website\",\"url\":\"https:\\\/\\\/alimak.com\\\/de\\\/\",\"name\":\"Alimak Germany\",\"description\":\"Weltweit f\u00fchrend bei H\u00f6henzugangsl\u00f6sungen\",\"potentialAction\":[{\"@type\":\"SearchAction\",\"target\":{\"@type\":\"EntryPoint\",\"urlTemplate\":\"https:\\\/\\\/alimak.com\\\/de\\\/?s={search_term_string}\"},\"query-input\":{\"@type\":\"PropertyValueSpecification\",\"valueRequired\":true,\"valueName\":\"search_term_string\"}}],\"inLanguage\":\"de\"}]}<\/script>\n<!-- \/ Yoast SEO plugin. -->","yoast_head_json":{"title":"Service & Support - Alimak Germany","robots":{"index":"index","follow":"follow","max-snippet":"max-snippet:-1","max-image-preview":"max-image-preview:large","max-video-preview":"max-video-preview:-1"},"canonical":"https:\/\/alimak.com\/de\/service-solutions\/","og_locale":"de_DE","og_type":"article","og_title":"Service & Support - Alimak Germany","og_url":"https:\/\/alimak.com\/de\/service-solutions\/","og_site_name":"Alimak Germany","article_modified_time":"2022-10-27T13:00:19+00:00","twitter_card":"summary_large_image","schema":{"@context":"https:\/\/schema.org","@graph":[{"@type":"WebPage","@id":"https:\/\/alimak.com\/de\/service-solutions\/","url":"https:\/\/alimak.com\/de\/service-solutions\/","name":"Service & Support - Alimak Germany","isPartOf":{"@id":"https:\/\/alimak.com\/de\/#website"},"datePublished":"2020-11-12T12:57:06+00:00","dateModified":"2022-10-27T13:00:19+00:00","breadcrumb":{"@id":"https:\/\/alimak.com\/de\/service-solutions\/#breadcrumb"},"inLanguage":"de","potentialAction":[{"@type":"ReadAction","target":["https:\/\/alimak.com\/de\/service-solutions\/"]}]},{"@type":"BreadcrumbList","@id":"https:\/\/alimak.com\/de\/service-solutions\/#breadcrumb","itemListElement":[{"@type":"ListItem","position":1,"name":"Startseite","item":"https:\/\/alimak.com\/de\/"},{"@type":"ListItem","position":2,"name":"Service &#038; Support"}]},{"@type":"WebSite","@id":"https:\/\/alimak.com\/de\/#website","url":"https:\/\/alimak.com\/de\/","name":"Alimak Germany","description":"Weltweit f\u00fchrend bei H\u00f6henzugangsl\u00f6sungen","potentialAction":[{"@type":"SearchAction","target":{"@type":"EntryPoint","urlTemplate":"https:\/\/alimak.com\/de\/?s={search_term_string}"},"query-input":{"@type":"PropertyValueSpecification","valueRequired":true,"valueName":"search_term_string"}}],"inLanguage":"de"}]}},"_links":{"self":[{"href":"https:\/\/alimak.com\/de\/wp-json\/wp\/v2\/pages\/203","targetHints":{"allow":["GET"]}}],"collection":[{"href":"https:\/\/alimak.com\/de\/wp-json\/wp\/v2\/pages"}],"about":[{"href":"https:\/\/alimak.com\/de\/wp-json\/wp\/v2\/types\/page"}],"author":[{"embeddable":true,"href":"https:\/\/alimak.com\/de\/wp-json\/wp\/v2\/users\/1"}],"replies":[{"embeddable":true,"href":"https:\/\/alimak.com\/de\/wp-json\/wp\/v2\/comments?post=203"}],"version-history":[{"count":8,"href":"https:\/\/alimak.com\/de\/wp-json\/wp\/v2\/pages\/203\/revisions"}],"predecessor-version":[{"id":4484,"href":"https:\/\/alimak.com\/de\/wp-json\/wp\/v2\/pages\/203\/revisions\/4484"}],"wp:attachment":[{"href":"https:\/\/alimak.com\/de\/wp-json\/wp\/v2\/media?parent=203"}],"curies":[{"name":"wp","href":"https:\/\/api.w.org\/{rel}","templated":true}]}}