{"id":204,"date":"2020-11-12T12:57:50","date_gmt":"2020-11-12T12:57:50","guid":{"rendered":"https:\/\/alimak.wpengine.com\/?page_id=204"},"modified":"2022-10-28T09:04:54","modified_gmt":"2022-10-28T09:04:54","slug":"maintenance","status":"publish","type":"page","link":"https:\/\/alimak.com\/de\/service-solutions\/maintenance\/","title":{"rendered":"Wartung"},"content":{"rendered":"\n<article class=\"m11 break-out\" id=\"block_5fad4f7eea124\" data-animate-container>\n\n  <nav id=\"breadcrumbs\"><div class=\"container\" data-animate><span><span><a href=\"https:\/\/alimak.com\/de\/\">Startseite<\/a><\/span><\/span><\/div><\/nav>\n  <div class=\"m11__wrapper\">\n    <div class=\"container m11__container\">\n\n      <div class=\"m11__content\">\n\n                  <h1 class=\"m11__heading uppercase\" data-animate>WARTUNGSL\u00d6SUNGEN<\/h1>\n        \n                  <div class=\"m11__text\" data-animate>\n            <p>Eigent\u00fcmern und Betreibern von Alimak-H\u00f6henzugangsanlagen stehen zahlreiche umfassende Service- und Supportl\u00f6sungen zur Verf\u00fcgung. Wartungsvertr\u00e4ge sind auf die Anforderungen von Anlagen zugeschnitten und k\u00f6nnen w\u00e4hrend der gesamten Betriebsdauer von H\u00f6henzugangsanlagen ad hoc oder langfristig umgesetzt werden.<\/p>\n<p>Alle Wartungsleistungen werden ausschlie\u00dflich von gut ausgebildeten und erfahrenen Alimak-Servicetechnikern durchgef\u00fchrt, die durch ihre qualitativ hochwertigen Arbeiten f\u00fcr eine Verbesserung der Leistung, Effizienz und Sicherheit sorgen. Wartungsl\u00f6sungen sind f\u00fcr alle Alimak-Produkte verf\u00fcgbar, darunter Bauaufz\u00fcge, Industrieaufz\u00fcge, Mastkletterb\u00fchnen und Transportb\u00fchnen.<\/p>\n          <\/div>\n        \n                  <a\n          href=\"https:\/\/alimak.com\/de\/contact-us\/\"\n          class=\"m11__button button\"\n          data-animate\n          target=\"_self\">\n            Kontaktieren Sie uns          <\/a>\n        \n      <\/div>\n\n              <div class=\"m11__media\">\n          <img src=https:\/\/alimak.com\/de\/wp-content\/uploads\/sites\/17\/2022\/10\/190806-148-web-800x533.jpg srcset=\"https:\/\/alimak.com\/de\/wp-content\/uploads\/sites\/17\/2022\/10\/190806-148-web-800x533.jpg 1x, https:\/\/alimak.com\/de\/wp-content\/uploads\/sites\/17\/2022\/10\/190806-148-web-1600x1067.jpg 2x\" class=\"m11__image initial\" alt=\"\" width=\"800\" height=\"533\">        <\/div>\n      \n    <\/div>\n  <\/div>\n<\/article>\n\n\n\n\n<div style=\"height:72px\" aria-hidden=\"true\" class=\"wp-block-spacer\"><\/div>\n\n\n\n<p class=\"has-text-align-center\">Als ausgew\u00e4hlter Alimak-Dienstleister bietet Alimak-Service Eigent\u00fcmern und Betreibern von Alimak-Anlagen umfassende Service- und Supportl\u00f6sungen.  Alle Wartungsarbeiten werden von hochqualifizierten Alimak-Servicetechnikern durchgef\u00fchrt.<\/p>\n\n\n\n<div style=\"height:50px\" aria-hidden=\"true\" class=\"wp-block-spacer\"><\/div>\n\n\n\n<div class=\"wp-block-group has-light-grey-background-color has-background\"><div class=\"wp-block-group__inner-container is-layout-flow wp-block-group-is-layout-flow\">\n<article class=\"m05 break-out desktop-only\" id=\"block_5fad4fcdea126\" data-animate-container>\n  <div class=\"container m05__container\">\n          <h2 class=\"m05__heading h3 uppercase\" data-animate>Vorteile von Wartungsl\u00f6sungen<\/h2>\n    \n          <div class=\"m05__benefits\">\n                  <article class=\"m05__benefit\" data-animate data-delay=\"0\">\n\n                          <p class=\"m05__text h4 uppercase\">Ma\u00dfgeschneiderte Wartungsvertr\u00e4ge<\/p>\n            \n                          <div class=\"m05__icon\" aria-hidden=\"true\">\n                <img src=https:\/\/alimak.com\/de\/wp-content\/uploads\/sites\/17\/2020\/11\/icon_benefits.png  class=\"\" alt=\"\" width=\"51\" height=\"61\">              <\/div>\n            \n          <\/article>\n                  <article class=\"m05__benefit\" data-animate data-delay=\"150\">\n\n                          <p class=\"m05__text h4 uppercase\">Minimierung von Ausfallzeiten<\/p>\n            \n                          <div class=\"m05__icon\" aria-hidden=\"true\">\n                <img src=https:\/\/alimak.com\/de\/wp-content\/uploads\/sites\/17\/2020\/11\/icon_benefits.png  class=\"\" alt=\"\" width=\"51\" height=\"61\">              <\/div>\n            \n          <\/article>\n                  <article class=\"m05__benefit\" data-animate data-delay=\"300\">\n\n                          <p class=\"m05__text h4 uppercase\">Original-Ersatzteile<\/p>\n            \n                          <div class=\"m05__icon\" aria-hidden=\"true\">\n                <img src=https:\/\/alimak.com\/de\/wp-content\/uploads\/sites\/17\/2020\/11\/icon_benefits.png  class=\"\" alt=\"\" width=\"51\" height=\"61\">              <\/div>\n            \n          <\/article>\n                  <article class=\"m05__benefit\" data-animate data-delay=\"450\">\n\n                          <p class=\"m05__text h4 uppercase\">12 Monate Garantie<\/p>\n            \n                          <div class=\"m05__icon\" aria-hidden=\"true\">\n                <img src=https:\/\/alimak.com\/de\/wp-content\/uploads\/sites\/17\/2020\/11\/icon_benefits.png  class=\"\" alt=\"\" width=\"51\" height=\"61\">              <\/div>\n            \n          <\/article>\n              <\/div>\n      <\/div>\n<\/article>\n<\/div><\/div>\n\n\n\n<article class=\"m13 break-out\" id=\"block_5fad5044ea12b\" data-animate-container>\n  <div class=\"container m13__container\">\n\n          <h2 class=\"m13__heading uppercase h3\" data-animate>Verf\u00fcgbare Wartungsleistungen<\/h2>\n        \n          <div class=\"m13__services\">\n                  <article class=\"m13__service\" data-animate data-delay=\"0\">\n\n                          <h3 class=\"m13__title uppercase h4\">Erstberatung und Vorschlag<\/h3>\n            \n            <p>Ein Alimak-Experte f\u00fchrt eine vollst\u00e4ndige Inspektion durch, bevor er die kosteng\u00fcnstigste Wartungsl\u00f6sung vorschl\u00e4gt.<\/p>\n\n            \n                          <div class=\"m13__icon\" aria-hidden=\"true\">\n                <img src=https:\/\/alimak.com\/de\/wp-content\/uploads\/sites\/17\/2020\/11\/icon_Primary-consultation.png  class=\"\" alt=\"\" width=\"60\" height=\"53\">              <\/div>\n            \n          <\/article>\n                  <article class=\"m13__service\" data-animate data-delay=\"150\">\n\n                          <h3 class=\"m13__title uppercase h4\">Dienstleistungsvertrag<\/h3>\n            \n            <p>Ma\u00dfgeschneiderte Servicevertr\u00e4ge reichen von Ad-hoc-Service und Wartung bis hin zu umfassenden Service- und Supportl\u00f6sungen f\u00fcr die gesamte Lebensdauer der Anlagen.<\/p>\n\n            \n                          <div class=\"m13__icon\" aria-hidden=\"true\">\n                <img src=https:\/\/alimak.com\/de\/wp-content\/uploads\/sites\/17\/2020\/11\/icon_Service-level-agreement.png  class=\"\" alt=\"\" width=\"42\" height=\"60\">              <\/div>\n            \n          <\/article>\n                  <article class=\"m13__service\" data-animate data-delay=\"300\">\n\n                          <h3 class=\"m13__title uppercase h4\">Programm f\u00fcr Service und vorbeugende Wartung <\/h3>\n            \n            <p>Geplante vorbeugende Wartung verbessert die Leistung, verl\u00e4ngert die Betriebsdauer von Alimak-Anlagen und minimiert das Risiko ungeplanter Ausfallzeiten.<\/p>\n\n            \n                          <div class=\"m13__icon\" aria-hidden=\"true\">\n                <img src=https:\/\/alimak.com\/de\/wp-content\/uploads\/sites\/17\/2020\/11\/icon_Service-_-preventative.png  class=\"\" alt=\"\" width=\"66\" height=\"71\">              <\/div>\n            \n          <\/article>\n                  <article class=\"m13__service\" data-animate data-delay=\"450\">\n\n                          <h3 class=\"m13__title uppercase h4\">Notfalleins\u00e4tze<\/h3>\n            \n            <p>Notfalldienste minimieren kostspielige Ausfallzeiten von Anlagen. So wird die Wiederherstellung der Leistung und Funktionalit\u00e4t der Anlagen gew\u00e4hrleistet.<\/p>\n\n            \n                          <div class=\"m13__icon\" aria-hidden=\"true\">\n                <img src=https:\/\/alimak.com\/de\/wp-content\/uploads\/sites\/17\/2020\/11\/icon_Emergency-callouts.png  class=\"\" alt=\"\" width=\"62\" height=\"55\">              <\/div>\n            \n          <\/article>\n                  <article class=\"m13__service\" data-animate data-delay=\"600\">\n\n                          <h3 class=\"m13__title uppercase h4\">Technische Betreuung \/ Fehlerbehebung <\/h3>\n            \n            <p>Identifizieren und beheben Sie Probleme mit der Leistung, Sicherheit und Effizienz und maximieren Sie so die Betriebszeit von H\u00f6henzugangsanlagen.<\/p>\n\n            \n                          <div class=\"m13__icon\" aria-hidden=\"true\">\n                <img src=https:\/\/alimak.com\/de\/wp-content\/uploads\/sites\/17\/2020\/11\/icon_Technical-support.png  class=\"\" alt=\"\" width=\"63\" height=\"63\">              <\/div>\n            \n          <\/article>\n                  <article class=\"m13__service\" data-animate data-delay=\"750\">\n\n                          <h3 class=\"m13__title uppercase h4\">Ersatzteilpakete<\/h3>\n            \n            <p>W\u00e4hrend der Wartungsarbeiten werden ausschlie\u00dflich Alimak-Originalteile verwendet, um die Betriebsdauer der Alimak-Anlagen zu verl\u00e4ngern und die Leistung zu maximieren.<\/p>\n\n            \n                          <div class=\"m13__icon\" aria-hidden=\"true\">\n                <img src=https:\/\/alimak.com\/de\/wp-content\/uploads\/sites\/17\/2020\/11\/icon_spare-parts.png  class=\"\" alt=\"\" width=\"64\" height=\"60\">              <\/div>\n            \n          <\/article>\n              <\/div>\n    \n  <\/div>\n<\/article>\n\n\n\n<article class=\"m08 break-out\" id=\"block_5fad50cbea132\" data-animate-container>\n  <div class=\"container m08__container\">\n\n          <div class=\"m08__block m08__block--one\">\n        <div class=\"m08__content\">\n\n                      <h2 class=\"m08__heading uppercase h3\" data-animate>Kontaktieren Sie uns f\u00fcr weitere Informationen oder ein Angebot<\/h2>\n          \n                      <div class=\"m08__text\" data-animate>\n              <p>Ben\u00f6tigen Sie Hilfe bei der Produktauswahl f\u00fcr ein bevorstehendes Projekt? Wenden Sie sich an unsere Produktexperten, um Informationen zu den verf\u00fcgbaren H\u00f6henzugangsl\u00f6sungen und ein Angebot zu erhalten, das den Anforderungen Ihres Projekts entspricht.<\/p>\n            <\/div>\n          \n                      <a\n            data-animate\n            href=\"https:\/\/alimak.com\/de\/request-a-quote\"\n            class=\"m08__button button button--outline button--white\"\n            target=\"_self\">\n              ANGEBOT ANFORDERN            <\/a>\n          \n        <\/div>\n      <\/div>\n    \n          <div class=\"m08__block m08__block--two\">\n        <div class=\"m08__content\">\n\n                      <h2 class=\"m08__heading uppercase h3\" data-animate>Finden sie einen Handelsvertreter vor Ort<\/h2>\n          \n                      <div class=\"m08__text\" data-animate>\n              <p>Alimak ist auf sechs Kontinenten vertreten und nutzt ein globales Netzwerk, um H\u00f6henzugangsl\u00f6sungen f\u00fcr eine Vielzahl von Anwendungen auf Bau- und Industriestandorten auf der ganzen Welt bereitzustellen. Kontaktieren Sie uns, um einen Vertreter vor Ort aus dem globalen Netzwerk von Alimak zu finden.<\/p>\n            <\/div>\n          \n                      <a\n            data-animate\n            href=\"https:\/\/alimak.com\/de\/locations\/\"\n            class=\"m08__button button\"\n            target=\"_self\">\n              VERZEICHNIS DURCHSUCHEN            <\/a>\n          \n        <\/div>\n      <\/div>\n        \n  <\/div>\n<\/article>\n\n\n\n<div style=\"height:100px\" aria-hidden=\"true\" class=\"wp-block-spacer\"><\/div>\n","protected":false},"excerpt":{"rendered":"<p>Als ausgew\u00e4hlter Alimak-Dienstleister bietet Alimak-Service Eigent\u00fcmern und Betreibern von Alimak-Anlagen umfassende Service- und Supportl\u00f6sungen. Alle Wartungsarbeiten werden von hochqualifizierten Alimak-Servicetechnikern durchgef\u00fchrt.<\/p>\n","protected":false},"author":1,"featured_media":0,"parent":203,"menu_order":0,"comment_status":"closed","ping_status":"closed","template":"","meta":{"_trash_the_other_posts":false,"editor_notices":[],"footnotes":""},"class_list":["post-204","page","type-page","status-publish","hentry"],"yoast_head":"<!-- This site is optimized with the Yoast SEO plugin v27.3 - https:\/\/yoast.com\/product\/yoast-seo-wordpress\/ -->\n<title>Wartung - Alimak Germany<\/title>\n<meta name=\"robots\" content=\"index, follow, max-snippet:-1, max-image-preview:large, max-video-preview:-1\" \/>\n<link rel=\"canonical\" href=\"https:\/\/alimak.com\/de\/service-solutions\/maintenance\/\" \/>\n<meta property=\"og:locale\" content=\"de_DE\" \/>\n<meta property=\"og:type\" content=\"article\" \/>\n<meta property=\"og:title\" content=\"Wartung - Alimak Germany\" \/>\n<meta property=\"og:description\" content=\"Als ausgew\u00e4hlter Alimak-Dienstleister bietet Alimak-Service Eigent\u00fcmern und Betreibern von Alimak-Anlagen umfassende Service- und Supportl\u00f6sungen. Alle Wartungsarbeiten werden von hochqualifizierten Alimak-Servicetechnikern durchgef\u00fchrt.\" \/>\n<meta property=\"og:url\" content=\"https:\/\/alimak.com\/de\/service-solutions\/maintenance\/\" \/>\n<meta property=\"og:site_name\" content=\"Alimak Germany\" \/>\n<meta property=\"article:modified_time\" content=\"2022-10-28T09:04:54+00:00\" \/>\n<meta name=\"twitter:card\" content=\"summary_large_image\" \/>\n<meta name=\"twitter:label1\" content=\"Gesch\u00e4tzte Lesezeit\" \/>\n\t<meta name=\"twitter:data1\" content=\"1\u00a0Minute\" \/>\n<script type=\"application\/ld+json\" class=\"yoast-schema-graph\">{\"@context\":\"https:\\\/\\\/schema.org\",\"@graph\":[{\"@type\":\"WebPage\",\"@id\":\"https:\\\/\\\/alimak.com\\\/de\\\/service-solutions\\\/maintenance\\\/\",\"url\":\"https:\\\/\\\/alimak.com\\\/de\\\/service-solutions\\\/maintenance\\\/\",\"name\":\"Wartung - Alimak Germany\",\"isPartOf\":{\"@id\":\"https:\\\/\\\/alimak.com\\\/de\\\/#website\"},\"datePublished\":\"2020-11-12T12:57:50+00:00\",\"dateModified\":\"2022-10-28T09:04:54+00:00\",\"breadcrumb\":{\"@id\":\"https:\\\/\\\/alimak.com\\\/de\\\/service-solutions\\\/maintenance\\\/#breadcrumb\"},\"inLanguage\":\"de\",\"potentialAction\":[{\"@type\":\"ReadAction\",\"target\":[\"https:\\\/\\\/alimak.com\\\/de\\\/service-solutions\\\/maintenance\\\/\"]}]},{\"@type\":\"BreadcrumbList\",\"@id\":\"https:\\\/\\\/alimak.com\\\/de\\\/service-solutions\\\/maintenance\\\/#breadcrumb\",\"itemListElement\":[{\"@type\":\"ListItem\",\"position\":1,\"name\":\"Startseite\",\"item\":\"https:\\\/\\\/alimak.com\\\/de\\\/\"},{\"@type\":\"ListItem\",\"position\":2,\"name\":\"Service &#038; Support\",\"item\":\"https:\\\/\\\/alimak.com\\\/de\\\/service-solutions\\\/\"},{\"@type\":\"ListItem\",\"position\":3,\"name\":\"Wartung\"}]},{\"@type\":\"WebSite\",\"@id\":\"https:\\\/\\\/alimak.com\\\/de\\\/#website\",\"url\":\"https:\\\/\\\/alimak.com\\\/de\\\/\",\"name\":\"Alimak Germany\",\"description\":\"Weltweit f\u00fchrend bei H\u00f6henzugangsl\u00f6sungen\",\"potentialAction\":[{\"@type\":\"SearchAction\",\"target\":{\"@type\":\"EntryPoint\",\"urlTemplate\":\"https:\\\/\\\/alimak.com\\\/de\\\/?s={search_term_string}\"},\"query-input\":{\"@type\":\"PropertyValueSpecification\",\"valueRequired\":true,\"valueName\":\"search_term_string\"}}],\"inLanguage\":\"de\"}]}<\/script>\n<!-- \/ Yoast SEO plugin. -->","yoast_head_json":{"title":"Wartung - Alimak Germany","robots":{"index":"index","follow":"follow","max-snippet":"max-snippet:-1","max-image-preview":"max-image-preview:large","max-video-preview":"max-video-preview:-1"},"canonical":"https:\/\/alimak.com\/de\/service-solutions\/maintenance\/","og_locale":"de_DE","og_type":"article","og_title":"Wartung - Alimak Germany","og_description":"Als ausgew\u00e4hlter Alimak-Dienstleister bietet Alimak-Service Eigent\u00fcmern und Betreibern von Alimak-Anlagen umfassende Service- und Supportl\u00f6sungen. Alle Wartungsarbeiten werden von hochqualifizierten Alimak-Servicetechnikern durchgef\u00fchrt.","og_url":"https:\/\/alimak.com\/de\/service-solutions\/maintenance\/","og_site_name":"Alimak Germany","article_modified_time":"2022-10-28T09:04:54+00:00","twitter_card":"summary_large_image","twitter_misc":{"Gesch\u00e4tzte Lesezeit":"1\u00a0Minute"},"schema":{"@context":"https:\/\/schema.org","@graph":[{"@type":"WebPage","@id":"https:\/\/alimak.com\/de\/service-solutions\/maintenance\/","url":"https:\/\/alimak.com\/de\/service-solutions\/maintenance\/","name":"Wartung - Alimak Germany","isPartOf":{"@id":"https:\/\/alimak.com\/de\/#website"},"datePublished":"2020-11-12T12:57:50+00:00","dateModified":"2022-10-28T09:04:54+00:00","breadcrumb":{"@id":"https:\/\/alimak.com\/de\/service-solutions\/maintenance\/#breadcrumb"},"inLanguage":"de","potentialAction":[{"@type":"ReadAction","target":["https:\/\/alimak.com\/de\/service-solutions\/maintenance\/"]}]},{"@type":"BreadcrumbList","@id":"https:\/\/alimak.com\/de\/service-solutions\/maintenance\/#breadcrumb","itemListElement":[{"@type":"ListItem","position":1,"name":"Startseite","item":"https:\/\/alimak.com\/de\/"},{"@type":"ListItem","position":2,"name":"Service &#038; Support","item":"https:\/\/alimak.com\/de\/service-solutions\/"},{"@type":"ListItem","position":3,"name":"Wartung"}]},{"@type":"WebSite","@id":"https:\/\/alimak.com\/de\/#website","url":"https:\/\/alimak.com\/de\/","name":"Alimak Germany","description":"Weltweit f\u00fchrend bei H\u00f6henzugangsl\u00f6sungen","potentialAction":[{"@type":"SearchAction","target":{"@type":"EntryPoint","urlTemplate":"https:\/\/alimak.com\/de\/?s={search_term_string}"},"query-input":{"@type":"PropertyValueSpecification","valueRequired":true,"valueName":"search_term_string"}}],"inLanguage":"de"}]}},"_links":{"self":[{"href":"https:\/\/alimak.com\/de\/wp-json\/wp\/v2\/pages\/204","targetHints":{"allow":["GET"]}}],"collection":[{"href":"https:\/\/alimak.com\/de\/wp-json\/wp\/v2\/pages"}],"about":[{"href":"https:\/\/alimak.com\/de\/wp-json\/wp\/v2\/types\/page"}],"author":[{"embeddable":true,"href":"https:\/\/alimak.com\/de\/wp-json\/wp\/v2\/users\/1"}],"replies":[{"embeddable":true,"href":"https:\/\/alimak.com\/de\/wp-json\/wp\/v2\/comments?post=204"}],"version-history":[{"count":5,"href":"https:\/\/alimak.com\/de\/wp-json\/wp\/v2\/pages\/204\/revisions"}],"predecessor-version":[{"id":4489,"href":"https:\/\/alimak.com\/de\/wp-json\/wp\/v2\/pages\/204\/revisions\/4489"}],"up":[{"embeddable":true,"href":"https:\/\/alimak.com\/de\/wp-json\/wp\/v2\/pages\/203"}],"wp:attachment":[{"href":"https:\/\/alimak.com\/de\/wp-json\/wp\/v2\/media?parent=204"}],"curies":[{"name":"wp","href":"https:\/\/api.w.org\/{rel}","templated":true}]}}