{"id":404,"date":"2020-11-17T13:12:33","date_gmt":"2020-11-17T13:12:33","guid":{"rendered":"https:\/\/alimak.wpengine.com\/?page_id=404"},"modified":"2021-02-07T03:22:55","modified_gmt":"2021-02-07T03:22:55","slug":"mast-ties","status":"publish","type":"page","link":"https:\/\/alimak.com\/de\/accessories-overview\/mast-ties\/","title":{"rendered":"Mast &#038; Verankerungen"},"content":{"rendered":"\n<article class=\"m11 break-out\" id=\"block_5fb3d8ce63259\" data-animate-container>\n\n  <nav id=\"breadcrumbs\"><div class=\"container\" data-animate><span><span><a href=\"https:\/\/alimak.com\/de\/\">Startseite<\/a><\/span><\/span><\/div><\/nav>\n  <div class=\"m11__wrapper\">\n    <div class=\"container m11__container\">\n\n      <div class=\"m11__content\">\n\n                  <h1 class=\"m11__heading uppercase\" data-animate>Mast &amp; Verankerungen<\/h1>\n        \n                  <div class=\"m11__text\" data-animate>\n            <p>Alimak-Mastverankerungen werden zur Befestigung des Mastturms an einer Konstruktion oder einem Geb\u00e4ude verwendet. F\u00fcr verschiedene Bedingungen und Konstruktionen stehen unterschiedliche Typen zur Verf\u00fcgung. Sie sind auf einem modularen, flexiblen Design aufgebaut, das in H\u00f6he, Breite und L\u00e4nge mit flexiblen Wandhalterungen verstellbar ist.<\/p>\n<p>Alimak bietet drei Masttypen an, die f\u00fcr jeweils leichte, mittlere und schwere Arten von Bauprodukten geeignet sind. Die Masten k\u00f6nnen sowohl f\u00fcr Aufz\u00fcge als auch f\u00fcr Transportb\u00fchnen verwendet werden, die in dieselbe Produktkategorie fallen, was Kostenvorteile mit sich bringt.<\/p>\n<p>Alimak-Mastprofile sind leicht und dennoch stark, minimieren die Anzahl der Ankerpunkte und bieten weitreichende F\u00f6rderh\u00f6hen und einen hohen freien \u00dcberhang. Die hochwertigen Materialien und der Herstellungsprozess werden streng kontrolliert und werden gr\u00fcndlichen Belastungstests unterzogen.<\/p>\n<p>&nbsp;<\/p>\n          <\/div>\n        \n                  <a\n          href=\"https:\/\/alimak.com\/de\/contact-us\/\"\n          class=\"m11__button button\"\n          data-animate\n          target=\"_self\">\n            Kontaktieren Sie uns          <\/a>\n        \n      <\/div>\n\n              <div class=\"m11__media\">\n          <img src=https:\/\/alimak.com\/de\/wp-content\/uploads\/sites\/17\/2020\/11\/Mast-and-ties-Hero.png srcset=\"https:\/\/alimak.com\/de\/wp-content\/uploads\/sites\/17\/2020\/11\/Mast-and-ties-Hero.png 1x, https:\/\/alimak.com\/de\/wp-content\/uploads\/sites\/17\/2020\/11\/Mast-and-ties-Hero.png 2x\" class=\"m11__image initial\" alt=\"\" width=\"666\" height=\"592\">        <\/div>\n      \n    <\/div>\n  <\/div>\n<\/article>\n\n\n\n\n<div class=\"archive terra-feed \">\n\n\t<form id=\"filters\" name=\"accessory-feed\" action=\"\" method=\"get\" class=\"terra archive-container__wrapper\" data-uid=\"00000000000013900000000000000000\">\n\t\t\t\t\t<header class=\"archive-container__filters\">\n\t\t\t\t<h4 class=\"archive-container__filters--heading\">Filtern nach<\/h4>\n\t\t\t\t\t\t\t\t\t\t<div class=\"archive-container__filter-wrap\">\n\t\t\t\t\t\t\t<label class=\"archive-container__filter-label\" for=\"filter-mast-type\">Masttypen<\/label>\n\t\t\t\t\t\t\t<select name=\"filter-mast-type\" data-filter=\"filter-mast-type\" class=\"filter-select archive-container__filter terra__select terra-filter  default-style\" ><option  selected='selected' disabled=\"disabled\" style=\"display: none;\">Bitte ausw\u00e4hlen<\/option><option value=\"\" >Zeige alles<\/option><option value=\"350-triangular\" >350 dreieckig<\/option><option value=\"450-squared\" >450 quadratisch<\/option><option value=\"650-squared\" >650 quadratisch<\/option><\/select>\t\t\t\t\t\t<\/div>\n\t\t\t\t\t\t\n\t\t\t\t<button type=\"reset\" value=\"\" class=\"archive-container__reset\">\n\t\t\t\t\tZur\u00fccksetzen\t\t\t\t<\/button>\n\t\t\t<\/header>\n\t\t\n\t\t<div class=\"container\">\n\t\t\t\t\t\t\t<div class=\"archive-sorting\">\n\t\t\t\t\t\n\t\t\t\t\t<div class=\"archive-sorting__input\">\n\t\t\t\t\t\t<label for=\"filter-sort\">Sortieren:<\/label>\n\t\t\t\t\t\t<select name=\"filter-sort\" data-filter=\"filter-sort\" class=\"archive-sorting__sort terra__select terra-filter  default-style\" ><option value=\"ASC\" >A &#8211; Z<\/option><option value=\"DESC\" >Z &#8211; A<\/option><\/select>\t\t\t\t\t<\/div>\n\t\t\t\t\t\t\t<\/div>\n\n\t\t\t<div id=\"accessory-feed\" class=\"terra-container archive-container__items archive-container__items--accessory\">\n<article class=\"single-accessory-item\">\n\t<a class=\"single-accessory-item__link\">\n\n\t\t\t\t\t<div class=\"single-accessory-item__media\">\n\t\t\t\t<img src=https:\/\/alimak.com\/de\/wp-content\/uploads\/sites\/17\/2020\/11\/650-squared.png srcset=\"https:\/\/alimak.com\/de\/wp-content\/uploads\/sites\/17\/2020\/11\/650-squared.png 1x, https:\/\/alimak.com\/de\/wp-content\/uploads\/sites\/17\/2020\/11\/650-squared.png 2x\" class=\"single-accessory-item__image\" alt=\"\" width=\"192\" height=\"232\">\t\t\t<\/div>\n\t\t\n\t\t<div class=\"single-accessory-item__content\">\n\t\t\t<h3 class=\"single-accessory-item__heading uppercase\">Mast 650 Viereckig<\/h3>\n\t\t<\/div>\n\n\t<\/a>\n<\/article>\n\n<article class=\"single-accessory-item\">\n\t<a class=\"single-accessory-item__link\">\n\n\t\t\t\t\t<div class=\"single-accessory-item__media\">\n\t\t\t\t<img src=https:\/\/alimak.com\/de\/wp-content\/uploads\/sites\/17\/2020\/11\/450-squared.png srcset=\"https:\/\/alimak.com\/de\/wp-content\/uploads\/sites\/17\/2020\/11\/450-squared.png 1x, https:\/\/alimak.com\/de\/wp-content\/uploads\/sites\/17\/2020\/11\/450-squared.png 2x\" class=\"single-accessory-item__image\" alt=\"\" width=\"192\" height=\"232\">\t\t\t<\/div>\n\t\t\n\t\t<div class=\"single-accessory-item__content\">\n\t\t\t<h3 class=\"single-accessory-item__heading uppercase\">Mast 450 Viereckig<\/h3>\n\t\t<\/div>\n\n\t<\/a>\n<\/article>\n\n<article class=\"single-accessory-item\">\n\t<a class=\"single-accessory-item__link\">\n\n\t\t\t\t\t<div class=\"single-accessory-item__media\">\n\t\t\t\t<img src=https:\/\/alimak.com\/de\/wp-content\/uploads\/sites\/17\/2020\/11\/350-triangular-1.png srcset=\"https:\/\/alimak.com\/de\/wp-content\/uploads\/sites\/17\/2020\/11\/350-triangular-1.png 1x, https:\/\/alimak.com\/de\/wp-content\/uploads\/sites\/17\/2020\/11\/350-triangular-1.png 2x\" class=\"single-accessory-item__image\" alt=\"\" width=\"192\" height=\"232\">\t\t\t<\/div>\n\t\t\n\t\t<div class=\"single-accessory-item__content\">\n\t\t\t<h3 class=\"single-accessory-item__heading uppercase\">Mast 350 dreieckig<\/h3>\n\t\t<\/div>\n\n\t<\/a>\n<\/article>\n\n<article class=\"single-accessory-item\">\n\t<a class=\"single-accessory-item__link\">\n\n\t\t\t\t\t<div class=\"single-accessory-item__media\">\n\t\t\t\t<img src=https:\/\/alimak.com\/de\/wp-content\/uploads\/sites\/17\/2020\/11\/1.4.3.png srcset=\"https:\/\/alimak.com\/de\/wp-content\/uploads\/sites\/17\/2020\/11\/1.4.3.png 1x, https:\/\/alimak.com\/de\/wp-content\/uploads\/sites\/17\/2020\/11\/1.4.3.png 2x\" class=\"single-accessory-item__image\" alt=\"\" width=\"192\" height=\"232\">\t\t\t<\/div>\n\t\t\n\t\t<div class=\"single-accessory-item__content\">\n\t\t\t<h3 class=\"single-accessory-item__heading uppercase\">S1A-Verankerung<\/h3>\n\t\t<\/div>\n\n\t<\/a>\n<\/article>\n\n<article class=\"single-accessory-item\">\n\t<a class=\"single-accessory-item__link\">\n\n\t\t\t\t\t<div class=\"single-accessory-item__media\">\n\t\t\t\t<img src=https:\/\/alimak.com\/de\/wp-content\/uploads\/sites\/17\/2020\/11\/1.4.4.png srcset=\"https:\/\/alimak.com\/de\/wp-content\/uploads\/sites\/17\/2020\/11\/1.4.4.png 1x, https:\/\/alimak.com\/de\/wp-content\/uploads\/sites\/17\/2020\/11\/1.4.4.png 2x\" class=\"single-accessory-item__image\" alt=\"\" width=\"192\" height=\"232\">\t\t\t<\/div>\n\t\t\n\t\t<div class=\"single-accessory-item__content\">\n\t\t\t<h3 class=\"single-accessory-item__heading uppercase\">S2A-Verankerung<\/h3>\n\t\t<\/div>\n\n\t<\/a>\n<\/article>\n\n<article class=\"single-accessory-item\">\n\t<a class=\"single-accessory-item__link\">\n\n\t\t\t\t\t<div class=\"single-accessory-item__media\">\n\t\t\t\t<img src=https:\/\/alimak.com\/de\/wp-content\/uploads\/sites\/17\/2020\/11\/1.4.5.png srcset=\"https:\/\/alimak.com\/de\/wp-content\/uploads\/sites\/17\/2020\/11\/1.4.5.png 1x, https:\/\/alimak.com\/de\/wp-content\/uploads\/sites\/17\/2020\/11\/1.4.5.png 2x\" class=\"single-accessory-item__image\" alt=\"\" width=\"192\" height=\"232\">\t\t\t<\/div>\n\t\t\n\t\t<div class=\"single-accessory-item__content\">\n\t\t\t<h3 class=\"single-accessory-item__heading uppercase\">S3A-Verankerung<\/h3>\n\t\t<\/div>\n\n\t<\/a>\n<\/article>\n\n<article class=\"single-accessory-item\">\n\t<a class=\"single-accessory-item__link\">\n\n\t\t\t\t\t<div class=\"single-accessory-item__media\">\n\t\t\t\t<img src=https:\/\/alimak.com\/de\/wp-content\/uploads\/sites\/17\/2020\/11\/1.4.2.png srcset=\"https:\/\/alimak.com\/de\/wp-content\/uploads\/sites\/17\/2020\/11\/1.4.2.png 1x, https:\/\/alimak.com\/de\/wp-content\/uploads\/sites\/17\/2020\/11\/1.4.2.png 2x\" class=\"single-accessory-item__image\" alt=\"\" width=\"192\" height=\"232\">\t\t\t<\/div>\n\t\t\n\t\t<div class=\"single-accessory-item__content\">\n\t\t\t<h3 class=\"single-accessory-item__heading uppercase\">R2A-Verankerung<\/h3>\n\t\t<\/div>\n\n\t<\/a>\n<\/article>\n\n<article class=\"single-accessory-item\">\n\t<a class=\"single-accessory-item__link\">\n\n\t\t\t\t\t<div class=\"single-accessory-item__media\">\n\t\t\t\t<img src=https:\/\/alimak.com\/de\/wp-content\/uploads\/sites\/17\/2020\/11\/1.4.1.png srcset=\"https:\/\/alimak.com\/de\/wp-content\/uploads\/sites\/17\/2020\/11\/1.4.1.png 1x, https:\/\/alimak.com\/de\/wp-content\/uploads\/sites\/17\/2020\/11\/1.4.1.png 2x\" class=\"single-accessory-item__image\" alt=\"\" width=\"192\" height=\"232\">\t\t\t<\/div>\n\t\t\n\t\t<div class=\"single-accessory-item__content\">\n\t\t\t<h3 class=\"single-accessory-item__heading uppercase\">C-Klemmverankerung<\/h3>\n\t\t<\/div>\n\n\t<\/a>\n<\/article>\n\n<article class=\"single-accessory-item\">\n\t<a class=\"single-accessory-item__link\">\n\n\t\t\t\t\t<div class=\"single-accessory-item__media\">\n\t\t\t\t<img src=https:\/\/alimak.com\/de\/wp-content\/uploads\/sites\/17\/2020\/11\/1.4.6.png srcset=\"https:\/\/alimak.com\/de\/wp-content\/uploads\/sites\/17\/2020\/11\/1.4.6.png 1x, https:\/\/alimak.com\/de\/wp-content\/uploads\/sites\/17\/2020\/11\/1.4.6.png 2x\" class=\"single-accessory-item__image\" alt=\"\" width=\"192\" height=\"232\">\t\t\t<\/div>\n\t\t\n\t\t<div class=\"single-accessory-item__content\">\n\t\t\t<h3 class=\"single-accessory-item__heading uppercase\">Wandhalterungen<\/h3>\n\t\t<\/div>\n\n\t<\/a>\n<\/article>\n\n<article class=\"single-accessory-item\">\n\t<a class=\"single-accessory-item__link\">\n\n\t\t\t\t\t<div class=\"single-accessory-item__media\">\n\t\t\t\t<img src=https:\/\/alimak.com\/de\/wp-content\/uploads\/sites\/17\/2020\/11\/1.4.7.png srcset=\"https:\/\/alimak.com\/de\/wp-content\/uploads\/sites\/17\/2020\/11\/1.4.7.png 1x, https:\/\/alimak.com\/de\/wp-content\/uploads\/sites\/17\/2020\/11\/1.4.7.png 2x\" class=\"single-accessory-item__image\" alt=\"\" width=\"192\" height=\"232\">\t\t\t<\/div>\n\t\t\n\t\t<div class=\"single-accessory-item__content\">\n\t\t\t<h3 class=\"single-accessory-item__heading uppercase\">Vertikales Rohrsystem<\/h3>\n\t\t<\/div>\n\n\t<\/a>\n<\/article>\n\n<article class=\"single-accessory-item\">\n\t<a class=\"single-accessory-item__link\">\n\n\t\t\t\t\t<div class=\"single-accessory-item__media\">\n\t\t\t\t<img src=https:\/\/alimak.com\/de\/wp-content\/uploads\/sites\/17\/2020\/11\/1.4.3.png srcset=\"https:\/\/alimak.com\/de\/wp-content\/uploads\/sites\/17\/2020\/11\/1.4.3.png 1x, https:\/\/alimak.com\/de\/wp-content\/uploads\/sites\/17\/2020\/11\/1.4.3.png 2x\" class=\"single-accessory-item__image\" alt=\"\" width=\"192\" height=\"232\">\t\t\t<\/div>\n\t\t\n\t\t<div class=\"single-accessory-item__content\">\n\t\t\t<h3 class=\"single-accessory-item__heading uppercase\">S1C-Verankerung<\/h3>\n\t\t<\/div>\n\n\t<\/a>\n<\/article>\n\n<article class=\"single-accessory-item\">\n\t<a class=\"single-accessory-item__link\">\n\n\t\t\t\t\t<div class=\"single-accessory-item__media\">\n\t\t\t\t<img src=https:\/\/alimak.com\/de\/wp-content\/uploads\/sites\/17\/2020\/11\/1.4.4.png srcset=\"https:\/\/alimak.com\/de\/wp-content\/uploads\/sites\/17\/2020\/11\/1.4.4.png 1x, https:\/\/alimak.com\/de\/wp-content\/uploads\/sites\/17\/2020\/11\/1.4.4.png 2x\" class=\"single-accessory-item__image\" alt=\"\" width=\"192\" height=\"232\">\t\t\t<\/div>\n\t\t\n\t\t<div class=\"single-accessory-item__content\">\n\t\t\t<h3 class=\"single-accessory-item__heading uppercase\">S2C-Verankerung<\/h3>\n\t\t<\/div>\n\n\t<\/a>\n<\/article>\n\n<article class=\"single-accessory-item\">\n\t<a class=\"single-accessory-item__link\">\n\n\t\t\t\t\t<div class=\"single-accessory-item__media\">\n\t\t\t\t<img src=https:\/\/alimak.com\/de\/wp-content\/uploads\/sites\/17\/2020\/11\/1.4.5.png srcset=\"https:\/\/alimak.com\/de\/wp-content\/uploads\/sites\/17\/2020\/11\/1.4.5.png 1x, https:\/\/alimak.com\/de\/wp-content\/uploads\/sites\/17\/2020\/11\/1.4.5.png 2x\" class=\"single-accessory-item__image\" alt=\"\" width=\"192\" height=\"232\">\t\t\t<\/div>\n\t\t\n\t\t<div class=\"single-accessory-item__content\">\n\t\t\t<h3 class=\"single-accessory-item__heading uppercase\">S3C-Verankerung<\/h3>\n\t\t<\/div>\n\n\t<\/a>\n<\/article>\n\n<article class=\"single-accessory-item\">\n\t<a class=\"single-accessory-item__link\">\n\n\t\t\t\t\t<div class=\"single-accessory-item__media\">\n\t\t\t\t<img src=https:\/\/alimak.com\/de\/wp-content\/uploads\/sites\/17\/2020\/11\/1.4.2.png srcset=\"https:\/\/alimak.com\/de\/wp-content\/uploads\/sites\/17\/2020\/11\/1.4.2.png 1x, https:\/\/alimak.com\/de\/wp-content\/uploads\/sites\/17\/2020\/11\/1.4.2.png 2x\" class=\"single-accessory-item__image\" alt=\"\" width=\"192\" height=\"232\">\t\t\t<\/div>\n\t\t\n\t\t<div class=\"single-accessory-item__content\">\n\t\t\t<h3 class=\"single-accessory-item__heading uppercase\">R2C-Verankerung<\/h3>\n\t\t<\/div>\n\n\t<\/a>\n<\/article>\n\n<article class=\"single-accessory-item\">\n\t<a class=\"single-accessory-item__link\">\n\n\t\t\t\t\t<div class=\"single-accessory-item__media\">\n\t\t\t\t<img src=https:\/\/alimak.com\/de\/wp-content\/uploads\/sites\/17\/2020\/11\/1.4.1.png srcset=\"https:\/\/alimak.com\/de\/wp-content\/uploads\/sites\/17\/2020\/11\/1.4.1.png 1x, https:\/\/alimak.com\/de\/wp-content\/uploads\/sites\/17\/2020\/11\/1.4.1.png 2x\" class=\"single-accessory-item__image\" alt=\"\" width=\"192\" height=\"232\">\t\t\t<\/div>\n\t\t\n\t\t<div class=\"single-accessory-item__content\">\n\t\t\t<h3 class=\"single-accessory-item__heading uppercase\">C-Klemmverankerung<\/h3>\n\t\t<\/div>\n\n\t<\/a>\n<\/article>\n\n<nav class=\"pagination\">\n\t<span aria-current=\"page\" class=\"page-numbers current\">1<\/span>\n<a class=\"page-numbers\" href=\"https:\/\/alimak.com\/de\/wp-json\/wp\/v2\/pages\/404\/page\/2\">2<\/a>\n<a class=\"next page-numbers\" href=\"https:\/\/alimak.com\/de\/wp-json\/wp\/v2\/pages\/404\/page\/2\"><span class=\"screen-reader-text\">Next page<\/span><i class=\"pagination__icon pagination__icon--next aria-hidden=\"true\"><svg class=\"svg-icon svg-icon--icon-pagination-right\" aria-hidden=\"true\" role=\"img\"> <use href=\"#icon-pagination-right\" xlink:href=\"#icon-pagination-right\"><\/use> <\/svg><\/i><\/a><\/nav>\n<\/div>\t\t<\/div>\n\n\t\t<input type=\"hidden\" name=\"posts_per_page\" value=\"15\" \/><input type=\"hidden\" name=\"posts-offset\" value=\"15\" \/><\/form>\n<\/div>\n\n\n\n<div style=\"height:100px\" aria-hidden=\"true\" class=\"wp-block-spacer\"><\/div>\n\n\n\n<article class=\"m08 break-out\" id=\"block_5fb3cdb7f629f\" data-animate-container>\n  <div class=\"container m08__container\">\n\n          <div class=\"m08__block m08__block--one\">\n        <div class=\"m08__content\">\n\n                      <h2 class=\"m08__heading uppercase h3\" data-animate>Kontaktieren Sie uns f\u00fcr weitere Informationen oder ein Angebot<\/h2>\n          \n                      <div class=\"m08__text\" data-animate>\n              <p>Ben\u00f6tigen Sie Hilfe bei der Produktauswahl f\u00fcr ein bevorstehendes Projekt? Wenden Sie sich an unsere Produktexperten, um Informationen zu den verf\u00fcgbaren H\u00f6henzugangsl\u00f6sungen und ein Angebot zu erhalten, das den Anforderungen Ihres Projekts entspricht.<\/p>\n            <\/div>\n          \n                      <a\n            data-animate\n            href=\"https:\/\/alimak.com\/de\/request-a-quote\"\n            class=\"m08__button button button--outline button--white\"\n            target=\"_self\">\n              ANGEBOT ANFORDERN            <\/a>\n          \n        <\/div>\n      <\/div>\n    \n          <div class=\"m08__block m08__block--two\">\n        <div class=\"m08__content\">\n\n                      <h2 class=\"m08__heading uppercase h3\" data-animate>Finden sie einen Handelsvertreter vor Ort<\/h2>\n          \n                      <div class=\"m08__text\" data-animate>\n              <p>Alimak ist auf sechs Kontinenten vertreten und nutzt ein globales Netzwerk, um H\u00f6henzugangsl\u00f6sungen f\u00fcr eine Vielzahl von Anwendungen auf Bau- und Industriestandorten auf der ganzen Welt bereitzustellen. Kontaktieren Sie uns, um einen Vertreter vor Ort aus dem globalen Netzwerk von Alimak zu finden.<\/p>\n            <\/div>\n          \n                      <a\n            data-animate\n            href=\"\/de\/locations\"\n            class=\"m08__button button\"\n            target=\"_self\">\n              VERZEICHNIS DURCHSUCHEN            <\/a>\n          \n        <\/div>\n      <\/div>\n        \n  <\/div>\n<\/article>\n\n\n\n<div style=\"height:100px\" aria-hidden=\"true\" class=\"wp-block-spacer\"><\/div>\n","protected":false},"excerpt":{"rendered":"","protected":false},"author":1,"featured_media":0,"parent":382,"menu_order":0,"comment_status":"closed","ping_status":"closed","template":"","meta":{"_trash_the_other_posts":false,"editor_notices":[],"footnotes":""},"class_list":["post-404","page","type-page","status-publish","hentry"],"yoast_head":"<!-- This site is optimized with the Yoast SEO plugin v27.3 - https:\/\/yoast.com\/product\/yoast-seo-wordpress\/ -->\n<title>Mast &amp; Verankerungen - Alimak Germany<\/title>\n<meta name=\"robots\" content=\"index, follow, max-snippet:-1, max-image-preview:large, max-video-preview:-1\" \/>\n<link rel=\"canonical\" href=\"https:\/\/alimak.com\/de\/accessories-overview\/mast-ties\/\" \/>\n<meta property=\"og:locale\" content=\"de_DE\" \/>\n<meta property=\"og:type\" content=\"article\" \/>\n<meta property=\"og:title\" content=\"Mast &amp; Verankerungen - Alimak Germany\" \/>\n<meta property=\"og:url\" content=\"https:\/\/alimak.com\/de\/accessories-overview\/mast-ties\/\" \/>\n<meta property=\"og:site_name\" content=\"Alimak Germany\" \/>\n<meta property=\"article:modified_time\" content=\"2021-02-07T03:22:55+00:00\" \/>\n<meta name=\"twitter:card\" content=\"summary_large_image\" \/>\n<script type=\"application\/ld+json\" class=\"yoast-schema-graph\">{\"@context\":\"https:\\\/\\\/schema.org\",\"@graph\":[{\"@type\":\"WebPage\",\"@id\":\"https:\\\/\\\/alimak.com\\\/de\\\/accessories-overview\\\/mast-ties\\\/\",\"url\":\"https:\\\/\\\/alimak.com\\\/de\\\/accessories-overview\\\/mast-ties\\\/\",\"name\":\"Mast & Verankerungen - Alimak Germany\",\"isPartOf\":{\"@id\":\"https:\\\/\\\/alimak.com\\\/de\\\/#website\"},\"datePublished\":\"2020-11-17T13:12:33+00:00\",\"dateModified\":\"2021-02-07T03:22:55+00:00\",\"breadcrumb\":{\"@id\":\"https:\\\/\\\/alimak.com\\\/de\\\/accessories-overview\\\/mast-ties\\\/#breadcrumb\"},\"inLanguage\":\"de\",\"potentialAction\":[{\"@type\":\"ReadAction\",\"target\":[\"https:\\\/\\\/alimak.com\\\/de\\\/accessories-overview\\\/mast-ties\\\/\"]}]},{\"@type\":\"BreadcrumbList\",\"@id\":\"https:\\\/\\\/alimak.com\\\/de\\\/accessories-overview\\\/mast-ties\\\/#breadcrumb\",\"itemListElement\":[{\"@type\":\"ListItem\",\"position\":1,\"name\":\"Startseite\",\"item\":\"https:\\\/\\\/alimak.com\\\/de\\\/\"},{\"@type\":\"ListItem\",\"position\":2,\"name\":\"Zubeh\u00f6r\u00fcbersicht\",\"item\":\"https:\\\/\\\/alimak.com\\\/de\\\/accessories-overview\\\/\"},{\"@type\":\"ListItem\",\"position\":3,\"name\":\"Mast &#038; Verankerungen\"}]},{\"@type\":\"WebSite\",\"@id\":\"https:\\\/\\\/alimak.com\\\/de\\\/#website\",\"url\":\"https:\\\/\\\/alimak.com\\\/de\\\/\",\"name\":\"Alimak Germany\",\"description\":\"Weltweit f\u00fchrend bei H\u00f6henzugangsl\u00f6sungen\",\"potentialAction\":[{\"@type\":\"SearchAction\",\"target\":{\"@type\":\"EntryPoint\",\"urlTemplate\":\"https:\\\/\\\/alimak.com\\\/de\\\/?s={search_term_string}\"},\"query-input\":{\"@type\":\"PropertyValueSpecification\",\"valueRequired\":true,\"valueName\":\"search_term_string\"}}],\"inLanguage\":\"de\"}]}<\/script>\n<!-- \/ Yoast SEO plugin. -->","yoast_head_json":{"title":"Mast & Verankerungen - Alimak Germany","robots":{"index":"index","follow":"follow","max-snippet":"max-snippet:-1","max-image-preview":"max-image-preview:large","max-video-preview":"max-video-preview:-1"},"canonical":"https:\/\/alimak.com\/de\/accessories-overview\/mast-ties\/","og_locale":"de_DE","og_type":"article","og_title":"Mast & Verankerungen - Alimak Germany","og_url":"https:\/\/alimak.com\/de\/accessories-overview\/mast-ties\/","og_site_name":"Alimak Germany","article_modified_time":"2021-02-07T03:22:55+00:00","twitter_card":"summary_large_image","schema":{"@context":"https:\/\/schema.org","@graph":[{"@type":"WebPage","@id":"https:\/\/alimak.com\/de\/accessories-overview\/mast-ties\/","url":"https:\/\/alimak.com\/de\/accessories-overview\/mast-ties\/","name":"Mast & Verankerungen - Alimak Germany","isPartOf":{"@id":"https:\/\/alimak.com\/de\/#website"},"datePublished":"2020-11-17T13:12:33+00:00","dateModified":"2021-02-07T03:22:55+00:00","breadcrumb":{"@id":"https:\/\/alimak.com\/de\/accessories-overview\/mast-ties\/#breadcrumb"},"inLanguage":"de","potentialAction":[{"@type":"ReadAction","target":["https:\/\/alimak.com\/de\/accessories-overview\/mast-ties\/"]}]},{"@type":"BreadcrumbList","@id":"https:\/\/alimak.com\/de\/accessories-overview\/mast-ties\/#breadcrumb","itemListElement":[{"@type":"ListItem","position":1,"name":"Startseite","item":"https:\/\/alimak.com\/de\/"},{"@type":"ListItem","position":2,"name":"Zubeh\u00f6r\u00fcbersicht","item":"https:\/\/alimak.com\/de\/accessories-overview\/"},{"@type":"ListItem","position":3,"name":"Mast &#038; Verankerungen"}]},{"@type":"WebSite","@id":"https:\/\/alimak.com\/de\/#website","url":"https:\/\/alimak.com\/de\/","name":"Alimak Germany","description":"Weltweit f\u00fchrend bei H\u00f6henzugangsl\u00f6sungen","potentialAction":[{"@type":"SearchAction","target":{"@type":"EntryPoint","urlTemplate":"https:\/\/alimak.com\/de\/?s={search_term_string}"},"query-input":{"@type":"PropertyValueSpecification","valueRequired":true,"valueName":"search_term_string"}}],"inLanguage":"de"}]}},"_links":{"self":[{"href":"https:\/\/alimak.com\/de\/wp-json\/wp\/v2\/pages\/404","targetHints":{"allow":["GET"]}}],"collection":[{"href":"https:\/\/alimak.com\/de\/wp-json\/wp\/v2\/pages"}],"about":[{"href":"https:\/\/alimak.com\/de\/wp-json\/wp\/v2\/types\/page"}],"author":[{"embeddable":true,"href":"https:\/\/alimak.com\/de\/wp-json\/wp\/v2\/users\/1"}],"replies":[{"embeddable":true,"href":"https:\/\/alimak.com\/de\/wp-json\/wp\/v2\/comments?post=404"}],"version-history":[{"count":4,"href":"https:\/\/alimak.com\/de\/wp-json\/wp\/v2\/pages\/404\/revisions"}],"predecessor-version":[{"id":3560,"href":"https:\/\/alimak.com\/de\/wp-json\/wp\/v2\/pages\/404\/revisions\/3560"}],"up":[{"embeddable":true,"href":"https:\/\/alimak.com\/de\/wp-json\/wp\/v2\/pages\/382"}],"wp:attachment":[{"href":"https:\/\/alimak.com\/de\/wp-json\/wp\/v2\/media?parent=404"}],"curies":[{"name":"wp","href":"https:\/\/api.w.org\/{rel}","templated":true}]}}