{"id":817,"date":"2020-11-19T15:57:38","date_gmt":"2020-11-19T15:57:38","guid":{"rendered":"https:\/\/alimak.wpengine.com\/?page_id=817"},"modified":"2021-02-07T02:54:06","modified_gmt":"2021-02-07T02:54:06","slug":"custom-construction-solutions","status":"publish","type":"page","link":"https:\/\/alimak.com\/de\/custom-construction-solutions\/","title":{"rendered":"Kundenspezifische L\u00f6sungen f\u00fcr die Bauindustrie"},"content":{"rendered":"\n<article class=\"m11 break-out\" id=\"block_5fb691907b70f\" data-animate-container>\n\n  <nav id=\"breadcrumbs\"><div class=\"container\" data-animate><span><span><a href=\"https:\/\/alimak.com\/de\/\">Startseite<\/a><\/span><\/span><\/div><\/nav>\n  <div class=\"m11__wrapper\">\n    <div class=\"container m11__container\">\n\n      <div class=\"m11__content\">\n\n                  <h1 class=\"m11__heading uppercase\" data-animate>Kundenspezifische L\u00f6sungen f\u00fcr die Bauindustrie<\/h1>\n        \n                  <div class=\"m11__text\" data-animate>\n            <p>Alimak verf\u00fcgt \u00fcber ein umfangreiches Portfolio an kundenspezifischen H\u00f6henzugangsl\u00f6sungen f\u00fcr eine Reihe von Bauanwendungen und -umgebungen. Das modulare Angebot an Bauaufz\u00fcgen von Alimak, Transportb\u00fchnen und mastgef\u00fchrten Kletterb\u00fchnen kann an eine Vielzahl von Anwendungen angepasst werden.<\/p>\n<p>Das Standardprogramm der Bauaufz\u00fcge und Transportb\u00fchnen von Alimak bietet die optimale Transportl\u00f6sung f\u00fcr die meisten Geb\u00e4ude jeder H\u00f6he und Art. F\u00fcr spezifische Anforderungen kann das modulare Angebot auf nahezu jede H\u00f6he, Gr\u00f6\u00dfe oder Tragf\u00e4higkeit zugeschnitten und auf geneigten oder gekr\u00fcmmten Konstruktionen installiert werden.<\/p>\n<p>Das Alimak-Bauaufzugsystem erm\u00f6glicht beispielsweise Einzel-, Doppel- oder Dreifach-Fahrkorbkonfigurationen mit Tragf\u00e4higkeiten bis zu 12.400 kg und einer Ladefl\u00e4che von mehr als 95 Quadratmetern.<\/p>\n<p>Alimak kann auf eine langj\u00e4hrige Erfolgsbilanz in der Umsetzung von Projekten f\u00fcr Bauunternehmen und Endverbraucher mit besonderen Anforderungen an Produkte und Produktion zur\u00fcckblicken. Ein erfahrenes Team von Alimak-Projektingenieuren sorgt daf\u00fcr, dass die Projektanforderungen erf\u00fcllt werden.<\/p>\n          <\/div>\n        \n                  <a\n          href=\"https:\/\/alimak.com\/de\/contact-us\/\"\n          class=\"m11__button button\"\n          data-animate\n          target=\"_self\">\n            ANGEBOT ANFORDERN          <\/a>\n        \n      <\/div>\n\n              <div class=\"m11__media\">\n          <img src=https:\/\/alimak.com\/de\/wp-content\/uploads\/sites\/17\/2020\/11\/Custom-Construction-Solutions-hero-image.jpg srcset=\"https:\/\/alimak.com\/de\/wp-content\/uploads\/sites\/17\/2020\/11\/Custom-Construction-Solutions-hero-image.jpg 1x, https:\/\/alimak.com\/de\/wp-content\/uploads\/sites\/17\/2020\/11\/Custom-Construction-Solutions-hero-image.jpg 2x\" class=\"m11__image initial\" alt=\"\" width=\"666\" height=\"592\">        <\/div>\n      \n    <\/div>\n  <\/div>\n<\/article>\n\n\n\n\n<article class=\"m42 break-out\" id=\"block_5fd6998e2c81c\" data-animate-container>\n\t<div class=\"container m42__container\">\n\t\t\n\t\t\t\t\t\n\t\t\t\t\t\t\t\t\t\t\t\t\t\t\t\t\t<div class=\"m42__cta\">\n\t\t\t\t\t\t\t\t\t<div class=\"m42__cta__details\">\n\t\t\t\t\t\t\t\t\t\t<div class=\"m42__img\">\n\t\t\t\t\t\t\t\t\t\t<img src=https:\/\/alimak.com\/de\/wp-content\/uploads\/sites\/17\/2020\/11\/Duomo-di-Milano-Projects-tiles.jpg  class=\"\" alt=\"\" width=\"408\" height=\"408\">\t\t\t\t\t\t\t\t\t\t<\/div>\n\n\t\t\t\t\t\t\t\t\t\t\t\t\t\t\t\t\t\t\t\t<div class=\"m42__description\">\n\t\t\t\t\t\t\t\t\t\t\t\t\t\t\t\t\t\t\t\t\t\t<h6 class=\"m42__description__title\">Mail\u00e4nder Dom (Duomo di Milano)<\/h6>\n\t\t\t\t\t\t\t\t\t\t\t\n\t\t\t\t\t\t\t\t\t\t\t\t\t\t\t\t\t\t\t\t\t\t\t<p class=\"m42__description__location\">Mailand, Italien<\/p>\n\t\t\t\t\t\t\t\t\t\t\t\t\t\t\t\t\t\t\t\t\t<\/div>\n\t\t\t\t\t\t\t\t\t\t\t\t\t\t\t\t\t\t\t<\/div>\n\n\t\t\t\t\t\t\t\t\t<div class=\"m42__cta__text\">\n\t\t\t\t\t\t\t\t\t\t<h5 class=\"m42__subtitle\">20 Jahre sicherer H\u00f6henzugang zum Mail\u00e4nder Dom<\/h5>\n\t\t\t\t\t\t\t\t\t\t<p class=\"m42__excerpt\">\n\t\t\t\t\t\t\t\t\t\t\t\t\t\t\t\t\t\t\t\t\t\t\tBei der Lieferung von kundenspezifischen H\u00f6henzugangsl\u00f6sungen f\u00fcr den Mail\u00e4nder Dom konnte Alimak auf eine 20-j\u00e4hrige Erfahrung aufbauen und so den Zeitaufwand f\u00fcr den Zugang zur Baustelle auf dem Dach des Bauwerks deutlich reduzieren. Der Mail\u00e4nder Dom ist die f\u00fcnftgr\u00f6\u00dfte Kirche der Welt und hat eine jahrhundertealte Geschichte.\n\t\t\t\t\t\t\t\t\t\t\t\t\t\t\t\t\t\t\t\t\t<\/p>\n\t\t\t\t\t\t\t\t\t\t<a href=\"https:\/\/alimak.com\/de\/project\/duomo-di-milano\/\" class=\"button button--orange\">Weiterlesen<\/a>\n\t\t\t\t\t\t\t\t\t<\/div>\n\t\t\t\t\t\t\t\t<\/div>\n\t\t\t\t\t\t\t\n\t\t\t\t\t\t<\/div>\n<\/article>\n\n\n\n<article class=\"m13 break-out\" id=\"block_5fb3c2e6644e4\" data-animate-container>\n  <div class=\"container m13__container\">\n\n          <h2 class=\"m13__heading uppercase h3\" data-animate>Service und Support<\/h2>\n        \n          <div class=\"m13__services\">\n                  <article class=\"m13__service\" data-animate data-delay=\"0\">\n\n                          <h3 class=\"m13__title uppercase h4\">WARTUNG<\/h3>\n            \n            <p>Ein umfassendes Angebot an Wartungsleistungen wird von geschulten Alimak-Servicetechnikern zur Verf\u00fcgung gestellt und durchgef\u00fchrt, um die kontinuierliche optimale Leistung der Anlagen zu gew\u00e4hrleisten.<\/p>\n\n                          <a\n              href=\"https:\/\/alimak.com\/de\/service-support-overview\/maintenance\/\"\n              class=\"m13__button read-more\"\n              target=\"_self\">\n                <span>Mehr erfahren<\/span>\n                <svg class=\"svg-icon svg-icon--icon-arrow-right\" aria-hidden=\"true\" role=\"img\"> <use href=\"#icon-arrow-right\" xlink:href=\"#icon-arrow-right\"><\/use> <\/svg>              <\/a>\n            \n                          <div class=\"m13__icon\" aria-hidden=\"true\">\n                <img src=https:\/\/alimak.com\/de\/wp-content\/uploads\/sites\/17\/2020\/11\/icons_Service-Support-1.png  class=\"\" alt=\"\" width=\"61\" height=\"60\">              <\/div>\n            \n          <\/article>\n                  <article class=\"m13__service\" data-animate data-delay=\"150\">\n\n                          <h3 class=\"m13__title uppercase h4\">Konnektivit\u00e4t und Asset-Management<\/h3>\n            \n            <p>L\u00f6sungen f\u00fcr Konnektivit\u00e4t und Asset-Management geben Auskunft \u00fcber die Effizienz von Industrieaufz\u00fcgen und bieten Unterst\u00fctzung, um den Produktlebenszyklus zu verl\u00e4ngern.<\/p>\n\n                          <a\n              href=\"https:\/\/alimak.com\/de\/service-support-overview\/connectivity-and-asset-management\/\"\n              class=\"m13__button read-more\"\n              target=\"_self\">\n                <span>Mehr erfahren<\/span>\n                <svg class=\"svg-icon svg-icon--icon-arrow-right\" aria-hidden=\"true\" role=\"img\"> <use href=\"#icon-arrow-right\" xlink:href=\"#icon-arrow-right\"><\/use> <\/svg>              <\/a>\n            \n                          <div class=\"m13__icon\" aria-hidden=\"true\">\n                <img src=https:\/\/alimak.com\/de\/wp-content\/uploads\/sites\/17\/2020\/11\/icons_Service-Support-2.png  class=\"\" alt=\"\" width=\"37\" height=\"60\">              <\/div>\n            \n          <\/article>\n                  <article class=\"m13__service\" data-animate data-delay=\"300\">\n\n                          <h3 class=\"m13__title uppercase h4\">Anwendungstechnik<\/h3>\n            \n            <p><span class=\"TextRun Highlight SCXW22701161 BCX0\" lang=\"EN-AU\" xml:lang=\"EN-AU\" data-contrast=\"none\"><span class=\"NormalTextRun SCXW22701161 BCX0\">Die Ingenieure von Alimak entwickeln kundenorientierte L\u00f6sungen f\u00fcr anspruchsvolle Installationen. Ma\u00dfgeschneiderte L\u00f6sungen umfassen Konfigurationszeichnungen sowie Berechnungen von Festigkeit, Bodenlast und Ankerkraft.<\/span><\/span><\/p>\n\n                          <a\n              href=\"https:\/\/alimak.com\/de\/service-support-overview\/application-engineering\/\"\n              class=\"m13__button read-more\"\n              target=\"_self\">\n                <span>Mehr erfahren<\/span>\n                <svg class=\"svg-icon svg-icon--icon-arrow-right\" aria-hidden=\"true\" role=\"img\"> <use href=\"#icon-arrow-right\" xlink:href=\"#icon-arrow-right\"><\/use> <\/svg>              <\/a>\n            \n                          <div class=\"m13__icon\" aria-hidden=\"true\">\n                <img src=https:\/\/alimak.com\/de\/wp-content\/uploads\/sites\/17\/2020\/11\/icons_Service-Support-3.png  class=\"\" alt=\"\" width=\"60\" height=\"60\">              <\/div>\n            \n          <\/article>\n                  <article class=\"m13__service\" data-animate data-delay=\"450\">\n\n                          <h3 class=\"m13__title uppercase h4\">Schulung<\/h3>\n            \n            <p>F\u00fcr die Produktpalette von Alimak stehen eine Reihe von Sicherheits-, Installations- und Bedienerschulungen zur Verf\u00fcgung.<\/p>\n\n                          <a\n              href=\"https:\/\/learningstore.alimakgroup.com\/\"\n              class=\"m13__button read-more\"\n              target=\"_blank\">\n                <span>Mehr erfahren<\/span>\n                <svg class=\"svg-icon svg-icon--icon-arrow-right\" aria-hidden=\"true\" role=\"img\"> <use href=\"#icon-arrow-right\" xlink:href=\"#icon-arrow-right\"><\/use> <\/svg>              <\/a>\n            \n                          <div class=\"m13__icon\" aria-hidden=\"true\">\n                <img src=https:\/\/alimak.com\/de\/wp-content\/uploads\/sites\/17\/2020\/11\/icons_Service-Support-4.png  class=\"\" alt=\"\" width=\"56\" height=\"60\">              <\/div>\n            \n          <\/article>\n                  <article class=\"m13__service\" data-animate data-delay=\"600\">\n\n                          <h3 class=\"m13__title uppercase h4\">Finanzierungsl\u00f6sungen<\/h3>\n            \n            <p>Alimak bietet flexible Finanzierungsl\u00f6sungen an, die von Zahlungsaufschub, Exportfinanzierung bis hin zum Finanzierungsleasing reichen.<\/p>\n\n                          <a\n              href=\"https:\/\/alimak.com\/de\/service-support-overview\/financing-solutions\/\"\n              class=\"m13__button read-more\"\n              target=\"_self\">\n                <span>Mehr erfahren<\/span>\n                <svg class=\"svg-icon svg-icon--icon-arrow-right\" aria-hidden=\"true\" role=\"img\"> <use href=\"#icon-arrow-right\" xlink:href=\"#icon-arrow-right\"><\/use> <\/svg>              <\/a>\n            \n                          <div class=\"m13__icon\" aria-hidden=\"true\">\n                <img src=https:\/\/alimak.com\/de\/wp-content\/uploads\/sites\/17\/2020\/11\/icons_Service-Support-5.png  class=\"\" alt=\"\" width=\"67\" height=\"60\">              <\/div>\n            \n          <\/article>\n                  <article class=\"m13__service\" data-animate data-delay=\"750\">\n\n                          <h3 class=\"m13__title uppercase h4\">Bauwerksdatenmodellierung (BIM)<\/h3>\n            \n            <p>Building Information Modelling steht zu jedem Zeitpunkt in einem Projekt f\u00fcr Simulationen, Installationen und die Integration von Alimak-H\u00f6henzugangsprodukten zur Verf\u00fcgung.<\/p>\n\n                          <a\n              href=\"https:\/\/bimgallery.alimak.com\/bim\/\"\n              class=\"m13__button read-more\"\n              target=\"_blank\">\n                <span>Mehr erfahren<\/span>\n                <svg class=\"svg-icon svg-icon--icon-arrow-right\" aria-hidden=\"true\" role=\"img\"> <use href=\"#icon-arrow-right\" xlink:href=\"#icon-arrow-right\"><\/use> <\/svg>              <\/a>\n            \n                          <div class=\"m13__icon\" aria-hidden=\"true\">\n                <img src=https:\/\/alimak.com\/de\/wp-content\/uploads\/sites\/17\/2020\/11\/icons_Service-Support-6.png  class=\"\" alt=\"\" width=\"66\" height=\"60\">              <\/div>\n            \n          <\/article>\n              <\/div>\n    \n  <\/div>\n<\/article>\n\n\n\n<article class=\"m08 break-out\" id=\"block_5fb693667b717\" data-animate-container>\n  <div class=\"container m08__container\">\n\n          <div class=\"m08__block m08__block--one\">\n        <div class=\"m08__content\">\n\n                      <h2 class=\"m08__heading uppercase h3\" data-animate>Kontaktieren Sie uns f\u00fcr weitere Informationen oder ein Angebot<\/h2>\n          \n                      <div class=\"m08__text\" data-animate>\n              <p>Ben\u00f6tigen Sie Hilfe bei der Produktauswahl f\u00fcr ein bevorstehendes Projekt? Wenden Sie sich an unsere Produktexperten, um Informationen zu den verf\u00fcgbaren H\u00f6henzugangsl\u00f6sungen und ein Angebot zu erhalten, das den Anforderungen Ihres Projekts entspricht.<\/p>\n            <\/div>\n          \n                      <a\n            data-animate\n            href=\"https:\/\/alimak.com\/de\/request-a-quote\"\n            class=\"m08__button button button--outline button--white\"\n            target=\"_self\">\n              ANGEBOT ANFORDERN            <\/a>\n          \n        <\/div>\n      <\/div>\n    \n          <div class=\"m08__block m08__block--two\">\n        <div class=\"m08__content\">\n\n                      <h2 class=\"m08__heading uppercase h3\" data-animate>Finden sie einen Handelsvertreter vor Ort<\/h2>\n          \n                      <div class=\"m08__text\" data-animate>\n              <p>Alimak ist auf sechs Kontinenten vertreten und nutzt ein globales Netzwerk, um H\u00f6henzugangsl\u00f6sungen f\u00fcr eine Vielzahl von Anwendungen auf Bau- und Industriestandorten auf der ganzen Welt bereitzustellen. Kontaktieren Sie uns, um einen Vertreter vor Ort aus dem globalen Netzwerk von Alimak zu finden.<\/p>\n            <\/div>\n          \n                      <a\n            data-animate\n            href=\"\/de\/locations\"\n            class=\"m08__button button\"\n            target=\"_self\">\n              VERZEICHNIS DURCHSUCHEN            <\/a>\n          \n        <\/div>\n      <\/div>\n        \n  <\/div>\n<\/article>\n\n\n\n<div style=\"height:100px\" aria-hidden=\"true\" class=\"wp-block-spacer\"><\/div>\n","protected":false},"excerpt":{"rendered":"","protected":false},"author":1,"featured_media":0,"parent":0,"menu_order":0,"comment_status":"closed","ping_status":"closed","template":"","meta":{"_trash_the_other_posts":false,"editor_notices":[],"footnotes":""},"class_list":["post-817","page","type-page","status-publish","hentry"],"yoast_head":"<!-- This site is optimized with the Yoast SEO plugin v27.3 - https:\/\/yoast.com\/product\/yoast-seo-wordpress\/ -->\n<title>Kundenspezifische L\u00f6sungen f\u00fcr die Bauindustrie - Alimak Germany<\/title>\n<meta name=\"robots\" content=\"index, follow, max-snippet:-1, max-image-preview:large, max-video-preview:-1\" \/>\n<link rel=\"canonical\" href=\"https:\/\/alimak.com\/de\/industry\/kundenspezifische-konstruktion\/\" \/>\n<meta property=\"og:locale\" content=\"de_DE\" \/>\n<meta property=\"og:type\" content=\"article\" \/>\n<meta property=\"og:title\" content=\"Kundenspezifische L\u00f6sungen f\u00fcr die Bauindustrie - Alimak Germany\" \/>\n<meta property=\"og:url\" content=\"https:\/\/alimak.com\/de\/industry\/kundenspezifische-konstruktion\/\" \/>\n<meta property=\"og:site_name\" content=\"Alimak Germany\" \/>\n<meta property=\"article:modified_time\" content=\"2021-02-07T02:54:06+00:00\" \/>\n<meta name=\"twitter:card\" content=\"summary_large_image\" \/>\n<script type=\"application\/ld+json\" class=\"yoast-schema-graph\">{\"@context\":\"https:\\\/\\\/schema.org\",\"@graph\":[{\"@type\":\"WebPage\",\"@id\":\"https:\\\/\\\/alimak.com\\\/de\\\/custom-construction-solutions\\\/\",\"url\":\"https:\\\/\\\/alimak.com\\\/de\\\/industry\\\/kundenspezifische-konstruktion\\\/\",\"name\":\"Kundenspezifische L\u00f6sungen f\u00fcr die Bauindustrie - Alimak Germany\",\"isPartOf\":{\"@id\":\"https:\\\/\\\/alimak.com\\\/de\\\/#website\"},\"datePublished\":\"2020-11-19T15:57:38+00:00\",\"dateModified\":\"2021-02-07T02:54:06+00:00\",\"breadcrumb\":{\"@id\":\"https:\\\/\\\/alimak.com\\\/de\\\/industry\\\/kundenspezifische-konstruktion\\\/#breadcrumb\"},\"inLanguage\":\"de\",\"potentialAction\":[{\"@type\":\"ReadAction\",\"target\":[\"https:\\\/\\\/alimak.com\\\/de\\\/industry\\\/kundenspezifische-konstruktion\\\/\"]}]},{\"@type\":\"BreadcrumbList\",\"@id\":\"https:\\\/\\\/alimak.com\\\/de\\\/industry\\\/kundenspezifische-konstruktion\\\/#breadcrumb\",\"itemListElement\":[{\"@type\":\"ListItem\",\"position\":1,\"name\":\"Startseite\",\"item\":\"https:\\\/\\\/alimak.com\\\/de\\\/\"},{\"@type\":\"ListItem\",\"position\":2,\"name\":\"Kundenspezifische L\u00f6sungen f\u00fcr die Bauindustrie\"}]},{\"@type\":\"WebSite\",\"@id\":\"https:\\\/\\\/alimak.com\\\/de\\\/#website\",\"url\":\"https:\\\/\\\/alimak.com\\\/de\\\/\",\"name\":\"Alimak Germany\",\"description\":\"Weltweit f\u00fchrend bei H\u00f6henzugangsl\u00f6sungen\",\"potentialAction\":[{\"@type\":\"SearchAction\",\"target\":{\"@type\":\"EntryPoint\",\"urlTemplate\":\"https:\\\/\\\/alimak.com\\\/de\\\/?s={search_term_string}\"},\"query-input\":{\"@type\":\"PropertyValueSpecification\",\"valueRequired\":true,\"valueName\":\"search_term_string\"}}],\"inLanguage\":\"de\"}]}<\/script>\n<!-- \/ Yoast SEO plugin. -->","yoast_head_json":{"title":"Kundenspezifische L\u00f6sungen f\u00fcr die Bauindustrie - Alimak Germany","robots":{"index":"index","follow":"follow","max-snippet":"max-snippet:-1","max-image-preview":"max-image-preview:large","max-video-preview":"max-video-preview:-1"},"canonical":"https:\/\/alimak.com\/de\/industry\/kundenspezifische-konstruktion\/","og_locale":"de_DE","og_type":"article","og_title":"Kundenspezifische L\u00f6sungen f\u00fcr die Bauindustrie - Alimak Germany","og_url":"https:\/\/alimak.com\/de\/industry\/kundenspezifische-konstruktion\/","og_site_name":"Alimak Germany","article_modified_time":"2021-02-07T02:54:06+00:00","twitter_card":"summary_large_image","schema":{"@context":"https:\/\/schema.org","@graph":[{"@type":"WebPage","@id":"https:\/\/alimak.com\/de\/custom-construction-solutions\/","url":"https:\/\/alimak.com\/de\/industry\/kundenspezifische-konstruktion\/","name":"Kundenspezifische L\u00f6sungen f\u00fcr die Bauindustrie - Alimak Germany","isPartOf":{"@id":"https:\/\/alimak.com\/de\/#website"},"datePublished":"2020-11-19T15:57:38+00:00","dateModified":"2021-02-07T02:54:06+00:00","breadcrumb":{"@id":"https:\/\/alimak.com\/de\/industry\/kundenspezifische-konstruktion\/#breadcrumb"},"inLanguage":"de","potentialAction":[{"@type":"ReadAction","target":["https:\/\/alimak.com\/de\/industry\/kundenspezifische-konstruktion\/"]}]},{"@type":"BreadcrumbList","@id":"https:\/\/alimak.com\/de\/industry\/kundenspezifische-konstruktion\/#breadcrumb","itemListElement":[{"@type":"ListItem","position":1,"name":"Startseite","item":"https:\/\/alimak.com\/de\/"},{"@type":"ListItem","position":2,"name":"Kundenspezifische L\u00f6sungen f\u00fcr die Bauindustrie"}]},{"@type":"WebSite","@id":"https:\/\/alimak.com\/de\/#website","url":"https:\/\/alimak.com\/de\/","name":"Alimak Germany","description":"Weltweit f\u00fchrend bei H\u00f6henzugangsl\u00f6sungen","potentialAction":[{"@type":"SearchAction","target":{"@type":"EntryPoint","urlTemplate":"https:\/\/alimak.com\/de\/?s={search_term_string}"},"query-input":{"@type":"PropertyValueSpecification","valueRequired":true,"valueName":"search_term_string"}}],"inLanguage":"de"}]}},"_links":{"self":[{"href":"https:\/\/alimak.com\/de\/wp-json\/wp\/v2\/pages\/817","targetHints":{"allow":["GET"]}}],"collection":[{"href":"https:\/\/alimak.com\/de\/wp-json\/wp\/v2\/pages"}],"about":[{"href":"https:\/\/alimak.com\/de\/wp-json\/wp\/v2\/types\/page"}],"author":[{"embeddable":true,"href":"https:\/\/alimak.com\/de\/wp-json\/wp\/v2\/users\/1"}],"replies":[{"embeddable":true,"href":"https:\/\/alimak.com\/de\/wp-json\/wp\/v2\/comments?post=817"}],"version-history":[{"count":3,"href":"https:\/\/alimak.com\/de\/wp-json\/wp\/v2\/pages\/817\/revisions"}],"predecessor-version":[{"id":3102,"href":"https:\/\/alimak.com\/de\/wp-json\/wp\/v2\/pages\/817\/revisions\/3102"}],"wp:attachment":[{"href":"https:\/\/alimak.com\/de\/wp-json\/wp\/v2\/media?parent=817"}],"curies":[{"name":"wp","href":"https:\/\/api.w.org\/{rel}","templated":true}]}}