{"id":4624,"date":"2023-03-21T08:44:03","date_gmt":"2023-03-21T08:44:03","guid":{"rendered":"https:\/\/alimak.com\/de\/product\/alimak-scando-650a-deutsch\/"},"modified":"2023-04-11T14:10:25","modified_gmt":"2023-04-11T14:10:25","slug":"alimak-scando-650a","status":"publish","type":"product","link":"https:\/\/alimak.com\/de\/product\/alimak-scando-650a\/","title":{"rendered":"Alimak Scando 650a"},"content":{"rendered":"\n<article class=\"m11 break-out\" id=\"block_64195ce59724c\" data-animate-container>\n\n  <nav id=\"breadcrumbs\"><div class=\"container\" data-animate><span><span><a href=\"https:\/\/alimak.com\/de\/\">Startseite<\/a><\/span><\/span><\/div><\/nav>\n  <div class=\"m11__wrapper\">\n    <div class=\"container m11__container\">\n\n      <div class=\"m11__content\">\n\n                  <h1 class=\"m11__heading uppercase\" data-animate>Alimak Scando 650a<\/h1>\n        \n                  <div class=\"m11__text\" data-animate>\n            <p>Alimak pr\u00e4sentiert einen neuen Bauaufzug, der neue Ma\u00dfst\u00e4be in der Bauindustrie setzt. Der brandneue Alimak Scando 650a erh\u00f6ht die Produktivit\u00e4t und verbessert die Sicherheit auf Baustellen. Er ist dar\u00fcber hinaus einer der nachhaltigsten Aufz\u00fcge, die derzeit am Markt erh\u00e4ltlich sind.<\/p>\n<p>Wir haben zugeh\u00f6rt und die Entwicklung heutiger Bauaufz\u00fcge vorangebracht. Durch sein innovatives Design ist der neue Scando 650a um 33% leichter, schont wertvolle Ressourcen und verbraucht weniger Strom als sein Vorg\u00e4nger.<\/p>\n          <\/div>\n        \n                  <a\n          href=\"https:\/\/alimak.com\/de\/contact-us\/\"\n          class=\"m11__button button\"\n          data-animate\n          target=\"_self\">\n            ANGEBOT ANFORDERN          <\/a>\n        \n      <\/div>\n\n              <div class=\"m11__media\">\n          <img src=https:\/\/alimak.com\/de\/wp-content\/uploads\/sites\/17\/2023\/03\/Scando-650a-hero-image-b.jpg srcset=\"https:\/\/alimak.com\/de\/wp-content\/uploads\/sites\/17\/2023\/03\/Scando-650a-hero-image-b.jpg 1x, https:\/\/alimak.com\/de\/wp-content\/uploads\/sites\/17\/2023\/03\/Scando-650a-hero-image-b.jpg 2x\" class=\"m11__image initial\" alt=\"\" width=\"666\" height=\"494\">        <\/div>\n      \n    <\/div>\n  <\/div>\n<\/article>\n\n\n\n\n<article class=\"m12 desktop-only\" id=\"block_64195dd89724d\" data-animate-container>\n  <div class=\"m12__wrapper break-out\">\n    <div class=\"container m12__container\">\n\n      <h2 class=\"m12__heading h4 uppercase\" data-animate>Auf dieser Seite<\/h2>\n\n              <nav class=\"m12__links\">\n          <ul class=\"m12__list\">\n            \n                <li class=\"m12__item\" data-animate data-delay=\"0\">\n                  <a href=\"#block_642acfb81f2e2\" class=\"m12__link uppercase\">\n                    ERKUNDEN IN VR                    <svg class=\"svg-icon svg-icon--icon-arrow-down\" aria-hidden=\"true\" role=\"img\"> <use href=\"#icon-arrow-down\" xlink:href=\"#icon-arrow-down\"><\/use> <\/svg>                  <\/a>\n                <\/li>\n\n                \n                <li class=\"m12__item\" data-animate data-delay=\"150\">\n                  <a href=\"#block_641963bf97263\" class=\"m12__link uppercase\">\n                    SERVICE UND SUPPORT                    <svg class=\"svg-icon svg-icon--icon-arrow-down\" aria-hidden=\"true\" role=\"img\"> <use href=\"#icon-arrow-down\" xlink:href=\"#icon-arrow-down\"><\/use> <\/svg>                  <\/a>\n                <\/li>\n\n                          <\/ul>\n        <\/nav>\n      \n    <\/div>\n  <\/div>\n<\/article>\n\n\n<article class=\"m41 break-out\" id=\"block_64195e4097250\" data-animate-container>\n\t<div class=\"container m41__container\">\n\n\t\t<h2 class=\"m41__heading uppercase\">Produkt\u00fcbersicht<\/h2>\n\n\t\t<div class=\"m41__content\">\n\t\t\t<div class=\"m41__intro\">\n\t\t\t\t<h3 class=\"m41__title uppercase\" data-animate>Alimak Scando 650a<\/h3>\n\t\t\t\t\t\t\t\t\t<p class=\"m41__excerpt\" data-animate>The all-new Scando 650a will increase productivity, enhance safety and it is also one of the most sustainable construction hoists on the market today, with low energy consumption. <\/p>\n\t\t\t\t\t\t\t<\/div>\n\n\t\t\t<ul class=\"m41__meta\" data-animate>\n\t\t\t\t\t\t\t\t\t<li class=\"m41__meta-item\">\n\t\t\t\t\t\t<strong>Produktkategorie: <\/strong>\n\t\t\t\t\t\tBauaufz\u00fcge\t\t\t\t\t<\/li>\n\t\t\t\t\n\t\t\t\t\n\t\t\t\t\t\t\t\t\t<li class=\"m41__meta-item\">\n\t\t\t\t\t\t<strong>Anwendungen: <\/strong>\n\t\t\t\t\t\tEffizienzsteigerung auf Baustellen.\t\t\t\t\t<\/li>\n\t\t\t\t\n\t\t\t\t\t\t\t\t\t<li class=\"m41__meta-item\">\n\t\t\t\t\t\t<strong>Zertifizierungen: <\/strong>\n\t\t\t\t\t\tEN 12159, ANSI 10.4, AS 1418.7, sowie die Mehrheit aller nationalen Codes\t\t\t\t\t<\/li>\n\t\t\t\t\n\t\t\t\t\t\t\t\t\t<li class=\"m41__meta-item\">\n\t\t\t\t\t\t<strong>Abmessungen: <\/strong>\n\t\t\t\t\t\t1.5 m (W) x 3.9 m (L)\t\t\t\t\t<\/li>\n\t\t\t\t\n\t\t\t\t\t\t\t\t\t<li class=\"m41__meta-item\">\n\t\t\t\t\t\t<strong>Tragf\u00e4higkeit: <\/strong>\n\t\t\t\t\t\t3,000 kg\t\t\t\t\t<\/li>\n\t\t\t\t\n\t\t\t\t\t\t\t\t\t<li class=\"m41__meta-item\">\n\t\t\t\t\t\t<strong>Geschwindigkeit: <\/strong>\n\t\t\t\t\t\t76\u2013100 m\/min\t\t\t\t\t<\/li>\n\t\t\t\t\n\t\t\t\t\t\t\t\t\t<li class=\"m41__meta-item\">\n\t\t\t\t\t\t<strong>Elektrische Spannung: <\/strong>\n\t\t\t\t\t\t380\u2013500 V \/ 50-60 Hz\t\t\t\t\t<\/li>\n\t\t\t\t\n\t\t\t\t\t\t\t<\/ul>\n\n\t\t<\/div>\n\t<\/div>\n<\/article>\n\n\n\n<article class=\"m05 break-out desktop-only\" id=\"block_64195f6397251\" data-animate-container>\n  <div class=\"container m05__container\">\n          <h2 class=\"m05__heading h3 uppercase\" data-animate>VORTEILE DES ALIMAK SCANDO 650a BAUAUFZUGS<\/h2>\n    \n          <div class=\"m05__benefits\">\n                  <article class=\"m05__benefit\" data-animate data-delay=\"0\">\n\n                          <p class=\"m05__text h4 uppercase\">Drive productivity<\/p>\n            \n                          <div class=\"m05__icon\" aria-hidden=\"true\">\n                <img src=https:\/\/alimak.com\/de\/wp-content\/uploads\/sites\/17\/2023\/03\/Drive-Productivity-Orange-e1679384706964-300x298-1.png  class=\"\" alt=\"\" width=\"300\" height=\"298\">              <\/div>\n            \n          <\/article>\n                  <article class=\"m05__benefit\" data-animate data-delay=\"150\">\n\n                          <p class=\"m05__text h4 uppercase\">Enhance safety <\/p>\n            \n                          <div class=\"m05__icon\" aria-hidden=\"true\">\n                <img src=https:\/\/alimak.com\/de\/wp-content\/uploads\/sites\/17\/2023\/03\/Enhance-Safety-Orange-e1679384747773-259x300-1.png  class=\"\" alt=\"\" width=\"259\" height=\"300\">              <\/div>\n            \n          <\/article>\n                  <article class=\"m05__benefit\" data-animate data-delay=\"300\">\n\n                          <p class=\"m05__text h4 uppercase\">Promote sustainability<\/p>\n            \n                          <div class=\"m05__icon\" aria-hidden=\"true\">\n                <img src=https:\/\/alimak.com\/de\/wp-content\/uploads\/sites\/17\/2023\/03\/Promote-Sustainability-Orange-e1679384802870-300x285-1.png  class=\"\" alt=\"\" width=\"300\" height=\"285\">              <\/div>\n            \n          <\/article>\n                  <article class=\"m05__benefit\" data-animate data-delay=\"450\">\n\n                          <p class=\"m05__text h4 uppercase\">Maximise connectivity<\/p>\n            \n                          <div class=\"m05__icon\" aria-hidden=\"true\">\n                <img src=https:\/\/alimak.com\/de\/wp-content\/uploads\/sites\/17\/2023\/03\/Maximise-Connectivity-Orange-e1679384834473-300x240-1.png  class=\"\" alt=\"\" width=\"300\" height=\"240\">              <\/div>\n            \n          <\/article>\n              <\/div>\n      <\/div>\n<\/article>\n\n\n\n<article class=\"m04 break-out large\" id=\"block_642acfb81f2e2\" data-animate-container>\n  <div class=\"container m04__container\">\n          <h2 class=\"m04__heading h3 uppercase\" data-animate>Erkunden Sie den neuen Aufzug in Virtual Reality<\/h2>\n              <\/div>\n<\/article>\n\n<div class=\"wp-block-image\">\n<figure class=\"aligncenter size-large is-resized\"><a href=\"https:\/\/alimak.com\/product\/vr\/alimak-scando-650a\/\" target=\"_blank\" rel=\" noreferrer noopener\"><img loading=\"lazy\" decoding=\"async\" src=\"https:\/\/alimak.com\/wp-content\/uploads\/2023\/04\/650a-vr-1024x646.jpg\" alt=\"\" class=\"wp-image-4794\" width=\"768\" height=\"485\"\/><\/a><figcaption class=\"wp-element-caption\">Erkunden Sie den neuen Aufzug in Virtual Reality.<\/figcaption><\/figure>\n<\/div>\n\n\n<article class=\"m37 break-out\" id=\"block_6419612797256\" data-animate-container>\n  <div class=\"container\">\n\n          <h2 class=\"m37__heading h3 uppercase\" data-animate>PRODUKTMERKMALE<\/h2>\n    \n    \n      <div class=\"m37__information\">\n                  <ol class=\"m37__numbers uppercase large\">\n                            <li class=\"m37__number\" data-animate data-delay=\"0\">33% lighter hoist car<\/li>\n                                <li class=\"m37__number\" data-animate data-delay=\"150\">DOOR ON LONG SIDE OF CAR enhances productivity<\/li>\n                                <li class=\"m37__number\" data-animate data-delay=\"300\">Enhanced robust door <\/li>\n                                <li class=\"m37__number\" data-animate data-delay=\"450\">Enhanced lightweight handrail<\/li>\n                                <li class=\"m37__number\" data-animate data-delay=\"600\">smart variable speed drives <\/li>\n                                <li class=\"m37__number\" data-animate data-delay=\"750\">Lighter, more sustainable motors<\/li>\n                                <li class=\"m37__number\" data-animate data-delay=\"900\">Better Pulse encoder protection<\/li>\n                                <li class=\"m37__number\" data-animate data-delay=\"1050\">Installation crane <\/li>\n                                <li class=\"m37__number\" data-animate data-delay=\"1200\">Foldable Break resistor <\/li>\n                                <li class=\"m37__number\" data-animate data-delay=\"1350\">Foldable installation platform<\/li>\n                                <li class=\"m37__number\" data-animate data-delay=\"1500\">Rigid base enclosure <\/li>\n                                <li class=\"m37__number\" data-animate data-delay=\"1650\">Adjustable feet simplify leveling<\/li>\n                          <\/ol>\n        \n                    <img src=https:\/\/alimak.com\/de\/wp-content\/uploads\/sites\/17\/2023\/03\/Scando-650a-product-feature.jpg  class=\"m37__image\" alt=\"\" width=\"560\" height=\"732\">              <\/div>\n\n    \n  <\/div>\n<\/article>\n\n\n\n<article class=\"m39 break-out\" id=\"block_641962dc97260\" data-animate-container>\n\t<div class=\"container m39__container\">\n\t\t\t\t\t<div class=\"m39__grid\">\n\t\t\t\t\t\t\t\t\t<div class=\"m39__grid__item m39__cta\" data-animate data-delay=\"0\">\n\t\t\t\t\t\t\t\t\t\t\t\t\t<div class=\"m39__cta__img\">\n\t\t\t\t\t\t\t\t<img src=https:\/\/alimak.com\/de\/wp-content\/uploads\/sites\/17\/2020\/11\/Product-Range_3.jpg  class=\"\" alt=\"\" width=\"192\" height=\"288\">\t\t\t\t\t\t\t<\/div>\n\t\t\t\t\t\t\t\t\t\t\t\t<div class=\"m39__cta__text\">\n\t\t\t\t\t\t\t\t\t\t\t\t\t\t\t<h4 class=\"m39__title\">ERSATZTEILE<\/h4>\n\t\t\t\t\t\t\t\n\t\t\t\t\t\t\t\t\t\t\t\t\t\t\t<div class=\"m39__subtext\">\n\t\t\t\t\t\t\t\t\t<p>Um einen qualitativ hochwertigen Ersatz und Aufr\u00fcstungen zu gew\u00e4hrleisten, werden Alimak Original-Ersatzteile von einem globalen Support-Netzwerk bezogen.<\/p>\n\t\t\t\t\t\t\t\t<\/div>\n\t\t\t\t\t\t\t\n\t\t\t\t\t\t\t\t\t\t\t\t\t\t\t<a class=\"button button--outline button--grey m39__button\" href=\"https:\/\/alimak.com\/de\/parts\/\" target=\"_self\">MEHR ERFAHREN<\/a>\n\t\t\t\t\t\t\t\n\t\t\t\t\t\t<\/div>\n\t\t\t\t\t<\/div>\n\t\t\t\t\t\t\t\t\t<div class=\"m39__grid__item m39__cta\" data-animate data-delay=\"150\">\n\t\t\t\t\t\t\t\t\t\t\t\t\t<div class=\"m39__cta__img\">\n\t\t\t\t\t\t\t\t<img src=https:\/\/alimak.com\/de\/wp-content\/uploads\/sites\/17\/2020\/11\/Product-Range_4.jpg  class=\"\" alt=\"\" width=\"192\" height=\"288\">\t\t\t\t\t\t\t<\/div>\n\t\t\t\t\t\t\t\t\t\t\t\t<div class=\"m39__cta__text\">\n\t\t\t\t\t\t\t\t\t\t\t\t\t\t\t<h4 class=\"m39__title\">ZUBEH\u00d6R<\/h4>\n\t\t\t\t\t\t\t\n\t\t\t\t\t\t\t\t\t\t\t\t\t\t\t<div class=\"m39__subtext\">\n\t\t\t\t\t\t\t\t\t<p>Zubeh\u00f6rteile wie Masten, Verankerungen und Haltestellenausstattung k\u00f6nnen so konfiguriert werden, dass Kompatibilit\u00e4t mit der gesamten Scando 650-Baureihe gew\u00e4hrleistet wird.<\/p>\n\t\t\t\t\t\t\t\t<\/div>\n\t\t\t\t\t\t\t\n\t\t\t\t\t\t\t\t\t\t\t\t\t\t\t<a class=\"button button--outline button--grey m39__button\" href=\"https:\/\/alimak.com\/de\/accessories-overview\/\" target=\"_self\">MEHR ERFAHREN<\/a>\n\t\t\t\t\t\t\t\n\t\t\t\t\t\t<\/div>\n\t\t\t\t\t<\/div>\n\t\t\t\t\t\t\t<\/div>\n\t\t\t<\/div>\n<\/article>\n\n\n\n<article class=\"m13 break-out\" id=\"block_641963bf97263\" data-animate-container>\n  <div class=\"container m13__container\">\n\n          <h2 class=\"m13__heading uppercase h3\" data-animate>Service und Support<\/h2>\n        \n          <div class=\"m13__services\">\n                  <article class=\"m13__service\" data-animate data-delay=\"0\">\n\n                          <h3 class=\"m13__title uppercase h4\">WARTUNG<\/h3>\n            \n            <p>Ein umfassendes Angebot an Wartungsleistungen wird von geschulten Alimak-Servicetechnikern zur Verf\u00fcgung gestellt und durchgef\u00fchrt, um die kontinuierliche optimale Leistung der Anlagen zu gew\u00e4hrleisten.<\/p>\n\n                          <a\n              href=\"https:\/\/alimak.com\/de\/service-support-overview\/maintenance\/\"\n              class=\"m13__button read-more\"\n              target=\"_self\">\n                <span>Mehr erfahren<\/span>\n                <svg class=\"svg-icon svg-icon--icon-arrow-right\" aria-hidden=\"true\" role=\"img\"> <use href=\"#icon-arrow-right\" xlink:href=\"#icon-arrow-right\"><\/use> <\/svg>              <\/a>\n            \n                          <div class=\"m13__icon\" aria-hidden=\"true\">\n                <img src=https:\/\/alimak.com\/de\/wp-content\/uploads\/sites\/17\/2020\/11\/icons_Service-Support-1.png  class=\"\" alt=\"\" width=\"61\" height=\"60\">              <\/div>\n            \n          <\/article>\n                  <article class=\"m13__service\" data-animate data-delay=\"150\">\n\n                          <h3 class=\"m13__title uppercase h4\">Konnektivit\u00e4t und Asset-Management<\/h3>\n            \n            <p>L\u00f6sungen f\u00fcr Konnektivit\u00e4t und Asset-Management geben Auskunft \u00fcber die Effizienz von Industrieaufz\u00fcgen und bieten Unterst\u00fctzung, um den Produktlebenszyklus zu verl\u00e4ngern.<\/p>\n\n                          <a\n              href=\"https:\/\/alimak.com\/de\/service-support-overview\/connectivity-and-asset-management\/\"\n              class=\"m13__button read-more\"\n              target=\"_self\">\n                <span>Mehr erfahren<\/span>\n                <svg class=\"svg-icon svg-icon--icon-arrow-right\" aria-hidden=\"true\" role=\"img\"> <use href=\"#icon-arrow-right\" xlink:href=\"#icon-arrow-right\"><\/use> <\/svg>              <\/a>\n            \n                          <div class=\"m13__icon\" aria-hidden=\"true\">\n                <img src=https:\/\/alimak.com\/de\/wp-content\/uploads\/sites\/17\/2020\/11\/icons_Service-Support-2.png  class=\"\" alt=\"\" width=\"37\" height=\"60\">              <\/div>\n            \n          <\/article>\n                  <article class=\"m13__service\" data-animate data-delay=\"300\">\n\n                          <h3 class=\"m13__title uppercase h4\">Anwendungstechnik<\/h3>\n            \n            <p><span class=\"TextRun Highlight SCXW22701161 BCX0\" lang=\"EN-AU\" xml:lang=\"EN-AU\" data-contrast=\"none\"><span class=\"NormalTextRun SCXW22701161 BCX0\">Die Ingenieure von Alimak entwickeln kundenorientierte L\u00f6sungen f\u00fcr anspruchsvolle Installationen. Ma\u00dfgeschneiderte L\u00f6sungen umfassen Konfigurationszeichnungen sowie Berechnungen von Festigkeit, Bodenlast und Ankerkraft.<\/span><\/span><\/p>\n\n                          <a\n              href=\"https:\/\/alimak.com\/de\/service-support-overview\/application-engineering\/\"\n              class=\"m13__button read-more\"\n              target=\"_self\">\n                <span>Mehr erfahren<\/span>\n                <svg class=\"svg-icon svg-icon--icon-arrow-right\" aria-hidden=\"true\" role=\"img\"> <use href=\"#icon-arrow-right\" xlink:href=\"#icon-arrow-right\"><\/use> <\/svg>              <\/a>\n            \n                          <div class=\"m13__icon\" aria-hidden=\"true\">\n                <img src=https:\/\/alimak.com\/de\/wp-content\/uploads\/sites\/17\/2020\/11\/icons_Service-Support-3.png  class=\"\" alt=\"\" width=\"60\" height=\"60\">              <\/div>\n            \n          <\/article>\n                  <article class=\"m13__service\" data-animate data-delay=\"450\">\n\n                          <h3 class=\"m13__title uppercase h4\">Schulung<\/h3>\n            \n            <p>F\u00fcr die Produktpalette von Alimak stehen eine Reihe von Sicherheits-, Installations- und Bedienerschulungen zur Verf\u00fcgung.<\/p>\n\n                          <a\n              href=\"https:\/\/learningstore.alimakgroup.com\/\"\n              class=\"m13__button read-more\"\n              target=\"_blank\">\n                <span>Mehr erfahren<\/span>\n                <svg class=\"svg-icon svg-icon--icon-arrow-right\" aria-hidden=\"true\" role=\"img\"> <use href=\"#icon-arrow-right\" xlink:href=\"#icon-arrow-right\"><\/use> <\/svg>              <\/a>\n            \n                          <div class=\"m13__icon\" aria-hidden=\"true\">\n                <img src=https:\/\/alimak.com\/de\/wp-content\/uploads\/sites\/17\/2020\/11\/icons_Service-Support-4.png  class=\"\" alt=\"\" width=\"56\" height=\"60\">              <\/div>\n            \n          <\/article>\n                  <article class=\"m13__service\" data-animate data-delay=\"600\">\n\n                          <h3 class=\"m13__title uppercase h4\">Finanzierungsl\u00f6sungen<\/h3>\n            \n            <p>Alimak bietet flexible Finanzierungsl\u00f6sungen an, die von Zahlungsaufschub, Exportfinanzierung bis hin zum Finanzierungsleasing reichen.<\/p>\n\n                          <a\n              href=\"https:\/\/alimak.com\/de\/service-support-overview\/financing-solutions\/\"\n              class=\"m13__button read-more\"\n              target=\"_self\">\n                <span>Mehr erfahren<\/span>\n                <svg class=\"svg-icon svg-icon--icon-arrow-right\" aria-hidden=\"true\" role=\"img\"> <use href=\"#icon-arrow-right\" xlink:href=\"#icon-arrow-right\"><\/use> <\/svg>              <\/a>\n            \n                          <div class=\"m13__icon\" aria-hidden=\"true\">\n                <img src=https:\/\/alimak.com\/de\/wp-content\/uploads\/sites\/17\/2020\/11\/icons_Service-Support-5.png  class=\"\" alt=\"\" width=\"67\" height=\"60\">              <\/div>\n            \n          <\/article>\n                  <article class=\"m13__service\" data-animate data-delay=\"750\">\n\n                          <h3 class=\"m13__title uppercase h4\">Bauwerksdatenmodellierung (BIM)<\/h3>\n            \n            <p>Building Information Modelling steht zu jedem Zeitpunkt in einem Projekt f\u00fcr Simulationen, Installationen und die Integration von Alimak-H\u00f6henzugangsprodukten zur Verf\u00fcgung.<\/p>\n\n                          <a\n              href=\"https:\/\/bimgallery.alimak.com\/bim\/\"\n              class=\"m13__button read-more\"\n              target=\"_blank\">\n                <span>Mehr erfahren<\/span>\n                <svg class=\"svg-icon svg-icon--icon-arrow-right\" aria-hidden=\"true\" role=\"img\"> <use href=\"#icon-arrow-right\" xlink:href=\"#icon-arrow-right\"><\/use> <\/svg>              <\/a>\n            \n                          <div class=\"m13__icon\" aria-hidden=\"true\">\n                <img src=https:\/\/alimak.com\/de\/wp-content\/uploads\/sites\/17\/2020\/11\/icons_Service-Support-6.png  class=\"\" alt=\"\" width=\"66\" height=\"60\">              <\/div>\n            \n          <\/article>\n              <\/div>\n    \n  <\/div>\n<\/article>\n\n\n\n<div style=\"height:100px\" aria-hidden=\"true\" class=\"wp-block-spacer\"><\/div>\n\n\n\n<article class=\"m08 break-out\" id=\"block_641963e897264\" data-animate-container>\n  <div class=\"container m08__container\">\n\n          <div class=\"m08__block m08__block--one\">\n        <div class=\"m08__content\">\n\n                      <h2 class=\"m08__heading uppercase h3\" data-animate>KONTAKTIEREN SIE UNS F\u00dcR WEITERE INFORMATIONEN ODER EIN ANGEBOT<\/h2>\n          \n                      <div class=\"m08__text\" data-animate>\n              <p>Ben\u00f6tigen Sie Hilfe bei der Auswahl des richtigen Produkts f\u00fcr ein anstehendes Projekt? Wenden Sie sich an unsere Produktexperten, um Informationen zu den verf\u00fcgbaren vertikalen Zugangsl\u00f6sungen und ein Angebot zu erhalten, das den Anforderungen Ihres Projekts entspricht.<\/p>\n            <\/div>\n          \n                      <a\n            data-animate\n            href=\"https:\/\/alimak.com\/de\/request-a-quote\/\"\n            class=\"m08__button button button--outline button--white\"\n            target=\"_self\">\n              ANGEBOT ANFORDERN            <\/a>\n          \n        <\/div>\n      <\/div>\n    \n          <div class=\"m08__block m08__block--two\">\n        <div class=\"m08__content\">\n\n                      <h2 class=\"m08__heading uppercase h3\" data-animate>FINDEN SIE EINEN HANDELSVERTRETER VOR ORT<\/h2>\n          \n                      <div class=\"m08__text\" data-animate>\n              <p>Alimak ist auf sechs Kontinenten vertreten und nutzt ein globales Netzwerk, um vertikale Zugangsl\u00f6sungen f\u00fcr eine Vielzahl von Anwendungen auf Bau- und Industriestandorten auf der ganzen Welt bereitzustellen. Kontaktieren Sie uns, um einen Vertreter vor Ort aus dem globalen Netzwerk von Alimak zu finden.<\/p>\n            <\/div>\n          \n                      <a\n            data-animate\n            href=\"https:\/\/alimak.com\/de\/locations\/\"\n            class=\"m08__button button\"\n            target=\"_self\">\n              VERZEICHNIS DURCHSUCHEN            <\/a>\n          \n        <\/div>\n      <\/div>\n        \n  <\/div>\n<\/article>\n\n\n\n<div style=\"height:100px\" aria-hidden=\"true\" class=\"wp-block-spacer\"><\/div>\n","protected":false},"excerpt":{"rendered":"<p>The all-new Scando 650a will increase productivity, enhance safety and it is also one of the most sustainable construction hoists on the market today, with low energy consumption. <\/p>\n","protected":false},"featured_media":4627,"menu_order":0,"template":"","meta":{"_trash_the_other_posts":false,"editor_notices":[],"footnotes":""},"product-category":[30],"rental":[],"industry":[],"class_list":["post-4624","product","type-product","status-publish","has-post-thumbnail","hentry","product-category-construction-hoists"],"yoast_head":"<!-- This site is optimized with the Yoast SEO plugin v27.3 - https:\/\/yoast.com\/product\/yoast-seo-wordpress\/ -->\n<title>Alimak Germany<\/title>\n<meta name=\"robots\" content=\"index, follow, max-snippet:-1, max-image-preview:large, max-video-preview:-1\" \/>\n<meta property=\"og:locale\" content=\"de_DE\" \/>\n<meta property=\"og:type\" content=\"article\" \/>\n<meta property=\"og:site_name\" content=\"Alimak Germany\" \/>\n<meta name=\"twitter:card\" content=\"summary_large_image\" \/>\n<script type=\"application\/ld+json\" class=\"yoast-schema-graph\">{\"@context\":\"https:\\\/\\\/schema.org\",\"@graph\":[{\"@type\":\"CollectionPage\",\"@id\":null,\"url\":\"\",\"name\":\"\",\"isPartOf\":{\"@id\":\"https:\\\/\\\/alimak.com\\\/de\\\/#website\"},\"inLanguage\":\"de\"},{\"@type\":\"WebSite\",\"@id\":\"https:\\\/\\\/alimak.com\\\/de\\\/#website\",\"url\":\"https:\\\/\\\/alimak.com\\\/de\\\/\",\"name\":\"Alimak Germany\",\"description\":\"Weltweit f\u00fchrend bei H\u00f6henzugangsl\u00f6sungen\",\"potentialAction\":[{\"@type\":\"SearchAction\",\"target\":{\"@type\":\"EntryPoint\",\"urlTemplate\":\"https:\\\/\\\/alimak.com\\\/de\\\/?s={search_term_string}\"},\"query-input\":{\"@type\":\"PropertyValueSpecification\",\"valueRequired\":true,\"valueName\":\"search_term_string\"}}],\"inLanguage\":\"de\"}]}<\/script>\n<!-- \/ Yoast SEO plugin. -->","yoast_head_json":{"title":"Alimak Germany","robots":{"index":"index","follow":"follow","max-snippet":"max-snippet:-1","max-image-preview":"max-image-preview:large","max-video-preview":"max-video-preview:-1"},"og_locale":"de_DE","og_type":"article","og_site_name":"Alimak Germany","twitter_card":"summary_large_image","schema":{"@context":"https:\/\/schema.org","@graph":[{"@type":"CollectionPage","@id":null,"url":"","name":"","isPartOf":{"@id":"https:\/\/alimak.com\/de\/#website"},"inLanguage":"de"},{"@type":"WebSite","@id":"https:\/\/alimak.com\/de\/#website","url":"https:\/\/alimak.com\/de\/","name":"Alimak Germany","description":"Weltweit f\u00fchrend bei H\u00f6henzugangsl\u00f6sungen","potentialAction":[{"@type":"SearchAction","target":{"@type":"EntryPoint","urlTemplate":"https:\/\/alimak.com\/de\/?s={search_term_string}"},"query-input":{"@type":"PropertyValueSpecification","valueRequired":true,"valueName":"search_term_string"}}],"inLanguage":"de"}]}},"_links":{"self":[{"href":"https:\/\/alimak.com\/de\/wp-json\/wp\/v2\/product\/4624"}],"collection":[{"href":"https:\/\/alimak.com\/de\/wp-json\/wp\/v2\/product"}],"about":[{"href":"https:\/\/alimak.com\/de\/wp-json\/wp\/v2\/types\/product"}],"version-history":[{"count":13,"href":"https:\/\/alimak.com\/de\/wp-json\/wp\/v2\/product\/4624\/revisions"}],"predecessor-version":[{"id":4652,"href":"https:\/\/alimak.com\/de\/wp-json\/wp\/v2\/product\/4624\/revisions\/4652"}],"wp:featuredmedia":[{"embeddable":true,"href":"https:\/\/alimak.com\/de\/wp-json\/wp\/v2\/media\/4627"}],"wp:attachment":[{"href":"https:\/\/alimak.com\/de\/wp-json\/wp\/v2\/media?parent=4624"}],"wp:term":[{"taxonomy":"product-category","embeddable":true,"href":"https:\/\/alimak.com\/de\/wp-json\/wp\/v2\/product-category?post=4624"},{"taxonomy":"rental","embeddable":true,"href":"https:\/\/alimak.com\/de\/wp-json\/wp\/v2\/rental?post=4624"},{"taxonomy":"industry","embeddable":true,"href":"https:\/\/alimak.com\/de\/wp-json\/wp\/v2\/industry?post=4624"}],"curies":[{"name":"wp","href":"https:\/\/api.w.org\/{rel}","templated":true}]}}